{"id":9691,"date":"2025-07-21T09:54:26","date_gmt":"2025-07-21T07:54:26","guid":{"rendered":"https:\/\/leselop.usn.no\/?page_id=9691"},"modified":"2025-08-12T13:38:15","modified_gmt":"2025-08-12T11:38:15","slug":"leselop-19-aktivitet-1-oppgave","status":"publish","type":"page","link":"https:\/\/leselop.usn.no\/?page_id=9691","title":{"rendered":"15. Multiple tekster i engelsk &#8211; Aktivitet 1 &#8211; Oppgave"},"content":{"rendered":"\n[et_pb_section fb_built=&#8221;1&#8243; _builder_version=&#8221;4.21.0&#8243; _module_preset=&#8221;default&#8221; background_color=&#8221;#f4f4f4&#8243; custom_css_main_element=&#8221;min-height: 100vh;&#8221; da_disable_devices=&#8221;off|off|off&#8221; global_colors_info=&#8221;{}&#8221; da_is_popup=&#8221;off&#8221; da_exit_intent=&#8221;off&#8221; da_has_close=&#8221;on&#8221; da_alt_close=&#8221;off&#8221; da_dark_close=&#8221;off&#8221; da_not_modal=&#8221;on&#8221; da_is_singular=&#8221;off&#8221; da_with_loader=&#8221;off&#8221; da_has_shadow=&#8221;on&#8221;][et_pb_row column_structure=&#8221;1_4,3_4&#8243; use_custom_gutter=&#8221;on&#8221; gutter_width=&#8221;1&#8243; make_equal=&#8221;on&#8221; _builder_version=&#8221;4.21.0&#8243; _module_preset=&#8221;default&#8221; max_width=&#8221;850px&#8221; custom_css_main_element=&#8221;width:75% !important;&#8221; global_colors_info=&#8221;{}&#8221;][et_pb_column type=&#8221;1_4&#8243; _builder_version=&#8221;4.21.0&#8243; _module_preset=&#8221;default&#8221; custom_css_main_element=&#8221;width:12% !important;&#8221; global_colors_info=&#8221;{}&#8221; custom_css_main_element_last_edited=&#8221;on|phone&#8221; custom_css_main_element_tablet=&#8221;width:18% !important;&#8221; custom_css_main_element_phone=&#8221;width:30% !important;&#8221;][et_pb_image src=&#8221;https:\/\/leselop.usn.no\/wp-content\/uploads\/2025\/06\/Leselop-skrive-green.png&#8221; title_text=&#8221;Leselop-skrive-green&#8221; _builder_version=&#8221;4.27.4&#8243; _module_preset=&#8221;default&#8221; global_colors_info=&#8221;{}&#8221;][\/et_pb_image][\/et_pb_column][et_pb_column type=&#8221;3_4&#8243; _builder_version=&#8221;4.21.0&#8243; _module_preset=&#8221;default&#8221; custom_css_main_element=&#8221;width:88% !important;||margin: auto;||padding-left: 30px;&#8221; global_colors_info=&#8221;{}&#8221; custom_css_main_element_last_edited=&#8221;on|phone&#8221; custom_css_main_element_tablet=&#8221;width:82% !important;||padding-left: 25px;||padding-top:35px&#8221; custom_css_main_element_phone=&#8221;width:70% !important;||padding-left: 15px;||padding-top:35px&#8221;][et_pb_text content_tablet=&#8221;<h1>Oppgave<o:p><\/o:p><\/h1>&#8221; content_phone=&#8221;<h3>Oppgave<\/h3>\n<p><o:p><\/o:p><\/p>&#8221; content_last_edited=&#8221;on|phone&#8221; _builder_version=&#8221;4.27.4&#8243; _module_preset=&#8221;default&#8221; global_colors_info=&#8221;{}&#8221; custom_css_main_element_last_edited=&#8221;on|phone&#8221;]<h1>Oppgave<o:p><\/o:p><\/h1>[\/et_pb_text][\/et_pb_column][\/et_pb_row][et_pb_row custom_padding_last_edited=&#8221;on|phone&#8221; _builder_version=&#8221;4.27.4&#8243; _module_preset=&#8221;default&#8221; background_color=&#8221;#ffffff&#8221; max_width=&#8221;850px&#8221; max_width_tablet=&#8221;850px&#8221; max_width_phone=&#8221;850px&#8221; max_width_last_edited=&#8221;on|tablet&#8221; custom_margin=&#8221;||||false|false&#8221; custom_margin_tablet=&#8221;20px||-25px||false|false&#8221; custom_margin_phone=&#8221;0px||-30px||false|false&#8221; custom_margin_last_edited=&#8221;on|phone&#8221; custom_padding=&#8221;80px|70px|80px|70px|false|false&#8221; custom_padding_tablet=&#8221;60px|60px|60px|60px|false|false&#8221; custom_padding_phone=&#8221;60px|50px|60px|50px|false|false&#8221; border_radii=&#8221;off|30px|30px|30px|30px&#8221; border_style_all=&#8221;dotted&#8221; global_colors_info=&#8221;{}&#8221; custom_css_main_element_last_edited=&#8221;on|tablet&#8221;][et_pb_column type=&#8221;4_4&#8243; _builder_version=&#8221;4.27.4&#8243; _module_preset=&#8221;default&#8221; global_colors_info=&#8221;{}&#8221;][et_pb_text content_tablet=&#8221;<p>Forskning viser at elevene trenger \u00e5 \u00f8ve p\u00e5 \u00e5 hente ut informasjon fra ulike tekstsjangre. I tillegg skal de l\u00e6re seg kritisk lesing og derfor evne \u00e5 belyse, gjennom ulik form for informasjon, en sak fra flere sider. I anslaget i det aktuelle lesel\u00f8pet er det blant annet det \u00e5 ta i bruk ressurser som kan bidra til \u00e5 oppdage og utforske ulike kilder (Br\u00e5ten, Britt, Str\u00f8ms\u00f8 &amp; Rouet, 2011) som utfordrer elevene.<\/p>\n<p>I anslaget m\u00f8ter elevene et utvalg tekster som alle er relatert til kunstneren van Gogh spredd ut i klasserommet, for eksempel brev, b\u00f8ker og bilder. Det legges til rette for at elevene skal bruke flere sanser og estetiske uttrykksformer og gjennom det sammenlikne og sammenstille informasjonen de f\u00e5r. Mens elevene studerer installasjonen av tekster i klasserommet har de f\u00e5tt en bestilling best\u00e5ende av 10 sp\u00f8rsm\u00e5l \u2013 alle som til sammen skal fors\u00f8ke \u00e5 f\u00e5 dem til \u00e5 finne ut: \u00abHvem er det de skal l\u00e6re om?\u00bb<\/p>\n<p>Etter endt skattejakt velger elevene seg et kunstmaleri av van Gogh og f\u00e5r en skriveoppgave. Skriveoppgaven fordrer at elevene skal g\u00e5 i rolle og forestille seg at de er et element i maleriet, de skal skrive \u00abtingenes fortelling.\u00bb<\/p>&#8221; content_phone=&#8221;<p>Forskning viser at elevene trenger \u00e5 \u00f8ve p\u00e5 \u00e5 hente ut informasjon fra ulike tekstsjangre. I tillegg skal de l\u00e6re seg kritisk lesing og derfor evne \u00e5 belyse, gjennom ulik form for informasjon, en sak fra flere sider. I anslaget i det aktuelle lesel\u00f8pet er det blant annet det \u00e5 ta i bruk ressurser som kan bidra til \u00e5 oppdage og utforske ulike kilder (Br\u00e5ten, Britt, Str\u00f8ms\u00f8 &amp; Rouet, 2011) som utfordrer elevene.<\/p>\n<p>I anslaget m\u00f8ter elevene et utvalg tekster som alle er relatert til kunstneren van Gogh spredd ut i klasserommet, for eksempel brev, b\u00f8ker og bilder. Det legges til rette for at elevene skal bruke flere sanser og estetiske uttrykksformer og gjennom det sammenlikne og sammenstille informasjonen de f\u00e5r. Mens elevene studerer installasjonen av tekster i klasserommet har de f\u00e5tt en bestilling best\u00e5ende av 10 sp\u00f8rsm\u00e5l \u2013 alle som til sammen skal fors\u00f8ke \u00e5 f\u00e5 dem til \u00e5 finne ut: \u00abHvem er det de skal l\u00e6re om?\u00bb<\/p>\n<p>Etter endt skattejakt velger elevene seg et kunstmaleri av van Gogh og f\u00e5r en skriveoppgave. Skriveoppgaven fordrer at elevene skal g\u00e5 i rolle og forestille seg at de er et element i maleriet, de skal skrive \u00abtingenes fortelling.\u00bb<\/p>&#8221; content_last_edited=&#8221;on|phone&#8221; _builder_version=&#8221;4.27.4&#8243; _module_preset=&#8221;default&#8221; text_font_size=&#8221;17px&#8221; text_line_height=&#8221;1.8em&#8221; hover_enabled=&#8221;0&#8243; text_font_size_tablet=&#8221;16px&#8221; text_font_size_phone=&#8221;15px&#8221; text_font_size_last_edited=&#8221;on|desktop&#8221; global_colors_info=&#8221;{}&#8221; sticky_enabled=&#8221;0&#8243; custom_margin=&#8221;||30px||false|false&#8221;]<p>Forskning viser at elevene trenger \u00e5 \u00f8ve p\u00e5 \u00e5 hente ut informasjon fra ulike tekstsjangre. I tillegg skal de l\u00e6re seg kritisk lesing og derfor evne \u00e5 belyse, gjennom ulik form for informasjon, en sak fra flere sider. I anslaget i det aktuelle lesel\u00f8pet er det blant annet det \u00e5 ta i bruk ressurser som kan bidra til \u00e5 oppdage og utforske ulike kilder (Br\u00e5ten, Britt, Str\u00f8ms\u00f8 &amp; Rouet, 2011) som utfordrer elevene.<\/p>\n<p>I anslaget m\u00f8ter elevene et utvalg tekster som alle er relatert til kunstneren van Gogh spredd ut i klasserommet, for eksempel brev, b\u00f8ker og bilder. Det legges til rette for at elevene skal bruke flere sanser og estetiske uttrykksformer og gjennom det sammenlikne og sammenstille informasjonen de f\u00e5r. Mens elevene studerer installasjonen av tekster i klasserommet har de f\u00e5tt en bestilling best\u00e5ende av 10 sp\u00f8rsm\u00e5l \u2013 alle som til sammen skal fors\u00f8ke \u00e5 f\u00e5 dem til \u00e5 finne ut: \u00abHvem er det de skal l\u00e6re om?\u00bb<\/p>\n<p>Etter endt skattejakt velger elevene seg et kunstmaleri av van Gogh og f\u00e5r en skriveoppgave. Skriveoppgaven fordrer at elevene skal g\u00e5 i rolle og forestille seg at de er et element i maleriet, de skal skrive \u00abtingenes fortelling.\u00bb<\/p>[\/et_pb_text][et_pb_image src=&#8221;https:\/\/leselop.usn.no\/wp-content\/uploads\/2025\/07\/oppgave-leselop19.jpg&#8221; title_text=&#8221;oppgave-lesel\u00f8p19&#8243; _builder_version=&#8221;4.27.4&#8243; _module_preset=&#8221;default&#8221; hover_enabled=&#8221;0&#8243; global_colors_info=&#8221;{}&#8221; width=&#8221;50%&#8221; sticky_enabled=&#8221;0&#8243; custom_margin=&#8221;||50px||false|false&#8221;][\/et_pb_image][et_pb_text content_tablet=&#8221;<h4>Sp\u00f8rsm\u00e5l:<\/h4>\n<ul>\n<li>Hvilket yrke tror du personen har? Hvorfor tror dere det?\u200b<\/li>\n<li>Hvem eier skoene? Og hvorfor tror dere det? (Mann\/kvinne? Gammel\/ung? Norsk\/utenlandsk?)\u200b<\/li>\n<li>Hvor finner dere spor av poteter og hvorfor tror dere noen maler poteter og potetspisere? \u200b<\/li>\n<li>Hva var denne personen opptatt av?\u200b<\/li>\n<li>Hvilket land tror dere personen kom fra eller bes\u00f8kte mye?\u200b<\/li>\n<li>Hva tenker dere denne personen er opptatt av? Tenker? Liker? ER redd for? \u200b<\/li>\n<li>Hvilken sinnsstemning tror dere personen hadde? Hva f\u00f8lte han? \u200b<\/li>\n<li>Har dere sett disse bildene f\u00f8r? I s\u00e5 fall i hvilken sammenheng\u200b<\/li>\n<li>Hvilke ord (farger, former, symboler, kontraster, perspektiv?) vil dere bruke for \u00e5 beskrive stjernehimmelen? Solsikker? Skyer? \u00c5kerlandskap?\u200b<\/li>\n<li>Hvorfor tror dere en person har en bandasje over \u00f8ret? \u200b<\/li>\n<\/ul>&#8221; content_phone=&#8221;<h4>Sp\u00f8rsm\u00e5l:<\/h4>\n<ul>\n<li>Hvilket yrke tror du personen har? Hvorfor tror dere det?\u200b<\/li>\n<li>Hvem eier skoene? Og hvorfor tror dere det? (Mann\/kvinne? Gammel\/ung? Norsk\/utenlandsk?)\u200b<\/li>\n<li>Hvor finner dere spor av poteter og hvorfor tror dere noen maler poteter og potetspisere? \u200b<\/li>\n<li>Hva var denne personen opptatt av?\u200b<\/li>\n<li>Hvilket land tror dere personen kom fra eller bes\u00f8kte mye?\u200b<\/li>\n<li>Hva tenker dere denne personen er opptatt av? Tenker? Liker? ER redd for? \u200b<\/li>\n<li>Hvilken sinnsstemning tror dere personen hadde? Hva f\u00f8lte han? \u200b<\/li>\n<li>Har dere sett disse bildene f\u00f8r? I s\u00e5 fall i hvilken sammenheng\u200b<\/li>\n<li>Hvilke ord (farger, former, symboler, kontraster, perspektiv?) vil dere bruke for \u00e5 beskrive stjernehimmelen? Solsikker? Skyer? \u00c5kerlandskap?\u200b<\/li>\n<li>Hvorfor tror dere en person har en bandasje over \u00f8ret? \u200b<\/li>\n<\/ul>&#8221; content_last_edited=&#8221;on|phone&#8221; _builder_version=&#8221;4.27.4&#8243; _module_preset=&#8221;default&#8221; text_font_size=&#8221;17px&#8221; text_line_height=&#8221;1.8em&#8221; hover_enabled=&#8221;0&#8243; text_font_size_tablet=&#8221;16px&#8221; text_font_size_phone=&#8221;15px&#8221; text_font_size_last_edited=&#8221;on|desktop&#8221; global_colors_info=&#8221;{}&#8221; sticky_enabled=&#8221;0&#8243; custom_margin=&#8221;||-12px||false|false&#8221;]<h4>Sp\u00f8rsm\u00e5l:<\/h4>\n<ul>\n<li>Hvilket yrke tror du personen har? Hvorfor tror dere det?\u200b<\/li>\n<li>Hvem eier skoene? Og hvorfor tror dere det? (Mann\/kvinne? Gammel\/ung? Norsk\/utenlandsk?)\u200b<\/li>\n<li>Hvor finner dere spor av poteter og hvorfor tror dere noen maler poteter og potetspisere? \u200b<\/li>\n<li>Hva var denne personen opptatt av?\u200b<\/li>\n<li>Hvilket land tror dere personen kom fra eller bes\u00f8kte mye?\u200b<\/li>\n<li>Hva tenker dere denne personen er opptatt av? Tenker? Liker? ER redd for? \u200b<\/li>\n<li>Hvilken sinnsstemning tror dere personen hadde? Hva f\u00f8lte han? \u200b<\/li>\n<li>Har dere sett disse bildene f\u00f8r? I s\u00e5 fall i hvilken sammenheng\u200b<\/li>\n<li>Hvilke ord (farger, former, symboler, kontraster, perspektiv?) vil dere bruke for \u00e5 beskrive stjernehimmelen? Solsikker? Skyer? \u00c5kerlandskap?\u200b<\/li>\n<li>Hvorfor tror dere en person har en bandasje over \u00f8ret? \u200b<\/li>\n<\/ul>[\/et_pb_text][et_pb_text content_tablet=&#8221;<h4>Modelltekst til \u00abtingenes fortelling\u00bb.<\/h4>\n<p>Her: Besjelt stjerne.<\/p>\n<p><em>S\u00e5 henger jeg her igjen da. Det m\u00e5 vel v\u00e6re f\u00f8rtiende gangen denne m\u00e5neden jeg blir malt her. Alltid her oppe i toppen av lerretet. Alltid gul. Knall gul. Skarpe kanter. Og s\u00e5 maler han over meg igjen, hardt, med feit, kladdede maling. S\u00e5 ligger jeg der, under tykke lag med bl\u00e5farge en halv dag, en hel dag \u2013 kanskje til og med en hel uke. Iallfall om han er litt gr\u00e5 og gusten, denne penseleieren. Er det slike dager tar det lang tid f\u00f8r jeg f\u00e5r komme meg opp og puste igjen, henge der oppe i toppen og lyse opp ett ellers dunkelt lerret. Heldigvis regner det iallfall ikke. Jeg har aldri f\u00e5tt v\u00e6rt med de andre gulfargene n\u00e5r han leker seg med \u00e5krer eller solsikker. Jeg f\u00e5r bare holde meg blant bl\u00e5. Jeg skulle \u00f8nske noen ganger jeg kom meg ned til de andre gulfargene nede i bildet. Hilse p\u00e5 familien, liksom. Det burde han jo forst\u00e5, maleren, han som er s\u00e5 glad i broren sin. Men nei, det ser ut til at det blir stjerne p\u00e5 nattehimmelen som blir min skjebne. Gul, p\u00e5 bl\u00e5tt, skarpe kanter \u2013 et lyspunkt. Og det trenger han jo, den en\u00f8rede. Lyspunkt er kanskje ikke s\u00e5 ille det heller!\u200b<\/em><\/p>&#8221; content_phone=&#8221;<h4>Modelltekst til \u00abtingenes fortelling\u00bb.<\/h4>\n<p>Her: Besjelt stjerne.<\/p>\n<p><em>S\u00e5 henger jeg her igjen da. Det m\u00e5 vel v\u00e6re f\u00f8rtiende gangen denne m\u00e5neden jeg blir malt her. Alltid her oppe i toppen av lerretet. Alltid gul. Knall gul. Skarpe kanter. Og s\u00e5 maler han over meg igjen, hardt, med feit, kladdede maling. S\u00e5 ligger jeg der, under tykke lag med bl\u00e5farge en halv dag, en hel dag \u2013 kanskje til og med en hel uke. Iallfall om han er litt gr\u00e5 og gusten, denne penseleieren. Er det slike dager tar det lang tid f\u00f8r jeg f\u00e5r komme meg opp og puste igjen, henge der oppe i toppen og lyse opp ett ellers dunkelt lerret. Heldigvis regner det iallfall ikke. Jeg har aldri f\u00e5tt v\u00e6rt med de andre gulfargene n\u00e5r han leker seg med \u00e5krer eller solsikker. Jeg f\u00e5r bare holde meg blant bl\u00e5. Jeg skulle \u00f8nske noen ganger jeg kom meg ned til de andre gulfargene nede i bildet. Hilse p\u00e5 familien, liksom. Det burde han jo forst\u00e5, maleren, han som er s\u00e5 glad i broren sin. Men nei, det ser ut til at det blir stjerne p\u00e5 nattehimmelen som blir min skjebne. Gul, p\u00e5 bl\u00e5tt, skarpe kanter \u2013 et lyspunkt. Og det trenger han jo, den en\u00f8rede. Lyspunkt er kanskje ikke s\u00e5 ille det heller!\u200b<\/em><\/p>&#8221; content_last_edited=&#8221;on|phone&#8221; _builder_version=&#8221;4.27.4&#8243; _module_preset=&#8221;default&#8221; text_font_size=&#8221;17px&#8221; text_line_height=&#8221;1.8em&#8221; hover_enabled=&#8221;0&#8243; text_font_size_tablet=&#8221;16px&#8221; text_font_size_phone=&#8221;15px&#8221; text_font_size_last_edited=&#8221;on|desktop&#8221; global_colors_info=&#8221;{}&#8221; sticky_enabled=&#8221;0&#8243; custom_margin_last_edited=&#8221;on|desktop&#8221; custom_margin=&#8221;60px||||false|false&#8221; custom_margin_tablet=&#8221;60px||||false|false&#8221; custom_margin_phone=&#8221;60px||||false|false&#8221;]<h4>Modelltekst til \u00abtingenes fortelling\u00bb.<\/h4>\n<p>Her: Besjelt stjerne.<\/p>\n<p><em>S\u00e5 henger jeg her igjen da. Det m\u00e5 vel v\u00e6re f\u00f8rtiende gangen denne m\u00e5neden jeg blir malt her. Alltid her oppe i toppen av lerretet. Alltid gul. Knall gul. Skarpe kanter. Og s\u00e5 maler han over meg igjen, hardt, med feit, kladdede maling. S\u00e5 ligger jeg der, under tykke lag med bl\u00e5farge en halv dag, en hel dag \u2013 kanskje til og med en hel uke. Iallfall om han er litt gr\u00e5 og gusten, denne penseleieren. Er det slike dager tar det lang tid f\u00f8r jeg f\u00e5r komme meg opp og puste igjen, henge der oppe i toppen og lyse opp ett ellers dunkelt lerret. Heldigvis regner det iallfall ikke. Jeg har aldri f\u00e5tt v\u00e6rt med de andre gulfargene n\u00e5r han leker seg med \u00e5krer eller solsikker. Jeg f\u00e5r bare holde meg blant bl\u00e5. Jeg skulle \u00f8nske noen ganger jeg kom meg ned til de andre gulfargene nede i bildet. Hilse p\u00e5 familien, liksom. Det burde han jo forst\u00e5, maleren, han som er s\u00e5 glad i broren sin. Men nei, det ser ut til at det blir stjerne p\u00e5 nattehimmelen som blir min skjebne. Gul, p\u00e5 bl\u00e5tt, skarpe kanter \u2013 et lyspunkt. Og det trenger han jo, den en\u00f8rede. Lyspunkt er kanskje ikke s\u00e5 ille det heller!\u200b<\/em><\/p>[\/et_pb_text][\/et_pb_column][\/et_pb_row][et_pb_row _builder_version=&#8221;4.21.0&#8243; _module_preset=&#8221;default&#8221; max_width=&#8221;850px&#8221; module_alignment=&#8221;center&#8221; custom_css_main_element=&#8221;display:flex;||justify-content: center;&#8221; global_colors_info=&#8221;{}&#8221;][et_pb_column type=&#8221;4_4&#8243; _builder_version=&#8221;4.21.0&#8243; _module_preset=&#8221;default&#8221; global_colors_info=&#8221;{}&#8221;][et_pb_code _builder_version=&#8221;4.21.0&#8243; _module_preset=&#8221;default&#8221; text_orientation=&#8221;center&#8221; text_orientation_tablet=&#8221;center&#8221; text_orientation_phone=&#8221;center&#8221; text_orientation_last_edited=&#8221;on|desktop&#8221; global_colors_info=&#8221;{}&#8221;]<button id=\"backButton\" style=\"<!-- [et_pb_line_break_holder] -->background: #8dcfb7; <!-- [et_pb_line_break_holder] -->border-radius: 10px; <!-- [et_pb_line_break_holder] -->width: 100px; <!-- [et_pb_line_break_holder] -->height: 40px; <!-- [et_pb_line_break_holder] -->border: none; <!-- [et_pb_line_break_holder] -->font-size: 18px;<!-- [et_pb_line_break_holder] -->color: #000000; <!-- [et_pb_line_break_holder] -->transform: uppercase;&#8221; <!-- [et_pb_line_break_holder] -->onmouseover=&#8221;this.style.backgroundColor=&#8217;#5a5e5e&#8217;; this.style.color=&#8217;#ffffff&#8217;;&#8221;<!-- [et_pb_line_break_holder] -->onmouseout=&#8221;this.style.backgroundColor=&#8217;#8dcfb7&#8242;; this.style.color=&#8217;#000000&#8242;;&#8221; <!-- [et_pb_line_break_holder] -->onclick=&#8221;myFunction()&#8221;>Tilbake<\/button><!-- [et_pb_line_break_holder] --><!-- [et_pb_line_break_holder] --><script><!-- [et_pb_line_break_holder] -->document.addEventListener('DOMContentLoaded', function() {<!-- [et_pb_line_break_holder] -->  var backButton = document.getElementById('backButton'); <!-- [et_pb_line_break_holder] -->  <!-- [et_pb_line_break_holder] -->  if (backButton) {<!-- [et_pb_line_break_holder] -->    backButton.addEventListener('click', function() {<!-- [et_pb_line_break_holder] -->      window.history.back();<!-- [et_pb_line_break_holder] -->    });<!-- [et_pb_line_break_holder] -->  }<!-- [et_pb_line_break_holder] -->});<!-- [et_pb_line_break_holder] --><\/script><!-- [et_pb_line_break_holder] -->[\/et_pb_code][\/et_pb_column][\/et_pb_row][\/et_pb_section]\n","protected":false},"excerpt":{"rendered":"<p>Forskning viser at elevene trenger \u00e5 \u00f8ve p\u00e5 \u00e5 hente ut informasjon fra ulike tekstsjangre. I tillegg skal de l\u00e6re seg kritisk lesing og derfor evne \u00e5 belyse, gjennom ulik form for informasjon, en sak fra flere sider. I anslaget i det aktuelle lesel\u00f8pet er det blant annet det \u00e5 ta i bruk ressurser som kan bidra til \u00e5 oppdage og utforske ulike kilder (Br\u00e5ten, Britt, Str\u00f8ms\u00f8 &#038; Rouet, 2011) som utfordrer elevene.<\/p>\n","protected":false},"author":10,"featured_media":0,"parent":0,"menu_order":0,"comment_status":"closed","ping_status":"closed","template":"","meta":{"_et_pb_use_builder":"on","_et_pb_old_content":"","_et_gb_content_width":"","footnotes":""},"trinn":[],"fag":[],"class_list":["post-9691","page","type-page","status-publish","hentry"],"_links":{"self":[{"href":"https:\/\/leselop.usn.no\/index.php?rest_route=\/wp\/v2\/pages\/9691","targetHints":{"allow":["GET"]}}],"collection":[{"href":"https:\/\/leselop.usn.no\/index.php?rest_route=\/wp\/v2\/pages"}],"about":[{"href":"https:\/\/leselop.usn.no\/index.php?rest_route=\/wp\/v2\/types\/page"}],"author":[{"embeddable":true,"href":"https:\/\/leselop.usn.no\/index.php?rest_route=\/wp\/v2\/users\/10"}],"replies":[{"embeddable":true,"href":"https:\/\/leselop.usn.no\/index.php?rest_route=%2Fwp%2Fv2%2Fcomments&post=9691"}],"version-history":[{"count":17,"href":"https:\/\/leselop.usn.no\/index.php?rest_route=\/wp\/v2\/pages\/9691\/revisions"}],"predecessor-version":[{"id":10459,"href":"https:\/\/leselop.usn.no\/index.php?rest_route=\/wp\/v2\/pages\/9691\/revisions\/10459"}],"wp:attachment":[{"href":"https:\/\/leselop.usn.no\/index.php?rest_route=%2Fwp%2Fv2%2Fmedia&parent=9691"}],"wp:term":[{"taxonomy":"trinn","embeddable":true,"href":"https:\/\/leselop.usn.no\/index.php?rest_route=%2Fwp%2Fv2%2Ftrinn&post=9691"},{"taxonomy":"fag","embeddable":true,"href":"https:\/\/leselop.usn.no\/index.php?rest_route=%2Fwp%2Fv2%2Ffag&post=9691"}],"curies":[{"name":"wp","href":"https:\/\/api.w.org\/{rel}","templated":true}]}}