{"id":8583,"date":"2025-06-10T13:26:50","date_gmt":"2025-06-10T11:26:50","guid":{"rendered":"https:\/\/leselop.usn.no\/?page_id=8583"},"modified":"2025-08-07T10:20:10","modified_gmt":"2025-08-07T08:20:10","slug":"leselop-18-aktivitet-9-iscenesettelse-elevtekster","status":"publish","type":"page","link":"https:\/\/leselop.usn.no\/?page_id=8583","title":{"rendered":"20. Tro og viten &#8211; Aktivitet 9 &#8211; Iscenesettelse\/Elevtekster"},"content":{"rendered":"\n[et_pb_section fb_built=&#8221;1&#8243; _builder_version=&#8221;4.21.0&#8243; _module_preset=&#8221;default&#8221; background_color=&#8221;#f4f4f4&#8243; custom_css_main_element=&#8221;min-height: 100vh;&#8221; da_disable_devices=&#8221;off|off|off&#8221; global_colors_info=&#8221;{}&#8221; da_is_popup=&#8221;off&#8221; da_exit_intent=&#8221;off&#8221; da_has_close=&#8221;on&#8221; da_alt_close=&#8221;off&#8221; da_dark_close=&#8221;off&#8221; da_not_modal=&#8221;on&#8221; da_is_singular=&#8221;off&#8221; da_with_loader=&#8221;off&#8221; da_has_shadow=&#8221;on&#8221;][et_pb_row column_structure=&#8221;1_4,3_4&#8243; use_custom_gutter=&#8221;on&#8221; gutter_width=&#8221;1&#8243; make_equal=&#8221;on&#8221; _builder_version=&#8221;4.27.4&#8243; _module_preset=&#8221;default&#8221; max_width=&#8221;850px&#8221; hover_enabled=&#8221;0&#8243; custom_css_main_element=&#8221;width:75% !important;&#8221; global_colors_info=&#8221;{}&#8221; sticky_enabled=&#8221;0&#8243;][et_pb_column type=&#8221;1_4&#8243; _builder_version=&#8221;4.21.0&#8243; _module_preset=&#8221;default&#8221; custom_css_main_element=&#8221;width:12% !important;&#8221; global_colors_info=&#8221;{}&#8221; custom_css_main_element_last_edited=&#8221;on|phone&#8221; custom_css_main_element_tablet=&#8221;width:18% !important;&#8221; custom_css_main_element_phone=&#8221;width:30% !important;&#8221;][et_pb_image src=&#8221;https:\/\/leselop.usn.no\/wp-content\/uploads\/2025\/06\/Leselop-clapboard-green.png&#8221; title_text=&#8221;Leselop-clapboard-green&#8221; src_tablet=&#8221;https:\/\/leselop.usn.no\/wp-content\/uploads\/2025\/06\/Leselop-clapboard-green.png&#8221; src_phone=&#8221;https:\/\/leselop.usn.no\/wp-content\/uploads\/2025\/06\/Leselop-clapboard-green.png&#8221; src_last_edited=&#8221;on|phone&#8221; _builder_version=&#8221;4.27.4&#8243; _module_preset=&#8221;default&#8221; hover_enabled=&#8221;0&#8243; global_colors_info=&#8221;{}&#8221; sticky_enabled=&#8221;0&#8243;][\/et_pb_image][\/et_pb_column][et_pb_column type=&#8221;3_4&#8243; _builder_version=&#8221;4.27.4&#8243; _module_preset=&#8221;default&#8221; hover_enabled=&#8221;0&#8243; custom_css_main_element=&#8221;width:88% !important;||margin: auto;||padding-left: 30px;&#8221; global_colors_info=&#8221;{}&#8221; custom_css_main_element_last_edited=&#8221;on|phone&#8221; custom_css_main_element_tablet=&#8221;width:82% !important;||padding-left: 25px;||padding-top:24px&#8221; custom_css_main_element_phone=&#8221;width:70% !important;||padding-left: 15px;||padding-top:14px&#8221; sticky_enabled=&#8221;0&#8243;][et_pb_text content_tablet=&#8221;<h1><span>Iscenesettelse\/Elevtekster<\/span><\/h1>&#8221; content_phone=&#8221;<h3><span>Iscenesettelse\/<\/span><\/h3>\n<h3><span>Elevtekster<\/span><\/h3>&#8221; content_last_edited=&#8221;on|phone&#8221; _builder_version=&#8221;4.27.4&#8243; _module_preset=&#8221;default&#8221; hover_enabled=&#8221;0&#8243; global_colors_info=&#8221;{}&#8221; sticky_enabled=&#8221;0&#8243;]<h1><span>Iscenesettelse\/Elevtekster<\/span><\/h1>[\/et_pb_text][\/et_pb_column][\/et_pb_row][et_pb_row custom_padding_last_edited=&#8221;on|phone&#8221; _builder_version=&#8221;4.27.4&#8243; _module_preset=&#8221;default&#8221; background_color=&#8221;#ffffff&#8221; max_width=&#8221;850px&#8221; max_width_tablet=&#8221;850px&#8221; max_width_phone=&#8221;850px&#8221; max_width_last_edited=&#8221;on|desktop&#8221; custom_margin=&#8221;||40px||false|false&#8221; custom_padding=&#8221;80px|70px|70px|70px|false|false&#8221; custom_padding_tablet=&#8221;70px|70px|50px|70px|false|false&#8221; custom_padding_phone=&#8221;60px|50px|60px|50px|false|false&#8221; border_radii=&#8221;on|30px|30px|30px|30px&#8221; border_style_all=&#8221;dotted&#8221; locked=&#8221;off&#8221; global_colors_info=&#8221;{}&#8221;][et_pb_column type=&#8221;4_4&#8243; _builder_version=&#8221;4.21.0&#8243; _module_preset=&#8221;default&#8221; global_colors_info=&#8221;{}&#8221;][et_pb_text content_tablet=&#8221;<h3>Elevtekst 1: Den logiske l\u00f8sningen!<\/h3>\n<h3><\/h3>&#8221; content_phone=&#8221;<h4>Elevtekst 1:<\/h4>\n<h4>Den logiske l\u00f8sningen!<\/h4>\n<h3><\/h3>&#8221; content_last_edited=&#8221;on|phone&#8221; _builder_version=&#8221;4.27.4&#8243; _module_preset=&#8221;default&#8221; text_font_size=&#8221;17px&#8221; text_line_height=&#8221;1.8em&#8221; header_4_line_height=&#8221;1.3em&#8221; text_font_size_tablet=&#8221;16px&#8221; text_font_size_phone=&#8221;15px&#8221; text_font_size_last_edited=&#8221;on|desktop&#8221; global_colors_info=&#8221;{}&#8221;]<h3>Elevtekst 1: Den logiske l\u00f8sningen!<\/h3>[\/et_pb_text][et_pb_text content_tablet=&#8221;<p>Jeg mener at det gir mest menig at \u00e5 tro p\u00e5 evolusjonsteorien fordi Darwin, som har all \u00e6ren for denne teorien, hadde folk med seg da han reiste rundt jorda. Dette gj\u00f8r det enklere \u00e5 tro p\u00e5 denne teorien. Det kommer flere argumenter og setninger som beviser dette, s\u00e5 hvorfor ikke lese og l\u00e6re noe nytt? Kanskje du kommer til \u00e5 endre mening ogs\u00e5?<\/p>\n<p>For det f\u00f8rste er kilder viktig n\u00e5r det kommer til vitenskapelig tenking, forskning og snakking, og akkurat dette hadde han. Da han reiste rundt jorda, forsket han og hadde andre folk som var sammen med han. Det gj\u00f8r at dette blir mer sant.<\/p>\n<p>For det andre har han reist rundt jorda og sett p\u00e5 alt mulig, fra dyr til forskjellige milj\u00f8er. Sammenhengen med hvordan noen arter er spredd rundt jorda, for eksempel at noen dyr som har bosatt seg i Afrika, ogs\u00e5 har bosatt seg i S\u00f8r-Amerika, passer bra med teorien hans.<\/p>\n<p>Jeg tenker at det ikke er en l\u00f8sning p\u00e5 dette, fordi man kan tro p\u00e5 hva man vil. Man trenger ikke \u00e5 tro p\u00e5 noe av dette i det hele tatt.<\/p>\n<p>Jeg oppfordrer folk til \u00e5 tenke logisk, men ogs\u00e5 v\u00e6re kritisk p\u00e5 ting som blir sagt. \u00c5 tro p\u00e5 det som er bevist og forsket p\u00e5 er tryggest, men det er ikke 100% sikkert at det er sant.<\/p>\n<p>Elev 1, 8. trinn<\/p>&#8221; content_phone=&#8221;<p>Jeg mener at det gir mest menig at \u00e5 tro p\u00e5 evolusjonsteorien fordi Darwin, som har all \u00e6ren for denne teorien, hadde folk med seg da han reiste rundt jorda. Dette gj\u00f8r det enklere \u00e5 tro p\u00e5 denne teorien. Det kommer flere argumenter og setninger som beviser dette, s\u00e5 hvorfor ikke lese og l\u00e6re noe nytt? Kanskje du kommer til \u00e5 endre mening ogs\u00e5?<\/p>\n<p>For det f\u00f8rste er kilder viktig n\u00e5r det kommer til vitenskapelig tenking, forskning og snakking, og akkurat dette hadde han. Da han reiste rundt jorda, forsket han og hadde andre folk som var sammen med han. Det gj\u00f8r at dette blir mer sant.<\/p>\n<p>For det andre har han reist rundt jorda og sett p\u00e5 alt mulig, fra dyr til forskjellige milj\u00f8er. Sammenhengen med hvordan noen arter er spredd rundt jorda, for eksempel at noen dyr som har bosatt seg i Afrika, ogs\u00e5 har bosatt seg i S\u00f8r-Amerika, passer bra med teorien hans.<\/p>\n<p>Jeg tenker at det ikke er en l\u00f8sning p\u00e5 dette, fordi man kan tro p\u00e5 hva man vil. Man trenger ikke \u00e5 tro p\u00e5 noe av dette i det hele tatt.<\/p>\n<p>Jeg oppfordrer folk til \u00e5 tenke logisk, men ogs\u00e5 v\u00e6re kritisk p\u00e5 ting som blir sagt. \u00c5 tro p\u00e5 det som er bevist og forsket p\u00e5 er tryggest, men det er ikke 100% sikkert at det er sant.<\/p>\n<p>Elev 1, 8. trinn<\/p>&#8221; content_last_edited=&#8221;on|phone&#8221; _builder_version=&#8221;4.27.4&#8243; _module_preset=&#8221;default&#8221; text_font_size=&#8221;17px&#8221; text_line_height=&#8221;1.8em&#8221; custom_margin=&#8221;||70px||false|false&#8221; text_font_size_tablet=&#8221;16px&#8221; text_font_size_phone=&#8221;15px&#8221; text_font_size_last_edited=&#8221;on|phone&#8221; global_colors_info=&#8221;{}&#8221;]<p>Jeg mener at det gir mest menig at \u00e5 tro p\u00e5 evolusjonsteorien fordi Darwin, som har all \u00e6ren for denne teorien, hadde folk med seg da han reiste rundt jorda. Dette gj\u00f8r det enklere \u00e5 tro p\u00e5 denne teorien. Det kommer flere argumenter og setninger som beviser dette, s\u00e5 hvorfor ikke lese og l\u00e6re noe nytt? Kanskje du kommer til \u00e5 endre mening ogs\u00e5?<\/p>\n<p>For det f\u00f8rste er kilder viktig n\u00e5r det kommer til vitenskapelig tenking, forskning og snakking, og akkurat dette hadde han. Da han reiste rundt jorda, forsket han og hadde andre folk som var sammen med han. Det gj\u00f8r at dette blir mer sant.<\/p>\n<p>For det andre har han reist rundt jorda og sett p\u00e5 alt mulig, fra dyr til forskjellige milj\u00f8er. Sammenhengen med hvordan noen arter er spredd rundt jorda, for eksempel at noen dyr som har bosatt seg i Afrika, ogs\u00e5 har bosatt seg i S\u00f8r-Amerika, passer bra med teorien hans.<\/p>\n<p>Jeg tenker at det ikke er en l\u00f8sning p\u00e5 dette, fordi man kan tro p\u00e5 hva man vil. Man trenger ikke \u00e5 tro p\u00e5 noe av dette i det hele tatt.<\/p>\n<p>Jeg oppfordrer folk til \u00e5 tenke logisk, men ogs\u00e5 v\u00e6re kritisk p\u00e5 ting som blir sagt. \u00c5 tro p\u00e5 det som er bevist og forsket p\u00e5 er tryggest, men det er ikke 100% sikkert at det er sant.<\/p>\n<p>Elev 1, 8. trinn<\/p>[\/et_pb_text][et_pb_text content_tablet=&#8221;<h3>Elevtekst 2: Vitenskap eller tro?<\/h3>\n<h3><\/h3>&#8221; content_phone=&#8221;<h4>Elevtekst 2:<\/h4>\n<h4>Vitenskap eller tro?<\/h4>\n<h3><\/h3>&#8221; content_last_edited=&#8221;on|phone&#8221; _builder_version=&#8221;4.27.4&#8243; _module_preset=&#8221;default&#8221; text_font_size=&#8221;17px&#8221; text_line_height=&#8221;1.8em&#8221; header_4_line_height=&#8221;1.3em&#8221; text_font_size_tablet=&#8221;16px&#8221; text_font_size_phone=&#8221;15px&#8221; text_font_size_last_edited=&#8221;on|desktop&#8221; global_colors_info=&#8221;{}&#8221;]<h3>Elevtekst 2: Vitenskap eller tro?<\/h3>[\/et_pb_text][et_pb_text content_tablet=&#8221;<p>Jeg mener at man kan tro p\u00e5 b\u00e5de skapelsesberetningen og evolusjonsteorien. For eksempel s\u00e5 tror jeg p\u00e5 Darwins evolusjonsteori og litt p\u00e5 Bibelens skapelsesberetning. <\/p>\n<p>For det f\u00f8rste s\u00e5 er myter metaforiske, og Bibelens skapelsesberetningen er en myte. S\u00e5 de seks dagene i skapelsesberetningen kan v\u00e6re et bilde p\u00e5 mange millioner \u00e5r, kanskje til og med en milliard \u00e5r. <\/p>\n<p>For det andre s\u00e5 ligner den metaforiske skapelsesberetningen i Bibelen p\u00e5 det som er blitt bevist og argumentert for i Darwins evolusjonsteori. For eksempel kan det at det ble lys den f\u00f8rste dagen v\u00e6re n\u00e6rmere teorien om Big Bang. <\/p>\n<p>En l\u00f8sning p\u00e5 dette er at man kan tro p\u00e5 begge, b\u00e5de Darwins evolusjonsteori og Bibelens skapelsesberetning, og at man respekterer det andre tror. <\/p>\n<p> Jeg mener at du kan tro p\u00e5 begge deler. S\u00e5 tro p\u00e5 det du \u00f8nsker! <\/p>\n<p>Elev 2, 8. trinn<\/p>&#8221; content_phone=&#8221;<p>Jeg mener at man kan tro p\u00e5 b\u00e5de skapelsesberetningen og evolusjonsteorien. For eksempel s\u00e5 tror jeg p\u00e5 Darwins evolusjonsteori og litt p\u00e5 Bibelens skapelsesberetning. <\/p>\n<p>For det f\u00f8rste s\u00e5 er myter metaforiske, og Bibelens skapelsesberetningen er en myte. S\u00e5 de seks dagene i skapelsesberetningen kan v\u00e6re et bilde p\u00e5 mange millioner \u00e5r, kanskje til og med en milliard \u00e5r. <\/p>\n<p>For det andre s\u00e5 ligner den metaforiske skapelsesberetningen i Bibelen p\u00e5 det som er blitt bevist og argumentert for i Darwins evolusjonsteori. For eksempel kan det at det ble lys den f\u00f8rste dagen v\u00e6re n\u00e6rmere teorien om Big Bang. <\/p>\n<p>En l\u00f8sning p\u00e5 dette er at man kan tro p\u00e5 begge, b\u00e5de Darwins evolusjonsteori og Bibelens skapelsesberetning, og at man respekterer det andre tror. <\/p>\n<p> Jeg mener at du kan tro p\u00e5 begge deler. S\u00e5 tro p\u00e5 det du \u00f8nsker! <\/p>\n<p>Elev 2, 8. trinn<\/p>&#8221; content_last_edited=&#8221;on|phone&#8221; _builder_version=&#8221;4.27.4&#8243; _module_preset=&#8221;default&#8221; text_font_size=&#8221;17px&#8221; text_line_height=&#8221;1.8em&#8221; custom_margin=&#8221;||70px||false|false&#8221; text_font_size_tablet=&#8221;16px&#8221; text_font_size_phone=&#8221;15px&#8221; text_font_size_last_edited=&#8221;on|phone&#8221; global_colors_info=&#8221;{}&#8221;]<p>Jeg mener at man kan tro p\u00e5 b\u00e5de skapelsesberetningen og evolusjonsteorien. For eksempel s\u00e5 tror jeg p\u00e5 Darwins evolusjonsteori og litt p\u00e5 Bibelens skapelsesberetning.\u00a0<\/p>\n<p>For det f\u00f8rste s\u00e5 er myter metaforiske, og Bibelens skapelsesberetningen er en myte. S\u00e5 de seks dagene i skapelsesberetningen kan v\u00e6re et bilde p\u00e5 mange millioner \u00e5r, kanskje til og med en milliard \u00e5r.\u00a0<\/p>\n<p>For det andre s\u00e5 ligner den metaforiske skapelsesberetningen i Bibelen p\u00e5 det som er blitt bevist og argumentert for i Darwins evolusjonsteori. For eksempel kan det at det ble lys den f\u00f8rste dagen v\u00e6re n\u00e6rmere teorien om Big Bang.\u00a0<\/p>\n<p>En l\u00f8sning p\u00e5 dette er at man kan tro p\u00e5 begge, b\u00e5de Darwins evolusjonsteori og Bibelens skapelsesberetning, og at man respekterer det andre tror.\u00a0<\/p>\n<p>\u00a0Jeg mener at du kan tro p\u00e5 begge deler. S\u00e5 tro p\u00e5 det du \u00f8nsker!\u00a0<\/p>\n<p>Elev 2, 8. trinn<\/p>[\/et_pb_text][et_pb_text content_tablet=&#8221;<h3>Elevtekst 3: Bibelen gir mening<\/h3>\n<h3><\/h3>&#8221; content_phone=&#8221;<h4>Elevtekst 3:<\/h4>\n<h4>Bibelen gir mening<\/h4>\n<h3><\/h3>&#8221; content_last_edited=&#8221;on|phone&#8221; _builder_version=&#8221;4.27.4&#8243; _module_preset=&#8221;default&#8221; text_font_size=&#8221;17px&#8221; text_line_height=&#8221;1.8em&#8221; header_4_line_height=&#8221;1.3em&#8221; text_font_size_tablet=&#8221;16px&#8221; text_font_size_phone=&#8221;15px&#8221; text_font_size_last_edited=&#8221;on|desktop&#8221; global_colors_info=&#8221;{}&#8221;]<h3>Elevtekst 3: Bibelen gir mening<\/h3>[\/et_pb_text][et_pb_text content_tablet=&#8221;<p>Jeg mener at det gir bare mening \u00e5 tro p\u00e5 skapelsesberetningen, ikke p\u00e5 evolusjonsteorien. Grunnen til at jeg mener dette er fordi at guder og historier fra lang tid siden er av betydning og et slags svar som gir oss en beskjed om hvordan alt var og hvordan verden fungerer n\u00e5.<\/p>\n<p>For det f\u00f8rste s\u00e5 har alt innholdet en bakgrunn\/historie og en mening. Det som st\u00e5r i Bibelen, har en sammenheng i tillegg til mange tegn og beskrivelser som tyder p\u00e5 at dette har skjedd og er virkelig.<\/p>\n<p>For det andre s\u00e5 er ikke evolusjonsteorien til Charles Darwin 100% bevist. Han har kanskje forsket mye p\u00e5 det og funnet mange spor, men han hadde ikke sikre svar og lignende, som gj\u00f8r at det gir mye mening \u00e5 tro p\u00e5 noen fra h\u00f8yere makter som har gitt svar og mening og har troende i mange generasjoner.<\/p>\n<p>Mye av det som st\u00e5r i historiene i Bibelen, kan vi faktisk finne fysiske bevis p\u00e5 at er sanne. Man kan for eksempel dra til steder som finnes p\u00e5 ekte, som blir fortalt om i Bibelen. P\u00e5 noen steder kan vi se skrift og lignende som passer og henger sammen med det som st\u00e5r og blir sagt i kristendommens tekster.<\/p>\n<p>Jeg mener at folk burde tro p\u00e5 det mektige og hellige fordi forfatterne av tekstene vet hva som er rett og hvordan det er lurt \u00e5 leve siden de hadde stor erfaring med livet. De har en god begrunnelse for alt de har sagt og ment. Og det er jo ingen ulempe med \u00e5 velge \u00e5 tro p\u00e5 dem og alt de har formidlet.<\/p>\n<p>Elev 3, 8. trinn<\/p>&#8221; content_phone=&#8221;<p>Jeg mener at det gir bare mening \u00e5 tro p\u00e5 skapelsesberetningen, ikke p\u00e5 evolusjonsteorien. Grunnen til at jeg mener dette er fordi at guder og historier fra lang tid siden er av betydning og et slags svar som gir oss en beskjed om hvordan alt var og hvordan verden fungerer n\u00e5.<\/p>\n<p>For det f\u00f8rste s\u00e5 har alt innholdet en bakgrunn\/historie og en mening. Det som st\u00e5r i Bibelen, har en sammenheng i tillegg til mange tegn og beskrivelser som tyder p\u00e5 at dette har skjedd og er virkelig.<\/p>\n<p>For det andre s\u00e5 er ikke evolusjonsteorien til Charles Darwin 100% bevist. Han har kanskje forsket mye p\u00e5 det og funnet mange spor, men han hadde ikke sikre svar og lignende, som gj\u00f8r at det gir mye mening \u00e5 tro p\u00e5 noen fra h\u00f8yere makter som har gitt svar og mening og har troende i mange generasjoner.<\/p>\n<p>Mye av det som st\u00e5r i historiene i Bibelen, kan vi faktisk finne fysiske bevis p\u00e5 at er sanne. Man kan for eksempel dra til steder som finnes p\u00e5 ekte, som blir fortalt om i Bibelen. P\u00e5 noen steder kan vi se skrift og lignende som passer og henger sammen med det som st\u00e5r og blir sagt i kristendommens tekster.<\/p>\n<p>Jeg mener at folk burde tro p\u00e5 det mektige og hellige fordi forfatterne av tekstene vet hva som er rett og hvordan det er lurt \u00e5 leve siden de hadde stor erfaring med livet. De har en god begrunnelse for alt de har sagt og ment. Og det er jo ingen ulempe med \u00e5 velge \u00e5 tro p\u00e5 dem og alt de har formidlet.<\/p>\n<p>Elev 3, 8. trinn<\/p>&#8221; content_last_edited=&#8221;on|phone&#8221; _builder_version=&#8221;4.27.4&#8243; _module_preset=&#8221;default&#8221; text_font_size=&#8221;17px&#8221; text_line_height=&#8221;1.8em&#8221; custom_margin=&#8221;||70px||false|false&#8221; text_font_size_tablet=&#8221;16px&#8221; text_font_size_phone=&#8221;15px&#8221; text_font_size_last_edited=&#8221;on|phone&#8221; global_colors_info=&#8221;{}&#8221;]<p>Jeg mener at det gir bare mening \u00e5 tro p\u00e5 skapelsesberetningen, ikke p\u00e5 evolusjonsteorien. Grunnen til at jeg mener dette er fordi at guder og historier fra lang tid siden er av betydning og et slags svar som gir oss en beskjed om hvordan alt var og hvordan verden fungerer n\u00e5.<\/p>\n<p>For det f\u00f8rste s\u00e5 har alt innholdet en bakgrunn\/historie og en mening. Det som st\u00e5r i Bibelen, har en sammenheng i tillegg til mange tegn og beskrivelser som tyder p\u00e5 at dette har skjedd og er virkelig.<\/p>\n<p>For det andre s\u00e5 er ikke evolusjonsteorien til Charles Darwin 100% bevist. Han har kanskje forsket mye p\u00e5 det og funnet mange spor, men han hadde ikke sikre svar og lignende, som gj\u00f8r at det gir mye mening \u00e5 tro p\u00e5 noen fra h\u00f8yere makter som har gitt svar og mening og har troende i mange generasjoner.<\/p>\n<p>Mye av det som st\u00e5r i historiene i Bibelen, kan vi faktisk finne fysiske bevis p\u00e5 at er sanne. Man kan for eksempel dra til steder som finnes p\u00e5 ekte, som blir fortalt om i Bibelen. P\u00e5 noen steder kan vi se skrift og lignende som passer og henger sammen med det som st\u00e5r og blir sagt i kristendommens tekster.<\/p>\n<p>Jeg mener at folk burde tro p\u00e5 det mektige og hellige fordi forfatterne av tekstene vet hva som er rett og hvordan det er lurt \u00e5 leve siden de hadde stor erfaring med livet. De har en god begrunnelse for alt de har sagt og ment. Og det er jo ingen ulempe med \u00e5 velge \u00e5 tro p\u00e5 dem og alt de har formidlet.<\/p>\n<p>Elev 3, 8. trinn<\/p>[\/et_pb_text][\/et_pb_column][\/et_pb_row][et_pb_row _builder_version=&#8221;4.21.0&#8243; _module_preset=&#8221;default&#8221; max_width=&#8221;850px&#8221; module_alignment=&#8221;center&#8221; global_colors_info=&#8221;{}&#8221;][et_pb_column type=&#8221;4_4&#8243; _builder_version=&#8221;4.21.0&#8243; _module_preset=&#8221;default&#8221; global_colors_info=&#8221;{}&#8221;][et_pb_code _builder_version=&#8221;4.21.0&#8243; _module_preset=&#8221;default&#8221; text_orientation=&#8221;center&#8221; global_colors_info=&#8221;{}&#8221;]<button id=\"backButton\" style=\"<!-- [et_pb_line_break_holder] -->background: #8dcfb7; <!-- [et_pb_line_break_holder] -->border-radius: 10px; <!-- [et_pb_line_break_holder] -->width: 100px; <!-- [et_pb_line_break_holder] -->height: 40px; <!-- [et_pb_line_break_holder] -->border: none; <!-- [et_pb_line_break_holder] -->font-size: 18px;<!-- [et_pb_line_break_holder] -->color: #000000; <!-- [et_pb_line_break_holder] -->transform: uppercase;&#8221; <!-- [et_pb_line_break_holder] -->onmouseover=&#8221;this.style.backgroundColor=&#8217;#5a5e5e&#8217;; this.style.color=&#8217;#ffffff&#8217;;&#8221;<!-- [et_pb_line_break_holder] -->onmouseout=&#8221;this.style.backgroundColor=&#8217;#8dcfb7&#8242;; this.style.color=&#8217;#000000&#8242;;&#8221; <!-- [et_pb_line_break_holder] -->onclick=&#8221;myFunction()&#8221;>Tilbake<\/button><!-- [et_pb_line_break_holder] --><!-- [et_pb_line_break_holder] --><script><!-- [et_pb_line_break_holder] -->document.addEventListener('DOMContentLoaded', function() {<!-- [et_pb_line_break_holder] -->  var backButton = document.getElementById('backButton'); <!-- [et_pb_line_break_holder] -->  <!-- [et_pb_line_break_holder] -->  if (backButton) {<!-- [et_pb_line_break_holder] -->    backButton.addEventListener('click', function() {<!-- [et_pb_line_break_holder] -->      window.history.back();<!-- [et_pb_line_break_holder] -->    });<!-- [et_pb_line_break_holder] -->  }<!-- [et_pb_line_break_holder] -->});<!-- [et_pb_line_break_holder] --><\/script><!-- [et_pb_line_break_holder] -->[\/et_pb_code][\/et_pb_column][\/et_pb_row][\/et_pb_section]\n","protected":false},"excerpt":{"rendered":"<p>Iscenesettelse\/ElevteksterElevtekst 1: Den logiske l\u00f8sningen!Jeg mener at det gir mest menig at \u00e5 tro p\u00e5 evolusjonsteorien fordi Darwin, som har all \u00e6ren for denne teorien, hadde folk med seg da han reiste rundt jorda. Dette gj\u00f8r det enklere \u00e5 tro p\u00e5 denne teorien. Det kommer flere argumenter og setninger som beviser dette, s\u00e5 hvorfor ikke [&hellip;]<\/p>\n","protected":false},"author":10,"featured_media":0,"parent":0,"menu_order":0,"comment_status":"closed","ping_status":"closed","template":"","meta":{"_et_pb_use_builder":"on","_et_pb_old_content":"","_et_gb_content_width":"","footnotes":""},"trinn":[],"fag":[],"class_list":["post-8583","page","type-page","status-publish","hentry"],"_links":{"self":[{"href":"https:\/\/leselop.usn.no\/index.php?rest_route=\/wp\/v2\/pages\/8583","targetHints":{"allow":["GET"]}}],"collection":[{"href":"https:\/\/leselop.usn.no\/index.php?rest_route=\/wp\/v2\/pages"}],"about":[{"href":"https:\/\/leselop.usn.no\/index.php?rest_route=\/wp\/v2\/types\/page"}],"author":[{"embeddable":true,"href":"https:\/\/leselop.usn.no\/index.php?rest_route=\/wp\/v2\/users\/10"}],"replies":[{"embeddable":true,"href":"https:\/\/leselop.usn.no\/index.php?rest_route=%2Fwp%2Fv2%2Fcomments&post=8583"}],"version-history":[{"count":4,"href":"https:\/\/leselop.usn.no\/index.php?rest_route=\/wp\/v2\/pages\/8583\/revisions"}],"predecessor-version":[{"id":10092,"href":"https:\/\/leselop.usn.no\/index.php?rest_route=\/wp\/v2\/pages\/8583\/revisions\/10092"}],"wp:attachment":[{"href":"https:\/\/leselop.usn.no\/index.php?rest_route=%2Fwp%2Fv2%2Fmedia&parent=8583"}],"wp:term":[{"taxonomy":"trinn","embeddable":true,"href":"https:\/\/leselop.usn.no\/index.php?rest_route=%2Fwp%2Fv2%2Ftrinn&post=8583"},{"taxonomy":"fag","embeddable":true,"href":"https:\/\/leselop.usn.no\/index.php?rest_route=%2Fwp%2Fv2%2Ffag&post=8583"}],"curies":[{"name":"wp","href":"https:\/\/api.w.org\/{rel}","templated":true}]}}