{"id":8339,"date":"2025-06-05T08:16:33","date_gmt":"2025-06-05T06:16:33","guid":{"rendered":"https:\/\/leselop.usn.no\/?page_id=8339"},"modified":"2025-08-07T10:03:19","modified_gmt":"2025-08-07T08:03:19","slug":"leselop-16-aktivitet-12-forskerens-refleksjon","status":"publish","type":"page","link":"https:\/\/leselop.usn.no\/?page_id=8339","title":{"rendered":"18. \u00c5 lese klassikere &#8211; Aktivitet 12 &#8211; Forskerens refleksjon"},"content":{"rendered":"\n[et_pb_section fb_built=&#8221;1&#8243; _builder_version=&#8221;4.21.0&#8243; _module_preset=&#8221;default&#8221; background_color=&#8221;#f4f4f4&#8243; custom_css_main_element=&#8221;min-height: 100vh;&#8221; da_disable_devices=&#8221;off|off|off&#8221; global_colors_info=&#8221;{}&#8221; da_is_popup=&#8221;off&#8221; da_exit_intent=&#8221;off&#8221; da_has_close=&#8221;on&#8221; da_alt_close=&#8221;off&#8221; da_dark_close=&#8221;off&#8221; da_not_modal=&#8221;on&#8221; da_is_singular=&#8221;off&#8221; da_with_loader=&#8221;off&#8221; da_has_shadow=&#8221;on&#8221;][et_pb_row column_structure=&#8221;1_4,3_4&#8243; use_custom_gutter=&#8221;on&#8221; gutter_width=&#8221;1&#8243; make_equal=&#8221;on&#8221; _builder_version=&#8221;4.27.4&#8243; _module_preset=&#8221;default&#8221; max_width=&#8221;850px&#8221; custom_css_main_element=&#8221;width:75% !important;&#8221; global_colors_info=&#8221;{}&#8221;][et_pb_column type=&#8221;1_4&#8243; _builder_version=&#8221;4.21.0&#8243; _module_preset=&#8221;default&#8221; custom_css_main_element=&#8221;width:12% !important;&#8221; global_colors_info=&#8221;{}&#8221; custom_css_main_element_last_edited=&#8221;on|phone&#8221; custom_css_main_element_tablet=&#8221;width:18% !important;&#8221; custom_css_main_element_phone=&#8221;width:30% !important;&#8221;][et_pb_image src=&#8221;https:\/\/leselop.usn.no\/wp-content\/uploads\/2025\/06\/Leselop-tankesky-green.png&#8221; title_text=&#8221;Leselop-tankesky-green&#8221; src_tablet=&#8221;https:\/\/leselop.usn.no\/wp-content\/uploads\/2025\/06\/Leselop-tankesky-green.png&#8221; src_phone=&#8221;https:\/\/leselop.usn.no\/wp-content\/uploads\/2025\/06\/Leselop-tankesky-green.png&#8221; src_last_edited=&#8221;on|phone&#8221; _builder_version=&#8221;4.27.4&#8243; _module_preset=&#8221;default&#8221; hover_enabled=&#8221;0&#8243; global_colors_info=&#8221;{}&#8221; sticky_enabled=&#8221;0&#8243;][\/et_pb_image][\/et_pb_column][et_pb_column type=&#8221;3_4&#8243; _builder_version=&#8221;4.27.4&#8243; _module_preset=&#8221;default&#8221; custom_css_main_element=&#8221;width:88% !important;||margin: auto;||padding-left: 30px;&#8221; global_colors_info=&#8221;{}&#8221; custom_css_main_element_last_edited=&#8221;on|phone&#8221; custom_css_main_element_tablet=&#8221;width:82% !important;||padding-left: 25px;||padding-top:32px&#8221; custom_css_main_element_phone=&#8221;width:70% !important;||padding-left: 15px;||padding-top:26px&#8221;][et_pb_text content_tablet=&#8221;<h1>Refleksjon<\/h1>&#8221; content_phone=&#8221;<h3><span style=%22font-size: 18.72px;%22>R<\/span><span style=%22font-size: 16px;%22>efleksjon<\/span><\/h3>&#8221; content_last_edited=&#8221;on|phone&#8221; _builder_version=&#8221;4.27.4&#8243; _module_preset=&#8221;default&#8221; hover_enabled=&#8221;0&#8243; global_colors_info=&#8221;{}&#8221; custom_css_main_element_last_edited=&#8221;on|tablet&#8221; sticky_enabled=&#8221;0&#8243;]<h1>Refleksjon<\/h1>[\/et_pb_text][\/et_pb_column][\/et_pb_row][et_pb_row custom_padding_last_edited=&#8221;on|phone&#8221; _builder_version=&#8221;4.27.4&#8243; _module_preset=&#8221;default&#8221; background_color=&#8221;#ffffff&#8221; max_width=&#8221;850px&#8221; max_width_tablet=&#8221;850px&#8221; max_width_phone=&#8221;850px&#8221; max_width_last_edited=&#8221;on|desktop&#8221; custom_padding=&#8221;70px|70px|60px|70px|false|false&#8221; custom_padding_tablet=&#8221;70px|70px|50px|70px|false|false&#8221; custom_padding_phone=&#8221;60px|50px|50px|50px|false|false&#8221; border_radii=&#8221;on|30px|30px|30px|30px&#8221; border_style_all=&#8221;dotted&#8221; global_colors_info=&#8221;{}&#8221;][et_pb_column type=&#8221;4_4&#8243; _builder_version=&#8221;4.21.0&#8243; _module_preset=&#8221;default&#8221; global_colors_info=&#8221;{}&#8221;][et_pb_text content_tablet=&#8221;<h3>Forskerens refleksjon over aktiviteten \u00e5 ta stilling til p\u00e5stander<\/h3>&#8221; content_phone=&#8221;<h4>Forskerens refleksjon over aktiviteten \u00e5 ta stilling til p\u00e5stander<\/h4>&#8221; content_last_edited=&#8221;on|phone&#8221; _builder_version=&#8221;4.27.4&#8243; _module_preset=&#8221;default&#8221; text_font_size=&#8221;17px&#8221; text_line_height=&#8221;1.8em&#8221; custom_margin=&#8221;||30px||false|false&#8221; custom_margin_tablet=&#8221;||||false|false&#8221; custom_margin_phone=&#8221;||||false|false&#8221; custom_margin_last_edited=&#8221;on|phone&#8221; text_font_size_tablet=&#8221;16px&#8221; text_font_size_phone=&#8221;15px&#8221; text_font_size_last_edited=&#8221;on|tablet&#8221; text_line_height_tablet=&#8221;1.8em&#8221; text_line_height_phone=&#8221;1.6em&#8221; text_line_height_last_edited=&#8221;on|desktop&#8221; header_3_line_height_tablet=&#8221;1.5em&#8221; header_3_line_height_phone=&#8221;1.8em&#8221; header_3_line_height_last_edited=&#8221;on|tablet&#8221; header_4_line_height_tablet=&#8221;&#8221; header_4_line_height_phone=&#8221;1.4em&#8221; header_4_line_height_last_edited=&#8221;on|phone&#8221; locked=&#8221;off&#8221; global_colors_info=&#8221;{}&#8221;]<h3>Forskerens refleksjon over aktiviteten \u00e5 ta stilling til p\u00e5stander<\/h3>[\/et_pb_text][et_pb_text content_tablet=&#8221;<p>Dette var den siste \u00f8kta i lesel\u00f8pet, og i forkant av denne aktiviteten hadde l\u00e6reren lest siste del av Forvandlinga h\u00f8yt, og elevene hadde samtalt om sp\u00f8rsm\u00e5l til den siste delen. N\u00e5r det var tid for denne siste aktiviteten, virket en del elever noks\u00e5 adspredte. Hvorvidt de ble sittende eller reiste seg, virket i noen tilfeller noks\u00e5 vilk\u00e5rlig, og da l\u00e6reren ba om begrunnelser, ble mange av disse preget av t\u00f8ys. Selve den fysiske aktiviteten medf\u00f8rte ogs\u00e5 en del uro.<\/p>\n<p>Det er ikke mulig \u00e5 si sikkert hva som f\u00f8rte til denne reaksjonen hos elevene, men jeg registrerte allerede i samtaleoppgaven etter siste h\u00f8ytlesing at lufta var g\u00e5tt litt ut av en del. En elev uttrykte eksplisitt sin frustrasjon over slutten p\u00e5 kortromanen: \u00abN\u00e5 har jeg jobba <em>s\u00e5<\/em> mye med \u00e5 henge med og forst\u00e5 hva som skjer, ogs\u00e5 ender det bare med at han d\u00f8r?\u00bb<\/p>\n<p>Det er ikke til \u00e5 komme bort fra at prim\u00e6rteksten gir leseren kontinuerlig innblikk i en hovedpersons opplevelse av ensomhet og isolasjon. Det at teksten ikke tilbyr tr\u00f8st, men tvert imot ser ut til \u00e5 feire Gregors d\u00f8d gjennom \u00e5 beskrive familiens lettelse, kan etterlate leseren i en slags sorg. Kanskje var valget av siste aktivitet ikke godt nok gjennomtenkt med tanke p\u00e5 alvoret i teksten. Et alternativ kunne v\u00e6re \u00e5 gi rom for den mulige sorgf\u00f8lelsen i en mindre utadvendt og fysisk aktivitet. For eksempel kunne elevene f\u00e5tt mulighet til \u00e5 skrive i ti minutter om sin reaksjon p\u00e5 slutten.<\/p>\n<p>\u00a0<\/p>&#8221; content_phone=&#8221;<p>Dette var den siste \u00f8kta i lesel\u00f8pet, og i forkant av denne aktiviteten hadde l\u00e6reren lest siste del av Forvandlinga h\u00f8yt, og elevene hadde samtalt om sp\u00f8rsm\u00e5l til den siste delen. N\u00e5r det var tid for denne siste aktiviteten, virket en del elever noks\u00e5 adspredte. Hvorvidt de ble sittende eller reiste seg, virket i noen tilfeller noks\u00e5 vilk\u00e5rlig, og da l\u00e6reren ba om begrunnelser, ble mange av disse preget av t\u00f8ys. Selve den fysiske aktiviteten medf\u00f8rte ogs\u00e5 en del uro.<\/p>\n<p>Det er ikke mulig \u00e5 si sikkert hva som f\u00f8rte til denne reaksjonen hos elevene, men jeg registrerte allerede i samtaleoppgaven etter siste h\u00f8ytlesing at lufta var g\u00e5tt litt ut av en del. En elev uttrykte eksplisitt sin frustrasjon over slutten p\u00e5 kortromanen: \u00abN\u00e5 har jeg jobba <em>s\u00e5<\/em> mye med \u00e5 henge med og forst\u00e5 hva som skjer, ogs\u00e5 ender det bare med at han d\u00f8r?\u00bb<\/p>\n<p>Det er ikke til \u00e5 komme bort fra at prim\u00e6rteksten gir leseren kontinuerlig innblikk i en hovedpersons opplevelse av ensomhet og isolasjon. Det at teksten ikke tilbyr tr\u00f8st, men tvert imot ser ut til \u00e5 feire Gregors d\u00f8d gjennom \u00e5 beskrive familiens lettelse, kan etterlate leseren i en slags sorg. Kanskje var valget av siste aktivitet ikke godt nok gjennomtenkt med tanke p\u00e5 alvoret i teksten. Et alternativ kunne v\u00e6re \u00e5 gi rom for den mulige sorgf\u00f8lelsen i en mindre utadvendt og fysisk aktivitet. For eksempel kunne elevene f\u00e5tt mulighet til \u00e5 skrive i ti minutter om sin reaksjon p\u00e5 slutten.<\/p>\n<p>\u00a0<\/p>&#8221; content_last_edited=&#8221;on|phone&#8221; _builder_version=&#8221;4.27.4&#8243; _module_preset=&#8221;default&#8221; text_font_size=&#8221;17px&#8221; text_line_height=&#8221;1.8em&#8221; custom_margin=&#8221;||30px||false|false&#8221; custom_margin_tablet=&#8221;||||false|false&#8221; custom_margin_phone=&#8221;||||false|false&#8221; custom_margin_last_edited=&#8221;on|phone&#8221; text_font_size_tablet=&#8221;16px&#8221; text_font_size_phone=&#8221;15px&#8221; text_font_size_last_edited=&#8221;on|tablet&#8221; text_line_height_tablet=&#8221;1.8em&#8221; text_line_height_phone=&#8221;1.6em&#8221; text_line_height_last_edited=&#8221;on|desktop&#8221; locked=&#8221;off&#8221; global_colors_info=&#8221;{}&#8221;]<p>Dette var den siste \u00f8kta i lesel\u00f8pet, og i forkant av denne aktiviteten hadde l\u00e6reren lest siste del av Forvandlinga h\u00f8yt, og elevene hadde samtalt om sp\u00f8rsm\u00e5l til den siste delen. N\u00e5r det var tid for denne siste aktiviteten, virket en del elever noks\u00e5 adspredte. Hvorvidt de ble sittende eller reiste seg, virket i noen tilfeller noks\u00e5 vilk\u00e5rlig, og da l\u00e6reren ba om begrunnelser, ble mange av disse preget av t\u00f8ys. Selve den fysiske aktiviteten medf\u00f8rte ogs\u00e5 en del uro.<\/p>\n<p>Det er ikke mulig \u00e5 si sikkert hva som f\u00f8rte til denne reaksjonen hos elevene, men jeg registrerte allerede i samtaleoppgaven etter siste h\u00f8ytlesing at lufta var g\u00e5tt litt ut av en del. En elev uttrykte eksplisitt sin frustrasjon over slutten p\u00e5 kortromanen: \u00abN\u00e5 har jeg jobba <em>s\u00e5<\/em> mye med \u00e5 henge med og forst\u00e5 hva som skjer, ogs\u00e5 ender det bare med at han d\u00f8r?\u00bb<\/p>\n<p>Det er ikke til \u00e5 komme bort fra at prim\u00e6rteksten gir leseren kontinuerlig innblikk i en hovedpersons opplevelse av ensomhet og isolasjon. Det at teksten ikke tilbyr tr\u00f8st, men tvert imot ser ut til \u00e5 feire Gregors d\u00f8d gjennom \u00e5 beskrive familiens lettelse, kan etterlate leseren i en slags sorg. Kanskje var valget av siste aktivitet ikke godt nok gjennomtenkt med tanke p\u00e5 alvoret i teksten. Et alternativ kunne v\u00e6re \u00e5 gi rom for den mulige sorgf\u00f8lelsen i en mindre utadvendt og fysisk aktivitet. For eksempel kunne elevene f\u00e5tt mulighet til \u00e5 skrive i ti minutter om sin reaksjon p\u00e5 slutten.<\/p>\n<p>&nbsp;<\/p>[\/et_pb_text][\/et_pb_column][\/et_pb_row][et_pb_row _builder_version=&#8221;4.21.0&#8243; _module_preset=&#8221;default&#8221; max_width=&#8221;850px&#8221; module_alignment=&#8221;center&#8221; custom_css_main_element=&#8221;display:flex;||justify-content: center;&#8221; global_colors_info=&#8221;{}&#8221;][et_pb_column type=&#8221;4_4&#8243; _builder_version=&#8221;4.21.0&#8243; _module_preset=&#8221;default&#8221; global_colors_info=&#8221;{}&#8221;][et_pb_code _builder_version=&#8221;4.21.0&#8243; _module_preset=&#8221;default&#8221; text_orientation=&#8221;center&#8221; text_orientation_tablet=&#8221;center&#8221; text_orientation_phone=&#8221;center&#8221; text_orientation_last_edited=&#8221;on|desktop&#8221; global_colors_info=&#8221;{}&#8221;]<button id=\"backButton\" style=\"<!-- [et_pb_line_break_holder] -->background: #8dcfb7; <!-- [et_pb_line_break_holder] -->border-radius: 10px; <!-- [et_pb_line_break_holder] -->width: 100px; <!-- [et_pb_line_break_holder] -->height: 40px; <!-- [et_pb_line_break_holder] -->border: none; <!-- [et_pb_line_break_holder] -->font-size: 18px;<!-- [et_pb_line_break_holder] -->color: #000000; <!-- [et_pb_line_break_holder] -->transform: uppercase;&#8221; <!-- [et_pb_line_break_holder] -->onmouseover=&#8221;this.style.backgroundColor=&#8217;#5a5e5e&#8217;; this.style.color=&#8217;#ffffff&#8217;;&#8221;<!-- [et_pb_line_break_holder] -->onmouseout=&#8221;this.style.backgroundColor=&#8217;#8dcfb7&#8242;; this.style.color=&#8217;#000000&#8242;;&#8221; <!-- [et_pb_line_break_holder] -->onclick=&#8221;myFunction()&#8221;>Tilbake<\/button><!-- [et_pb_line_break_holder] --><!-- [et_pb_line_break_holder] --><script><!-- [et_pb_line_break_holder] -->document.addEventListener('DOMContentLoaded', function() {<!-- [et_pb_line_break_holder] -->  var backButton = document.getElementById('backButton'); <!-- [et_pb_line_break_holder] -->  <!-- [et_pb_line_break_holder] -->  if (backButton) {<!-- [et_pb_line_break_holder] -->    backButton.addEventListener('click', function() {<!-- [et_pb_line_break_holder] -->      window.history.back();<!-- [et_pb_line_break_holder] -->    });<!-- [et_pb_line_break_holder] -->  }<!-- [et_pb_line_break_holder] -->});<!-- [et_pb_line_break_holder] --><\/script><!-- [et_pb_line_break_holder] -->[\/et_pb_code][\/et_pb_column][\/et_pb_row][\/et_pb_section]\n","protected":false},"excerpt":{"rendered":"<p>RefleksjonForskerens refleksjon over aktiviteten \u00e5 ta stilling til p\u00e5standerDette var den siste \u00f8kta i lesel\u00f8pet, og i forkant av denne aktiviteten hadde l\u00e6reren lest siste del av Forvandlinga h\u00f8yt, og elevene hadde samtalt om sp\u00f8rsm\u00e5l til den siste delen. N\u00e5r det var tid for denne siste aktiviteten, virket en del elever noks\u00e5 adspredte. Hvorvidt de [&hellip;]<\/p>\n","protected":false},"author":10,"featured_media":0,"parent":0,"menu_order":0,"comment_status":"closed","ping_status":"closed","template":"","meta":{"_et_pb_use_builder":"on","_et_pb_old_content":"","_et_gb_content_width":"","footnotes":""},"trinn":[],"fag":[],"class_list":["post-8339","page","type-page","status-publish","hentry"],"_links":{"self":[{"href":"https:\/\/leselop.usn.no\/index.php?rest_route=\/wp\/v2\/pages\/8339","targetHints":{"allow":["GET"]}}],"collection":[{"href":"https:\/\/leselop.usn.no\/index.php?rest_route=\/wp\/v2\/pages"}],"about":[{"href":"https:\/\/leselop.usn.no\/index.php?rest_route=\/wp\/v2\/types\/page"}],"author":[{"embeddable":true,"href":"https:\/\/leselop.usn.no\/index.php?rest_route=\/wp\/v2\/users\/10"}],"replies":[{"embeddable":true,"href":"https:\/\/leselop.usn.no\/index.php?rest_route=%2Fwp%2Fv2%2Fcomments&post=8339"}],"version-history":[{"count":4,"href":"https:\/\/leselop.usn.no\/index.php?rest_route=\/wp\/v2\/pages\/8339\/revisions"}],"predecessor-version":[{"id":10048,"href":"https:\/\/leselop.usn.no\/index.php?rest_route=\/wp\/v2\/pages\/8339\/revisions\/10048"}],"wp:attachment":[{"href":"https:\/\/leselop.usn.no\/index.php?rest_route=%2Fwp%2Fv2%2Fmedia&parent=8339"}],"wp:term":[{"taxonomy":"trinn","embeddable":true,"href":"https:\/\/leselop.usn.no\/index.php?rest_route=%2Fwp%2Fv2%2Ftrinn&post=8339"},{"taxonomy":"fag","embeddable":true,"href":"https:\/\/leselop.usn.no\/index.php?rest_route=%2Fwp%2Fv2%2Ffag&post=8339"}],"curies":[{"name":"wp","href":"https:\/\/api.w.org\/{rel}","templated":true}]}}