{"id":8259,"date":"2025-06-04T13:29:34","date_gmt":"2025-06-04T11:29:34","guid":{"rendered":"https:\/\/leselop.usn.no\/?page_id=8259"},"modified":"2025-08-07T10:04:11","modified_gmt":"2025-08-07T08:04:11","slug":"leselop-16-aktivitet-3-videre-inn-i-romanen","status":"publish","type":"page","link":"https:\/\/leselop.usn.no\/?page_id=8259","title":{"rendered":"18. \u00c5 lese klassikere &#8211; Aktivitet 3 &#8211; Elevers refleksjon"},"content":{"rendered":"\n[et_pb_section fb_built=&#8221;1&#8243; _builder_version=&#8221;4.21.0&#8243; _module_preset=&#8221;default&#8221; background_color=&#8221;#f4f4f4&#8243; custom_css_main_element=&#8221;min-height: 100vh;&#8221; da_disable_devices=&#8221;off|off|off&#8221; global_colors_info=&#8221;{}&#8221; da_is_popup=&#8221;off&#8221; da_exit_intent=&#8221;off&#8221; da_has_close=&#8221;on&#8221; da_alt_close=&#8221;off&#8221; da_dark_close=&#8221;off&#8221; da_not_modal=&#8221;on&#8221; da_is_singular=&#8221;off&#8221; da_with_loader=&#8221;off&#8221; da_has_shadow=&#8221;on&#8221;][et_pb_row column_structure=&#8221;1_4,3_4&#8243; use_custom_gutter=&#8221;on&#8221; gutter_width=&#8221;1&#8243; make_equal=&#8221;on&#8221; _builder_version=&#8221;4.27.4&#8243; _module_preset=&#8221;default&#8221; max_width=&#8221;850px&#8221; custom_css_main_element=&#8221;width:75% !important;&#8221; locked=&#8221;off&#8221; global_colors_info=&#8221;{}&#8221;][et_pb_column type=&#8221;1_4&#8243; _builder_version=&#8221;4.21.0&#8243; _module_preset=&#8221;default&#8221; custom_css_main_element=&#8221;width:12% !important;&#8221; global_colors_info=&#8221;{}&#8221; custom_css_main_element_last_edited=&#8221;on|phone&#8221; custom_css_main_element_tablet=&#8221;width:18% !important;&#8221; custom_css_main_element_phone=&#8221;width:30% !important;&#8221;][et_pb_image src=&#8221;https:\/\/leselop.usn.no\/wp-content\/uploads\/2025\/06\/Leselop-tankesky-green.png&#8221; title_text=&#8221;Leselop-tankesky-green&#8221; src_tablet=&#8221;https:\/\/leselop.usn.no\/wp-content\/uploads\/2025\/06\/Leselop-tankesky-green.png&#8221; src_phone=&#8221;https:\/\/leselop.usn.no\/wp-content\/uploads\/2025\/06\/Leselop-tankesky-green.png&#8221; src_last_edited=&#8221;on|phone&#8221; _builder_version=&#8221;4.27.4&#8243; _module_preset=&#8221;default&#8221; hover_enabled=&#8221;0&#8243; global_colors_info=&#8221;{}&#8221; sticky_enabled=&#8221;0&#8243;][\/et_pb_image][\/et_pb_column][et_pb_column type=&#8221;3_4&#8243; _builder_version=&#8221;4.27.4&#8243; _module_preset=&#8221;default&#8221; custom_css_main_element=&#8221;width:88% !important;||margin: auto;||padding-left: 30px;&#8221; global_colors_info=&#8221;{}&#8221; custom_css_main_element_last_edited=&#8221;on|phone&#8221; custom_css_main_element_tablet=&#8221;width:82% !important;||padding-left: 25px;||padding-top:32px&#8221; custom_css_main_element_phone=&#8221;width:70% !important;||padding-left: 15px;||padding-top:26px&#8221;][et_pb_text content_tablet=&#8221;<h1>Refleksjon<\/h1>&#8221; content_phone=&#8221;<h3><span style=%22font-size: 18.72px;%22>R<\/span><span style=%22font-size: 16px;%22>efleksjon<\/span><\/h3>&#8221; content_last_edited=&#8221;on|phone&#8221; _builder_version=&#8221;4.27.4&#8243; _module_preset=&#8221;default&#8221; hover_enabled=&#8221;0&#8243; global_colors_info=&#8221;{}&#8221; custom_css_main_element_last_edited=&#8221;on|tablet&#8221; sticky_enabled=&#8221;0&#8243;]<h1>Refleksjon<\/h1>[\/et_pb_text][\/et_pb_column][\/et_pb_row][et_pb_row custom_padding_last_edited=&#8221;on|phone&#8221; _builder_version=&#8221;4.27.4&#8243; _module_preset=&#8221;default&#8221; background_color=&#8221;#ffffff&#8221; max_width=&#8221;850px&#8221; max_width_tablet=&#8221;850px&#8221; max_width_phone=&#8221;850px&#8221; max_width_last_edited=&#8221;on|desktop&#8221; custom_padding=&#8221;70px|70px|60px|70px|false|false&#8221; custom_padding_tablet=&#8221;70px|70px|50px|70px|false|false&#8221; custom_padding_phone=&#8221;60px|50px|50px|50px|false|false&#8221; border_radii=&#8221;on|30px|30px|30px|30px&#8221; border_style_all=&#8221;dotted&#8221; locked=&#8221;off&#8221; global_colors_info=&#8221;{}&#8221;][et_pb_column type=&#8221;4_4&#8243; _builder_version=&#8221;4.21.0&#8243; _module_preset=&#8221;default&#8221; global_colors_info=&#8221;{}&#8221;][et_pb_text content_tablet=&#8221;<h3>Elevers refleksjon over l\u00e6rerens oppsummering av hjemmelesing<\/h3>&#8221; content_phone=&#8221;<h4>Elevers refleksjon over l\u00e6rerens oppsummering av hjemmelesing<\/h4>&#8221; content_last_edited=&#8221;on|phone&#8221; _builder_version=&#8221;4.27.4&#8243; _module_preset=&#8221;default&#8221; text_font_size=&#8221;17px&#8221; text_line_height=&#8221;1.8em&#8221; custom_margin=&#8221;||30px||false|false&#8221; custom_margin_tablet=&#8221;||||false|false&#8221; custom_margin_phone=&#8221;||||false|false&#8221; custom_margin_last_edited=&#8221;on|phone&#8221; text_font_size_tablet=&#8221;16px&#8221; text_font_size_phone=&#8221;15px&#8221; text_font_size_last_edited=&#8221;on|tablet&#8221; text_line_height_tablet=&#8221;1.8em&#8221; text_line_height_phone=&#8221;1.6em&#8221; text_line_height_last_edited=&#8221;on|desktop&#8221; header_3_line_height_tablet=&#8221;1.5em&#8221; header_3_line_height_phone=&#8221;1.8em&#8221; header_3_line_height_last_edited=&#8221;on|tablet&#8221; header_4_line_height_tablet=&#8221;&#8221; header_4_line_height_phone=&#8221;1.4em&#8221; header_4_line_height_last_edited=&#8221;on|phone&#8221; locked=&#8221;off&#8221; global_colors_info=&#8221;{}&#8221;]<h3>Elevers refleksjon over l\u00e6rerens oppsummering av hjemmelesing<\/h3>[\/et_pb_text][et_pb_text content_tablet=&#8221;<p>En del elever strevde med \u00e5 f\u00e5 med seg det de leste hjemme, fra en \u00f8kt til en annen, og l\u00e6rerens oppsummering p\u00e5 tavla var noe av det elevene trakk fram som viktig for at de klarte \u00e5 henge med gjennom hele arbeidet. \u00abDet var bra at du oppsummerte\u00bb, sa en elev etter f\u00f8rste gjennomf\u00f8ring av denne aktiviteten. Etter at lesel\u00f8pet var gjennomf\u00f8rt, var det flere elever som uttrykte nytten av oppsummeringene, og de trakk fram det at l\u00e6reren tegnet p\u00e5 tavla under denne aktiviteten som en hjelp til \u00e5 visualisere handlingen i teksten f\u00f8r de skulle i gang med \u00e5 samtale om den i grupper og hel klasse:<\/p>\n<p>\u00abDet var nesten det beste, synes jeg, n\u00e5r l\u00e6reren forklarte og tegnet p\u00e5 tavla for eksempel hva som skjedde n\u00e5r Gregor g\u00e5r etter moren sin og hun besvimer og faren kommer hjem og begynner \u00e5 kaste epler.\u00bb (Nora)<\/p>\n<p>\u00abJeg fikk ikke lest noe s\u00e6rlig hjemme fordi jeg er egentlig ganske lite motivert til \u00e5 lese, og da hjalp det med handlingsreferat, s\u00e5 jeg ikke var helt <em>lost<\/em>.\u00bb (Linnea)<\/p>\n<p>\u00abDet var ganske vanskelig spr\u00e5k, s\u00e5 det var mye jeg ikke forsto. N\u00e5r l\u00e6reren tegna og fortalte, forsto jeg litt mer.\u00bb (Thomas)<\/p>&#8221; content_phone=&#8221;<p>En del elever strevde med \u00e5 f\u00e5 med seg det de leste hjemme, fra en \u00f8kt til en annen, og l\u00e6rerens oppsummering p\u00e5 tavla var noe av det elevene trakk fram som viktig for at de klarte \u00e5 henge med gjennom hele arbeidet. \u00abDet var bra at du oppsummerte\u00bb, sa en elev etter f\u00f8rste gjennomf\u00f8ring av denne aktiviteten. Etter at lesel\u00f8pet var gjennomf\u00f8rt, var det flere elever som uttrykte nytten av oppsummeringene, og de trakk fram det at l\u00e6reren tegnet p\u00e5 tavla under denne aktiviteten som en hjelp til \u00e5 visualisere handlingen i teksten f\u00f8r de skulle i gang med \u00e5 samtale om den i grupper og hel klasse:<\/p>\n<p>\u00abDet var nesten det beste, synes jeg, n\u00e5r l\u00e6reren forklarte og tegnet p\u00e5 tavla for eksempel hva som skjedde n\u00e5r Gregor g\u00e5r etter moren sin og hun besvimer og faren kommer hjem og begynner \u00e5 kaste epler.\u00bb (Nora)<\/p>\n<p>\u00abJeg fikk ikke lest noe s\u00e6rlig hjemme fordi jeg er egentlig ganske lite motivert til \u00e5 lese, og da hjalp det med handlingsreferat, s\u00e5 jeg ikke var helt <em>lost<\/em>.\u00bb (Linnea)<\/p>\n<p>\u00abDet var ganske vanskelig spr\u00e5k, s\u00e5 det var mye jeg ikke forsto. N\u00e5r l\u00e6reren tegna og fortalte, forsto jeg litt mer.\u00bb (Thomas)<\/p>&#8221; content_last_edited=&#8221;on|phone&#8221; _builder_version=&#8221;4.27.4&#8243; _module_preset=&#8221;default&#8221; text_font_size=&#8221;17px&#8221; text_line_height=&#8221;1.8em&#8221; custom_margin=&#8221;||30px||false|false&#8221; custom_margin_tablet=&#8221;||||false|false&#8221; custom_margin_phone=&#8221;||||false|false&#8221; custom_margin_last_edited=&#8221;on|phone&#8221; text_font_size_tablet=&#8221;16px&#8221; text_font_size_phone=&#8221;15px&#8221; text_font_size_last_edited=&#8221;on|tablet&#8221; text_line_height_tablet=&#8221;1.8em&#8221; text_line_height_phone=&#8221;1.6em&#8221; text_line_height_last_edited=&#8221;on|desktop&#8221; locked=&#8221;off&#8221; global_colors_info=&#8221;{}&#8221;]<p>En del elever strevde med \u00e5 f\u00e5 med seg det de leste hjemme, fra en \u00f8kt til en annen, og l\u00e6rerens oppsummering p\u00e5 tavla var noe av det elevene trakk fram som viktig for at de klarte \u00e5 henge med gjennom hele arbeidet. \u00abDet var bra at du oppsummerte\u00bb, sa en elev etter f\u00f8rste gjennomf\u00f8ring av denne aktiviteten. Etter at lesel\u00f8pet var gjennomf\u00f8rt, var det flere elever som uttrykte nytten av oppsummeringene, og de trakk fram det at l\u00e6reren tegnet p\u00e5 tavla under denne aktiviteten som en hjelp til \u00e5 visualisere handlingen i teksten f\u00f8r de skulle i gang med \u00e5 samtale om den i grupper og hel klasse:<\/p>\n<p>\u00abDet var nesten det beste, synes jeg, n\u00e5r l\u00e6reren forklarte og tegnet p\u00e5 tavla for eksempel hva som skjedde n\u00e5r Gregor g\u00e5r etter moren sin og hun besvimer og faren kommer hjem og begynner \u00e5 kaste epler.\u00bb (Nora)<\/p>\n<p>\u00abJeg fikk ikke lest noe s\u00e6rlig hjemme fordi jeg er egentlig ganske lite motivert til \u00e5 lese, og da hjalp det med handlingsreferat, s\u00e5 jeg ikke var helt <em>lost<\/em>.\u00bb (Linnea)<\/p>\n<p>\u00abDet var ganske vanskelig spr\u00e5k, s\u00e5 det var mye jeg ikke forsto. N\u00e5r l\u00e6reren tegna og fortalte, forsto jeg litt mer.\u00bb (Thomas)<\/p>[\/et_pb_text][\/et_pb_column][\/et_pb_row][et_pb_row _builder_version=&#8221;4.21.0&#8243; _module_preset=&#8221;default&#8221; max_width=&#8221;850px&#8221; module_alignment=&#8221;center&#8221; custom_css_main_element=&#8221;display:flex;||justify-content: center;&#8221; global_colors_info=&#8221;{}&#8221;][et_pb_column type=&#8221;4_4&#8243; _builder_version=&#8221;4.21.0&#8243; _module_preset=&#8221;default&#8221; global_colors_info=&#8221;{}&#8221;][et_pb_code _builder_version=&#8221;4.21.0&#8243; _module_preset=&#8221;default&#8221; text_orientation=&#8221;center&#8221; text_orientation_tablet=&#8221;center&#8221; text_orientation_phone=&#8221;center&#8221; text_orientation_last_edited=&#8221;on|desktop&#8221; global_colors_info=&#8221;{}&#8221;]<button id=\"backButton\" style=\"<!-- [et_pb_line_break_holder] -->background: #8dcfb7; <!-- [et_pb_line_break_holder] -->border-radius: 10px; <!-- [et_pb_line_break_holder] -->width: 100px; <!-- [et_pb_line_break_holder] -->height: 40px; <!-- [et_pb_line_break_holder] -->border: none; <!-- [et_pb_line_break_holder] -->font-size: 18px;<!-- [et_pb_line_break_holder] -->color: #000000; <!-- [et_pb_line_break_holder] -->transform: uppercase;&#8221; <!-- [et_pb_line_break_holder] -->onmouseover=&#8221;this.style.backgroundColor=&#8217;#5a5e5e&#8217;; this.style.color=&#8217;#ffffff&#8217;;&#8221;<!-- [et_pb_line_break_holder] -->onmouseout=&#8221;this.style.backgroundColor=&#8217;#8dcfb7&#8242;; this.style.color=&#8217;#000000&#8242;;&#8221; <!-- [et_pb_line_break_holder] -->onclick=&#8221;myFunction()&#8221;>Tilbake<\/button><!-- [et_pb_line_break_holder] --><!-- [et_pb_line_break_holder] --><script><!-- [et_pb_line_break_holder] -->document.addEventListener('DOMContentLoaded', function() {<!-- [et_pb_line_break_holder] -->  var backButton = document.getElementById('backButton'); <!-- [et_pb_line_break_holder] -->  <!-- [et_pb_line_break_holder] -->  if (backButton) {<!-- [et_pb_line_break_holder] -->    backButton.addEventListener('click', function() {<!-- [et_pb_line_break_holder] -->      window.history.back();<!-- [et_pb_line_break_holder] -->    });<!-- [et_pb_line_break_holder] -->  }<!-- [et_pb_line_break_holder] -->});<!-- [et_pb_line_break_holder] --><\/script><!-- [et_pb_line_break_holder] -->[\/et_pb_code][\/et_pb_column][\/et_pb_row][\/et_pb_section]\n","protected":false},"excerpt":{"rendered":"<p>RefleksjonElevers refleksjon over l\u00e6rerens oppsummering av hjemmelesingEn del elever strevde med \u00e5 f\u00e5 med seg det de leste hjemme, fra en \u00f8kt til en annen, og l\u00e6rerens oppsummering p\u00e5 tavla var noe av det elevene trakk fram som viktig for at de klarte \u00e5 henge med gjennom hele arbeidet. \u00abDet var bra at du oppsummerte\u00bb, [&hellip;]<\/p>\n","protected":false},"author":10,"featured_media":0,"parent":0,"menu_order":0,"comment_status":"closed","ping_status":"closed","template":"","meta":{"_et_pb_use_builder":"on","_et_pb_old_content":"","_et_gb_content_width":"","footnotes":""},"trinn":[],"fag":[],"class_list":["post-8259","page","type-page","status-publish","hentry"],"_links":{"self":[{"href":"https:\/\/leselop.usn.no\/index.php?rest_route=\/wp\/v2\/pages\/8259","targetHints":{"allow":["GET"]}}],"collection":[{"href":"https:\/\/leselop.usn.no\/index.php?rest_route=\/wp\/v2\/pages"}],"about":[{"href":"https:\/\/leselop.usn.no\/index.php?rest_route=\/wp\/v2\/types\/page"}],"author":[{"embeddable":true,"href":"https:\/\/leselop.usn.no\/index.php?rest_route=\/wp\/v2\/users\/10"}],"replies":[{"embeddable":true,"href":"https:\/\/leselop.usn.no\/index.php?rest_route=%2Fwp%2Fv2%2Fcomments&post=8259"}],"version-history":[{"count":6,"href":"https:\/\/leselop.usn.no\/index.php?rest_route=\/wp\/v2\/pages\/8259\/revisions"}],"predecessor-version":[{"id":10052,"href":"https:\/\/leselop.usn.no\/index.php?rest_route=\/wp\/v2\/pages\/8259\/revisions\/10052"}],"wp:attachment":[{"href":"https:\/\/leselop.usn.no\/index.php?rest_route=%2Fwp%2Fv2%2Fmedia&parent=8259"}],"wp:term":[{"taxonomy":"trinn","embeddable":true,"href":"https:\/\/leselop.usn.no\/index.php?rest_route=%2Fwp%2Fv2%2Ftrinn&post=8259"},{"taxonomy":"fag","embeddable":true,"href":"https:\/\/leselop.usn.no\/index.php?rest_route=%2Fwp%2Fv2%2Ffag&post=8259"}],"curies":[{"name":"wp","href":"https:\/\/api.w.org\/{rel}","templated":true}]}}