{"id":8254,"date":"2025-06-04T13:09:15","date_gmt":"2025-06-04T11:09:15","guid":{"rendered":"https:\/\/leselop.usn.no\/?page_id=8254"},"modified":"2025-08-07T10:03:46","modified_gmt":"2025-08-07T08:03:46","slug":"leselop-16-aktivitet-1-noen-elevsvar-i-helklassesamtalen","status":"publish","type":"page","link":"https:\/\/leselop.usn.no\/?page_id=8254","title":{"rendered":"18. \u00c5 lese klassikere &#8211; Aktivitet 2 &#8211; Noen elevsvar i helklassesamtalen"},"content":{"rendered":"\n[et_pb_section fb_built=&#8221;1&#8243; _builder_version=&#8221;4.21.0&#8243; _module_preset=&#8221;default&#8221; background_color=&#8221;#f4f4f4&#8243; custom_css_main_element=&#8221;min-height: 100vh;&#8221; da_disable_devices=&#8221;off|off|off&#8221; global_colors_info=&#8221;{}&#8221; da_is_popup=&#8221;off&#8221; da_exit_intent=&#8221;off&#8221; da_has_close=&#8221;on&#8221; da_alt_close=&#8221;off&#8221; da_dark_close=&#8221;off&#8221; da_not_modal=&#8221;on&#8221; da_is_singular=&#8221;off&#8221; da_with_loader=&#8221;off&#8221; da_has_shadow=&#8221;on&#8221;][et_pb_row column_structure=&#8221;1_4,3_4&#8243; use_custom_gutter=&#8221;on&#8221; gutter_width=&#8221;1&#8243; make_equal=&#8221;on&#8221; _builder_version=&#8221;4.27.4&#8243; _module_preset=&#8221;default&#8221; max_width=&#8221;850px&#8221; custom_css_main_element=&#8221;width:75% !important;&#8221; global_colors_info=&#8221;{}&#8221;][et_pb_column type=&#8221;1_4&#8243; _builder_version=&#8221;4.21.0&#8243; _module_preset=&#8221;default&#8221; custom_css_main_element=&#8221;width:12% !important;&#8221; global_colors_info=&#8221;{}&#8221; custom_css_main_element_last_edited=&#8221;on|phone&#8221; custom_css_main_element_tablet=&#8221;width:18% !important;&#8221; custom_css_main_element_phone=&#8221;width:30% !important;&#8221;][et_pb_image src=&#8221;https:\/\/leselop.usn.no\/wp-content\/uploads\/2025\/06\/Leselop-clapboard-green.png&#8221; title_text=&#8221;Leselop-clapboard-green&#8221; src_tablet=&#8221;https:\/\/leselop.usn.no\/wp-content\/uploads\/2025\/06\/Leselop-clapboard-green.png&#8221; src_phone=&#8221;https:\/\/leselop.usn.no\/wp-content\/uploads\/2025\/06\/Leselop-clapboard-green.png&#8221; src_last_edited=&#8221;on|phone&#8221; _builder_version=&#8221;4.27.4&#8243; _module_preset=&#8221;default&#8221; hover_enabled=&#8221;0&#8243; global_colors_info=&#8221;{}&#8221; sticky_enabled=&#8221;0&#8243;][\/et_pb_image][\/et_pb_column][et_pb_column type=&#8221;3_4&#8243; _builder_version=&#8221;4.27.4&#8243; _module_preset=&#8221;default&#8221; custom_css_main_element=&#8221;width:88% !important;||margin: auto;||padding-left: 30px;&#8221; global_colors_info=&#8221;{}&#8221; custom_css_main_element_last_edited=&#8221;on|phone&#8221; custom_css_main_element_tablet=&#8221;width:82% !important;||padding-left: 25px;||padding-top:14px&#8221; custom_css_main_element_phone=&#8221;width:70% !important;||padding-left: 15px;||padding-top:16px&#8221;][et_pb_text content_tablet=&#8221;<h1>Noen elevsvar i<\/h1>\n<h1>helklassesamtalen<\/h1>&#8221; content_phone=&#8221;<h3>Noen elevsvar i<\/h3>\n<h3>helklassesamtalen<\/h3>&#8221; content_last_edited=&#8221;on|phone&#8221; _builder_version=&#8221;4.27.4&#8243; _module_preset=&#8221;default&#8221; hover_enabled=&#8221;0&#8243; global_colors_info=&#8221;{}&#8221; sticky_enabled=&#8221;0&#8243;]<h1>Noen elevsvar i helklassesamtalen<\/h1>[\/et_pb_text][\/et_pb_column][\/et_pb_row][et_pb_row custom_padding_last_edited=&#8221;on|phone&#8221; _builder_version=&#8221;4.27.4&#8243; _module_preset=&#8221;default&#8221; background_color=&#8221;#ffffff&#8221; max_width=&#8221;850px&#8221; max_width_tablet=&#8221;850px&#8221; max_width_phone=&#8221;850px&#8221; max_width_last_edited=&#8221;on|desktop&#8221; custom_padding=&#8221;80px|70px|70px|70px|false|false&#8221; custom_padding_tablet=&#8221;70px|70px|50px|70px|false|false&#8221; custom_padding_phone=&#8221;60px|50px|60px|50px|false|false&#8221; border_radii=&#8221;on|30px|30px|30px|30px&#8221; border_style_all=&#8221;dotted&#8221; locked=&#8221;off&#8221; global_colors_info=&#8221;{}&#8221;][et_pb_column type=&#8221;4_4&#8243; _builder_version=&#8221;4.21.0&#8243; _module_preset=&#8221;default&#8221; global_colors_info=&#8221;{}&#8221;][et_pb_text content_tablet=&#8221;<h4>Noen elevsvar i helklassesamtalen om<\/h4>\n<h4>Forvandlinga, side 23\u201331<\/h4>&#8221; content_phone=&#8221;<h4>Noen elevsvar i helklassesamtalen om Forvandlinga, side 23\u201331<\/h4>&#8221; content_last_edited=&#8221;on|phone&#8221; _builder_version=&#8221;4.27.4&#8243; _module_preset=&#8221;default&#8221; text_font_size=&#8221;17px&#8221; text_line_height=&#8221;1.8em&#8221; header_4_line_height=&#8221;1.4em&#8221; custom_margin=&#8221;||60px||false|false&#8221; custom_margin_tablet=&#8221;||||false|false&#8221; custom_margin_phone=&#8221;||||false|false&#8221; custom_margin_last_edited=&#8221;on|phone&#8221; custom_padding=&#8221;||20px||false|false&#8221; text_line_height_tablet=&#8221;1.8em&#8221; text_line_height_phone=&#8221;1.5em&#8221; text_line_height_last_edited=&#8221;on|desktop&#8221; border_width_bottom=&#8221;1px&#8221; border_color_bottom=&#8221;#82C8AE&#8221; locked=&#8221;off&#8221; global_colors_info=&#8221;{}&#8221;]<h3>Forvandlinga, side 23\u201331<\/h3>[\/et_pb_text][et_pb_text content_tablet=&#8221;<h4>P\u00e5 sp\u00f8rsm\u00e5l om hvordan de forestilte seg at krypet Gregor var blitt forvandlet til, s\u00e5 ut, svarte noen av elevene:<\/h4>&#8221; content_phone=&#8221;<h4>P\u00e5 sp\u00f8rsm\u00e5l om hvordan de forestilte seg at krypet Gregor var blitt forvandlet til, s\u00e5 ut, svarte noen av elevene:<\/h4>&#8221; content_last_edited=&#8221;on|tablet&#8221; _builder_version=&#8221;4.27.4&#8243; _module_preset=&#8221;default&#8221; text_font_size=&#8221;17px&#8221; text_line_height=&#8221;1.8em&#8221; header_3_line_height=&#8221;1.5em&#8221; header_4_line_height=&#8221;1.4em&#8221; width_tablet=&#8221;&#8221; width_phone=&#8221;&#8221; width_last_edited=&#8221;on|tablet&#8221; custom_margin=&#8221;||10px||false|false&#8221; custom_margin_tablet=&#8221;||||false|false&#8221; custom_margin_phone=&#8221;-10px||||false|false&#8221; custom_margin_last_edited=&#8221;on|phone&#8221; custom_padding=&#8221;0px||||false|false&#8221; text_font_size_tablet=&#8221;16px&#8221; text_font_size_phone=&#8221;15px&#8221; text_font_size_last_edited=&#8221;on|phone&#8221; text_line_height_tablet=&#8221;1.8em&#8221; text_line_height_phone=&#8221;1.5em&#8221; text_line_height_last_edited=&#8221;on|desktop&#8221; header_3_line_height_tablet=&#8221;1.5em&#8221; header_3_line_height_phone=&#8221;1.8em&#8221; header_3_line_height_last_edited=&#8221;on|phone&#8221; header_4_line_height_tablet=&#8221;1.6em&#8221; header_4_line_height_phone=&#8221;1.4em&#8221; header_4_line_height_last_edited=&#8221;on|tablet&#8221; locked=&#8221;off&#8221; global_colors_info=&#8221;{}&#8221;]<h3>P\u00e5 sp\u00f8rsm\u00e5l om hvordan de forestilte seg at krypet Gregor var blitt forvandlet til, s\u00e5 ut, svarte noen av elevene:<\/h3>[\/et_pb_text][et_pb_text content_tablet=&#8221;<p>\u00abDet ser ut som en bille \u2013 eller en kakerlakk?\u00bb (Emil)<br \/>\u00abKanskje det ser ut som en slange? Et tusenbein? En snegle?\u00bb (Julie)<br \/>\u00abVi tenkte ogs\u00e5 en stor bille med mange bein og med et rundt skall p\u00e5 ryggen %91\u2026%93, siden han s\u00e5 jo de tynne beina sine og klarte ikke \u00e5 rulle seg over p\u00e5 siden med \u00e9n gang.\u00bb (Lukas)<br \/>\u00abGanske stygg, passe st\u00f8rrelse. Og sort med hvite prikker! Hadde han ikke ogs\u00e5 mange riller p\u00e5 magen? Hva er egentlig riller? Striper?\u00bb (Jonas)<\/p>&#8221; content_phone=&#8221;<p>\u00abDet ser ut som en bille \u2013 eller en kakerlakk?\u00bb (Emil)<br \/>\u00abKanskje det ser ut som en slange? Et tusenbein? En snegle?\u00bb (Julie)<br \/>\u00abVi tenkte ogs\u00e5 en stor bille med mange bein og med et rundt skall p\u00e5 ryggen %91\u2026%93, siden han s\u00e5 jo de tynne beina sine og klarte ikke \u00e5 rulle seg over p\u00e5 siden med \u00e9n gang.\u00bb (Lukas)<br \/>\u00abGanske stygg, passe st\u00f8rrelse. Og sort med hvite prikker! Hadde han ikke ogs\u00e5 mange riller p\u00e5 magen? Hva er egentlig riller? Striper?\u00bb (Jonas)<\/p>&#8221; content_last_edited=&#8221;on|phone&#8221; _builder_version=&#8221;4.27.4&#8243; _module_preset=&#8221;default&#8221; text_font_size=&#8221;17px&#8221; text_line_height=&#8221;1.8em&#8221; custom_margin=&#8221;||30px||false|false&#8221; custom_margin_tablet=&#8221;||||false|false&#8221; custom_margin_phone=&#8221;||||false|false&#8221; custom_margin_last_edited=&#8221;on|phone&#8221; text_font_size_tablet=&#8221;16px&#8221; text_font_size_phone=&#8221;15px&#8221; text_font_size_last_edited=&#8221;on|phone&#8221; text_line_height_tablet=&#8221;1.8em&#8221; text_line_height_phone=&#8221;1.5em&#8221; text_line_height_last_edited=&#8221;on|desktop&#8221; locked=&#8221;off&#8221; global_colors_info=&#8221;{}&#8221;]<p>\u00abDet ser ut som en bille \u2013 eller en kakerlakk?\u00bb (Emil)<br \/>\u00abKanskje det ser ut som en slange? Et tusenbein? En snegle?\u00bb (Julie)<br \/>\u00abVi tenkte ogs\u00e5 en stor bille med mange bein og med et rundt skall p\u00e5 ryggen [\u2026], siden han s\u00e5 jo de tynne beina sine og klarte ikke \u00e5 rulle seg over p\u00e5 siden med \u00e9n gang.\u00bb (Lukas)<br \/>\u00abGanske stygg, passe st\u00f8rrelse. Og sort med hvite prikker! Hadde han ikke ogs\u00e5 mange riller p\u00e5 magen? Hva er egentlig riller? Striper?\u00bb (Jonas)<\/p>[\/et_pb_text][et_pb_text content_tablet=&#8221;<h4>P\u00e5 sp\u00f8rsm\u00e5l om hva Gregors forvandling kunne symbolisere, svarte noen av elevene:<\/h4>&#8221; content_phone=&#8221;<h4>P\u00e5 sp\u00f8rsm\u00e5l om hva Gregors forvandling kunne symbolisere, svarte noen av elevene:<\/h4>&#8221; content_last_edited=&#8221;on|tablet&#8221; _builder_version=&#8221;4.27.4&#8243; _module_preset=&#8221;default&#8221; text_font_size=&#8221;17px&#8221; text_line_height=&#8221;1.8em&#8221; header_3_line_height=&#8221;1.5em&#8221; header_4_line_height=&#8221;1.5em&#8221; custom_margin=&#8221;||10px||false|false&#8221; custom_margin_tablet=&#8221;||||false|false&#8221; custom_margin_phone=&#8221;||||false|false&#8221; custom_margin_last_edited=&#8221;on|phone&#8221; custom_padding=&#8221;30px||||false|false&#8221; text_font_size_tablet=&#8221;16px&#8221; text_font_size_phone=&#8221;15px&#8221; text_font_size_last_edited=&#8221;on|phone&#8221; text_line_height_tablet=&#8221;1.8em&#8221; text_line_height_phone=&#8221;1.5em&#8221; text_line_height_last_edited=&#8221;on|desktop&#8221; header_4_line_height_tablet=&#8221;1.6em&#8221; header_4_line_height_phone=&#8221;1.4em&#8221; header_4_line_height_last_edited=&#8221;on|phone&#8221; locked=&#8221;off&#8221; global_colors_info=&#8221;{}&#8221;]<h3>P\u00e5 sp\u00f8rsm\u00e5l om hva Gregors forvandling kunne symbolisere, svarte noen av elevene:<\/h3>[\/et_pb_text][et_pb_text content_tablet=&#8221;<p>\u00abKanskje at det er lov \u00e5 v\u00e6re annerledes? At alle mennesker er like mye verdt?\u00bb (Sara)<br \/>\u00abVi tror det symboliserer en stor endring i livet.\u00bb (Sander)<br \/>\u00abKanskje det \u00e5 v\u00e6re sliten? Eller f\u00f8le seg rar. For eksempel \u00e5 bli gammel?\u00bb (Emilie)<br \/>\u00abAt det kan v\u00e6re vanskelig \u00e5 st\u00e5 opp!\u00bb (William)<br \/>\u00abVi vet ikke helt %91\u2026%93. Kanskje det kan ha noe med buddhismen \u00e5 gj\u00f8re? At han har blitt gjenf\u00f8dt? Karma, liksom?\u00bb (Mo)<\/p>&#8221; content_phone=&#8221;<p>\u00abKanskje at det er lov \u00e5 v\u00e6re annerledes? At alle mennesker er like mye verdt?\u00bb (Sara)<br \/>\u00abVi tror det symboliserer en stor endring i livet.\u00bb (Sander)<br \/>\u00abKanskje det \u00e5 v\u00e6re sliten? Eller f\u00f8le seg rar. For eksempel \u00e5 bli gammel?\u00bb (Emilie)<br \/>\u00abAt det kan v\u00e6re vanskelig \u00e5 st\u00e5 opp!\u00bb (William)<br \/>\u00abVi vet ikke helt %91\u2026%93. Kanskje det kan ha noe med buddhismen \u00e5 gj\u00f8re? At han har blitt gjenf\u00f8dt? Karma, liksom?\u00bb (Mo)<\/p>&#8221; content_last_edited=&#8221;on|phone&#8221; _builder_version=&#8221;4.27.4&#8243; _module_preset=&#8221;default&#8221; text_font_size=&#8221;17px&#8221; text_line_height=&#8221;1.8em&#8221; custom_margin=&#8221;||30px||false|false&#8221; custom_margin_tablet=&#8221;||||false|false&#8221; custom_margin_phone=&#8221;||||false|false&#8221; custom_margin_last_edited=&#8221;on|phone&#8221; text_font_size_tablet=&#8221;16px&#8221; text_font_size_phone=&#8221;15px&#8221; text_font_size_last_edited=&#8221;on|phone&#8221; text_line_height_tablet=&#8221;1.8em&#8221; text_line_height_phone=&#8221;1.5em&#8221; text_line_height_last_edited=&#8221;on|desktop&#8221; locked=&#8221;off&#8221; global_colors_info=&#8221;{}&#8221;]<p>\u00abKanskje at det er lov \u00e5 v\u00e6re annerledes? At alle mennesker er like mye verdt?\u00bb (Sara)<br \/>\u00abVi tror det symboliserer en stor endring i livet.\u00bb (Sander)<br \/>\u00abKanskje det \u00e5 v\u00e6re sliten? Eller f\u00f8le seg rar. For eksempel \u00e5 bli gammel?\u00bb (Emilie)<br \/>\u00abAt det kan v\u00e6re vanskelig \u00e5 st\u00e5 opp!\u00bb (William)<br \/>\u00abVi vet ikke helt [\u2026]. Kanskje det kan ha noe med buddhismen \u00e5 gj\u00f8re? At han har blitt gjenf\u00f8dt? Karma, liksom?\u00bb (Mo)<\/p>[\/et_pb_text][et_pb_text content_tablet=&#8221;<h4>P\u00e5 sp\u00f8rsm\u00e5l om hvorfor Gregor er mer opptatt av toget enn av at han har blitt forvandlet, svarte noen elever:<\/h4>&#8221; content_phone=&#8221;<h4>P\u00e5 sp\u00f8rsm\u00e5l om hvorfor Gregor er mer opptatt av toget enn av at han har blitt forvandlet, svarte noen elever:<\/h4>&#8221; content_last_edited=&#8221;on|tablet&#8221; _builder_version=&#8221;4.27.4&#8243; _module_preset=&#8221;default&#8221; text_font_size=&#8221;17px&#8221; text_line_height=&#8221;1.8em&#8221; header_3_line_height=&#8221;1.5em&#8221; custom_margin=&#8221;||10px||false|false&#8221; custom_margin_tablet=&#8221;||||false|false&#8221; custom_margin_phone=&#8221;||||false|false&#8221; custom_margin_last_edited=&#8221;on|phone&#8221; custom_padding=&#8221;30px||||false|false&#8221; text_font_size_tablet=&#8221;16px&#8221; text_font_size_phone=&#8221;15px&#8221; text_font_size_last_edited=&#8221;on|phone&#8221; text_line_height_tablet=&#8221;1.8em&#8221; text_line_height_phone=&#8221;1.5em&#8221; text_line_height_last_edited=&#8221;on|desktop&#8221; header_4_line_height_tablet=&#8221;1.6em&#8221; header_4_line_height_phone=&#8221;1.4em&#8221; header_4_line_height_last_edited=&#8221;on|phone&#8221; locked=&#8221;off&#8221; global_colors_info=&#8221;{}&#8221;]<h3>P\u00e5 sp\u00f8rsm\u00e5l om hvorfor Gregor er mer opptatt av toget enn av at han har blitt forvandlet, svarte noen elever:<\/h3>[\/et_pb_text][et_pb_text content_tablet=&#8221;<p>\u00abVi tror ikke han egentlig har skj\u00f8nt enn\u00e5 hva som har skjedd.\u00bb (Thomas)<br \/>\u00abVet ikke, men kanskje Gregor allerede f\u00f8lte seg annerledes, s\u00e5 \u00e5 v\u00e6re i en insektkropp er egentlig ikke verre enn vanlig?\u00bb (Ingrid)<br \/>\u00abDet virker jo som det er viktig for ham \u00e5 tjene penger til foreldrene sine. Kanskje han er veldig opptatt av \u00e5 gj\u00f8re foreldrene stolte?\u00bb (Maria)<br \/>\u00abDet er jo ikke s\u00e5 rart om han er redd for \u00e5 miste jobben, da. %91\u2026%93 Han er jo veldig pliktoppfyllende, siden han aldri har v\u00e6rt borte fra jobben f\u00f8r.\u00bb (William)<\/p>&#8221; content_phone=&#8221;<p>\u00abVi tror ikke han egentlig har skj\u00f8nt enn\u00e5 hva som har skjedd.\u00bb (Thomas)<br \/>\u00abVet ikke, men kanskje Gregor allerede f\u00f8lte seg annerledes, s\u00e5 \u00e5 v\u00e6re i en insektkropp er egentlig ikke verre enn vanlig?\u00bb (Ingrid)<br \/>\u00abDet virker jo som det er viktig for ham \u00e5 tjene penger til foreldrene sine. Kanskje han er veldig opptatt av \u00e5 gj\u00f8re foreldrene stolte?\u00bb (Maria)<br \/>\u00abDet er jo ikke s\u00e5 rart om han er redd for \u00e5 miste jobben, da. %91\u2026%93 Han er jo veldig pliktoppfyllende, siden han aldri har v\u00e6rt borte fra jobben f\u00f8r.\u00bb (William)<\/p>&#8221; content_last_edited=&#8221;on|phone&#8221; _builder_version=&#8221;4.27.4&#8243; _module_preset=&#8221;default&#8221; text_font_size=&#8221;17px&#8221; text_line_height=&#8221;1.8em&#8221; custom_margin=&#8221;||30px||false|false&#8221; custom_margin_tablet=&#8221;||||false|false&#8221; custom_margin_phone=&#8221;||||false|false&#8221; custom_margin_last_edited=&#8221;on|phone&#8221; text_font_size_tablet=&#8221;16px&#8221; text_font_size_phone=&#8221;15px&#8221; text_font_size_last_edited=&#8221;on|phone&#8221; text_line_height_tablet=&#8221;1.8em&#8221; text_line_height_phone=&#8221;1.5em&#8221; text_line_height_last_edited=&#8221;on|desktop&#8221; locked=&#8221;off&#8221; global_colors_info=&#8221;{}&#8221;]<p>\u00abVi tror ikke han egentlig har skj\u00f8nt enn\u00e5 hva som har skjedd.\u00bb (Thomas)<br \/>\u00abVet ikke, men kanskje Gregor allerede f\u00f8lte seg annerledes, s\u00e5 \u00e5 v\u00e6re i en insektkropp er egentlig ikke verre enn vanlig?\u00bb (Ingrid)<br \/>\u00abDet virker jo som det er viktig for ham \u00e5 tjene penger til foreldrene sine. Kanskje han er veldig opptatt av \u00e5 gj\u00f8re foreldrene stolte?\u00bb (Maria)<br \/>\u00abDet er jo ikke s\u00e5 rart om han er redd for \u00e5 miste jobben, da. [\u2026] Han er jo veldig pliktoppfyllende, siden han aldri har v\u00e6rt borte fra jobben f\u00f8r.\u00bb (William)<\/p>[\/et_pb_text][\/et_pb_column][\/et_pb_row][et_pb_row _builder_version=&#8221;4.21.0&#8243; _module_preset=&#8221;default&#8221; max_width=&#8221;850px&#8221; module_alignment=&#8221;center&#8221; global_colors_info=&#8221;{}&#8221;][et_pb_column type=&#8221;4_4&#8243; _builder_version=&#8221;4.21.0&#8243; _module_preset=&#8221;default&#8221; global_colors_info=&#8221;{}&#8221;][et_pb_code _builder_version=&#8221;4.21.0&#8243; _module_preset=&#8221;default&#8221; text_orientation=&#8221;center&#8221; global_colors_info=&#8221;{}&#8221;]<button id=\"backButton\" style=\"<!-- [et_pb_line_break_holder] -->background: #8dcfb7; <!-- [et_pb_line_break_holder] -->border-radius: 10px; <!-- [et_pb_line_break_holder] -->width: 100px; <!-- [et_pb_line_break_holder] -->height: 40px; <!-- [et_pb_line_break_holder] -->border: none; <!-- [et_pb_line_break_holder] -->font-size: 18px;<!-- [et_pb_line_break_holder] -->color: #000000; <!-- [et_pb_line_break_holder] -->transform: uppercase;&#8221; <!-- [et_pb_line_break_holder] -->onmouseover=&#8221;this.style.backgroundColor=&#8217;#5a5e5e&#8217;; this.style.color=&#8217;#ffffff&#8217;;&#8221;<!-- [et_pb_line_break_holder] -->onmouseout=&#8221;this.style.backgroundColor=&#8217;#8dcfb7&#8242;; this.style.color=&#8217;#000000&#8242;;&#8221; <!-- [et_pb_line_break_holder] -->onclick=&#8221;myFunction()&#8221;>Tilbake<\/button><!-- [et_pb_line_break_holder] --><!-- [et_pb_line_break_holder] --><script><!-- [et_pb_line_break_holder] -->document.addEventListener('DOMContentLoaded', function() {<!-- [et_pb_line_break_holder] -->  var backButton = document.getElementById('backButton'); <!-- [et_pb_line_break_holder] -->  <!-- [et_pb_line_break_holder] -->  if (backButton) {<!-- [et_pb_line_break_holder] -->    backButton.addEventListener('click', function() {<!-- [et_pb_line_break_holder] -->      window.history.back();<!-- [et_pb_line_break_holder] -->    });<!-- [et_pb_line_break_holder] -->  }<!-- [et_pb_line_break_holder] -->});<!-- [et_pb_line_break_holder] --><\/script><!-- [et_pb_line_break_holder] -->[\/et_pb_code][\/et_pb_column][\/et_pb_row][\/et_pb_section]\n","protected":false},"excerpt":{"rendered":"<p>Noen elevsvar i helklassesamtalenForvandlinga, side 23\u201331P\u00e5 sp\u00f8rsm\u00e5l om hvordan de forestilte seg at krypet Gregor var blitt forvandlet til, s\u00e5 ut, svarte noen av elevene:\u00abDet ser ut som en bille \u2013 eller en kakerlakk?\u00bb (Emil)\u00abKanskje det ser ut som en slange? Et tusenbein? En snegle?\u00bb (Julie)\u00abVi tenkte ogs\u00e5 en stor bille med mange bein og [&hellip;]<\/p>\n","protected":false},"author":10,"featured_media":0,"parent":0,"menu_order":0,"comment_status":"closed","ping_status":"closed","template":"","meta":{"_et_pb_use_builder":"on","_et_pb_old_content":"","_et_gb_content_width":"","footnotes":""},"trinn":[],"fag":[],"class_list":["post-8254","page","type-page","status-publish","hentry"],"_links":{"self":[{"href":"https:\/\/leselop.usn.no\/index.php?rest_route=\/wp\/v2\/pages\/8254","targetHints":{"allow":["GET"]}}],"collection":[{"href":"https:\/\/leselop.usn.no\/index.php?rest_route=\/wp\/v2\/pages"}],"about":[{"href":"https:\/\/leselop.usn.no\/index.php?rest_route=\/wp\/v2\/types\/page"}],"author":[{"embeddable":true,"href":"https:\/\/leselop.usn.no\/index.php?rest_route=\/wp\/v2\/users\/10"}],"replies":[{"embeddable":true,"href":"https:\/\/leselop.usn.no\/index.php?rest_route=%2Fwp%2Fv2%2Fcomments&post=8254"}],"version-history":[{"count":8,"href":"https:\/\/leselop.usn.no\/index.php?rest_route=\/wp\/v2\/pages\/8254\/revisions"}],"predecessor-version":[{"id":10050,"href":"https:\/\/leselop.usn.no\/index.php?rest_route=\/wp\/v2\/pages\/8254\/revisions\/10050"}],"wp:attachment":[{"href":"https:\/\/leselop.usn.no\/index.php?rest_route=%2Fwp%2Fv2%2Fmedia&parent=8254"}],"wp:term":[{"taxonomy":"trinn","embeddable":true,"href":"https:\/\/leselop.usn.no\/index.php?rest_route=%2Fwp%2Fv2%2Ftrinn&post=8254"},{"taxonomy":"fag","embeddable":true,"href":"https:\/\/leselop.usn.no\/index.php?rest_route=%2Fwp%2Fv2%2Ffag&post=8254"}],"curies":[{"name":"wp","href":"https:\/\/api.w.org\/{rel}","templated":true}]}}