{"id":8237,"date":"2025-06-04T13:00:58","date_gmt":"2025-06-04T11:00:58","guid":{"rendered":"https:\/\/leselop.usn.no\/?page_id=8237"},"modified":"2025-08-07T10:03:33","modified_gmt":"2025-08-07T08:03:33","slug":"leselop-16-aktivitet-2-elevers-refleksjon","status":"publish","type":"page","link":"https:\/\/leselop.usn.no\/?page_id=8237","title":{"rendered":"18. \u00c5 lese klassikere &#8211; Aktivitet 2 &#8211; Elevers refleksjon"},"content":{"rendered":"\n[et_pb_section fb_built=&#8221;1&#8243; _builder_version=&#8221;4.21.0&#8243; _module_preset=&#8221;default&#8221; background_color=&#8221;#f4f4f4&#8243; custom_css_main_element=&#8221;min-height: 100vh;&#8221; da_disable_devices=&#8221;off|off|off&#8221; global_colors_info=&#8221;{}&#8221; da_is_popup=&#8221;off&#8221; da_exit_intent=&#8221;off&#8221; da_has_close=&#8221;on&#8221; da_alt_close=&#8221;off&#8221; da_dark_close=&#8221;off&#8221; da_not_modal=&#8221;on&#8221; da_is_singular=&#8221;off&#8221; da_with_loader=&#8221;off&#8221; da_has_shadow=&#8221;on&#8221;][et_pb_row column_structure=&#8221;1_4,3_4&#8243; use_custom_gutter=&#8221;on&#8221; gutter_width=&#8221;1&#8243; make_equal=&#8221;on&#8221; _builder_version=&#8221;4.27.4&#8243; _module_preset=&#8221;default&#8221; max_width=&#8221;850px&#8221; custom_css_main_element=&#8221;width:75% !important;&#8221; global_colors_info=&#8221;{}&#8221;][et_pb_column type=&#8221;1_4&#8243; _builder_version=&#8221;4.21.0&#8243; _module_preset=&#8221;default&#8221; custom_css_main_element=&#8221;width:12% !important;&#8221; global_colors_info=&#8221;{}&#8221; custom_css_main_element_last_edited=&#8221;on|phone&#8221; custom_css_main_element_tablet=&#8221;width:18% !important;&#8221; custom_css_main_element_phone=&#8221;width:30% !important;&#8221;][et_pb_image src=&#8221;https:\/\/leselop.usn.no\/wp-content\/uploads\/2025\/06\/Leselop-tankesky-green.png&#8221; title_text=&#8221;Leselop-tankesky-green&#8221; src_tablet=&#8221;https:\/\/leselop.usn.no\/wp-content\/uploads\/2025\/06\/Leselop-tankesky-green.png&#8221; src_phone=&#8221;https:\/\/leselop.usn.no\/wp-content\/uploads\/2025\/06\/Leselop-tankesky-green.png&#8221; src_last_edited=&#8221;on|phone&#8221; _builder_version=&#8221;4.27.4&#8243; _module_preset=&#8221;default&#8221; hover_enabled=&#8221;0&#8243; global_colors_info=&#8221;{}&#8221; sticky_enabled=&#8221;0&#8243;][\/et_pb_image][\/et_pb_column][et_pb_column type=&#8221;3_4&#8243; _builder_version=&#8221;4.27.4&#8243; _module_preset=&#8221;default&#8221; custom_css_main_element=&#8221;width:88% !important;||margin: auto;||padding-left: 30px;&#8221; global_colors_info=&#8221;{}&#8221; custom_css_main_element_last_edited=&#8221;on|phone&#8221; custom_css_main_element_tablet=&#8221;width:82% !important;||padding-left: 25px;||padding-top:32px&#8221; custom_css_main_element_phone=&#8221;width:70% !important;||padding-left: 15px;||padding-top:26px&#8221;][et_pb_text content_tablet=&#8221;<h1>Refleksjon<\/h1>&#8221; content_phone=&#8221;<h3><span style=%22font-size: 18.72px;%22>R<\/span><span style=%22font-size: 16px;%22>efleksjon<\/span><\/h3>&#8221; content_last_edited=&#8221;on|phone&#8221; _builder_version=&#8221;4.27.4&#8243; _module_preset=&#8221;default&#8221; hover_enabled=&#8221;0&#8243; global_colors_info=&#8221;{}&#8221; custom_css_main_element_last_edited=&#8221;on|tablet&#8221; sticky_enabled=&#8221;0&#8243;]<h1>Refleksjon<\/h1>[\/et_pb_text][\/et_pb_column][\/et_pb_row][et_pb_row custom_padding_last_edited=&#8221;on|phone&#8221; _builder_version=&#8221;4.27.4&#8243; _module_preset=&#8221;default&#8221; background_color=&#8221;#ffffff&#8221; max_width=&#8221;850px&#8221; max_width_tablet=&#8221;850px&#8221; max_width_phone=&#8221;850px&#8221; max_width_last_edited=&#8221;on|desktop&#8221; custom_padding=&#8221;70px|70px|60px|70px|false|false&#8221; custom_padding_tablet=&#8221;70px|70px|50px|70px|false|false&#8221; custom_padding_phone=&#8221;60px|50px|50px|50px|false|false&#8221; border_radii=&#8221;on|30px|30px|30px|30px&#8221; border_style_all=&#8221;dotted&#8221; global_colors_info=&#8221;{}&#8221;][et_pb_column type=&#8221;4_4&#8243; _builder_version=&#8221;4.21.0&#8243; _module_preset=&#8221;default&#8221; global_colors_info=&#8221;{}&#8221;][et_pb_text content_tablet=&#8221;<h3>Elevers refleksjon over sp\u00f8rsm\u00e5lstyper i gruppesamtaler<\/h3>&#8221; content_phone=&#8221;<h4>Elevers refleksjon over sp\u00f8rsm\u00e5lstyper i gruppesamtaler<\/h4>&#8221; content_last_edited=&#8221;on|phone&#8221; _builder_version=&#8221;4.27.4&#8243; _module_preset=&#8221;default&#8221; text_font_size=&#8221;17px&#8221; text_line_height=&#8221;1.8em&#8221; custom_margin=&#8221;||30px||false|false&#8221; custom_margin_tablet=&#8221;||||false|false&#8221; custom_margin_phone=&#8221;||||false|false&#8221; custom_margin_last_edited=&#8221;on|phone&#8221; text_font_size_tablet=&#8221;16px&#8221; text_font_size_phone=&#8221;15px&#8221; text_font_size_last_edited=&#8221;on|tablet&#8221; text_line_height_tablet=&#8221;1.8em&#8221; text_line_height_phone=&#8221;1.6em&#8221; text_line_height_last_edited=&#8221;on|desktop&#8221; header_3_line_height_tablet=&#8221;1.5em&#8221; header_3_line_height_phone=&#8221;1.8em&#8221; header_3_line_height_last_edited=&#8221;on|tablet&#8221; header_4_line_height_tablet=&#8221;&#8221; header_4_line_height_phone=&#8221;1.4em&#8221; header_4_line_height_last_edited=&#8221;on|phone&#8221; locked=&#8221;off&#8221; global_colors_info=&#8221;{}&#8221;]<h3>Elevers refleksjon over sp\u00f8rsm\u00e5lstyper i gruppesamtaler<\/h3>[\/et_pb_text][et_pb_text content_tablet=&#8221;<p>Elevene uttrykte ulike syn p\u00e5 de ulike sp\u00f8rsm\u00e5lstypene. En elev foretrakk \u00ablukkede\u00bb sp\u00f8rsm\u00e5l: \u00abDe sp\u00f8rsm\u00e5lene gj\u00f8r at jeg f\u00e5r med meg mer av handlingen. Jeg synes ikke det er s\u00e5 lett \u00e5 f\u00f8lge med p\u00e5 h\u00f8ytlesing, s\u00e5 da kan vi finne ut av det selv i boka.\u00bb En annen elev likte de \u00ab\u00e5pne\u00bb sp\u00f8rsm\u00e5lene bedre: \u00abDa kan vi tolke mer og g\u00e5 dypere inn i hva det betyr. Det er jo lett \u00e5 finne ut hva som skjedde der eller der.\u00bb En annen elev foretrakk de \u00e5pne sp\u00f8rsm\u00e5lene av helt andre grunner: \u00abDe \u00e5pne er egentlig best, siden jeg ikke har f\u00e5tt med meg alt som skjer. Da kan vi reflektere mer fritt.\u00bb<\/p>\n<p>N\u00e5r det gjelder organiseringen i grupper, ser flere elever fordeler med dette. De uttrykker at det er \u00abmindre skummelt\u00bb \u00e5 snakke i gruppa enn i hele klassen, og at det er \u00abinteressant \u00e5 h\u00f8re hvordan de andre p\u00e5 gruppa tolker\u00bb. Elevene er ogs\u00e5 inne p\u00e5 at gruppesamtalenes kvalitet avhenger av medlemmene. En sier at \u00abjeg var p\u00e5 en veldig bra gruppe noen av timene, og da var det skikkelig bra\u00bb, men ogs\u00e5 at \u00abhvis det blir mye tull, f\u00e5r jeg egentlig ikke s\u00e5 mye ut av det\u00bb.<\/p>&#8221; content_phone=&#8221;<p>Elevene uttrykte ulike syn p\u00e5 de ulike sp\u00f8rsm\u00e5lstypene. En elev foretrakk \u00ablukkede\u00bb sp\u00f8rsm\u00e5l: \u00abDe sp\u00f8rsm\u00e5lene gj\u00f8r at jeg f\u00e5r med meg mer av handlingen. Jeg synes ikke det er s\u00e5 lett \u00e5 f\u00f8lge med p\u00e5 h\u00f8ytlesing, s\u00e5 da kan vi finne ut av det selv i boka.\u00bb En annen elev likte de \u00ab\u00e5pne\u00bb sp\u00f8rsm\u00e5lene bedre: \u00abDa kan vi tolke mer og g\u00e5 dypere inn i hva det betyr. Det er jo lett \u00e5 finne ut hva som skjedde der eller der.\u00bb En annen elev foretrakk de \u00e5pne sp\u00f8rsm\u00e5lene av helt andre grunner: \u00abDe \u00e5pne er egentlig best, siden jeg ikke har f\u00e5tt med meg alt som skjer. Da kan vi reflektere mer fritt.\u00bb<\/p>\n<p>N\u00e5r det gjelder organiseringen i grupper, ser flere elever fordeler med dette. De uttrykker at det er \u00abmindre skummelt\u00bb \u00e5 snakke i gruppa enn i hele klassen, og at det er \u00abinteressant \u00e5 h\u00f8re hvordan de andre p\u00e5 gruppa tolker\u00bb. Elevene er ogs\u00e5 inne p\u00e5 at gruppesamtalenes kvalitet avhenger av medlemmene. En sier at \u00abjeg var p\u00e5 en veldig bra gruppe noen av timene, og da var det skikkelig bra\u00bb, men ogs\u00e5 at \u00abhvis det blir mye tull, f\u00e5r jeg egentlig ikke s\u00e5 mye ut av det\u00bb.<\/p>&#8221; content_last_edited=&#8221;on|phone&#8221; _builder_version=&#8221;4.27.4&#8243; _module_preset=&#8221;default&#8221; text_font_size=&#8221;17px&#8221; text_line_height=&#8221;1.8em&#8221; custom_margin=&#8221;||30px||false|false&#8221; custom_margin_tablet=&#8221;||||false|false&#8221; custom_margin_phone=&#8221;||||false|false&#8221; custom_margin_last_edited=&#8221;on|phone&#8221; text_font_size_tablet=&#8221;16px&#8221; text_font_size_phone=&#8221;15px&#8221; text_font_size_last_edited=&#8221;on|tablet&#8221; text_line_height_tablet=&#8221;1.8em&#8221; text_line_height_phone=&#8221;1.6em&#8221; text_line_height_last_edited=&#8221;on|desktop&#8221; locked=&#8221;off&#8221; global_colors_info=&#8221;{}&#8221;]<p>Elevene uttrykte ulike syn p\u00e5 de ulike sp\u00f8rsm\u00e5lstypene. En elev foretrakk \u00ablukkede\u00bb sp\u00f8rsm\u00e5l: \u00abDe sp\u00f8rsm\u00e5lene gj\u00f8r at jeg f\u00e5r med meg mer av handlingen. Jeg synes ikke det er s\u00e5 lett \u00e5 f\u00f8lge med p\u00e5 h\u00f8ytlesing, s\u00e5 da kan vi finne ut av det selv i boka.\u00bb En annen elev likte de \u00ab\u00e5pne\u00bb sp\u00f8rsm\u00e5lene bedre: \u00abDa kan vi tolke mer og g\u00e5 dypere inn i hva det betyr. Det er jo lett \u00e5 finne ut hva som skjedde der eller der.\u00bb En annen elev foretrakk de \u00e5pne sp\u00f8rsm\u00e5lene av helt andre grunner: \u00abDe \u00e5pne er egentlig best, siden jeg ikke har f\u00e5tt med meg alt som skjer. Da kan vi reflektere mer fritt.\u00bb<\/p>\n<p>N\u00e5r det gjelder organiseringen i grupper, ser flere elever fordeler med dette. De uttrykker at det er \u00abmindre skummelt\u00bb \u00e5 snakke i gruppa enn i hele klassen, og at det er \u00abinteressant \u00e5 h\u00f8re hvordan de andre p\u00e5 gruppa tolker\u00bb. Elevene er ogs\u00e5 inne p\u00e5 at gruppesamtalenes kvalitet avhenger av medlemmene. En sier at \u00abjeg var p\u00e5 en veldig bra gruppe noen av timene, og da var det skikkelig bra\u00bb, men ogs\u00e5 at \u00abhvis det blir mye tull, f\u00e5r jeg egentlig ikke s\u00e5 mye ut av det\u00bb.<\/p>[\/et_pb_text][\/et_pb_column][\/et_pb_row][et_pb_row _builder_version=&#8221;4.21.0&#8243; _module_preset=&#8221;default&#8221; max_width=&#8221;850px&#8221; module_alignment=&#8221;center&#8221; custom_css_main_element=&#8221;display:flex;||justify-content: center;&#8221; global_colors_info=&#8221;{}&#8221;][et_pb_column type=&#8221;4_4&#8243; _builder_version=&#8221;4.21.0&#8243; _module_preset=&#8221;default&#8221; global_colors_info=&#8221;{}&#8221;][et_pb_code _builder_version=&#8221;4.21.0&#8243; _module_preset=&#8221;default&#8221; text_orientation=&#8221;center&#8221; text_orientation_tablet=&#8221;center&#8221; text_orientation_phone=&#8221;center&#8221; text_orientation_last_edited=&#8221;on|desktop&#8221; global_colors_info=&#8221;{}&#8221;]<button id=\"backButton\" style=\"<!-- [et_pb_line_break_holder] -->background: #8dcfb7; <!-- [et_pb_line_break_holder] -->border-radius: 10px; <!-- [et_pb_line_break_holder] -->width: 100px; <!-- [et_pb_line_break_holder] -->height: 40px; <!-- [et_pb_line_break_holder] -->border: none; <!-- [et_pb_line_break_holder] -->font-size: 18px;<!-- [et_pb_line_break_holder] -->color: #000000; <!-- [et_pb_line_break_holder] -->transform: uppercase;&#8221; <!-- [et_pb_line_break_holder] -->onmouseover=&#8221;this.style.backgroundColor=&#8217;#5a5e5e&#8217;; this.style.color=&#8217;#ffffff&#8217;;&#8221;<!-- [et_pb_line_break_holder] -->onmouseout=&#8221;this.style.backgroundColor=&#8217;#8dcfb7&#8242;; this.style.color=&#8217;#000000&#8242;;&#8221; <!-- [et_pb_line_break_holder] -->onclick=&#8221;myFunction()&#8221;>Tilbake<\/button><!-- [et_pb_line_break_holder] --><!-- [et_pb_line_break_holder] --><script><!-- [et_pb_line_break_holder] -->document.addEventListener('DOMContentLoaded', function() {<!-- [et_pb_line_break_holder] -->  var backButton = document.getElementById('backButton'); <!-- [et_pb_line_break_holder] -->  <!-- [et_pb_line_break_holder] -->  if (backButton) {<!-- [et_pb_line_break_holder] -->    backButton.addEventListener('click', function() {<!-- [et_pb_line_break_holder] -->      window.history.back();<!-- [et_pb_line_break_holder] -->    });<!-- [et_pb_line_break_holder] -->  }<!-- [et_pb_line_break_holder] -->});<!-- [et_pb_line_break_holder] --><\/script><!-- [et_pb_line_break_holder] -->[\/et_pb_code][\/et_pb_column][\/et_pb_row][\/et_pb_section]\n","protected":false},"excerpt":{"rendered":"<p>RefleksjonElevers refleksjon over sp\u00f8rsm\u00e5lstyper i gruppesamtalerElevene uttrykte ulike syn p\u00e5 de ulike sp\u00f8rsm\u00e5lstypene. En elev foretrakk \u00ablukkede\u00bb sp\u00f8rsm\u00e5l: \u00abDe sp\u00f8rsm\u00e5lene gj\u00f8r at jeg f\u00e5r med meg mer av handlingen. Jeg synes ikke det er s\u00e5 lett \u00e5 f\u00f8lge med p\u00e5 h\u00f8ytlesing, s\u00e5 da kan vi finne ut av det selv i boka.\u00bb En annen elev [&hellip;]<\/p>\n","protected":false},"author":10,"featured_media":0,"parent":0,"menu_order":0,"comment_status":"closed","ping_status":"closed","template":"","meta":{"_et_pb_use_builder":"on","_et_pb_old_content":"","_et_gb_content_width":"","footnotes":""},"trinn":[],"fag":[],"class_list":["post-8237","page","type-page","status-publish","hentry"],"_links":{"self":[{"href":"https:\/\/leselop.usn.no\/index.php?rest_route=\/wp\/v2\/pages\/8237","targetHints":{"allow":["GET"]}}],"collection":[{"href":"https:\/\/leselop.usn.no\/index.php?rest_route=\/wp\/v2\/pages"}],"about":[{"href":"https:\/\/leselop.usn.no\/index.php?rest_route=\/wp\/v2\/types\/page"}],"author":[{"embeddable":true,"href":"https:\/\/leselop.usn.no\/index.php?rest_route=\/wp\/v2\/users\/10"}],"replies":[{"embeddable":true,"href":"https:\/\/leselop.usn.no\/index.php?rest_route=%2Fwp%2Fv2%2Fcomments&post=8237"}],"version-history":[{"count":5,"href":"https:\/\/leselop.usn.no\/index.php?rest_route=\/wp\/v2\/pages\/8237\/revisions"}],"predecessor-version":[{"id":10049,"href":"https:\/\/leselop.usn.no\/index.php?rest_route=\/wp\/v2\/pages\/8237\/revisions\/10049"}],"wp:attachment":[{"href":"https:\/\/leselop.usn.no\/index.php?rest_route=%2Fwp%2Fv2%2Fmedia&parent=8237"}],"wp:term":[{"taxonomy":"trinn","embeddable":true,"href":"https:\/\/leselop.usn.no\/index.php?rest_route=%2Fwp%2Fv2%2Ftrinn&post=8237"},{"taxonomy":"fag","embeddable":true,"href":"https:\/\/leselop.usn.no\/index.php?rest_route=%2Fwp%2Fv2%2Ffag&post=8237"}],"curies":[{"name":"wp","href":"https:\/\/api.w.org\/{rel}","templated":true}]}}