{"id":8236,"date":"2025-06-04T12:52:23","date_gmt":"2025-06-04T10:52:23","guid":{"rendered":"https:\/\/leselop.usn.no\/?page_id=8236"},"modified":"2025-08-07T10:03:58","modified_gmt":"2025-08-07T08:03:58","slug":"leselop-16-aktivitet-2-litteratursamtaler","status":"publish","type":"page","link":"https:\/\/leselop.usn.no\/?page_id=8236","title":{"rendered":"18. \u00c5 lese klassikere &#8211; Aktivitet 2 &#8211; Sp\u00f8rsm\u00e5l til gruppe- og helklassesamtaler"},"content":{"rendered":"\n[et_pb_section fb_built=&#8221;1&#8243; _builder_version=&#8221;4.21.0&#8243; _module_preset=&#8221;default&#8221; background_color=&#8221;#f4f4f4&#8243; custom_css_main_element=&#8221;min-height: 100vh;&#8221; da_disable_devices=&#8221;off|off|off&#8221; global_colors_info=&#8221;{}&#8221; da_is_popup=&#8221;off&#8221; da_exit_intent=&#8221;off&#8221; da_has_close=&#8221;on&#8221; da_alt_close=&#8221;off&#8221; da_dark_close=&#8221;off&#8221; da_not_modal=&#8221;on&#8221; da_is_singular=&#8221;off&#8221; da_with_loader=&#8221;off&#8221; da_has_shadow=&#8221;on&#8221;][et_pb_row column_structure=&#8221;1_4,3_4&#8243; use_custom_gutter=&#8221;on&#8221; gutter_width=&#8221;1&#8243; make_equal=&#8221;on&#8221; _builder_version=&#8221;4.27.4&#8243; _module_preset=&#8221;default&#8221; max_width=&#8221;850px&#8221; custom_css_main_element=&#8221;width:75% !important;&#8221; global_colors_info=&#8221;{}&#8221;][et_pb_column type=&#8221;1_4&#8243; _builder_version=&#8221;4.21.0&#8243; _module_preset=&#8221;default&#8221; custom_css_main_element=&#8221;width:12% !important;&#8221; global_colors_info=&#8221;{}&#8221; custom_css_main_element_last_edited=&#8221;on|phone&#8221; custom_css_main_element_tablet=&#8221;width:18% !important;&#8221; custom_css_main_element_phone=&#8221;width:30% !important;&#8221;][et_pb_image src=&#8221;https:\/\/leselop.usn.no\/wp-content\/uploads\/2025\/06\/Leselop-skrive-green.png&#8221; title_text=&#8221;Leselop-skrive-green&#8221; src_tablet=&#8221;https:\/\/leselop.usn.no\/wp-content\/uploads\/2025\/06\/Leselop-skrive-green.png&#8221; src_phone=&#8221;https:\/\/leselop.usn.no\/wp-content\/uploads\/2025\/06\/Leselop-skrive-green.png&#8221; src_last_edited=&#8221;on|phone&#8221; _builder_version=&#8221;4.27.4&#8243; _module_preset=&#8221;default&#8221; hover_enabled=&#8221;0&#8243; global_colors_info=&#8221;{}&#8221; sticky_enabled=&#8221;0&#8243;][\/et_pb_image][\/et_pb_column][et_pb_column type=&#8221;3_4&#8243; _builder_version=&#8221;4.27.4&#8243; _module_preset=&#8221;default&#8221; custom_css_main_element=&#8221;width:88% !important;||margin: auto;||padding-left: 30px;&#8221; global_colors_info=&#8221;{}&#8221; custom_css_main_element_last_edited=&#8221;on|phone&#8221; custom_css_main_element_tablet=&#8221;width:82% !important;||padding-left: 25px;||padding-top:12px&#8221; custom_css_main_element_phone=&#8221;width:70% !important;||padding-left: 15px;||padding-top:6px&#8221;][et_pb_text content_tablet=&#8221;<h1>Sp\u00f8rsm\u00e5l til gruppe-<\/h1>\n<h1>og helklassesamtaler<\/h1>&#8221; content_phone=&#8221;<h4>Sp\u00f8rsm\u00e5l til<\/h4>\n<h4>gruppe- og<\/h4>\n<h4>helklassesamtaler<\/h4>&#8221; content_last_edited=&#8221;on|phone&#8221; _builder_version=&#8221;4.27.4&#8243; _module_preset=&#8221;default&#8221; hover_enabled=&#8221;0&#8243; global_colors_info=&#8221;{}&#8221; custom_css_main_element_last_edited=&#8221;on|phone&#8221; header_4_line_height=&#8221;0.9em&#8221; sticky_enabled=&#8221;0&#8243;]<h1>Sp\u00f8rsm\u00e5l til gruppe- og helklassesamtaler<\/h1>[\/et_pb_text][\/et_pb_column][\/et_pb_row][et_pb_row custom_padding_last_edited=&#8221;on|phone&#8221; _builder_version=&#8221;4.27.4&#8243; _module_preset=&#8221;default&#8221; background_color=&#8221;#ffffff&#8221; max_width=&#8221;850px&#8221; max_width_tablet=&#8221;850px&#8221; max_width_phone=&#8221;850px&#8221; max_width_last_edited=&#8221;on|desktop&#8221; custom_padding=&#8221;70px|70px|50px|70px|false|false&#8221; custom_padding_tablet=&#8221;70px|70px|50px|70px|false|false&#8221; custom_padding_phone=&#8221;60px|50px|60px|50px|false|false&#8221; border_radii=&#8221;on|30px|30px|30px|30px&#8221; border_style_all=&#8221;dotted&#8221; global_colors_info=&#8221;{}&#8221;][et_pb_column type=&#8221;4_4&#8243; _builder_version=&#8221;4.21.0&#8243; _module_preset=&#8221;default&#8221; global_colors_info=&#8221;{}&#8221;][et_pb_text content_tablet=&#8221;<h3>Samtaleoppgaver om Forvandlinga, side 23\u201331<\/h3>&#8221; content_phone=&#8221;<h4>Samtaleoppgaver om<\/h4>\n<h4>Forvandlinga, side 23\u201331<\/h4>&#8221; content_last_edited=&#8221;on|phone&#8221; _builder_version=&#8221;4.27.4&#8243; _module_preset=&#8221;default&#8221; text_font_size=&#8221;17px&#8221; text_line_height=&#8221;1.8em&#8221; custom_margin=&#8221;||30px||false|false&#8221; custom_margin_tablet=&#8221;||||false|false&#8221; custom_margin_phone=&#8221;||||false|false&#8221; custom_margin_last_edited=&#8221;on|phone&#8221; hover_enabled=&#8221;0&#8243; text_line_height_tablet=&#8221;1.8em&#8221; text_line_height_phone=&#8221;1.5em&#8221; text_line_height_last_edited=&#8221;on|desktop&#8221; locked=&#8221;off&#8221; global_colors_info=&#8221;{}&#8221; sticky_enabled=&#8221;0&#8243;]<h3>Samtaleoppgaver om Forvandlinga, side 23\u201331<\/h3>[\/et_pb_text][et_pb_text content_tablet=&#8221;<ul>\n<li>Forvandlinga starter med denne setningen: \u00abD\u00e5 Gregor Samsa vakna i senga si ein morgon av urolege draumar var han forvandla til eit uhyrleg kryp.\u00bb Hvordan ser dere for dere at dette \u00abkrypet\u00bb ser ut?<\/li>\n<\/ul>\n<p> <\/p>\n<ul>\n<li>Det er ikke s\u00e5 vanlig at mennesker i virkeligheten blir forvandlet til \u00abeit uhyrleg kryp\u00bb mens de sover. Derfor har mange som har lest Forvandlinga, tenkt at dette m\u00e5 forst\u00e5s som en metafor eller et symbol for noe annet. Hva kan Gregors forvandling symbolisere, tror dere?<\/li>\n<\/ul>\n<p> <\/p>\n<ul>\n<li>Gregor har alts\u00e5 forsovet seg og er veldig oppsatt p\u00e5 \u00e5 rekke det neste toget og komme seg p\u00e5 jobben. Hvorfor tror dere han er mer opptatt av toget enn at han selv har blitt forvandlet?<\/li>\n<\/ul>&#8221; content_phone=&#8221;<ul>\n<li>Forvandlinga starter med denne setningen: \u00abD\u00e5 Gregor Samsa vakna i senga si ein morgon av urolege draumar var han forvandla til eit uhyrleg kryp.\u00bb Hvordan ser dere for dere at dette \u00abkrypet\u00bb ser ut?<\/li>\n<\/ul>\n<p> <\/p>\n<ul>\n<li>Det er ikke s\u00e5 vanlig at mennesker i virkeligheten blir forvandlet til \u00abeit uhyrleg kryp\u00bb mens de sover. Derfor har mange som har lest Forvandlinga, tenkt at dette m\u00e5 forst\u00e5s som en metafor eller et symbol for noe annet. Hva kan Gregors forvandling symbolisere, tror dere?<\/li>\n<\/ul>\n<p> <\/p>\n<ul>\n<li>Gregor har alts\u00e5 forsovet seg og er veldig oppsatt p\u00e5 \u00e5 rekke det neste toget og komme seg p\u00e5 jobben. Hvorfor tror dere han er mer opptatt av toget enn at han selv har blitt forvandlet?<\/li>\n<\/ul>&#8221; content_last_edited=&#8221;on|desktop&#8221; _builder_version=&#8221;4.27.4&#8243; _module_preset=&#8221;default&#8221; text_font_size=&#8221;17px&#8221; text_line_height=&#8221;1.8em&#8221; custom_margin=&#8221;||30px||false|false&#8221; custom_margin_tablet=&#8221;||||false|false&#8221; custom_margin_phone=&#8221;||||false|false&#8221; custom_margin_last_edited=&#8221;on|phone&#8221; text_font_size_tablet=&#8221;16px&#8221; text_font_size_phone=&#8221;15px&#8221; text_font_size_last_edited=&#8221;on|phone&#8221; text_line_height_tablet=&#8221;1.8em&#8221; text_line_height_phone=&#8221;1.5em&#8221; text_line_height_last_edited=&#8221;on|desktop&#8221; locked=&#8221;off&#8221; global_colors_info=&#8221;{}&#8221;]<ul>\n<li>Forvandlinga starter med denne setningen: \u00abD\u00e5 Gregor Samsa vakna i senga si ein morgon av urolege draumar var han forvandla til eit uhyrleg kryp.\u00bb Hvordan ser dere for dere at dette \u00abkrypet\u00bb ser ut?<\/li>\n<\/ul>\n<ul>\n<li>Det er ikke s\u00e5 vanlig at mennesker i virkeligheten blir forvandlet til \u00abeit uhyrleg kryp\u00bb mens de sover. Derfor har mange som har lest Forvandlinga, tenkt at dette m\u00e5 forst\u00e5s som en metafor eller et symbol for noe annet. Hva kan Gregors forvandling symbolisere, tror dere?<\/li>\n<\/ul>\n<ul>\n<li>Gregor har alts\u00e5 forsovet seg og er veldig oppsatt p\u00e5 \u00e5 rekke det neste toget og komme seg p\u00e5 jobben. Hvorfor tror dere han er mer opptatt av toget enn at han selv har blitt forvandlet?<\/li>\n<\/ul>[\/et_pb_text][\/et_pb_column][\/et_pb_row][et_pb_row _builder_version=&#8221;4.21.0&#8243; _module_preset=&#8221;default&#8221; max_width=&#8221;850px&#8221; module_alignment=&#8221;center&#8221; custom_css_main_element=&#8221;display:flex;||justify-content: center;&#8221; global_colors_info=&#8221;{}&#8221;][et_pb_column type=&#8221;4_4&#8243; _builder_version=&#8221;4.21.0&#8243; _module_preset=&#8221;default&#8221; global_colors_info=&#8221;{}&#8221;][et_pb_code _builder_version=&#8221;4.21.0&#8243; _module_preset=&#8221;default&#8221; text_orientation=&#8221;center&#8221; text_orientation_tablet=&#8221;center&#8221; text_orientation_phone=&#8221;center&#8221; text_orientation_last_edited=&#8221;on|desktop&#8221; global_colors_info=&#8221;{}&#8221;]<button id=\"backButton\" style=\"<!-- [et_pb_line_break_holder] -->background: #8dcfb7; <!-- [et_pb_line_break_holder] -->border-radius: 10px; <!-- [et_pb_line_break_holder] -->width: 100px; <!-- [et_pb_line_break_holder] -->height: 40px; <!-- [et_pb_line_break_holder] -->border: none; <!-- [et_pb_line_break_holder] -->font-size: 18px;<!-- [et_pb_line_break_holder] -->color: #000000; <!-- [et_pb_line_break_holder] -->transform: uppercase;&#8221; <!-- [et_pb_line_break_holder] -->onmouseover=&#8221;this.style.backgroundColor=&#8217;#5a5e5e&#8217;; this.style.color=&#8217;#ffffff&#8217;;&#8221;<!-- [et_pb_line_break_holder] -->onmouseout=&#8221;this.style.backgroundColor=&#8217;#8dcfb7&#8242;; this.style.color=&#8217;#000000&#8242;;&#8221; <!-- [et_pb_line_break_holder] -->onclick=&#8221;myFunction()&#8221;>Tilbake<\/button><!-- [et_pb_line_break_holder] --><!-- [et_pb_line_break_holder] --><script><!-- [et_pb_line_break_holder] -->document.addEventListener('DOMContentLoaded', function() {<!-- [et_pb_line_break_holder] -->  var backButton = document.getElementById('backButton'); <!-- [et_pb_line_break_holder] -->  <!-- [et_pb_line_break_holder] -->  if (backButton) {<!-- [et_pb_line_break_holder] -->    backButton.addEventListener('click', function() {<!-- [et_pb_line_break_holder] -->      window.history.back();<!-- [et_pb_line_break_holder] -->    });<!-- [et_pb_line_break_holder] -->  }<!-- [et_pb_line_break_holder] -->});<!-- [et_pb_line_break_holder] --><\/script><!-- [et_pb_line_break_holder] -->[\/et_pb_code][\/et_pb_column][\/et_pb_row][\/et_pb_section]\n","protected":false},"excerpt":{"rendered":"<p>Sp\u00f8rsm\u00e5l til gruppe- og helklassesamtalerSamtaleoppgaver om Forvandlinga, side 23\u201331 Forvandlinga starter med denne setningen: \u00abD\u00e5 Gregor Samsa vakna i senga si ein morgon av urolege draumar var han forvandla til eit uhyrleg kryp.\u00bb Hvordan ser dere for dere at dette \u00abkrypet\u00bb ser ut? Det er ikke s\u00e5 vanlig at mennesker i virkeligheten blir forvandlet til [&hellip;]<\/p>\n","protected":false},"author":10,"featured_media":0,"parent":0,"menu_order":0,"comment_status":"closed","ping_status":"closed","template":"","meta":{"_et_pb_use_builder":"on","_et_pb_old_content":"","_et_gb_content_width":"","footnotes":""},"trinn":[],"fag":[],"class_list":["post-8236","page","type-page","status-publish","hentry"],"_links":{"self":[{"href":"https:\/\/leselop.usn.no\/index.php?rest_route=\/wp\/v2\/pages\/8236","targetHints":{"allow":["GET"]}}],"collection":[{"href":"https:\/\/leselop.usn.no\/index.php?rest_route=\/wp\/v2\/pages"}],"about":[{"href":"https:\/\/leselop.usn.no\/index.php?rest_route=\/wp\/v2\/types\/page"}],"author":[{"embeddable":true,"href":"https:\/\/leselop.usn.no\/index.php?rest_route=\/wp\/v2\/users\/10"}],"replies":[{"embeddable":true,"href":"https:\/\/leselop.usn.no\/index.php?rest_route=%2Fwp%2Fv2%2Fcomments&post=8236"}],"version-history":[{"count":10,"href":"https:\/\/leselop.usn.no\/index.php?rest_route=\/wp\/v2\/pages\/8236\/revisions"}],"predecessor-version":[{"id":10051,"href":"https:\/\/leselop.usn.no\/index.php?rest_route=\/wp\/v2\/pages\/8236\/revisions\/10051"}],"wp:attachment":[{"href":"https:\/\/leselop.usn.no\/index.php?rest_route=%2Fwp%2Fv2%2Fmedia&parent=8236"}],"wp:term":[{"taxonomy":"trinn","embeddable":true,"href":"https:\/\/leselop.usn.no\/index.php?rest_route=%2Fwp%2Fv2%2Ftrinn&post=8236"},{"taxonomy":"fag","embeddable":true,"href":"https:\/\/leselop.usn.no\/index.php?rest_route=%2Fwp%2Fv2%2Ffag&post=8236"}],"curies":[{"name":"wp","href":"https:\/\/api.w.org\/{rel}","templated":true}]}}