{"id":7729,"date":"2025-05-02T14:14:15","date_gmt":"2025-05-02T12:14:15","guid":{"rendered":"https:\/\/leselop.usn.no\/?page_id=7729"},"modified":"2025-08-07T09:57:54","modified_gmt":"2025-08-07T07:57:54","slug":"leselop-15-aktivitet-3-samtale-om-bokas-innhold","status":"publish","type":"page","link":"https:\/\/leselop.usn.no\/?page_id=7729","title":{"rendered":"17. \u00c5 lese litter\u00e6re steder &#8211; Aktivitet 3 &#8211; Samtale om bokas innhold"},"content":{"rendered":"\n[et_pb_section fb_built=&#8221;1&#8243; _builder_version=&#8221;4.21.0&#8243; _module_preset=&#8221;default&#8221; background_color=&#8221;#f4f4f4&#8243; custom_css_main_element=&#8221;min-height: 100vh;&#8221; da_disable_devices=&#8221;off|off|off&#8221; global_colors_info=&#8221;{}&#8221; da_is_popup=&#8221;off&#8221; da_exit_intent=&#8221;off&#8221; da_has_close=&#8221;on&#8221; da_alt_close=&#8221;off&#8221; da_dark_close=&#8221;off&#8221; da_not_modal=&#8221;on&#8221; da_is_singular=&#8221;off&#8221; da_with_loader=&#8221;off&#8221; da_has_shadow=&#8221;on&#8221;][et_pb_row column_structure=&#8221;1_4,3_4&#8243; use_custom_gutter=&#8221;on&#8221; gutter_width=&#8221;1&#8243; make_equal=&#8221;on&#8221; _builder_version=&#8221;4.27.4&#8243; _module_preset=&#8221;default&#8221; max_width=&#8221;850px&#8221; custom_css_main_element=&#8221;width:75% !important;&#8221; locked=&#8221;off&#8221; global_colors_info=&#8221;{}&#8221;][et_pb_column type=&#8221;1_4&#8243; _builder_version=&#8221;4.21.0&#8243; _module_preset=&#8221;default&#8221; custom_css_main_element=&#8221;width:12% !important;&#8221; global_colors_info=&#8221;{}&#8221; custom_css_main_element_last_edited=&#8221;on|phone&#8221; custom_css_main_element_tablet=&#8221;width:18% !important;&#8221; custom_css_main_element_phone=&#8221;width:30% !important;&#8221;][et_pb_image src=&#8221;https:\/\/leselop.usn.no\/wp-content\/uploads\/2025\/06\/Leselop-tankesky-green.png&#8221; title_text=&#8221;Leselop-tankesky-green&#8221; _builder_version=&#8221;4.27.4&#8243; _module_preset=&#8221;default&#8221; hover_enabled=&#8221;0&#8243; global_colors_info=&#8221;{}&#8221; sticky_enabled=&#8221;0&#8243;][\/et_pb_image][\/et_pb_column][et_pb_column type=&#8221;3_4&#8243; _builder_version=&#8221;4.27.4&#8243; _module_preset=&#8221;default&#8221; custom_css_main_element=&#8221;width:88% !important;||margin: auto;||padding-left: 30px;&#8221; global_colors_info=&#8221;{}&#8221; custom_css_main_element_last_edited=&#8221;on|phone&#8221; custom_css_main_element_tablet=&#8221;width:82% !important;||padding-left: 25px;||padding-top:35px&#8221; custom_css_main_element_phone=&#8221;width:70% !important;||padding-left: 15px;||padding-top:35px&#8221;][et_pb_text content_tablet=&#8221;<h1>Sp\u00f8rsm\u00e5l <\/h1>&#8221; content_phone=&#8221;<h3>Sp\u00f8rsm\u00e5l<\/h3>&#8221; content_last_edited=&#8221;on|phone&#8221; _builder_version=&#8221;4.27.4&#8243; _module_preset=&#8221;default&#8221; hover_enabled=&#8221;0&#8243; global_colors_info=&#8221;{}&#8221; sticky_enabled=&#8221;0&#8243;]<h1>Sp\u00f8rsm\u00e5l<\/h1>[\/et_pb_text][\/et_pb_column][\/et_pb_row][et_pb_row use_custom_gutter=&#8221;on&#8221; gutter_width=&#8221;2&#8243; custom_padding_last_edited=&#8221;on|phone&#8221; _builder_version=&#8221;4.27.4&#8243; _module_preset=&#8221;default&#8221; background_color=&#8221;#ffffff&#8221; max_width=&#8221;850px&#8221; max_width_tablet=&#8221;850px&#8221; max_width_phone=&#8221;850px&#8221; max_width_last_edited=&#8221;on|desktop&#8221; custom_margin=&#8221;||20px||false|false&#8221; custom_padding=&#8221;60px|70px|60px|70px|false|false&#8221; custom_padding_tablet=&#8221;|55px|60px|55px|false|false&#8221; custom_padding_phone=&#8221;50px|45px|50px|45px|false|false&#8221; border_radii=&#8221;off|30px|30px|30px|30px&#8221; border_style_all=&#8221;dotted&#8221; global_colors_info=&#8221;{}&#8221; custom_css_main_element_last_edited=&#8221;on|tablet&#8221; custom_css_main_element_tablet=&#8221;display:flex;||gap: 15px;&#8221; custom_css_main_element_phone=&#8221;display:flex;||flex-direction: column;&#8221;][et_pb_column type=&#8221;4_4&#8243; _builder_version=&#8221;4.21.0&#8243; _module_preset=&#8221;default&#8221; global_colors_info=&#8221;{}&#8221;][et_pb_text content_tablet=&#8221;<h4>Sp\u00f8rsm\u00e5l som har \u00e5pen utforskende tiln\u00e6rming:<\/h4>\n<p>Hva er det du ser, og hva f\u00e5r det deg til \u00e5 tenke?<br \/>Hvilke assosiasjoner f\u00e5r du til bildene?<\/p>&#8221; content_phone=&#8221;<h4>Sp\u00f8rsm\u00e5l som har \u00e5pen<\/h4>\n<h4>utforskende tiln\u00e6rming:<\/h4>\n<p>Hva er det du ser, og hva f\u00e5r det deg til \u00e5 tenke?<br \/>Hvilke assosiasjoner f\u00e5r du til bildene?<\/p>&#8221; content_last_edited=&#8221;on|phone&#8221; _builder_version=&#8221;4.27.4&#8243; _module_preset=&#8221;default&#8221; text_font_size=&#8221;17px&#8221; text_line_height=&#8221;1.8em&#8221; text_font_size_tablet=&#8221;16px&#8221; text_font_size_phone=&#8221;15px&#8221; text_font_size_last_edited=&#8221;on|phone&#8221; global_colors_info=&#8221;{}&#8221;]<h4>Sp\u00f8rsm\u00e5l som har \u00e5pen utforskende tiln\u00e6rming:<\/h4>\n<p>Hva er det du ser, og hva f\u00e5r det deg til \u00e5 tenke?<br \/>Hvilke assosiasjoner f\u00e5r du til bildene?<\/p>[\/et_pb_text][\/et_pb_column][\/et_pb_row][et_pb_row use_custom_gutter=&#8221;on&#8221; gutter_width=&#8221;2&#8243; custom_padding_last_edited=&#8221;on|phone&#8221; _builder_version=&#8221;4.27.4&#8243; _module_preset=&#8221;default&#8221; background_color=&#8221;#ffffff&#8221; max_width=&#8221;850px&#8221; max_width_tablet=&#8221;850px&#8221; max_width_phone=&#8221;850px&#8221; max_width_last_edited=&#8221;on|desktop&#8221; custom_margin=&#8221;||20px||false|false&#8221; custom_padding=&#8221;60px|70px|60px|70px|false|false&#8221; custom_padding_tablet=&#8221;|55px|60px|55px|false|false&#8221; custom_padding_phone=&#8221;50px|45px|50px|45px|false|false&#8221; border_radii=&#8221;off|30px|30px|30px|30px&#8221; border_style_all=&#8221;dotted&#8221; global_colors_info=&#8221;{}&#8221; custom_css_main_element_last_edited=&#8221;on|tablet&#8221; custom_css_main_element_tablet=&#8221;display:flex;||gap: 15px;&#8221; custom_css_main_element_phone=&#8221;display:flex;||flex-direction: column;&#8221;][et_pb_column type=&#8221;4_4&#8243; _builder_version=&#8221;4.21.0&#8243; _module_preset=&#8221;default&#8221; global_colors_info=&#8221;{}&#8221;][et_pb_text content_tablet=&#8221;<h4>Identifikasjonssp\u00f8rsm\u00e5l:<\/h4>\n<ul>\n<li>Hva forbinder du med klovner?<\/li>\n<li>Hvilke lyder, lukter, smaker forbinder du med sirkus?<\/li>\n<li>Hvis du var en klovn, hva ville ditt beste triks v\u00e6rt?<\/li>\n<li>N\u00e5r f\u00f8ler du deg som en mislykket klovn?<\/li>\n<li>M\u00e5 alle klovner v\u00e6re morsomme, synes du?<\/li>\n<li>Hva f\u00e5r denne boka deg til \u00e5 tenke? Hvem i livet ditt f\u00e5r den deg til \u00e5 tenke p\u00e5?<\/li>\n<li>Hvis du var sirkusdirekt\u00f8ren, hva ville du gjort med Dummy da?<\/li>\n<\/ul>&#8221; content_phone=&#8221;<h4>Identifikasjonssp\u00f8rsm\u00e5l:<\/h4>\n<ul>\n<li>Hva forbinder du med klovner?<\/li>\n<li>Hvilke lyder, lukter, smaker forbinder du med sirkus?<\/li>\n<li>Hvis du var en klovn, hva ville ditt beste triks v\u00e6rt?<\/li>\n<li>N\u00e5r f\u00f8ler du deg som en mislykket klovn?<\/li>\n<li>M\u00e5 alle klovner v\u00e6re morsomme, synes du?<\/li>\n<li>Hva f\u00e5r denne boka deg til \u00e5 tenke? Hvem i livet ditt f\u00e5r den deg til \u00e5 tenke p\u00e5?<\/li>\n<li>Hvis du var sirkusdirekt\u00f8ren, hva ville du gjort med Dummy da?<\/li>\n<\/ul>&#8221; content_last_edited=&#8221;on|tablet&#8221; _builder_version=&#8221;4.27.4&#8243; _module_preset=&#8221;default&#8221; text_font_size=&#8221;17px&#8221; text_line_height=&#8221;1.8em&#8221; text_font_size_tablet=&#8221;16px&#8221; text_font_size_phone=&#8221;15px&#8221; text_font_size_last_edited=&#8221;on|phone&#8221; global_colors_info=&#8221;{}&#8221;]<h4>Identifikasjonssp\u00f8rsm\u00e5l:<\/h4>\n<ul>\n<li>Hva forbinder du med klovner?<\/li>\n<li>Hvilke lyder, lukter, smaker forbinder du med sirkus?<\/li>\n<li>Hvis du var en klovn, hva ville ditt beste triks v\u00e6rt?<\/li>\n<li>N\u00e5r f\u00f8ler du deg som en mislykket klovn?<\/li>\n<li>M\u00e5 alle klovner v\u00e6re morsomme, synes du?<\/li>\n<li>Hva f\u00e5r denne boka deg til \u00e5 tenke? Hvem i livet ditt f\u00e5r den deg til \u00e5 tenke p\u00e5?<\/li>\n<li>Hvis du var sirkusdirekt\u00f8ren, hva ville du gjort med Dummy da?<\/li>\n<\/ul>[\/et_pb_text][\/et_pb_column][\/et_pb_row][et_pb_row use_custom_gutter=&#8221;on&#8221; gutter_width=&#8221;2&#8243; custom_padding_last_edited=&#8221;on|phone&#8221; _builder_version=&#8221;4.27.4&#8243; _module_preset=&#8221;default&#8221; background_color=&#8221;#ffffff&#8221; max_width=&#8221;850px&#8221; max_width_tablet=&#8221;850px&#8221; max_width_phone=&#8221;850px&#8221; max_width_last_edited=&#8221;on|desktop&#8221; custom_margin=&#8221;||20px||false|false&#8221; custom_padding=&#8221;60px|70px|60px|70px|false|false&#8221; custom_padding_tablet=&#8221;|55px|60px|55px|false|false&#8221; custom_padding_phone=&#8221;50px|45px|50px|45px|false|false&#8221; border_radii=&#8221;off|30px|30px|30px|30px&#8221; border_style_all=&#8221;dotted&#8221; global_colors_info=&#8221;{}&#8221; custom_css_main_element_last_edited=&#8221;on|tablet&#8221; custom_css_main_element_tablet=&#8221;display:flex;||gap: 15px;&#8221; custom_css_main_element_phone=&#8221;display:flex;||flex-direction: column;&#8221;][et_pb_column type=&#8221;4_4&#8243; _builder_version=&#8221;4.21.0&#8243; _module_preset=&#8221;default&#8221; global_colors_info=&#8221;{}&#8221;][et_pb_text content_tablet=&#8221;<h4>Refleksjonssp\u00f8rsm\u00e5l:<\/h4>\n<ul>\n<li>Hvilke forventninger f\u00e5r vi til tittelen?<\/li>\n<li>Hva slags klovn er dette? Hva forteller kroppsspr\u00e5k og ansiktsuttrykk, m\u00e5ten Dummy er plassert i bildet, det han har p\u00e5 seg?<\/li>\n<li>Hva skjer med klovnens utseende fra begynnelsen av historien til slutten? Hva kan det bety?<\/li>\n<li>Sammenlign innsidepermene f\u00f8r og etter historien. Hva kan det bety at de er forskjellige?<\/li>\n<li>Hva mener Leo med \u00abdet er ren matematikk\u00bb? og p\u00e5 slutten: \u00abDet er ikke bare matematikk\u00bb? Hva har endret seg underveis?<\/li>\n<li>P\u00e5 baksiden av boka st\u00e5r det \u00abEn fortelling om sagmugg, livet og om tiden som g\u00e5r\u00bb hva menes med det? Hva har tid med denne fortellingen \u00e5 gj\u00f8re?<\/li>\n<li>Hva slags karakter er l\u00f8ven Leo? Hva tenker du om hvordan han er fremstilt i bildene? (se p\u00e5 b\u00e5de tekst og bilder)<\/li>\n<\/ul>&#8221; content_phone=&#8221;<h4>Refleksjonssp\u00f8rsm\u00e5l:<\/h4>\n<ul>\n<li>Hvilke forventninger f\u00e5r vi til tittelen?<\/li>\n<li>Hva slags klovn er dette? Hva forteller kroppsspr\u00e5k og ansiktsuttrykk, m\u00e5ten Dummy er plassert i bildet, det han har p\u00e5 seg?<\/li>\n<li>Hva skjer med klovnens utseende fra begynnelsen av historien til slutten? Hva kan det bety?<\/li>\n<li>Sammenlign innsidepermene f\u00f8r og etter historien. Hva kan det bety at de er forskjellige?<\/li>\n<li>Hva mener Leo med \u00abdet er ren matematikk\u00bb? og p\u00e5 slutten: \u00abDet er ikke bare matematikk\u00bb? Hva har endret seg underveis?<\/li>\n<li>P\u00e5 baksiden av boka st\u00e5r det \u00abEn fortelling om sagmugg, livet og om tiden som g\u00e5r\u00bb hva menes med det? Hva har tid med denne fortellingen \u00e5 gj\u00f8re?<\/li>\n<li>Hva slags karakter er l\u00f8ven Leo? Hva tenker du om hvordan han er fremstilt i bildene? (se p\u00e5 b\u00e5de tekst og bilder)<\/li>\n<\/ul>\n<ul><\/ul>&#8221; content_last_edited=&#8221;on|phone&#8221; _builder_version=&#8221;4.27.4&#8243; _module_preset=&#8221;default&#8221; text_font_size=&#8221;17px&#8221; text_line_height=&#8221;1.8em&#8221; text_font_size_tablet=&#8221;16px&#8221; text_font_size_phone=&#8221;15px&#8221; text_font_size_last_edited=&#8221;on|phone&#8221; global_colors_info=&#8221;{}&#8221;]<h4>Refleksjonssp\u00f8rsm\u00e5l:<\/h4>\n<ul>\n<li>Hvilke forventninger f\u00e5r vi til tittelen?<\/li>\n<li>Hva slags klovn er dette? Hva forteller kroppsspr\u00e5k og ansiktsuttrykk, m\u00e5ten Dummy er plassert i bildet, det han har p\u00e5 seg?<\/li>\n<li>Hva skjer med klovnens utseende fra begynnelsen av historien til slutten? Hva kan det bety?<\/li>\n<li>Sammenlign innsidepermene f\u00f8r og etter historien. Hva kan det bety at de er forskjellige?<\/li>\n<li>Hva mener Leo med \u00abdet er ren matematikk\u00bb? og p\u00e5 slutten: \u00abDet er ikke bare matematikk\u00bb? Hva har endret seg underveis?<\/li>\n<li>P\u00e5 baksiden av boka st\u00e5r det \u00abEn fortelling om sagmugg, livet og om tiden som g\u00e5r\u00bb hva menes med det? Hva har tid med denne fortellingen \u00e5 gj\u00f8re?<\/li>\n<li>Hva slags karakter er l\u00f8ven Leo? Hva tenker du om hvordan han er fremstilt i bildene? (se p\u00e5 b\u00e5de tekst og bilder)<\/li>\n<\/ul>[\/et_pb_text][\/et_pb_column][\/et_pb_row][et_pb_row use_custom_gutter=&#8221;on&#8221; gutter_width=&#8221;2&#8243; custom_padding_last_edited=&#8221;on|phone&#8221; _builder_version=&#8221;4.27.4&#8243; _module_preset=&#8221;default&#8221; background_color=&#8221;#ffffff&#8221; max_width=&#8221;850px&#8221; max_width_tablet=&#8221;850px&#8221; max_width_phone=&#8221;850px&#8221; max_width_last_edited=&#8221;on|desktop&#8221; custom_margin=&#8221;||20px||false|false&#8221; custom_padding=&#8221;60px|70px|60px|70px|false|false&#8221; custom_padding_tablet=&#8221;|55px|60px|55px|false|false&#8221; custom_padding_phone=&#8221;50px|45px|50px|45px|false|false&#8221; border_radii=&#8221;off|30px|30px|30px|30px&#8221; border_style_all=&#8221;dotted&#8221; global_colors_info=&#8221;{}&#8221; custom_css_main_element_last_edited=&#8221;on|tablet&#8221; custom_css_main_element_tablet=&#8221;display:flex;||gap: 15px;&#8221; custom_css_main_element_phone=&#8221;display:flex;||flex-direction: column;&#8221;][et_pb_column type=&#8221;4_4&#8243; _builder_version=&#8221;4.21.0&#8243; _module_preset=&#8221;default&#8221; global_colors_info=&#8221;{}&#8221;][et_pb_text content_tablet=&#8221;<h4>Refleksjonssp\u00f8rsm\u00e5l:<\/h4>\n<ul>\n<li>Hvilke forventninger f\u00e5r vi til tittelen?<\/li>\n<li>Hva slags klovn er dette? Hva forteller kroppsspr\u00e5k og ansiktsuttrykk, m\u00e5ten Dummy er plassert i bildet, det han har p\u00e5 seg?<\/li>\n<li>Hva skjer med klovnens utseende fra begynnelsen av historien til slutten? Hva kan det bety?<\/li>\n<li>Sammenlign innsidepermene f\u00f8r og etter historien. Hva kan det bety at de er forskjellige?<\/li>\n<li>Hva mener Leo med \u00abdet er ren matematikk\u00bb? og p\u00e5 slutten: \u00abDet er ikke bare matematikk\u00bb? Hva har endret seg underveis?<\/li>\n<li>P\u00e5 baksiden av boka st\u00e5r det \u00abEn fortelling om sagmugg, livet og om tiden som g\u00e5r\u00bb hva menes med det? Hva har tid med denne fortellingen \u00e5 gj\u00f8re?<\/li>\n<li>Hva slags karakter er l\u00f8ven Leo? Hva tenker du om hvordan han er fremstilt i bildene? (se p\u00e5 b\u00e5de tekst og bilder)<\/li>\n<\/ul>&#8221; content_phone=&#8221;<h4>Refleksjonssp\u00f8rsm\u00e5l:<\/h4>\n<ul>\n<li>Hvilke forventninger f\u00e5r vi til tittelen?<\/li>\n<li>Hva slags klovn er dette? Hva forteller kroppsspr\u00e5k og ansiktsuttrykk, m\u00e5ten Dummy er plassert i bildet, det han har p\u00e5 seg?<\/li>\n<li>Hva skjer med klovnens utseende fra begynnelsen av historien til slutten? Hva kan det bety?<\/li>\n<li>Sammenlign innsidepermene f\u00f8r og etter historien. Hva kan det bety at de er forskjellige?<\/li>\n<li>Hva mener Leo med \u00abdet er ren matematikk\u00bb? og p\u00e5 slutten: \u00abDet er ikke bare matematikk\u00bb? Hva har endret seg underveis?<\/li>\n<li>P\u00e5 baksiden av boka st\u00e5r det \u00abEn fortelling om sagmugg, livet og om tiden som g\u00e5r\u00bb hva menes med det? Hva har tid med denne fortellingen \u00e5 gj\u00f8re?<\/li>\n<li>Hva slags karakter er l\u00f8ven Leo? Hva tenker du om hvordan han er fremstilt i bildene? (se p\u00e5 b\u00e5de tekst og bilder)<\/li>\n<\/ul>\n<ul><\/ul>&#8221; content_last_edited=&#8221;on|phone&#8221; _builder_version=&#8221;4.27.4&#8243; _module_preset=&#8221;default&#8221; text_font_size=&#8221;17px&#8221; text_line_height=&#8221;1.8em&#8221; text_font_size_tablet=&#8221;16px&#8221; text_font_size_phone=&#8221;15px&#8221; text_font_size_last_edited=&#8221;on|phone&#8221; global_colors_info=&#8221;{}&#8221;]<h4>Overf\u00f8ringssp\u00f8rsm\u00e5l:<\/h4>\n<ul>\n<li>Kan <em>Klovnen som rett og slett ikke var s\u00e6rlig morsom<\/em> fortelle oss noe om verden utenfor sirkusmanesjen?<\/li>\n<li>Er det greit \u00e5 gi noen sparken hvis de ikke f\u00e5r til jobben sin?<\/li>\n<\/ul>[\/et_pb_text][\/et_pb_column][\/et_pb_row][et_pb_row custom_padding_last_edited=&#8221;on|phone&#8221; _builder_version=&#8221;4.27.4&#8243; _module_preset=&#8221;default&#8221; max_width=&#8221;850px&#8221; module_alignment=&#8221;center&#8221; custom_padding_tablet=&#8221;&#8221; custom_padding_phone=&#8221;0px||||false|false&#8221; custom_css_main_element=&#8221;display:flex;||justify-content: center;&#8221; global_colors_info=&#8221;{}&#8221;][et_pb_column type=&#8221;4_4&#8243; _builder_version=&#8221;4.21.0&#8243; _module_preset=&#8221;default&#8221; global_colors_info=&#8221;{}&#8221;][et_pb_code _builder_version=&#8221;4.21.0&#8243; _module_preset=&#8221;default&#8221; text_orientation=&#8221;center&#8221; text_orientation_tablet=&#8221;center&#8221; text_orientation_phone=&#8221;center&#8221; text_orientation_last_edited=&#8221;on|desktop&#8221; global_colors_info=&#8221;{}&#8221;]<button id=\"backButton\" style=\"<!-- [et_pb_line_break_holder] -->background: #8dcfb7; <!-- [et_pb_line_break_holder] -->border-radius: 10px; <!-- [et_pb_line_break_holder] -->width: 100px; <!-- [et_pb_line_break_holder] -->height: 40px; <!-- [et_pb_line_break_holder] -->border: none; <!-- [et_pb_line_break_holder] -->font-size: 18px;<!-- [et_pb_line_break_holder] -->color: #000000; <!-- [et_pb_line_break_holder] -->transform: uppercase;&#8221; <!-- [et_pb_line_break_holder] -->onmouseover=&#8221;this.style.backgroundColor=&#8217;#5a5e5e&#8217;; this.style.color=&#8217;#ffffff&#8217;;&#8221;<!-- [et_pb_line_break_holder] -->onmouseout=&#8221;this.style.backgroundColor=&#8217;#8dcfb7&#8242;; this.style.color=&#8217;#000000&#8242;;&#8221; <!-- [et_pb_line_break_holder] -->onclick=&#8221;myFunction()&#8221;>Tilbake<\/button><!-- [et_pb_line_break_holder] --><!-- [et_pb_line_break_holder] --><script><!-- [et_pb_line_break_holder] -->document.addEventListener('DOMContentLoaded', function() {<!-- [et_pb_line_break_holder] -->  var backButton = document.getElementById('backButton'); <!-- [et_pb_line_break_holder] -->  <!-- [et_pb_line_break_holder] -->  if (backButton) {<!-- [et_pb_line_break_holder] -->    backButton.addEventListener('click', function() {<!-- [et_pb_line_break_holder] -->      window.history.back();<!-- [et_pb_line_break_holder] -->    });<!-- [et_pb_line_break_holder] -->  }<!-- [et_pb_line_break_holder] -->});<!-- [et_pb_line_break_holder] --><\/script><!-- [et_pb_line_break_holder] -->[\/et_pb_code][\/et_pb_column][\/et_pb_row][\/et_pb_section]\n","protected":false},"excerpt":{"rendered":"<p>Sp\u00f8rsm\u00e5lSp\u00f8rsm\u00e5l som har \u00e5pen utforskende tiln\u00e6rming: Hva er det du ser, og hva f\u00e5r det deg til \u00e5 tenke?Hvilke assosiasjoner f\u00e5r du til bildene?Identifikasjonssp\u00f8rsm\u00e5l: Hva forbinder du med klovner? Hvilke lyder, lukter, smaker forbinder du med sirkus? Hvis du var en klovn, hva ville ditt beste triks v\u00e6rt? N\u00e5r f\u00f8ler du deg som en mislykket [&hellip;]<\/p>\n","protected":false},"author":10,"featured_media":0,"parent":0,"menu_order":0,"comment_status":"closed","ping_status":"closed","template":"","meta":{"_et_pb_use_builder":"on","_et_pb_old_content":"","_et_gb_content_width":"","footnotes":""},"trinn":[],"fag":[],"class_list":["post-7729","page","type-page","status-publish","hentry"],"_links":{"self":[{"href":"https:\/\/leselop.usn.no\/index.php?rest_route=\/wp\/v2\/pages\/7729","targetHints":{"allow":["GET"]}}],"collection":[{"href":"https:\/\/leselop.usn.no\/index.php?rest_route=\/wp\/v2\/pages"}],"about":[{"href":"https:\/\/leselop.usn.no\/index.php?rest_route=\/wp\/v2\/types\/page"}],"author":[{"embeddable":true,"href":"https:\/\/leselop.usn.no\/index.php?rest_route=\/wp\/v2\/users\/10"}],"replies":[{"embeddable":true,"href":"https:\/\/leselop.usn.no\/index.php?rest_route=%2Fwp%2Fv2%2Fcomments&post=7729"}],"version-history":[{"count":4,"href":"https:\/\/leselop.usn.no\/index.php?rest_route=\/wp\/v2\/pages\/7729\/revisions"}],"predecessor-version":[{"id":10039,"href":"https:\/\/leselop.usn.no\/index.php?rest_route=\/wp\/v2\/pages\/7729\/revisions\/10039"}],"wp:attachment":[{"href":"https:\/\/leselop.usn.no\/index.php?rest_route=%2Fwp%2Fv2%2Fmedia&parent=7729"}],"wp:term":[{"taxonomy":"trinn","embeddable":true,"href":"https:\/\/leselop.usn.no\/index.php?rest_route=%2Fwp%2Fv2%2Ftrinn&post=7729"},{"taxonomy":"fag","embeddable":true,"href":"https:\/\/leselop.usn.no\/index.php?rest_route=%2Fwp%2Fv2%2Ffag&post=7729"}],"curies":[{"name":"wp","href":"https:\/\/api.w.org\/{rel}","templated":true}]}}