{"id":7525,"date":"2025-04-10T13:06:19","date_gmt":"2025-04-10T11:06:19","guid":{"rendered":"https:\/\/leselop.usn.no\/?page_id=7525"},"modified":"2025-08-07T09:51:17","modified_gmt":"2025-08-07T07:51:17","slug":"leselop-14-aktivitet-5-samtaleramme-med-sporsmal","status":"publish","type":"page","link":"https:\/\/leselop.usn.no\/?page_id=7525","title":{"rendered":"16. Kollektiv langlesing &#8211; Aktivitet 5 &#8211; Samtaleramme med sp\u00f8rsm\u00e5l"},"content":{"rendered":"\n[et_pb_section fb_built=&#8221;1&#8243; _builder_version=&#8221;4.21.0&#8243; _module_preset=&#8221;default&#8221; background_color=&#8221;#f4f4f4&#8243; custom_css_main_element=&#8221;min-height: 100vh;&#8221; da_disable_devices=&#8221;off|off|off&#8221; global_colors_info=&#8221;{}&#8221; da_is_popup=&#8221;off&#8221; da_exit_intent=&#8221;off&#8221; da_has_close=&#8221;on&#8221; da_alt_close=&#8221;off&#8221; da_dark_close=&#8221;off&#8221; da_not_modal=&#8221;on&#8221; da_is_singular=&#8221;off&#8221; da_with_loader=&#8221;off&#8221; da_has_shadow=&#8221;on&#8221;][et_pb_row column_structure=&#8221;1_4,3_4&#8243; use_custom_gutter=&#8221;on&#8221; gutter_width=&#8221;1&#8243; make_equal=&#8221;on&#8221; _builder_version=&#8221;4.27.4&#8243; _module_preset=&#8221;default&#8221; max_width=&#8221;850px&#8221; custom_css_main_element=&#8221;width:75% !important;&#8221; global_colors_info=&#8221;{}&#8221;][et_pb_column type=&#8221;1_4&#8243; _builder_version=&#8221;4.21.0&#8243; _module_preset=&#8221;default&#8221; custom_css_main_element=&#8221;width:12% !important;&#8221; global_colors_info=&#8221;{}&#8221; custom_css_main_element_last_edited=&#8221;on|phone&#8221; custom_css_main_element_tablet=&#8221;width:18% !important;&#8221; custom_css_main_element_phone=&#8221;width:30% !important;&#8221;][et_pb_image src=&#8221;https:\/\/leselop.usn.no\/wp-content\/uploads\/2025\/06\/Leselop-skrive-green.png&#8221; title_text=&#8221;Leselop-skrive-green&#8221; src_tablet=&#8221;https:\/\/leselop.usn.no\/wp-content\/uploads\/2025\/06\/Leselop-skrive-green.png&#8221; src_phone=&#8221;https:\/\/leselop.usn.no\/wp-content\/uploads\/2025\/06\/Leselop-skrive-green.png&#8221; src_last_edited=&#8221;on|phone&#8221; _builder_version=&#8221;4.27.4&#8243; _module_preset=&#8221;default&#8221; hover_enabled=&#8221;0&#8243; global_colors_info=&#8221;{}&#8221; sticky_enabled=&#8221;0&#8243;][\/et_pb_image][\/et_pb_column][et_pb_column type=&#8221;3_4&#8243; _builder_version=&#8221;4.27.4&#8243; _module_preset=&#8221;default&#8221; custom_css_main_element=&#8221;width:88% !important;||margin: auto;||padding-left: 30px;&#8221; global_colors_info=&#8221;{}&#8221; custom_css_main_element_last_edited=&#8221;on|phone&#8221; custom_css_main_element_tablet=&#8221;width:82% !important;||padding-left: 25px;||padding-top:32px&#8221; custom_css_main_element_phone=&#8221;width:70% !important;||padding-left: 15px;||padding-top:19px&#8221;][et_pb_text content_tablet=&#8221;<h1>Samtalerammer med sp\u00f8rsm\u00e5l<\/h1>&#8221; content_phone=&#8221;<h3>Samtalerammer<\/h3>\n<h3>med sp\u00f8rm\u00e5l<\/h3>&#8221; content_last_edited=&#8221;on|phone&#8221; _builder_version=&#8221;4.27.4&#8243; _module_preset=&#8221;default&#8221; hover_enabled=&#8221;0&#8243; global_colors_info=&#8221;{}&#8221; custom_css_main_element_last_edited=&#8221;on|phone&#8221; sticky_enabled=&#8221;0&#8243;]<h1>Samtalerammer med sp\u00f8rsm\u00e5l<\/h1>[\/et_pb_text][\/et_pb_column][\/et_pb_row][et_pb_row custom_padding_last_edited=&#8221;on|tablet&#8221; _builder_version=&#8221;4.27.4&#8243; _module_preset=&#8221;default&#8221; background_color=&#8221;#ffffff&#8221; max_width=&#8221;850px&#8221; max_width_tablet=&#8221;850px&#8221; max_width_phone=&#8221;850px&#8221; max_width_last_edited=&#8221;on|desktop&#8221; custom_padding=&#8221;90px|60px|90px|60px|false|false&#8221; custom_padding_tablet=&#8221;80px|55px|80px|55px|false|false&#8221; custom_padding_phone=&#8221;60px|50px|60px|50px|false|false&#8221; border_radii=&#8221;off|30px|30px|30px|30px&#8221; border_style_all=&#8221;dotted&#8221; global_colors_info=&#8221;{}&#8221;][et_pb_column type=&#8221;4_4&#8243; _builder_version=&#8221;4.21.0&#8243; _module_preset=&#8221;default&#8221; global_colors_info=&#8221;{}&#8221;][et_pb_text _builder_version=&#8221;4.27.4&#8243; _module_preset=&#8221;default&#8221; text_font_size=&#8221;17px&#8221; text_line_height=&#8221;1.8em&#8221; global_colors_info=&#8221;{}&#8221;]<p><span style=\"color: windowtext;\">Andre gruppesamtale om <i>Stargate<\/i> (vi har lest til s.93)<o:p><\/o:p><\/span><\/p>[\/et_pb_text][et_pb_code disabled_on=&#8221;on|off|off&#8221; _builder_version=&#8221;4.27.4&#8243; _module_preset=&#8221;default&#8221; global_colors_info=&#8221;{}&#8221;]<table class=\"qa-table\"><!-- [et_pb_line_break_holder] -->  <thead><!-- [et_pb_line_break_holder] -->    <tr><!-- [et_pb_line_break_holder] -->      <th>SP\u00d8RSM\u00c5L<\/th><!-- [et_pb_line_break_holder] -->      <th>SVAR<\/th><!-- [et_pb_line_break_holder] -->    <\/tr><!-- [et_pb_line_break_holder] -->  <\/thead><!-- [et_pb_line_break_holder] -->  <tbody><!-- [et_pb_line_break_holder] -->    <tr><!-- [et_pb_line_break_holder] -->      <td>Hva synes du har v\u00e6rt mest uventet av det som har skjedd til n\u00e5?<\/td><!-- [et_pb_line_break_holder] -->      <td><\/td><!-- [et_pb_line_break_holder] -->    <\/tr><!-- [et_pb_line_break_holder] -->    <tr><!-- [et_pb_line_break_holder] -->      <td>Hvordan fikk Ronja jobb, hvorfor likte hun det s\u00e5 godt og hvordan mistet hun jobben?<\/td><!-- [et_pb_line_break_holder] -->      <td><\/td><!-- [et_pb_line_break_holder] -->    <\/tr><!-- [et_pb_line_break_holder] -->    <tr><!-- [et_pb_line_break_holder] -->      <td>\u201cDa kom de dagene\u201d, sier Ronja om dagene faren deres g\u00e5r p\u00e5 fylla. Mange vil kanskje tenke at hun vil snakke med noen om det som er vanskelig, men det vil hun ikke. Hvorfor ikke, tror du?<\/td><!-- [et_pb_line_break_holder] -->      <td><\/td><!-- [et_pb_line_break_holder] -->    <\/tr><!-- [et_pb_line_break_holder] -->    <tr><!-- [et_pb_line_break_holder] -->      <td>Hva likte du best med Luciadagen som Ronja forteller om?<\/td><!-- [et_pb_line_break_holder] -->      <td><\/td><!-- [et_pb_line_break_holder] -->    <\/tr><!-- [et_pb_line_break_holder] -->    <tr><!-- [et_pb_line_break_holder] -->      <td>Hva tror du Aronsen tenker om Stella?<\/td><!-- [et_pb_line_break_holder] -->      <td><\/td><!-- [et_pb_line_break_holder] -->    <\/tr><!-- [et_pb_line_break_holder] -->    <tr><!-- [et_pb_line_break_holder] -->      <td>Hvorfor tror du at Ronja tenker s\u00e5 mye p\u00e5 gode minner, blant annet om hytta i skogen mens de har Lucia-forestilling p\u00e5 skolen og hun h\u00e5per \u00e5 se faren blant publikum?<\/td><!-- [et_pb_line_break_holder] -->      <td><\/td><!-- [et_pb_line_break_holder] -->    <\/tr><!-- [et_pb_line_break_holder] -->    <tr><!-- [et_pb_line_break_holder] -->      <td>Hvem er Tommy, og hvilket inntrykk har du av ham?<\/td><!-- [et_pb_line_break_holder] -->      <td><\/td><!-- [et_pb_line_break_holder] -->    <\/tr><!-- [et_pb_line_break_holder] -->    <tr><!-- [et_pb_line_break_holder] -->      <td>Hvilket inntrykk har du av Eriksen?<\/td><!-- [et_pb_line_break_holder] -->      <td><\/td><!-- [et_pb_line_break_holder] -->    <\/tr><!-- [et_pb_line_break_holder] -->    <tr><!-- [et_pb_line_break_holder] -->      <td>Hvordan tror du hele fortellinga slutter og hvorfor tror du det?<\/td><!-- [et_pb_line_break_holder] -->      <td><\/td><!-- [et_pb_line_break_holder] -->    <\/tr><!-- [et_pb_line_break_holder] --><!-- [et_pb_line_break_holder] -->  <\/tbody><!-- [et_pb_line_break_holder] --><\/table><!-- [et_pb_line_break_holder] --><!-- [et_pb_line_break_holder] --><style><!-- [et_pb_line_break_holder] -->.qa-table {<!-- [et_pb_line_break_holder] -->  width: 100%;<!-- [et_pb_line_break_holder] -->  table-layout: fixed;<!-- [et_pb_line_break_holder] -->  border-collapse: collapse;<!-- [et_pb_line_break_holder] -->  font-family: Arial, sans-serif;<!-- [et_pb_line_break_holder] -->}<!-- [et_pb_line_break_holder] --><!-- [et_pb_line_break_holder] -->.qa-table th, .qa-table td {<!-- [et_pb_line_break_holder] -->  width: 50%;<!-- [et_pb_line_break_holder] -->  border: 1px solid black; <!-- [et_pb_line_break_holder] -->  font-size: 15px;<!-- [et_pb_line_break_holder] -->  vertical-align: top;<!-- [et_pb_line_break_holder] -->  box-sizing: border-box;<!-- [et_pb_line_break_holder] -->}<!-- [et_pb_line_break_holder] --><!-- [et_pb_line_break_holder] -->.qa-table th {<!-- [et_pb_line_break_holder] -->  background-color: #E6FAF3;<!-- [et_pb_line_break_holder] -->  text-align: left;<!-- [et_pb_line_break_holder] -->}<!-- [et_pb_line_break_holder] --><\/style><!-- [et_pb_line_break_holder] -->[\/et_pb_code][et_pb_image src=&#8221;https:\/\/leselop.usn.no\/wp-content\/uploads\/2025\/04\/Samtaleramme-aktivitet-5.png&#8221; title_text=&#8221;Samtaleramme aktivitet 5&#8243; disabled_on=&#8221;off|on|on&#8221; _builder_version=&#8221;4.27.4&#8243; _module_preset=&#8221;default&#8221; width_tablet=&#8221;&#8221; width_phone=&#8221;100%&#8221; width_last_edited=&#8221;on|phone&#8221; custom_margin=&#8221;||||false|false&#8221; global_colors_info=&#8221;{}&#8221;][\/et_pb_image][\/et_pb_column][\/et_pb_row][et_pb_row _builder_version=&#8221;4.27.4&#8243; _module_preset=&#8221;default&#8221; max_width=&#8221;850px&#8221; module_alignment=&#8221;center&#8221; custom_css_main_element=&#8221;display:flex;||justify-content: center;&#8221; global_colors_info=&#8221;{}&#8221;][et_pb_column type=&#8221;4_4&#8243; _builder_version=&#8221;4.27.4&#8243; _module_preset=&#8221;default&#8221; global_colors_info=&#8221;{}&#8221;][et_pb_text _builder_version=&#8221;4.27.4&#8243; _module_preset=&#8221;default&#8221; text_font_size=&#8221;-3px&#8221; text_line_height=&#8221;1.8em&#8221; header_4_text_color=&#8221;#000000&#8243; header_4_font_size=&#8221;14px&#8221; custom_margin=&#8221;||||false|false&#8221; link_option_url=&#8221;https:\/\/leselop.usn.no\/wp-content\/uploads\/2025\/04\/Aktivitet-5-Samtaleramme-gruppesamtale-1.docx&#8221; global_colors_info=&#8221;{}&#8221; header_4_text_color__hover_enabled=&#8221;on|hover&#8221; header_4_text_color__hover=&#8221;#82C8AE&#8221;]<h4 style=\"text-align: center;\">LAST NED WORD-DOKUMENT<\/h4>[\/et_pb_text][et_pb_code _builder_version=&#8221;4.27.4&#8243; _module_preset=&#8221;default&#8221; text_orientation=&#8221;center&#8221; text_orientation_tablet=&#8221;center&#8221; text_orientation_phone=&#8221;center&#8221; text_orientation_last_edited=&#8221;on|desktop&#8221; global_colors_info=&#8221;{}&#8221;]<button id=\"backButton\" style=\"<!-- [et_pb_line_break_holder] -->background: #8dcfb7; <!-- [et_pb_line_break_holder] -->border-radius: 10px; <!-- [et_pb_line_break_holder] -->width: 100px; <!-- [et_pb_line_break_holder] -->height: 40px; <!-- [et_pb_line_break_holder] -->border: none; <!-- [et_pb_line_break_holder] -->font-size: 18px;<!-- [et_pb_line_break_holder] -->color: #000000; <!-- [et_pb_line_break_holder] -->transform: uppercase;&#8221; <!-- [et_pb_line_break_holder] -->onmouseover=&#8221;this.style.backgroundColor=&#8217;#5a5e5e&#8217;; this.style.color=&#8217;#ffffff&#8217;;&#8221;<!-- [et_pb_line_break_holder] -->onmouseout=&#8221;this.style.backgroundColor=&#8217;#8dcfb7&#8242;; this.style.color=&#8217;#000000&#8242;;&#8221; <!-- [et_pb_line_break_holder] -->onclick=&#8221;myFunction()&#8221;>Tilbake<\/button><!-- [et_pb_line_break_holder] --><!-- [et_pb_line_break_holder] --><script><!-- [et_pb_line_break_holder] -->document.addEventListener('DOMContentLoaded', function() {<!-- [et_pb_line_break_holder] -->  var backButton = document.getElementById('backButton'); <!-- [et_pb_line_break_holder] -->  <!-- [et_pb_line_break_holder] -->  if (backButton) {<!-- [et_pb_line_break_holder] -->    backButton.addEventListener('click', function() {<!-- [et_pb_line_break_holder] -->      window.history.back();<!-- [et_pb_line_break_holder] -->    });<!-- [et_pb_line_break_holder] -->  }<!-- [et_pb_line_break_holder] -->});<!-- [et_pb_line_break_holder] --><\/script><!-- [et_pb_line_break_holder] -->[\/et_pb_code][\/et_pb_column][\/et_pb_row][\/et_pb_section]\n","protected":false},"excerpt":{"rendered":"<p>Samtalerammer med sp\u00f8rsm\u00e5lAndre gruppesamtale om Stargate (vi har lest til s.93)LAST NED WORD-DOKUMENT<\/p>\n","protected":false},"author":10,"featured_media":0,"parent":0,"menu_order":0,"comment_status":"closed","ping_status":"closed","template":"","meta":{"_et_pb_use_builder":"on","_et_pb_old_content":"","_et_gb_content_width":"","footnotes":""},"trinn":[],"fag":[],"class_list":["post-7525","page","type-page","status-publish","hentry"],"_links":{"self":[{"href":"https:\/\/leselop.usn.no\/index.php?rest_route=\/wp\/v2\/pages\/7525","targetHints":{"allow":["GET"]}}],"collection":[{"href":"https:\/\/leselop.usn.no\/index.php?rest_route=\/wp\/v2\/pages"}],"about":[{"href":"https:\/\/leselop.usn.no\/index.php?rest_route=\/wp\/v2\/types\/page"}],"author":[{"embeddable":true,"href":"https:\/\/leselop.usn.no\/index.php?rest_route=\/wp\/v2\/users\/10"}],"replies":[{"embeddable":true,"href":"https:\/\/leselop.usn.no\/index.php?rest_route=%2Fwp%2Fv2%2Fcomments&post=7525"}],"version-history":[{"count":7,"href":"https:\/\/leselop.usn.no\/index.php?rest_route=\/wp\/v2\/pages\/7525\/revisions"}],"predecessor-version":[{"id":10028,"href":"https:\/\/leselop.usn.no\/index.php?rest_route=\/wp\/v2\/pages\/7525\/revisions\/10028"}],"wp:attachment":[{"href":"https:\/\/leselop.usn.no\/index.php?rest_route=%2Fwp%2Fv2%2Fmedia&parent=7525"}],"wp:term":[{"taxonomy":"trinn","embeddable":true,"href":"https:\/\/leselop.usn.no\/index.php?rest_route=%2Fwp%2Fv2%2Ftrinn&post=7525"},{"taxonomy":"fag","embeddable":true,"href":"https:\/\/leselop.usn.no\/index.php?rest_route=%2Fwp%2Fv2%2Ffag&post=7525"}],"curies":[{"name":"wp","href":"https:\/\/api.w.org\/{rel}","templated":true}]}}