{"id":7210,"date":"2025-03-26T13:25:28","date_gmt":"2025-03-26T12:25:28","guid":{"rendered":"https:\/\/leselop.usn.no\/?page_id=7210"},"modified":"2025-08-29T13:16:50","modified_gmt":"2025-08-29T11:16:50","slug":"leselop-13-aktivitet-9-oppgaver","status":"publish","type":"page","link":"https:\/\/leselop.usn.no\/?page_id=7210","title":{"rendered":"14. Multiple tekster i samfunnsfag &#8211; Aktivitet 8 &#8211; Oppgaver"},"content":{"rendered":"<p>[et_pb_section fb_built=&#8221;1&#8243; _builder_version=&#8221;4.21.0&#8243; _module_preset=&#8221;default&#8221; background_color=&#8221;#f4f4f4&#8243; custom_css_main_element=&#8221;min-height: 100vh;&#8221; da_disable_devices=&#8221;off|off|off&#8221; global_colors_info=&#8221;{}&#8221; da_is_popup=&#8221;off&#8221; da_exit_intent=&#8221;off&#8221; da_has_close=&#8221;on&#8221; da_alt_close=&#8221;off&#8221; da_dark_close=&#8221;off&#8221; da_not_modal=&#8221;on&#8221; da_is_singular=&#8221;off&#8221; da_with_loader=&#8221;off&#8221; da_has_shadow=&#8221;on&#8221;][et_pb_row column_structure=&#8221;1_4,3_4&#8243; use_custom_gutter=&#8221;on&#8221; gutter_width=&#8221;1&#8243; make_equal=&#8221;on&#8221; _builder_version=&#8221;4.27.4&#8243; _module_preset=&#8221;default&#8221; max_width=&#8221;850px&#8221; custom_css_main_element=&#8221;width:75% !important;&#8221; global_colors_info=&#8221;{}&#8221;][et_pb_column type=&#8221;1_4&#8243; _builder_version=&#8221;4.21.0&#8243; _module_preset=&#8221;default&#8221; custom_css_main_element=&#8221;width:12% !important;&#8221; global_colors_info=&#8221;{}&#8221; custom_css_main_element_last_edited=&#8221;on|phone&#8221; custom_css_main_element_tablet=&#8221;width:18% !important;&#8221; custom_css_main_element_phone=&#8221;width:30% !important;&#8221;][et_pb_image src=&#8221;https:\/\/leselop.usn.no\/wp-content\/uploads\/2025\/06\/Leselop-skrive-green.png&#8221; title_text=&#8221;Leselop-skrive-green&#8221; src_tablet=&#8221;https:\/\/leselop.usn.no\/wp-content\/uploads\/2025\/06\/Leselop-skrive-green.png&#8221; src_phone=&#8221;https:\/\/leselop.usn.no\/wp-content\/uploads\/2025\/06\/Leselop-skrive-green.png&#8221; src_last_edited=&#8221;on|phone&#8221; _builder_version=&#8221;4.27.4&#8243; _module_preset=&#8221;default&#8221; global_colors_info=&#8221;{}&#8221;][\/et_pb_image][\/et_pb_column][et_pb_column type=&#8221;3_4&#8243; _builder_version=&#8221;4.27.4&#8243; _module_preset=&#8221;default&#8221; custom_css_main_element=&#8221;width:88% !important;||margin: auto;||padding-left: 30px;&#8221; global_colors_info=&#8221;{}&#8221; custom_css_main_element_last_edited=&#8221;on|phone&#8221; custom_css_main_element_tablet=&#8221;width:82% !important;||padding-left: 25px;||padding-top:32px&#8221; custom_css_main_element_phone=&#8221;width:70% !important;||padding-left: 15px;||padding-top:29px&#8221;][et_pb_text content_tablet=&#8221;<\/p>\n<h1>Oppgaver<\/h1>\n<p>&#8221; content_phone=&#8221;<\/p>\n<h3>Oppgaver<\/h3>\n<p>&#8221; content_last_edited=&#8221;on|phone&#8221; _builder_version=&#8221;4.27.4&#8243; _module_preset=&#8221;default&#8221; global_colors_info=&#8221;{}&#8221; custom_css_main_element_last_edited=&#8221;on|phone&#8221;]<\/p>\n<h1>Oppgaver<\/h1>\n<p>[\/et_pb_text][\/et_pb_column][\/et_pb_row][et_pb_row custom_padding_last_edited=&#8221;on|phone&#8221; _builder_version=&#8221;4.27.4&#8243; _module_preset=&#8221;default&#8221; background_color=&#8221;#ffffff&#8221; max_width=&#8221;850px&#8221; max_width_tablet=&#8221;850px&#8221; max_width_phone=&#8221;850px&#8221; max_width_last_edited=&#8221;on|desktop&#8221; custom_padding=&#8221;80px|70px|60px|60px|false|false&#8221; custom_padding_tablet=&#8221;80px|55px|10px|55px|false|false&#8221; custom_padding_phone=&#8221;60px|50px|60px|50px|false|false&#8221; border_radii=&#8221;off|30px|30px|30px|30px&#8221; border_style_all=&#8221;dotted&#8221; global_colors_info=&#8221;{}&#8221;][et_pb_column type=&#8221;4_4&#8243; _builder_version=&#8221;4.21.0&#8243; _module_preset=&#8221;default&#8221; global_colors_info=&#8221;{}&#8221;][et_pb_text content_tablet=&#8221;<\/p>\n<h3>Rollene diskuterer sp\u00f8rsm\u00e5l om skyld<\/h3>\n<p>&#8221; content_phone=&#8221;<\/p>\n<h4>Rollene diskuterer<\/h4>\n<h4>sp\u00f8rsm\u00e5l om skyld<\/h4>\n<p>&#8221; content_last_edited=&#8221;on|phone&#8221; _builder_version=&#8221;4.27.4&#8243; _module_preset=&#8221;default&#8221; text_font_size=&#8221;17px&#8221; text_line_height=&#8221;1.8em&#8221; custom_margin=&#8221;||||false|false&#8221; custom_margin_tablet=&#8221;||20px||false|false&#8221; custom_margin_phone=&#8221;||10px||false|false&#8221; custom_margin_last_edited=&#8221;on|phone&#8221; text_line_height_tablet=&#8221;1.8em&#8221; text_line_height_phone=&#8221;1.5em&#8221; text_line_height_last_edited=&#8221;on|desktop&#8221; locked=&#8221;off&#8221; global_colors_info=&#8221;{}&#8221;]<\/p>\n<h3>Rollene diskuterer sp\u00f8rsm\u00e5l om skyld<\/h3>\n<p>[\/et_pb_text][et_pb_text content_tablet=&#8221;<\/p>\n<p>En representant for hver rolle er samlet rundt bordet. Hver elev spiller sin rolle. Tenk gjennom hvordan rollen snakker (spr\u00e5k som dialekt, sosiolekt, stil, valg av ord) og bruker kropp og stemme. Rollen starter med \u00e5 introdusere seg selv og sin relasjon til Vincent, for eksempler: <em>Jeg er Theo Van Gogh og jeg er Vincent sin bror.<\/em> Diskuterer sp\u00f8rsm\u00e5l i rolle. Husk \u00e5 rekke opp h\u00e5nda for \u00e5 be om ordet.<\/p>\n<p>&#8221; content_phone=&#8221;<\/p>\n<p>En representant for hver rolle er samlet rundt bordet. Hver elev spiller sin rolle. Tenk gjennom hvordan rollen snakker (spr\u00e5k som dialekt, sosiolekt, stil, valg av ord) og bruker kropp og stemme. Rollen starter med \u00e5 introdusere seg selv og sin relasjon til Vincent, for eksempler: <em>Jeg er Theo Van Gogh og jeg er Vincent sin bror.<\/em> Diskuterer sp\u00f8rsm\u00e5l i rolle. Husk \u00e5 rekke opp h\u00e5nda for \u00e5 be om ordet.<\/p>\n<p>&#8221; content_last_edited=&#8221;on|phone&#8221; _builder_version=&#8221;4.27.4&#8243; _module_preset=&#8221;default&#8221; text_font_size=&#8221;17px&#8221; text_line_height=&#8221;1.8em&#8221; custom_margin=&#8221;||30px||false|false&#8221; hover_enabled=&#8221;0&#8243; text_font_size_tablet=&#8221;16px&#8221; text_font_size_phone=&#8221;15px&#8221; text_font_size_last_edited=&#8221;on|phone&#8221; locked=&#8221;off&#8221; global_colors_info=&#8221;{}&#8221; sticky_enabled=&#8221;0&#8243;]<\/p>\n<p>En representant for hver rolle er samlet rundt bordet. Hver elev spiller sin rolle. Tenk gjennom hvordan rollen snakker (spr\u00e5k som dialekt, sosiolekt, stil, valg av ord) og bruker kropp og stemme. Rollen starter med \u00e5 introdusere seg selv og sin relasjon til Vincent, for eksempler: <em>Jeg er Theo Van Gogh og jeg er Vincent sin bror.<\/em> Diskuterer sp\u00f8rsm\u00e5l i rolle. Husk \u00e5 rekke opp h\u00e5nda for \u00e5 be om ordet.<\/p>\n<p>[\/et_pb_text][et_pb_text content_tablet=&#8221;<\/p>\n<ol>\n<li>Hva er din rolle i saken (skyldig, medskyldig, vitne) og hva er ditt forhold til Vincent?<\/li>\n<li>Hva er ditt syn p\u00e5 skyldsp\u00f8rsm\u00e5let? (Hva skjedde, hvem gjorde hva, hvem for\u00e5rsaket at det skjedde)?<\/li>\n<li>Hvorfor er det du sier troverdig? Begrunn.<\/li>\n<\/ol>\n<p>&#8221; content_phone=&#8221;<\/p>\n<ol>\n<li>Hva er din rolle i saken (skyldig, medskyldig, vitne) og hva er ditt forhold til Vincent?<\/li>\n<li>Hva er ditt syn p\u00e5 skyldsp\u00f8rsm\u00e5let? (Hva skjedde, hvem gjorde hva, hvem for\u00e5rsaket at det skjedde)?<\/li>\n<li>Hvorfor er det du sier troverdig? Begrunn.<\/li>\n<\/ol>\n<p>&#8221; content_last_edited=&#8221;on|phone&#8221; _builder_version=&#8221;4.27.4&#8243; _module_preset=&#8221;default&#8221; text_font_size=&#8221;17px&#8221; text_line_height=&#8221;1.8em&#8221; custom_margin=&#8221;||10px||false|false&#8221; text_font_size_tablet=&#8221;16px&#8221; text_font_size_phone=&#8221;15px&#8221; text_font_size_last_edited=&#8221;on|phone&#8221; locked=&#8221;off&#8221; global_colors_info=&#8221;{}&#8221;]<\/p>\n<ol>\n<li>Hva er din rolle i saken (skyldig, medskyldig, vitne) og hva er ditt forhold til Vincent?<\/li>\n<li>Hva er ditt syn p\u00e5 skyldsp\u00f8rsm\u00e5let? (Hva skjedde, hvem gjorde hva, hvem for\u00e5rsaket at det skjedde)?<\/li>\n<li>Hvorfor er det du sier troverdig? Begrunn.<\/li>\n<\/ol>\n<p>[\/et_pb_text][et_pb_text content_tablet=&#8221;<\/p>\n<ol><\/ol>\n<p>Avlutt med rollens siste ord (forsvarstale, angrep\/beskyldning av en annen i rettsaken eller et vitneutsagn om hva du har sett). Tid fra 30 sekunder til ett minutt. Denne oppgaven er en forberedelse til rettsaken der \u00e9n representant for hver rolle skal delta.<\/p>\n<p>&#8221; content_phone=&#8221;<\/p>\n<ol><\/ol>\n<p>Avlutt med rollens siste ord (forsvarstale, angrep\/beskyldning av en annen i rettsaken eller et vitneutsagn om hva du har sett). Tid fra 30 sekunder til ett minutt. Denne oppgaven er en forberedelse til rettsaken der \u00e9n representant for hver rolle skal delta.<\/p>\n<p>&#8221; content_last_edited=&#8221;on|phone&#8221; _builder_version=&#8221;4.27.4&#8243; _module_preset=&#8221;default&#8221; text_font_size=&#8221;17px&#8221; text_line_height=&#8221;1.8em&#8221; custom_margin=&#8221;||30px||false|false&#8221; text_font_size_tablet=&#8221;16px&#8221; text_font_size_phone=&#8221;15px&#8221; text_font_size_last_edited=&#8221;on|phone&#8221; locked=&#8221;off&#8221; global_colors_info=&#8221;{}&#8221;]<\/p>\n<ol><\/ol>\n<p>Avlutt med rollens siste ord (forsvarstale, angrep\/beskyldning av en annen i rettsaken eller et vitneutsagn om hva du har sett). Tid fra 30 sekunder til ett minutt. Denne oppgaven er en forberedelse til rettsaken der \u00e9n representant for hver rolle skal delta.<\/p>\n<p>[\/et_pb_text][\/et_pb_column][\/et_pb_row][et_pb_row _builder_version=&#8221;4.21.0&#8243; _module_preset=&#8221;default&#8221; max_width=&#8221;850px&#8221; module_alignment=&#8221;center&#8221; custom_css_main_element=&#8221;display:flex;||justify-content: center;&#8221; global_colors_info=&#8221;{}&#8221;][et_pb_column type=&#8221;4_4&#8243; _builder_version=&#8221;4.21.0&#8243; _module_preset=&#8221;default&#8221; global_colors_info=&#8221;{}&#8221;][et_pb_code _builder_version=&#8221;4.21.0&#8243; _module_preset=&#8221;default&#8221; text_orientation=&#8221;center&#8221; text_orientation_tablet=&#8221;center&#8221; text_orientation_phone=&#8221;center&#8221; text_orientation_last_edited=&#8221;on|desktop&#8221; global_colors_info=&#8221;{}&#8221;]<button id=\"backButton\" style=\"<!-- [et_pb_line_break_holder] -->background: #8dcfb7; <!-- [et_pb_line_break_holder] -->border-radius: 10px; <!-- [et_pb_line_break_holder] -->width: 100px; <!-- [et_pb_line_break_holder] -->height: 40px; <!-- [et_pb_line_break_holder] -->border: none; <!-- [et_pb_line_break_holder] -->font-size: 18px;<!-- [et_pb_line_break_holder] -->color: #000000; <!-- [et_pb_line_break_holder] -->transform: uppercase;&#8221; <!-- [et_pb_line_break_holder] -->onmouseover=&#8221;this.style.backgroundColor=&#8217;#5a5e5e&#8217;; this.style.color=&#8217;#ffffff&#8217;;&#8221;<!-- [et_pb_line_break_holder] -->onmouseout=&#8221;this.style.backgroundColor=&#8217;#8dcfb7&#8242;; this.style.color=&#8217;#000000&#8242;;&#8221; <!-- [et_pb_line_break_holder] -->onclick=&#8221;myFunction()&#8221;>Tilbake<\/button><!-- [et_pb_line_break_holder] --><!-- [et_pb_line_break_holder] --><script><!-- [et_pb_line_break_holder] -->document.addEventListener('DOMContentLoaded', function() {<!-- [et_pb_line_break_holder] -->  var backButton = document.getElementById('backButton'); <!-- [et_pb_line_break_holder] -->  <!-- [et_pb_line_break_holder] -->  if (backButton) {<!-- [et_pb_line_break_holder] -->    backButton.addEventListener('click', function() {<!-- [et_pb_line_break_holder] -->      window.history.back();<!-- [et_pb_line_break_holder] -->    });<!-- [et_pb_line_break_holder] -->  }<!-- [et_pb_line_break_holder] -->});<!-- [et_pb_line_break_holder] --><\/script><!-- [et_pb_line_break_holder] -->[\/et_pb_code][\/et_pb_column][\/et_pb_row][\/et_pb_section]<\/p>\n","protected":false},"excerpt":{"rendered":"<p>OppgaverRollene diskuterer sp\u00f8rsm\u00e5l om skyldEn representant for hver rolle er samlet rundt bordet. Hver elev spiller sin rolle. Tenk gjennom hvordan rollen snakker (spr\u00e5k som dialekt, sosiolekt, stil, valg av ord) og bruker kropp og stemme. Rollen starter med \u00e5 introdusere seg selv og sin relasjon til Vincent, for eksempler: Jeg er Theo Van Gogh [&hellip;]<\/p>\n","protected":false},"author":10,"featured_media":0,"parent":0,"menu_order":0,"comment_status":"closed","ping_status":"closed","template":"","meta":{"_et_pb_use_builder":"on","_et_pb_old_content":"","_et_gb_content_width":"","footnotes":""},"trinn":[],"fag":[],"class_list":["post-7210","page","type-page","status-publish","hentry"],"_links":{"self":[{"href":"https:\/\/leselop.usn.no\/index.php?rest_route=\/wp\/v2\/pages\/7210","targetHints":{"allow":["GET"]}}],"collection":[{"href":"https:\/\/leselop.usn.no\/index.php?rest_route=\/wp\/v2\/pages"}],"about":[{"href":"https:\/\/leselop.usn.no\/index.php?rest_route=\/wp\/v2\/types\/page"}],"author":[{"embeddable":true,"href":"https:\/\/leselop.usn.no\/index.php?rest_route=\/wp\/v2\/users\/10"}],"replies":[{"embeddable":true,"href":"https:\/\/leselop.usn.no\/index.php?rest_route=%2Fwp%2Fv2%2Fcomments&post=7210"}],"version-history":[{"count":6,"href":"https:\/\/leselop.usn.no\/index.php?rest_route=\/wp\/v2\/pages\/7210\/revisions"}],"predecessor-version":[{"id":11147,"href":"https:\/\/leselop.usn.no\/index.php?rest_route=\/wp\/v2\/pages\/7210\/revisions\/11147"}],"wp:attachment":[{"href":"https:\/\/leselop.usn.no\/index.php?rest_route=%2Fwp%2Fv2%2Fmedia&parent=7210"}],"wp:term":[{"taxonomy":"trinn","embeddable":true,"href":"https:\/\/leselop.usn.no\/index.php?rest_route=%2Fwp%2Fv2%2Ftrinn&post=7210"},{"taxonomy":"fag","embeddable":true,"href":"https:\/\/leselop.usn.no\/index.php?rest_route=%2Fwp%2Fv2%2Ffag&post=7210"}],"curies":[{"name":"wp","href":"https:\/\/api.w.org\/{rel}","templated":true}]}}