{"id":7083,"date":"2025-03-21T10:22:34","date_gmt":"2025-03-21T09:22:34","guid":{"rendered":"https:\/\/leselop.usn.no\/?page_id=7083"},"modified":"2025-08-19T11:55:49","modified_gmt":"2025-08-19T09:55:49","slug":"leselop-13-aktivitet-2-oppgaver","status":"publish","type":"page","link":"https:\/\/leselop.usn.no\/?page_id=7083","title":{"rendered":"14. Multiple tekster i samfunnsfag &#8211; Aktivitet 2 &#8211; Oppgaver"},"content":{"rendered":"<p>[et_pb_section fb_built=&#8221;1&#8243; _builder_version=&#8221;4.21.0&#8243; _module_preset=&#8221;default&#8221; background_color=&#8221;#f4f4f4&#8243; custom_css_main_element=&#8221;min-height: 100vh;&#8221; da_disable_devices=&#8221;off|off|off&#8221; global_colors_info=&#8221;{}&#8221; da_is_popup=&#8221;off&#8221; da_exit_intent=&#8221;off&#8221; da_has_close=&#8221;on&#8221; da_alt_close=&#8221;off&#8221; da_dark_close=&#8221;off&#8221; da_not_modal=&#8221;on&#8221; da_is_singular=&#8221;off&#8221; da_with_loader=&#8221;off&#8221; da_has_shadow=&#8221;on&#8221;][et_pb_row column_structure=&#8221;1_4,3_4&#8243; use_custom_gutter=&#8221;on&#8221; gutter_width=&#8221;1&#8243; make_equal=&#8221;on&#8221; _builder_version=&#8221;4.27.4&#8243; _module_preset=&#8221;default&#8221; max_width=&#8221;850px&#8221; custom_css_main_element=&#8221;width:75% !important;&#8221; global_colors_info=&#8221;{}&#8221;][et_pb_column type=&#8221;1_4&#8243; _builder_version=&#8221;4.21.0&#8243; _module_preset=&#8221;default&#8221; custom_css_main_element=&#8221;width:12% !important;&#8221; global_colors_info=&#8221;{}&#8221; custom_css_main_element_last_edited=&#8221;on|phone&#8221; custom_css_main_element_tablet=&#8221;width:18% !important;&#8221; custom_css_main_element_phone=&#8221;width:30% !important;&#8221;][et_pb_image src=&#8221;https:\/\/leselop.usn.no\/wp-content\/uploads\/2025\/06\/Leselop-skrive-green.png&#8221; title_text=&#8221;Leselop-skrive-green&#8221; src_tablet=&#8221;https:\/\/leselop.usn.no\/wp-content\/uploads\/2025\/06\/Leselop-skrive-green.png&#8221; src_phone=&#8221;https:\/\/leselop.usn.no\/wp-content\/uploads\/2025\/06\/Leselop-skrive-green.png&#8221; src_last_edited=&#8221;on|phone&#8221; _builder_version=&#8221;4.27.4&#8243; _module_preset=&#8221;default&#8221; global_colors_info=&#8221;{}&#8221;][\/et_pb_image][\/et_pb_column][et_pb_column type=&#8221;3_4&#8243; _builder_version=&#8221;4.27.4&#8243; _module_preset=&#8221;default&#8221; custom_css_main_element=&#8221;width:88% !important;||margin: auto;||padding-left: 30px;&#8221; global_colors_info=&#8221;{}&#8221; custom_css_main_element_last_edited=&#8221;on|phone&#8221; custom_css_main_element_tablet=&#8221;width:82% !important;||padding-left: 25px;||padding-top:32px&#8221; custom_css_main_element_phone=&#8221;width:70% !important;||padding-left: 15px;||padding-top:25px&#8221;][et_pb_text content_tablet=&#8221;<\/p>\n<h1><span>Oppgaver<\/span><\/h1>\n<p>&#8221; content_phone=&#8221;<\/p>\n<h3>Oppgaver<\/h3>\n<p>&#8221; content_last_edited=&#8221;on|phone&#8221; _builder_version=&#8221;4.27.4&#8243; _module_preset=&#8221;default&#8221; global_colors_info=&#8221;{}&#8221; custom_css_main_element_last_edited=&#8221;on|phone&#8221;]<\/p>\n<h1><span>Oppgaver<\/span><\/h1>\n<p>[\/et_pb_text][\/et_pb_column][\/et_pb_row][et_pb_row custom_padding_last_edited=&#8221;on|phone&#8221; _builder_version=&#8221;4.27.4&#8243; _module_preset=&#8221;default&#8221; background_color=&#8221;#ffffff&#8221; max_width=&#8221;850px&#8221; max_width_tablet=&#8221;850px&#8221; max_width_phone=&#8221;850px&#8221; max_width_last_edited=&#8221;on|desktop&#8221; custom_margin=&#8221;||30px||false|false&#8221; custom_padding=&#8221;80px|70px|80px|70px|false|false&#8221; custom_padding_tablet=&#8221;70px|70px|70px|70px|false|false&#8221; custom_padding_phone=&#8221;60px|50px|60px|50px|false|false&#8221; border_radii=&#8221;on|30px|30px|30px|30px&#8221; border_style_all=&#8221;dotted&#8221; locked=&#8221;off&#8221; global_colors_info=&#8221;{}&#8221;][et_pb_column type=&#8221;4_4&#8243; _builder_version=&#8221;4.21.0&#8243; _module_preset=&#8221;default&#8221; global_colors_info=&#8221;{}&#8221;][et_pb_text content_tablet=&#8221;<\/p>\n<h3>L\u00e6rer i rolle som dommer<\/h3>\n<p>&#8221; content_phone=&#8221;<\/p>\n<h4>L\u00e6rer i rolle som dommer<\/h4>\n<p>&#8221; content_last_edited=&#8221;on|phone&#8221; _builder_version=&#8221;4.27.4&#8243; _module_preset=&#8221;default&#8221; text_font_size=&#8221;17px&#8221; text_line_height=&#8221;1.8em&#8221; text_font_size_tablet=&#8221;16px&#8221; text_font_size_phone=&#8221;15px&#8221; text_font_size_last_edited=&#8221;on|phone&#8221; global_colors_info=&#8221;{}&#8221;]<\/p>\n<h3>L\u00e6rer i rolle som dommer<\/h3>\n<p>[\/et_pb_text][et_pb_text content_tablet=&#8221;<\/p>\n<p>L\u00e6reren avbryter elevene med \u00e5 sl\u00e5 i kateteret med en dommerhammer<br \/>(eller noe som ligner). L\u00e6reren forteller i rollen som dommer:<br \/><em><\/em><\/p>\n<p><em>Vi er samlet her i retten i dag for \u00e5 bringe frem sannheten om en av kunsthistoriens meste kjente hendelser eller g\u00e5ter. Det vil si hendelsen hvor Van Gogh skal ha sk\u00e5ret av seg det ene \u00f8re. Dette er en alvorlig hendelse som skremte mange mennesker i sin tid og det er fortsatt mange som \u00f8nsker \u00e5 komme til bunns i saken. Hvordan og hvorfor valgte en av ettertidens mest kjente kunstneriske skikkelser \u00e5 gj\u00f8re noe s\u00e5 dramatisk? Hva forteller det oss i ettertid om hvordan Van Gogh hadde det? Hva kunne menneskene rundt han gjort for \u00e5 hjelpe? I den anledning skal vi skru tilbake tiden, og f\u00f8lgende personer er innkalt i retten:<\/em><\/p>\n<p>&#8221; content_phone=&#8221;<\/p>\n<p>L\u00e6reren avbryter elevene med \u00e5 sl\u00e5 i kateteret med en dommerhammer<br \/>(eller noe som ligner). L\u00e6reren forteller i rollen som dommer:<br \/><em><\/em><\/p>\n<p><em>Vi er samlet her i retten i dag for \u00e5 bringe frem sannheten om en av kunsthistoriens meste kjente hendelser eller g\u00e5ter. Det vil si hendelsen hvor Van Gogh skal ha sk\u00e5ret av seg det ene \u00f8re. Dette er en alvorlig hendelse som skremte mange mennesker i sin tid og det er fortsatt mange som \u00f8nsker \u00e5 komme til bunns i saken. Hvordan og hvorfor valgte en av ettertidens mest kjente kunstneriske skikkelser \u00e5 gj\u00f8re noe s\u00e5 dramatisk? Hva forteller det oss i ettertid om hvordan Van Gogh hadde det? Hva kunne menneskene rundt han gjort for \u00e5 hjelpe? I den anledning skal vi skru tilbake tiden, og f\u00f8lgende personer er innkalt i retten:<\/em><\/p>\n<p>&#8221; content_last_edited=&#8221;on|phone&#8221; _builder_version=&#8221;4.27.4&#8243; _module_preset=&#8221;default&#8221; text_font_size=&#8221;17px&#8221; text_line_height=&#8221;1.8em&#8221; custom_margin=&#8221;||30px||false|false&#8221; text_font_size_tablet=&#8221;16px&#8221; text_font_size_phone=&#8221;15px&#8221; text_font_size_last_edited=&#8221;on|phone&#8221; global_colors_info=&#8221;{}&#8221;]<\/p>\n<p>L\u00e6reren avbryter elevene med \u00e5 sl\u00e5 i kateteret med en dommerhammer<br \/>(eller noe som ligner). L\u00e6reren forteller i rollen som dommer:<br \/><em><\/em><\/p>\n<p><em>Vi er samlet her i retten i dag for \u00e5 bringe frem sannheten om en av kunsthistoriens meste kjente hendelser eller g\u00e5ter. Det vil si hendelsen hvor Van Gogh skal ha sk\u00e5ret av seg det ene \u00f8re. Dette er en alvorlig hendelse som skremte mange mennesker i sin tid og det er fortsatt mange som \u00f8nsker \u00e5 komme til bunns i saken. Hvordan og hvorfor valgte en av ettertidens mest kjente kunstneriske skikkelser \u00e5 gj\u00f8re noe s\u00e5 dramatisk? Hva forteller det oss i ettertid om hvordan Van Gogh hadde det? Hva kunne menneskene rundt han gjort for \u00e5 hjelpe? I den anledning skal vi skru tilbake tiden, og f\u00f8lgende personer er innkalt i retten:<\/em><\/p>\n<p>[\/et_pb_text][et_pb_text _builder_version=&#8221;4.27.4&#8243; _module_preset=&#8221;default&#8221; text_font_size=&#8221;17px&#8221; text_line_height=&#8221;1.9em&#8221; ul_line_height=&#8221;1.8em&#8221; text_font_size_tablet=&#8221;16px&#8221; text_font_size_phone=&#8221;15px&#8221; text_font_size_last_edited=&#8221;on|phone&#8221; global_colors_info=&#8221;{}&#8221;]<\/p>\n<ul>\n<li>Vincent Van Gogh i egen person<\/li>\n<li>Hans bror Theo Van Gogh<\/li>\n<li>Vincents tidligere venn og kunstnerkollega Paul Gaugain<\/li>\n<li>Landsbylegen Doktor Felix Rey<\/li>\n<li>En ukjent kvinne som skal ha v\u00e6rt i kontakt med Vincent den aktuelle kvelden\/natten<\/li>\n<li>En politimann som var involvert i hendelsen<\/li>\n<\/ul>\n<p>[\/et_pb_text][et_pb_text content_tablet=&#8221;<\/p>\n<p><em>L\u00e6rer fortsetter: Dere elever vil f\u00f8rst vil f\u00e5 rollen som etterforskere. Etter \u00e5 ha etterforsket saken, vil dere f\u00e5 hver deres rolle i rettsaken. For \u00e5 unders\u00f8ke saken skal vi lese og sammenlikne ulike kilder som forteller ulike versjoner av sannheten. Dere skal bestemme dere for hvilke person som representerer sannheten? Dere m\u00e5 finne argumenter og bevis som st\u00f8tter deres sak. Kanskje det til og med finnes flere versjoner av virkeligheten? Jeg vet ikke&#8230;  <\/em><\/p>\n<p>&#8221; content_phone=&#8221;<\/p>\n<p><em>L\u00e6rer fortsetter: Dere elever vil f\u00f8rst vil f\u00e5 rollen som etterforskere. Etter \u00e5 ha etterforsket saken, vil dere f\u00e5 hver deres rolle i rettsaken. For \u00e5 unders\u00f8ke saken skal vi lese og sammenlikne ulike kilder som forteller ulike versjoner av sannheten. Dere skal bestemme dere for hvilke person som representerer sannheten? Dere m\u00e5 finne argumenter og bevis som st\u00f8tter deres sak. Kanskje det til og med finnes flere versjoner av virkeligheten? Jeg vet ikke&#8230;  <\/em><\/p>\n<p>&#8221; content_last_edited=&#8221;on|phone&#8221; _builder_version=&#8221;4.27.4&#8243; _module_preset=&#8221;default&#8221; text_font_size=&#8221;17px&#8221; text_line_height=&#8221;1.8em&#8221; custom_margin=&#8221;||30px||false|false&#8221; text_font_size_tablet=&#8221;16px&#8221; text_font_size_phone=&#8221;15px&#8221; text_font_size_last_edited=&#8221;on|phone&#8221; global_colors_info=&#8221;{}&#8221;]<\/p>\n<p><em>L\u00e6rer fortsetter: Dere elever vil f\u00f8rst vil f\u00e5 rollen som etterforskere. Etter \u00e5 ha etterforsket saken, vil dere f\u00e5 hver deres rolle i rettsaken. For \u00e5 unders\u00f8ke saken skal vi lese og sammenlikne ulike kilder som forteller ulike versjoner av sannheten. Dere skal bestemme dere for hvilke person som representerer sannheten? Dere m\u00e5 finne argumenter og bevis som st\u00f8tter deres sak. Kanskje det til og med finnes flere versjoner av virkeligheten? Jeg vet ikke&#8230;\u00a0 <\/em><\/p>\n<p>[\/et_pb_text][\/et_pb_column][\/et_pb_row][et_pb_row _builder_version=&#8221;4.21.0&#8243; _module_preset=&#8221;default&#8221; max_width=&#8221;850px&#8221; module_alignment=&#8221;center&#8221; custom_css_main_element=&#8221;display:flex;||justify-content: center;&#8221; global_colors_info=&#8221;{}&#8221;][et_pb_column type=&#8221;4_4&#8243; _builder_version=&#8221;4.21.0&#8243; _module_preset=&#8221;default&#8221; global_colors_info=&#8221;{}&#8221;][et_pb_code _builder_version=&#8221;4.21.0&#8243; _module_preset=&#8221;default&#8221; text_orientation=&#8221;center&#8221; text_orientation_tablet=&#8221;center&#8221; text_orientation_phone=&#8221;center&#8221; text_orientation_last_edited=&#8221;on|desktop&#8221; global_colors_info=&#8221;{}&#8221;]<button id=\"backButton\" style=\"<!-- [et_pb_line_break_holder] -->background: #8dcfb7; <!-- [et_pb_line_break_holder] -->border-radius: 10px; <!-- [et_pb_line_break_holder] -->width: 100px; <!-- [et_pb_line_break_holder] -->height: 40px; <!-- [et_pb_line_break_holder] -->border: none; <!-- [et_pb_line_break_holder] -->font-size: 18px;<!-- [et_pb_line_break_holder] -->color: #000000; <!-- [et_pb_line_break_holder] -->transform: uppercase;&#8221; <!-- [et_pb_line_break_holder] -->onmouseover=&#8221;this.style.backgroundColor=&#8217;#5a5e5e&#8217;; this.style.color=&#8217;#ffffff&#8217;;&#8221;<!-- [et_pb_line_break_holder] -->onmouseout=&#8221;this.style.backgroundColor=&#8217;#8dcfb7&#8242;; this.style.color=&#8217;#000000&#8242;;&#8221; <!-- [et_pb_line_break_holder] -->onclick=&#8221;myFunction()&#8221;>Tilbake<\/button><!-- [et_pb_line_break_holder] --><!-- [et_pb_line_break_holder] --><script><!-- [et_pb_line_break_holder] -->document.addEventListener('DOMContentLoaded', function() {<!-- [et_pb_line_break_holder] -->  var backButton = document.getElementById('backButton'); <!-- [et_pb_line_break_holder] -->  <!-- [et_pb_line_break_holder] -->  if (backButton) {<!-- [et_pb_line_break_holder] -->    backButton.addEventListener('click', function() {<!-- [et_pb_line_break_holder] -->      window.history.back();<!-- [et_pb_line_break_holder] -->    });<!-- [et_pb_line_break_holder] -->  }<!-- [et_pb_line_break_holder] -->});<!-- [et_pb_line_break_holder] --><\/script><!-- [et_pb_line_break_holder] -->[\/et_pb_code][\/et_pb_column][\/et_pb_row][\/et_pb_section]<\/p>\n","protected":false},"excerpt":{"rendered":"<p>OppgaverL\u00e6rer i rolle som dommerL\u00e6reren avbryter elevene med \u00e5 sl\u00e5 i kateteret med en dommerhammer(eller noe som ligner). L\u00e6reren forteller i rollen som dommer: Vi er samlet her i retten i dag for \u00e5 bringe frem sannheten om en av kunsthistoriens meste kjente hendelser eller g\u00e5ter. Det vil si hendelsen hvor Van Gogh skal ha [&hellip;]<\/p>\n","protected":false},"author":10,"featured_media":0,"parent":0,"menu_order":0,"comment_status":"closed","ping_status":"closed","template":"","meta":{"_et_pb_use_builder":"on","_et_pb_old_content":"","_et_gb_content_width":"","footnotes":""},"trinn":[],"fag":[],"class_list":["post-7083","page","type-page","status-publish","hentry"],"_links":{"self":[{"href":"https:\/\/leselop.usn.no\/index.php?rest_route=\/wp\/v2\/pages\/7083","targetHints":{"allow":["GET"]}}],"collection":[{"href":"https:\/\/leselop.usn.no\/index.php?rest_route=\/wp\/v2\/pages"}],"about":[{"href":"https:\/\/leselop.usn.no\/index.php?rest_route=\/wp\/v2\/types\/page"}],"author":[{"embeddable":true,"href":"https:\/\/leselop.usn.no\/index.php?rest_route=\/wp\/v2\/users\/10"}],"replies":[{"embeddable":true,"href":"https:\/\/leselop.usn.no\/index.php?rest_route=%2Fwp%2Fv2%2Fcomments&post=7083"}],"version-history":[{"count":18,"href":"https:\/\/leselop.usn.no\/index.php?rest_route=\/wp\/v2\/pages\/7083\/revisions"}],"predecessor-version":[{"id":10772,"href":"https:\/\/leselop.usn.no\/index.php?rest_route=\/wp\/v2\/pages\/7083\/revisions\/10772"}],"wp:attachment":[{"href":"https:\/\/leselop.usn.no\/index.php?rest_route=%2Fwp%2Fv2%2Fmedia&parent=7083"}],"wp:term":[{"taxonomy":"trinn","embeddable":true,"href":"https:\/\/leselop.usn.no\/index.php?rest_route=%2Fwp%2Fv2%2Ftrinn&post=7083"},{"taxonomy":"fag","embeddable":true,"href":"https:\/\/leselop.usn.no\/index.php?rest_route=%2Fwp%2Fv2%2Ffag&post=7083"}],"curies":[{"name":"wp","href":"https:\/\/api.w.org\/{rel}","templated":true}]}}