{"id":6926,"date":"2025-03-19T11:58:15","date_gmt":"2025-03-19T10:58:15","guid":{"rendered":"https:\/\/leselop.usn.no\/?page_id=6926"},"modified":"2025-09-09T13:59:40","modified_gmt":"2025-09-09T11:59:40","slug":"leselop-12-aktivitet-5-elevtekster-iscenesettelser-3","status":"publish","type":"page","link":"https:\/\/leselop.usn.no\/?page_id=6926","title":{"rendered":"12. \u00c5 utforske kunstbilder &#8211; Aktivitet 5 &#8211; Elevtekster, iscenesettelser D"},"content":{"rendered":"\n[et_pb_section fb_built=&#8221;1&#8243; _builder_version=&#8221;4.27.4&#8243; _module_preset=&#8221;default&#8221; background_color=&#8221;#f4f4f4&#8243; custom_css_main_element=&#8221;min-height: 100vh;&#8221; da_disable_devices=&#8221;off|off|off&#8221; global_colors_info=&#8221;{}&#8221; da_is_popup=&#8221;off&#8221; da_exit_intent=&#8221;off&#8221; da_has_close=&#8221;on&#8221; da_alt_close=&#8221;off&#8221; da_dark_close=&#8221;off&#8221; da_not_modal=&#8221;on&#8221; da_is_singular=&#8221;off&#8221; da_with_loader=&#8221;off&#8221; da_has_shadow=&#8221;on&#8221;][et_pb_row column_structure=&#8221;1_4,3_4&#8243; use_custom_gutter=&#8221;on&#8221; gutter_width=&#8221;1&#8243; make_equal=&#8221;on&#8221; _builder_version=&#8221;4.27.4&#8243; _module_preset=&#8221;default&#8221; max_width=&#8221;850px&#8221; custom_css_main_element=&#8221;width:75% !important;&#8221; global_colors_info=&#8221;{}&#8221;][et_pb_column type=&#8221;1_4&#8243; _builder_version=&#8221;4.21.0&#8243; _module_preset=&#8221;default&#8221; custom_css_main_element=&#8221;width:12% !important;&#8221; global_colors_info=&#8221;{}&#8221; custom_css_main_element_last_edited=&#8221;on|phone&#8221; custom_css_main_element_tablet=&#8221;width:18% !important;&#8221; custom_css_main_element_phone=&#8221;width:30% !important;&#8221;][et_pb_image src=&#8221;https:\/\/leselop.usn.no\/wp-content\/uploads\/2025\/06\/Leselop-clapboard-green.png&#8221; title_text=&#8221;Leselop-clapboard-green&#8221; src_tablet=&#8221;https:\/\/leselop.usn.no\/wp-content\/uploads\/2025\/06\/Leselop-clapboard-green.png&#8221; src_phone=&#8221;https:\/\/leselop.usn.no\/wp-content\/uploads\/2025\/06\/Leselop-clapboard-green.png&#8221; src_last_edited=&#8221;on|phone&#8221; _builder_version=&#8221;4.27.4&#8243; _module_preset=&#8221;default&#8221; global_colors_info=&#8221;{}&#8221;][\/et_pb_image][\/et_pb_column][et_pb_column type=&#8221;3_4&#8243; _builder_version=&#8221;4.27.4&#8243; _module_preset=&#8221;default&#8221; custom_css_main_element=&#8221;width:88% !important;||margin: auto;||padding-left: 30px;&#8221; global_colors_info=&#8221;{}&#8221; custom_css_main_element_last_edited=&#8221;on|phone&#8221; custom_css_main_element_tablet=&#8221;width:82% !important;||padding-left: 25px;||padding-top:32px&#8221; custom_css_main_element_phone=&#8221;width:70% !important;||padding-left: 15px;||padding-top:15px&#8221;][et_pb_text content_tablet=&#8221;<h1><span>D: Elevtekster, iscenesettelser<\/span><\/h1>&#8221; content_phone=&#8221;<h3><span>D: Elevtekster, <\/span><\/h3>\n<h3><span>iscenesettelser<\/span><\/h3>&#8221; content_last_edited=&#8221;on|phone&#8221; _builder_version=&#8221;4.27.4&#8243; _module_preset=&#8221;default&#8221; hover_enabled=&#8221;0&#8243; global_colors_info=&#8221;{}&#8221; custom_css_main_element_last_edited=&#8221;on|phone&#8221; sticky_enabled=&#8221;0&#8243;]<h1><span>D: Elevtekster, iscenesettelser<\/span><\/h1>[\/et_pb_text][\/et_pb_column][\/et_pb_row][et_pb_row use_custom_gutter=&#8221;on&#8221; gutter_width=&#8221;1&#8243; custom_padding_last_edited=&#8221;on|phone&#8221; _builder_version=&#8221;4.27.4&#8243; _module_preset=&#8221;default&#8221; background_color=&#8221;#ffffff&#8221; max_width=&#8221;850px&#8221; max_width_tablet=&#8221;850px&#8221; max_width_phone=&#8221;850px&#8221; max_width_last_edited=&#8221;on|desktop&#8221; custom_padding=&#8221;80px|70px|0px|70px|false|false&#8221; custom_padding_tablet=&#8221;50px|55px|0px|55px|false|false&#8221; custom_padding_phone=&#8221;55px|45px|0px|45px|false|false&#8221; custom_css_main_element=&#8221;display:flex;||gap:25px;&#8221; border_radii=&#8221;off|30px|30px||&#8221; border_style_all=&#8221;dotted&#8221; global_colors_info=&#8221;{}&#8221;][et_pb_column type=&#8221;4_4&#8243; _builder_version=&#8221;4.21.0&#8243; _module_preset=&#8221;default&#8221; global_colors_info=&#8221;{}&#8221;][et_pb_image src=&#8221;https:\/\/leselop.usn.no\/wp-content\/uploads\/2025\/03\/bilde-elevtekst1.jpg&#8221; title_text=&#8221;bilde-elevtekst1&#8243; _builder_version=&#8221;4.27.4&#8243; _module_preset=&#8221;default&#8221; width=&#8221;710px&#8221; width_tablet=&#8221;100%&#8221; width_phone=&#8221;113%&#8221; width_last_edited=&#8221;on|tablet&#8221; module_alignment=&#8221;center&#8221; global_colors_info=&#8221;{}&#8221;][\/et_pb_image][\/et_pb_column][\/et_pb_row][et_pb_row column_structure=&#8221;1_3,1_3,1_3&#8243; use_custom_gutter=&#8221;on&#8221; gutter_width=&#8221;2&#8243; custom_padding_last_edited=&#8221;on|phone&#8221; _builder_version=&#8221;4.27.4&#8243; _module_preset=&#8221;default&#8221; background_color=&#8221;#ffffff&#8221; max_width=&#8221;850px&#8221; max_width_tablet=&#8221;850px&#8221; max_width_phone=&#8221;850px&#8221; max_width_last_edited=&#8221;on|desktop&#8221; custom_padding=&#8221;0px|70px|40px|70px|false|false&#8221; custom_padding_tablet=&#8221;0px|55px|0px|55px|false|false&#8221; custom_padding_phone=&#8221;0px|45px|25px|45px|false|false&#8221; border_radii=&#8221;off||||&#8221; border_style_all=&#8221;dotted&#8221; global_colors_info=&#8221;{}&#8221; custom_css_main_element_last_edited=&#8221;on|phone&#8221; custom_css_main_element_tablet=&#8221;display:flex;||gap:12px;&#8221; custom_css_main_element_phone=&#8221;display:flex;||flex-direction:column;&#8221;][et_pb_column type=&#8221;1_3&#8243; _builder_version=&#8221;4.21.0&#8243; _module_preset=&#8221;default&#8221; global_colors_info=&#8221;{}&#8221;][et_pb_text content_tablet=&#8221;<p>A: Du er trist?<br \/>B: Ja..<br \/>A: Hvorfor?<br \/>B: Fattern har daua<br \/>A: Synd<br \/>B:  meget.<br \/>A: kondolerer.<br \/>B: Takk. Deg?<\/p>&#8221; content_phone=&#8221;<p>A: Du er trist?<br \/>B: Ja..<br \/>A: Hvorfor?<br \/>B: Fattern har daua<br \/>A: Synd<br \/>B: meget.<br \/>A: kondolerer.<br \/>B: Takk. Deg?<\/p>&#8221; content_last_edited=&#8221;on|phone&#8221; _builder_version=&#8221;4.27.4&#8243; _module_preset=&#8221;default&#8221; text_font_size=&#8221;17px&#8221; text_line_height=&#8221;1.8em&#8221; background_color=&#8221;rgba(219,244,235,0.49)&#8221; height=&#8221;320px&#8221; height_tablet=&#8221;364px&#8221; height_phone=&#8221;290px&#8221; height_last_edited=&#8221;on|desktop&#8221; custom_margin=&#8221;35px||||false|false&#8221; custom_margin_tablet=&#8221;35px||||false|false&#8221; custom_margin_phone=&#8221;25px||||false|false&#8221; custom_margin_last_edited=&#8221;on|phone&#8221; custom_padding=&#8221;20px|20px|20px|20px|false|false&#8221; text_font_size_tablet=&#8221;16px&#8221; text_font_size_phone=&#8221;15px&#8221; text_font_size_last_edited=&#8221;on|tablet&#8221; global_colors_info=&#8221;{}&#8221;]<p>A: Du er trist?<br \/>B: Ja..<br \/>A: Hvorfor?<br \/>B: Fattern har daua<br \/>A: Synd<br \/>B: \u00a0meget.<br \/>A: kondolerer.<br \/>B: Takk. Deg?<\/p>[\/et_pb_text][\/et_pb_column][et_pb_column type=&#8221;1_3&#8243; _builder_version=&#8221;4.27.4&#8243; _module_preset=&#8221;default&#8221; custom_padding_tablet=&#8221;&#8221; custom_padding_phone=&#8221;||||false|false&#8221; custom_padding_last_edited=&#8221;on|phone&#8221; global_colors_info=&#8221;{}&#8221;][et_pb_text content_tablet=&#8221;<p>A: Mamma fikk jobb!<br \/>B: hvor?<br \/>A: P\u00e5 gravplassen<br \/>B: gratulerer.<br \/>A: M\u00f8tes i begravelse?<br \/>B: Det tror jeg<\/p>&#8221; content_phone=&#8221;<p>A: Mamma fikk jobb!<br \/>B: hvor?<br \/>A: P\u00e5 gravplassen<br \/>B: gratulerer.<br \/>A: M\u00f8tes i begravelse?<br \/>B: Det tror jeg<\/p>&#8221; content_last_edited=&#8221;on|phone&#8221; _builder_version=&#8221;4.27.4&#8243; _module_preset=&#8221;default&#8221; text_font_size=&#8221;17px&#8221; text_line_height=&#8221;1.8em&#8221; background_color=&#8221;rgba(219,244,235,0.49)&#8221; height=&#8221;320px&#8221; height_tablet=&#8221;364px&#8221; height_phone=&#8221;232px&#8221; height_last_edited=&#8221;on|desktop&#8221; custom_margin=&#8221;35px||||false|false&#8221; custom_margin_tablet=&#8221;35px||||false|false&#8221; custom_margin_phone=&#8221;-5px||||false|false&#8221; custom_margin_last_edited=&#8221;on|phone&#8221; custom_padding=&#8221;20px|20px|20px|20px|false|false&#8221; custom_padding_tablet=&#8221;20px|20px|20px|20px|false|false&#8221; custom_padding_phone=&#8221;20px|20px|20px|20px|false|false&#8221; custom_padding_last_edited=&#8221;on|phone&#8221; text_font_size_tablet=&#8221;16px&#8221; text_font_size_phone=&#8221;15px&#8221; text_font_size_last_edited=&#8221;on|tablet&#8221; global_colors_info=&#8221;{}&#8221;]<p>A: Mamma fikk jobb!<br \/>B: hvor?<br \/>A: P\u00e5 gravplassen<br \/>B: gratulerer.<br \/>A: M\u00f8tes i begravelse?<br \/>B: Det tror jeg<\/p>[\/et_pb_text][\/et_pb_column][et_pb_column type=&#8221;1_3&#8243; _builder_version=&#8221;4.21.0&#8243; _module_preset=&#8221;default&#8221; global_colors_info=&#8221;{}&#8221;][et_pb_text content_tablet=&#8221;<p>A: Er sliten..<br \/>B: Sliten?! jobb videre<br \/>A: D\u00f8dssliten&#8230;<br \/>B: gi deg!<br \/>A: Du er eldre!<br \/>B: Noen f\u00e5 dager.<br \/>A: Du har bart<br \/>B: Du har smukk<\/p>&#8221; content_phone=&#8221;<p>A: Er sliten..<br \/>B: Sliten?! jobb videre<br \/>A: D\u00f8dssliten&#8230;<br \/>B: gi deg!<br \/>A: Du er eldre!<br \/>B: Noen f\u00e5 dager.<br \/>A: Du har bart<br \/>B: Du har smukk<\/p>&#8221; content_last_edited=&#8221;on|phone&#8221; _builder_version=&#8221;4.27.4&#8243; _module_preset=&#8221;default&#8221; text_font_size=&#8221;17px&#8221; text_line_height=&#8221;1.8em&#8221; background_color=&#8221;rgba(219,244,235,0.49)&#8221; height=&#8221;320px&#8221; height_tablet=&#8221;365px&#8221; height_phone=&#8221;286px&#8221; height_last_edited=&#8221;on|phone&#8221; custom_margin=&#8221;35px||||false|false&#8221; custom_margin_tablet=&#8221;35px||||false|false&#8221; custom_margin_phone=&#8221;0px||||false|false&#8221; custom_margin_last_edited=&#8221;on|phone&#8221; custom_padding=&#8221;20px|20px|20px|20px|false|false&#8221; text_font_size_tablet=&#8221;16px&#8221; text_font_size_phone=&#8221;15px&#8221; text_font_size_last_edited=&#8221;on|tablet&#8221; global_colors_info=&#8221;{}&#8221; custom_css_main_element_last_edited=&#8221;on|phone&#8221;]<p>A: Er sliten..<br \/>B: Sliten?! jobb videre<br \/>A: D\u00f8dssliten&#8230;<br \/>B: gi deg!<br \/>A: Du er eldre!<br \/>B: Noen f\u00e5 dager.<br \/>A: Du har bart<br \/>B: Du har smukk<\/p>[\/et_pb_text][\/et_pb_column][\/et_pb_row][et_pb_row use_custom_gutter=&#8221;on&#8221; gutter_width=&#8221;1&#8243; custom_padding_last_edited=&#8221;on|phone&#8221; _builder_version=&#8221;4.27.4&#8243; _module_preset=&#8221;default&#8221; background_color=&#8221;#ffffff&#8221; max_width=&#8221;850px&#8221; max_width_tablet=&#8221;850px&#8221; max_width_phone=&#8221;850px&#8221; max_width_last_edited=&#8221;on|desktop&#8221; custom_padding=&#8221;0px|70px|80px|70px|false|false&#8221; custom_padding_tablet=&#8221;0px|55px|50px|55px|false|false&#8221; custom_padding_phone=&#8221;0px|45px|55px|45px|false|false&#8221; custom_css_main_element=&#8221;display:flex;||gap:25px;&#8221; border_radii=&#8221;off|||30px|30px&#8221; border_style_all=&#8221;dotted&#8221; global_colors_info=&#8221;{}&#8221;][et_pb_column type=&#8221;4_4&#8243; _builder_version=&#8221;4.21.0&#8243; _module_preset=&#8221;default&#8221; global_colors_info=&#8221;{}&#8221;][et_pb_image src=&#8221;https:\/\/leselop.usn.no\/wp-content\/uploads\/2025\/03\/bilde-elevtekst2.jpg&#8221; title_text=&#8221;bilde-elevtekst2&#8243; _builder_version=&#8221;4.27.4&#8243; _module_preset=&#8221;default&#8221; width=&#8221;710px&#8221; width_tablet=&#8221;100%&#8221; width_phone=&#8221;113%&#8221; width_last_edited=&#8221;on|tablet&#8221; module_alignment=&#8221;center&#8221; global_colors_info=&#8221;{}&#8221;][\/et_pb_image][\/et_pb_column][\/et_pb_row][et_pb_row _builder_version=&#8221;4.21.0&#8243; _module_preset=&#8221;default&#8221; max_width=&#8221;850px&#8221; module_alignment=&#8221;center&#8221; custom_css_main_element=&#8221;display:flex;||justify-content: center;&#8221; global_colors_info=&#8221;{}&#8221;][et_pb_column type=&#8221;4_4&#8243; _builder_version=&#8221;4.21.0&#8243; _module_preset=&#8221;default&#8221; global_colors_info=&#8221;{}&#8221;][et_pb_code _builder_version=&#8221;4.21.0&#8243; _module_preset=&#8221;default&#8221; text_orientation=&#8221;center&#8221; text_orientation_tablet=&#8221;center&#8221; text_orientation_phone=&#8221;center&#8221; text_orientation_last_edited=&#8221;on|desktop&#8221; global_colors_info=&#8221;{}&#8221;]<button id=\"backButton\" style=\"<!-- [et_pb_line_break_holder] -->background: #8dcfb7; <!-- [et_pb_line_break_holder] -->border-radius: 10px; <!-- [et_pb_line_break_holder] -->width: 100px; <!-- [et_pb_line_break_holder] -->height: 40px; <!-- [et_pb_line_break_holder] -->border: none; <!-- [et_pb_line_break_holder] -->font-size: 18px;<!-- [et_pb_line_break_holder] -->color: #000000; <!-- [et_pb_line_break_holder] -->transform: uppercase;&#8221; <!-- [et_pb_line_break_holder] -->onmouseover=&#8221;this.style.backgroundColor=&#8217;#5a5e5e&#8217;; this.style.color=&#8217;#ffffff&#8217;;&#8221;<!-- [et_pb_line_break_holder] -->onmouseout=&#8221;this.style.backgroundColor=&#8217;#8dcfb7&#8242;; this.style.color=&#8217;#000000&#8242;;&#8221; <!-- [et_pb_line_break_holder] -->onclick=&#8221;myFunction()&#8221;>Tilbake<\/button><!-- [et_pb_line_break_holder] --><!-- [et_pb_line_break_holder] --><script><!-- [et_pb_line_break_holder] -->document.addEventListener('DOMContentLoaded', function() {<!-- [et_pb_line_break_holder] -->  var backButton = document.getElementById('backButton'); <!-- [et_pb_line_break_holder] -->  <!-- [et_pb_line_break_holder] -->  if (backButton) {<!-- [et_pb_line_break_holder] -->    backButton.addEventListener('click', function() {<!-- [et_pb_line_break_holder] -->      window.history.back();<!-- [et_pb_line_break_holder] -->    });<!-- [et_pb_line_break_holder] -->  }<!-- [et_pb_line_break_holder] -->});<!-- [et_pb_line_break_holder] --><\/script><!-- [et_pb_line_break_holder] -->[\/et_pb_code][\/et_pb_column][\/et_pb_row][\/et_pb_section]\n","protected":false},"excerpt":{"rendered":"<p>D: Elevtekster, iscenesettelserA: Du er trist?B: Ja..A: Hvorfor?B: Fattern har dauaA: SyndB: \u00a0meget.A: kondolerer.B: Takk. Deg?A: Mamma fikk jobb!B: hvor?A: P\u00e5 gravplassenB: gratulerer.A: M\u00f8tes i begravelse?B: Det tror jegA: Er sliten..B: Sliten?! jobb videreA: D\u00f8dssliten&#8230;B: gi deg!A: Du er eldre!B: Noen f\u00e5 dager.A: Du har bartB: Du har smukk<\/p>\n","protected":false},"author":10,"featured_media":0,"parent":0,"menu_order":0,"comment_status":"closed","ping_status":"closed","template":"","meta":{"_et_pb_use_builder":"on","_et_pb_old_content":"","_et_gb_content_width":"","footnotes":""},"trinn":[],"fag":[],"class_list":["post-6926","page","type-page","status-publish","hentry"],"_links":{"self":[{"href":"https:\/\/leselop.usn.no\/index.php?rest_route=\/wp\/v2\/pages\/6926","targetHints":{"allow":["GET"]}}],"collection":[{"href":"https:\/\/leselop.usn.no\/index.php?rest_route=\/wp\/v2\/pages"}],"about":[{"href":"https:\/\/leselop.usn.no\/index.php?rest_route=\/wp\/v2\/types\/page"}],"author":[{"embeddable":true,"href":"https:\/\/leselop.usn.no\/index.php?rest_route=\/wp\/v2\/users\/10"}],"replies":[{"embeddable":true,"href":"https:\/\/leselop.usn.no\/index.php?rest_route=%2Fwp%2Fv2%2Fcomments&post=6926"}],"version-history":[{"count":17,"href":"https:\/\/leselop.usn.no\/index.php?rest_route=\/wp\/v2\/pages\/6926\/revisions"}],"predecessor-version":[{"id":12120,"href":"https:\/\/leselop.usn.no\/index.php?rest_route=\/wp\/v2\/pages\/6926\/revisions\/12120"}],"wp:attachment":[{"href":"https:\/\/leselop.usn.no\/index.php?rest_route=%2Fwp%2Fv2%2Fmedia&parent=6926"}],"wp:term":[{"taxonomy":"trinn","embeddable":true,"href":"https:\/\/leselop.usn.no\/index.php?rest_route=%2Fwp%2Fv2%2Ftrinn&post=6926"},{"taxonomy":"fag","embeddable":true,"href":"https:\/\/leselop.usn.no\/index.php?rest_route=%2Fwp%2Fv2%2Ffag&post=6926"}],"curies":[{"name":"wp","href":"https:\/\/api.w.org\/{rel}","templated":true}]}}