{"id":6832,"date":"2025-03-19T08:16:54","date_gmt":"2025-03-19T07:16:54","guid":{"rendered":"https:\/\/leselop.usn.no\/?page_id=6832"},"modified":"2025-08-07T09:05:29","modified_gmt":"2025-08-07T07:05:29","slug":"leselop-12-aktivitet-4-oppgaver","status":"publish","type":"page","link":"https:\/\/leselop.usn.no\/?page_id=6832","title":{"rendered":"12. \u00c5 utforske kunstbilder &#8211; Aktivitet 4 &#8211; Oppgaver"},"content":{"rendered":"\n[et_pb_section fb_built=&#8221;1&#8243; _builder_version=&#8221;4.21.0&#8243; _module_preset=&#8221;default&#8221; background_color=&#8221;#f4f4f4&#8243; custom_css_main_element=&#8221;min-height: 100vh;&#8221; da_disable_devices=&#8221;off|off|off&#8221; global_colors_info=&#8221;{}&#8221; da_is_popup=&#8221;off&#8221; da_exit_intent=&#8221;off&#8221; da_has_close=&#8221;on&#8221; da_alt_close=&#8221;off&#8221; da_dark_close=&#8221;off&#8221; da_not_modal=&#8221;on&#8221; da_is_singular=&#8221;off&#8221; da_with_loader=&#8221;off&#8221; da_has_shadow=&#8221;on&#8221;][et_pb_row column_structure=&#8221;1_4,3_4&#8243; use_custom_gutter=&#8221;on&#8221; gutter_width=&#8221;1&#8243; make_equal=&#8221;on&#8221; _builder_version=&#8221;4.27.4&#8243; _module_preset=&#8221;default&#8221; max_width=&#8221;850px&#8221; custom_css_main_element=&#8221;width:75% !important;&#8221; global_colors_info=&#8221;{}&#8221;][et_pb_column type=&#8221;1_4&#8243; _builder_version=&#8221;4.21.0&#8243; _module_preset=&#8221;default&#8221; custom_css_main_element=&#8221;width:12% !important;&#8221; global_colors_info=&#8221;{}&#8221; custom_css_main_element_last_edited=&#8221;on|phone&#8221; custom_css_main_element_tablet=&#8221;width:18% !important;&#8221; custom_css_main_element_phone=&#8221;width:30% !important;&#8221;][et_pb_image src=&#8221;https:\/\/leselop.usn.no\/wp-content\/uploads\/2025\/06\/Leselop-skrive-green.png&#8221; title_text=&#8221;Leselop-skrive-green&#8221; src_tablet=&#8221;https:\/\/leselop.usn.no\/wp-content\/uploads\/2025\/06\/Leselop-skrive-green.png&#8221; src_phone=&#8221;https:\/\/leselop.usn.no\/wp-content\/uploads\/2025\/06\/Leselop-skrive-green.png&#8221; src_last_edited=&#8221;on|desktop&#8221; _builder_version=&#8221;4.27.4&#8243; _module_preset=&#8221;default&#8221; hover_enabled=&#8221;0&#8243; global_colors_info=&#8221;{}&#8221; sticky_enabled=&#8221;0&#8243;][\/et_pb_image][\/et_pb_column][et_pb_column type=&#8221;3_4&#8243; _builder_version=&#8221;4.27.4&#8243; _module_preset=&#8221;default&#8221; custom_css_main_element=&#8221;width:88% !important;||margin: auto;||padding-left: 30px;&#8221; global_colors_info=&#8221;{}&#8221; custom_css_main_element_last_edited=&#8221;on|phone&#8221; custom_css_main_element_tablet=&#8221;width:82% !important;||padding-left: 25px;||padding-top:32px&#8221; custom_css_main_element_phone=&#8221;width:70% !important;||padding-left: 15px;||padding-top:29px&#8221;][et_pb_text content_tablet=&#8221;<h1>Oppgaver<\/h1>&#8221; content_phone=&#8221;<h3>Oppgaver<\/h3>&#8221; content_last_edited=&#8221;on|phone&#8221; _builder_version=&#8221;4.27.4&#8243; _module_preset=&#8221;default&#8221; hover_enabled=&#8221;0&#8243; global_colors_info=&#8221;{}&#8221; custom_css_main_element_last_edited=&#8221;on|phone&#8221; sticky_enabled=&#8221;0&#8243;]<h1>Oppgaver<\/h1>[\/et_pb_text][\/et_pb_column][\/et_pb_row][et_pb_row custom_padding_last_edited=&#8221;on|phone&#8221; _builder_version=&#8221;4.27.4&#8243; _module_preset=&#8221;default&#8221; background_color=&#8221;#ffffff&#8221; max_width=&#8221;850px&#8221; max_width_tablet=&#8221;850px&#8221; max_width_phone=&#8221;850px&#8221; max_width_last_edited=&#8221;on|desktop&#8221; custom_padding=&#8221;40px|70px|80px|70px|false|false&#8221; custom_padding_tablet=&#8221;15px|55px|50px|55px|false|false&#8221; custom_padding_phone=&#8221;15px|45px|50px|45px|false|false&#8221; border_radii=&#8221;on|30px|30px|30px|30px&#8221; border_style_all=&#8221;dotted&#8221; global_colors_info=&#8221;{}&#8221;][et_pb_column type=&#8221;4_4&#8243; _builder_version=&#8221;4.21.0&#8243; _module_preset=&#8221;default&#8221; global_colors_info=&#8221;{}&#8221;][et_pb_text content_tablet=&#8221;<h3>Oppgave 2: Sansene forteller<\/h3>&#8221; content_phone=&#8221;<h4>Oppgave 2: Sansene<\/h4>\n<h4>forteller<\/h4>&#8221; content_last_edited=&#8221;on|phone&#8221; _builder_version=&#8221;4.27.4&#8243; _module_preset=&#8221;default&#8221; text_font_size=&#8221;17px&#8221; text_line_height=&#8221;1.8em&#8221; custom_margin=&#8221;50px||10px||false|false&#8221; custom_margin_tablet=&#8221;||||false|false&#8221; custom_margin_phone=&#8221;||||false|false&#8221; custom_margin_last_edited=&#8221;on|tablet&#8221; text_line_height_tablet=&#8221;1.8em&#8221; text_line_height_phone=&#8221;1.5em&#8221; text_line_height_last_edited=&#8221;on|desktop&#8221; locked=&#8221;off&#8221; global_colors_info=&#8221;{}&#8221;]<h3>Oppgave 2: Sansene forteller<\/h3>[\/et_pb_text][et_pb_text content_tablet=&#8221;<p>Velg et maleri med \u00e9n eller flere personer eller objekter (ting, naturelementer, dyr&#8230;) . Forestill deg hvordan figuren sanser verden. Skriv hvordan figuren sanser omgivelsene\/verden. Bruk gjerne setningsstartere som:<\/p>\n<p>Jeg ser&#8230;<br \/>Jeg h\u00f8rer&#8230;<br \/>Jeg lukter&#8230;<br \/>Jeg tenker&#8230;<br \/>Jeg f\u00f8ler&#8230;<br \/>Jeg vil&#8230;<\/p>\n<p>Maleri: Sorrowing old man<br \/>Lenke: <a href=%22https:\/\/orourkes.omeka.net\/items\/show\/165%22>https:\/\/orourkes.omeka.net\/items\/show\/165<\/a><\/p>&#8221; content_phone=&#8221;<p>Velg et maleri med \u00e9n eller flere personer eller objekter (ting, naturelementer, dyr&#8230;) . Forestill deg hvordan figuren sanser verden. Skriv hvordan figuren sanser omgivelsene\/verden. Bruk gjerne setningsstartere som:<\/p>\n<p>Jeg ser&#8230;<br \/>Jeg h\u00f8rer&#8230;<br \/>Jeg lukter&#8230;<br \/>Jeg tenker&#8230;<br \/>Jeg f\u00f8ler&#8230;<br \/>Jeg vil&#8230;<\/p>\n<p>Maleri: Sorrowing old man<br \/>Lenke: <a href=%22https:\/\/orourkes.omeka.net\/items\/show\/165%22>https:\/\/orourkes.omeka.net\/items\/show\/165<\/a><\/p>&#8221; content_last_edited=&#8221;on|phone&#8221; _builder_version=&#8221;4.27.4&#8243; _module_preset=&#8221;default&#8221; text_font_size=&#8221;17px&#8221; text_line_height=&#8221;1.8em&#8221; ul_line_height=&#8221;1.8em&#8221; custom_margin=&#8221;||||false|false&#8221; custom_margin_tablet=&#8221;||||false|false&#8221; custom_margin_phone=&#8221;||17px||false|false&#8221; custom_margin_last_edited=&#8221;on|tablet&#8221; text_line_height_tablet=&#8221;1.8em&#8221; text_line_height_phone=&#8221;1.5em&#8221; text_line_height_last_edited=&#8221;on|desktop&#8221; locked=&#8221;off&#8221; global_colors_info=&#8221;{}&#8221;]<p>Velg et maleri med \u00e9n eller flere personer eller objekter (ting, naturelementer, dyr&#8230;) . Forestill deg hvordan figuren sanser verden. Skriv hvordan figuren sanser omgivelsene\/verden. Bruk gjerne setningsstartere som:<\/p>\n<p>Jeg ser&#8230;<br \/>Jeg h\u00f8rer&#8230;<br \/>Jeg lukter&#8230;<br \/>Jeg tenker&#8230;<br \/>Jeg f\u00f8ler&#8230;<br \/>Jeg vil&#8230;<\/p>\n<p>Maleri: Sorrowing old man<br \/>Lenke: <a href=\"https:\/\/orourkes.omeka.net\/items\/show\/165\">https:\/\/orourkes.omeka.net\/items\/show\/165<\/a><\/p>[\/et_pb_text][et_pb_text content_tablet=&#8221;<p>Jeg ser slitte gulvplanker<br \/>Jeg h\u00f8rer gr\u00e5t<br \/>Jeg lukter metall og hestem\u00f8kk<br \/>Jeg tenker at jeg er en dritt<br \/>Jeg f\u00f8ler meg redd<br \/>Jeg vil r\u00f8mme til et annet land<\/p>&#8221; content_phone=&#8221;<p>Jeg ser slitte gulvplanker<br \/>Jeg h\u00f8rer gr\u00e5t<br \/>Jeg lukter metall og hestem\u00f8kk<br \/>Jeg tenker at jeg er en dritt<br \/>Jeg f\u00f8ler meg redd<br \/>Jeg vil r\u00f8mme til et annet land<\/p>&#8221; content_last_edited=&#8221;on|phone&#8221; _builder_version=&#8221;4.27.4&#8243; _module_preset=&#8221;default&#8221; text_font_size=&#8221;17px&#8221; text_line_height=&#8221;1.8em&#8221; ul_line_height=&#8221;1.8em&#8221; custom_margin=&#8221;||40px||false|false&#8221; custom_margin_tablet=&#8221;||||false|false&#8221; custom_margin_phone=&#8221;||||false|false&#8221; custom_margin_last_edited=&#8221;on|desktop&#8221; text_line_height_tablet=&#8221;1.8em&#8221; text_line_height_phone=&#8221;1.5em&#8221; text_line_height_last_edited=&#8221;on|desktop&#8221; locked=&#8221;off&#8221; global_colors_info=&#8221;{}&#8221;]<p>Jeg ser slitte gulvplanker<br \/>Jeg h\u00f8rer gr\u00e5t<br \/>Jeg lukter metall og hestem\u00f8kk<br \/>Jeg tenker at jeg er en dritt<br \/>Jeg f\u00f8ler meg redd<br \/>Jeg vil r\u00f8mme til et annet land<\/p>[\/et_pb_text][et_pb_text content_tablet=&#8221;<p><strong>Snakk om:<\/strong><\/p>\n<ul><\/ul>&#8221; content_phone=&#8221;<p><strong>Snakk om:<\/strong><\/p>\n<ul><\/ul>&#8221; content_last_edited=&#8221;on|tablet&#8221; _builder_version=&#8221;4.27.4&#8243; _module_preset=&#8221;default&#8221; text_font_size=&#8221;17px&#8221; text_line_height=&#8221;1.8em&#8221; ul_line_height=&#8221;1.8em&#8221; custom_margin=&#8221;||5px||false|false&#8221; custom_margin_tablet=&#8221;||5px||false|false&#8221; custom_margin_phone=&#8221;||||false|false&#8221; custom_margin_last_edited=&#8221;on|phone&#8221; text_line_height_tablet=&#8221;1.8em&#8221; text_line_height_phone=&#8221;1.5em&#8221; text_line_height_last_edited=&#8221;on|desktop&#8221; locked=&#8221;off&#8221; global_colors_info=&#8221;{}&#8221;]<p><strong>Snakk om:<\/strong><\/p>[\/et_pb_text][et_pb_text content_tablet=&#8221;<ul>\n<li>Hvordan personen\/objektet opplever og sanser omgivelsene.<\/li>\n<li>Hva ser, h\u00f8rer og lukter personen\/objektet?<\/li>\n<li>Har det noen betydning hvem personen eller objektet er (alder, kj\u00f8nn, utseende, plassering i bildet, funksjon\/rolle i verden)?<\/li>\n<li>Avsl\u00f8rer teksten deres hvordan personen\/objektet har det (for eksempel f\u00f8lelser, hum\u00f8r, holdninger til verden, \u00f8nsker for livet)?<\/li>\n<li>Hvordan p\u00e5virker dine erfaringer og din identitet m\u00e5ten du tolker og opplever og tolker et bilde\/maleri?<\/li>\n<li>Er det enklere \u00e5 forestille seg noe som er kjent og opplevd enn noe ukjent og\/eller fremmed?<\/li>\n<\/ul>\n<ul><\/ul>&#8221; content_phone=&#8221;<ul>\n<li>Hvordan personen\/objektet opplever og sanser omgivelsene.<\/li>\n<li>Hva ser, h\u00f8rer og lukter personen\/objektet?<\/li>\n<li>Har det noen betydning hvem personen eller objektet er (alder, kj\u00f8nn, utseende, plassering i bildet, funksjon\/rolle i verden)?<\/li>\n<li>Avsl\u00f8rer teksten deres hvordan personen\/objektet har det (for eksempel f\u00f8lelser, hum\u00f8r, holdninger til verden, \u00f8nsker for livet)?<\/li>\n<li>Hvordan p\u00e5virker dine erfaringer og din identitet m\u00e5ten du tolker og opplever og tolker et bilde\/maleri?<\/li>\n<li>Er det enklere \u00e5 forestille seg noe som er kjent og opplevd enn noe ukjent og\/eller fremmed?<\/li>\n<\/ul>\n<ul><\/ul>&#8221; content_last_edited=&#8221;on|desktop&#8221; _builder_version=&#8221;4.27.4&#8243; _module_preset=&#8221;default&#8221; text_font_size=&#8221;17px&#8221; text_line_height=&#8221;1.8em&#8221; ul_line_height=&#8221;1.8em&#8221; custom_margin=&#8221;||2px||false|false&#8221; custom_margin_tablet=&#8221;-15px||0px||false|false&#8221; custom_margin_phone=&#8221;||2px||false|false&#8221; custom_margin_last_edited=&#8221;on|phone&#8221; custom_padding=&#8221;||||false|false&#8221; text_line_height_tablet=&#8221;1.8em&#8221; text_line_height_phone=&#8221;1.5em&#8221; text_line_height_last_edited=&#8221;on|desktop&#8221; locked=&#8221;off&#8221; global_colors_info=&#8221;{}&#8221;]<ul>\n<li>Hvordan personen\/objektet opplever og sanser omgivelsene.<\/li>\n<li>Hva ser, h\u00f8rer og lukter personen\/objektet?<\/li>\n<li>Har det noen betydning hvem personen eller objektet er (alder, kj\u00f8nn, utseende, plassering i bildet, funksjon\/rolle i verden)?<\/li>\n<li>Avsl\u00f8rer teksten deres hvordan personen\/objektet har det (for eksempel f\u00f8lelser, hum\u00f8r, holdninger til verden, \u00f8nsker for livet)?<\/li>\n<li>Hvordan p\u00e5virker dine erfaringer og din identitet m\u00e5ten du tolker og opplever og tolker et bilde\/maleri?<\/li>\n<li>Er det enklere \u00e5 forestille seg noe som er kjent og opplevd enn noe ukjent og\/eller fremmed?<\/li>\n<\/ul>[\/et_pb_text][\/et_pb_column][\/et_pb_row][et_pb_row _builder_version=&#8221;4.21.0&#8243; _module_preset=&#8221;default&#8221; max_width=&#8221;850px&#8221; module_alignment=&#8221;center&#8221; custom_css_main_element=&#8221;display:flex;||justify-content: center;&#8221; global_colors_info=&#8221;{}&#8221;][et_pb_column type=&#8221;4_4&#8243; _builder_version=&#8221;4.21.0&#8243; _module_preset=&#8221;default&#8221; global_colors_info=&#8221;{}&#8221;][et_pb_code _builder_version=&#8221;4.21.0&#8243; _module_preset=&#8221;default&#8221; text_orientation=&#8221;center&#8221; text_orientation_tablet=&#8221;center&#8221; text_orientation_phone=&#8221;center&#8221; text_orientation_last_edited=&#8221;on|desktop&#8221; global_colors_info=&#8221;{}&#8221;]<button id=\"backButton\" style=\"<!-- [et_pb_line_break_holder] -->background: #8dcfb7; <!-- [et_pb_line_break_holder] -->border-radius: 10px; <!-- [et_pb_line_break_holder] -->width: 100px; <!-- [et_pb_line_break_holder] -->height: 40px; <!-- [et_pb_line_break_holder] -->border: none; <!-- [et_pb_line_break_holder] -->font-size: 18px;<!-- [et_pb_line_break_holder] -->color: #000000; <!-- [et_pb_line_break_holder] -->transform: uppercase;&#8221; <!-- [et_pb_line_break_holder] -->onmouseover=&#8221;this.style.backgroundColor=&#8217;#5a5e5e&#8217;; this.style.color=&#8217;#ffffff&#8217;;&#8221;<!-- [et_pb_line_break_holder] -->onmouseout=&#8221;this.style.backgroundColor=&#8217;#8dcfb7&#8242;; this.style.color=&#8217;#000000&#8242;;&#8221; <!-- [et_pb_line_break_holder] -->onclick=&#8221;myFunction()&#8221;>Tilbake<\/button><!-- [et_pb_line_break_holder] --><!-- [et_pb_line_break_holder] --><script><!-- [et_pb_line_break_holder] -->document.addEventListener('DOMContentLoaded', function() {<!-- [et_pb_line_break_holder] -->  var backButton = document.getElementById('backButton'); <!-- [et_pb_line_break_holder] -->  <!-- [et_pb_line_break_holder] -->  if (backButton) {<!-- [et_pb_line_break_holder] -->    backButton.addEventListener('click', function() {<!-- [et_pb_line_break_holder] -->      window.history.back();<!-- [et_pb_line_break_holder] -->    });<!-- [et_pb_line_break_holder] -->  }<!-- [et_pb_line_break_holder] -->});<!-- [et_pb_line_break_holder] --><\/script><!-- [et_pb_line_break_holder] -->[\/et_pb_code][\/et_pb_column][\/et_pb_row][\/et_pb_section]\n","protected":false},"excerpt":{"rendered":"<p>OppgaverOppgave 2: Sansene fortellerVelg et maleri med \u00e9n eller flere personer eller objekter (ting, naturelementer, dyr&#8230;) . Forestill deg hvordan figuren sanser verden. Skriv hvordan figuren sanser omgivelsene\/verden. Bruk gjerne setningsstartere som: Jeg ser&#8230;Jeg h\u00f8rer&#8230;Jeg lukter&#8230;Jeg tenker&#8230;Jeg f\u00f8ler&#8230;Jeg vil&#8230; Maleri: Sorrowing old manLenke: https:\/\/orourkes.omeka.net\/items\/show\/165Jeg ser slitte gulvplankerJeg h\u00f8rer gr\u00e5tJeg lukter metall og hestem\u00f8kkJeg tenker at [&hellip;]<\/p>\n","protected":false},"author":10,"featured_media":0,"parent":0,"menu_order":0,"comment_status":"closed","ping_status":"closed","template":"","meta":{"_et_pb_use_builder":"on","_et_pb_old_content":"","_et_gb_content_width":"","footnotes":""},"trinn":[],"fag":[],"class_list":["post-6832","page","type-page","status-publish","hentry"],"_links":{"self":[{"href":"https:\/\/leselop.usn.no\/index.php?rest_route=\/wp\/v2\/pages\/6832","targetHints":{"allow":["GET"]}}],"collection":[{"href":"https:\/\/leselop.usn.no\/index.php?rest_route=\/wp\/v2\/pages"}],"about":[{"href":"https:\/\/leselop.usn.no\/index.php?rest_route=\/wp\/v2\/types\/page"}],"author":[{"embeddable":true,"href":"https:\/\/leselop.usn.no\/index.php?rest_route=\/wp\/v2\/users\/10"}],"replies":[{"embeddable":true,"href":"https:\/\/leselop.usn.no\/index.php?rest_route=%2Fwp%2Fv2%2Fcomments&post=6832"}],"version-history":[{"count":16,"href":"https:\/\/leselop.usn.no\/index.php?rest_route=\/wp\/v2\/pages\/6832\/revisions"}],"predecessor-version":[{"id":9966,"href":"https:\/\/leselop.usn.no\/index.php?rest_route=\/wp\/v2\/pages\/6832\/revisions\/9966"}],"wp:attachment":[{"href":"https:\/\/leselop.usn.no\/index.php?rest_route=%2Fwp%2Fv2%2Fmedia&parent=6832"}],"wp:term":[{"taxonomy":"trinn","embeddable":true,"href":"https:\/\/leselop.usn.no\/index.php?rest_route=%2Fwp%2Fv2%2Ftrinn&post=6832"},{"taxonomy":"fag","embeddable":true,"href":"https:\/\/leselop.usn.no\/index.php?rest_route=%2Fwp%2Fv2%2Ffag&post=6832"}],"curies":[{"name":"wp","href":"https:\/\/api.w.org\/{rel}","templated":true}]}}