{"id":6268,"date":"2025-02-13T09:11:27","date_gmt":"2025-02-13T08:11:27","guid":{"rendered":"https:\/\/leselop.usn.no\/?page_id=6268"},"modified":"2025-08-07T08:58:23","modified_gmt":"2025-08-07T06:58:23","slug":"leselop-11-aktivitet-4-eksempel-pa-elevtekster","status":"publish","type":"page","link":"https:\/\/leselop.usn.no\/?page_id=6268","title":{"rendered":"11. Lesemilj\u00f8 &#8211; Aktivitet 4 &#8211; Eksempel p\u00e5 elevtekster"},"content":{"rendered":"\n[et_pb_section fb_built=&#8221;1&#8243; _builder_version=&#8221;4.21.0&#8243; _module_preset=&#8221;default&#8221; background_color=&#8221;#f4f4f4&#8243; custom_css_main_element=&#8221;min-height: 100vh;&#8221; da_disable_devices=&#8221;off|off|off&#8221; global_colors_info=&#8221;{}&#8221; da_is_popup=&#8221;off&#8221; da_exit_intent=&#8221;off&#8221; da_has_close=&#8221;on&#8221; da_alt_close=&#8221;off&#8221; da_dark_close=&#8221;off&#8221; da_not_modal=&#8221;on&#8221; da_is_singular=&#8221;off&#8221; da_with_loader=&#8221;off&#8221; da_has_shadow=&#8221;on&#8221;][et_pb_row column_structure=&#8221;1_4,3_4&#8243; use_custom_gutter=&#8221;on&#8221; gutter_width=&#8221;1&#8243; make_equal=&#8221;on&#8221; _builder_version=&#8221;4.27.4&#8243; _module_preset=&#8221;default&#8221; max_width=&#8221;900px&#8221; custom_css_main_element=&#8221;width:75% !important;&#8221; global_colors_info=&#8221;{}&#8221;][et_pb_column type=&#8221;1_4&#8243; _builder_version=&#8221;4.21.0&#8243; _module_preset=&#8221;default&#8221; custom_css_main_element=&#8221;width:12% !important;&#8221; global_colors_info=&#8221;{}&#8221; custom_css_main_element_last_edited=&#8221;on|phone&#8221; custom_css_main_element_tablet=&#8221;width:18% !important;&#8221; custom_css_main_element_phone=&#8221;width:30% !important;&#8221;][et_pb_image src=&#8221;https:\/\/leselop.usn.no\/wp-content\/uploads\/2025\/06\/Leselop-clapboard-green.png&#8221; title_text=&#8221;Leselop-clapboard-green&#8221; src_tablet=&#8221;https:\/\/leselop.usn.no\/wp-content\/uploads\/2025\/06\/Leselop-clapboard-green.png&#8221; src_phone=&#8221;https:\/\/leselop.usn.no\/wp-content\/uploads\/2025\/06\/Leselop-clapboard-green.png&#8221; src_last_edited=&#8221;on|phone&#8221; _builder_version=&#8221;4.27.4&#8243; _module_preset=&#8221;default&#8221; hover_enabled=&#8221;0&#8243; global_colors_info=&#8221;{}&#8221; sticky_enabled=&#8221;0&#8243;][\/et_pb_image][\/et_pb_column][et_pb_column type=&#8221;3_4&#8243; _builder_version=&#8221;4.27.4&#8243; _module_preset=&#8221;default&#8221; custom_css_main_element=&#8221;width:88% !important;||margin: auto;||padding-left: 30px;&#8221; global_colors_info=&#8221;{}&#8221; custom_css_main_element_last_edited=&#8221;on|phone&#8221; custom_css_main_element_tablet=&#8221;width:82% !important;||padding-left: 25px;||padding-top:32px&#8221; custom_css_main_element_phone=&#8221;width:70% !important;||padding-left: 15px;||padding-top:15px&#8221;][et_pb_text content_tablet=&#8221;<h1><span>Eksempel p\u00e5 elevtekster <\/span><\/h1>&#8221; content_phone=&#8221;<h3><span>Eksempel p\u00e5 <\/span><\/h3>\n<h3><span>elevtekster <\/span><\/h3>&#8221; content_last_edited=&#8221;on|phone&#8221; _builder_version=&#8221;4.27.4&#8243; _module_preset=&#8221;default&#8221; hover_enabled=&#8221;0&#8243; global_colors_info=&#8221;{}&#8221; custom_css_main_element_last_edited=&#8221;on|tablet&#8221; sticky_enabled=&#8221;0&#8243;]<h1><span>Eksempel p\u00e5 elevtekster <\/span><\/h1>[\/et_pb_text][\/et_pb_column][\/et_pb_row][et_pb_row custom_padding_last_edited=&#8221;on|phone&#8221; _builder_version=&#8221;4.27.4&#8243; _module_preset=&#8221;default&#8221; background_color=&#8221;#ffffff&#8221; max_width=&#8221;900px&#8221; max_width_tablet=&#8221;850px&#8221; max_width_phone=&#8221;850px&#8221; max_width_last_edited=&#8221;on|desktop&#8221; custom_margin=&#8221;||||false|false&#8221; custom_padding=&#8221;50px|70px|45px|70px|false|false&#8221; custom_padding_tablet=&#8221;50px|55px|50px|55px|false|false&#8221; custom_padding_phone=&#8221;35px|35px|40px|35px|false|false&#8221; border_radii=&#8221;on|30px|30px|30px|30px&#8221; border_color_all=&#8221;#82C8AE&#8221; global_colors_info=&#8221;{}&#8221;][et_pb_column type=&#8221;4_4&#8243; _builder_version=&#8221;4.27.4&#8243; _module_preset=&#8221;default&#8221; global_colors_info=&#8221;{}&#8221;][et_pb_text content_tablet=&#8221;<p>Forberedelse til gruppesamtale, skriv notater her. N\u00e5r du etterp\u00e5 skal snakke om dette i gruppa, er det viktig at alle p\u00e5 gruppa deler sine tanker og svar.<\/p>&#8221; content_phone=&#8221;<p>Forberedelse til gruppesamtale, skriv notater her. N\u00e5r du etterp\u00e5 skal snakke om dette i gruppa, er det viktig at alle p\u00e5 gruppa deler sine tanker og svar.<\/p>&#8221; content_last_edited=&#8221;on|phone&#8221; _builder_version=&#8221;4.27.4&#8243; _module_preset=&#8221;default&#8221; text_font_size=&#8221;17px&#8221; text_line_height=&#8221;1.8em&#8221; background_color=&#8221;RGBA(255,255,255,0)&#8221; custom_margin=&#8221;||||false|false&#8221; custom_margin_tablet=&#8221;||||false|false&#8221; custom_margin_phone=&#8221;||||false|false&#8221; custom_margin_last_edited=&#8221;on|phone&#8221; custom_padding=&#8221;10px|20px|10px||false|false&#8221; text_line_height_tablet=&#8221;1.8em&#8221; text_line_height_phone=&#8221;1.5em&#8221; text_line_height_last_edited=&#8221;on|desktop&#8221; locked=&#8221;off&#8221; global_colors_info=&#8221;{}&#8221;]<p>Forberedelse til gruppesamtale, skriv notater her. N\u00e5r du etterp\u00e5 skal snakke om dette i gruppa, er det viktig at alle p\u00e5 gruppa deler sine tanker og svar.<\/p>[\/et_pb_text][et_pb_code disabled_on=&#8221;on|on|off&#8221; _builder_version=&#8221;4.27.4&#8243; _module_preset=&#8221;default&#8221; global_colors_info=&#8221;{}&#8221;]<div style=\"overflow-x: auto;\"><!-- [et_pb_line_break_holder] -->    <table style=\"width: 100%; border-collapse: collapse;\"><!-- [et_pb_line_break_holder] -->        <thead><!-- [et_pb_line_break_holder] -->            <tr style=\"background-color: #dbf4eb;\"><!-- [et_pb_line_break_holder] -->                <th style=\"<!-- [et_pb_line_break_holder] -->                    border: 1px solid #AAA7A7; <!-- [et_pb_line_break_holder] -->                    font-size: 14px; <!-- [et_pb_line_break_holder] -->                    vertical-align: top; <!-- [et_pb_line_break_holder] -->                    line-height: 1.5; <!-- [et_pb_line_break_holder] -->                    padding: 13px 19px;&#8221;><!-- [et_pb_line_break_holder] -->                    Hva liker du i teksten? Skriv og begrunn svarene dine<!-- [et_pb_line_break_holder] -->                <\/th><!-- [et_pb_line_break_holder] -->                <th style=\"<!-- [et_pb_line_break_holder] -->                    border: 1px solid #AAA7A7; <!-- [et_pb_line_break_holder] -->                    font-size: 14px; <!-- [et_pb_line_break_holder] -->                    vertical-align: top; <!-- [et_pb_line_break_holder] -->                    line-height: 1.5; <!-- [et_pb_line_break_holder] -->                    padding: 13px 19px;&#8221;><!-- [et_pb_line_break_holder] -->                    Hva liker du ikke? Skriv og begrunn svarene dine<!-- [et_pb_line_break_holder] -->                <\/th><!-- [et_pb_line_break_holder] -->                <th style=\"<!-- [et_pb_line_break_holder] -->                    border: 1px solid #AAA7A7; <!-- [et_pb_line_break_holder] -->                    font-size: 14px; <!-- [et_pb_line_break_holder] -->                    vertical-align: top; <!-- [et_pb_line_break_holder] -->                    line-height: 1.5; <!-- [et_pb_line_break_holder] -->                    padding: 13px 19px;&#8221;><!-- [et_pb_line_break_holder] -->                    Hvilke sp\u00f8rsm\u00e5l f\u00e5r du til teksten? Skriv dem her:<!-- [et_pb_line_break_holder] -->                <\/th><!-- [et_pb_line_break_holder] -->                <th style=\"<!-- [et_pb_line_break_holder] -->                    border: 1px solid #AAA7A7; <!-- [et_pb_line_break_holder] -->                    font-size: 14px; <!-- [et_pb_line_break_holder] -->                    vertical-align: top; <!-- [et_pb_line_break_holder] -->                    line-height: 1.5; <!-- [et_pb_line_break_holder] -->                    padding: 13px 19px;&#8221;><!-- [et_pb_line_break_holder] -->                    Skriv hvilke m\u00f8nster det er i teksten:<!-- [et_pb_line_break_holder] -->                <\/th><!-- [et_pb_line_break_holder] -->                <th style=\"<!-- [et_pb_line_break_holder] -->                    border: 1px solid #AAA7A7; <!-- [et_pb_line_break_holder] -->                    font-size: 14px; <!-- [et_pb_line_break_holder] -->                    vertical-align: top; <!-- [et_pb_line_break_holder] -->                    line-height: 1.5; <!-- [et_pb_line_break_holder] -->                    padding: 13px 19px;&#8221;><!-- [et_pb_line_break_holder] -->                    Skriv om noe i teksten som minner deg om noe annet du har lest\/h\u00f8rt\/sett:<!-- [et_pb_line_break_holder] -->                <\/th><!-- [et_pb_line_break_holder] -->            <\/tr><!-- [et_pb_line_break_holder] -->        <\/thead><!-- [et_pb_line_break_holder] -->        <tbody><!-- [et_pb_line_break_holder] -->            <tr><!-- [et_pb_line_break_holder] -->                <td style=\"border: 1px solid #AAA7A7; width: 220px;\"><!-- [et_pb_line_break_holder] -->                    <img decoding=\"async\" src=\"https:\/\/leselop.usn.no\/wp-content\/uploads\/2025\/02\/notat-samtale-1-1.png\" alt=\"Bilde 1\" style=\"width: 200px; height: auto;\"><!-- [et_pb_line_break_holder] -->                <\/td><!-- [et_pb_line_break_holder] -->                <td style=\"border: 1px solid #AAA7A7; width: 220px;\"><!-- [et_pb_line_break_holder] -->                    <img decoding=\"async\" src=\"https:\/\/leselop.usn.no\/wp-content\/uploads\/2025\/02\/notat-samtale-2-.png\" alt=\"Bilde 2\" style=\"width: 200px; height: auto;\"><!-- [et_pb_line_break_holder] -->                <\/td><!-- [et_pb_line_break_holder] -->                <td style=\"border: 1px solid #AAA7A7; width: 220px;\"><!-- [et_pb_line_break_holder] -->                    <img decoding=\"async\" src=\"https:\/\/leselop.usn.no\/wp-content\/uploads\/2025\/02\/notat-samtale-3.png\" alt=\"Bilde 3\" style=\"width: 200px; height: auto;\"><!-- [et_pb_line_break_holder] -->                <\/td><!-- [et_pb_line_break_holder] -->                <td style=\"border: 1px solid #AAA7A7; width: 220px;\"><!-- [et_pb_line_break_holder] -->                    <img decoding=\"async\" src=\"https:\/\/leselop.usn.no\/wp-content\/uploads\/2025\/02\/notat-samtale-4.png\" alt=\"Bilde 4\" style=\"width: 200px; height: auto;\"><!-- [et_pb_line_break_holder] -->                <\/td><!-- [et_pb_line_break_holder] -->                <td style=\"border: 1px solid #AAA7A7; width: 220px;\"><!-- [et_pb_line_break_holder] -->                    <img decoding=\"async\" src=\"https:\/\/leselop.usn.no\/wp-content\/uploads\/2025\/02\/hvit.png\" alt=\"Bilde 5\" style=\"width: 50px; height: auto;\"><!-- [et_pb_line_break_holder] -->                <\/td><!-- [et_pb_line_break_holder] -->            <\/tr><!-- [et_pb_line_break_holder] -->            <tr><!-- [et_pb_line_break_holder] -->                <td style=\"border: 1px solid #AAA7A7; width: 220px;\"><!-- [et_pb_line_break_holder] -->                    <img decoding=\"async\" src=\"https:\/\/leselop.usn.no\/wp-content\/uploads\/2025\/02\/notat-samtale-5-1.png\" alt=\"Bilde 6\" style=\"width: 200px; height: auto;\"><!-- [et_pb_line_break_holder] -->                <\/td><!-- [et_pb_line_break_holder] -->                <td style=\"border: 1px solid #AAA7A7; width: 220px;\"><!-- [et_pb_line_break_holder] -->                    <img decoding=\"async\" src=\"https:\/\/leselop.usn.no\/wp-content\/uploads\/2025\/02\/notat-samtale-6.png\" alt=\"Bilde 7\" style=\"width: 200px; height: auto;\"><!-- [et_pb_line_break_holder] -->                <\/td><!-- [et_pb_line_break_holder] -->                <td style=\"border: 1px solid #AAA7A7; width: 220px;\"><!-- [et_pb_line_break_holder] -->                    <img decoding=\"async\" src=\"https:\/\/leselop.usn.no\/wp-content\/uploads\/2025\/02\/hvit.png\" alt=\"Bilde 8\" style=\"width: 50px; height: auto;\"><!-- [et_pb_line_break_holder] -->                <\/td><!-- [et_pb_line_break_holder] -->                <td style=\"border: 1px solid #AAA7A7; width: 220px;\"><!-- [et_pb_line_break_holder] -->                    <img decoding=\"async\" src=\"https:\/\/leselop.usn.no\/wp-content\/uploads\/2025\/02\/notat-samtale-7.png\" alt=\"Bilde 9\" style=\"width: 200px; height: auto;\"><!-- [et_pb_line_break_holder] -->                <\/td><!-- [et_pb_line_break_holder] -->                <td style=\"border: 1px solid #AAA7A7; width: 220px;\"><!-- [et_pb_line_break_holder] -->                    <img decoding=\"async\" src=\"https:\/\/leselop.usn.no\/wp-content\/uploads\/2025\/02\/hvit.png\" alt=\"Bilde 10\" style=\"width: 50px; height: auto;\"><!-- [et_pb_line_break_holder] -->                <\/td><!-- [et_pb_line_break_holder] -->            <\/tr><!-- [et_pb_line_break_holder] -->            <tr><!-- [et_pb_line_break_holder] -->                <td style=\"border: 1px solid #AAA7A7; width: 220px;\"><!-- [et_pb_line_break_holder] -->                    <img decoding=\"async\" src=\"https:\/\/leselop.usn.no\/wp-content\/uploads\/2025\/02\/hvit.png\" alt=\"Bilde 11\" style=\"width: 50px; height: 100px;\"><!-- [et_pb_line_break_holder] -->                <\/td><!-- [et_pb_line_break_holder] -->                <td style=\"border: 1px solid #AAA7A7; width: 220px;\"><!-- [et_pb_line_break_holder] -->                    <img decoding=\"async\" src=\"https:\/\/leselop.usn.no\/wp-content\/uploads\/2025\/02\/hvit.png\" alt=\"Bilde 12\" style=\"width: 50px; height: auto;\"><!-- [et_pb_line_break_holder] -->                <\/td><!-- [et_pb_line_break_holder] -->                <td style=\"border: 1px solid #AAA7A7; width: 220px;\"><!-- [et_pb_line_break_holder] -->                    <img decoding=\"async\" src=\"https:\/\/leselop.usn.no\/wp-content\/uploads\/2025\/02\/hvit.png\" alt=\"Bilde 13\" style=\"width: 50px; height: auto;\"><!-- [et_pb_line_break_holder] -->                <\/td><!-- [et_pb_line_break_holder] -->                <td style=\"border: 1px solid #AAA7A7; width: 220px;\"><!-- [et_pb_line_break_holder] -->                    <img decoding=\"async\" src=\"https:\/\/leselop.usn.no\/wp-content\/uploads\/2025\/02\/notat-samtale-8.png\" alt=\"Bilde 14\" style=\"width: 200px; height: auto;\"><!-- [et_pb_line_break_holder] -->                <\/td><!-- [et_pb_line_break_holder] -->                <td style=\"border: 1px solid #AAA7A7; width: 220px;\"><!-- [et_pb_line_break_holder] -->                    <img decoding=\"async\" src=\"https:\/\/leselop.usn.no\/wp-content\/uploads\/2025\/02\/hvit.png\" alt=\"Bilde 15\" style=\"width: 50px; height: auto;\"><!-- [et_pb_line_break_holder] -->                <\/td><!-- [et_pb_line_break_holder] -->            <\/tr><!-- [et_pb_line_break_holder] -->            <tr><!-- [et_pb_line_break_holder] -->                <td style=\"border: 1px solid #AAA7A7; width: 220px;\"><!-- [et_pb_line_break_holder] -->                    <img decoding=\"async\" src=\"https:\/\/leselop.usn.no\/wp-content\/uploads\/2025\/02\/notat-samtale-9-1.png\" alt=\"Bilde 16\" style=\"width: 200px; height: auto;\"><!-- [et_pb_line_break_holder] -->                <\/td><!-- [et_pb_line_break_holder] -->                <td style=\"border: 1px solid #AAA7A7; width: 220px;\"><!-- [et_pb_line_break_holder] -->                    <img decoding=\"async\" src=\"https:\/\/leselop.usn.no\/wp-content\/uploads\/2025\/02\/notat-samtale-10.png\" alt=\"Bilde 17\" style=\"width: 200px; height: auto;\"><!-- [et_pb_line_break_holder] -->                <\/td><!-- [et_pb_line_break_holder] -->                <td style=\"border: 1px solid #AAA7A7; width: 220px;\"><!-- [et_pb_line_break_holder] -->                    <img decoding=\"async\" src=\"https:\/\/leselop.usn.no\/wp-content\/uploads\/2025\/02\/notat-samtale-11-1.png\" alt=\"Bilde 18\" style=\"width: 200px; height: auto;\"><!-- [et_pb_line_break_holder] -->                <\/td><!-- [et_pb_line_break_holder] -->                <td style=\"border: 1px solid #AAA7A7; width: 220px;\"><!-- [et_pb_line_break_holder] -->                    <img decoding=\"async\" src=\"https:\/\/leselop.usn.no\/wp-content\/uploads\/2025\/02\/notat-samtale-12.png\" alt=\"Bilde 19\" style=\"width: 200px; height: auto;\"><!-- [et_pb_line_break_holder] -->                <\/td><!-- [et_pb_line_break_holder] -->                <td style=\"border: 1px solid #AAA7A7; width: 220px;\"><!-- [et_pb_line_break_holder] -->                    <img decoding=\"async\" src=\"https:\/\/leselop.usn.no\/wp-content\/uploads\/2025\/02\/notat-samtale-13.png\" alt=\"Bilde 20\" style=\"width: 200px; height: auto;\"><!-- [et_pb_line_break_holder] -->                <\/td><!-- [et_pb_line_break_holder] -->            <\/tr><!-- [et_pb_line_break_holder] -->  <!-- [et_pb_line_break_holder] -->                      <tr><!-- [et_pb_line_break_holder] -->                <td style=\"border: 1px solid #AAA7A7; width: 220px;\"><!-- [et_pb_line_break_holder] -->                    <img decoding=\"async\" src=\"https:\/\/leselop.usn.no\/wp-content\/uploads\/2025\/02\/notat-samtale-14-1.png\" alt=\"Bilde 21\" style=\"width: 200px; height: auto;\"><!-- [et_pb_line_break_holder] -->                <\/td><!-- [et_pb_line_break_holder] -->                <td style=\"border: 1px solid #AAA7A7; width: 220px;\"><!-- [et_pb_line_break_holder] -->                    <img decoding=\"async\" src=\"https:\/\/leselop.usn.no\/wp-content\/uploads\/2025\/02\/notat-samtale-15.png\" alt=\"Bilde 22\" style=\"width: 200px; height: auto;\"><!-- [et_pb_line_break_holder] -->                <\/td><!-- [et_pb_line_break_holder] -->                <td style=\"border: 1px solid #AAA7A7; width: 220px;\"><!-- [et_pb_line_break_holder] -->                    <img decoding=\"async\" src=\"https:\/\/leselop.usn.no\/wp-content\/uploads\/2025\/02\/hvit.png\" alt=\"Bilde 23\" style=\"width: 200px; height: auto;\"><!-- [et_pb_line_break_holder] -->                <\/td><!-- [et_pb_line_break_holder] -->                <td style=\"border: 1px solid #AAA7A7; width: 220px;\"><!-- [et_pb_line_break_holder] -->                    <img decoding=\"async\" src=\"https:\/\/leselop.usn.no\/wp-content\/uploads\/2025\/02\/notat-samtale-16.jpg\" alt=\"Bilde 24\" style=\"width: 200px; height: auto;\"><!-- [et_pb_line_break_holder] -->                <\/td><!-- [et_pb_line_break_holder] -->                <td style=\"border: 1px solid #AAA7A7; width: 220px;\"><!-- [et_pb_line_break_holder] -->                    <img decoding=\"async\" src=\"https:\/\/leselop.usn.no\/wp-content\/uploads\/2025\/02\/notat-samtale-17-1.png\" alt=\"Bilde 25\" style=\"width: 200px; height: auto;\"><!-- [et_pb_line_break_holder] -->                <\/td><!-- [et_pb_line_break_holder] -->            <\/tr><!-- [et_pb_line_break_holder] -->          <!-- [et_pb_line_break_holder] -->                                <tr><!-- [et_pb_line_break_holder] -->                <td style=\"border: 1px solid #AAA7A7; width: 220px;\"><!-- [et_pb_line_break_holder] -->                    <img decoding=\"async\" src=\"https:\/\/leselop.usn.no\/wp-content\/uploads\/2025\/02\/notat-samtale-18-1.png\" alt=\"Bilde 26\" style=\"width: 200px; height: auto;\"><!-- [et_pb_line_break_holder] -->                <\/td><!-- [et_pb_line_break_holder] -->                <td style=\"border: 1px solid #AAA7A7; width: 220px;\"><!-- [et_pb_line_break_holder] -->                    <img decoding=\"async\" src=\"https:\/\/leselop.usn.no\/wp-content\/uploads\/2025\/02\/notat-samtale-19.png\" alt=\"Bilde 27\" style=\"width: 200px; height: auto;\"><!-- [et_pb_line_break_holder] -->                <\/td><!-- [et_pb_line_break_holder] -->                <td style=\"border: 1px solid #AAA7A7; width: 220px;\"><!-- [et_pb_line_break_holder] -->                    <img decoding=\"async\" src=\"https:\/\/leselop.usn.no\/wp-content\/uploads\/2025\/02\/hvit.png\" alt=\"Bilde 28\" style=\"width: 200px; height: auto;\"><!-- [et_pb_line_break_holder] -->                <\/td><!-- [et_pb_line_break_holder] -->                <td style=\"border: 1px solid #AAA7A7; width: 220px;\"><!-- [et_pb_line_break_holder] -->                    <img decoding=\"async\" src=\"https:\/\/leselop.usn.no\/wp-content\/uploads\/2025\/02\/notat-samtale-20.png\" alt=\"Bilde 29\" style=\"width: 200px; height: auto;\"><!-- [et_pb_line_break_holder] -->                <\/td><!-- [et_pb_line_break_holder] -->                <td style=\"border: 1px solid #AAA7A7; width: 220px;\"><!-- [et_pb_line_break_holder] -->                    <img decoding=\"async\" src=\"https:\/\/leselop.usn.no\/wp-content\/uploads\/2025\/02\/hvit.png\" alt=\"Bilde 30\" style=\"width: 200px; height: auto;\"><!-- [et_pb_line_break_holder] -->                <\/td><!-- [et_pb_line_break_holder] -->            <\/tr><!-- [et_pb_line_break_holder] -->        <\/tbody><!-- [et_pb_line_break_holder] -->    <\/table><!-- [et_pb_line_break_holder] --><\/div><!-- [et_pb_line_break_holder] -->[\/et_pb_code][et_pb_image src=&#8221;https:\/\/leselop.usn.no\/wp-content\/uploads\/2025\/02\/tabell-notat-samtale-1.png&#8221; title_text=&#8221;tabell notat samtale-1&#8243; disabled_on=&#8221;off|off|on&#8221; _builder_version=&#8221;4.27.4&#8243; _module_preset=&#8221;default&#8221; custom_margin=&#8221;||0px||false|false&#8221; global_colors_info=&#8221;{}&#8221;][\/et_pb_image][et_pb_image src=&#8221;https:\/\/leselop.usn.no\/wp-content\/uploads\/2025\/02\/tabell-notat-samtale-2.png&#8221; title_text=&#8221;tabell notat samtale 2&#8243; disabled_on=&#8221;off|off|on&#8221; _builder_version=&#8221;4.27.4&#8243; _module_preset=&#8221;default&#8221; global_colors_info=&#8221;{}&#8221;][\/et_pb_image][\/et_pb_column][\/et_pb_row][et_pb_row _builder_version=&#8221;4.21.0&#8243; _module_preset=&#8221;default&#8221; max_width=&#8221;850px&#8221; module_alignment=&#8221;center&#8221; custom_css_main_element=&#8221;display:flex;||justify-content: center;&#8221; global_colors_info=&#8221;{}&#8221;][et_pb_column type=&#8221;4_4&#8243; _builder_version=&#8221;4.21.0&#8243; _module_preset=&#8221;default&#8221; global_colors_info=&#8221;{}&#8221;][et_pb_code _builder_version=&#8221;4.21.0&#8243; _module_preset=&#8221;default&#8221; text_orientation=&#8221;center&#8221; text_orientation_tablet=&#8221;center&#8221; text_orientation_phone=&#8221;center&#8221; text_orientation_last_edited=&#8221;on|desktop&#8221; global_colors_info=&#8221;{}&#8221;]<button id=\"backButton\" style=\"<!-- [et_pb_line_break_holder] -->background: #8dcfb7; <!-- [et_pb_line_break_holder] -->border-radius: 10px; <!-- [et_pb_line_break_holder] -->width: 100px; <!-- [et_pb_line_break_holder] -->height: 40px; <!-- [et_pb_line_break_holder] -->border: none; <!-- [et_pb_line_break_holder] -->font-size: 18px;<!-- [et_pb_line_break_holder] -->color: #000000; <!-- [et_pb_line_break_holder] -->transform: uppercase;&#8221; <!-- [et_pb_line_break_holder] -->onmouseover=&#8221;this.style.backgroundColor=&#8217;#5a5e5e&#8217;; this.style.color=&#8217;#ffffff&#8217;;&#8221;<!-- [et_pb_line_break_holder] -->onmouseout=&#8221;this.style.backgroundColor=&#8217;#8dcfb7&#8242;; this.style.color=&#8217;#000000&#8242;;&#8221; <!-- [et_pb_line_break_holder] -->onclick=&#8221;myFunction()&#8221;>Tilbake<\/button><!-- [et_pb_line_break_holder] --><!-- [et_pb_line_break_holder] --><script><!-- [et_pb_line_break_holder] -->document.addEventListener('DOMContentLoaded', function() {<!-- [et_pb_line_break_holder] -->  var backButton = document.getElementById('backButton'); <!-- [et_pb_line_break_holder] -->  <!-- [et_pb_line_break_holder] -->  if (backButton) {<!-- [et_pb_line_break_holder] -->    backButton.addEventListener('click', function() {<!-- [et_pb_line_break_holder] -->      window.history.back();<!-- [et_pb_line_break_holder] -->    });<!-- [et_pb_line_break_holder] -->  }<!-- [et_pb_line_break_holder] -->});<!-- [et_pb_line_break_holder] --><\/script><!-- [et_pb_line_break_holder] -->[\/et_pb_code][\/et_pb_column][\/et_pb_row][\/et_pb_section]\n","protected":false},"excerpt":{"rendered":"<p>Eksempel p\u00e5 elevtekster Forberedelse til gruppesamtale, skriv notater her. N\u00e5r du etterp\u00e5 skal snakke om dette i gruppa, er det viktig at alle p\u00e5 gruppa deler sine tanker og svar.<\/p>\n","protected":false},"author":10,"featured_media":0,"parent":0,"menu_order":0,"comment_status":"closed","ping_status":"closed","template":"","meta":{"_et_pb_use_builder":"on","_et_pb_old_content":"","_et_gb_content_width":"","footnotes":""},"trinn":[],"fag":[],"class_list":["post-6268","page","type-page","status-publish","hentry"],"_links":{"self":[{"href":"https:\/\/leselop.usn.no\/index.php?rest_route=\/wp\/v2\/pages\/6268","targetHints":{"allow":["GET"]}}],"collection":[{"href":"https:\/\/leselop.usn.no\/index.php?rest_route=\/wp\/v2\/pages"}],"about":[{"href":"https:\/\/leselop.usn.no\/index.php?rest_route=\/wp\/v2\/types\/page"}],"author":[{"embeddable":true,"href":"https:\/\/leselop.usn.no\/index.php?rest_route=\/wp\/v2\/users\/10"}],"replies":[{"embeddable":true,"href":"https:\/\/leselop.usn.no\/index.php?rest_route=%2Fwp%2Fv2%2Fcomments&post=6268"}],"version-history":[{"count":16,"href":"https:\/\/leselop.usn.no\/index.php?rest_route=\/wp\/v2\/pages\/6268\/revisions"}],"predecessor-version":[{"id":9956,"href":"https:\/\/leselop.usn.no\/index.php?rest_route=\/wp\/v2\/pages\/6268\/revisions\/9956"}],"wp:attachment":[{"href":"https:\/\/leselop.usn.no\/index.php?rest_route=%2Fwp%2Fv2%2Fmedia&parent=6268"}],"wp:term":[{"taxonomy":"trinn","embeddable":true,"href":"https:\/\/leselop.usn.no\/index.php?rest_route=%2Fwp%2Fv2%2Ftrinn&post=6268"},{"taxonomy":"fag","embeddable":true,"href":"https:\/\/leselop.usn.no\/index.php?rest_route=%2Fwp%2Fv2%2Ffag&post=6268"}],"curies":[{"name":"wp","href":"https:\/\/api.w.org\/{rel}","templated":true}]}}