{"id":6263,"date":"2025-02-13T09:04:51","date_gmt":"2025-02-13T08:04:51","guid":{"rendered":"https:\/\/leselop.usn.no\/?page_id=6263"},"modified":"2025-08-07T08:51:20","modified_gmt":"2025-08-07T06:51:20","slug":"leselop-11-aktivitet-2-oppgave-samtaleramme-med-apne-sporsmal-til-teksten","status":"publish","type":"page","link":"https:\/\/leselop.usn.no\/?page_id=6263","title":{"rendered":"11. Lesemilj\u00f8 &#8211; Aktivitet 3 &#8211; Oppgave: Samtaleramme med \u00e5pne sp\u00f8rsm\u00e5l til teksten"},"content":{"rendered":"\n[et_pb_section fb_built=&#8221;1&#8243; _builder_version=&#8221;4.21.0&#8243; _module_preset=&#8221;default&#8221; background_color=&#8221;#f4f4f4&#8243; custom_css_main_element=&#8221;min-height: 100vh;&#8221; da_disable_devices=&#8221;off|off|off&#8221; global_colors_info=&#8221;{}&#8221; da_is_popup=&#8221;off&#8221; da_exit_intent=&#8221;off&#8221; da_has_close=&#8221;on&#8221; da_alt_close=&#8221;off&#8221; da_dark_close=&#8221;off&#8221; da_not_modal=&#8221;on&#8221; da_is_singular=&#8221;off&#8221; da_with_loader=&#8221;off&#8221; da_has_shadow=&#8221;on&#8221;][et_pb_row column_structure=&#8221;1_4,3_4&#8243; use_custom_gutter=&#8221;on&#8221; gutter_width=&#8221;1&#8243; make_equal=&#8221;on&#8221; _builder_version=&#8221;4.27.4&#8243; _module_preset=&#8221;default&#8221; max_width=&#8221;850px&#8221; custom_css_main_element=&#8221;width:75% !important;&#8221; global_colors_info=&#8221;{}&#8221;][et_pb_column type=&#8221;1_4&#8243; _builder_version=&#8221;4.21.0&#8243; _module_preset=&#8221;default&#8221; custom_css_main_element=&#8221;width:12% !important;&#8221; global_colors_info=&#8221;{}&#8221; custom_css_main_element_last_edited=&#8221;on|phone&#8221; custom_css_main_element_tablet=&#8221;width:18% !important;&#8221; custom_css_main_element_phone=&#8221;width:30% !important;&#8221;][et_pb_image src=&#8221;https:\/\/leselop.usn.no\/wp-content\/uploads\/2025\/06\/Leselop-skrive-green.png&#8221; title_text=&#8221;Leselop-skrive-green&#8221; src_tablet=&#8221;https:\/\/leselop.usn.no\/wp-content\/uploads\/2025\/06\/Leselop-skrive-green.png&#8221; src_phone=&#8221;https:\/\/leselop.usn.no\/wp-content\/uploads\/2025\/06\/Leselop-skrive-green.png&#8221; src_last_edited=&#8221;on|phone&#8221; _builder_version=&#8221;4.27.4&#8243; _module_preset=&#8221;default&#8221; hover_enabled=&#8221;0&#8243; global_colors_info=&#8221;{}&#8221; sticky_enabled=&#8221;0&#8243;][\/et_pb_image][\/et_pb_column][et_pb_column type=&#8221;3_4&#8243; _builder_version=&#8221;4.27.4&#8243; _module_preset=&#8221;default&#8221; custom_css_main_element=&#8221;width:88% !important;||margin: auto;||padding-left: 30px;&#8221; global_colors_info=&#8221;{}&#8221; custom_css_main_element_last_edited=&#8221;on|phone&#8221; custom_css_main_element_tablet=&#8221;width:82% !important;||padding-left: 25px;||padding-top:32px&#8221; custom_css_main_element_phone=&#8221;width:70% !important;||padding-left: 15px;||padding-top:28px&#8221;][et_pb_text content_tablet=&#8221;<h1><span>Oppgave<\/span><\/h1>&#8221; content_phone=&#8221;<h3><span>Oppgave<\/span><span><\/span><\/h3>&#8221; content_last_edited=&#8221;on|phone&#8221; _builder_version=&#8221;4.27.4&#8243; _module_preset=&#8221;default&#8221; hover_enabled=&#8221;0&#8243; global_colors_info=&#8221;{}&#8221; custom_css_main_element_last_edited=&#8221;on|phone&#8221; sticky_enabled=&#8221;0&#8243;]<h1><span>Oppgave<\/span><\/h1>[\/et_pb_text][\/et_pb_column][\/et_pb_row][et_pb_row custom_padding_last_edited=&#8221;on|phone&#8221; _builder_version=&#8221;4.27.4&#8243; _module_preset=&#8221;default&#8221; background_color=&#8221;#ffffff&#8221; background_enable_image=&#8221;off&#8221; max_width=&#8221;850px&#8221; max_width_tablet=&#8221;850px&#8221; max_width_phone=&#8221;850px&#8221; max_width_last_edited=&#8221;on|desktop&#8221; custom_padding=&#8221;60px|70px|60px|70px|false|false&#8221; custom_padding_tablet=&#8221;50px|55px|40px|55px|false|false&#8221; custom_padding_phone=&#8221;45px|45px|40px|45px|false|false&#8221; background_last_edited=&#8221;on|tablet&#8221; background_enable_image_phone=&#8221;off&#8221; border_radii=&#8221;on|30px|30px|30px|30px&#8221; border_style_all=&#8221;dotted&#8221; global_colors_info=&#8221;{}&#8221; custom_css_main_element_last_edited=&#8221;on|phone&#8221; custom_css_main_element_tablet=&#8221;||&#8221; custom_css_main_element_phone=&#8221;||&#8221;][et_pb_column type=&#8221;4_4&#8243; _builder_version=&#8221;4.27.4&#8243; _module_preset=&#8221;default&#8221; background_color=&#8221;RGBA(255,255,255,0)&#8221; background_enable_image=&#8221;off&#8221; global_colors_info=&#8221;{}&#8221;][et_pb_text content_tablet=&#8221;<h3><span>Samtaleramme med \u00e5pne sp\u00f8rsm\u00e5l til teksten <\/span><\/h3>&#8221; content_phone=&#8221;<h4><span>Samtaleramme med \u00e5pne <\/span><\/h4>\n<h4><span>sp\u00f8rsm\u00e5l til teksten <\/span><\/h4>&#8221; content_last_edited=&#8221;on|phone&#8221; _builder_version=&#8221;4.27.4&#8243; _module_preset=&#8221;default&#8221; global_colors_info=&#8221;{}&#8221;]<h3><span>Samtaleramme med \u00e5pne sp\u00f8rsm\u00e5l til teksten <\/span><\/h3>[\/et_pb_text][et_pb_text content_tablet=&#8221;<p><span>Sp\u00f8rsm\u00e5lene til gruppesamtale 1 tar utgangspunkt i sp\u00f8rsm\u00e5l i det Jenny Edvardsson kaller en leseprotokoll, slik det st\u00e5r beskrevet i Edvardsson, J. (2023). <\/span><span>\u00abMan f\u00f6rst\u00e5r b\u00e4ttre n\u00e4r man f\u00e5r tala om det man l\u00e4st\u00bb. Om litteraturundervisning p\u00e5 h\u00f6gstadiet (ungdomsskolen) og gymnasiet, i <em>Norskl\u00e6reren, <\/em>2023: 1.<\/span><\/p>\n<p><a href=%22https:\/\/leselop.usn.no\/wp-content\/uploads\/2025\/02\/VEDLEGG-2-gruppesamtale-1-apne-innganger-etter-edvardsson.docx%22><span>Last ned word-dokument<\/span><\/a><\/p>&#8221; content_phone=&#8221;<p><span>Sp\u00f8rsm\u00e5lene til gruppesamtale 1 tar utgangspunkt i sp\u00f8rsm\u00e5l i det Jenny Edvardsson kaller en leseprotokoll, slik det st\u00e5r beskrevet i Edvardsson, J. (2023). <\/span><span>\u00abMan f\u00f6rst\u00e5r b\u00e4ttre n\u00e4r man f\u00e5r tala om det man l\u00e4st\u00bb. <\/span><\/p>\n<p><span>Om litteraturundervisning p\u00e5 h\u00f6gstadiet (ungdomsskolen) og gymnasiet, i <em>Norskl\u00e6reren, <\/em>2023: 1.<\/span><\/p>\n<p><a href=%22https:\/\/leselop.usn.no\/wp-content\/uploads\/2025\/02\/VEDLEGG-2-gruppesamtale-1-apne-innganger-etter-edvardsson.docx%22><span>Last ned word-dokument<\/span><\/a><\/p>&#8221; content_last_edited=&#8221;on|phone&#8221; _builder_version=&#8221;4.27.4&#8243; _module_preset=&#8221;default&#8221; text_font_size=&#8221;17px&#8221; text_line_height=&#8221;1.8em&#8221; custom_margin=&#8221;||||false|false&#8221; custom_margin_tablet=&#8221;||||false|false&#8221; custom_margin_phone=&#8221;||||false|false&#8221; custom_margin_last_edited=&#8221;on|tablet&#8221; text_line_height_tablet=&#8221;1.8em&#8221; text_line_height_phone=&#8221;1.5em&#8221; text_line_height_last_edited=&#8221;on|desktop&#8221; locked=&#8221;off&#8221; global_colors_info=&#8221;{}&#8221;]<p><span>Sp\u00f8rsm\u00e5lene til gruppesamtale 1 tar utgangspunkt i sp\u00f8rsm\u00e5l i det Jenny Edvardsson kaller en leseprotokoll, slik det st\u00e5r beskrevet i Edvardsson, J. (2023). <\/span><span>\u00abMan f\u00f6rst\u00e5r b\u00e4ttre n\u00e4r man f\u00e5r tala om det man l\u00e4st\u00bb. Om litteraturundervisning p\u00e5 h\u00f6gstadiet (ungdomsskolen) og gymnasiet, i <em>Norskl\u00e6reren, <\/em>2023: 1.<\/span><\/p>\n<p><a href=\"https:\/\/leselop.usn.no\/wp-content\/uploads\/2025\/02\/VEDLEGG-2-gruppesamtale-1-apne-innganger-etter-edvardsson.docx\"><span>Last ned word-dokument<\/span><\/a><\/p>[\/et_pb_text][\/et_pb_column][\/et_pb_row][et_pb_row _builder_version=&#8221;4.21.0&#8243; _module_preset=&#8221;default&#8221; max_width=&#8221;850px&#8221; module_alignment=&#8221;center&#8221; custom_css_main_element=&#8221;display:flex;||justify-content: center;&#8221; global_colors_info=&#8221;{}&#8221;][et_pb_column type=&#8221;4_4&#8243; _builder_version=&#8221;4.21.0&#8243; _module_preset=&#8221;default&#8221; global_colors_info=&#8221;{}&#8221;][et_pb_code _builder_version=&#8221;4.21.0&#8243; _module_preset=&#8221;default&#8221; text_orientation=&#8221;center&#8221; text_orientation_tablet=&#8221;center&#8221; text_orientation_phone=&#8221;center&#8221; text_orientation_last_edited=&#8221;on|desktop&#8221; global_colors_info=&#8221;{}&#8221;]<button id=\"backButton\" style=\"<!-- [et_pb_line_break_holder] -->background: #8dcfb7; <!-- [et_pb_line_break_holder] -->border-radius: 10px; <!-- [et_pb_line_break_holder] -->width: 100px; <!-- [et_pb_line_break_holder] -->height: 40px; <!-- [et_pb_line_break_holder] -->border: none; <!-- [et_pb_line_break_holder] -->font-size: 18px;<!-- [et_pb_line_break_holder] -->color: #000000; <!-- [et_pb_line_break_holder] -->transform: uppercase;&#8221; <!-- [et_pb_line_break_holder] -->onmouseover=&#8221;this.style.backgroundColor=&#8217;#5a5e5e&#8217;; this.style.color=&#8217;#ffffff&#8217;;&#8221;<!-- [et_pb_line_break_holder] -->onmouseout=&#8221;this.style.backgroundColor=&#8217;#8dcfb7&#8242;; this.style.color=&#8217;#000000&#8242;;&#8221; <!-- [et_pb_line_break_holder] -->onclick=&#8221;myFunction()&#8221;>Tilbake<\/button><!-- [et_pb_line_break_holder] --><!-- [et_pb_line_break_holder] --><script><!-- [et_pb_line_break_holder] -->document.addEventListener('DOMContentLoaded', function() {<!-- [et_pb_line_break_holder] -->  var backButton = document.getElementById('backButton'); <!-- [et_pb_line_break_holder] -->  <!-- [et_pb_line_break_holder] -->  if (backButton) {<!-- [et_pb_line_break_holder] -->    backButton.addEventListener('click', function() {<!-- [et_pb_line_break_holder] -->      window.history.back();<!-- [et_pb_line_break_holder] -->    });<!-- [et_pb_line_break_holder] -->  }<!-- [et_pb_line_break_holder] -->});<!-- [et_pb_line_break_holder] --><\/script><!-- [et_pb_line_break_holder] -->[\/et_pb_code][\/et_pb_column][\/et_pb_row][\/et_pb_section]\n","protected":false},"excerpt":{"rendered":"<p>OppgaveSamtaleramme med \u00e5pne sp\u00f8rsm\u00e5l til teksten Sp\u00f8rsm\u00e5lene til gruppesamtale 1 tar utgangspunkt i sp\u00f8rsm\u00e5l i det Jenny Edvardsson kaller en leseprotokoll, slik det st\u00e5r beskrevet i Edvardsson, J. (2023). \u00abMan f\u00f6rst\u00e5r b\u00e4ttre n\u00e4r man f\u00e5r tala om det man l\u00e4st\u00bb. Om litteraturundervisning p\u00e5 h\u00f6gstadiet (ungdomsskolen) og gymnasiet, i Norskl\u00e6reren, 2023: 1. Last ned word-dokument<\/p>\n","protected":false},"author":10,"featured_media":0,"parent":0,"menu_order":0,"comment_status":"closed","ping_status":"closed","template":"","meta":{"_et_pb_use_builder":"on","_et_pb_old_content":"","_et_gb_content_width":"","footnotes":""},"trinn":[],"fag":[],"class_list":["post-6263","page","type-page","status-publish","hentry"],"_links":{"self":[{"href":"https:\/\/leselop.usn.no\/index.php?rest_route=\/wp\/v2\/pages\/6263","targetHints":{"allow":["GET"]}}],"collection":[{"href":"https:\/\/leselop.usn.no\/index.php?rest_route=\/wp\/v2\/pages"}],"about":[{"href":"https:\/\/leselop.usn.no\/index.php?rest_route=\/wp\/v2\/types\/page"}],"author":[{"embeddable":true,"href":"https:\/\/leselop.usn.no\/index.php?rest_route=\/wp\/v2\/users\/10"}],"replies":[{"embeddable":true,"href":"https:\/\/leselop.usn.no\/index.php?rest_route=%2Fwp%2Fv2%2Fcomments&post=6263"}],"version-history":[{"count":5,"href":"https:\/\/leselop.usn.no\/index.php?rest_route=\/wp\/v2\/pages\/6263\/revisions"}],"predecessor-version":[{"id":9955,"href":"https:\/\/leselop.usn.no\/index.php?rest_route=\/wp\/v2\/pages\/6263\/revisions\/9955"}],"wp:attachment":[{"href":"https:\/\/leselop.usn.no\/index.php?rest_route=%2Fwp%2Fv2%2Fmedia&parent=6263"}],"wp:term":[{"taxonomy":"trinn","embeddable":true,"href":"https:\/\/leselop.usn.no\/index.php?rest_route=%2Fwp%2Fv2%2Ftrinn&post=6263"},{"taxonomy":"fag","embeddable":true,"href":"https:\/\/leselop.usn.no\/index.php?rest_route=%2Fwp%2Fv2%2Ffag&post=6263"}],"curies":[{"name":"wp","href":"https:\/\/api.w.org\/{rel}","templated":true}]}}