{"id":6157,"date":"2025-02-12T11:18:02","date_gmt":"2025-02-12T10:18:02","guid":{"rendered":"https:\/\/leselop.usn.no\/?page_id=6157"},"modified":"2025-08-07T08:40:53","modified_gmt":"2025-08-07T06:40:53","slug":"leselop-10-aktivitet-14-eksempel-pa-forsteutkast-av-elevtekst-3","status":"publish","type":"page","link":"https:\/\/leselop.usn.no\/?page_id=6157","title":{"rendered":"10. Minner og kilder &#8211; Aktivitet 14 &#8211; Eksempel p\u00e5 f\u00f8rsteutkast av elevtekst &#8211; 3"},"content":{"rendered":"\n[et_pb_section fb_built=&#8221;1&#8243; _builder_version=&#8221;4.21.0&#8243; _module_preset=&#8221;default&#8221; background_color=&#8221;#f4f4f4&#8243; custom_css_main_element=&#8221;min-height: 100vh;&#8221; da_disable_devices=&#8221;off|off|off&#8221; global_colors_info=&#8221;{}&#8221; da_is_popup=&#8221;off&#8221; da_exit_intent=&#8221;off&#8221; da_has_close=&#8221;on&#8221; da_alt_close=&#8221;off&#8221; da_dark_close=&#8221;off&#8221; da_not_modal=&#8221;on&#8221; da_is_singular=&#8221;off&#8221; da_with_loader=&#8221;off&#8221; da_has_shadow=&#8221;on&#8221;][et_pb_row column_structure=&#8221;1_4,3_4&#8243; use_custom_gutter=&#8221;on&#8221; gutter_width=&#8221;1&#8243; make_equal=&#8221;on&#8221; _builder_version=&#8221;4.27.4&#8243; _module_preset=&#8221;default&#8221; max_width=&#8221;850px&#8221; custom_css_main_element=&#8221;width:75% !important;&#8221; global_colors_info=&#8221;{}&#8221;][et_pb_column type=&#8221;1_4&#8243; _builder_version=&#8221;4.21.0&#8243; _module_preset=&#8221;default&#8221; custom_css_main_element=&#8221;width:12% !important;&#8221; global_colors_info=&#8221;{}&#8221; custom_css_main_element_last_edited=&#8221;on|phone&#8221; custom_css_main_element_tablet=&#8221;width:18% !important;&#8221; custom_css_main_element_phone=&#8221;width:30% !important;&#8221;][et_pb_image src=&#8221;https:\/\/leselop.usn.no\/wp-content\/uploads\/2025\/06\/Leselop-clapboard-green.png&#8221; title_text=&#8221;Leselop-clapboard-green&#8221; src_tablet=&#8221;https:\/\/leselop.usn.no\/wp-content\/uploads\/2025\/06\/Leselop-clapboard-green.png&#8221; src_phone=&#8221;https:\/\/leselop.usn.no\/wp-content\/uploads\/2025\/06\/Leselop-clapboard-green.png&#8221; src_last_edited=&#8221;on|phone&#8221; _builder_version=&#8221;4.27.4&#8243; _module_preset=&#8221;default&#8221; global_colors_info=&#8221;{}&#8221;][\/et_pb_image][\/et_pb_column][et_pb_column type=&#8221;3_4&#8243; _builder_version=&#8221;4.27.4&#8243; _module_preset=&#8221;default&#8221; custom_css_main_element=&#8221;width:88% !important;||margin: auto;||padding-left: 30px;&#8221; global_colors_info=&#8221;{}&#8221; custom_css_main_element_last_edited=&#8221;on|phone&#8221; custom_css_main_element_tablet=&#8221;width:82% !important;||padding-left: 25px;||padding-top:12px&#8221; custom_css_main_element_phone=&#8221;width:70% !important;||padding-left: 15px;||padding-top:5px&#8221;][et_pb_text content_tablet=&#8221;<h1>Eksempel p\u00e5 f\u00f8rsteutkast<\/h1>\n<h1>av elevtekst<\/h1>&#8221; content_phone=&#8221;<h4>Eksempel p\u00e5<\/h4>\n<h4>f\u00f8rsteutkast<\/h4>\n<h4>av elevtekst<\/h4>&#8221; content_last_edited=&#8221;on|phone&#8221; _builder_version=&#8221;4.27.4&#8243; _module_preset=&#8221;default&#8221; hover_enabled=&#8221;0&#8243; global_colors_info=&#8221;{}&#8221; custom_css_main_element_last_edited=&#8221;on|tablet&#8221; sticky_enabled=&#8221;0&#8243; header_4_line_height_last_edited=&#8221;on|phone&#8221; header_4_line_height_phone=&#8221;0.9em&#8221;]<h1>Eksempel p\u00e5 f\u00f8rsteutkast av elevtekst<\/h1>[\/et_pb_text][\/et_pb_column][\/et_pb_row][et_pb_row custom_padding_last_edited=&#8221;on|phone&#8221; _builder_version=&#8221;4.27.4&#8243; _module_preset=&#8221;default&#8221; background_color=&#8221;#ffffff&#8221; max_width=&#8221;850px&#8221; max_width_tablet=&#8221;850px&#8221; max_width_phone=&#8221;850px&#8221; max_width_last_edited=&#8221;on|desktop&#8221; custom_margin=&#8221;||||false|false&#8221; custom_padding=&#8221;60px|60px|60px|60px|false|false&#8221; custom_padding_tablet=&#8221;50px|55px|50px|55px|false|false&#8221; custom_padding_phone=&#8221;45px|35px|30px|35px|false|false&#8221; border_radii=&#8221;on|30px|30px|30px|30px&#8221; border_color_all=&#8221;#82C8AE&#8221; global_colors_info=&#8221;{}&#8221;][et_pb_column type=&#8221;4_4&#8243; _builder_version=&#8221;4.27.4&#8243; _module_preset=&#8221;default&#8221; global_colors_info=&#8221;{}&#8221;][et_pb_text content_tablet=&#8221;<h3>Skriveoppdrag 3<\/h3>&#8221; content_phone=&#8221;<h4>Skriveoppdrag 3<\/h4>\n<ul><\/ul>&#8221; content_last_edited=&#8221;on|phone&#8221; _builder_version=&#8221;4.27.4&#8243; _module_preset=&#8221;default&#8221; text_font_size=&#8221;16px&#8221; text_line_height=&#8221;1.8em&#8221; background_color=&#8221;RGBA(255,255,255,0)&#8221; custom_margin=&#8221;||10px||false|false&#8221; custom_margin_tablet=&#8221;||5px||false|false&#8221; custom_margin_phone=&#8221;||5px||false|false&#8221; custom_margin_last_edited=&#8221;on|phone&#8221; custom_padding=&#8221;10px|20px|10px|20px|false|false&#8221; text_line_height_tablet=&#8221;1.8em&#8221; text_line_height_phone=&#8221;1.5em&#8221; text_line_height_last_edited=&#8221;on|desktop&#8221; locked=&#8221;off&#8221; global_colors_info=&#8221;{}&#8221;]<h3>Skriveoppdrag 3<\/h3>[\/et_pb_text][et_pb_text content_tablet=&#8221;<p>Det hadde v\u00e6rt helt stille en stund. Ingen sa noe. Det hadde g\u00e5tt enda noen timer siden noen v\u00e5gde \u00e5 si noe. Lukten av svette menn og urin innestengt med oss. Flere som lurer p\u00e5 n\u00e5r vi kan f\u00e5 litt br\u00f8d for \u00e5 f\u00e5 ned sulten. Plutselig begynte de polske fangene \u00e5 snakke litt mellom seg, det virket nesten som om de vurderte noe. \u00d8ynene til resten av fangene ble stilt inn p\u00e5 dem. S\u00e5 etter en stund hadde de stoppet \u00e5 diskutere, de reiste seg og s\u00e5 p\u00e5 resten av oss.<\/p>\n<p>En av dem rakte ut armen sin og hjalp en av de sovjetiske fangene opp. S\u00e5 sa han %22Noen sanger fra hjemlandet%22 p\u00e5 engelsk, han n\u00f8lte litt f\u00f8r han fortsatte. %22for \u00e5 f\u00e5 opp hum\u00f8ret litt.%22 Resten av de polske fangene smilte og s\u00e5 seg omkring for \u00e5 se hva reaksjonen til resten var. Vi s\u00e5 p\u00e5 hverandre og begynte \u00e5 smile vi satt oss i en type ring rundt dem slik at vi kunne h\u00f8re sangen dems. De polske fangene gjorde seg klare, det ble nok en gang helt stille der vi satt, men ikke den samme stillheten som i stand. Nei. Denne gangen var det en komfortabel stillhet. Noe vi ikke hadde hatt siden vi kom om bord p\u00e5 Rigel.<\/p>\n<p>Sangen begynte og det var som om alle sine \u00f8yne lyste opp. Lukten av svette menn og urin var fort glemt der vi satt og h\u00f8rte p\u00e5 melodien. Det var som om for noen minutter alle sammen kunne glemme alt det som skjedde \u00e5 bare kose oss. Sulten var glemt og flere av oss pr\u00f8ve \u00e5 nynne med sangen. Blandingen av nynning og sang passet kanskje ikke, men ingen brydde seg. Vi kunne endelig bare v\u00e6re sammen som en gjeng kamerater. De sang om og om igjen, flere av oss begynte til og med \u00e5 synge med dem. Vi kunne ikke forst\u00e5 hva som ble sunget, likevel kunne vi forst\u00e5 alle f\u00f8lelsene som var bak ordene. Tiden hadde stoppet. Et minne som ingen komme til \u00e5 glemme ble lagd. Fanger fra ulike land sammen. Smaken av frihet var nesten der. Jeg tror nesten at det var da de fleste f\u00f8lte seg n\u00e6rme fri om bord p\u00e5 Rigel.<\/p>\n<p>Sangstunden endte snart, likevel var ikke smilene borte. Et type b\u00e5nd hadde blitt laget mellom alle fangene. Alle sammen satte seg til \u00e5 snakke, den stillheten vi hatet hadde blitt borte og blitt bytte ut med livlig snakking mellom hverandre. Fanger fra forskjellige land snakket og ledde sammen. Det ble snakk om en fast tid vi kunne bruke til \u00e5 synge sammen. Fra n\u00e5 av skulle hver kveld bli brukt til sang og hygge. For f\u00f8rste gang var det noe \u00e5 glede seg til p\u00e5 Rigel.<\/p>&#8221; content_phone=&#8221;<p>Det hadde v\u00e6rt helt stille en stund. Ingen sa noe. Det hadde g\u00e5tt enda noen timer siden noen v\u00e5gde \u00e5 si noe. Lukten av svette menn og urin innestengt med oss. Flere som lurer p\u00e5 n\u00e5r vi kan f\u00e5 litt br\u00f8d for \u00e5 f\u00e5 ned sulten. Plutselig begynte de polske fangene \u00e5 snakke litt mellom seg, det virket nesten som om de vurderte noe. \u00d8ynene til resten av fangene ble stilt inn p\u00e5 dem. S\u00e5 etter en stund hadde de stoppet \u00e5 diskutere, de reiste seg og s\u00e5 p\u00e5 resten av oss.<\/p>\n<p>En av dem rakte ut armen sin og hjalp en av de sovjetiske fangene opp. S\u00e5 sa han %22Noen sanger fra hjemlandet%22 p\u00e5 engelsk, han n\u00f8lte litt f\u00f8r han fortsatte. %22for \u00e5 f\u00e5 opp hum\u00f8ret litt.%22 Resten av de polske fangene smilte og s\u00e5 seg omkring for \u00e5 se hva reaksjonen til resten var. Vi s\u00e5 p\u00e5 hverandre og begynte \u00e5 smile vi satt oss i en type ring rundt dem slik at vi kunne h\u00f8re sangen dems. De polske fangene gjorde seg klare, det ble nok en gang helt stille der vi satt, men ikke den samme stillheten som i stand. Nei. Denne gangen var det en komfortabel stillhet. Noe vi ikke hadde hatt siden vi kom om bord p\u00e5 Rigel.<\/p>\n<p>Sangen begynte og det var som om alle sine \u00f8yne lyste opp. Lukten av svette menn og urin var fort glemt der vi satt og h\u00f8rte p\u00e5 melodien. Det var som om for noen minutter alle sammen kunne glemme alt det som skjedde \u00e5 bare kose oss. Sulten var glemt og flere av oss pr\u00f8ve \u00e5 nynne med sangen. Blandingen av nynning og sang passet kanskje ikke, men ingen brydde seg. Vi kunne endelig bare v\u00e6re sammen som en gjeng kamerater. De sang om og om igjen, flere av oss begynte til og med \u00e5 synge med dem. Vi kunne ikke forst\u00e5 hva som ble sunget, likevel kunne vi forst\u00e5 alle f\u00f8lelsene som var bak ordene. Tiden hadde stoppet. Et minne som ingen komme til \u00e5 glemme ble lagd. Fanger fra ulike land sammen. Smaken av frihet var nesten der. Jeg tror nesten at det var da de fleste f\u00f8lte seg n\u00e6rme fri om bord p\u00e5 Rigel.<\/p>\n<p>Sangstunden endte snart, likevel var ikke smilene borte. Et type b\u00e5nd hadde blitt laget mellom alle fangene. Alle sammen satte seg til \u00e5 snakke, den stillheten vi hatet hadde blitt borte og blitt bytte ut med livlig snakking mellom hverandre. Fanger fra forskjellige land snakket og ledde sammen. Det ble snakk om en fast tid vi kunne bruke til \u00e5 synge sammen. Fra n\u00e5 av skulle hver kveld bli brukt til sang og hygge. For f\u00f8rste gang var det noe \u00e5 glede seg til p\u00e5 Rigel.<\/p>&#8221; content_last_edited=&#8221;on|phone&#8221; _builder_version=&#8221;4.27.4&#8243; _module_preset=&#8221;default&#8221; text_font_size=&#8221;17px&#8221; text_line_height=&#8221;1.8em&#8221; background_color=&#8221;RGBA(255,255,255,0)&#8221; custom_margin=&#8221;||||false|false&#8221; custom_margin_tablet=&#8221;||||false|false&#8221; custom_margin_phone=&#8221;||||false|false&#8221; custom_margin_last_edited=&#8221;on|phone&#8221; custom_padding=&#8221;10px|20px|10px|20px|false|false&#8221; text_line_height_tablet=&#8221;1.8em&#8221; text_line_height_phone=&#8221;1.5em&#8221; text_line_height_last_edited=&#8221;on|desktop&#8221; locked=&#8221;off&#8221; global_colors_info=&#8221;{}&#8221;]<p>Det hadde v\u00e6rt helt stille en stund. Ingen sa noe. Det hadde g\u00e5tt enda noen timer siden noen v\u00e5gde \u00e5 si noe. Lukten av svette menn og urin innestengt med oss. Flere som lurer p\u00e5 n\u00e5r vi kan f\u00e5 litt br\u00f8d for \u00e5 f\u00e5 ned sulten. Plutselig begynte de polske fangene \u00e5 snakke litt mellom seg, det virket nesten som om de vurderte noe. \u00d8ynene til resten av fangene ble stilt inn p\u00e5 dem. S\u00e5 etter en stund hadde de stoppet \u00e5 diskutere, de reiste seg og s\u00e5 p\u00e5 resten av oss.<\/p>\n<p>En av dem rakte ut armen sin og hjalp en av de sovjetiske fangene opp. S\u00e5 sa han &#8220;Noen sanger fra hjemlandet&#8221; p\u00e5 engelsk, han n\u00f8lte litt f\u00f8r han fortsatte. &#8220;for \u00e5 f\u00e5 opp hum\u00f8ret litt.&#8221; Resten av de polske fangene smilte og s\u00e5 seg omkring for \u00e5 se hva reaksjonen til resten var. Vi s\u00e5 p\u00e5 hverandre og begynte \u00e5 smile vi satt oss i en type ring rundt dem slik at vi kunne h\u00f8re sangen dems. De polske fangene gjorde seg klare, det ble nok en gang helt stille der vi satt, men ikke den samme stillheten som i stand. Nei. Denne gangen var det en komfortabel stillhet. Noe vi ikke hadde hatt siden vi kom om bord p\u00e5 Rigel.<\/p>\n<p>Sangen begynte og det var som om alle sine \u00f8yne lyste opp. Lukten av svette menn og urin var fort glemt der vi satt og h\u00f8rte p\u00e5 melodien. Det var som om for noen minutter alle sammen kunne glemme alt det som skjedde \u00e5 bare kose oss. Sulten var glemt og flere av oss pr\u00f8ve \u00e5 nynne med sangen. Blandingen av nynning og sang passet kanskje ikke, men ingen brydde seg. Vi kunne endelig bare v\u00e6re sammen som en gjeng kamerater. De sang om og om igjen, flere av oss begynte til og med \u00e5 synge med dem. Vi kunne ikke forst\u00e5 hva som ble sunget, likevel kunne vi forst\u00e5 alle f\u00f8lelsene som var bak ordene. Tiden hadde stoppet. Et minne som ingen komme til \u00e5 glemme ble lagd. Fanger fra ulike land sammen. Smaken av frihet var nesten der. Jeg tror nesten at det var da de fleste f\u00f8lte seg n\u00e6rme fri om bord p\u00e5 Rigel.<\/p>\n<p>Sangstunden endte snart, likevel var ikke smilene borte. Et type b\u00e5nd hadde blitt laget mellom alle fangene. Alle sammen satte seg til \u00e5 snakke, den stillheten vi hatet hadde blitt borte og blitt bytte ut med livlig snakking mellom hverandre. Fanger fra forskjellige land snakket og ledde sammen. Det ble snakk om en fast tid vi kunne bruke til \u00e5 synge sammen. Fra n\u00e5 av skulle hver kveld bli brukt til sang og hygge. For f\u00f8rste gang var det noe \u00e5 glede seg til p\u00e5 Rigel.<\/p>[\/et_pb_text][\/et_pb_column][\/et_pb_row][et_pb_row _builder_version=&#8221;4.21.0&#8243; _module_preset=&#8221;default&#8221; max_width=&#8221;850px&#8221; module_alignment=&#8221;center&#8221; custom_css_main_element=&#8221;display:flex;||justify-content: center;&#8221; global_colors_info=&#8221;{}&#8221;][et_pb_column type=&#8221;4_4&#8243; _builder_version=&#8221;4.21.0&#8243; _module_preset=&#8221;default&#8221; global_colors_info=&#8221;{}&#8221;][et_pb_code _builder_version=&#8221;4.21.0&#8243; _module_preset=&#8221;default&#8221; text_orientation=&#8221;center&#8221; text_orientation_tablet=&#8221;center&#8221; text_orientation_phone=&#8221;center&#8221; text_orientation_last_edited=&#8221;on|desktop&#8221; global_colors_info=&#8221;{}&#8221;]<button id=\"backButton\" style=\"<!-- [et_pb_line_break_holder] -->background: #8dcfb7; <!-- [et_pb_line_break_holder] -->border-radius: 10px; <!-- [et_pb_line_break_holder] -->width: 100px; <!-- [et_pb_line_break_holder] -->height: 40px; <!-- [et_pb_line_break_holder] -->border: none; <!-- [et_pb_line_break_holder] -->font-size: 18px;<!-- [et_pb_line_break_holder] -->color: #000000; <!-- [et_pb_line_break_holder] -->transform: uppercase;&#8221; <!-- [et_pb_line_break_holder] -->onmouseover=&#8221;this.style.backgroundColor=&#8217;#5a5e5e&#8217;; this.style.color=&#8217;#ffffff&#8217;;&#8221;<!-- [et_pb_line_break_holder] -->onmouseout=&#8221;this.style.backgroundColor=&#8217;#8dcfb7&#8242;; this.style.color=&#8217;#000000&#8242;;&#8221; <!-- [et_pb_line_break_holder] -->onclick=&#8221;myFunction()&#8221;>Tilbake<\/button><!-- [et_pb_line_break_holder] --><!-- [et_pb_line_break_holder] --><script><!-- [et_pb_line_break_holder] -->document.addEventListener('DOMContentLoaded', function() {<!-- [et_pb_line_break_holder] -->  var backButton = document.getElementById('backButton'); <!-- [et_pb_line_break_holder] -->  <!-- [et_pb_line_break_holder] -->  if (backButton) {<!-- [et_pb_line_break_holder] -->    backButton.addEventListener('click', function() {<!-- [et_pb_line_break_holder] -->      window.history.back();<!-- [et_pb_line_break_holder] -->    });<!-- [et_pb_line_break_holder] -->  }<!-- [et_pb_line_break_holder] -->});<!-- [et_pb_line_break_holder] --><\/script><!-- [et_pb_line_break_holder] -->[\/et_pb_code][\/et_pb_column][\/et_pb_row][\/et_pb_section]\n","protected":false},"excerpt":{"rendered":"<p>Eksempel p\u00e5 f\u00f8rsteutkast av elevtekstSkriveoppdrag 3Det hadde v\u00e6rt helt stille en stund. Ingen sa noe. Det hadde g\u00e5tt enda noen timer siden noen v\u00e5gde \u00e5 si noe. Lukten av svette menn og urin innestengt med oss. Flere som lurer p\u00e5 n\u00e5r vi kan f\u00e5 litt br\u00f8d for \u00e5 f\u00e5 ned sulten. Plutselig begynte de polske [&hellip;]<\/p>\n","protected":false},"author":10,"featured_media":0,"parent":0,"menu_order":0,"comment_status":"closed","ping_status":"closed","template":"","meta":{"_et_pb_use_builder":"on","_et_pb_old_content":"","_et_gb_content_width":"","footnotes":""},"trinn":[],"fag":[],"class_list":["post-6157","page","type-page","status-publish","hentry"],"_links":{"self":[{"href":"https:\/\/leselop.usn.no\/index.php?rest_route=\/wp\/v2\/pages\/6157","targetHints":{"allow":["GET"]}}],"collection":[{"href":"https:\/\/leselop.usn.no\/index.php?rest_route=\/wp\/v2\/pages"}],"about":[{"href":"https:\/\/leselop.usn.no\/index.php?rest_route=\/wp\/v2\/types\/page"}],"author":[{"embeddable":true,"href":"https:\/\/leselop.usn.no\/index.php?rest_route=\/wp\/v2\/users\/10"}],"replies":[{"embeddable":true,"href":"https:\/\/leselop.usn.no\/index.php?rest_route=%2Fwp%2Fv2%2Fcomments&post=6157"}],"version-history":[{"count":6,"href":"https:\/\/leselop.usn.no\/index.php?rest_route=\/wp\/v2\/pages\/6157\/revisions"}],"predecessor-version":[{"id":9931,"href":"https:\/\/leselop.usn.no\/index.php?rest_route=\/wp\/v2\/pages\/6157\/revisions\/9931"}],"wp:attachment":[{"href":"https:\/\/leselop.usn.no\/index.php?rest_route=%2Fwp%2Fv2%2Fmedia&parent=6157"}],"wp:term":[{"taxonomy":"trinn","embeddable":true,"href":"https:\/\/leselop.usn.no\/index.php?rest_route=%2Fwp%2Fv2%2Ftrinn&post=6157"},{"taxonomy":"fag","embeddable":true,"href":"https:\/\/leselop.usn.no\/index.php?rest_route=%2Fwp%2Fv2%2Ffag&post=6157"}],"curies":[{"name":"wp","href":"https:\/\/api.w.org\/{rel}","templated":true}]}}