{"id":6151,"date":"2025-02-12T11:10:56","date_gmt":"2025-02-12T10:10:56","guid":{"rendered":"https:\/\/leselop.usn.no\/?page_id=6151"},"modified":"2025-08-07T08:40:19","modified_gmt":"2025-08-07T06:40:19","slug":"leselop-10-aktivitet-14-eksempel-pa-forsteutkast-av-elevtekst","status":"publish","type":"page","link":"https:\/\/leselop.usn.no\/?page_id=6151","title":{"rendered":"10. Minner og kilder &#8211; Aktivitet 14 &#8211; Eksempel p\u00e5 f\u00f8rsteutkast av elevtekst"},"content":{"rendered":"\n[et_pb_section fb_built=&#8221;1&#8243; _builder_version=&#8221;4.21.0&#8243; _module_preset=&#8221;default&#8221; background_color=&#8221;#f4f4f4&#8243; custom_css_main_element=&#8221;min-height: 100vh;&#8221; da_disable_devices=&#8221;off|off|off&#8221; global_colors_info=&#8221;{}&#8221; da_is_popup=&#8221;off&#8221; da_exit_intent=&#8221;off&#8221; da_has_close=&#8221;on&#8221; da_alt_close=&#8221;off&#8221; da_dark_close=&#8221;off&#8221; da_not_modal=&#8221;on&#8221; da_is_singular=&#8221;off&#8221; da_with_loader=&#8221;off&#8221; da_has_shadow=&#8221;on&#8221;][et_pb_row column_structure=&#8221;1_4,3_4&#8243; use_custom_gutter=&#8221;on&#8221; gutter_width=&#8221;1&#8243; make_equal=&#8221;on&#8221; _builder_version=&#8221;4.27.4&#8243; _module_preset=&#8221;default&#8221; max_width=&#8221;850px&#8221; custom_css_main_element=&#8221;width:75% !important;&#8221; global_colors_info=&#8221;{}&#8221;][et_pb_column type=&#8221;1_4&#8243; _builder_version=&#8221;4.21.0&#8243; _module_preset=&#8221;default&#8221; custom_css_main_element=&#8221;width:12% !important;&#8221; global_colors_info=&#8221;{}&#8221; custom_css_main_element_last_edited=&#8221;on|phone&#8221; custom_css_main_element_tablet=&#8221;width:18% !important;&#8221; custom_css_main_element_phone=&#8221;width:30% !important;&#8221;][et_pb_image src=&#8221;https:\/\/leselop.usn.no\/wp-content\/uploads\/2025\/06\/Leselop-clapboard-green.png&#8221; title_text=&#8221;Leselop-clapboard-green&#8221; src_tablet=&#8221;https:\/\/leselop.usn.no\/wp-content\/uploads\/2025\/06\/Leselop-clapboard-green.png&#8221; src_phone=&#8221;https:\/\/leselop.usn.no\/wp-content\/uploads\/2025\/06\/Leselop-clapboard-green.png&#8221; src_last_edited=&#8221;on|phone&#8221; _builder_version=&#8221;4.27.4&#8243; _module_preset=&#8221;default&#8221; global_colors_info=&#8221;{}&#8221;][\/et_pb_image][\/et_pb_column][et_pb_column type=&#8221;3_4&#8243; _builder_version=&#8221;4.27.4&#8243; _module_preset=&#8221;default&#8221; custom_css_main_element=&#8221;width:88% !important;||margin: auto;||padding-left: 30px;&#8221; global_colors_info=&#8221;{}&#8221; custom_css_main_element_last_edited=&#8221;on|phone&#8221; custom_css_main_element_tablet=&#8221;width:82% !important;||padding-left: 25px;||padding-top:12px&#8221; custom_css_main_element_phone=&#8221;width:70% !important;||padding-left: 15px;||padding-top:5px&#8221;][et_pb_text content_tablet=&#8221;<h1>Eksempel p\u00e5 f\u00f8rsteutkast<\/h1>\n<h1>av elevtekst<\/h1>&#8221; content_phone=&#8221;<h4>Eksempel p\u00e5<\/h4>\n<h4>f\u00f8rsteutkast<\/h4>\n<h4>av elevtekst<\/h4>&#8221; content_last_edited=&#8221;on|phone&#8221; _builder_version=&#8221;4.27.4&#8243; _module_preset=&#8221;default&#8221; hover_enabled=&#8221;0&#8243; global_colors_info=&#8221;{}&#8221; custom_css_main_element_last_edited=&#8221;on|tablet&#8221; sticky_enabled=&#8221;0&#8243; header_4_line_height_last_edited=&#8221;on|phone&#8221; header_4_line_height_phone=&#8221;0.8em&#8221;]<h1>Eksempel p\u00e5 f\u00f8rsteutkast av elevtekst<\/h1>[\/et_pb_text][\/et_pb_column][\/et_pb_row][et_pb_row custom_padding_last_edited=&#8221;on|phone&#8221; _builder_version=&#8221;4.27.4&#8243; _module_preset=&#8221;default&#8221; background_color=&#8221;#ffffff&#8221; max_width=&#8221;850px&#8221; max_width_tablet=&#8221;850px&#8221; max_width_phone=&#8221;850px&#8221; max_width_last_edited=&#8221;on|desktop&#8221; custom_margin=&#8221;||||false|false&#8221; custom_padding=&#8221;60px|60px|60px|60px|false|false&#8221; custom_padding_tablet=&#8221;50px|55px|50px|55px|false|false&#8221; custom_padding_phone=&#8221;45px|35px|30px|35px|false|false&#8221; border_radii=&#8221;on|30px|30px|30px|30px&#8221; border_color_all=&#8221;#82C8AE&#8221; global_colors_info=&#8221;{}&#8221;][et_pb_column type=&#8221;4_4&#8243; _builder_version=&#8221;4.27.4&#8243; _module_preset=&#8221;default&#8221; global_colors_info=&#8221;{}&#8221;][et_pb_text content_tablet=&#8221;<h3>Skriveoppdrag 1<\/h3>&#8221; content_phone=&#8221;<h4>Skriveoppdrag 1<\/h4>\n<ul><\/ul>&#8221; content_last_edited=&#8221;on|phone&#8221; _builder_version=&#8221;4.27.4&#8243; _module_preset=&#8221;default&#8221; text_font_size=&#8221;16px&#8221; text_line_height=&#8221;1.8em&#8221; background_color=&#8221;RGBA(255,255,255,0)&#8221; custom_margin=&#8221;||10px||false|false&#8221; custom_margin_tablet=&#8221;||5px||false|false&#8221; custom_margin_phone=&#8221;||5px||false|false&#8221; custom_margin_last_edited=&#8221;on|phone&#8221; custom_padding=&#8221;10px|20px|10px|20px|false|false&#8221; text_line_height_tablet=&#8221;1.8em&#8221; text_line_height_phone=&#8221;1.5em&#8221; text_line_height_last_edited=&#8221;on|desktop&#8221; locked=&#8221;off&#8221; global_colors_info=&#8221;{}&#8221;]<h3>Skriveoppdrag 1<\/h3>[\/et_pb_text][et_pb_text content_tablet=&#8221;<p>%22\u042d\u0439, \u0434\u043e\u0447\u0435\u043d\u044c\u043a\u0430&#8230; \u042f \u0436\u0438\u0432, \u044f \u0443\u0441\u0442\u0430\u043b, \u043d\u043e \u044f \u0436\u0438\u0432. \u042d\u0442\u043e \u043f\u044b\u0442\u043a\u0430&#8230; \u042f \u0436\u0435\u043b\u0430\u043b \u0441\u043c\u0435\u0440\u0442\u0438, \u043d\u043e \u0432\u044b\u0436\u0438\u043b.. \u042f \u0441\u0447\u0430\u0441\u0442\u043b\u0438\u0432, \u044f \u0441\u043f\u043e\u043a\u043e\u0435\u043d. \u041d\u0430\u043a\u043e\u043d\u0435\u0446-\u0442\u043e \u044f \u043c\u043e\u0433\u0443 \u043f\u043e\u043a\u043e\u0438\u0442\u044c\u0441\u044f \u0441 \u043c\u0438\u0440\u043e\u043c, \u0438 \u043d\u0435\u0442 \u043d\u0435\u043c\u0446\u0435\u0432, \u043a\u043e\u0442\u043e\u0440\u044b\u0435 \u043c\u043e\u0433\u043b\u0438 \u0431\u044b \u043c\u0435\u043d\u044f \u0443\u043d\u0438\u0447\u0442\u043e\u0436\u0438\u0442\u044c&#8230;%22 \u2013 Julian<\/p>&#8221; content_phone=&#8221;<p>%22\u042d\u0439, \u0434\u043e\u0447\u0435\u043d\u044c\u043a\u0430&#8230; \u042f \u0436\u0438\u0432, \u044f \u0443\u0441\u0442\u0430\u043b, \u043d\u043e \u044f \u0436\u0438\u0432. \u042d\u0442\u043e \u043f\u044b\u0442\u043a\u0430&#8230; \u042f \u0436\u0435\u043b\u0430\u043b \u0441\u043c\u0435\u0440\u0442\u0438, \u043d\u043e \u0432\u044b\u0436\u0438\u043b.. \u042f \u0441\u0447\u0430\u0441\u0442\u043b\u0438\u0432, \u044f \u0441\u043f\u043e\u043a\u043e\u0435\u043d. \u041d\u0430\u043a\u043e\u043d\u0435\u0446-\u0442\u043e \u044f \u043c\u043e\u0433\u0443 \u043f\u043e\u043a\u043e\u0438\u0442\u044c\u0441\u044f \u0441 \u043c\u0438\u0440\u043e\u043c, \u0438 \u043d\u0435\u0442 \u043d\u0435\u043c\u0446\u0435\u0432, \u043a\u043e\u0442\u043e\u0440\u044b\u0435 \u043c\u043e\u0433\u043b\u0438 \u0431\u044b \u043c\u0435\u043d\u044f \u0443\u043d\u0438\u0447\u0442\u043e\u0436\u0438\u0442\u044c&#8230;%22 \u2013 Julian<\/p>\n<ul><\/ul>&#8221; content_last_edited=&#8221;on|phone&#8221; _builder_version=&#8221;4.27.4&#8243; _module_preset=&#8221;default&#8221; text_font_size=&#8221;17px&#8221; text_line_height=&#8221;1.8em&#8221; background_color=&#8221;RGBA(255,255,255,0)&#8221; custom_margin=&#8221;||||false|false&#8221; custom_margin_tablet=&#8221;||||false|false&#8221; custom_margin_phone=&#8221;||||false|false&#8221; custom_margin_last_edited=&#8221;on|phone&#8221; custom_padding=&#8221;10px|20px|10px|20px|false|false&#8221; text_line_height_tablet=&#8221;1.8em&#8221; text_line_height_phone=&#8221;1.5em&#8221; text_line_height_last_edited=&#8221;on|desktop&#8221; locked=&#8221;off&#8221; global_colors_info=&#8221;{}&#8221;]<p>&#8220;\u042d\u0439, \u0434\u043e\u0447\u0435\u043d\u044c\u043a\u0430&#8230; \u042f \u0436\u0438\u0432, \u044f \u0443\u0441\u0442\u0430\u043b, \u043d\u043e \u044f \u0436\u0438\u0432. \u042d\u0442\u043e \u043f\u044b\u0442\u043a\u0430&#8230; \u042f \u0436\u0435\u043b\u0430\u043b \u0441\u043c\u0435\u0440\u0442\u0438, \u043d\u043e \u0432\u044b\u0436\u0438\u043b.. \u042f \u0441\u0447\u0430\u0441\u0442\u043b\u0438\u0432, \u044f \u0441\u043f\u043e\u043a\u043e\u0435\u043d. \u041d\u0430\u043a\u043e\u043d\u0435\u0446-\u0442\u043e \u044f \u043c\u043e\u0433\u0443 \u043f\u043e\u043a\u043e\u0438\u0442\u044c\u0441\u044f \u0441 \u043c\u0438\u0440\u043e\u043c, \u0438 \u043d\u0435\u0442 \u043d\u0435\u043c\u0446\u0435\u0432, \u043a\u043e\u0442\u043e\u0440\u044b\u0435 \u043c\u043e\u0433\u043b\u0438 \u0431\u044b \u043c\u0435\u043d\u044f \u0443\u043d\u0438\u0447\u0442\u043e\u0436\u0438\u0442\u044c&#8230;&#8221; \u2013 Julian<\/p>[\/et_pb_text][et_pb_text content_tablet=&#8221;<p>Hei, datter&#8230; Jeg er i live, jeg er tr\u00f8tt, men jeg lever. Dette er tortur&#8230; Jeg \u00f8nsket d\u00f8den, men jeg overlevde&#8230; Jeg er glad, jeg er rolig. Endelig kan jeg hvile i fred, og det er ingen tyskere som kan \u00f8delegge meg &#8211; Julian<\/p>&#8221; content_phone=&#8221;<p>Hei, datter&#8230; Jeg er i live, jeg er tr\u00f8tt, men jeg lever. Dette er tortur&#8230; Jeg \u00f8nsket d\u00f8den, men jeg overlevde&#8230; Jeg er glad, jeg er rolig. Endelig kan jeg hvile i fred, og det er ingen tyskere som kan \u00f8delegge meg &#8211; Julian<\/p>\n<ul><\/ul>&#8221; content_last_edited=&#8221;on|phone&#8221; _builder_version=&#8221;4.27.4&#8243; _module_preset=&#8221;default&#8221; text_font_size=&#8221;17px&#8221; text_line_height=&#8221;1.8em&#8221; background_color=&#8221;RGBA(255,255,255,0)&#8221; custom_margin=&#8221;||||false|false&#8221; custom_margin_tablet=&#8221;||||false|false&#8221; custom_margin_phone=&#8221;||||false|false&#8221; custom_margin_last_edited=&#8221;on|phone&#8221; custom_padding=&#8221;10px|20px|10px|20px|false|false&#8221; text_line_height_tablet=&#8221;1.8em&#8221; text_line_height_phone=&#8221;1.5em&#8221; text_line_height_last_edited=&#8221;on|desktop&#8221; locked=&#8221;off&#8221; global_colors_info=&#8221;{}&#8221;]<p>Hei, datter&#8230; Jeg er i live, jeg er tr\u00f8tt, men jeg lever. Dette er tortur&#8230; Jeg \u00f8nsket d\u00f8den, men jeg overlevde&#8230; Jeg er glad, jeg er rolig. Endelig kan jeg hvile i fred, og det er ingen tyskere som kan \u00f8delegge meg &#8211; Julian<\/p>[\/et_pb_text][\/et_pb_column][\/et_pb_row][et_pb_row _builder_version=&#8221;4.21.0&#8243; _module_preset=&#8221;default&#8221; max_width=&#8221;850px&#8221; module_alignment=&#8221;center&#8221; custom_css_main_element=&#8221;display:flex;||justify-content: center;&#8221; global_colors_info=&#8221;{}&#8221;][et_pb_column type=&#8221;4_4&#8243; _builder_version=&#8221;4.21.0&#8243; _module_preset=&#8221;default&#8221; global_colors_info=&#8221;{}&#8221;][et_pb_code _builder_version=&#8221;4.21.0&#8243; _module_preset=&#8221;default&#8221; text_orientation=&#8221;center&#8221; text_orientation_tablet=&#8221;center&#8221; text_orientation_phone=&#8221;center&#8221; text_orientation_last_edited=&#8221;on|desktop&#8221; global_colors_info=&#8221;{}&#8221;]<button id=\"backButton\" style=\"<!-- [et_pb_line_break_holder] -->background: #8dcfb7; <!-- [et_pb_line_break_holder] -->border-radius: 10px; <!-- [et_pb_line_break_holder] -->width: 100px; <!-- [et_pb_line_break_holder] -->height: 40px; <!-- [et_pb_line_break_holder] -->border: none; <!-- [et_pb_line_break_holder] -->font-size: 18px;<!-- [et_pb_line_break_holder] -->color: #000000; <!-- [et_pb_line_break_holder] -->transform: uppercase;&#8221; <!-- [et_pb_line_break_holder] -->onmouseover=&#8221;this.style.backgroundColor=&#8217;#5a5e5e&#8217;; this.style.color=&#8217;#ffffff&#8217;;&#8221;<!-- [et_pb_line_break_holder] -->onmouseout=&#8221;this.style.backgroundColor=&#8217;#8dcfb7&#8242;; this.style.color=&#8217;#000000&#8242;;&#8221; <!-- [et_pb_line_break_holder] -->onclick=&#8221;myFunction()&#8221;>Tilbake<\/button><!-- [et_pb_line_break_holder] --><!-- [et_pb_line_break_holder] --><script><!-- [et_pb_line_break_holder] -->document.addEventListener('DOMContentLoaded', function() {<!-- [et_pb_line_break_holder] -->  var backButton = document.getElementById('backButton'); <!-- [et_pb_line_break_holder] -->  <!-- [et_pb_line_break_holder] -->  if (backButton) {<!-- [et_pb_line_break_holder] -->    backButton.addEventListener('click', function() {<!-- [et_pb_line_break_holder] -->      window.history.back();<!-- [et_pb_line_break_holder] -->    });<!-- [et_pb_line_break_holder] -->  }<!-- [et_pb_line_break_holder] -->});<!-- [et_pb_line_break_holder] --><\/script><!-- [et_pb_line_break_holder] -->[\/et_pb_code][\/et_pb_column][\/et_pb_row][\/et_pb_section]\n","protected":false},"excerpt":{"rendered":"<p>Eksempel p\u00e5 f\u00f8rsteutkast av elevtekstSkriveoppdrag 1&#8243;\u042d\u0439, \u0434\u043e\u0447\u0435\u043d\u044c\u043a\u0430&#8230; \u042f \u0436\u0438\u0432, \u044f \u0443\u0441\u0442\u0430\u043b, \u043d\u043e \u044f \u0436\u0438\u0432. \u042d\u0442\u043e \u043f\u044b\u0442\u043a\u0430&#8230; \u042f \u0436\u0435\u043b\u0430\u043b \u0441\u043c\u0435\u0440\u0442\u0438, \u043d\u043e \u0432\u044b\u0436\u0438\u043b.. \u042f \u0441\u0447\u0430\u0441\u0442\u043b\u0438\u0432, \u044f \u0441\u043f\u043e\u043a\u043e\u0435\u043d. \u041d\u0430\u043a\u043e\u043d\u0435\u0446-\u0442\u043e \u044f \u043c\u043e\u0433\u0443 \u043f\u043e\u043a\u043e\u0438\u0442\u044c\u0441\u044f \u0441 \u043c\u0438\u0440\u043e\u043c, \u0438 \u043d\u0435\u0442 \u043d\u0435\u043c\u0446\u0435\u0432, \u043a\u043e\u0442\u043e\u0440\u044b\u0435 \u043c\u043e\u0433\u043b\u0438 \u0431\u044b \u043c\u0435\u043d\u044f \u0443\u043d\u0438\u0447\u0442\u043e\u0436\u0438\u0442\u044c&#8230;&#8221; \u2013 JulianHei, datter&#8230; Jeg er i live, jeg er tr\u00f8tt, men jeg lever. Dette er tortur&#8230; [&hellip;]<\/p>\n","protected":false},"author":10,"featured_media":0,"parent":0,"menu_order":0,"comment_status":"closed","ping_status":"closed","template":"","meta":{"_et_pb_use_builder":"on","_et_pb_old_content":"","_et_gb_content_width":"","footnotes":""},"trinn":[],"fag":[],"class_list":["post-6151","page","type-page","status-publish","hentry"],"_links":{"self":[{"href":"https:\/\/leselop.usn.no\/index.php?rest_route=\/wp\/v2\/pages\/6151","targetHints":{"allow":["GET"]}}],"collection":[{"href":"https:\/\/leselop.usn.no\/index.php?rest_route=\/wp\/v2\/pages"}],"about":[{"href":"https:\/\/leselop.usn.no\/index.php?rest_route=\/wp\/v2\/types\/page"}],"author":[{"embeddable":true,"href":"https:\/\/leselop.usn.no\/index.php?rest_route=\/wp\/v2\/users\/10"}],"replies":[{"embeddable":true,"href":"https:\/\/leselop.usn.no\/index.php?rest_route=%2Fwp%2Fv2%2Fcomments&post=6151"}],"version-history":[{"count":6,"href":"https:\/\/leselop.usn.no\/index.php?rest_route=\/wp\/v2\/pages\/6151\/revisions"}],"predecessor-version":[{"id":9929,"href":"https:\/\/leselop.usn.no\/index.php?rest_route=\/wp\/v2\/pages\/6151\/revisions\/9929"}],"wp:attachment":[{"href":"https:\/\/leselop.usn.no\/index.php?rest_route=%2Fwp%2Fv2%2Fmedia&parent=6151"}],"wp:term":[{"taxonomy":"trinn","embeddable":true,"href":"https:\/\/leselop.usn.no\/index.php?rest_route=%2Fwp%2Fv2%2Ftrinn&post=6151"},{"taxonomy":"fag","embeddable":true,"href":"https:\/\/leselop.usn.no\/index.php?rest_route=%2Fwp%2Fv2%2Ffag&post=6151"}],"curies":[{"name":"wp","href":"https:\/\/api.w.org\/{rel}","templated":true}]}}