{"id":6110,"date":"2025-02-12T07:44:08","date_gmt":"2025-02-12T06:44:08","guid":{"rendered":"https:\/\/leselop.usn.no\/?page_id=6110"},"modified":"2025-08-07T08:37:50","modified_gmt":"2025-08-07T06:37:50","slug":"leselop-10-aktivitet-13-eksempler-pa-elevtekst","status":"publish","type":"page","link":"https:\/\/leselop.usn.no\/?page_id=6110","title":{"rendered":"10. Minner og kilder &#8211; Aktivitet 13 &#8211; Eksempler p\u00e5 elevtekst"},"content":{"rendered":"\n[et_pb_section fb_built=&#8221;1&#8243; _builder_version=&#8221;4.21.0&#8243; _module_preset=&#8221;default&#8221; background_color=&#8221;#f4f4f4&#8243; custom_css_main_element=&#8221;min-height: 100vh;&#8221; da_disable_devices=&#8221;off|off|off&#8221; global_colors_info=&#8221;{}&#8221; da_is_popup=&#8221;off&#8221; da_exit_intent=&#8221;off&#8221; da_has_close=&#8221;on&#8221; da_alt_close=&#8221;off&#8221; da_dark_close=&#8221;off&#8221; da_not_modal=&#8221;on&#8221; da_is_singular=&#8221;off&#8221; da_with_loader=&#8221;off&#8221; da_has_shadow=&#8221;on&#8221;][et_pb_row column_structure=&#8221;1_4,3_4&#8243; use_custom_gutter=&#8221;on&#8221; gutter_width=&#8221;1&#8243; make_equal=&#8221;on&#8221; _builder_version=&#8221;4.27.4&#8243; _module_preset=&#8221;default&#8221; max_width=&#8221;850px&#8221; custom_css_main_element=&#8221;width:75% !important;&#8221; global_colors_info=&#8221;{}&#8221;][et_pb_column type=&#8221;1_4&#8243; _builder_version=&#8221;4.21.0&#8243; _module_preset=&#8221;default&#8221; custom_css_main_element=&#8221;width:12% !important;&#8221; global_colors_info=&#8221;{}&#8221; custom_css_main_element_last_edited=&#8221;on|phone&#8221; custom_css_main_element_tablet=&#8221;width:18% !important;&#8221; custom_css_main_element_phone=&#8221;width:30% !important;&#8221;][et_pb_image src=&#8221;https:\/\/leselop.usn.no\/wp-content\/uploads\/2025\/06\/Leselop-clapboard-green.png&#8221; title_text=&#8221;Leselop-clapboard-green&#8221; src_tablet=&#8221;https:\/\/leselop.usn.no\/wp-content\/uploads\/2025\/06\/Leselop-clapboard-green.png&#8221; src_phone=&#8221;https:\/\/leselop.usn.no\/wp-content\/uploads\/2025\/06\/Leselop-clapboard-green.png&#8221; src_last_edited=&#8221;on|phone&#8221; _builder_version=&#8221;4.27.4&#8243; _module_preset=&#8221;default&#8221; global_colors_info=&#8221;{}&#8221;][\/et_pb_image][\/et_pb_column][et_pb_column type=&#8221;3_4&#8243; _builder_version=&#8221;4.27.4&#8243; _module_preset=&#8221;default&#8221; custom_css_main_element=&#8221;width:88% !important;||margin: auto;||padding-left: 30px;&#8221; global_colors_info=&#8221;{}&#8221; custom_css_main_element_last_edited=&#8221;on|tablet&#8221; custom_css_main_element_tablet=&#8221;width:82% !important;||padding-left: 25px;||padding-top:26px&#8221; custom_css_main_element_phone=&#8221;width:70% !important;||padding-left: 15px;||padding-top:15px&#8221;][et_pb_text content_tablet=&#8221;<h1>Eksempler p\u00e5 elevtekster<\/h1>&#8221; content_phone=&#8221;<h3>Eksempler p\u00e5<\/h3>\n<h3>elevtekster<\/h3>&#8221; content_last_edited=&#8221;on|phone&#8221; _builder_version=&#8221;4.27.4&#8243; _module_preset=&#8221;default&#8221; hover_enabled=&#8221;0&#8243; global_colors_info=&#8221;{}&#8221; custom_css_main_element_last_edited=&#8221;on|phone&#8221; sticky_enabled=&#8221;0&#8243;]<h1>Eksempler p\u00e5 elevtekster<\/h1>[\/et_pb_text][\/et_pb_column][\/et_pb_row][et_pb_row custom_padding_last_edited=&#8221;on|phone&#8221; _builder_version=&#8221;4.27.4&#8243; _module_preset=&#8221;default&#8221; background_color=&#8221;#ffffff&#8221; background_enable_image=&#8221;off&#8221; max_width=&#8221;850px&#8221; max_width_tablet=&#8221;850px&#8221; max_width_phone=&#8221;850px&#8221; max_width_last_edited=&#8221;on|desktop&#8221; custom_padding=&#8221;60px|70px|60px|70px|false|false&#8221; custom_padding_tablet=&#8221;50px|55px|50px|55px|false|false&#8221; custom_padding_phone=&#8221;45px|45px|50px|45px|false|false&#8221; background_last_edited=&#8221;on|tablet&#8221; background_enable_image_phone=&#8221;off&#8221; border_radii=&#8221;on|30px|30px|30px|30px&#8221; border_width_all=&#8221;3px&#8221; border_color_all=&#8221;RGBA(255,255,255,0)&#8221; locked=&#8221;off&#8221; global_colors_info=&#8221;{}&#8221; custom_css_main_element_last_edited=&#8221;on|phone&#8221; custom_css_main_element_tablet=&#8221;||&#8221; custom_css_main_element_phone=&#8221;||&#8221;][et_pb_column type=&#8221;4_4&#8243; _builder_version=&#8221;4.27.4&#8243; _module_preset=&#8221;default&#8221; background_color=&#8221;RGBA(255,255,255,0)&#8221; background_enable_image=&#8221;off&#8221; global_colors_info=&#8221;{}&#8221;][et_pb_text _builder_version=&#8221;4.27.4&#8243; _module_preset=&#8221;default&#8221; header_4_font=&#8221;|300|||||||&#8221; custom_margin=&#8221;||3px|10px|false|false&#8221; global_colors_info=&#8221;{}&#8221;]<h4>Kari<\/h4>[\/et_pb_text][et_pb_text content_tablet=&#8221;<p>Da jeg holdt tale i bryllupet til foreldrene mine, uten at de visste det. Det var ingen t\u00f8rre \u00f8yne igjen i rommet, folk gr\u00e5t, lo, og de fleste var veldig overrasket fordi ingen visste at jeg skulle reise meg. Jeg hadde akkurat reist meg opp, s\u00e5 begynte jeg \u00e5 grine. Det var s\u00e5 mange f\u00f8lelser i spill \u2013 glede, flauhet og en smule redsel. Foreldrene mine gr\u00e5t til de var r\u00f8de i ansiktet. Da de klemte meg, skalv vi alle tre. Jeg f\u00f8lte vi ble n\u00e6rmere. Det er et minne for livet.<\/p>&#8221; content_phone=&#8221;<p>Da jeg holdt tale i bryllupet til foreldrene mine, uten at de visste det. Det var ingen t\u00f8rre \u00f8yne igjen i rommet, folk gr\u00e5t, lo, og de fleste var veldig overrasket fordi ingen visste at jeg skulle reise meg. Jeg hadde akkurat reist meg opp, s\u00e5 begynte jeg \u00e5 grine. Det var s\u00e5 mange f\u00f8lelser i spill \u2013 glede, flauhet og en smule redsel. Foreldrene mine gr\u00e5t til de var r\u00f8de i ansiktet. Da de klemte meg, skalv vi alle tre. Jeg f\u00f8lte vi ble n\u00e6rmere. Det er et minne for livet.<\/p>&#8221; content_last_edited=&#8221;on|phone&#8221; _builder_version=&#8221;4.27.4&#8243; _module_preset=&#8221;default&#8221; text_font_size=&#8221;17px&#8221; text_line_height=&#8221;1.8em&#8221; background_color=&#8221;#e9e9eb&#8221; width=&#8221;80%&#8221; width_tablet=&#8221;80%&#8221; width_phone=&#8221;100%&#8221; width_last_edited=&#8221;on|phone&#8221; module_alignment=&#8221;left&#8221; custom_margin=&#8221;||30px|5px|false|false&#8221; custom_margin_tablet=&#8221;||||false|false&#8221; custom_margin_phone=&#8221;||||false|false&#8221; custom_margin_last_edited=&#8221;on|phone&#8221; custom_padding=&#8221;25px|20px|25px|25px|false|false&#8221; custom_padding_tablet=&#8221;25px|20px|25px|25px|false|false&#8221; custom_padding_phone=&#8221;30px|30px|30px|30px|false|false&#8221; custom_padding_last_edited=&#8221;on|phone&#8221; text_line_height_tablet=&#8221;1.8em&#8221; text_line_height_phone=&#8221;1.5em&#8221; text_line_height_last_edited=&#8221;on|desktop&#8221; border_radii=&#8221;on|20px|20px|20px|20px&#8221; locked=&#8221;off&#8221; global_colors_info=&#8221;{}&#8221;]<p>Da jeg holdt tale i bryllupet til foreldrene mine, uten at de visste det. Det var ingen t\u00f8rre \u00f8yne igjen i rommet, folk gr\u00e5t, lo, og de fleste var veldig overrasket fordi ingen visste at jeg skulle reise meg. Jeg hadde akkurat reist meg opp, s\u00e5 begynte jeg \u00e5 grine. Det var s\u00e5 mange f\u00f8lelser i spill \u2013 glede, flauhet og en smule redsel. Foreldrene mine gr\u00e5t til de var r\u00f8de i ansiktet. Da de klemte meg, skalv vi alle tre. Jeg f\u00f8lte vi ble n\u00e6rmere. Det er et minne for livet.<\/p>[\/et_pb_text][et_pb_image src=&#8221;https:\/\/leselop.usn.no\/wp-content\/uploads\/2025\/02\/pil-boble.webp&#8221; title_text=&#8221;pil-boble&#8221; _builder_version=&#8221;4.27.4&#8243; _module_preset=&#8221;default&#8221; width=&#8221;28px&#8221; width_tablet=&#8221;22px&#8221; width_phone=&#8221;23px&#8221; width_last_edited=&#8221;on|phone&#8221; custom_margin=&#8221;-39px||12px||false|false&#8221; global_colors_info=&#8221;{}&#8221;][\/et_pb_image][et_pb_text _builder_version=&#8221;4.27.4&#8243; _module_preset=&#8221;default&#8221; header_4_font=&#8221;|300|||||||&#8221; custom_margin=&#8221;30px|10px|3px||false|false&#8221; custom_padding=&#8221;|||155px|false|false&#8221; custom_padding_tablet=&#8221;|||70px|false|false&#8221; custom_padding_phone=&#8221;|||20px|false|false&#8221; custom_padding_last_edited=&#8221;on|phone&#8221; global_colors_info=&#8221;{}&#8221;]<h4 style=\"text-align: left;\">Veija<\/h4>[\/et_pb_text][et_pb_text content_tablet=&#8221;<p>Huset ved siden av mitt brant i Kosovo. Jeg var liten. Jeg gikk ut alene, og s\u00e5 luktet jeg noe, og s\u00e5 s\u00e5 jeg mye r\u00f8yk, og s\u00e5 ropte jeg p\u00e5 familien min. Jeg ble jo veldig redd og bekymra. Det var en ku som d\u00f8de, men ellers var alt bra. Kommer alltid til \u00e5 huske det.<\/p>&#8221; content_phone=&#8221;<p>Huset ved siden av mitt brant i Kosovo. Jeg var liten. Jeg gikk ut alene, og s\u00e5 luktet jeg noe, og s\u00e5 s\u00e5 jeg mye r\u00f8yk, og s\u00e5 ropte jeg p\u00e5 familien min. Jeg ble jo veldig redd og bekymra. Det var en ku som d\u00f8de, men ellers var alt bra. Kommer alltid til \u00e5 huske det.<\/p>&#8221; content_last_edited=&#8221;on|phone&#8221; _builder_version=&#8221;4.27.4&#8243; _module_preset=&#8221;default&#8221; text_font=&#8221;||||||||&#8221; text_text_color=&#8221;#6B6B6B&#8221; text_font_size=&#8221;17px&#8221; text_line_height=&#8221;1.8em&#8221; background_color=&#8221;#f6f6f7&#8243; width=&#8221;80%&#8221; width_tablet=&#8221;90%&#8221; width_phone=&#8221;100%&#8221; width_last_edited=&#8221;on|phone&#8221; module_alignment=&#8221;right&#8221; custom_margin=&#8221;||30px|5px|false|false&#8221; custom_margin_tablet=&#8221;||||false|false&#8221; custom_margin_phone=&#8221;||||false|false&#8221; custom_margin_last_edited=&#8221;on|phone&#8221; custom_padding=&#8221;25px|25px|25px|25px|false|false&#8221; text_line_height_tablet=&#8221;1.8em&#8221; text_line_height_phone=&#8221;1.5em&#8221; text_line_height_last_edited=&#8221;on|desktop&#8221; module_alignment_tablet=&#8221;right&#8221; module_alignment_phone=&#8221;center&#8221; module_alignment_last_edited=&#8221;on|tablet&#8221; border_radii=&#8221;on|20px|20px|20px|20px&#8221; locked=&#8221;off&#8221; global_colors_info=&#8221;{}&#8221;]<p>Huset ved siden av mitt brant i Kosovo. Jeg var liten. Jeg gikk ut alene, og s\u00e5 luktet jeg noe, og s\u00e5 s\u00e5 jeg mye r\u00f8yk, og s\u00e5 ropte jeg p\u00e5 familien min. Jeg ble jo veldig redd og bekymra. Det var en ku som d\u00f8de, men ellers var alt bra. Kommer alltid til \u00e5 huske det.<\/p>[\/et_pb_text][et_pb_image src=&#8221;https:\/\/leselop.usn.no\/wp-content\/uploads\/2025\/05\/pil-boble-gray-lighter2-e1746515332163.webp&#8221; title_text=&#8221;pil-boble-gray-lighter2&#8243; align=&#8221;right&#8221; _builder_version=&#8221;4.27.4&#8243; _module_preset=&#8221;default&#8221; width=&#8221;28px&#8221; width_tablet=&#8221;22px&#8221; width_phone=&#8221;23px&#8221; width_last_edited=&#8221;on|phone&#8221; custom_margin=&#8221;-39px||12px||false|false&#8221; global_colors_info=&#8221;{}&#8221;][\/et_pb_image][\/et_pb_column][\/et_pb_row][et_pb_row _builder_version=&#8221;4.21.0&#8243; _module_preset=&#8221;default&#8221; max_width=&#8221;850px&#8221; module_alignment=&#8221;center&#8221; custom_css_main_element=&#8221;display:flex;||justify-content: center;&#8221; global_colors_info=&#8221;{}&#8221;][et_pb_column type=&#8221;4_4&#8243; _builder_version=&#8221;4.21.0&#8243; _module_preset=&#8221;default&#8221; global_colors_info=&#8221;{}&#8221;][et_pb_code _builder_version=&#8221;4.21.0&#8243; _module_preset=&#8221;default&#8221; text_orientation=&#8221;center&#8221; text_orientation_tablet=&#8221;center&#8221; text_orientation_phone=&#8221;center&#8221; text_orientation_last_edited=&#8221;on|desktop&#8221; global_colors_info=&#8221;{}&#8221;]<button id=\"backButton\" style=\"<!-- [et_pb_line_break_holder] -->background: #8dcfb7; <!-- [et_pb_line_break_holder] -->border-radius: 10px; <!-- [et_pb_line_break_holder] -->width: 100px; <!-- [et_pb_line_break_holder] -->height: 40px; <!-- [et_pb_line_break_holder] -->border: none; <!-- [et_pb_line_break_holder] -->font-size: 18px;<!-- [et_pb_line_break_holder] -->color: #000000; <!-- [et_pb_line_break_holder] -->transform: uppercase;&#8221; <!-- [et_pb_line_break_holder] -->onmouseover=&#8221;this.style.backgroundColor=&#8217;#5a5e5e&#8217;; this.style.color=&#8217;#ffffff&#8217;;&#8221;<!-- [et_pb_line_break_holder] -->onmouseout=&#8221;this.style.backgroundColor=&#8217;#8dcfb7&#8242;; this.style.color=&#8217;#000000&#8242;;&#8221; <!-- [et_pb_line_break_holder] -->onclick=&#8221;myFunction()&#8221;>Tilbake<\/button><!-- [et_pb_line_break_holder] --><!-- [et_pb_line_break_holder] --><script><!-- [et_pb_line_break_holder] -->document.addEventListener('DOMContentLoaded', function() {<!-- [et_pb_line_break_holder] -->  var backButton = document.getElementById('backButton'); <!-- [et_pb_line_break_holder] -->  <!-- [et_pb_line_break_holder] -->  if (backButton) {<!-- [et_pb_line_break_holder] -->    backButton.addEventListener('click', function() {<!-- [et_pb_line_break_holder] -->      window.history.back();<!-- [et_pb_line_break_holder] -->    });<!-- [et_pb_line_break_holder] -->  }<!-- [et_pb_line_break_holder] -->});<!-- [et_pb_line_break_holder] --><\/script><!-- [et_pb_line_break_holder] -->[\/et_pb_code][\/et_pb_column][\/et_pb_row][\/et_pb_section]\n","protected":false},"excerpt":{"rendered":"<p>Eksempler p\u00e5 elevteksterKariDa jeg holdt tale i bryllupet til foreldrene mine, uten at de visste det. Det var ingen t\u00f8rre \u00f8yne igjen i rommet, folk gr\u00e5t, lo, og de fleste var veldig overrasket fordi ingen visste at jeg skulle reise meg. Jeg hadde akkurat reist meg opp, s\u00e5 begynte jeg \u00e5 grine. Det var s\u00e5 [&hellip;]<\/p>\n","protected":false},"author":10,"featured_media":0,"parent":0,"menu_order":0,"comment_status":"closed","ping_status":"closed","template":"","meta":{"_et_pb_use_builder":"on","_et_pb_old_content":"","_et_gb_content_width":"","footnotes":""},"trinn":[],"fag":[],"class_list":["post-6110","page","type-page","status-publish","hentry"],"_links":{"self":[{"href":"https:\/\/leselop.usn.no\/index.php?rest_route=\/wp\/v2\/pages\/6110","targetHints":{"allow":["GET"]}}],"collection":[{"href":"https:\/\/leselop.usn.no\/index.php?rest_route=\/wp\/v2\/pages"}],"about":[{"href":"https:\/\/leselop.usn.no\/index.php?rest_route=\/wp\/v2\/types\/page"}],"author":[{"embeddable":true,"href":"https:\/\/leselop.usn.no\/index.php?rest_route=\/wp\/v2\/users\/10"}],"replies":[{"embeddable":true,"href":"https:\/\/leselop.usn.no\/index.php?rest_route=%2Fwp%2Fv2%2Fcomments&post=6110"}],"version-history":[{"count":8,"href":"https:\/\/leselop.usn.no\/index.php?rest_route=\/wp\/v2\/pages\/6110\/revisions"}],"predecessor-version":[{"id":9922,"href":"https:\/\/leselop.usn.no\/index.php?rest_route=\/wp\/v2\/pages\/6110\/revisions\/9922"}],"wp:attachment":[{"href":"https:\/\/leselop.usn.no\/index.php?rest_route=%2Fwp%2Fv2%2Fmedia&parent=6110"}],"wp:term":[{"taxonomy":"trinn","embeddable":true,"href":"https:\/\/leselop.usn.no\/index.php?rest_route=%2Fwp%2Fv2%2Ftrinn&post=6110"},{"taxonomy":"fag","embeddable":true,"href":"https:\/\/leselop.usn.no\/index.php?rest_route=%2Fwp%2Fv2%2Ffag&post=6110"}],"curies":[{"name":"wp","href":"https:\/\/api.w.org\/{rel}","templated":true}]}}