{"id":6048,"date":"2025-02-11T08:33:37","date_gmt":"2025-02-11T07:33:37","guid":{"rendered":"https:\/\/leselop.usn.no\/?page_id=6048"},"modified":"2025-08-07T08:38:41","modified_gmt":"2025-08-07T06:38:41","slug":"leselop-10-aktivitet-13-livsfortelling","status":"publish","type":"page","link":"https:\/\/leselop.usn.no\/?page_id=6048","title":{"rendered":"10. Minner og kilder &#8211; Aktivitet 13 &#8211; Livsfortelling"},"content":{"rendered":"\n[et_pb_section fb_built=&#8221;1&#8243; _builder_version=&#8221;4.21.0&#8243; _module_preset=&#8221;default&#8221; background_color=&#8221;#f4f4f4&#8243; custom_css_main_element=&#8221;min-height: 100vh;&#8221; da_disable_devices=&#8221;off|off|off&#8221; global_colors_info=&#8221;{}&#8221; da_is_popup=&#8221;off&#8221; da_exit_intent=&#8221;off&#8221; da_has_close=&#8221;on&#8221; da_alt_close=&#8221;off&#8221; da_dark_close=&#8221;off&#8221; da_not_modal=&#8221;on&#8221; da_is_singular=&#8221;off&#8221; da_with_loader=&#8221;off&#8221; da_has_shadow=&#8221;on&#8221;][et_pb_row column_structure=&#8221;1_4,3_4&#8243; use_custom_gutter=&#8221;on&#8221; gutter_width=&#8221;1&#8243; make_equal=&#8221;on&#8221; _builder_version=&#8221;4.27.4&#8243; _module_preset=&#8221;default&#8221; max_width=&#8221;850px&#8221; custom_css_main_element=&#8221;width:75% !important;&#8221; global_colors_info=&#8221;{}&#8221;][et_pb_column type=&#8221;1_4&#8243; _builder_version=&#8221;4.21.0&#8243; _module_preset=&#8221;default&#8221; custom_css_main_element=&#8221;width:12% !important;&#8221; global_colors_info=&#8221;{}&#8221; custom_css_main_element_last_edited=&#8221;on|phone&#8221; custom_css_main_element_tablet=&#8221;width:18% !important;&#8221; custom_css_main_element_phone=&#8221;width:30% !important;&#8221;][et_pb_image src=&#8221;https:\/\/leselop.usn.no\/wp-content\/uploads\/2025\/06\/Leselop-clapboard-green.png&#8221; title_text=&#8221;Leselop-clapboard-green&#8221; src_tablet=&#8221;https:\/\/leselop.usn.no\/wp-content\/uploads\/2025\/06\/Leselop-clapboard-green.png&#8221; src_phone=&#8221;https:\/\/leselop.usn.no\/wp-content\/uploads\/2025\/06\/Leselop-clapboard-green.png&#8221; src_last_edited=&#8221;on|phone&#8221; _builder_version=&#8221;4.27.4&#8243; _module_preset=&#8221;default&#8221; global_colors_info=&#8221;{}&#8221;][\/et_pb_image][\/et_pb_column][et_pb_column type=&#8221;3_4&#8243; _builder_version=&#8221;4.27.4&#8243; _module_preset=&#8221;default&#8221; custom_css_main_element=&#8221;width:88% !important;||margin: auto;||padding-left: 30px;&#8221; global_colors_info=&#8221;{}&#8221; custom_css_main_element_last_edited=&#8221;on|phone&#8221; custom_css_main_element_tablet=&#8221;width:82% !important;||padding-left: 25px;||padding-top:12px&#8221; custom_css_main_element_phone=&#8221;width:70% !important;||padding-left: 15px;||padding-top:10px&#8221;][et_pb_text content_tablet=&#8221;<h1>Livsfortelling fra v\u00e5r<\/h1>\n<h1>kollektive bevissthet<\/h1>&#8221; content_phone=&#8221;<h4>Livsfortelling fra<\/h4>\n<h4>v\u00e5r kollektive<\/h4>\n<h4>bevissthet<\/h4>&#8221; content_last_edited=&#8221;on|phone&#8221; _builder_version=&#8221;4.27.4&#8243; _module_preset=&#8221;default&#8221; hover_enabled=&#8221;0&#8243; text_line_height_tablet=&#8221;&#8221; text_line_height_phone=&#8221;1.9em&#8221; text_line_height_last_edited=&#8221;on|phone&#8221; header_line_height_tablet=&#8221;&#8221; header_line_height_phone=&#8221;1.1em&#8221; header_line_height_last_edited=&#8221;on|phone&#8221; header_3_line_height_tablet=&#8221;&#8221; header_3_line_height_phone=&#8221;1.1em&#8221; header_3_line_height_last_edited=&#8221;on|phone&#8221; global_colors_info=&#8221;{}&#8221; custom_css_main_element_last_edited=&#8221;on|phone&#8221; sticky_enabled=&#8221;0&#8243; header_4_line_height_last_edited=&#8221;on|phone&#8221; header_4_line_height_phone=&#8221;0.8em&#8221;]<h1>Livsfortelling fra v\u00e5r kollektive bevissthet<\/h1>[\/et_pb_text][\/et_pb_column][\/et_pb_row][et_pb_row column_structure=&#8221;1_2,1_2&#8243; custom_padding_last_edited=&#8221;on|phone&#8221; _builder_version=&#8221;4.27.4&#8243; _module_preset=&#8221;default&#8221; background_color=&#8221;#ffffff&#8221; background_enable_image=&#8221;off&#8221; max_width=&#8221;850px&#8221; max_width_tablet=&#8221;850px&#8221; max_width_phone=&#8221;850px&#8221; max_width_last_edited=&#8221;on|desktop&#8221; custom_margin=&#8221;||||false|false&#8221; custom_padding=&#8221;0px|0px||50px|false|false&#8221; custom_padding_tablet=&#8221;0px|0px|50px|20px|false|false&#8221; custom_padding_phone=&#8221;50px|45px|50px|0px|false|false&#8221; background_last_edited=&#8221;on|tablet&#8221; background_enable_image_phone=&#8221;off&#8221; border_radii=&#8221;on|30px|30px|30px|30px&#8221; border_width_all=&#8221;3px&#8221; border_color_all=&#8221;#82C8AE&#8221; global_colors_info=&#8221;{}&#8221; custom_css_main_element_last_edited=&#8221;on|tablet&#8221; custom_css_main_element_tablet=&#8221;display:flex;&#8221; custom_css_main_element_phone=&#8221;||&#8221;][et_pb_column type=&#8221;1_2&#8243; _builder_version=&#8221;4.27.4&#8243; _module_preset=&#8221;default&#8221; background_color=&#8221;RGBA(255,255,255,0)&#8221; background_enable_image=&#8221;off&#8221; custom_padding=&#8221;50px||||false|false&#8221; custom_padding_tablet=&#8221;50px|10px|0px|40px|false|false&#8221; custom_padding_phone=&#8221;10px||0px|45px|false|false&#8221; custom_padding_last_edited=&#8221;on|phone&#8221; global_colors_info=&#8221;{}&#8221;][et_pb_text content_tablet=&#8221;<h3>Et utdrag av l\u00e6rer<\/h3>\n<h3>Katrines livsfortelling<\/h3>&#8221; content_phone=&#8221;<h4>Et utdrag av l\u00e6rer<\/h4>\n<h4>Katrines livsfortelling<\/h4>&#8221; content_last_edited=&#8221;on|phone&#8221; _builder_version=&#8221;4.27.4&#8243; _module_preset=&#8221;default&#8221; custom_margin=&#8221;||5px||false|false&#8221; global_colors_info=&#8221;{}&#8221;]<h3>Et utdrag av l\u00e6rer<\/h3>\n<h3>Katrines livsfortelling<\/h3>[\/et_pb_text][et_pb_text content_tablet=&#8221;<p>%22Jeg gleder meg s\u00e5nn til \u00e5 treffe venninna mi p\u00e5 kafe, tar bussen etter jobben ned til byen. Telefonen ringer. Mannen min sp\u00f8r om jeg har h\u00f8rt det. Han forteller om et fly som krasjet inn i Twin Towers i New York.<\/p>\n<p>Jeg g\u00e5r inn p\u00e5 kafeen. Treffer m\u00e5pende blikk. Alle skjermer st\u00e5r p\u00e5 og viser live det andre flyet som kj\u00f8rer inn i det andre t\u00e5rnet. Var ikke det f\u00f8rste krasjet en ulykke likevel?<\/p>\n<p>Hva vil skje med verden n\u00e5? Vi ble redde \u2013 skulle tredje verdenskrig bryte ut? Det ble et veldig samhold p\u00e5 kafeen. Det var lov til \u00e5 vise f\u00f8lelser som redsel, vantro og usikkerhet.<\/p>\n<p>Det ble et f\u00f8r og etter 11.09.2001.%22<\/p>&#8221; content_phone=&#8221;<p>%22Jeg gleder meg s\u00e5nn til \u00e5 treffe venninna mi p\u00e5 kafe, tar bussen etter jobben ned til byen. Telefonen ringer. Mannen min sp\u00f8r om jeg har h\u00f8rt det. Han forteller om et fly som krasjet inn i Twin Towers i New York.<\/p>\n<p>Jeg g\u00e5r inn p\u00e5 kafeen. Treffer m\u00e5pende blikk. Alle skjermer st\u00e5r p\u00e5 og viser live det andre flyet som kj\u00f8rer inn i det andre t\u00e5rnet. Var ikke det f\u00f8rste krasjet en ulykke likevel?<\/p>\n<p>Hva vil skje med verden n\u00e5? Vi ble redde \u2013 skulle tredje verdenskrig bryte ut? Det ble et veldig samhold p\u00e5 kafeen. Det var lov til \u00e5 vise f\u00f8lelser som redsel, vantro og usikkerhet.<\/p>\n<p>Det ble et f\u00f8r og etter 11.09.2001.%22<\/p>&#8221; content_last_edited=&#8221;on|phone&#8221; _builder_version=&#8221;4.27.4&#8243; _module_preset=&#8221;default&#8221; text_font_size=&#8221;16px&#8221; text_line_height=&#8221;1.8em&#8221; custom_margin=&#8221;||35px||false|false&#8221; custom_margin_tablet=&#8221;||||false|false&#8221; custom_margin_phone=&#8221;||||false|false&#8221; custom_margin_last_edited=&#8221;on|phone&#8221; text_line_height_tablet=&#8221;1.8em&#8221; text_line_height_phone=&#8221;1.5em&#8221; text_line_height_last_edited=&#8221;on|desktop&#8221; locked=&#8221;off&#8221; global_colors_info=&#8221;{}&#8221;]<p>&#8220;Jeg gleder meg s\u00e5nn til \u00e5 treffe venninna mi p\u00e5 kafe, tar bussen etter jobben ned til byen. Telefonen ringer. Mannen min sp\u00f8r om jeg har h\u00f8rt det. Han forteller om et fly som krasjet inn i Twin Towers i New York.<\/p>\n<p>Jeg g\u00e5r inn p\u00e5 kafeen. Treffer m\u00e5pende blikk. Alle skjermer st\u00e5r p\u00e5 og viser live det andre flyet som kj\u00f8rer inn i det andre t\u00e5rnet. Var ikke det f\u00f8rste krasjet en ulykke likevel?<\/p>\n<p>Hva vil skje med verden n\u00e5? Vi ble redde \u2013 skulle tredje verdenskrig bryte ut? Det ble et veldig samhold p\u00e5 kafeen. Det var lov til \u00e5 vise f\u00f8lelser som redsel, vantro og usikkerhet.<\/p>\n<p>Det ble et f\u00f8r og etter 11.09.2001.&#8221;<\/p>[\/et_pb_text][\/et_pb_column][et_pb_column type=&#8221;1_2&#8243; disabled_on=&#8221;off|off|off&#8221; _builder_version=&#8221;4.27.4&#8243; _module_preset=&#8221;default&#8221; custom_padding=&#8221;||||false|false&#8221; custom_padding_tablet=&#8221;||||false|false&#8221; custom_padding_phone=&#8221;0px|0px|||false|false&#8221; custom_padding_last_edited=&#8221;on|tablet&#8221; global_colors_info=&#8221;{}&#8221;][et_pb_image src=&#8221;https:\/\/leselop.usn.no\/wp-content\/uploads\/2025\/02\/katrines-livsfortelling.jpg&#8221; title_text=&#8221;katrines-livsfortelling&#8221; align=&#8221;center&#8221; _builder_version=&#8221;4.27.4&#8243; _module_preset=&#8221;default&#8221; width_tablet=&#8221;&#8221; width_phone=&#8221;88%&#8221; width_last_edited=&#8221;on|phone&#8221; module_alignment=&#8221;right&#8221; custom_padding=&#8221;||||false|false&#8221; global_colors_info=&#8221;{}&#8221;][\/et_pb_image][\/et_pb_column][\/et_pb_row][et_pb_row _builder_version=&#8221;4.21.0&#8243; _module_preset=&#8221;default&#8221; max_width=&#8221;850px&#8221; module_alignment=&#8221;center&#8221; custom_css_main_element=&#8221;display:flex;||justify-content: center;&#8221; global_colors_info=&#8221;{}&#8221;][et_pb_column type=&#8221;4_4&#8243; _builder_version=&#8221;4.21.0&#8243; _module_preset=&#8221;default&#8221; global_colors_info=&#8221;{}&#8221;][et_pb_code _builder_version=&#8221;4.21.0&#8243; _module_preset=&#8221;default&#8221; text_orientation=&#8221;center&#8221; text_orientation_tablet=&#8221;center&#8221; text_orientation_phone=&#8221;center&#8221; text_orientation_last_edited=&#8221;on|desktop&#8221; global_colors_info=&#8221;{}&#8221;]<button id=\"backButton\" style=\"<!-- [et_pb_line_break_holder] -->background: #8dcfb7; <!-- [et_pb_line_break_holder] -->border-radius: 10px; <!-- [et_pb_line_break_holder] -->width: 100px; <!-- [et_pb_line_break_holder] -->height: 40px; <!-- [et_pb_line_break_holder] -->border: none; <!-- [et_pb_line_break_holder] -->font-size: 18px;<!-- [et_pb_line_break_holder] -->color: #000000; <!-- [et_pb_line_break_holder] -->transform: uppercase;&#8221; <!-- [et_pb_line_break_holder] -->onmouseover=&#8221;this.style.backgroundColor=&#8217;#5a5e5e&#8217;; this.style.color=&#8217;#ffffff&#8217;;&#8221;<!-- [et_pb_line_break_holder] -->onmouseout=&#8221;this.style.backgroundColor=&#8217;#8dcfb7&#8242;; this.style.color=&#8217;#000000&#8242;;&#8221; <!-- [et_pb_line_break_holder] -->onclick=&#8221;myFunction()&#8221;>Tilbake<\/button><!-- [et_pb_line_break_holder] --><!-- [et_pb_line_break_holder] --><script><!-- [et_pb_line_break_holder] -->document.addEventListener('DOMContentLoaded', function() {<!-- [et_pb_line_break_holder] -->  var backButton = document.getElementById('backButton'); <!-- [et_pb_line_break_holder] -->  <!-- [et_pb_line_break_holder] -->  if (backButton) {<!-- [et_pb_line_break_holder] -->    backButton.addEventListener('click', function() {<!-- [et_pb_line_break_holder] -->      window.history.back();<!-- [et_pb_line_break_holder] -->    });<!-- [et_pb_line_break_holder] -->  }<!-- [et_pb_line_break_holder] -->});<!-- [et_pb_line_break_holder] --><\/script><!-- [et_pb_line_break_holder] -->[\/et_pb_code][\/et_pb_column][\/et_pb_row][\/et_pb_section]\n","protected":false},"excerpt":{"rendered":"<p>Livsfortelling fra v\u00e5r kollektive bevissthetEt utdrag av l\u00e6rer Katrines livsfortelling&#8221;Jeg gleder meg s\u00e5nn til \u00e5 treffe venninna mi p\u00e5 kafe, tar bussen etter jobben ned til byen. Telefonen ringer. Mannen min sp\u00f8r om jeg har h\u00f8rt det. Han forteller om et fly som krasjet inn i Twin Towers i New York. Jeg g\u00e5r inn p\u00e5 [&hellip;]<\/p>\n","protected":false},"author":10,"featured_media":0,"parent":0,"menu_order":0,"comment_status":"closed","ping_status":"closed","template":"","meta":{"_et_pb_use_builder":"on","_et_pb_old_content":"","_et_gb_content_width":"","footnotes":""},"trinn":[],"fag":[],"class_list":["post-6048","page","type-page","status-publish","hentry"],"_links":{"self":[{"href":"https:\/\/leselop.usn.no\/index.php?rest_route=\/wp\/v2\/pages\/6048","targetHints":{"allow":["GET"]}}],"collection":[{"href":"https:\/\/leselop.usn.no\/index.php?rest_route=\/wp\/v2\/pages"}],"about":[{"href":"https:\/\/leselop.usn.no\/index.php?rest_route=\/wp\/v2\/types\/page"}],"author":[{"embeddable":true,"href":"https:\/\/leselop.usn.no\/index.php?rest_route=\/wp\/v2\/users\/10"}],"replies":[{"embeddable":true,"href":"https:\/\/leselop.usn.no\/index.php?rest_route=%2Fwp%2Fv2%2Fcomments&post=6048"}],"version-history":[{"count":9,"href":"https:\/\/leselop.usn.no\/index.php?rest_route=\/wp\/v2\/pages\/6048\/revisions"}],"predecessor-version":[{"id":9925,"href":"https:\/\/leselop.usn.no\/index.php?rest_route=\/wp\/v2\/pages\/6048\/revisions\/9925"}],"wp:attachment":[{"href":"https:\/\/leselop.usn.no\/index.php?rest_route=%2Fwp%2Fv2%2Fmedia&parent=6048"}],"wp:term":[{"taxonomy":"trinn","embeddable":true,"href":"https:\/\/leselop.usn.no\/index.php?rest_route=%2Fwp%2Fv2%2Ftrinn&post=6048"},{"taxonomy":"fag","embeddable":true,"href":"https:\/\/leselop.usn.no\/index.php?rest_route=%2Fwp%2Fv2%2Ffag&post=6048"}],"curies":[{"name":"wp","href":"https:\/\/api.w.org\/{rel}","templated":true}]}}