{"id":5922,"date":"2025-02-10T09:42:09","date_gmt":"2025-02-10T08:42:09","guid":{"rendered":"https:\/\/leselop.usn.no\/?page_id=5922"},"modified":"2025-08-07T08:42:08","modified_gmt":"2025-08-07T06:42:08","slug":"leselop-10-aktivitet-3-oppgave","status":"publish","type":"page","link":"https:\/\/leselop.usn.no\/?page_id=5922","title":{"rendered":"10. Minner og kilder &#8211; Aktivitet 3 &#8211; Oppgave"},"content":{"rendered":"\n[et_pb_section fb_built=&#8221;1&#8243; _builder_version=&#8221;4.21.0&#8243; _module_preset=&#8221;default&#8221; background_color=&#8221;#f4f4f4&#8243; custom_css_main_element=&#8221;min-height: 100vh;&#8221; da_disable_devices=&#8221;off|off|off&#8221; global_colors_info=&#8221;{}&#8221; da_is_popup=&#8221;off&#8221; da_exit_intent=&#8221;off&#8221; da_has_close=&#8221;on&#8221; da_alt_close=&#8221;off&#8221; da_dark_close=&#8221;off&#8221; da_not_modal=&#8221;on&#8221; da_is_singular=&#8221;off&#8221; da_with_loader=&#8221;off&#8221; da_has_shadow=&#8221;on&#8221;][et_pb_row column_structure=&#8221;1_4,3_4&#8243; use_custom_gutter=&#8221;on&#8221; gutter_width=&#8221;1&#8243; make_equal=&#8221;on&#8221; _builder_version=&#8221;4.27.4&#8243; _module_preset=&#8221;default&#8221; max_width=&#8221;850px&#8221; custom_css_main_element=&#8221;width:75% !important;&#8221; global_colors_info=&#8221;{}&#8221;][et_pb_column type=&#8221;1_4&#8243; _builder_version=&#8221;4.21.0&#8243; _module_preset=&#8221;default&#8221; custom_css_main_element=&#8221;width:12% !important;&#8221; global_colors_info=&#8221;{}&#8221; custom_css_main_element_last_edited=&#8221;on|phone&#8221; custom_css_main_element_tablet=&#8221;width:18% !important;&#8221; custom_css_main_element_phone=&#8221;width:30% !important;&#8221;][et_pb_image src=&#8221;https:\/\/leselop.usn.no\/wp-content\/uploads\/2025\/06\/Leselop-skrive-green.png&#8221; title_text=&#8221;Leselop-skrive-green&#8221; src_tablet=&#8221;https:\/\/leselop.usn.no\/wp-content\/uploads\/2025\/06\/Leselop-skrive-green.png&#8221; src_phone=&#8221;https:\/\/leselop.usn.no\/wp-content\/uploads\/2025\/06\/Leselop-skrive-green.png&#8221; src_last_edited=&#8221;on|phone&#8221; _builder_version=&#8221;4.27.4&#8243; _module_preset=&#8221;default&#8221; hover_enabled=&#8221;0&#8243; global_colors_info=&#8221;{}&#8221; sticky_enabled=&#8221;0&#8243;][\/et_pb_image][\/et_pb_column][et_pb_column type=&#8221;3_4&#8243; _builder_version=&#8221;4.27.4&#8243; _module_preset=&#8221;default&#8221; custom_css_main_element=&#8221;width:88% !important;||margin: auto;||padding-left: 30px;&#8221; global_colors_info=&#8221;{}&#8221; custom_css_main_element_last_edited=&#8221;on|phone&#8221; custom_css_main_element_tablet=&#8221;width:82% !important;||padding-left: 25px;||padding-top:32px&#8221; custom_css_main_element_phone=&#8221;width:70% !important;||padding-left: 15px;||padding-top:30px&#8221;][et_pb_text content_tablet=&#8221;<h1>Oppgave<\/h1>&#8221; content_phone=&#8221;<h3>Oppgave<\/h3>&#8221; content_last_edited=&#8221;on|phone&#8221; _builder_version=&#8221;4.27.4&#8243; _module_preset=&#8221;default&#8221; hover_enabled=&#8221;0&#8243; global_colors_info=&#8221;{}&#8221; custom_css_main_element_last_edited=&#8221;on|phone&#8221; sticky_enabled=&#8221;0&#8243;]<h1>Oppgave<\/h1>[\/et_pb_text][\/et_pb_column][\/et_pb_row][et_pb_row column_structure=&#8221;1_2,1_2&#8243; custom_padding_last_edited=&#8221;on|phone&#8221; _builder_version=&#8221;4.27.4&#8243; _module_preset=&#8221;default&#8221; background_color=&#8221;#ffffff&#8221; background_enable_image=&#8221;off&#8221; max_width=&#8221;850px&#8221; max_width_tablet=&#8221;850px&#8221; max_width_phone=&#8221;850px&#8221; max_width_last_edited=&#8221;on|desktop&#8221; custom_padding=&#8221;60px|70px|60px|70px|false|false&#8221; custom_padding_tablet=&#8221;50px|55px|50px|55px|false|false&#8221; custom_padding_phone=&#8221;45px|45px|50px|45px|false|false&#8221; background_last_edited=&#8221;on|tablet&#8221; background_enable_image_phone=&#8221;off&#8221; border_radii=&#8221;on|30px|30px|30px|30px&#8221; border_width_all=&#8221;3px&#8221; border_color_all=&#8221;#82C8AE&#8221; global_colors_info=&#8221;{}&#8221; custom_css_main_element_last_edited=&#8221;on|phone&#8221; custom_css_main_element_tablet=&#8221;||&#8221; custom_css_main_element_phone=&#8221;||&#8221;][et_pb_column type=&#8221;1_2&#8243; _builder_version=&#8221;4.27.4&#8243; _module_preset=&#8221;default&#8221; background_color=&#8221;RGBA(255,255,255,0)&#8221; background_enable_image=&#8221;off&#8221; global_colors_info=&#8221;{}&#8221;][et_pb_text content_tablet=&#8221;<h3>Liste over gode minner<\/h3>&#8221; content_phone=&#8221;<h4>Liste over gode minner<\/h4>&#8221; content_last_edited=&#8221;on|phone&#8221; _builder_version=&#8221;4.27.4&#8243; _module_preset=&#8221;default&#8221; text_font_size=&#8221;17px&#8221; text_line_height=&#8221;1.8em&#8221; custom_margin=&#8221;||5px||false|false&#8221; custom_margin_tablet=&#8221;||||false|false&#8221; custom_margin_phone=&#8221;||||false|false&#8221; custom_margin_last_edited=&#8221;on|phone&#8221; text_line_height_tablet=&#8221;1.8em&#8221; text_line_height_phone=&#8221;1.5em&#8221; text_line_height_last_edited=&#8221;on|desktop&#8221; locked=&#8221;off&#8221; global_colors_info=&#8221;{}&#8221;]<h3>Liste over gode minner<\/h3>[\/et_pb_text][et_pb_text content_tablet=&#8221;<p>N\u00e5r man opplever vanskelige eller fortvilte situasjoner, kan gode minner v\u00e6re avgj\u00f8rende for \u00e5 holde ut. Julians gode minner handler om familien hans og felles glede av musikk.<\/p>&#8221; content_phone=&#8221;<p>N\u00e5r man opplever vanskelige eller fortvilte situasjoner, kan gode minner v\u00e6re avgj\u00f8rende for \u00e5 holde ut. Julians gode minner handler om familien hans og felles glede av musikk.<\/p>&#8221; content_last_edited=&#8221;on|phone&#8221; _builder_version=&#8221;4.27.4&#8243; _module_preset=&#8221;default&#8221; text_font_size=&#8221;17px&#8221; text_line_height=&#8221;1.8em&#8221; custom_margin=&#8221;||30px||false|false&#8221; custom_margin_tablet=&#8221;||||false|false&#8221; custom_margin_phone=&#8221;||||false|false&#8221; custom_margin_last_edited=&#8221;on|phone&#8221; text_line_height_tablet=&#8221;1.8em&#8221; text_line_height_phone=&#8221;1.5em&#8221; text_line_height_last_edited=&#8221;on|desktop&#8221; locked=&#8221;off&#8221; global_colors_info=&#8221;{}&#8221;]<p>N\u00e5r man opplever vanskelige eller <br \/>fortvilte situasjoner, kan gode minner <br \/>v\u00e6re avgj\u00f8rende for \u00e5 holde ut. <br \/>Julians gode minner handler om <br \/>familien hans og felles glede av <br \/>musikk.<\/p>[\/et_pb_text][et_pb_text content_tablet=&#8221;<h3>Oppgave:<\/h3>&#8221; content_phone=&#8221;<h4>Oppgave:<\/h4>&#8221; content_last_edited=&#8221;on|phone&#8221; _builder_version=&#8221;4.27.4&#8243; _module_preset=&#8221;default&#8221; text_font_size=&#8221;17px&#8221; text_line_height=&#8221;1.8em&#8221; custom_margin=&#8221;||5px||false|false&#8221; custom_margin_tablet=&#8221;||||false|false&#8221; custom_margin_phone=&#8221;||||false|false&#8221; custom_margin_last_edited=&#8221;on|phone&#8221; text_line_height_tablet=&#8221;1.8em&#8221; text_line_height_phone=&#8221;1.5em&#8221; text_line_height_last_edited=&#8221;on|desktop&#8221; locked=&#8221;off&#8221; global_colors_info=&#8221;{}&#8221;]<h3>Oppgave:<\/h3>[\/et_pb_text][et_pb_text content_tablet=&#8221;<p>Skriv ei liste med gode minner som du har med familie, venner, alene&#8230; (tre minutter)<\/p>&#8221; content_phone=&#8221;<p>Skriv ei liste med gode minner som du har med familie, venner, alene&#8230; (tre minutter)<\/p>&#8221; content_last_edited=&#8221;on|phone&#8221; _builder_version=&#8221;4.27.4&#8243; _module_preset=&#8221;default&#8221; text_font_size=&#8221;17px&#8221; text_line_height=&#8221;1.8em&#8221; custom_margin=&#8221;||30px||false|false&#8221; custom_margin_tablet=&#8221;||5px||false|false&#8221; custom_margin_phone=&#8221;||||false|false&#8221; custom_margin_last_edited=&#8221;on|phone&#8221; text_line_height_tablet=&#8221;1.8em&#8221; text_line_height_phone=&#8221;1.5em&#8221; text_line_height_last_edited=&#8221;on|desktop&#8221; locked=&#8221;off&#8221; global_colors_info=&#8221;{}&#8221;]<p>Skriv ei liste med gode minner <br \/>som du har med familie, venner, <br \/>alene&#8230; (tre minutter)\u00a0<\/p>[\/et_pb_text][\/et_pb_column][et_pb_column type=&#8221;1_2&#8243; _builder_version=&#8221;4.21.0&#8243; _module_preset=&#8221;default&#8221; global_colors_info=&#8221;{}&#8221;][et_pb_image src=&#8221;https:\/\/leselop.usn.no\/wp-content\/uploads\/2025\/02\/gjenkalle-minner.jpg&#8221; title_text=&#8221;gjenkalle-minner&#8221; src_tablet=&#8221;https:\/\/leselop.usn.no\/wp-content\/uploads\/2025\/02\/gjenkalle-minner.jpg&#8221; src_phone=&#8221;https:\/\/leselop.usn.no\/wp-content\/uploads\/2025\/02\/gjenkalle-minner.jpg&#8221; src_last_edited=&#8221;on|tablet&#8221; _builder_version=&#8221;4.27.4&#8243; _module_preset=&#8221;default&#8221; global_colors_info=&#8221;{}&#8221;][\/et_pb_image][\/et_pb_column][\/et_pb_row][et_pb_row _builder_version=&#8221;4.21.0&#8243; _module_preset=&#8221;default&#8221; max_width=&#8221;850px&#8221; module_alignment=&#8221;center&#8221; custom_css_main_element=&#8221;display:flex;||justify-content: center;&#8221; global_colors_info=&#8221;{}&#8221;][et_pb_column type=&#8221;4_4&#8243; _builder_version=&#8221;4.21.0&#8243; _module_preset=&#8221;default&#8221; global_colors_info=&#8221;{}&#8221;][et_pb_code _builder_version=&#8221;4.21.0&#8243; _module_preset=&#8221;default&#8221; text_orientation=&#8221;center&#8221; text_orientation_tablet=&#8221;center&#8221; text_orientation_phone=&#8221;center&#8221; text_orientation_last_edited=&#8221;on|desktop&#8221; global_colors_info=&#8221;{}&#8221;]<button id=\"backButton\" style=\"<!-- [et_pb_line_break_holder] -->background: #8dcfb7; <!-- [et_pb_line_break_holder] -->border-radius: 10px; <!-- [et_pb_line_break_holder] -->width: 100px; <!-- [et_pb_line_break_holder] -->height: 40px; <!-- [et_pb_line_break_holder] -->border: none; <!-- [et_pb_line_break_holder] -->font-size: 18px;<!-- [et_pb_line_break_holder] -->color: #000000; <!-- [et_pb_line_break_holder] -->transform: uppercase;&#8221; <!-- [et_pb_line_break_holder] -->onmouseover=&#8221;this.style.backgroundColor=&#8217;#5a5e5e&#8217;; this.style.color=&#8217;#ffffff&#8217;;&#8221;<!-- [et_pb_line_break_holder] -->onmouseout=&#8221;this.style.backgroundColor=&#8217;#8dcfb7&#8242;; this.style.color=&#8217;#000000&#8242;;&#8221; <!-- [et_pb_line_break_holder] -->onclick=&#8221;myFunction()&#8221;>Tilbake<\/button><!-- [et_pb_line_break_holder] --><!-- [et_pb_line_break_holder] --><script><!-- [et_pb_line_break_holder] -->document.addEventListener('DOMContentLoaded', function() {<!-- [et_pb_line_break_holder] -->  var backButton = document.getElementById('backButton'); <!-- [et_pb_line_break_holder] -->  <!-- [et_pb_line_break_holder] -->  if (backButton) {<!-- [et_pb_line_break_holder] -->    backButton.addEventListener('click', function() {<!-- [et_pb_line_break_holder] -->      window.history.back();<!-- [et_pb_line_break_holder] -->    });<!-- [et_pb_line_break_holder] -->  }<!-- [et_pb_line_break_holder] -->});<!-- [et_pb_line_break_holder] --><\/script><!-- [et_pb_line_break_holder] -->[\/et_pb_code][\/et_pb_column][\/et_pb_row][\/et_pb_section]\n","protected":false},"excerpt":{"rendered":"<p>OppgaveListe over gode minnerN\u00e5r man opplever vanskelige eller fortvilte situasjoner, kan gode minner v\u00e6re avgj\u00f8rende for \u00e5 holde ut. Julians gode minner handler om familien hans og felles glede av musikk.Oppgave:Skriv ei liste med gode minner som du har med familie, venner, alene&#8230; (tre minutter)\u00a0<\/p>\n","protected":false},"author":10,"featured_media":0,"parent":0,"menu_order":0,"comment_status":"closed","ping_status":"closed","template":"","meta":{"_et_pb_use_builder":"on","_et_pb_old_content":"","_et_gb_content_width":"","footnotes":""},"trinn":[],"fag":[],"class_list":["post-5922","page","type-page","status-publish","hentry"],"_links":{"self":[{"href":"https:\/\/leselop.usn.no\/index.php?rest_route=\/wp\/v2\/pages\/5922","targetHints":{"allow":["GET"]}}],"collection":[{"href":"https:\/\/leselop.usn.no\/index.php?rest_route=\/wp\/v2\/pages"}],"about":[{"href":"https:\/\/leselop.usn.no\/index.php?rest_route=\/wp\/v2\/types\/page"}],"author":[{"embeddable":true,"href":"https:\/\/leselop.usn.no\/index.php?rest_route=\/wp\/v2\/users\/10"}],"replies":[{"embeddable":true,"href":"https:\/\/leselop.usn.no\/index.php?rest_route=%2Fwp%2Fv2%2Fcomments&post=5922"}],"version-history":[{"count":9,"href":"https:\/\/leselop.usn.no\/index.php?rest_route=\/wp\/v2\/pages\/5922\/revisions"}],"predecessor-version":[{"id":9935,"href":"https:\/\/leselop.usn.no\/index.php?rest_route=\/wp\/v2\/pages\/5922\/revisions\/9935"}],"wp:attachment":[{"href":"https:\/\/leselop.usn.no\/index.php?rest_route=%2Fwp%2Fv2%2Fmedia&parent=5922"}],"wp:term":[{"taxonomy":"trinn","embeddable":true,"href":"https:\/\/leselop.usn.no\/index.php?rest_route=%2Fwp%2Fv2%2Ftrinn&post=5922"},{"taxonomy":"fag","embeddable":true,"href":"https:\/\/leselop.usn.no\/index.php?rest_route=%2Fwp%2Fv2%2Ffag&post=5922"}],"curies":[{"name":"wp","href":"https:\/\/api.w.org\/{rel}","templated":true}]}}