{"id":57,"date":"2023-02-17T09:21:01","date_gmt":"2023-02-17T09:21:01","guid":{"rendered":"https:\/\/leselop.usn.no\/?page_id=57"},"modified":"2025-09-02T11:49:44","modified_gmt":"2025-09-02T09:49:44","slug":"om-leselop","status":"publish","type":"page","link":"https:\/\/leselop.usn.no\/?page_id=57","title":{"rendered":"Om Lesel\u00f8p!"},"content":{"rendered":"<p>[et_pb_section fb_built=&#8221;1&#8243; _builder_version=&#8221;4.21.0&#8243; _module_preset=&#8221;default&#8221; da_disable_devices=&#8221;off|off|off&#8221; global_colors_info=&#8221;{}&#8221; da_is_popup=&#8221;off&#8221; da_exit_intent=&#8221;off&#8221; da_has_close=&#8221;on&#8221; da_alt_close=&#8221;off&#8221; da_dark_close=&#8221;off&#8221; da_not_modal=&#8221;on&#8221; da_is_singular=&#8221;off&#8221; da_with_loader=&#8221;off&#8221; da_has_shadow=&#8221;on&#8221;][et_pb_row _builder_version=&#8221;4.21.0&#8243; _module_preset=&#8221;default&#8221; global_colors_info=&#8221;{}&#8221;][et_pb_column type=&#8221;4_4&#8243; _builder_version=&#8221;4.21.0&#8243; _module_preset=&#8221;default&#8221; global_colors_info=&#8221;{}&#8221;][et_pb_text content_tablet=&#8221;<\/p>\n<h1>Om prosjektet <em>Lesel\u00f8p!<\/em><\/h1>\n<p><span data-contrast=%22auto%22 xml:lang=%22NB-NO%22 lang=%22NB-NO%22 class=%22TextRun SCXW267419233 BCX4%22><span class=%22NormalTextRun SCXW267419233 BCX4%22><\/span><\/span><\/p>\n<p><span data-contrast=%22auto%22 xml:lang=%22NB-NO%22 lang=%22NB-NO%22 class=%22TextRun SCXW267419233 BCX4%22><span class=%22NormalTextRun SCXW267419233 BCX4%22>I prosjektet\u202f<\/span><\/span><span data-contrast=%22auto%22 xml:lang=%22NB-NO%22 lang=%22NB-NO%22 class=%22TextRun SCXW267419233 BCX4%22><span class=%22NormalTextRun SCXW267419233 BCX4%22>Lesel\u00f8p<\/span><\/span><span data-contrast=%22auto%22 xml:lang=%22NB-NO%22 lang=%22NB-NO%22 class=%22TextRun SCXW267419233 BCX4%22><span class=%22NormalTextRun SCXW267419233 BCX4%22>! utforske<\/span><span class=%22NormalTextRun SCXW267419233 BCX4%22>r<\/span><span class=%22NormalTextRun SCXW267419233 BCX4%22> og utvikle<\/span><span class=%22NormalTextRun SCXW267419233 BCX4%22>r vi<\/span><span class=%22NormalTextRun SCXW267419233 BCX4%22> analoge og digitale undervisningsressurser i lesing for grunnskolen i og p\u00e5 tvers av fag. <\/span><span class=%22NormalTextRun SCXW267419233 BCX4%22>Vi <\/span><span class=%22NormalTextRun SCXW267419233 BCX4%22>har<\/span><span class=%22NormalTextRun SCXW267419233 BCX4%22> f\u00f8rst <\/span><span class=%22NormalTextRun SCXW267419233 BCX4%22>utvikle<\/span><span class=%22NormalTextRun SCXW267419233 BCX4%22>t<\/span><span class=%22NormalTextRun SCXW267419233 BCX4%22> og pr\u00f8v<\/span><span class=%22NormalTextRun SCXW267419233 BCX4%22>d<\/span><span class=%22NormalTextRun SCXW267419233 BCX4%22> ut leseundervisning i et l\u00e6ringslaboratorium, kalt Profesjonsverkstedet, p\u00e5 Universitetet i S\u00f8r\u00f8st-Norge.\u202f<\/span><span class=%22NormalTextRun SCXW267419233 BCX4%22>Deretter har vi <\/span><span class=%22NormalTextRun SCXW267419233 BCX4%22>videreutviklet leseundervisning i samarbeid med<\/span><span class=%22NormalTextRun SCXW267419233 BCX4%22> leseforskere p\u00e5 USN og<\/span><span class=%22NormalTextRun SCXW267419233 BCX4%22> l\u00e6rere i Sandefjord-skolen. <\/span><span class=%22NormalTextRun SCXW267419233 BCX4%22>Vi har formulert leseutfordring<\/span><span class=%22NormalTextRun SCXW267419233 BCX4%22>er<\/span><span class=%22NormalTextRun SCXW267419233 BCX4%22>, som er dokumentert i forskning og erfart i klasserommet og utviklet, pr\u00f8vd ut og evaluert<\/span><span class=%22NormalTextRun SCXW267419233 BCX4%22> undervisningen. <\/span><span class=%22NormalTextRun SCXW267419233 BCX4%22>I tillegg har <\/span><span class=%22NormalTextRun SCXW267419233 BCX4%22>studentene v\u00e5re <\/span><span class=%22NormalTextRun SCXW267419233 BCX4%22>f\u00e5tt <\/span><span class=%22NormalTextRun SCXW267419233 BCX4%22>undervisning i lesing og <\/span><span class=%22NormalTextRun SCXW267419233 BCX4%22>undervisningskomposisjoner, <\/span><span class=%22NormalTextRun SCXW267419233 BCX4%22>skapt <\/span><span class=%22NormalTextRun SCXW267419233 BCX4%22>egen <\/span><span class=%22NormalTextRun SCXW267419233 BCX4%22>leseundervisning<\/span><span class=%22NormalTextRun SCXW267419233 BCX4%22> og <\/span><span class=%22NormalTextRun SCXW267419233 BCX4%22>pr\u00f8vd den ut i praksis<\/span><span class=%22NormalTextRun SCXW267419233 BCX4%22>. <\/span><span class=%22NormalTextRun SCXW267419233 BCX4%22>Alt dette er dokumentert i <\/span><span class=%22NormalTextRun SpellingErrorV2Themed SCXW267419233 BCX4%22>lesel\u00f8plinjer<\/span><span class=%22NormalTextRun SCXW267419233 BCX4%22> <\/span><span class=%22NormalTextRun SCXW267419233 BCX4%22>i denne ressursen. <\/span><\/span><\/p>\n<p>Samarbeidet resulterer i at nyere leseforskning omsettes til praktisk undervisning, alts\u00e5 lesedidaktikk. Et overordnet m\u00e5l for prosjektet er \u00e5 utvikle et profesjonsfelleskap mellom grunnskolel\u00e6rerutdanningen (GLU) og samarbeidspartnere fra arbeidsliv (Sandefjord kommune), Desentralisert kompetanseutvikling (DeKomp) og Enhet for digitalisering og utdanningskvalitet (eDu). Alle parter bidrar med spisskompetanse og er gjensidig avhengige av hverandre for \u00e5 skape st\u00f8rre arbeidslivsrelvans for l\u00e6rerstudentene og for \u00e5 l\u00f8se fremtidens b\u00e6rekraftsm\u00e5l knyttet til utdanning med vekt p\u00e5 leseundervisning som inkluderer alle elever.<\/p>\n<p>&#8221; content_phone=&#8221;<\/p>\n<h1>Om prosjektet <em>Lesel\u00f8p!<\/em><\/h1>\n<p><span data-contrast=%22auto%22 xml:lang=%22NB-NO%22 lang=%22NB-NO%22 class=%22TextRun SCXW267419233 BCX4%22><span class=%22NormalTextRun SCXW267419233 BCX4%22><\/span><\/span><\/p>\n<p><span data-contrast=%22auto%22 xml:lang=%22NB-NO%22 lang=%22NB-NO%22 class=%22TextRun SCXW267419233 BCX4%22><span class=%22NormalTextRun SCXW267419233 BCX4%22>I prosjektet\u202f<\/span><\/span><span data-contrast=%22auto%22 xml:lang=%22NB-NO%22 lang=%22NB-NO%22 class=%22TextRun SCXW267419233 BCX4%22><span class=%22NormalTextRun SCXW267419233 BCX4%22>Lesel\u00f8p<\/span><\/span><span data-contrast=%22auto%22 xml:lang=%22NB-NO%22 lang=%22NB-NO%22 class=%22TextRun SCXW267419233 BCX4%22><span class=%22NormalTextRun SCXW267419233 BCX4%22>! utforske<\/span><span class=%22NormalTextRun SCXW267419233 BCX4%22>r<\/span><span class=%22NormalTextRun SCXW267419233 BCX4%22> og utvikle<\/span><span class=%22NormalTextRun SCXW267419233 BCX4%22>r vi<\/span><span class=%22NormalTextRun SCXW267419233 BCX4%22> analoge og digitale undervisningsressurser i lesing for grunnskolen i og p\u00e5 tvers av fag. <\/span><span class=%22NormalTextRun SCXW267419233 BCX4%22>Vi <\/span><span class=%22NormalTextRun SCXW267419233 BCX4%22>har<\/span><span class=%22NormalTextRun SCXW267419233 BCX4%22> f\u00f8rst <\/span><span class=%22NormalTextRun SCXW267419233 BCX4%22>utvikle<\/span><span class=%22NormalTextRun SCXW267419233 BCX4%22>t<\/span><span class=%22NormalTextRun SCXW267419233 BCX4%22> og pr\u00f8v<\/span><span class=%22NormalTextRun SCXW267419233 BCX4%22>d<\/span><span class=%22NormalTextRun SCXW267419233 BCX4%22> ut leseundervisning i et l\u00e6ringslaboratorium, kalt Profesjonsverkstedet, p\u00e5 Universitetet i S\u00f8r\u00f8st-Norge.\u202f<\/span><span class=%22NormalTextRun SCXW267419233 BCX4%22>Deretter har vi <\/span><span class=%22NormalTextRun SCXW267419233 BCX4%22>videreutviklet leseundervisning i samarbeid med<\/span><span class=%22NormalTextRun SCXW267419233 BCX4%22> leseforskere p\u00e5 USN og<\/span><span class=%22NormalTextRun SCXW267419233 BCX4%22> l\u00e6rere i Sandefjord-skolen. <\/span><span class=%22NormalTextRun SCXW267419233 BCX4%22>Vi har formulert leseutfordring<\/span><span class=%22NormalTextRun SCXW267419233 BCX4%22>er<\/span><span class=%22NormalTextRun SCXW267419233 BCX4%22>, som er dokumentert i forskning og erfart i klasserommet og utviklet, pr\u00f8vd ut og evaluert<\/span><span class=%22NormalTextRun SCXW267419233 BCX4%22> undervisningen. <\/span><span class=%22NormalTextRun SCXW267419233 BCX4%22>I tillegg har <\/span><span class=%22NormalTextRun SCXW267419233 BCX4%22>studentene v\u00e5re <\/span><span class=%22NormalTextRun SCXW267419233 BCX4%22>f\u00e5tt <\/span><span class=%22NormalTextRun SCXW267419233 BCX4%22>undervisning i lesing og <\/span><span class=%22NormalTextRun SCXW267419233 BCX4%22>undervisningskomposisjoner, <\/span><span class=%22NormalTextRun SCXW267419233 BCX4%22>skapt <\/span><span class=%22NormalTextRun SCXW267419233 BCX4%22>egen <\/span><span class=%22NormalTextRun SCXW267419233 BCX4%22>leseundervisning<\/span><span class=%22NormalTextRun SCXW267419233 BCX4%22> og <\/span><span class=%22NormalTextRun SCXW267419233 BCX4%22>pr\u00f8vd den ut i praksis<\/span><span class=%22NormalTextRun SCXW267419233 BCX4%22>. <\/span><span class=%22NormalTextRun SCXW267419233 BCX4%22>Alt dette er dokumentert i <\/span><span class=%22NormalTextRun SpellingErrorV2Themed SCXW267419233 BCX4%22>lesel\u00f8plinjer<\/span><span class=%22NormalTextRun SCXW267419233 BCX4%22> <\/span><span class=%22NormalTextRun SCXW267419233 BCX4%22>i denne ressursen. <\/span><\/span><\/p>\n<p>Samarbeidet resulterer i at nyere leseforskning omsettes til praktisk undervisning, alts\u00e5 lesedidaktikk. Et overordnet m\u00e5l for prosjektet er \u00e5 utvikle et profesjonsfelleskap mellom grunnskolel\u00e6rerutdanningen (GLU) og samarbeidspartnere fra arbeidsliv (Sandefjord kommune), Desentralisert kompetanseutvikling (DeKomp) og Enhet for digitalisering og utdanningskvalitet (eDu). Alle parter bidrar med spisskompetanse og er gjensidig avhengige av hverandre for \u00e5 skape st\u00f8rre arbeidslivsrelvans for l\u00e6rerstudentene og for \u00e5 l\u00f8se fremtidens b\u00e6rekraftsm\u00e5l knyttet til utdanning med vekt p\u00e5 leseundervisning som inkluderer alle elever.<\/p>\n<p>&#8221; content_last_edited=&#8221;on|tablet&#8221; _builder_version=&#8221;4.27.4&#8243; _module_preset=&#8221;default&#8221; text_font_size=&#8221;18px&#8221; text_line_height=&#8221;1.8em&#8221; custom_padding=&#8221;||30px||false|false&#8221; text_font_size_tablet=&#8221;16px&#8221; text_font_size_phone=&#8221;15px&#8221; text_font_size_last_edited=&#8221;on|phone&#8221; global_colors_info=&#8221;{}&#8221;]<\/p>\n<h1>Om prosjektet <em>Lesel\u00f8p!<\/em><\/h1>\n<p><span data-contrast=\"auto\" xml:lang=\"NB-NO\" lang=\"NB-NO\" class=\"TextRun SCXW267419233 BCX4\"><span class=\"NormalTextRun SCXW267419233 BCX4\"><\/span><\/span><\/p>\n<p><span data-contrast=\"auto\" xml:lang=\"NB-NO\" lang=\"NB-NO\" class=\"TextRun SCXW267419233 BCX4\"><span class=\"NormalTextRun SCXW267419233 BCX4\">I prosjektet\u202f<\/span><\/span><span data-contrast=\"auto\" xml:lang=\"NB-NO\" lang=\"NB-NO\" class=\"TextRun SCXW267419233 BCX4\"><span class=\"NormalTextRun SCXW267419233 BCX4\">Lesel\u00f8p<\/span><\/span><span data-contrast=\"auto\" xml:lang=\"NB-NO\" lang=\"NB-NO\" class=\"TextRun SCXW267419233 BCX4\"><span class=\"NormalTextRun SCXW267419233 BCX4\">! utforske<\/span><span class=\"NormalTextRun SCXW267419233 BCX4\">r<\/span><span class=\"NormalTextRun SCXW267419233 BCX4\"> og utvikle<\/span><span class=\"NormalTextRun SCXW267419233 BCX4\">r vi<\/span><span class=\"NormalTextRun SCXW267419233 BCX4\"> analoge og digitale undervisningsressurser i lesing for grunnskolen i og p\u00e5 tvers av fag. <\/span><span class=\"NormalTextRun SCXW267419233 BCX4\">Vi <\/span><span class=\"NormalTextRun SCXW267419233 BCX4\">har<\/span><span class=\"NormalTextRun SCXW267419233 BCX4\"> f\u00f8rst <\/span><span class=\"NormalTextRun SCXW267419233 BCX4\">utvikle<\/span><span class=\"NormalTextRun SCXW267419233 BCX4\">t<\/span><span class=\"NormalTextRun SCXW267419233 BCX4\"> og pr\u00f8v<\/span><span class=\"NormalTextRun SCXW267419233 BCX4\">d<\/span><span class=\"NormalTextRun SCXW267419233 BCX4\"> ut leseundervisning i et l\u00e6ringslaboratorium, kalt Profesjonsverkstedet, p\u00e5 Universitetet i S\u00f8r\u00f8st-Norge.\u202f<\/span><span class=\"NormalTextRun SCXW267419233 BCX4\">Deretter har vi <\/span><span class=\"NormalTextRun SCXW267419233 BCX4\">videreutviklet leseundervisning i samarbeid med<\/span><span class=\"NormalTextRun SCXW267419233 BCX4\"> leseforskere p\u00e5 USN og<\/span><span class=\"NormalTextRun SCXW267419233 BCX4\"> l\u00e6rere i Sandefjord-skolen. <\/span><span class=\"NormalTextRun SCXW267419233 BCX4\">Vi har formulert leseutfordring<\/span><span class=\"NormalTextRun SCXW267419233 BCX4\">er<\/span><span class=\"NormalTextRun SCXW267419233 BCX4\">, som er dokumentert i forskning og erfart i klasserommet og utviklet, pr\u00f8vd ut og evaluert<\/span><span class=\"NormalTextRun SCXW267419233 BCX4\"> undervisningen. <\/span><span class=\"NormalTextRun SCXW267419233 BCX4\">I tillegg har <\/span><span class=\"NormalTextRun SCXW267419233 BCX4\">studentene v\u00e5re <\/span><span class=\"NormalTextRun SCXW267419233 BCX4\">f\u00e5tt <\/span><span class=\"NormalTextRun SCXW267419233 BCX4\">undervisning i lesing og <\/span><span class=\"NormalTextRun SCXW267419233 BCX4\">undervisningskomposisjoner, <\/span><span class=\"NormalTextRun SCXW267419233 BCX4\">skapt <\/span><span class=\"NormalTextRun SCXW267419233 BCX4\">egen <\/span><span class=\"NormalTextRun SCXW267419233 BCX4\">leseundervisning<\/span><span class=\"NormalTextRun SCXW267419233 BCX4\"> og <\/span><span class=\"NormalTextRun SCXW267419233 BCX4\">pr\u00f8vd den ut i praksis<\/span><span class=\"NormalTextRun SCXW267419233 BCX4\">. <\/span><span class=\"NormalTextRun SCXW267419233 BCX4\">Alt dette er dokumentert i <\/span><span class=\"NormalTextRun SpellingErrorV2Themed SCXW267419233 BCX4\">lesel\u00f8plinjer<\/span><span class=\"NormalTextRun SCXW267419233 BCX4\"> <\/span><span class=\"NormalTextRun SCXW267419233 BCX4\">i denne ressursen.\u00a0<\/span><\/span><\/p>\n<p>Samarbeidet resulterer i at nyere leseforskning omsettes til praktisk undervisning, alts\u00e5 lesedidaktikk. Et overordnet m\u00e5l for prosjektet er \u00e5 utvikle et profesjonsfelleskap mellom grunnskolel\u00e6rerutdanningen (GLU) og samarbeidspartnere fra arbeidsliv (Sandefjord kommune), Desentralisert kompetanseutvikling (DeKomp) og Enhet for digitalisering og utdanningskvalitet (eDu). Alle parter bidrar med spisskompetanse og er gjensidig avhengige av hverandre for \u00e5 skape st\u00f8rre arbeidslivsrelvans for l\u00e6rerstudentene og for \u00e5 l\u00f8se fremtidens b\u00e6rekraftsm\u00e5l knyttet til utdanning med vekt p\u00e5 leseundervisning som inkluderer alle elever.<\/p>\n<p>[\/et_pb_text][et_pb_image src=&#8221;https:\/\/leselop.usn.no\/wp-content\/uploads\/2023\/06\/Om-prosjektet-ill.-1_stor-1.png&#8221; title_text=&#8221;Om prosjektet ill. 1_stor&#8221; align=&#8221;center&#8221; _builder_version=&#8221;4.27.4&#8243; _module_preset=&#8221;default&#8221; width=&#8221;50%&#8221; width_tablet=&#8221;76%&#8221; width_phone=&#8221;96%&#8221; width_last_edited=&#8221;on|desktop&#8221; module_alignment=&#8221;center&#8221; module_alignment_tablet=&#8221;center&#8221; module_alignment_phone=&#8221;center&#8221; module_alignment_last_edited=&#8221;on|desktop&#8221; global_colors_info=&#8221;{}&#8221;][\/et_pb_image][et_pb_text _builder_version=&#8221;4.27.4&#8243; _module_preset=&#8221;default&#8221; text_font_size=&#8221;18px&#8221; text_line_height=&#8221;1.8em&#8221; ul_line_height=&#8221;1.5em&#8221; custom_padding=&#8221;30px||||false|false&#8221; text_font_size_tablet=&#8221;16px&#8221; text_font_size_phone=&#8221;15px&#8221; text_font_size_last_edited=&#8221;on|tablet&#8221; global_colors_info=&#8221;{}&#8221;]<\/p>\n<h4>Det nyskapende ved prosjektet er:<\/h4>\n<p>&nbsp;<\/p>\n<ul>\n<li>Vi komponerer leseundervisning i et profesjonsfellesskap. Det betyr at vi tester ut, evaluerer og justerer leseressurser gjennom et forpliktende samarbeid mellom studenter, l\u00e6rere og l\u00e6rerutdannere. Ressursene er fleksible og differensierte og knyttes til studentenes praksis.<\/li>\n<li>Vi utvikler <em>lesel\u00f8p<\/em>, dvs. at vi viser hvordan ressurser og aktiviteter om lesing kan settes sammen til helhetlige undervisnings\u00f8kter med en tydelig progresjon fra start til slutt. Det er alts\u00e5 et fokus p\u00e5 hvordan vi komponerer leseundervisning. Samtidig skal leseressurser og leseforl\u00f8p kunne brukes av l\u00e6rerutdannere og l\u00e6rere.<\/li>\n<\/ul>\n<p>[\/et_pb_text][\/et_pb_column][\/et_pb_row][et_pb_row _builder_version=&#8221;4.21.0&#8243; _module_preset=&#8221;default&#8221; global_colors_info=&#8221;{}&#8221;][et_pb_column type=&#8221;4_4&#8243; _builder_version=&#8221;4.21.0&#8243; _module_preset=&#8221;default&#8221; global_colors_info=&#8221;{}&#8221;][et_pb_accordion icon_color=&#8221;#0C71C3&#8243; _builder_version=&#8221;4.27.4&#8243; _module_preset=&#8221;default&#8221; hover_enabled=&#8221;0&#8243; global_colors_info=&#8221;{}&#8221; sticky_enabled=&#8221;0&#8243;][et_pb_accordion_item title=&#8221;Organisering&#8221; open=&#8221;off&#8221; _builder_version=&#8221;4.21.0&#8243; _module_preset=&#8221;default&#8221; body_font_size=&#8221;16px&#8221; global_colors_info=&#8221;{}&#8221; toggle_font_size=&#8221;20px&#8221; closed_toggle_font_size=&#8221;16px&#8221;]<\/p>\n<p>Prosjektet gjennomf\u00f8res i tre faser:<\/p>\n<p><strong>Fase 1: Undervisning i profesjonsverkstedet: <\/strong>Studentene skal f\u00e5 oppl\u00e6ring i leseforskning, leseteorier og lesemetoder og v\u00e6re med p\u00e5 \u00e5 produsere, utforske og dele ressurser og ideer til leseundervisning i alle fag. L\u00e6rere og l\u00e6rerutdannere underviser studenter sammen i Profesjonsverkstedet. De samarbeider om \u00e5 utvikle, pr\u00f8ve ut og evaluere metoder og ressurser som er relevante for leseundervisning p\u00e5 tvers av fag. I Profesjonsverkstedet \u00f8ver studentene p\u00e5 \u00e5 undervise hverandre og elever fra samarbeidsskoler. Undervisningen filmes og brukes som grunnlag for refleksjon og som materiale til den digitale plattformen <em>Lesel\u00f8p!<\/em><\/p>\n<p><strong>Fase 2: Utpr\u00f8ving i ordin\u00e6r praksis: <\/strong>Den planlagte leseundervisningen adapteres og gjennomf\u00f8res. Studentene pr\u00f8ver ut og observerer hverandre og praksisl\u00e6rers undervisning i ordin\u00e6r praksis. L\u00e6rerutdannere og praksisl\u00e6rere samarbeider om \u00e5 veilede. En sentral metode er bruk av video fra praksissituasjoner som grunnlag for refleksjon. L\u00e6rerne pr\u00f8ver ut, observerer hverandre og evaluerer egen leseundervisning som del av et profesjonsfellesskap med l\u00e6rerutdannere.<\/p>\n<p><strong>Fase 3: Fullf\u00f8re produksjon og deling av den digitale l\u00e6ringsplattformen <em>Lesel\u00f8p!<\/em><\/strong> Vi designer dynamiske tidslinjer om leseundervisning som visualiserer ulike komposisjoner og kvaliteter. Tidslinjene viser faser og hendelser (som oppstart, overgang, avslutning) som er klikkbare og lenket til leseressurser, som filmklipp, lydklipp, studenttekster og l\u00e6rerutdannere og elevers evalueringer av og refleksjoner rundt undervisningen.<\/p>\n<p>&nbsp;<\/p>\n<p style=\"text-align: center;\"><img loading=\"lazy\" decoding=\"async\" src=\"https:\/\/leselop.usn.no\/wp-content\/uploads\/2023\/06\/Om-prosjektet-ill.-2_stor-300x214.png\" width=\"498\" height=\"356\" alt=\"\" class=\"wp-image-628 alignnone size-medium\" \/><\/p>\n<p>[\/et_pb_accordion_item][et_pb_accordion_item title=&#8221;Samarbeidspartnere&#8221; _builder_version=&#8221;4.27.4&#8243; _module_preset=&#8221;default&#8221; body_font_size=&#8221;16px&#8221; hover_enabled=&#8221;0&#8243; body_font_size_tablet=&#8221;16px&#8221; body_font_size_phone=&#8221;16px&#8221; body_font_size_last_edited=&#8221;on|phone&#8221; global_colors_info=&#8221;{}&#8221; open=&#8221;on&#8221; sticky_enabled=&#8221;0&#8243;]<\/p>\n<ul>\n<li><span data-contrast=\"auto\">Sandefjord kommune, kommunalomr\u00e5det Kunnskap, barn og unge<\/span><span data-ccp-props=\"{&quot;335559685&quot;:708}\">\u00a0<\/span><\/li>\n<li><span data-contrast=\"none\">Desentralisert kompetanseutvikling (DeKomp), USN<\/span><span data-ccp-props=\"{&quot;335559685&quot;:708}\">\u00a0<\/span><\/li>\n<li><span data-contrast=\"none\">Enhet for digitalisering og utdanningskvalitet (eDu), USN<\/span><span data-ccp-props=\"{&quot;335559685&quot;:708}\">\u00a0<\/span><\/li>\n<\/ul>\n<p>[\/et_pb_accordion_item][et_pb_accordion_item title=&#8221;Finansiering&#8221; _builder_version=&#8221;4.27.4&#8243; _module_preset=&#8221;default&#8221; body_font_size=&#8221;16px&#8221; hover_enabled=&#8221;0&#8243; global_colors_info=&#8221;{}&#8221; open=&#8221;off&#8221; sticky_enabled=&#8221;0&#8243;]<\/p>\n<p><span data-contrast=\"auto\" xml:lang=\"NB-NO\" lang=\"NB-NO\" class=\"TextRun SCXW193067644 BCX4\"><span class=\"NormalTextRun SCXW193067644 BCX4\">Prosjektet er finansiert <\/span><span class=\"NormalTextRun SCXW193067644 BCX4\">gjennom<\/span><span class=\"NormalTextRun SCXW193067644 BCX4\"> HK<\/span><span class=\"NormalTextRun SCXW193067644 BCX4\">&#8211;<\/span><span class=\"NormalTextRun SpellingErrorV2Themed SCXW193067644 BCX4\">d<\/span><span class=\"NormalTextRun SpellingErrorV2Themed SCXW193067644 BCX4\">irs<\/span><span class=\"NormalTextRun SCXW193067644 BCX4\"> program <\/span><span class=\"NormalTextRun SCXW193067644 BCX4\">for<\/span><span class=\"NormalTextRun SCXW193067644 BCX4\"> \u00f8kt <\/span><span class=\"NormalTextRun SCXW193067644 BCX4\">arbeidsliv<\/span><span class=\"NormalTextRun SCXW193067644 BCX4\">srelevans i h\u00f8yre utdanning (ARB-2021).<\/span><\/span><span class=\"EOP SCXW193067644 BCX4\" data-ccp-props=\"{&quot;335559685&quot;:720}\">\u00a0<\/span><\/p>\n<p>[\/et_pb_accordion_item][\/et_pb_accordion][\/et_pb_column][\/et_pb_row][\/et_pb_section]<\/p>\n","protected":false},"excerpt":{"rendered":"<p>Om prosjektet Lesel\u00f8p! I prosjektet\u202fLesel\u00f8p! utforsker og utvikler vi analoge og digitale undervisningsressurser i lesing for grunnskolen i og p\u00e5 tvers av fag. Vi har f\u00f8rst utviklet og pr\u00f8vd ut leseundervisning i et l\u00e6ringslaboratorium, kalt Profesjonsverkstedet, p\u00e5 Universitetet i S\u00f8r\u00f8st-Norge.\u202fDeretter har vi videreutviklet leseundervisning i samarbeid med leseforskere p\u00e5 USN og l\u00e6rere i Sandefjord-skolen. Vi [&hellip;]<\/p>\n","protected":false},"author":7,"featured_media":0,"parent":0,"menu_order":0,"comment_status":"closed","ping_status":"closed","template":"","meta":{"_et_pb_use_builder":"on","_et_pb_old_content":"<section id=\"sp-ks8a8s\" data-mobile-visibility=\"#sp-ks8a8s|false\" data-desktop-visibility=\"#sp-ks8a8s|false\" class=\"sp-el-section\" style=\"width: 100%; max-width: 100%; padding: 10px;\"><pre data-mobile-css=\"\"><\/pre><div id=\"sp-vw3kvy\" data-mobile-visibility=\"#sp-vw3kvy|false\" data-desktop-visibility=\"#sp-vw3kvy|false\" class=\"sp-el-row sm:sp-flex sp-w-full  sp-m-auto sp-justify-between\" style=\"padding: 0px;\"><pre data-mobile-css=\"\"><\/pre><div id=\"sp-gbxrem\" data-mobile-visibility=\"#sp-gbxrem|false\" data-desktop-visibility=\"#sp-gbxrem|false\" class=\"sp-el-col  sp-w-full\" style=\"width: calc(33.3333% - 0px);\"><pre data-mobile-css=\"\"><\/pre><\/div><div id=\"sp-c64xp8\" data-mobile-visibility=\"#sp-c64xp8|false\" data-desktop-visibility=\"#sp-c64xp8|false\" class=\"sp-el-col  sp-w-full\" style=\"width: calc(33.3333% - 0px);\"><pre data-mobile-css=\"\"><\/pre><\/div><div id=\"sp-ay46nn\" data-mobile-visibility=\"#sp-ay46nn|false\" data-desktop-visibility=\"#sp-ay46nn|false\" class=\"sp-el-col  sp-w-full\" style=\"width: calc(33.3333% - 0px);\"><pre data-mobile-css=\"\"><\/pre><\/div><\/div><\/section>","_et_gb_content_width":"","footnotes":""},"trinn":[],"fag":[],"class_list":["post-57","page","type-page","status-publish","hentry"],"_links":{"self":[{"href":"https:\/\/leselop.usn.no\/index.php?rest_route=\/wp\/v2\/pages\/57","targetHints":{"allow":["GET"]}}],"collection":[{"href":"https:\/\/leselop.usn.no\/index.php?rest_route=\/wp\/v2\/pages"}],"about":[{"href":"https:\/\/leselop.usn.no\/index.php?rest_route=\/wp\/v2\/types\/page"}],"author":[{"embeddable":true,"href":"https:\/\/leselop.usn.no\/index.php?rest_route=\/wp\/v2\/users\/7"}],"replies":[{"embeddable":true,"href":"https:\/\/leselop.usn.no\/index.php?rest_route=%2Fwp%2Fv2%2Fcomments&post=57"}],"version-history":[{"count":18,"href":"https:\/\/leselop.usn.no\/index.php?rest_route=\/wp\/v2\/pages\/57\/revisions"}],"predecessor-version":[{"id":11418,"href":"https:\/\/leselop.usn.no\/index.php?rest_route=\/wp\/v2\/pages\/57\/revisions\/11418"}],"wp:attachment":[{"href":"https:\/\/leselop.usn.no\/index.php?rest_route=%2Fwp%2Fv2%2Fmedia&parent=57"}],"wp:term":[{"taxonomy":"trinn","embeddable":true,"href":"https:\/\/leselop.usn.no\/index.php?rest_route=%2Fwp%2Fv2%2Ftrinn&post=57"},{"taxonomy":"fag","embeddable":true,"href":"https:\/\/leselop.usn.no\/index.php?rest_route=%2Fwp%2Fv2%2Ffag&post=57"}],"curies":[{"name":"wp","href":"https:\/\/api.w.org\/{rel}","templated":true}]}}