{"id":4952,"date":"2024-12-27T13:26:50","date_gmt":"2024-12-27T12:26:50","guid":{"rendered":"https:\/\/leselop.usn.no\/?page_id=4952"},"modified":"2025-08-07T12:39:07","modified_gmt":"2025-08-07T10:39:07","slug":"leselop-7-aktivitet-8-refleksjon","status":"publish","type":"page","link":"https:\/\/leselop.usn.no\/?page_id=4952","title":{"rendered":"7. Tekst i kontekst &#8211; Aktivitet 8 &#8211; Refleksjon"},"content":{"rendered":"\n[et_pb_section fb_built=&#8221;1&#8243; _builder_version=&#8221;4.21.0&#8243; _module_preset=&#8221;default&#8221; background_color=&#8221;#f4f4f4&#8243; custom_css_main_element=&#8221;min-height: 100vh;&#8221; da_disable_devices=&#8221;off|off|off&#8221; global_colors_info=&#8221;{}&#8221; da_is_popup=&#8221;off&#8221; da_exit_intent=&#8221;off&#8221; da_has_close=&#8221;on&#8221; da_alt_close=&#8221;off&#8221; da_dark_close=&#8221;off&#8221; da_not_modal=&#8221;on&#8221; da_is_singular=&#8221;off&#8221; da_with_loader=&#8221;off&#8221; da_has_shadow=&#8221;on&#8221;][et_pb_row column_structure=&#8221;1_4,3_4&#8243; use_custom_gutter=&#8221;on&#8221; gutter_width=&#8221;1&#8243; make_equal=&#8221;on&#8221; _builder_version=&#8221;4.21.0&#8243; _module_preset=&#8221;default&#8221; max_width=&#8221;850px&#8221; custom_css_main_element=&#8221;width:75% !important;&#8221; global_colors_info=&#8221;{}&#8221;][et_pb_column type=&#8221;1_4&#8243; _builder_version=&#8221;4.21.0&#8243; _module_preset=&#8221;default&#8221; custom_css_main_element=&#8221;width:12% !important;&#8221; global_colors_info=&#8221;{}&#8221; custom_css_main_element_last_edited=&#8221;on|phone&#8221; custom_css_main_element_tablet=&#8221;width:18% !important;&#8221; custom_css_main_element_phone=&#8221;width:30% !important;&#8221;][et_pb_image src=&#8221;https:\/\/leselop.usn.no\/wp-content\/uploads\/2025\/06\/Leselop-tankesky-green.png&#8221; title_text=&#8221;Leselop-tankesky-green&#8221; src_tablet=&#8221;https:\/\/leselop.usn.no\/wp-content\/uploads\/2025\/06\/Leselop-tankesky-green.png&#8221; src_phone=&#8221;https:\/\/leselop.usn.no\/wp-content\/uploads\/2025\/06\/Leselop-tankesky-green.png&#8221; src_last_edited=&#8221;on|phone&#8221; _builder_version=&#8221;4.27.4&#8243; _module_preset=&#8221;default&#8221; hover_enabled=&#8221;0&#8243; global_colors_info=&#8221;{}&#8221; sticky_enabled=&#8221;0&#8243;][\/et_pb_image][\/et_pb_column][et_pb_column type=&#8221;3_4&#8243; _builder_version=&#8221;4.21.0&#8243; _module_preset=&#8221;default&#8221; custom_css_main_element=&#8221;width:88% !important;||margin: auto;||padding-left: 30px;&#8221; global_colors_info=&#8221;{}&#8221; custom_css_main_element_last_edited=&#8221;on|tablet&#8221; custom_css_main_element_tablet=&#8221;width:82% !important;||padding-left: 25px;||padding-top:32px&#8221; custom_css_main_element_phone=&#8221;width:70% !important;||padding-left: 15px;||padding-top:35px&#8221;][et_pb_text content_tablet=&#8221;<h1>Refleksjon<\/h1>&#8221; content_phone=&#8221;<h3>Refleksjon<\/h3>&#8221; content_last_edited=&#8221;on|phone&#8221; _builder_version=&#8221;4.27.4&#8243; _module_preset=&#8221;default&#8221; hover_enabled=&#8221;0&#8243; global_colors_info=&#8221;{}&#8221; custom_css_main_element_last_edited=&#8221;on|tablet&#8221; sticky_enabled=&#8221;0&#8243;]<h1>Refleksjon<\/h1>[\/et_pb_text][\/et_pb_column][\/et_pb_row][et_pb_row custom_padding_last_edited=&#8221;on|phone&#8221; _builder_version=&#8221;4.21.0&#8243; _module_preset=&#8221;default&#8221; background_color=&#8221;#ffffff&#8221; max_width=&#8221;850px&#8221; max_width_tablet=&#8221;850px&#8221; max_width_phone=&#8221;850px&#8221; max_width_last_edited=&#8221;on|desktop&#8221; custom_padding=&#8221;60px|70px|60px|70px|false|false&#8221; custom_padding_tablet=&#8221;50px|55px|50px|55px|false|false&#8221; custom_padding_phone=&#8221;45px|45px|30px|45px|false|false&#8221; border_radii=&#8221;on|30px|30px|30px|30px&#8221; border_style_all=&#8221;dotted&#8221; global_colors_info=&#8221;{}&#8221;][et_pb_column type=&#8221;4_4&#8243; _builder_version=&#8221;4.21.0&#8243; _module_preset=&#8221;default&#8221; global_colors_info=&#8221;{}&#8221;][et_pb_text content_tablet=&#8221;<h3>Refleksjoner fra elever etter lesel\u00f8pet:<\/h3>\n<ul><\/ul>&#8221; content_phone=&#8221;<h4>Refleksjoner fra<\/h4>\n<h4>elever etter lesel\u00f8pet:<\/h4>\n<ul><\/ul>&#8221; content_last_edited=&#8221;on|phone&#8221; _builder_version=&#8221;4.27.4&#8243; _module_preset=&#8221;default&#8221; text_font_size=&#8221;17px&#8221; text_line_height=&#8221;1.8em&#8221; custom_margin_tablet=&#8221;20px||5px||false|false&#8221; custom_margin_phone=&#8221;20px||5px||false|false&#8221; custom_margin_last_edited=&#8221;on|tablet&#8221; text_line_height_tablet=&#8221;1.8em&#8221; text_line_height_phone=&#8221;1.5em&#8221; text_line_height_last_edited=&#8221;on|desktop&#8221; locked=&#8221;off&#8221; global_colors_info=&#8221;{}&#8221;]<h3>Refleksjoner fra elever etter lesel\u00f8pet:<\/h3>[\/et_pb_text][et_pb_text content_tablet=&#8221;<p>\u00abDet var fint at vi fikk samarbeide s\u00e5 mye hele vegen. Jeg l\u00e6rte mye av \u00e5 prate med de andre om det som skjedde i teksten\u00bb (jente, 8. trinn)<\/p>\n<p>\u00abDet var veldig fint at vi ikke var p\u00e5 skjerm hele tiden. Jeg l\u00e6rte mye av \u00e5 skrive for h\u00e5nd. Det er veldig mange som f\u00e5r veldig vondt i hodet av \u00e5 v\u00e6re p\u00e5 skjerm hele tiden. Dette var et fint avbrekk. Det opplevdes ogs\u00e5 mer sosialt \u00e5 skrive for h\u00e5nd\u00bb (gutt, 8. trinn)<\/p>\n<p>\u00abDet var g\u00f8y at det var et skuespill vi leste og jeg likte godt \u00e5 lytte til teksten. Jeg levde meg mere inn i handlinga da. Det var lettere \u00e5 f\u00e5 med seg hva som skjedde n\u00e5r teksten ble lest opp av skuespillere\u00bb (jente, 8. trinn)<\/p>\n<p>\u00abDet fungerte veldig bra \u00e5 lese litt, s\u00e5 skrive litt og s\u00e5 lese litt igjen. Da kom ddet veldig tydelig fram hvor forskjellig folk f\u00f8r i tida levde fra oss\u00bb. (gutt, 8. trinn)<\/p>\n<ul><\/ul>&#8221; content_phone=&#8221;<p>\u00abDet var fint at vi fikk samarbeide s\u00e5 mye hele vegen. Jeg l\u00e6rte mye av \u00e5 prate med de andre om det som skjedde i teksten\u00bb (jente, 8. trinn)<\/p>\n<p>\u00abDet var veldig fint at vi ikke var p\u00e5 skjerm hele tiden. Jeg l\u00e6rte mye av \u00e5 skrive for h\u00e5nd. Det er veldig mange som f\u00e5r veldig vondt i hodet av \u00e5 v\u00e6re p\u00e5 skjerm hele tiden. Dette var et fint avbrekk. Det opplevdes ogs\u00e5 mer sosialt \u00e5 skrive for h\u00e5nd\u00bb (gutt, 8. trinn)<\/p>\n<p>\u00abDet var g\u00f8y at det var et skuespill vi leste og jeg likte godt \u00e5 lytte til teksten. Jeg levde meg mere inn i handlinga da. Det var lettere \u00e5 f\u00e5 med seg hva som skjedde n\u00e5r teksten ble lest opp av skuespillere\u00bb (jente, 8. trinn)<\/p>\n<p>\u00abDet fungerte veldig bra \u00e5 lese litt, s\u00e5 skrive litt og s\u00e5 lese litt igjen. Da kom ddet veldig tydelig fram hvor forskjellig folk f\u00f8r i tida levde fra oss\u00bb. (gutt, 8. trinn)<\/p>&#8221; content_last_edited=&#8221;on|phone&#8221; _builder_version=&#8221;4.27.4&#8243; _module_preset=&#8221;default&#8221; text_font_size=&#8221;17px&#8221; text_line_height=&#8221;1.8em&#8221; custom_margin_tablet=&#8221;&#8221; custom_margin_phone=&#8221;||30px||false|false&#8221; custom_margin_last_edited=&#8221;on|phone&#8221; text_line_height_tablet=&#8221;1.8em&#8221; text_line_height_phone=&#8221;1.5em&#8221; text_line_height_last_edited=&#8221;on|desktop&#8221; locked=&#8221;off&#8221; global_colors_info=&#8221;{}&#8221;]<p>\u00abDet var fint at vi fikk samarbeide s\u00e5 mye hele vegen. Jeg l\u00e6rte mye av \u00e5 prate med de andre om det som skjedde i teksten\u00bb (jente, 8. trinn)<\/p>\n<p>\u00abDet var veldig fint at vi ikke var p\u00e5 skjerm hele tiden. Jeg l\u00e6rte mye av \u00e5 skrive for h\u00e5nd. Det er veldig mange som f\u00e5r veldig vondt i hodet av \u00e5 v\u00e6re p\u00e5 skjerm hele tiden. Dette var et fint avbrekk. Det opplevdes ogs\u00e5 mer sosialt \u00e5 skrive for h\u00e5nd\u00bb (gutt, 8. trinn)<\/p>\n<p>\u00abDet var g\u00f8y at det var et skuespill vi leste og jeg likte godt \u00e5 lytte til teksten. Jeg levde meg mere inn i handlinga da. Det var lettere \u00e5 f\u00e5 med seg hva som skjedde n\u00e5r teksten ble lest opp av skuespillere\u00bb (jente, 8. trinn)<\/p>\n<p>\u00abDet fungerte veldig bra \u00e5 lese litt, s\u00e5 skrive litt og s\u00e5 lese litt igjen. Da kom ddet veldig tydelig fram hvor forskjellig folk f\u00f8r i tida levde fra oss\u00bb. (gutt, 8. trinn)<\/p>[\/et_pb_text][\/et_pb_column][\/et_pb_row][et_pb_row _builder_version=&#8221;4.21.0&#8243; _module_preset=&#8221;default&#8221; max_width=&#8221;850px&#8221; module_alignment=&#8221;center&#8221; custom_css_main_element=&#8221;display:flex;||justify-content: center;&#8221; global_colors_info=&#8221;{}&#8221;][et_pb_column type=&#8221;4_4&#8243; _builder_version=&#8221;4.21.0&#8243; _module_preset=&#8221;default&#8221; global_colors_info=&#8221;{}&#8221;][et_pb_code _builder_version=&#8221;4.21.0&#8243; _module_preset=&#8221;default&#8221; text_orientation=&#8221;center&#8221; text_orientation_tablet=&#8221;center&#8221; text_orientation_phone=&#8221;center&#8221; text_orientation_last_edited=&#8221;on|desktop&#8221; global_colors_info=&#8221;{}&#8221;]<button id=\"backButton\" style=\"<!-- [et_pb_line_break_holder] -->background: #8dcfb7; <!-- [et_pb_line_break_holder] -->border-radius: 10px; <!-- [et_pb_line_break_holder] -->width: 100px; <!-- [et_pb_line_break_holder] -->height: 40px; <!-- [et_pb_line_break_holder] -->border: none; <!-- [et_pb_line_break_holder] -->font-size: 18px;<!-- [et_pb_line_break_holder] -->color: #000000; <!-- [et_pb_line_break_holder] -->transform: uppercase;&#8221; <!-- [et_pb_line_break_holder] -->onmouseover=&#8221;this.style.backgroundColor=&#8217;#5a5e5e&#8217;; this.style.color=&#8217;#ffffff&#8217;;&#8221;<!-- [et_pb_line_break_holder] -->onmouseout=&#8221;this.style.backgroundColor=&#8217;#8dcfb7&#8242;; this.style.color=&#8217;#000000&#8242;;&#8221; <!-- [et_pb_line_break_holder] -->onclick=&#8221;myFunction()&#8221;>Tilbake<\/button><!-- [et_pb_line_break_holder] --><!-- [et_pb_line_break_holder] --><script><!-- [et_pb_line_break_holder] -->document.addEventListener('DOMContentLoaded', function() {<!-- [et_pb_line_break_holder] -->  var backButton = document.getElementById('backButton'); <!-- [et_pb_line_break_holder] -->  <!-- [et_pb_line_break_holder] -->  if (backButton) {<!-- [et_pb_line_break_holder] -->    backButton.addEventListener('click', function() {<!-- [et_pb_line_break_holder] -->      window.history.back();<!-- [et_pb_line_break_holder] -->    });<!-- [et_pb_line_break_holder] -->  }<!-- [et_pb_line_break_holder] -->});<!-- [et_pb_line_break_holder] --><\/script><!-- [et_pb_line_break_holder] -->[\/et_pb_code][\/et_pb_column][\/et_pb_row][\/et_pb_section]\n","protected":false},"excerpt":{"rendered":"<p>RefleksjonRefleksjoner fra elever etter lesel\u00f8pet:\u00abDet var fint at vi fikk samarbeide s\u00e5 mye hele vegen. Jeg l\u00e6rte mye av \u00e5 prate med de andre om det som skjedde i teksten\u00bb (jente, 8. trinn) \u00abDet var veldig fint at vi ikke var p\u00e5 skjerm hele tiden. Jeg l\u00e6rte mye av \u00e5 skrive for h\u00e5nd. Det er [&hellip;]<\/p>\n","protected":false},"author":10,"featured_media":0,"parent":0,"menu_order":0,"comment_status":"closed","ping_status":"closed","template":"","meta":{"_et_pb_use_builder":"on","_et_pb_old_content":"","_et_gb_content_width":"","footnotes":""},"trinn":[],"fag":[],"class_list":["post-4952","page","type-page","status-publish","hentry"],"_links":{"self":[{"href":"https:\/\/leselop.usn.no\/index.php?rest_route=\/wp\/v2\/pages\/4952","targetHints":{"allow":["GET"]}}],"collection":[{"href":"https:\/\/leselop.usn.no\/index.php?rest_route=\/wp\/v2\/pages"}],"about":[{"href":"https:\/\/leselop.usn.no\/index.php?rest_route=\/wp\/v2\/types\/page"}],"author":[{"embeddable":true,"href":"https:\/\/leselop.usn.no\/index.php?rest_route=\/wp\/v2\/users\/10"}],"replies":[{"embeddable":true,"href":"https:\/\/leselop.usn.no\/index.php?rest_route=%2Fwp%2Fv2%2Fcomments&post=4952"}],"version-history":[{"count":8,"href":"https:\/\/leselop.usn.no\/index.php?rest_route=\/wp\/v2\/pages\/4952\/revisions"}],"predecessor-version":[{"id":10217,"href":"https:\/\/leselop.usn.no\/index.php?rest_route=\/wp\/v2\/pages\/4952\/revisions\/10217"}],"wp:attachment":[{"href":"https:\/\/leselop.usn.no\/index.php?rest_route=%2Fwp%2Fv2%2Fmedia&parent=4952"}],"wp:term":[{"taxonomy":"trinn","embeddable":true,"href":"https:\/\/leselop.usn.no\/index.php?rest_route=%2Fwp%2Fv2%2Ftrinn&post=4952"},{"taxonomy":"fag","embeddable":true,"href":"https:\/\/leselop.usn.no\/index.php?rest_route=%2Fwp%2Fv2%2Ffag&post=4952"}],"curies":[{"name":"wp","href":"https:\/\/api.w.org\/{rel}","templated":true}]}}