{"id":4916,"date":"2024-12-27T12:25:50","date_gmt":"2024-12-27T11:25:50","guid":{"rendered":"https:\/\/leselop.usn.no\/?page_id=4916"},"modified":"2025-08-07T12:37:06","modified_gmt":"2025-08-07T10:37:06","slug":"leselop-7-aktivitet-3-elevtekster-iscenesettelser","status":"publish","type":"page","link":"https:\/\/leselop.usn.no\/?page_id=4916","title":{"rendered":"7. Tekst i kontekst &#8211; Aktivitet 3 &#8211; Elevtekster\/iscenesettelser"},"content":{"rendered":"\n[et_pb_section fb_built=&#8221;1&#8243; _builder_version=&#8221;4.21.0&#8243; _module_preset=&#8221;default&#8221; background_color=&#8221;#f4f4f4&#8243; custom_css_main_element=&#8221;min-height: 100vh;&#8221; da_disable_devices=&#8221;off|off|off&#8221; global_colors_info=&#8221;{}&#8221; da_is_popup=&#8221;off&#8221; da_exit_intent=&#8221;off&#8221; da_has_close=&#8221;on&#8221; da_alt_close=&#8221;off&#8221; da_dark_close=&#8221;off&#8221; da_not_modal=&#8221;on&#8221; da_is_singular=&#8221;off&#8221; da_with_loader=&#8221;off&#8221; da_has_shadow=&#8221;on&#8221;][et_pb_row column_structure=&#8221;1_4,3_4&#8243; use_custom_gutter=&#8221;on&#8221; gutter_width=&#8221;1&#8243; make_equal=&#8221;on&#8221; _builder_version=&#8221;4.27.4&#8243; _module_preset=&#8221;default&#8221; max_width=&#8221;850px&#8221; custom_css_main_element=&#8221;width:75% !important;&#8221; global_colors_info=&#8221;{}&#8221;][et_pb_column type=&#8221;1_4&#8243; _builder_version=&#8221;4.21.0&#8243; _module_preset=&#8221;default&#8221; custom_css_main_element=&#8221;width:12% !important;&#8221; global_colors_info=&#8221;{}&#8221; custom_css_main_element_last_edited=&#8221;on|phone&#8221; custom_css_main_element_tablet=&#8221;width:18% !important;&#8221; custom_css_main_element_phone=&#8221;width:30% !important;&#8221;][et_pb_image src=&#8221;https:\/\/leselop.usn.no\/wp-content\/uploads\/2025\/06\/Leselop-clapboard-green.png&#8221; title_text=&#8221;Leselop-clapboard-green&#8221; src_tablet=&#8221;https:\/\/leselop.usn.no\/wp-content\/uploads\/2025\/06\/Leselop-clapboard-green.png&#8221; src_phone=&#8221;https:\/\/leselop.usn.no\/wp-content\/uploads\/2025\/06\/Leselop-clapboard-green.png&#8221; src_last_edited=&#8221;on|phone&#8221; _builder_version=&#8221;4.27.4&#8243; _module_preset=&#8221;default&#8221; hover_enabled=&#8221;0&#8243; global_colors_info=&#8221;{}&#8221; sticky_enabled=&#8221;0&#8243;][\/et_pb_image][\/et_pb_column][et_pb_column type=&#8221;3_4&#8243; _builder_version=&#8221;4.27.4&#8243; _module_preset=&#8221;default&#8221; custom_css_main_element=&#8221;width:88% !important;||margin: auto;||padding-left: 30px;&#8221; global_colors_info=&#8221;{}&#8221; custom_css_main_element_last_edited=&#8221;on|phone&#8221; custom_css_main_element_tablet=&#8221;width:82% !important;||padding-left: 25px;||padding-top:32px&#8221; custom_css_main_element_phone=&#8221;width:70% !important;||padding-left: 15px;||padding-top:15px&#8221;][et_pb_text content_tablet=&#8221;<h1>Elevtekster\/iscenesettelser<\/h1>&#8221; content_phone=&#8221;<h3>Elevtekster\/<\/h3>\n<h3>iscenesettelser<\/h3>&#8221; content_last_edited=&#8221;on|phone&#8221; _builder_version=&#8221;4.27.4&#8243; _module_preset=&#8221;default&#8221; hover_enabled=&#8221;0&#8243; global_colors_info=&#8221;{}&#8221; custom_css_main_element_last_edited=&#8221;on|tablet&#8221; sticky_enabled=&#8221;0&#8243;]<h1>Elevtekster\/iscenesettelser<\/h1>[\/et_pb_text][\/et_pb_column][\/et_pb_row][et_pb_row custom_padding_last_edited=&#8221;on|phone&#8221; _builder_version=&#8221;4.21.0&#8243; _module_preset=&#8221;default&#8221; background_color=&#8221;#ffffff&#8221; max_width=&#8221;850px&#8221; max_width_tablet=&#8221;850px&#8221; max_width_phone=&#8221;850px&#8221; max_width_last_edited=&#8221;on|desktop&#8221; custom_padding=&#8221;60px|70px|60px|70px|false|false&#8221; custom_padding_tablet=&#8221;50px|55px|50px|55px|false|false&#8221; custom_padding_phone=&#8221;45px|45px|30px|45px|false|false&#8221; border_radii=&#8221;on|30px|30px|30px|30px&#8221; border_style_all=&#8221;dotted&#8221; global_colors_info=&#8221;{}&#8221;][et_pb_column type=&#8221;4_4&#8243; _builder_version=&#8221;4.21.0&#8243; _module_preset=&#8221;default&#8221; global_colors_info=&#8221;{}&#8221;][et_pb_text content_tablet=&#8221;<p>Elevene deles inn i grupper p\u00e5 4-5. Gruppene f\u00e5r utdelt Post-it-lapper. L\u00e6rer skriver et stikkord p\u00e5 tavla som er relevant for teksten som skal leses. Fra <em>Amtmandens d\u00f8ttre<\/em> blir ordet <em>datter<\/em> skrevet opp og i arbeidet med <em>Ungen<\/em> blir ordet <em>unge<\/em> skrevet opp. Gruppemedlemmene skriver ned assosiasjonene sine p\u00e5 en klistrelapp. Dette g\u00e5r p\u00e5 rundgang. Deretter kommer hver gruppe opp med lappene sine, limer dem p\u00e5 tavla og forteller kort hva de har skrevet ned og hvorfor. L\u00e6reren oppsummerer og kommenterer innholdet p\u00e5 lappene etter hver gruppe. Gruppemedlemmene blir st\u00e5ende og svarer p\u00e5 noen oppf\u00f8lgingssp\u00f8rsm\u00e5l fra l\u00e6reren. Avslutningsvis oppsummerer l\u00e6rer alle innspillene og forklarer hvordan aktiviteten er ment som en inngang til den teksten som skal leses ved \u00e5 rette oppmerksomheten mot tittelen p\u00e5 verket.<\/p>\n<ul><\/ul>\n<ul><\/ul>&#8221; content_phone=&#8221;<p>Elevene deles inn i grupper p\u00e5 4-5. Gruppene f\u00e5r utdelt Post-it-lapper. L\u00e6rer skriver et stikkord p\u00e5 tavla som er relevant for teksten som skal leses. Fra <em>Amtmandens d\u00f8ttre<\/em> blir ordet <em>datter<\/em> skrevet opp og i arbeidet med <em>Ungen<\/em> blir ordet <em>unge<\/em> skrevet opp. Gruppemedlemmene skriver ned assosiasjonene sine p\u00e5 en klistrelapp. Dette g\u00e5r p\u00e5 rundgang. Deretter kommer hver gruppe opp med lappene sine, limer dem p\u00e5 tavla og forteller kort hva de har skrevet ned og hvorfor. L\u00e6reren oppsummerer og kommenterer innholdet p\u00e5 lappene etter hver gruppe. Gruppemedlemmene blir st\u00e5ende og svarer p\u00e5 noen oppf\u00f8lgingssp\u00f8rsm\u00e5l fra l\u00e6reren. Avslutningsvis oppsummerer l\u00e6rer alle innspillene og forklarer hvordan aktiviteten er ment som en inngang til den teksten som skal leses ved \u00e5 rette oppmerksomheten mot tittelen p\u00e5 verket.<\/p>\n<ul><\/ul>&#8221; content_last_edited=&#8221;on|phone&#8221; _builder_version=&#8221;4.27.4&#8243; _module_preset=&#8221;default&#8221; text_font_size=&#8221;17px&#8221; text_line_height=&#8221;1.8em&#8221; text_line_height_tablet=&#8221;1.8em&#8221; text_line_height_phone=&#8221;1.5em&#8221; text_line_height_last_edited=&#8221;on|desktop&#8221; locked=&#8221;off&#8221; global_colors_info=&#8221;{}&#8221;]<p>Elevene deles inn i grupper p\u00e5 4-5. Gruppene f\u00e5r utdelt Post-it-lapper. L\u00e6rer skriver et stikkord p\u00e5 tavla som er relevant for teksten som skal leses. Fra <em>Amtmandens d\u00f8ttre<\/em> blir ordet <em>datter<\/em> skrevet opp og i arbeidet med <em>Ungen<\/em> blir ordet <em>unge<\/em> skrevet opp. Gruppemedlemmene skriver ned assosiasjonene sine p\u00e5 en klistrelapp. Dette g\u00e5r p\u00e5 rundgang. Deretter kommer hver gruppe opp med lappene sine, limer dem p\u00e5 tavla og forteller kort hva de har skrevet ned og hvorfor. L\u00e6reren oppsummerer og kommenterer innholdet p\u00e5 lappene etter hver gruppe. Gruppemedlemmene blir st\u00e5ende og svarer p\u00e5 noen oppf\u00f8lgingssp\u00f8rsm\u00e5l fra l\u00e6reren. Avslutningsvis oppsummerer l\u00e6rer alle innspillene og forklarer hvordan aktiviteten er ment som en inngang til den teksten som skal leses ved \u00e5 rette oppmerksomheten mot tittelen p\u00e5 verket.<\/p>[\/et_pb_text][et_pb_image src=&#8221;https:\/\/leselop.usn.no\/wp-content\/uploads\/2024\/12\/postit.jpg&#8221; title_text=&#8221;postit&#8221; src_tablet=&#8221;https:\/\/leselop.usn.no\/wp-content\/uploads\/2024\/12\/postit.jpg&#8221; src_phone=&#8221;https:\/\/leselop.usn.no\/wp-content\/uploads\/2024\/12\/postit.jpg&#8221; src_last_edited=&#8221;on|phone&#8221; _builder_version=&#8221;4.27.4&#8243; _module_preset=&#8221;default&#8221; width=&#8221;400px&#8221; width_tablet=&#8221;330px&#8221; width_phone=&#8221;244px&#8221; width_last_edited=&#8221;on|tablet&#8221; custom_margin=&#8221;50px||||false|false&#8221; custom_margin_tablet=&#8221;5px||||false|false&#8221; custom_margin_phone=&#8221;5px||||false|false&#8221; custom_margin_last_edited=&#8221;on|phone&#8221; custom_padding=&#8221;||||false|false&#8221; custom_padding_tablet=&#8221;0px||||false|false&#8221; custom_padding_phone=&#8221;0px||||false|false&#8221; custom_padding_last_edited=&#8221;on|tablet&#8221; global_colors_info=&#8221;{}&#8221;][\/et_pb_image][et_pb_text content_tablet=&#8221;<h4>Forslag til oppf\u00f8lgingssp\u00f8rsm\u00e5l:<\/h4>\n<ul><\/ul>&#8221; content_phone=&#8221;<h4>Forslag til<\/h4>\n<h4>oppf\u00f8lgingssp\u00f8rsm\u00e5l:<\/h4>&#8221; content_last_edited=&#8221;on|phone&#8221; _builder_version=&#8221;4.27.4&#8243; _module_preset=&#8221;default&#8221; text_font_size=&#8221;17px&#8221; text_line_height=&#8221;1.8em&#8221; custom_margin=&#8221;||0px||false|false&#8221; custom_padding=&#8221;50px||||false|false&#8221; custom_padding_tablet=&#8221;30px||0px||false|false&#8221; custom_padding_phone=&#8221;30px||0px||false|false&#8221; custom_padding_last_edited=&#8221;on|tablet&#8221; text_line_height_tablet=&#8221;1.8em&#8221; text_line_height_phone=&#8221;1.5em&#8221; text_line_height_last_edited=&#8221;on|desktop&#8221; locked=&#8221;off&#8221; global_colors_info=&#8221;{}&#8221;]<h4>Forslag til oppf\u00f8lgingssp\u00f8rsm\u00e5l:<\/h4>[\/et_pb_text][et_pb_text content_tablet=&#8221;<p>\u2022 Hvordan definere en datter\/en unge?<br \/>\u2022 Fins det synonymer til ordet?<br \/>\u2022 Er ordet positivt-og-eller-negativt ladet og hvorfor det?<br \/>\u2022 Har ordet en annen betydning i dag enn tidligere?<\/p>&#8221; content_phone=&#8221;<p>\u2022 Hvordan definere en datter\/en unge?<br \/>\u2022 Fins det synonymer til ordet?<br \/>\u2022 Er ordet positivt-og-eller-negativt ladet og hvorfor det?<br \/>\u2022 Har ordet en annen betydning i dag enn tidligere?<\/p>&#8221; content_last_edited=&#8221;on|phone&#8221; _builder_version=&#8221;4.27.4&#8243; _module_preset=&#8221;default&#8221; text_font_size=&#8221;17px&#8221; text_line_height=&#8221;1.8em&#8221; custom_padding=&#8221;||50px||false|false&#8221; global_colors_info=&#8221;{}&#8221;]<p>\u2022 Hvordan definere en datter\/en unge?<br \/>\u2022 Fins det synonymer til ordet?<br \/>\u2022 Er ordet positivt-og-eller-negativt ladet og hvorfor det?<br \/>\u2022 Har ordet en annen betydning i dag enn tidligere?<\/p>[\/et_pb_text][\/et_pb_column][\/et_pb_row][et_pb_row _builder_version=&#8221;4.21.0&#8243; _module_preset=&#8221;default&#8221; max_width=&#8221;850px&#8221; module_alignment=&#8221;center&#8221; custom_css_main_element=&#8221;display:flex;||justify-content: center;&#8221; global_colors_info=&#8221;{}&#8221;][et_pb_column type=&#8221;4_4&#8243; _builder_version=&#8221;4.21.0&#8243; _module_preset=&#8221;default&#8221; global_colors_info=&#8221;{}&#8221;][et_pb_code _builder_version=&#8221;4.21.0&#8243; _module_preset=&#8221;default&#8221; text_orientation=&#8221;center&#8221; text_orientation_tablet=&#8221;center&#8221; text_orientation_phone=&#8221;center&#8221; text_orientation_last_edited=&#8221;on|desktop&#8221; global_colors_info=&#8221;{}&#8221;]<button id=\"backButton\" style=\"<!-- [et_pb_line_break_holder] -->background: #8dcfb7; <!-- [et_pb_line_break_holder] -->border-radius: 10px; <!-- [et_pb_line_break_holder] -->width: 100px; <!-- [et_pb_line_break_holder] -->height: 40px; <!-- [et_pb_line_break_holder] -->border: none; <!-- [et_pb_line_break_holder] -->font-size: 18px;<!-- [et_pb_line_break_holder] -->color: #000000; <!-- [et_pb_line_break_holder] -->transform: uppercase;&#8221; <!-- [et_pb_line_break_holder] -->onmouseover=&#8221;this.style.backgroundColor=&#8217;#5a5e5e&#8217;; this.style.color=&#8217;#ffffff&#8217;;&#8221;<!-- [et_pb_line_break_holder] -->onmouseout=&#8221;this.style.backgroundColor=&#8217;#8dcfb7&#8242;; this.style.color=&#8217;#000000&#8242;;&#8221; <!-- [et_pb_line_break_holder] -->onclick=&#8221;myFunction()&#8221;>Tilbake<\/button><!-- [et_pb_line_break_holder] --><!-- [et_pb_line_break_holder] --><script><!-- [et_pb_line_break_holder] -->document.addEventListener('DOMContentLoaded', function() {<!-- [et_pb_line_break_holder] -->  var backButton = document.getElementById('backButton'); <!-- [et_pb_line_break_holder] -->  <!-- [et_pb_line_break_holder] -->  if (backButton) {<!-- [et_pb_line_break_holder] -->    backButton.addEventListener('click', function() {<!-- [et_pb_line_break_holder] -->      window.history.back();<!-- [et_pb_line_break_holder] -->    });<!-- [et_pb_line_break_holder] -->  }<!-- [et_pb_line_break_holder] -->});<!-- [et_pb_line_break_holder] --><\/script><!-- [et_pb_line_break_holder] -->[\/et_pb_code][\/et_pb_column][\/et_pb_row][\/et_pb_section]\n","protected":false},"excerpt":{"rendered":"<p>Elevtekster\/iscenesettelserElevene deles inn i grupper p\u00e5 4-5. Gruppene f\u00e5r utdelt Post-it-lapper. L\u00e6rer skriver et stikkord p\u00e5 tavla som er relevant for teksten som skal leses. Fra Amtmandens d\u00f8ttre blir ordet datter skrevet opp og i arbeidet med Ungen blir ordet unge skrevet opp. Gruppemedlemmene skriver ned assosiasjonene sine p\u00e5 en klistrelapp. Dette g\u00e5r p\u00e5 rundgang. [&hellip;]<\/p>\n","protected":false},"author":10,"featured_media":0,"parent":0,"menu_order":0,"comment_status":"closed","ping_status":"closed","template":"","meta":{"_et_pb_use_builder":"on","_et_pb_old_content":"","_et_gb_content_width":"","footnotes":""},"trinn":[],"fag":[],"class_list":["post-4916","page","type-page","status-publish","hentry"],"_links":{"self":[{"href":"https:\/\/leselop.usn.no\/index.php?rest_route=\/wp\/v2\/pages\/4916","targetHints":{"allow":["GET"]}}],"collection":[{"href":"https:\/\/leselop.usn.no\/index.php?rest_route=\/wp\/v2\/pages"}],"about":[{"href":"https:\/\/leselop.usn.no\/index.php?rest_route=\/wp\/v2\/types\/page"}],"author":[{"embeddable":true,"href":"https:\/\/leselop.usn.no\/index.php?rest_route=\/wp\/v2\/users\/10"}],"replies":[{"embeddable":true,"href":"https:\/\/leselop.usn.no\/index.php?rest_route=%2Fwp%2Fv2%2Fcomments&post=4916"}],"version-history":[{"count":11,"href":"https:\/\/leselop.usn.no\/index.php?rest_route=\/wp\/v2\/pages\/4916\/revisions"}],"predecessor-version":[{"id":10209,"href":"https:\/\/leselop.usn.no\/index.php?rest_route=\/wp\/v2\/pages\/4916\/revisions\/10209"}],"wp:attachment":[{"href":"https:\/\/leselop.usn.no\/index.php?rest_route=%2Fwp%2Fv2%2Fmedia&parent=4916"}],"wp:term":[{"taxonomy":"trinn","embeddable":true,"href":"https:\/\/leselop.usn.no\/index.php?rest_route=%2Fwp%2Fv2%2Ftrinn&post=4916"},{"taxonomy":"fag","embeddable":true,"href":"https:\/\/leselop.usn.no\/index.php?rest_route=%2Fwp%2Fv2%2Ffag&post=4916"}],"curies":[{"name":"wp","href":"https:\/\/api.w.org\/{rel}","templated":true}]}}