{"id":4463,"date":"2024-10-28T08:47:33","date_gmt":"2024-10-28T07:47:33","guid":{"rendered":"https:\/\/leselop.usn.no\/?page_id=4463"},"modified":"2025-08-07T12:32:43","modified_gmt":"2025-08-07T10:32:43","slug":"leselop-6-aktivitet-8-refleksjon","status":"publish","type":"page","link":"https:\/\/leselop.usn.no\/?page_id=4463","title":{"rendered":"6. Tekstoppgaver i matematikk &#8211; Aktivitet 8 &#8211; Refleksjon"},"content":{"rendered":"\n[et_pb_section fb_built=&#8221;1&#8243; _builder_version=&#8221;4.21.0&#8243; _module_preset=&#8221;default&#8221; background_color=&#8221;#f4f4f4&#8243; custom_css_main_element=&#8221;min-height: 100vh;&#8221; da_disable_devices=&#8221;off|off|off&#8221; global_colors_info=&#8221;{}&#8221; da_is_popup=&#8221;off&#8221; da_exit_intent=&#8221;off&#8221; da_has_close=&#8221;on&#8221; da_alt_close=&#8221;off&#8221; da_dark_close=&#8221;off&#8221; da_not_modal=&#8221;on&#8221; da_is_singular=&#8221;off&#8221; da_with_loader=&#8221;off&#8221; da_has_shadow=&#8221;on&#8221;][et_pb_row column_structure=&#8221;1_4,3_4&#8243; use_custom_gutter=&#8221;on&#8221; gutter_width=&#8221;1&#8243; make_equal=&#8221;on&#8221; _builder_version=&#8221;4.21.0&#8243; _module_preset=&#8221;default&#8221; max_width=&#8221;850px&#8221; custom_css_main_element=&#8221;width:75% !important;&#8221; global_colors_info=&#8221;{}&#8221;][et_pb_column type=&#8221;1_4&#8243; _builder_version=&#8221;4.21.0&#8243; _module_preset=&#8221;default&#8221; custom_css_main_element=&#8221;width:12% !important;&#8221; global_colors_info=&#8221;{}&#8221; custom_css_main_element_last_edited=&#8221;on|phone&#8221; custom_css_main_element_tablet=&#8221;width:18% !important;&#8221; custom_css_main_element_phone=&#8221;width:30% !important;&#8221;][et_pb_image src=&#8221;https:\/\/leselop.usn.no\/wp-content\/uploads\/2025\/06\/Leselop-tankesky-green.png&#8221; title_text=&#8221;Leselop-tankesky-green&#8221; _builder_version=&#8221;4.27.4&#8243; _module_preset=&#8221;default&#8221; hover_enabled=&#8221;0&#8243; global_colors_info=&#8221;{}&#8221; sticky_enabled=&#8221;0&#8243;][\/et_pb_image][\/et_pb_column][et_pb_column type=&#8221;3_4&#8243; _builder_version=&#8221;4.21.0&#8243; _module_preset=&#8221;default&#8221; custom_css_main_element=&#8221;width:88% !important;||margin: auto;||padding-left: 30px;&#8221; global_colors_info=&#8221;{}&#8221; custom_css_main_element_last_edited=&#8221;on|phone&#8221; custom_css_main_element_tablet=&#8221;width:82% !important;||padding-left: 25px;||padding-top:35px&#8221; custom_css_main_element_phone=&#8221;width:70% !important;||padding-left: 15px;||padding-top:35px&#8221;][et_pb_text content_tablet=&#8221;<h1>Refleksjon<\/h1>&#8221; content_phone=&#8221;<h3>Refleksjon<\/h3>&#8221; content_last_edited=&#8221;on|phone&#8221; _builder_version=&#8221;4.27.4&#8243; _module_preset=&#8221;default&#8221; hover_enabled=&#8221;0&#8243; global_colors_info=&#8221;{}&#8221; sticky_enabled=&#8221;0&#8243;]<h1>Refleksjon<\/h1>[\/et_pb_text][\/et_pb_column][\/et_pb_row][et_pb_row custom_padding_last_edited=&#8221;on|phone&#8221; _builder_version=&#8221;4.27.2&#8243; _module_preset=&#8221;default&#8221; background_color=&#8221;#ffffff&#8221; max_width=&#8221;850px&#8221; max_width_tablet=&#8221;850px&#8221; max_width_phone=&#8221;850px&#8221; max_width_last_edited=&#8221;on|desktop&#8221; custom_padding=&#8221;60px|70px|60px|70px|false|false&#8221; custom_padding_tablet=&#8221;50px|45px|50px|45px|false|false&#8221; custom_padding_phone=&#8221;40px|45px|40px|45px|false|false&#8221; border_radii=&#8221;on|30px|30px|30px|30px&#8221; border_style_all=&#8221;dotted&#8221; global_colors_info=&#8221;{}&#8221;][et_pb_column type=&#8221;4_4&#8243; _builder_version=&#8221;4.21.0&#8243; _module_preset=&#8221;default&#8221; global_colors_info=&#8221;{}&#8221;][et_pb_text content_tablet=&#8221;<h3>L\u00e6rerstemmer, 7. trinn:<\/h3>\n<p>Denne oppgaven fungerte overraskende bra. Flesteparten av elevene fulgte godt med, og det kom frem mange tanker. Den pirret nysgjerrigheten hos mange og var matte p\u00e5 en litt annerledes m\u00e5te, med tanke p\u00e5 hvordan vi m\u00e5 pr\u00f8ve \u00e5 innhente informasjon om hva vi skal finne ut.<\/p>\n<p>Forslag til utvidelser:<\/p>\n<ul>\n<li>Innsikter kan ogs\u00e5 videref\u00f8res litt med tanke p\u00e5 hvordan vi leser fakta\/fagtekster (bruke bilder, illustrasjoner, egne erfaringer).<\/li>\n<li>Den kan kobles p\u00e5 engelskfaget (med tanke p\u00e5 \u00e5 forst\u00e5 tekster ut fra de opplysningene vi kan hente ut fra bilder etc.).<\/li>\n<li>Den kan sladdes i stedet for \u00e5 bruke kinesisk.<\/li>\n<\/ul>&#8221; content_phone=&#8221;<h3>L\u00e6rerstemmer, 7. trinn:<\/h3>\n<p>Denne oppgaven fungerte overraskende bra. Flesteparten av elevene fulgte godt med, og det kom frem mange tanker. Den pirret nysgjerrigheten hos mange og var matte p\u00e5 en litt annerledes m\u00e5te, med tanke p\u00e5 hvordan vi m\u00e5 pr\u00f8ve \u00e5 innhente informasjon om hva vi skal finne ut.<\/p>\n<p>Forslag til utvidelser:<\/p>\n<ul>\n<li>Innsikter kan ogs\u00e5 videref\u00f8res litt med tanke p\u00e5 hvordan vi leser fakta\/fagtekster (bruke bilder, illustrasjoner, egne erfaringer).<\/li>\n<li>Den kan kobles p\u00e5 engelskfaget (med tanke p\u00e5 \u00e5 forst\u00e5 tekster ut fra de opplysningene vi kan hente ut fra bilder etc.).<\/li>\n<li>Den kan sladdes i stedet for \u00e5 bruke kinesisk.<\/li>\n<\/ul>&#8221; content_last_edited=&#8221;on|phone&#8221; _builder_version=&#8221;4.27.2&#8243; _module_preset=&#8221;default&#8221; text_font_size=&#8221;17px&#8221; text_line_height=&#8221;1.8em&#8221; custom_padding=&#8221;||20px||false|false&#8221; global_colors_info=&#8221;{}&#8221;]<h3>L\u00e6rerstemmer, 7. trinn:<\/h3>\n<p>Denne oppgaven fungerte overraskende bra. Flesteparten av elevene fulgte godt med, og det kom frem mange tanker. Den pirret nysgjerrigheten hos mange og var matte p\u00e5 en litt annerledes m\u00e5te, med tanke p\u00e5 hvordan vi m\u00e5 pr\u00f8ve \u00e5 innhente informasjon om hva vi skal finne ut.<\/p>\n<p>Forslag til utvidelser:<\/p>\n<ul>\n<li>Innsikter kan ogs\u00e5 videref\u00f8res litt med tanke p\u00e5 hvordan vi leser fakta\/fagtekster (bruke bilder, illustrasjoner, egne erfaringer).<\/li>\n<li>Den kan kobles p\u00e5 engelskfaget (med tanke p\u00e5 \u00e5 forst\u00e5 tekster ut fra de opplysningene vi kan hente ut fra bilder etc.).<\/li>\n<li>Den kan sladdes i stedet for \u00e5 bruke kinesisk.<\/li>\n<\/ul>[\/et_pb_text][et_pb_text content_tablet=&#8221;<h3>L\u00e6rerstemmer, 5. trinn<\/h3>\n<p>Elevene hadde en positiv og l\u00e6rerik time der de m\u00f8tte matematikk p\u00e5 et annet spr\u00e5k. De fikk kjenne p\u00e5 kroppen det \u00e5 ikke forst\u00e5 noe og s\u00e5 komme til et punkt der de egentlig har gjennomf\u00f8rt mye matematikk p\u00e5 en lystbetont m\u00e5te. De fikk reflektert over hva det vil si \u00e5 lese i matematikk. Hvilken informasjon kan vi hente ut fra bilder\/illustrasjoner\/symboler og tall? Hva kan lengden p\u00e5 setningene og oppbyggingen av oppgaven si oss? Klarer vi \u00e5 l\u00f8se en tekstoppgave p\u00e5 et annet spr\u00e5k om vi analyserer den godt, bruker logisk sans og pr\u00f8ver oss frem? Det \u00e5 pr\u00f8ve seg frem er noe gjengen p\u00e5 5. trinn har veldig godt av \u00e5 trene p\u00e5. \ud83d\ude0a<\/p>&#8221; content_phone=&#8221;<h3>L\u00e6rerstemmer, 5. trinn<\/h3>\n<p>Elevene hadde en positiv og l\u00e6rerik time der de m\u00f8tte matematikk p\u00e5 et annet spr\u00e5k. De fikk kjenne p\u00e5 kroppen det \u00e5 ikke forst\u00e5 noe og s\u00e5 komme til et punkt der de egentlig har gjennomf\u00f8rt mye matematikk p\u00e5 en lystbetont m\u00e5te. De fikk reflektert over hva det vil si \u00e5 lese i matematikk. Hvilken informasjon kan vi hente ut fra bilder\/illustrasjoner\/symboler og tall? Hva kan lengden p\u00e5 setningene og oppbyggingen av oppgaven si oss? Klarer vi \u00e5 l\u00f8se en tekstoppgave p\u00e5 et annet spr\u00e5k om vi analyserer den godt, bruker logisk sans og pr\u00f8ver oss frem? Det \u00e5 pr\u00f8ve seg frem er noe gjengen p\u00e5 5. trinn har veldig godt av \u00e5 trene p\u00e5. \ud83d\ude0a<\/p>&#8221; content_last_edited=&#8221;on|tablet&#8221; _builder_version=&#8221;4.27.2&#8243; _module_preset=&#8221;default&#8221; text_font_size=&#8221;17px&#8221; text_line_height=&#8221;1.8em&#8221; custom_padding=&#8221;||20px||false|false&#8221; global_colors_info=&#8221;{}&#8221;]<h3>L\u00e6rerstemmer, 5. trinn<\/h3>\n<p>Elevene hadde en positiv og l\u00e6rerik time der de m\u00f8tte matematikk p\u00e5 et annet spr\u00e5k. De fikk kjenne p\u00e5 kroppen det \u00e5 ikke forst\u00e5 noe og s\u00e5 komme til et punkt der de egentlig har gjennomf\u00f8rt mye matematikk p\u00e5 en lystbetont m\u00e5te. De fikk reflektert over hva det vil si \u00e5 lese i matematikk. Hvilken informasjon kan vi hente ut fra bilder\/illustrasjoner\/symboler og tall? Hva kan lengden p\u00e5 setningene og oppbyggingen av oppgaven si oss? Klarer vi \u00e5 l\u00f8se en tekstoppgave p\u00e5 et annet spr\u00e5k om vi analyserer den godt, bruker logisk sans og pr\u00f8ver oss frem? Det \u00e5 pr\u00f8ve seg frem er noe gjengen p\u00e5 5. trinn har veldig godt av \u00e5 trene p\u00e5. \ud83d\ude0a<\/p>[\/et_pb_text][et_pb_text _builder_version=&#8221;4.27.2&#8243; _module_preset=&#8221;default&#8221; text_font_size=&#8221;17px&#8221; text_line_height=&#8221;1.8em&#8221; custom_padding=&#8221;||20px||false|false&#8221; global_colors_info=&#8221;{}&#8221;]<h3>L\u00e6rerstemme, 6. trinn:<\/h3>\n<p>\u00a0<span>Elevene syns det var g\u00f8y og morsomt \u00e5 gj\u00f8re noe annerledes \u2013 jeg hadde tre ulike klasser, og alle var engasjert, og det er spennende \u00e5 pr\u00f8ve noe nytt.<\/span><span>\u00a0<\/span><span>Litt som forventet pr\u00f8vde de \u00e5 oversette \u2013 men etter hvert s\u00e5 skj\u00f8nte de at det var lurere \u00e5 se p\u00e5 tallene.\u00a0<\/span><\/p>\n<p><span>Det virket som elevene forsto at det ikke alltid er n\u00f8dvendig \u00e5 forst\u00e5 hele teksten \u2013 men f\u00e5 ut det viktigste av tekstoppgaven.\u00a0<\/span><\/p>[\/et_pb_text][et_pb_text content_tablet=&#8221;<h3>L\u00e6rerstemme, 3. trinn:<\/h3>\n<p>Flere synes det var litt vanskelig, men ogs\u00e5 g\u00f8y. Jeg hadde forventet at gruppa ville takle det ulikt, men at de etter hvert ville koble seg p\u00e5 og bli med i diskusjonene.<\/p>\n<p>Elevene ble enig om hvilken informasjon de trengte for \u00e5 finne svaret i oppgaven. Det var en del un\u00f8dvendig informasjon i teksten.<\/p>\n<p>Oppgavetypen var ny, og det kan v\u00e6re litt vanskelig i starten for enkelte. Elvene \u00f8nsker flere slike oppgaver, men kunne tenke seg et annet spr\u00e5k.<\/p>\n<p>Det var g\u00f8y \u00e5 h\u00f8re at de diskuterer ulike tolkninger og l\u00f8sninger.<\/p>&#8221; content_phone=&#8221;<h3>L\u00e6rerstemme, 3. trinn:<\/h3>\n<p>Flere synes det var litt vanskelig, men ogs\u00e5 g\u00f8y. Jeg hadde forventet at gruppa ville takle det ulikt, men at de etter hvert ville koble seg p\u00e5 og bli med i diskusjonene.<\/p>\n<p>Elevene ble enig om hvilken informasjon de trengte for \u00e5 finne svaret i oppgaven. Det var en del un\u00f8dvendig informasjon i teksten.<\/p>\n<p>Oppgavetypen var ny, og det kan v\u00e6re litt vanskelig i starten for enkelte. Elvene \u00f8nsker flere slike oppgaver, men kunne tenke seg et annet spr\u00e5k.<\/p>\n<p>Det var g\u00f8y \u00e5 h\u00f8re at de diskuterer ulike tolkninger og l\u00f8sninger.<\/p>&#8221; content_last_edited=&#8221;on|phone&#8221; _builder_version=&#8221;4.27.2&#8243; _module_preset=&#8221;default&#8221; text_font_size=&#8221;17px&#8221; text_line_height=&#8221;1.8em&#8221; custom_padding=&#8221;||20px||false|false&#8221; global_colors_info=&#8221;{}&#8221;]<h3>L\u00e6rerstemme, 3. trinn:<\/h3>\n<p>Flere synes det var litt vanskelig, men ogs\u00e5 g\u00f8y. Jeg hadde forventet at gruppa ville takle det ulikt, men at de etter hvert ville koble seg p\u00e5 og bli med i diskusjonene.<\/p>\n<p>Elevene ble enig om hvilken informasjon de trengte for \u00e5 finne svaret i oppgaven. Det var en del un\u00f8dvendig informasjon i teksten.<\/p>\n<p>Oppgavetypen var ny, og det kan v\u00e6re litt vanskelig i starten for enkelte. Elvene \u00f8nsker flere slike oppgaver, men kunne tenke seg et annet spr\u00e5k.<\/p>\n<p>Det var g\u00f8y \u00e5 h\u00f8re at de diskuterer ulike tolkninger og l\u00f8sninger.<\/p>[\/et_pb_text][et_pb_text content_tablet=&#8221;<h3>L\u00e6rerstemme, 3. trinn:<\/h3>\n<p>Flere synes det var litt vanskelig, men ogs\u00e5 g\u00f8y. Jeg hadde forventet at gruppa ville takle det ulikt, men at de etter hvert ville koble seg p\u00e5 og bli med i diskusjonene.<\/p>\n<p>Elevene ble enig om hvilken informasjon de trengte for \u00e5 finne svaret i oppgaven. Det var en del un\u00f8dvendig informasjon i teksten.<\/p>\n<p>Oppgavetypen var ny, og det kan v\u00e6re litt vanskelig i starten for enkelte. Elvene \u00f8nsker flere slike oppgaver, men kunne tenke seg et annet spr\u00e5k.<\/p>\n<p>Det var g\u00f8y \u00e5 h\u00f8re at de diskuterer ulike tolkninger og l\u00f8sninger.<\/p>&#8221; content_phone=&#8221;<h3>L\u00e6rerstemme, 3. trinn:<\/h3>\n<p>Flere synes det var litt vanskelig, men ogs\u00e5 g\u00f8y. Jeg hadde forventet at gruppa ville takle det ulikt, men at de etter hvert ville koble seg p\u00e5 og bli med i diskusjonene.<\/p>\n<p>Elevene ble enig om hvilken informasjon de trengte for \u00e5 finne svaret i oppgaven. Det var en del un\u00f8dvendig informasjon i teksten.<\/p>\n<p>Oppgavetypen var ny, og det kan v\u00e6re litt vanskelig i starten for enkelte. Elvene \u00f8nsker flere slike oppgaver, men kunne tenke seg et annet spr\u00e5k.<\/p>\n<p>Det var g\u00f8y \u00e5 h\u00f8re at de diskuterer ulike tolkninger og l\u00f8sninger.<\/p>&#8221; content_last_edited=&#8221;on|phone&#8221; _builder_version=&#8221;4.27.2&#8243; _module_preset=&#8221;default&#8221; text_font_size=&#8221;17px&#8221; text_line_height=&#8221;1.8em&#8221; custom_padding=&#8221;||20px||false|false&#8221; global_colors_info=&#8221;{}&#8221;]<h3><span>L\u00e6rerstemmer, 8. trinn: \u00a0<\/span><\/h3>\n<p><span>Opplegget ga mulighet for \u00e5 reflektere rundt det \u00e5 hente ut korrekt informasjon fra en oppgave \u2013 hva som er relevant, og hva som er overfl\u00f8dig, hvilke tall vi trenger, og hvilken del av teksten som er viktig og riktig \u00e5 bruke for \u00e5 l\u00f8se oppgaven. Det gjorde det ogs\u00e5 mulig \u00e5 reflektere over hvordan vi er avhengige av \u00e5 kunne lese og forst\u00e5 teksten for \u00e5 kunne hente ut relevant informasjon for \u00e5 l\u00f8se oppgaven. Dette ga god trening i \u00e5 l\u00f8se tekstoppgaver og i \u00e5 reflektere over egen arbeidsmetode.<\/span><span>\u00a0<\/span><\/p>\n<p><span>Elevene likte utfordringen godt og fikk mulighet til \u00e5 gj\u00f8re seg noen tanker rundt hvordan de jobbet i faget. Det hele var ganske vellykket og var interessant b\u00e5de for elever og l\u00e6rere.\u00a0<\/span><span>\u00a0<\/span><\/p>[\/et_pb_text][\/et_pb_column][\/et_pb_row][et_pb_row _builder_version=&#8221;4.21.0&#8243; _module_preset=&#8221;default&#8221; max_width=&#8221;850px&#8221; module_alignment=&#8221;center&#8221; global_colors_info=&#8221;{}&#8221;][et_pb_column type=&#8221;4_4&#8243; _builder_version=&#8221;4.21.0&#8243; _module_preset=&#8221;default&#8221; global_colors_info=&#8221;{}&#8221;][et_pb_code _builder_version=&#8221;4.21.0&#8243; _module_preset=&#8221;default&#8221; text_orientation=&#8221;center&#8221; global_colors_info=&#8221;{}&#8221;]<button id=\"backButton\" style=\"<!-- [et_pb_line_break_holder] -->background: #8dcfb7; <!-- [et_pb_line_break_holder] -->border-radius: 10px; <!-- [et_pb_line_break_holder] -->width: 100px; <!-- [et_pb_line_break_holder] -->height: 40px; <!-- [et_pb_line_break_holder] -->border: none; <!-- [et_pb_line_break_holder] -->font-size: 18px;<!-- [et_pb_line_break_holder] -->color: #000000; <!-- [et_pb_line_break_holder] -->transform: uppercase;&#8221; <!-- [et_pb_line_break_holder] -->onmouseover=&#8221;this.style.backgroundColor=&#8217;#5a5e5e&#8217;; this.style.color=&#8217;#ffffff&#8217;;&#8221;<!-- [et_pb_line_break_holder] -->onmouseout=&#8221;this.style.backgroundColor=&#8217;#8dcfb7&#8242;; this.style.color=&#8217;#000000&#8242;;&#8221; <!-- [et_pb_line_break_holder] -->onclick=&#8221;myFunction()&#8221;>Tilbake<\/button><!-- [et_pb_line_break_holder] --><!-- [et_pb_line_break_holder] --><script><!-- [et_pb_line_break_holder] -->document.addEventListener('DOMContentLoaded', function() {<!-- [et_pb_line_break_holder] -->  var backButton = document.getElementById('backButton'); <!-- [et_pb_line_break_holder] -->  <!-- [et_pb_line_break_holder] -->  if (backButton) {<!-- [et_pb_line_break_holder] -->    backButton.addEventListener('click', function() {<!-- [et_pb_line_break_holder] -->      window.history.back();<!-- [et_pb_line_break_holder] -->    });<!-- [et_pb_line_break_holder] -->  }<!-- [et_pb_line_break_holder] -->});<!-- [et_pb_line_break_holder] --><\/script><!-- [et_pb_line_break_holder] -->[\/et_pb_code][\/et_pb_column][\/et_pb_row][\/et_pb_section]\n","protected":false},"excerpt":{"rendered":"<p>RefleksjonL\u00e6rerstemmer, 7. trinn: Denne oppgaven fungerte overraskende bra. Flesteparten av elevene fulgte godt med, og det kom frem mange tanker. Den pirret nysgjerrigheten hos mange og var matte p\u00e5 en litt annerledes m\u00e5te, med tanke p\u00e5 hvordan vi m\u00e5 pr\u00f8ve \u00e5 innhente informasjon om hva vi skal finne ut. Forslag til utvidelser: Innsikter kan ogs\u00e5 [&hellip;]<\/p>\n","protected":false},"author":10,"featured_media":0,"parent":0,"menu_order":0,"comment_status":"closed","ping_status":"closed","template":"","meta":{"_et_pb_use_builder":"on","_et_pb_old_content":"","_et_gb_content_width":"","footnotes":""},"trinn":[],"fag":[],"class_list":["post-4463","page","type-page","status-publish","hentry"],"_links":{"self":[{"href":"https:\/\/leselop.usn.no\/index.php?rest_route=\/wp\/v2\/pages\/4463","targetHints":{"allow":["GET"]}}],"collection":[{"href":"https:\/\/leselop.usn.no\/index.php?rest_route=\/wp\/v2\/pages"}],"about":[{"href":"https:\/\/leselop.usn.no\/index.php?rest_route=\/wp\/v2\/types\/page"}],"author":[{"embeddable":true,"href":"https:\/\/leselop.usn.no\/index.php?rest_route=\/wp\/v2\/users\/10"}],"replies":[{"embeddable":true,"href":"https:\/\/leselop.usn.no\/index.php?rest_route=%2Fwp%2Fv2%2Fcomments&post=4463"}],"version-history":[{"count":5,"href":"https:\/\/leselop.usn.no\/index.php?rest_route=\/wp\/v2\/pages\/4463\/revisions"}],"predecessor-version":[{"id":10200,"href":"https:\/\/leselop.usn.no\/index.php?rest_route=\/wp\/v2\/pages\/4463\/revisions\/10200"}],"wp:attachment":[{"href":"https:\/\/leselop.usn.no\/index.php?rest_route=%2Fwp%2Fv2%2Fmedia&parent=4463"}],"wp:term":[{"taxonomy":"trinn","embeddable":true,"href":"https:\/\/leselop.usn.no\/index.php?rest_route=%2Fwp%2Fv2%2Ftrinn&post=4463"},{"taxonomy":"fag","embeddable":true,"href":"https:\/\/leselop.usn.no\/index.php?rest_route=%2Fwp%2Fv2%2Ffag&post=4463"}],"curies":[{"name":"wp","href":"https:\/\/api.w.org\/{rel}","templated":true}]}}