{"id":4424,"date":"2024-10-25T14:14:19","date_gmt":"2024-10-25T12:14:19","guid":{"rendered":"https:\/\/leselop.usn.no\/?page_id=4424"},"modified":"2025-08-07T12:31:47","modified_gmt":"2025-08-07T10:31:47","slug":"leselop-6-aktivitet-5-transkripsjon-av-elevsamtale","status":"publish","type":"page","link":"https:\/\/leselop.usn.no\/?page_id=4424","title":{"rendered":"6. Tekstoppgaver i matematikk &#8211; Aktivitet 5 &#8211; Transkripsjon av elevsamtale"},"content":{"rendered":"\n[et_pb_section fb_built=&#8221;1&#8243; _builder_version=&#8221;4.21.0&#8243; _module_preset=&#8221;default&#8221; background_color=&#8221;#f4f4f4&#8243; custom_css_main_element=&#8221;min-height: 100vh;&#8221; da_disable_devices=&#8221;off|off|off&#8221; global_colors_info=&#8221;{}&#8221; da_is_popup=&#8221;off&#8221; da_exit_intent=&#8221;off&#8221; da_has_close=&#8221;on&#8221; da_alt_close=&#8221;off&#8221; da_dark_close=&#8221;off&#8221; da_not_modal=&#8221;on&#8221; da_is_singular=&#8221;off&#8221; da_with_loader=&#8221;off&#8221; da_has_shadow=&#8221;on&#8221;][et_pb_row column_structure=&#8221;1_4,3_4&#8243; use_custom_gutter=&#8221;on&#8221; gutter_width=&#8221;1&#8243; make_equal=&#8221;on&#8221; _builder_version=&#8221;4.27.2&#8243; _module_preset=&#8221;default&#8221; max_width=&#8221;850px&#8221; custom_css_main_element=&#8221;width:75% !important;&#8221; global_colors_info=&#8221;{}&#8221;][et_pb_column type=&#8221;1_4&#8243; _builder_version=&#8221;4.21.0&#8243; _module_preset=&#8221;default&#8221; custom_css_main_element=&#8221;width:12% !important;&#8221; global_colors_info=&#8221;{}&#8221; custom_css_main_element_last_edited=&#8221;on|phone&#8221; custom_css_main_element_tablet=&#8221;width:18% !important;&#8221; custom_css_main_element_phone=&#8221;width:30% !important;&#8221;][et_pb_image src=&#8221;https:\/\/leselop.usn.no\/wp-content\/uploads\/2025\/06\/Leselop-clapboard-green.png&#8221; title_text=&#8221;Leselop-clapboard-green&#8221; src_tablet=&#8221;https:\/\/leselop.usn.no\/wp-content\/uploads\/2025\/06\/Leselop-clapboard-green.png&#8221; src_phone=&#8221;https:\/\/leselop.usn.no\/wp-content\/uploads\/2025\/06\/Leselop-clapboard-green.png&#8221; src_last_edited=&#8221;on|phone&#8221; _builder_version=&#8221;4.27.4&#8243; _module_preset=&#8221;default&#8221; hover_enabled=&#8221;0&#8243; global_colors_info=&#8221;{}&#8221; sticky_enabled=&#8221;0&#8243;][\/et_pb_image][\/et_pb_column][et_pb_column type=&#8221;3_4&#8243; _builder_version=&#8221;4.27.2&#8243; _module_preset=&#8221;default&#8221; custom_css_main_element=&#8221;width:88% !important;||margin: auto;||padding-left: 30px;&#8221; global_colors_info=&#8221;{}&#8221; custom_css_main_element_last_edited=&#8221;on|phone&#8221; custom_css_main_element_tablet=&#8221;width:82% !important;||padding-left: 25px;||padding-top:35px&#8221; custom_css_main_element_phone=&#8221;width:70% !important;||padding-left: 15px;||padding-top:15px&#8221;][et_pb_text content_tablet=&#8221;<h1><span>Transkripsjon av elevsamtale<\/span><\/h1>&#8221; content_phone=&#8221;<h3><span>Transkripsjon <\/span><\/h3>\n<h3><span>av elevsamtale<\/span><\/h3>&#8221; content_last_edited=&#8221;on|phone&#8221; _builder_version=&#8221;4.27.4&#8243; _module_preset=&#8221;default&#8221; hover_enabled=&#8221;0&#8243; global_colors_info=&#8221;{}&#8221; sticky_enabled=&#8221;0&#8243;]<h1><span>Transkripsjon av elevsamtale<\/span><\/h1>[\/et_pb_text][\/et_pb_column][\/et_pb_row][et_pb_row custom_padding_last_edited=&#8221;on|phone&#8221; _builder_version=&#8221;4.27.2&#8243; _module_preset=&#8221;default&#8221; background_color=&#8221;#ffffff&#8221; max_width=&#8221;850px&#8221; max_width_tablet=&#8221;850px&#8221; max_width_phone=&#8221;850px&#8221; max_width_last_edited=&#8221;on|desktop&#8221; custom_padding=&#8221;60px|70px|60px|70px|false|false&#8221; custom_padding_tablet=&#8221;50px|45px|50px|45px|false|false&#8221; custom_padding_phone=&#8221;40px|30px|40px|30px|false|false&#8221; border_radii=&#8221;on|30px|30px|30px|30px&#8221; border_style_all=&#8221;dotted&#8221; global_colors_info=&#8221;{}&#8221;][et_pb_column type=&#8221;4_4&#8243; _builder_version=&#8221;4.21.0&#8243; _module_preset=&#8221;default&#8221; global_colors_info=&#8221;{}&#8221;][et_pb_text _builder_version=&#8221;4.27.2&#8243; _module_preset=&#8221;default&#8221; text_font_size=&#8221;17px&#8221; text_line_height=&#8221;1.6em&#8221; custom_margin=&#8221;||50px||false|false&#8221; global_colors_info=&#8221;{}&#8221;]<p>Vi ser at en av elevene allerede har l\u00f8st oppgaven. Som matematikkl\u00e6rer er det viktig \u00e5 ikke bare arbeide med l\u00f8sninger p\u00e5 oppgaver, men ogs\u00e5 andre ferdigheter som formidling av l\u00f8sninger samt diskusjon av l\u00f8sninger. Det er ogs\u00e5 viktig at det ikke bare er kun \u00e9n elev som skal f\u00e5 det til. P\u00e5 bakgrunn av blant annet dette blir alle elevene bedt om \u00e5 tegne eller skrive l\u00f8sningen samt \u00e5 samarbeide om det.<\/p>[\/et_pb_text][et_pb_code disabled_on=&#8221;on|off|off&#8221; _builder_version=&#8221;4.27.2&#8243; _module_preset=&#8221;default&#8221; custom_margin=&#8221;||||false|false&#8221; custom_padding=&#8221;||||false|false&#8221; global_colors_info=&#8221;{}&#8221;]<div style=\"overflow-x: auto;\"><!-- [et_pb_line_break_holder] -->  <style><!-- [et_pb_line_break_holder] -->    \/* Standard tekstst\u00f8rrelse *\/<!-- [et_pb_line_break_holder] -->    table {<!-- [et_pb_line_break_holder] -->      width: 100%;<!-- [et_pb_line_break_holder] -->      border-collapse: collapse;<!-- [et_pb_line_break_holder] -->      padding-bottom:0px;<!-- [et_pb_line_break_holder] -->    }<!-- [et_pb_line_break_holder] --><!-- [et_pb_line_break_holder] -->    th, td {<!-- [et_pb_line_break_holder] -->      border: 1px solid black;<!-- [et_pb_line_break_holder] -->      padding: 10px;<!-- [et_pb_line_break_holder] -->      padding-top:<!-- [et_pb_line_break_holder] -->      font-size: 13pt; <!-- [et_pb_line_break_holder] -->    }<!-- [et_pb_line_break_holder] --><!-- [et_pb_line_break_holder] -->    \/* For mobile enheter (maks bredde: 767px) *\/<!-- [et_pb_line_break_holder] -->    @media only screen and (max-width: 767px) {<!-- [et_pb_line_break_holder] -->      th, td {<!-- [et_pb_line_break_holder] -->        font-size: 12pt; \/<!-- [et_pb_line_break_holder] -->      }<!-- [et_pb_line_break_holder] -->    }<!-- [et_pb_line_break_holder] -->  <\/style><!-- [et_pb_line_break_holder] --><!-- [et_pb_line_break_holder] -->  <table><!-- [et_pb_line_break_holder] -->    <thead><!-- [et_pb_line_break_holder] -->      <tr><!-- [et_pb_line_break_holder] -->        <th>Tur<\/th><!-- [et_pb_line_break_holder] -->        <th>Navn<\/th><!-- [et_pb_line_break_holder] -->        <th>Innhold<\/th><!-- [et_pb_line_break_holder] -->        <th>Kommentar<\/th><!-- [et_pb_line_break_holder] -->      <\/tr><!-- [et_pb_line_break_holder] -->    <\/thead><!-- [et_pb_line_break_holder] -->    <tbody><!-- [et_pb_line_break_holder] --><!-- [et_pb_line_break_holder] --><tr><!-- [et_pb_line_break_holder] --><td style=\"text-align: center; width: 50px;\"><!-- [et_pb_line_break_holder] -->132<\/td><!-- [et_pb_line_break_holder] --><td style=\"background-color: #E1EFD9;\">L<\/td><!-- [et_pb_line_break_holder] --><td style=\"line-height: 1.3; padding-top: 10px; padding-bottom:15px;\">Da kan dere tegne eller skrive hvordan dere velger \u00e5 l\u00f8se denne oppgaven, p\u00e5 arket som dere har foran dere. Dere kan gjerne snakke sammen om dere vil det, n\u00e5r dere jobber med oppgaven.<\/td><!-- [et_pb_line_break_holder] --><td style=\"line-height: 1.5;\"><\/td><!-- [et_pb_line_break_holder] --><\/tr><!-- [et_pb_line_break_holder] -->      <!-- [et_pb_line_break_holder] --><tr><!-- [et_pb_line_break_holder] --><td style=\"text-align: center; width: 50px;\">133<\/td><!-- [et_pb_line_break_holder] --><td style=\"background-color: #FFEFBF;\">Fredrik<\/td><!-- [et_pb_line_break_holder] --><td style=\"line-height: 1.5;\">Skal vi skrive, eller?<\/td><!-- [et_pb_line_break_holder] --><td style=\"line-height: 1.5;\"><\/td><!-- [et_pb_line_break_holder] --><\/tr><!-- [et_pb_line_break_holder] --><!-- [et_pb_line_break_holder] --><tr><!-- [et_pb_line_break_holder] --><td style=\"text-align: center; width: 50px;\">134<\/td><!-- [et_pb_line_break_holder] --><td style=\"background-color: #E1EFD9;\">L<\/td><!-- [et_pb_line_break_holder] --><td style=\"line-height: 1.5;\">Ja, skrive hvordan du vil l\u00f8se den. Ta \u00e5 regne ut, enten om du skriver eller tegner eller bruker bare symboler. <\/td><!-- [et_pb_line_break_holder] --><td style=\"line-height: 1.5;\"><\/td><!-- [et_pb_line_break_holder] --><\/tr><!-- [et_pb_line_break_holder] -->      <!-- [et_pb_line_break_holder] --><tr><!-- [et_pb_line_break_holder] --><td style=\"text-align: center; width: 50px;\">135<\/td><!-- [et_pb_line_break_holder] --><td style=\"background-color: #FFD4DC;\">Daniel<\/td><!-- [et_pb_line_break_holder] --><td style=\"line-height: 1.5;\">Ja, skulle vi prate sammen, da?<\/td><!-- [et_pb_line_break_holder] --><td style=\"line-height: 1.5;\"><\/td><!-- [et_pb_line_break_holder] --><\/tr><!-- [et_pb_line_break_holder] -->      <!-- [et_pb_line_break_holder] --><tr><!-- [et_pb_line_break_holder] --><td style=\"text-align: center; width: 50px;\">136<\/td><!-- [et_pb_line_break_holder] --><td style=\"background-color: #C1DBFF;\">Chris<\/td><!-- [et_pb_line_break_holder] --><td style=\"line-height: 1.5;\">Ja<\/td><!-- [et_pb_line_break_holder] --><td style=\"line-height: 1.5;\"><\/td><!-- [et_pb_line_break_holder] --><\/tr><!-- [et_pb_line_break_holder] -->      <!-- [et_pb_line_break_holder] --><tr><!-- [et_pb_line_break_holder] --><td style=\"text-align: center; width: 50px;\">137<\/td><!-- [et_pb_line_break_holder] --><td style=\"background-color: #FFEFBF;\">Fredrik<\/td><!-- [et_pb_line_break_holder] --><td style=\"line-height: 1.5;\">Jeg vet ikke hva som er riktig, da.<\/td><!-- [et_pb_line_break_holder] --><td style=\"line-height: 1.5;\"><\/td><!-- [et_pb_line_break_holder] --><\/tr><!-- [et_pb_line_break_holder] -->      <!-- [et_pb_line_break_holder] --><tr><!-- [et_pb_line_break_holder] --><td style=\"text-align: center; width: 50px;\">138<\/td><!-- [et_pb_line_break_holder] --><td style=\"background-color: #E1EFD9;\">L<\/td><!-- [et_pb_line_break_holder] --><td style=\"line-height: 1.5;\">Bare pr\u00f8v, og s\u00e5 regner du ut som du vil. S\u00e5 ser vi p\u00e5 det sammen etterp\u00e5 hvordan dere har valgt \u00e5 l\u00f8se det. <\/td><!-- [et_pb_line_break_holder] --><td style=\"line-height: 1.5;\"><\/td><!-- [et_pb_line_break_holder] --><\/tr><!-- [et_pb_line_break_holder] -->     <!-- [et_pb_line_break_holder] -->    <\/tbody><!-- [et_pb_line_break_holder] -->  <\/table><!-- [et_pb_line_break_holder] --><\/div><!-- [et_pb_line_break_holder] -->[\/et_pb_code][et_pb_image src=&#8221;https:\/\/leselop.usn.no\/wp-content\/uploads\/2024\/10\/Elevsamtale132-138.png&#8221; title_text=&#8221;Elevsamtale132-138&#8243; disabled_on=&#8221;off|on|on&#8221; _builder_version=&#8221;4.27.2&#8243; _module_preset=&#8221;default&#8221; width=&#8221;270px&#8221; module_alignment=&#8221;center&#8221; global_colors_info=&#8221;{}&#8221;][\/et_pb_image][et_pb_text _builder_version=&#8221;4.27.2&#8243; _module_preset=&#8221;default&#8221; text_font_size=&#8221;17px&#8221; text_line_height=&#8221;1.6em&#8221; custom_margin=&#8221;||50px||false|false&#8221; global_colors_info=&#8221;{}&#8221;]<p>Elevene jobber med oppgaven. De jobbet hver for seg.<\/p>[\/et_pb_text][\/et_pb_column][\/et_pb_row][et_pb_row _builder_version=&#8221;4.21.0&#8243; _module_preset=&#8221;default&#8221; max_width=&#8221;850px&#8221; module_alignment=&#8221;center&#8221; global_colors_info=&#8221;{}&#8221;][et_pb_column type=&#8221;4_4&#8243; _builder_version=&#8221;4.21.0&#8243; _module_preset=&#8221;default&#8221; global_colors_info=&#8221;{}&#8221;][et_pb_code _builder_version=&#8221;4.21.0&#8243; _module_preset=&#8221;default&#8221; text_orientation=&#8221;center&#8221; global_colors_info=&#8221;{}&#8221;]<button id=\"backButton\" style=\"<!-- [et_pb_line_break_holder] -->background: #8dcfb7; <!-- [et_pb_line_break_holder] -->border-radius: 10px; <!-- [et_pb_line_break_holder] -->width: 100px; <!-- [et_pb_line_break_holder] -->height: 40px; <!-- [et_pb_line_break_holder] -->border: none; <!-- [et_pb_line_break_holder] -->font-size: 18px;<!-- [et_pb_line_break_holder] -->color: #000000; <!-- [et_pb_line_break_holder] -->transform: uppercase;&#8221; <!-- [et_pb_line_break_holder] -->onmouseover=&#8221;this.style.backgroundColor=&#8217;#5a5e5e&#8217;; this.style.color=&#8217;#ffffff&#8217;;&#8221;<!-- [et_pb_line_break_holder] -->onmouseout=&#8221;this.style.backgroundColor=&#8217;#8dcfb7&#8242;; this.style.color=&#8217;#000000&#8242;;&#8221; <!-- [et_pb_line_break_holder] -->onclick=&#8221;myFunction()&#8221;>Tilbake<\/button><!-- [et_pb_line_break_holder] --><!-- [et_pb_line_break_holder] --><script><!-- [et_pb_line_break_holder] -->document.addEventListener('DOMContentLoaded', function() {<!-- [et_pb_line_break_holder] -->  var backButton = document.getElementById('backButton'); <!-- [et_pb_line_break_holder] -->  <!-- [et_pb_line_break_holder] -->  if (backButton) {<!-- [et_pb_line_break_holder] -->    backButton.addEventListener('click', function() {<!-- [et_pb_line_break_holder] -->      window.history.back();<!-- [et_pb_line_break_holder] -->    });<!-- [et_pb_line_break_holder] -->  }<!-- [et_pb_line_break_holder] -->});<!-- [et_pb_line_break_holder] --><\/script><!-- [et_pb_line_break_holder] -->[\/et_pb_code][\/et_pb_column][\/et_pb_row][\/et_pb_section]\n","protected":false},"excerpt":{"rendered":"<p>Transkripsjon av elevsamtaleVi ser at en av elevene allerede har l\u00f8st oppgaven. Som matematikkl\u00e6rer er det viktig \u00e5 ikke bare arbeide med l\u00f8sninger p\u00e5 oppgaver, men ogs\u00e5 andre ferdigheter som formidling av l\u00f8sninger samt diskusjon av l\u00f8sninger. Det er ogs\u00e5 viktig at det ikke bare er kun \u00e9n elev som skal f\u00e5 det til. P\u00e5 [&hellip;]<\/p>\n","protected":false},"author":10,"featured_media":0,"parent":0,"menu_order":0,"comment_status":"closed","ping_status":"closed","template":"","meta":{"_et_pb_use_builder":"on","_et_pb_old_content":"","_et_gb_content_width":"","footnotes":""},"trinn":[],"fag":[],"class_list":["post-4424","page","type-page","status-publish","hentry"],"_links":{"self":[{"href":"https:\/\/leselop.usn.no\/index.php?rest_route=\/wp\/v2\/pages\/4424","targetHints":{"allow":["GET"]}}],"collection":[{"href":"https:\/\/leselop.usn.no\/index.php?rest_route=\/wp\/v2\/pages"}],"about":[{"href":"https:\/\/leselop.usn.no\/index.php?rest_route=\/wp\/v2\/types\/page"}],"author":[{"embeddable":true,"href":"https:\/\/leselop.usn.no\/index.php?rest_route=\/wp\/v2\/users\/10"}],"replies":[{"embeddable":true,"href":"https:\/\/leselop.usn.no\/index.php?rest_route=%2Fwp%2Fv2%2Fcomments&post=4424"}],"version-history":[{"count":6,"href":"https:\/\/leselop.usn.no\/index.php?rest_route=\/wp\/v2\/pages\/4424\/revisions"}],"predecessor-version":[{"id":10196,"href":"https:\/\/leselop.usn.no\/index.php?rest_route=\/wp\/v2\/pages\/4424\/revisions\/10196"}],"wp:attachment":[{"href":"https:\/\/leselop.usn.no\/index.php?rest_route=%2Fwp%2Fv2%2Fmedia&parent=4424"}],"wp:term":[{"taxonomy":"trinn","embeddable":true,"href":"https:\/\/leselop.usn.no\/index.php?rest_route=%2Fwp%2Fv2%2Ftrinn&post=4424"},{"taxonomy":"fag","embeddable":true,"href":"https:\/\/leselop.usn.no\/index.php?rest_route=%2Fwp%2Fv2%2Ffag&post=4424"}],"curies":[{"name":"wp","href":"https:\/\/api.w.org\/{rel}","templated":true}]}}