{"id":4336,"date":"2024-10-25T09:26:32","date_gmt":"2024-10-25T07:26:32","guid":{"rendered":"https:\/\/leselop.usn.no\/?page_id=4336"},"modified":"2025-08-07T12:30:50","modified_gmt":"2025-08-07T10:30:50","slug":"leselop-6-aktivitet-3-transkripsjon-av-elevsamtale","status":"publish","type":"page","link":"https:\/\/leselop.usn.no\/?page_id=4336","title":{"rendered":"6. Tekstoppgaver i matematikk &#8211; Aktivitet 3 &#8211; Transkripsjon av elevsamtale"},"content":{"rendered":"\n[et_pb_section fb_built=&#8221;1&#8243; _builder_version=&#8221;4.21.0&#8243; _module_preset=&#8221;default&#8221; background_color=&#8221;#f4f4f4&#8243; custom_css_main_element=&#8221;min-height: 100vh;&#8221; da_disable_devices=&#8221;off|off|off&#8221; global_colors_info=&#8221;{}&#8221; da_is_popup=&#8221;off&#8221; da_exit_intent=&#8221;off&#8221; da_has_close=&#8221;on&#8221; da_alt_close=&#8221;off&#8221; da_dark_close=&#8221;off&#8221; da_not_modal=&#8221;on&#8221; da_is_singular=&#8221;off&#8221; da_with_loader=&#8221;off&#8221; da_has_shadow=&#8221;on&#8221;][et_pb_row column_structure=&#8221;1_4,3_4&#8243; use_custom_gutter=&#8221;on&#8221; gutter_width=&#8221;1&#8243; make_equal=&#8221;on&#8221; _builder_version=&#8221;4.27.2&#8243; _module_preset=&#8221;default&#8221; max_width=&#8221;850px&#8221; custom_css_main_element=&#8221;width:75% !important;&#8221; global_colors_info=&#8221;{}&#8221;][et_pb_column type=&#8221;1_4&#8243; _builder_version=&#8221;4.21.0&#8243; _module_preset=&#8221;default&#8221; custom_css_main_element=&#8221;width:12% !important;&#8221; global_colors_info=&#8221;{}&#8221; custom_css_main_element_last_edited=&#8221;on|phone&#8221; custom_css_main_element_tablet=&#8221;width:18% !important;&#8221; custom_css_main_element_phone=&#8221;width:30% !important;&#8221;][et_pb_image src=&#8221;https:\/\/leselop.usn.no\/wp-content\/uploads\/2025\/06\/Leselop-clapboard-green.png&#8221; title_text=&#8221;Leselop-clapboard-green&#8221; src_tablet=&#8221;https:\/\/leselop.usn.no\/wp-content\/uploads\/2025\/06\/Leselop-clapboard-green.png&#8221; src_phone=&#8221;https:\/\/leselop.usn.no\/wp-content\/uploads\/2025\/06\/Leselop-clapboard-green.png&#8221; src_last_edited=&#8221;on|phone&#8221; _builder_version=&#8221;4.27.4&#8243; _module_preset=&#8221;default&#8221; hover_enabled=&#8221;0&#8243; global_colors_info=&#8221;{}&#8221; sticky_enabled=&#8221;0&#8243;][\/et_pb_image][\/et_pb_column][et_pb_column type=&#8221;3_4&#8243; _builder_version=&#8221;4.27.2&#8243; _module_preset=&#8221;default&#8221; custom_css_main_element=&#8221;width:88% !important;||margin: auto;||padding-left: 30px;&#8221; global_colors_info=&#8221;{}&#8221; custom_css_main_element_last_edited=&#8221;on|phone&#8221; custom_css_main_element_tablet=&#8221;width:82% !important;||padding-left: 25px;||padding-top:35px&#8221; custom_css_main_element_phone=&#8221;width:70% !important;||padding-left: 15px;||padding-top:15px&#8221;][et_pb_text content_tablet=&#8221;<h1><span>Transkripsjon av elevsamtale<\/span><\/h1>&#8221; content_phone=&#8221;<h3><span>Transkripsjon <\/span><\/h3>\n<h3><span>av elevsamtale<\/span><\/h3>&#8221; content_last_edited=&#8221;on|phone&#8221; _builder_version=&#8221;4.27.4&#8243; _module_preset=&#8221;default&#8221; hover_enabled=&#8221;0&#8243; global_colors_info=&#8221;{}&#8221; sticky_enabled=&#8221;0&#8243;]<h1><span>Transkripsjon av elevsamtale<\/span><\/h1>[\/et_pb_text][\/et_pb_column][\/et_pb_row][et_pb_row custom_padding_last_edited=&#8221;on|phone&#8221; _builder_version=&#8221;4.27.2&#8243; _module_preset=&#8221;default&#8221; background_color=&#8221;#ffffff&#8221; max_width=&#8221;850px&#8221; max_width_tablet=&#8221;850px&#8221; max_width_phone=&#8221;850px&#8221; max_width_last_edited=&#8221;on|desktop&#8221; custom_padding=&#8221;60px|70px|60px|70px|false|false&#8221; custom_padding_tablet=&#8221;50px|45px|50px|45px|false|false&#8221; custom_padding_phone=&#8221;40px|30px|40px|30px|false|false&#8221; border_radii=&#8221;on|30px|30px|30px|30px&#8221; border_style_all=&#8221;dotted&#8221; global_colors_info=&#8221;{}&#8221;][et_pb_column type=&#8221;4_4&#8243; _builder_version=&#8221;4.21.0&#8243; _module_preset=&#8221;default&#8221; global_colors_info=&#8221;{}&#8221;][et_pb_code disabled_on=&#8221;on|off|off&#8221; _builder_version=&#8221;4.27.4&#8243; _module_preset=&#8221;default&#8221; global_colors_info=&#8221;{}&#8221;]<div style=\"overflow-x: auto;\"><!-- [et_pb_line_break_holder] -->  <style><!-- [et_pb_line_break_holder] -->    \/* Standard tekstst\u00f8rrelse *\/<!-- [et_pb_line_break_holder] -->    table {<!-- [et_pb_line_break_holder] -->      width: 100%;<!-- [et_pb_line_break_holder] -->      border-collapse: collapse;<!-- [et_pb_line_break_holder] -->    }<!-- [et_pb_line_break_holder] --><!-- [et_pb_line_break_holder] -->    th, td {<!-- [et_pb_line_break_holder] -->      border: 1px solid black;<!-- [et_pb_line_break_holder] -->      padding: 10px;<!-- [et_pb_line_break_holder] -->      padding-top:<!-- [et_pb_line_break_holder] -->      font-size: 13pt; <!-- [et_pb_line_break_holder] -->    }<!-- [et_pb_line_break_holder] --><!-- [et_pb_line_break_holder] -->    \/* For mobile enheter (maks bredde: 767px) *\/<!-- [et_pb_line_break_holder] -->    @media only screen and (max-width: 767px) {<!-- [et_pb_line_break_holder] -->      th, td {<!-- [et_pb_line_break_holder] -->        font-size: 12pt; \/* Mindre tekstst\u00f8rrelse p\u00e5 mobil *\/<!-- [et_pb_line_break_holder] -->      }<!-- [et_pb_line_break_holder] -->    }<!-- [et_pb_line_break_holder] -->  <\/style><!-- [et_pb_line_break_holder] --><!-- [et_pb_line_break_holder] -->  <table><!-- [et_pb_line_break_holder] -->    <thead><!-- [et_pb_line_break_holder] -->      <tr><!-- [et_pb_line_break_holder] -->        <th>Tur<\/th><!-- [et_pb_line_break_holder] -->        <th>Navn<\/th><!-- [et_pb_line_break_holder] -->        <th>Innhold<\/th><!-- [et_pb_line_break_holder] -->        <th>Kommentar<\/th><!-- [et_pb_line_break_holder] -->      <\/tr><!-- [et_pb_line_break_holder] -->    <\/thead><!-- [et_pb_line_break_holder] -->    <tbody><!-- [et_pb_line_break_holder] --><!-- [et_pb_line_break_holder] --><tr><!-- [et_pb_line_break_holder] --><td style=\"text-align: center; width: 50px;\"><!-- [et_pb_line_break_holder] -->31<\/td><!-- [et_pb_line_break_holder] --><td style=\"background-color: #E1EFD9;\">L<\/td>   <td style=\"line-height: 1.3; padding-top: 10px; padding-bottom:15px;\">Da tar vi det felles. Hva tror dere oppgaven handler om?<\/td><!-- [et_pb_line_break_holder] --><td style=\"line-height: 1.5;\"><\/td><!-- [et_pb_line_break_holder] --><\/tr><!-- [et_pb_line_break_holder] -->      <!-- [et_pb_line_break_holder] --><tr><!-- [et_pb_line_break_holder] --><td style=\"text-align: center; width: 50px;\">32<\/td><!-- [et_pb_line_break_holder] --><td style=\"background-color: #C1DBFF;\">Chris<\/td><!-- [et_pb_line_break_holder] --><td style=\"line-height: 1.5;\">St\u00f8rrelse.<\/td><!-- [et_pb_line_break_holder] --><td style=\"line-height: 1.5;\"><\/td><!-- [et_pb_line_break_holder] --><\/tr><!-- [et_pb_line_break_holder] --><!-- [et_pb_line_break_holder] --><tr><!-- [et_pb_line_break_holder] --><td style=\"text-align: center; width: 50px;\">33<\/td><!-- [et_pb_line_break_holder] --><td style=\"background-color: #FFD4DC;\">Daniel<\/td><!-- [et_pb_line_break_holder] --><td style=\"line-height: 1.5;\">Egg og st\u00f8rrelse. Eller noe s\u00e5nt, ja.<\/td><!-- [et_pb_line_break_holder] --><td style=\"line-height: 1.5;\"><\/td><!-- [et_pb_line_break_holder] --><\/tr><!-- [et_pb_line_break_holder] -->      <!-- [et_pb_line_break_holder] --><tr><!-- [et_pb_line_break_holder] --><td style=\"text-align: center; width: 50px;\">34<\/td><!-- [et_pb_line_break_holder] --><td style=\"background-color: #E1EFD9;\">L<\/td><!-- [et_pb_line_break_holder] --><td style=\"line-height: 1.5;\">S\u00e5 dere tror det handler om st\u00f8rrelse?<\/td><!-- [et_pb_line_break_holder] --><td style=\"line-height: 1.5;\"><\/td><!-- [et_pb_line_break_holder] --><\/tr><!-- [et_pb_line_break_holder] -->      <!-- [et_pb_line_break_holder] --><tr><!-- [et_pb_line_break_holder] --><td style=\"text-align: center; width: 50px;\">35<\/td><!-- [et_pb_line_break_holder] --><td style=\"background-color: #C1DBFF;\">Chris<\/td><!-- [et_pb_line_break_holder] --><td style=\"line-height: 1.5;\">Ja, forskjellen p\u00e5 de to. ((Peker p\u00e5 arket.))<\/td><!-- [et_pb_line_break_holder] --><td style=\"line-height: 1.5;\"><\/td><!-- [et_pb_line_break_holder] --><\/tr><!-- [et_pb_line_break_holder] -->      <!-- [et_pb_line_break_holder] --><tr><!-- [et_pb_line_break_holder] --><td style=\"text-align: center; width: 50px;\">36<\/td><!-- [et_pb_line_break_holder] --><td style=\"background-color: #C5E0B0;\">Betina<\/td><!-- [et_pb_line_break_holder] --><td style=\"line-height: 1.5;\">Jeg tror det handler om hvordan st\u00f8rrelse det egget er i forhold til den ballen. Jeg tror det er en ball. ((Peker p\u00e5 arket.))<\/td><!-- [et_pb_line_break_holder] --><td style=\"line-height: 1.5;\"><\/td><!-- [et_pb_line_break_holder] --><\/tr><!-- [et_pb_line_break_holder] -->      <!-- [et_pb_line_break_holder] --><tr><!-- [et_pb_line_break_holder] --><td style=\"text-align: center; width: 50px;\">37<\/td><!-- [et_pb_line_break_holder] --><td style=\"background-color: #C1DBFF;\">Chris<\/td><!-- [et_pb_line_break_holder] --><td style=\"line-height: 1.5;\">Det var jo det jeg sa. <\/td><!-- [et_pb_line_break_holder] --><td style=\"line-height: 1.5;\"><\/td><!-- [et_pb_line_break_holder] --><\/tr><!-- [et_pb_line_break_holder] -->      <!-- [et_pb_line_break_holder] --><tr><!-- [et_pb_line_break_holder] --><td style=\"text-align: center; width: 50px;\">38<\/td><!-- [et_pb_line_break_holder] --><td style=\"background-color: #E1EFD9;\">L<\/td><!-- [et_pb_line_break_holder] --><td style=\"line-height: 1.5;\">Ja. N\u00e5 har dere sett p\u00e5 bildet, og dere har sett p\u00e5 teksten. Og s\u00e5 h\u00f8rte jeg at det var noen som s\u00e5 noen tall der. Hva tror dere de tallene kan v\u00e6re?<\/td><!-- [et_pb_line_break_holder] --><td style=\"line-height: 1.5;\"><\/td><!-- [et_pb_line_break_holder] --><\/tr><!-- [et_pb_line_break_holder] -->      <!-- [et_pb_line_break_holder] --><tr><!-- [et_pb_line_break_holder] --><td style=\"text-align: center; width: 50px;\">39<\/td><!-- [et_pb_line_break_holder] --><td style=\"background-color: #FFEFBF;\">Fredrik<\/td><!-- [et_pb_line_break_holder] --><td style=\"line-height: 1.5;\">Vekten.<\/td><!-- [et_pb_line_break_holder] --><td style=\"line-height: 1.5;\"><\/td><!-- [et_pb_line_break_holder] --><\/tr><!-- [et_pb_line_break_holder] -->      <!-- [et_pb_line_break_holder] --><tr><!-- [et_pb_line_break_holder] --><td style=\"text-align: center; width: 50px;\">40<\/td><!-- [et_pb_line_break_holder] --><td style=\"background-color: #E1EFD9;\">L<\/td><!-- [et_pb_line_break_holder] --><td style=\"line-height: 1.5;\">Du tror det har noe med vekten \u00e5 gj\u00f8re?<\/td><!-- [et_pb_line_break_holder] --><td style=\"line-height: 1.5;\"><\/td><!-- [et_pb_line_break_holder] --><\/tr>   <!-- [et_pb_line_break_holder] -->      <!-- [et_pb_line_break_holder] --><tr><!-- [et_pb_line_break_holder] --><td style=\"text-align: center; width: 50px;\">41<\/td><!-- [et_pb_line_break_holder] --><td style=\"background-color: #FFEFBF;\">Fredrik<\/td><!-- [et_pb_line_break_holder] --><td style=\"line-height: 1.3; padding-top: 10px; padding-bottom:15px;\">Ja. Jeg tror den 1,5 er det egget, og 50 er den ballongen.<\/td><!-- [et_pb_line_break_holder] --><td style=\"line-height: 1.5;\"><\/td><!-- [et_pb_line_break_holder] --><\/tr><!-- [et_pb_line_break_holder] -->      <!-- [et_pb_line_break_holder] --><tr><!-- [et_pb_line_break_holder] --><td style=\"text-align: center; width: 50px;\">42<\/td><!-- [et_pb_line_break_holder] --><td style=\"background-color: #E1EFD9;\">L<\/td><!-- [et_pb_line_break_holder] --><td style=\"line-height: 1.5;\">S\u00e5 du tror 1,5 sier noe om det lille brune egget, mens 50 handler om ballongen.<\/td><!-- [et_pb_line_break_holder] --><td style=\"line-height: 1.5;\"><\/td><!-- [et_pb_line_break_holder] --><\/tr><!-- [et_pb_line_break_holder] -->      <!-- [et_pb_line_break_holder] --><tr><!-- [et_pb_line_break_holder] --><td style=\"text-align: center; width: 50px;\">43<\/td><!-- [et_pb_line_break_holder] --><td style=\"background-color: #FFD4DC;\">Daniel<\/td><!-- [et_pb_line_break_holder] --><td style=\"line-height: 1.5;\">Jeg vil bare si noe. Jeg tror ikke en ballong veier &#8230; ((avbrutt)).<\/td><!-- [et_pb_line_break_holder] --><td style=\"line-height: 1.5;\"><\/td><!-- [et_pb_line_break_holder] --><\/tr><!-- [et_pb_line_break_holder] -->      <!-- [et_pb_line_break_holder] --><tr><!-- [et_pb_line_break_holder] --><td style=\"text-align: center; width: 50px;\">44<\/td><!-- [et_pb_line_break_holder] --><td style=\"background-color: #C5E0B0;\">Betina<\/td><!-- [et_pb_line_break_holder] --><td style=\"line-height: 1.5;\">En ballong er veldig lett.<\/td><!-- [et_pb_line_break_holder] --><td style=\"line-height: 1.5;\"><\/td><!-- [et_pb_line_break_holder] --><\/tr><!-- [et_pb_line_break_holder] -->      <!-- [et_pb_line_break_holder] --><tr><!-- [et_pb_line_break_holder] --><td style=\"text-align: center; width: 50px;\">45<\/td><!-- [et_pb_line_break_holder] --><td style=\"background-color: #FFD4DC;\">Daniel<\/td><!-- [et_pb_line_break_holder] --><td style=\"line-height: 1.5;\">Ja, og jeg tror det er et strutseegg.<\/td><!-- [et_pb_line_break_holder] --><td style=\"line-height: 1.5;\"><\/td><!-- [et_pb_line_break_holder] --><\/tr><!-- [et_pb_line_break_holder] -->      <!-- [et_pb_line_break_holder] --><tr><!-- [et_pb_line_break_holder] --><td style=\"text-align: center; width: 50px;\">46<\/td><!-- [et_pb_line_break_holder] --><td style=\"background-color: #C5E0B0;\">Betina<\/td><!-- [et_pb_line_break_holder] --><td style=\"line-height: 1.5;\">Et strutseegg? ((Ler litt.))<\/td><!-- [et_pb_line_break_holder] --><td style=\"line-height: 1.5;\"><\/td><!-- [et_pb_line_break_holder] --><\/tr><!-- [et_pb_line_break_holder] -->      <!-- [et_pb_line_break_holder] --><tr><!-- [et_pb_line_break_holder] --><td style=\"text-align: center; width: 50px;\">47<\/td><!-- [et_pb_line_break_holder] --><td style=\"background-color: #FFD4DC;\">Daniel<\/td><!-- [et_pb_line_break_holder] --><td style=\"line-height: 1.5;\">Ja, har du aldri sett et strutseegg, eller?<\/td><!-- [et_pb_line_break_holder] --><td style=\"line-height: 1.5;\"><\/td><!-- [et_pb_line_break_holder] --><\/tr><!-- [et_pb_line_break_holder] -->      <!-- [et_pb_line_break_holder] --><tr><!-- [et_pb_line_break_holder] --><td style=\"text-align: center; width: 50px;\">48<\/td><!-- [et_pb_line_break_holder] --><td style=\"background-color: #DFE0FF;\">Even<\/td><!-- [et_pb_line_break_holder] --><td style=\"line-height: 1.5;padding-top: 10px; padding-bottom:15px;\">Kanskje de tallene betyr hvor mye s\u00e5nn eggehvite og eggeplomme det er inne i eggene?<\/td><!-- [et_pb_line_break_holder] --><td style=\"line-height: 1.5;\"><\/td><!-- [et_pb_line_break_holder] --><\/tr><!-- [et_pb_line_break_holder] -->      <!-- [et_pb_line_break_holder] --><tr><!-- [et_pb_line_break_holder] --><td style=\"text-align: center; width: 50px;\">49<\/td><!-- [et_pb_line_break_holder] --><td style=\"background-color: #E1EFD9;\">L<\/td><!-- [et_pb_line_break_holder] --><td style=\"line-height: 1.5;\">Ja, hvor stort volum det er. S\u00e5nn desiliter og liter og s\u00e5nt?<\/td><!-- [et_pb_line_break_holder] --><td style=\"line-height: 1.5;\"><\/td><!-- [et_pb_line_break_holder] --><\/tr><!-- [et_pb_line_break_holder] -->      <!-- [et_pb_line_break_holder] --><tr><!-- [et_pb_line_break_holder] --><td style=\"text-align: center; width: 50px;\">50<\/td><!-- [et_pb_line_break_holder] --><td style=\"background-color: #DFE0FF;\">Even<\/td><!-- [et_pb_line_break_holder] --><td style=\"line-height: 1.5;\">Ja.<\/td><!-- [et_pb_line_break_holder] --><td style=\"line-height: 1.5;\"><\/td><!-- [et_pb_line_break_holder] --><\/tr><!-- [et_pb_line_break_holder] -->      <!-- [et_pb_line_break_holder] --><tr><!-- [et_pb_line_break_holder] --><td style=\"text-align: center; width: 50px;\">51<\/td><!-- [et_pb_line_break_holder] --><td style=\"background-color: #FFCC88;\">Ada<\/td><!-- [et_pb_line_break_holder] --><td style=\"line-height: 1.5;\">Ja, eller hvor h\u00f8ye de er.<\/td><!-- [et_pb_line_break_holder] --><td style=\"line-height: 1.5;\"><\/td><!-- [et_pb_line_break_holder] --><\/tr><!-- [et_pb_line_break_holder] -->      <!-- [et_pb_line_break_holder] --><tr><!-- [et_pb_line_break_holder] --><td style=\"text-align: center; width: 50px;\">52<\/td><!-- [et_pb_line_break_holder] --><td style=\"background-color: #E1EFD9;\">L<\/td><!-- [et_pb_line_break_holder] --><td style=\"line-height: 1.5;\">Hvor h\u00f8ye de er?<\/td><!-- [et_pb_line_break_holder] --><td style=\"line-height: 1.5;\"><\/td><!-- [et_pb_line_break_holder] --><\/tr><!-- [et_pb_line_break_holder] -->      <!-- [et_pb_line_break_holder] --><tr><!-- [et_pb_line_break_holder] --><td style=\"text-align: center; width: 50px;\">53<\/td><!-- [et_pb_line_break_holder] --><td style=\"background-color: #FFCC88;\">Ada<\/td><!-- [et_pb_line_break_holder] --><td style=\"line-height: 1.5;\">Mmm.<\/td><!-- [et_pb_line_break_holder] --><td style=\"line-height: 1.5;\"><\/td><!-- [et_pb_line_break_holder] --><\/tr><!-- [et_pb_line_break_holder] -->      <!-- [et_pb_line_break_holder] --><tr><!-- [et_pb_line_break_holder] --><td style=\"text-align: center; width: 50px;\">54<\/td><!-- [et_pb_line_break_holder] --><td style=\"background-color: #E1EFD9;\">L<\/td><!-- [et_pb_line_break_holder] --><td style=\"line-height: 1.5;\">Ja, det kan hende. Det kan v\u00e6re vekt, volum eller noe med h\u00f8yde. Men da kan dere bla om p\u00e5 neste side.<\/td><!-- [et_pb_line_break_holder] --><td style=\"line-height: 1.5;\"><\/td><!-- [et_pb_line_break_holder] --><\/tr><!-- [et_pb_line_break_holder] -->     <!-- [et_pb_line_break_holder] -->    <\/tbody><!-- [et_pb_line_break_holder] -->  <\/table><!-- [et_pb_line_break_holder] --><\/div><!-- [et_pb_line_break_holder] -->[\/et_pb_code][et_pb_image src=&#8221;https:\/\/leselop.usn.no\/wp-content\/uploads\/2024\/10\/Elevsamtale31-42.png&#8221; title_text=&#8221;Elevsamtale31-42&#8243; disabled_on=&#8221;off|on|on&#8221; _builder_version=&#8221;4.27.2&#8243; _module_preset=&#8221;default&#8221; width_tablet=&#8221;&#8221; width_phone=&#8221;270px&#8221; width_last_edited=&#8221;on|phone&#8221; module_alignment=&#8221;center&#8221; custom_margin=&#8221;||0px||false|false&#8221; custom_padding=&#8221;||0px||false|false&#8221; locked=&#8221;off&#8221; global_colors_info=&#8221;{}&#8221; custom_padding__hover_enabled=&#8221;on|desktop&#8221; custom_padding__hover=&#8221;||0px||false|false&#8221;][\/et_pb_image][et_pb_image src=&#8221;https:\/\/leselop.usn.no\/wp-content\/uploads\/2024\/10\/Elevsamtale43-54.png&#8221; title_text=&#8221;Elevsamtale43-54&#8243; disabled_on=&#8221;off|on|on&#8221; _builder_version=&#8221;4.27.2&#8243; _module_preset=&#8221;default&#8221; width_tablet=&#8221;&#8221; width_phone=&#8221;270px&#8221; width_last_edited=&#8221;on|phone&#8221; module_alignment=&#8221;center&#8221; custom_margin=&#8221;||0px||false|false&#8221; custom_padding=&#8221;||0px||false|false&#8221; locked=&#8221;off&#8221; global_colors_info=&#8221;{}&#8221; custom_padding__hover_enabled=&#8221;on|desktop&#8221; custom_padding__hover=&#8221;||0px||false|false&#8221;][\/et_pb_image][\/et_pb_column][\/et_pb_row][et_pb_row _builder_version=&#8221;4.21.0&#8243; _module_preset=&#8221;default&#8221; max_width=&#8221;850px&#8221; module_alignment=&#8221;center&#8221; global_colors_info=&#8221;{}&#8221;][et_pb_column type=&#8221;4_4&#8243; _builder_version=&#8221;4.21.0&#8243; _module_preset=&#8221;default&#8221; global_colors_info=&#8221;{}&#8221;][et_pb_code _builder_version=&#8221;4.21.0&#8243; _module_preset=&#8221;default&#8221; text_orientation=&#8221;center&#8221; global_colors_info=&#8221;{}&#8221;]<button id=\"backButton\" style=\"<!-- [et_pb_line_break_holder] -->background: #8dcfb7; <!-- [et_pb_line_break_holder] -->border-radius: 10px; <!-- [et_pb_line_break_holder] -->width: 100px; <!-- [et_pb_line_break_holder] -->height: 40px; <!-- [et_pb_line_break_holder] -->border: none; <!-- [et_pb_line_break_holder] -->font-size: 18px;<!-- [et_pb_line_break_holder] -->color: #000000; <!-- [et_pb_line_break_holder] -->transform: uppercase;&#8221; <!-- [et_pb_line_break_holder] -->onmouseover=&#8221;this.style.backgroundColor=&#8217;#5a5e5e&#8217;; this.style.color=&#8217;#ffffff&#8217;;&#8221;<!-- [et_pb_line_break_holder] -->onmouseout=&#8221;this.style.backgroundColor=&#8217;#8dcfb7&#8242;; this.style.color=&#8217;#000000&#8242;;&#8221; <!-- [et_pb_line_break_holder] -->onclick=&#8221;myFunction()&#8221;>Tilbake<\/button><!-- [et_pb_line_break_holder] --><!-- [et_pb_line_break_holder] --><script><!-- [et_pb_line_break_holder] -->document.addEventListener('DOMContentLoaded', function() {<!-- [et_pb_line_break_holder] -->  var backButton = document.getElementById('backButton'); <!-- [et_pb_line_break_holder] -->  <!-- [et_pb_line_break_holder] -->  if (backButton) {<!-- [et_pb_line_break_holder] -->    backButton.addEventListener('click', function() {<!-- [et_pb_line_break_holder] -->      window.history.back();<!-- [et_pb_line_break_holder] -->    });<!-- [et_pb_line_break_holder] -->  }<!-- [et_pb_line_break_holder] -->});<!-- [et_pb_line_break_holder] --><\/script><!-- [et_pb_line_break_holder] -->[\/et_pb_code][\/et_pb_column][\/et_pb_row][\/et_pb_section]\n","protected":false},"excerpt":{"rendered":"<p>Transkripsjon av elevsamtale<\/p>\n","protected":false},"author":10,"featured_media":0,"parent":0,"menu_order":0,"comment_status":"closed","ping_status":"closed","template":"","meta":{"_et_pb_use_builder":"on","_et_pb_old_content":"","_et_gb_content_width":"","footnotes":""},"trinn":[],"fag":[],"class_list":["post-4336","page","type-page","status-publish","hentry"],"_links":{"self":[{"href":"https:\/\/leselop.usn.no\/index.php?rest_route=\/wp\/v2\/pages\/4336","targetHints":{"allow":["GET"]}}],"collection":[{"href":"https:\/\/leselop.usn.no\/index.php?rest_route=\/wp\/v2\/pages"}],"about":[{"href":"https:\/\/leselop.usn.no\/index.php?rest_route=\/wp\/v2\/types\/page"}],"author":[{"embeddable":true,"href":"https:\/\/leselop.usn.no\/index.php?rest_route=\/wp\/v2\/users\/10"}],"replies":[{"embeddable":true,"href":"https:\/\/leselop.usn.no\/index.php?rest_route=%2Fwp%2Fv2%2Fcomments&post=4336"}],"version-history":[{"count":20,"href":"https:\/\/leselop.usn.no\/index.php?rest_route=\/wp\/v2\/pages\/4336\/revisions"}],"predecessor-version":[{"id":10192,"href":"https:\/\/leselop.usn.no\/index.php?rest_route=\/wp\/v2\/pages\/4336\/revisions\/10192"}],"wp:attachment":[{"href":"https:\/\/leselop.usn.no\/index.php?rest_route=%2Fwp%2Fv2%2Fmedia&parent=4336"}],"wp:term":[{"taxonomy":"trinn","embeddable":true,"href":"https:\/\/leselop.usn.no\/index.php?rest_route=%2Fwp%2Fv2%2Ftrinn&post=4336"},{"taxonomy":"fag","embeddable":true,"href":"https:\/\/leselop.usn.no\/index.php?rest_route=%2Fwp%2Fv2%2Ffag&post=4336"}],"curies":[{"name":"wp","href":"https:\/\/api.w.org\/{rel}","templated":true}]}}