{"id":2783,"date":"2024-05-16T08:55:46","date_gmt":"2024-05-16T08:55:46","guid":{"rendered":"https:\/\/leselop.usn.no\/?page_id=2783"},"modified":"2025-09-02T14:03:57","modified_gmt":"2025-09-02T12:03:57","slug":"leselop-4-aktivitet-4-gruppesamtaler","status":"publish","type":"page","link":"https:\/\/leselop.usn.no\/?page_id=2783","title":{"rendered":"4. Kritisk lesing i naturfag &#8211; Aktivitet 4 &#8211; Elevtekster"},"content":{"rendered":"\n[et_pb_section fb_built=&#8221;1&#8243; _builder_version=&#8221;4.21.0&#8243; _module_preset=&#8221;default&#8221; background_color=&#8221;#f4f4f4&#8243; custom_css_main_element=&#8221;min-height: 100vh;&#8221; da_disable_devices=&#8221;off|off|off&#8221; global_colors_info=&#8221;{}&#8221; da_is_popup=&#8221;off&#8221; da_exit_intent=&#8221;off&#8221; da_has_close=&#8221;on&#8221; da_alt_close=&#8221;off&#8221; da_dark_close=&#8221;off&#8221; da_not_modal=&#8221;on&#8221; da_is_singular=&#8221;off&#8221; da_with_loader=&#8221;off&#8221; da_has_shadow=&#8221;on&#8221;][et_pb_row column_structure=&#8221;1_4,3_4&#8243; use_custom_gutter=&#8221;on&#8221; gutter_width=&#8221;1&#8243; make_equal=&#8221;on&#8221; _builder_version=&#8221;4.27.4&#8243; _module_preset=&#8221;default&#8221; max_width=&#8221;850px&#8221; hover_enabled=&#8221;0&#8243; custom_css_main_element=&#8221;width:75% !important;&#8221; global_colors_info=&#8221;{}&#8221; sticky_enabled=&#8221;0&#8243;][et_pb_column type=&#8221;1_4&#8243; _builder_version=&#8221;4.21.0&#8243; _module_preset=&#8221;default&#8221; custom_css_main_element=&#8221;width:12% !important;&#8221; global_colors_info=&#8221;{}&#8221; custom_css_main_element_last_edited=&#8221;on|phone&#8221; custom_css_main_element_tablet=&#8221;width:18% !important;&#8221; custom_css_main_element_phone=&#8221;width:30% !important;&#8221;][et_pb_image src=&#8221;https:\/\/leselop.usn.no\/wp-content\/uploads\/2025\/06\/Leselop-filmrull-green.png&#8221; title_text=&#8221;Leselop-filmrull-green&#8221; _builder_version=&#8221;4.27.4&#8243; _module_preset=&#8221;default&#8221; hover_enabled=&#8221;0&#8243; global_colors_info=&#8221;{}&#8221; src_last_edited=&#8221;on|tablet&#8221; sticky_enabled=&#8221;0&#8243; src_tablet=&#8221;https:\/\/leselop.usn.no\/wp-content\/uploads\/2025\/06\/Leselop-filmrull-green.png&#8221; src_phone=&#8221;https:\/\/leselop.usn.no\/wp-content\/uploads\/2025\/06\/Leselop-filmrull-green.png&#8221;][\/et_pb_image][\/et_pb_column][et_pb_column type=&#8221;3_4&#8243; _builder_version=&#8221;4.27.4&#8243; _module_preset=&#8221;default&#8221; hover_enabled=&#8221;0&#8243; custom_css_main_element=&#8221;width:88% !important;||margin: auto;||padding-left: 30px;&#8221; global_colors_info=&#8221;{}&#8221; custom_css_main_element_last_edited=&#8221;on|phone&#8221; custom_css_main_element_tablet=&#8221;width:82% !important;||padding-left: 25px;||padding-top:12px&#8221; custom_css_main_element_phone=&#8221;width:70% !important;||padding-left: 15px;||padding-top:5px&#8221; sticky_enabled=&#8221;0&#8243;][et_pb_text content_tablet=&#8221;<h1>Elevtekster, iscenesettelser<\/h1>\n<h1>og bilder<\/h1>&#8221; content_phone=&#8221;<h4>Elevtekster,<\/h4>\n<h4>iscenesettelser<\/h4>\n<h4>eller bilder<\/h4>&#8221; content_last_edited=&#8221;on|phone&#8221; _builder_version=&#8221;4.27.4&#8243; _module_preset=&#8221;default&#8221; hover_enabled=&#8221;0&#8243; global_colors_info=&#8221;{}&#8221; custom_css_main_element_last_edited=&#8221;on|tablet&#8221; sticky_enabled=&#8221;0&#8243;]<h1>Elevtekster, iscenesettelser og bilder<\/h1>[\/et_pb_text][\/et_pb_column][\/et_pb_row][et_pb_row custom_padding_last_edited=&#8221;on|phone&#8221; _builder_version=&#8221;4.27.4&#8243; _module_preset=&#8221;default&#8221; background_color=&#8221;#ffffff&#8221; max_width=&#8221;850px&#8221; max_width_tablet=&#8221;850px&#8221; max_width_phone=&#8221;850px&#8221; max_width_last_edited=&#8221;on|desktop&#8221; custom_margin=&#8221;||40px||false|false&#8221; custom_padding=&#8221;60px|70px|60px|70px|false|false&#8221; custom_padding_tablet=&#8221;50px|55px|50px|55px|false|false&#8221; custom_padding_phone=&#8221;45px|45px|30px|45px|false|false&#8221; border_radii=&#8221;on|30px|30px|30px|30px&#8221; border_style_all=&#8221;dotted&#8221; global_colors_info=&#8221;{}&#8221;][et_pb_column type=&#8221;4_4&#8243; _builder_version=&#8221;4.21.0&#8243; _module_preset=&#8221;default&#8221; global_colors_info=&#8221;{}&#8221;][et_pb_text content_tablet=&#8221;<h4>Episode 1<\/h4>\n<p>Vi er i klasserommet under gruppeoppgaven der elevene diskuterer hvem som er mest ekspert p\u00e5 klima. L\u00e6reren kommer bort til en gruppe etter at de har holdt p\u00e5 en stund.<\/p>\n<p>Elev 1: Jeg tror det er Nora Fron og s\u00e5 Fredrik Sang. <br \/>P\u00e5 f\u00f8rste og andre.<\/p>\n<p>Elev 2: Hvorfor tenker du det?<\/p>\n<p>Elev 1: Fordi han er leder i organisasjonen klimapositivistene, og hvis han er professor i fysikk, s\u00e5 m\u00e5 han %91blir avbrutt av elev 2%93 \u2026<\/p>\n<p>Elev 2: Ja, men alts\u00e5 klima. Klima! Hva har det med fysikk \u00e5 gj\u00f8re?<\/p>\n<p>Elev 1: Ja, men klimapositivistene? Hvem av disse er ekspert p\u00e5 klima og klimaendringer?<\/p>\n<p>Elev 2: Ok, s\u00e5 du sa Nora Fron og Fredrik Sang?<\/p>\n<p>Elev 1: Jeg tror Nora er \u00f8verst. Ogs\u00e5 er det Laila og Jonas helt nederst.<\/p>\n<p>Elev 2: Ja, jeg tipper Jonas og Laila %91\u2026%93. Jeg vil si Laila er helt nederst.<\/p>\n<p>Elev 1: Ja, men hun har bachelorgrad i \u00f8konomi og ledelse.<\/p>\n<p>Elev 2: Ja, <em>\u00f8konomi<\/em>! Hva har det med klimaendringer \u00e5 gj\u00f8re?<\/p>\n<p>Elev 1: Ja, de er begge ogs\u00e5.<\/p>\n<p>Elev 2: Ja, de er begge ogs\u00e5 %91\u2026%93. Han har doktorgrad i kjemi! Sivilingeni\u00f8r!<\/p>\n<ul><\/ul>&#8221; content_phone=&#8221;<h4>Episode 1<\/h4>\n<p>Vi er i klasserommet under gruppeoppgaven der elevene diskuterer hvem som er mest ekspert p\u00e5 klima. L\u00e6reren kommer bort til en gruppe etter at de har holdt p\u00e5 en stund.<\/p>\n<p>Elev 1: Jeg tror det er Nora Fron og s\u00e5 Fredrik Sang. P\u00e5 f\u00f8rste og andre.<\/p>\n<p>Elev 2: Hvorfor tenker du det?<\/p>\n<p>Elev 1: Fordi han er leder i organisasjonen klimapositivistene, og hvis han er professor i fysikk, s\u00e5 m\u00e5 han %91blir avbrutt av elev 2%93 \u2026<\/p>\n<p>Elev 2: Ja, men alts\u00e5 klima. Klima! Hva har det med fysikk \u00e5 gj\u00f8re?<\/p>\n<p>Elev 1: Ja, men klimapositivistene? Hvem av disse er ekspert p\u00e5 klima og klimaendringer?<\/p>\n<p>Elev 2: Ok, s\u00e5 du sa Nora Fron og Fredrik Sang?<\/p>\n<p>Elev 1: Jeg tror Nora er \u00f8verst. Ogs\u00e5 er det Laila og Jonas helt nederst.<\/p>\n<p>Elev 2: Ja, jeg tipper Jonas og Laila %91\u2026%93. Jeg vil si Laila er helt nederst.<\/p>\n<p>Elev 1: Ja, men hun har bachelorgrad i \u00f8konomi og ledelse.<\/p>\n<p>Elev 2: Ja, <em>\u00f8konomi<\/em>! Hva har det med klimaendringer \u00e5 gj\u00f8re?<\/p>\n<p>Elev 1: Ja, de er begge ogs\u00e5.<\/p>\n<p>Elev 2: Ja, de er begge ogs\u00e5 %91\u2026%93. Han har doktorgrad i kjemi! Sivilingeni\u00f8r!<\/p>\n<p>\u00a0<\/p>&#8221; content_last_edited=&#8221;on|phone&#8221; _builder_version=&#8221;4.27.4&#8243; _module_preset=&#8221;default&#8221; text_font_size=&#8221;17px&#8221; text_line_height=&#8221;1.8em&#8221; text_line_height_tablet=&#8221;1.8em&#8221; text_line_height_phone=&#8221;1.5em&#8221; text_line_height_last_edited=&#8221;on|desktop&#8221; locked=&#8221;off&#8221; global_colors_info=&#8221;{}&#8221;]<h4>Episode 1<\/h4>\n<p>Vi er i klasserommet under gruppeoppgaven der elevene diskuterer hvem som er mest ekspert p\u00e5 klima. L\u00e6reren kommer bort til en gruppe etter at de har holdt p\u00e5 en stund.<\/p>\n<p>Elev 1: Jeg tror det er Nora Fron og s\u00e5 Fredrik Sang. P\u00e5 f\u00f8rste og andre.<br \/>Elev 2: Hvorfor tenker du det?<br \/>Elev 1: Fordi han er leder i organisasjonen klimapositivistene,<br \/>og hvis han er professor i fysikk, s\u00e5 m\u00e5 han [blir avbrutt av elev 2] \u2026<br \/>Elev 2: Ja, men alts\u00e5 klima. Klima! Hva har det med fysikk \u00e5 gj\u00f8re?<br \/>Elev 1: Ja, men klimapositivistene? Hvem av disse er ekspert p\u00e5 klima og klimaendringer?<br \/>Elev 2: Ok, s\u00e5 du sa Nora Fron og Fredrik Sang?<br \/>Elev 1: Jeg tror Nora er \u00f8verst. Ogs\u00e5 er det Laila og Jonas helt nederst.<br \/>Elev 2: Ja, jeg tipper Jonas og Laila [\u2026]. Jeg vil si Laila er helt nederst.<br \/>Elev 1: Ja, men hun har bachelorgrad i \u00f8konomi og ledelse.<br \/>Elev 2: Ja, <em>\u00f8konomi<\/em>! Hva har det med klimaendringer \u00e5 gj\u00f8re?<br \/>Elev 1: Ja, de er begge ogs\u00e5.<br \/>Elev 2: Ja, de er begge ogs\u00e5 [\u2026]. Han har doktorgrad i kjemi! Sivilingeni\u00f8r!<\/p>[\/et_pb_text][\/et_pb_column][\/et_pb_row][et_pb_row column_structure=&#8221;1_2,1_2&#8243; use_custom_gutter=&#8221;on&#8221; gutter_width=&#8221;2&#8243; custom_padding_last_edited=&#8221;on|phone&#8221; _builder_version=&#8221;4.27.4&#8243; _module_preset=&#8221;default&#8221; background_color=&#8221;#ffffff&#8221; max_width=&#8221;850px&#8221; max_width_tablet=&#8221;850px&#8221; max_width_phone=&#8221;850px&#8221; max_width_last_edited=&#8221;on|desktop&#8221; custom_padding=&#8221;60px|70px|60px|70px|false|false&#8221; custom_padding_tablet=&#8221;50px|35px|30px|55px|false|false&#8221; custom_padding_phone=&#8221;45px|45px|50px|45px|false|false&#8221; border_radii=&#8221;on|30px|30px|30px|30px&#8221; border_style_all=&#8221;dotted&#8221; global_colors_info=&#8221;{}&#8221; custom_css_main_element_last_edited=&#8221;on|phone&#8221; custom_css_main_element_tablet=&#8221;display:flex;||gap:20px;&#8221; custom_css_main_element_phone=&#8221;display:flex;||flex-direction:column;&#8221;][et_pb_column type=&#8221;1_2&#8243; _builder_version=&#8221;4.21.0&#8243; _module_preset=&#8221;default&#8221; global_colors_info=&#8221;{}&#8221;][et_pb_image src=&#8221;https:\/\/leselop.usn.no\/wp-content\/uploads\/2025\/09\/episode1-2.jpg&#8221; title_text=&#8221;episode1-2&#8243; _builder_version=&#8221;4.27.4&#8243; _module_preset=&#8221;default&#8221; global_colors_info=&#8221;{}&#8221;][\/et_pb_image][\/et_pb_column][et_pb_column type=&#8221;1_2&#8243; _builder_version=&#8221;4.21.0&#8243; _module_preset=&#8221;default&#8221; global_colors_info=&#8221;{}&#8221;][et_pb_image src=&#8221;https:\/\/leselop.usn.no\/wp-content\/uploads\/2025\/09\/episode1.jpg&#8221; title_text=&#8221;episode1&#8243; _builder_version=&#8221;4.27.4&#8243; _module_preset=&#8221;default&#8221; global_colors_info=&#8221;{}&#8221;][\/et_pb_image][\/et_pb_column][\/et_pb_row][et_pb_row _builder_version=&#8221;4.21.0&#8243; _module_preset=&#8221;default&#8221; max_width=&#8221;850px&#8221; module_alignment=&#8221;center&#8221; custom_css_main_element=&#8221;display:flex;||justify-content: center;&#8221; global_colors_info=&#8221;{}&#8221;][et_pb_column type=&#8221;4_4&#8243; _builder_version=&#8221;4.21.0&#8243; _module_preset=&#8221;default&#8221; global_colors_info=&#8221;{}&#8221;][et_pb_code _builder_version=&#8221;4.21.0&#8243; _module_preset=&#8221;default&#8221; text_orientation=&#8221;center&#8221; text_orientation_tablet=&#8221;center&#8221; text_orientation_phone=&#8221;center&#8221; text_orientation_last_edited=&#8221;on|desktop&#8221; global_colors_info=&#8221;{}&#8221;]<button id=\"backButton\" style=\"<!-- [et_pb_line_break_holder] -->background: #8dcfb7; <!-- [et_pb_line_break_holder] -->border-radius: 10px; <!-- [et_pb_line_break_holder] -->width: 100px; <!-- [et_pb_line_break_holder] -->height: 40px; <!-- [et_pb_line_break_holder] -->border: none; <!-- [et_pb_line_break_holder] -->font-size: 18px;<!-- [et_pb_line_break_holder] -->color: #000000; <!-- [et_pb_line_break_holder] -->transform: uppercase;&#8221; <!-- [et_pb_line_break_holder] -->onmouseover=&#8221;this.style.backgroundColor=&#8217;#5a5e5e&#8217;; this.style.color=&#8217;#ffffff&#8217;;&#8221;<!-- [et_pb_line_break_holder] -->onmouseout=&#8221;this.style.backgroundColor=&#8217;#8dcfb7&#8242;; this.style.color=&#8217;#000000&#8242;;&#8221; <!-- [et_pb_line_break_holder] -->onclick=&#8221;myFunction()&#8221;>Tilbake<\/button><!-- [et_pb_line_break_holder] --><!-- [et_pb_line_break_holder] --><script><!-- [et_pb_line_break_holder] -->document.addEventListener('DOMContentLoaded', function() {<!-- [et_pb_line_break_holder] -->  var backButton = document.getElementById('backButton'); <!-- [et_pb_line_break_holder] -->  <!-- [et_pb_line_break_holder] -->  if (backButton) {<!-- [et_pb_line_break_holder] -->    backButton.addEventListener('click', function() {<!-- [et_pb_line_break_holder] -->      window.history.back();<!-- [et_pb_line_break_holder] -->    });<!-- [et_pb_line_break_holder] -->  }<!-- [et_pb_line_break_holder] -->});<!-- [et_pb_line_break_holder] --><\/script><!-- [et_pb_line_break_holder] -->[\/et_pb_code][\/et_pb_column][\/et_pb_row][\/et_pb_section]\n","protected":false},"excerpt":{"rendered":"<p>Elevtekster, iscenesettelser og bilderEpisode 1 Vi er i klasserommet under gruppeoppgaven der elevene diskuterer hvem som er mest ekspert p\u00e5 klima. L\u00e6reren kommer bort til en gruppe etter at de har holdt p\u00e5 en stund. Elev 1: Jeg tror det er Nora Fron og s\u00e5 Fredrik Sang. P\u00e5 f\u00f8rste og andre.Elev 2: Hvorfor tenker du [&hellip;]<\/p>\n","protected":false},"author":10,"featured_media":0,"parent":0,"menu_order":0,"comment_status":"closed","ping_status":"closed","template":"","meta":{"_et_pb_use_builder":"on","_et_pb_old_content":"","_et_gb_content_width":"","footnotes":""},"trinn":[],"fag":[],"class_list":["post-2783","page","type-page","status-publish","hentry"],"_links":{"self":[{"href":"https:\/\/leselop.usn.no\/index.php?rest_route=\/wp\/v2\/pages\/2783","targetHints":{"allow":["GET"]}}],"collection":[{"href":"https:\/\/leselop.usn.no\/index.php?rest_route=\/wp\/v2\/pages"}],"about":[{"href":"https:\/\/leselop.usn.no\/index.php?rest_route=\/wp\/v2\/types\/page"}],"author":[{"embeddable":true,"href":"https:\/\/leselop.usn.no\/index.php?rest_route=\/wp\/v2\/users\/10"}],"replies":[{"embeddable":true,"href":"https:\/\/leselop.usn.no\/index.php?rest_route=%2Fwp%2Fv2%2Fcomments&post=2783"}],"version-history":[{"count":7,"href":"https:\/\/leselop.usn.no\/index.php?rest_route=\/wp\/v2\/pages\/2783\/revisions"}],"predecessor-version":[{"id":11495,"href":"https:\/\/leselop.usn.no\/index.php?rest_route=\/wp\/v2\/pages\/2783\/revisions\/11495"}],"wp:attachment":[{"href":"https:\/\/leselop.usn.no\/index.php?rest_route=%2Fwp%2Fv2%2Fmedia&parent=2783"}],"wp:term":[{"taxonomy":"trinn","embeddable":true,"href":"https:\/\/leselop.usn.no\/index.php?rest_route=%2Fwp%2Fv2%2Ftrinn&post=2783"},{"taxonomy":"fag","embeddable":true,"href":"https:\/\/leselop.usn.no\/index.php?rest_route=%2Fwp%2Fv2%2Ffag&post=2783"}],"curies":[{"name":"wp","href":"https:\/\/api.w.org\/{rel}","templated":true}]}}