{"id":2765,"date":"2024-05-16T08:30:11","date_gmt":"2024-05-16T08:30:11","guid":{"rendered":"https:\/\/leselop.usn.no\/?page_id=2765"},"modified":"2025-08-07T12:02:16","modified_gmt":"2025-08-07T10:02:16","slug":"leselop-4-aktivitet-1","status":"publish","type":"page","link":"https:\/\/leselop.usn.no\/?page_id=2765","title":{"rendered":"4. Kritisk lesing i naturfag &#8211; Aktivitet 1"},"content":{"rendered":"\n[et_pb_section fb_built=&#8221;1&#8243; _builder_version=&#8221;4.21.0&#8243; _module_preset=&#8221;default&#8221; background_color=&#8221;#f4f4f4&#8243; custom_css_main_element=&#8221;min-height: 100vh;&#8221; da_disable_devices=&#8221;off|off|off&#8221; global_colors_info=&#8221;{}&#8221; da_is_popup=&#8221;off&#8221; da_exit_intent=&#8221;off&#8221; da_has_close=&#8221;on&#8221; da_alt_close=&#8221;off&#8221; da_dark_close=&#8221;off&#8221; da_not_modal=&#8221;on&#8221; da_is_singular=&#8221;off&#8221; da_with_loader=&#8221;off&#8221; da_has_shadow=&#8221;on&#8221;][et_pb_row column_structure=&#8221;1_4,3_4&#8243; use_custom_gutter=&#8221;on&#8221; gutter_width=&#8221;1&#8243; make_equal=&#8221;on&#8221; _builder_version=&#8221;4.21.0&#8243; _module_preset=&#8221;default&#8221; max_width=&#8221;850px&#8221; custom_css_main_element=&#8221;width:75% !important;&#8221; global_colors_info=&#8221;{}&#8221; custom_css_main_element_last_edited=&#8221;on|phone&#8221; custom_css_main_element_tablet=&#8221;width:75% !important;&#8221; custom_css_main_element_phone=&#8221;width:75% !important;&#8221;][et_pb_column type=&#8221;1_4&#8243; _builder_version=&#8221;4.21.0&#8243; _module_preset=&#8221;default&#8221; custom_css_main_element=&#8221;width:12% !important;&#8221; global_colors_info=&#8221;{}&#8221; custom_css_main_element_last_edited=&#8221;on|phone&#8221; custom_css_main_element_tablet=&#8221;width:18% !important;&#8221; custom_css_main_element_phone=&#8221;width:30% !important;&#8221;][et_pb_image src=&#8221;https:\/\/leselop.usn.no\/wp-content\/uploads\/2025\/06\/Leselop-clapboard-green.png&#8221; title_text=&#8221;Leselop-clapboard-green&#8221; _builder_version=&#8221;4.27.4&#8243; _module_preset=&#8221;default&#8221; hover_enabled=&#8221;0&#8243; global_colors_info=&#8221;{}&#8221; sticky_enabled=&#8221;0&#8243;][\/et_pb_image][\/et_pb_column][et_pb_column type=&#8221;3_4&#8243; _builder_version=&#8221;4.21.0&#8243; _module_preset=&#8221;default&#8221; custom_css_main_element=&#8221;width:88% !important;||margin: auto;||padding-left: 30px;&#8221; global_colors_info=&#8221;{}&#8221; custom_css_main_element_last_edited=&#8221;on|tablet&#8221; custom_css_main_element_tablet=&#8221;width:82% !important;||padding-left: 25px;||padding-top:32px&#8221; custom_css_main_element_phone=&#8221;width:70% !important;||padding-left: 15px;||padding-top:35px&#8221;][et_pb_text content_tablet=&#8221;<h1>Anslag<\/h1>&#8221; content_phone=&#8221;<h3>Anslag<\/h3>&#8221; content_last_edited=&#8221;on|phone&#8221; _builder_version=&#8221;4.27.4&#8243; _module_preset=&#8221;default&#8221; hover_enabled=&#8221;0&#8243; global_colors_info=&#8221;{}&#8221; custom_css_main_element_last_edited=&#8221;on|phone&#8221; sticky_enabled=&#8221;0&#8243;]<h1>Anslag<\/h1>[\/et_pb_text][\/et_pb_column][\/et_pb_row][et_pb_row custom_padding_last_edited=&#8221;on|phone&#8221; _builder_version=&#8221;4.21.0&#8243; _module_preset=&#8221;default&#8221; background_color=&#8221;#ffffff&#8221; max_width=&#8221;850px&#8221; max_width_tablet=&#8221;850px&#8221; max_width_phone=&#8221;850px&#8221; max_width_last_edited=&#8221;on|desktop&#8221; custom_padding=&#8221;60px|70px|60px|70px|false|false&#8221; custom_padding_tablet=&#8221;50px|55px|50px|55px|false|false&#8221; custom_padding_phone=&#8221;45px|45px|30px|45px|false|false&#8221; border_radii=&#8221;on|30px|30px|30px|30px&#8221; border_style_all=&#8221;dotted&#8221; global_colors_info=&#8221;{}&#8221;][et_pb_column type=&#8221;4_4&#8243; _builder_version=&#8221;4.21.0&#8243; _module_preset=&#8221;default&#8221; global_colors_info=&#8221;{}&#8221;][et_pb_text content_tablet=&#8221;<p>Hensikten med anslaget er at elevene skal oppleve at det kan v\u00e6re vanskelig \u00e5 forholde seg til p\u00e5stander om naturvitenskapelige fenomener der de har begrenset med bakgrunnskunnskap. Den overordnede hensikten med dette lesel\u00f8pet er at vi ikke vil at de skal fors\u00f8ke \u00e5 vurdere faginnholdet i alt de leser p\u00e5 internett, men heller se kritisk p\u00e5 hvem som st\u00e5r bak innholdet, og troverdigheten til kilden.<\/p>\n<p>I anslaget presenterer l\u00e6reren nettsiden med p\u00e5standen: \u00ab\u00bb L\u00e6reren viser ogs\u00e5 nettsiden foran i klasserommet. L\u00e6reren peker p\u00e5 p\u00e5stander p\u00e5 nettsiden og bruker formuleringer som: \u00abSom dere ser her, st\u00e5r det at &#8230;\u00bb L\u00e6reren kan for eksempel trekke fram at det st\u00e5r: \u00abKlimarealistene er en partipolitisk uavhengig organisasjon.\u00bb<\/p>\n<ul><\/ul>&#8221; content_phone=&#8221;<p>Hensikten med anslaget er at elevene skal oppleve at det kan v\u00e6re vanskelig \u00e5 forholde seg til p\u00e5stander om naturvitenskapelige fenomener der de har begrenset med bakgrunnskunnskap. Den overordnede hensikten med dette lesel\u00f8pet er at vi ikke vil at de skal fors\u00f8ke \u00e5 vurdere faginnholdet i alt de leser p\u00e5 internett, men heller se kritisk p\u00e5 hvem som st\u00e5r bak innholdet, og troverdigheten til kilden.<\/p>\n<p>I anslaget presenterer l\u00e6reren nettsiden med p\u00e5standen: \u00ab\u00bb L\u00e6reren viser ogs\u00e5 nettsiden foran i klasserommet. L\u00e6reren peker p\u00e5 p\u00e5stander p\u00e5 nettsiden og bruker formuleringer som: \u00abSom dere ser her, st\u00e5r det at &#8230;\u00bb L\u00e6reren kan for eksempel trekke fram at det st\u00e5r: \u00abKlimarealistene er en partipolitisk uavhengig organisasjon.\u00bb<\/p>&#8221; content_last_edited=&#8221;on|phone&#8221; _builder_version=&#8221;4.21.0&#8243; _module_preset=&#8221;default&#8221; text_font_size=&#8221;17px&#8221; text_line_height=&#8221;1.8em&#8221; text_line_height_tablet=&#8221;1.8em&#8221; text_line_height_phone=&#8221;1.5em&#8221; text_line_height_last_edited=&#8221;on|desktop&#8221; locked=&#8221;off&#8221; global_colors_info=&#8221;{}&#8221;]<p>Hensikten med anslaget er at elevene skal oppleve at det kan v\u00e6re vanskelig \u00e5 forholde seg til p\u00e5stander om naturvitenskapelige fenomener der de har begrenset med bakgrunnskunnskap. Den overordnede hensikten med dette lesel\u00f8pet er at vi ikke vil at de skal fors\u00f8ke \u00e5 vurdere faginnholdet i alt de leser p\u00e5 internett, men heller se kritisk p\u00e5 hvem som st\u00e5r bak innholdet, og troverdigheten til kilden.<\/p>\n<p>I anslaget presenterer l\u00e6reren nettsiden med p\u00e5standen: \u00ab\u00bb L\u00e6reren viser ogs\u00e5 nettsiden foran i klasserommet. L\u00e6reren peker p\u00e5 p\u00e5stander p\u00e5 nettsiden og bruker formuleringer som: \u00abSom dere ser her, st\u00e5r det at &#8230;\u00bb L\u00e6reren kan for eksempel trekke fram at det st\u00e5r: \u00abKlimarealistene er en partipolitisk uavhengig organisasjon.\u00bb<\/p>[\/et_pb_text][\/et_pb_column][\/et_pb_row][et_pb_row _builder_version=&#8221;4.21.0&#8243; _module_preset=&#8221;default&#8221; max_width=&#8221;850px&#8221; module_alignment=&#8221;center&#8221; custom_css_main_element=&#8221;display:flex;||justify-content: center;&#8221; global_colors_info=&#8221;{}&#8221;][et_pb_column type=&#8221;4_4&#8243; _builder_version=&#8221;4.21.0&#8243; _module_preset=&#8221;default&#8221; global_colors_info=&#8221;{}&#8221;][et_pb_code _builder_version=&#8221;4.21.0&#8243; _module_preset=&#8221;default&#8221; text_orientation=&#8221;center&#8221; text_orientation_tablet=&#8221;center&#8221; text_orientation_phone=&#8221;center&#8221; text_orientation_last_edited=&#8221;on|desktop&#8221; global_colors_info=&#8221;{}&#8221;]<button id=\"backButton\" style=\"<!-- [et_pb_line_break_holder] -->background: #8dcfb7; <!-- [et_pb_line_break_holder] -->border-radius: 10px; <!-- [et_pb_line_break_holder] -->width: 100px; <!-- [et_pb_line_break_holder] -->height: 40px; <!-- [et_pb_line_break_holder] -->border: none; <!-- [et_pb_line_break_holder] -->font-size: 18px;<!-- [et_pb_line_break_holder] -->color: #000000; <!-- [et_pb_line_break_holder] -->transform: uppercase;&#8221; <!-- [et_pb_line_break_holder] -->onmouseover=&#8221;this.style.backgroundColor=&#8217;#5a5e5e&#8217;; this.style.color=&#8217;#ffffff&#8217;;&#8221;<!-- [et_pb_line_break_holder] -->onmouseout=&#8221;this.style.backgroundColor=&#8217;#8dcfb7&#8242;; this.style.color=&#8217;#000000&#8242;;&#8221; <!-- [et_pb_line_break_holder] -->onclick=&#8221;myFunction()&#8221;>Tilbake<\/button><!-- [et_pb_line_break_holder] --><!-- [et_pb_line_break_holder] --><script><!-- [et_pb_line_break_holder] -->document.addEventListener('DOMContentLoaded', function() {<!-- [et_pb_line_break_holder] -->  var backButton = document.getElementById('backButton'); <!-- [et_pb_line_break_holder] -->  <!-- [et_pb_line_break_holder] -->  if (backButton) {<!-- [et_pb_line_break_holder] -->    backButton.addEventListener('click', function() {<!-- [et_pb_line_break_holder] -->      window.history.back();<!-- [et_pb_line_break_holder] -->    });<!-- [et_pb_line_break_holder] -->  }<!-- [et_pb_line_break_holder] -->});<!-- [et_pb_line_break_holder] --><\/script><!-- [et_pb_line_break_holder] -->[\/et_pb_code][\/et_pb_column][\/et_pb_row][\/et_pb_section]\n","protected":false},"excerpt":{"rendered":"<p>AnslagHensikten med anslaget er at elevene skal oppleve at det kan v\u00e6re vanskelig \u00e5 forholde seg til p\u00e5stander om naturvitenskapelige fenomener der de har begrenset med bakgrunnskunnskap. Den overordnede hensikten med dette lesel\u00f8pet er at vi ikke vil at de skal fors\u00f8ke \u00e5 vurdere faginnholdet i alt de leser p\u00e5 internett, men heller se kritisk [&hellip;]<\/p>\n","protected":false},"author":10,"featured_media":0,"parent":0,"menu_order":0,"comment_status":"closed","ping_status":"closed","template":"","meta":{"_et_pb_use_builder":"on","_et_pb_old_content":"","_et_gb_content_width":"","footnotes":""},"trinn":[],"fag":[],"class_list":["post-2765","page","type-page","status-publish","hentry"],"_links":{"self":[{"href":"https:\/\/leselop.usn.no\/index.php?rest_route=\/wp\/v2\/pages\/2765","targetHints":{"allow":["GET"]}}],"collection":[{"href":"https:\/\/leselop.usn.no\/index.php?rest_route=\/wp\/v2\/pages"}],"about":[{"href":"https:\/\/leselop.usn.no\/index.php?rest_route=\/wp\/v2\/types\/page"}],"author":[{"embeddable":true,"href":"https:\/\/leselop.usn.no\/index.php?rest_route=\/wp\/v2\/users\/10"}],"replies":[{"embeddable":true,"href":"https:\/\/leselop.usn.no\/index.php?rest_route=%2Fwp%2Fv2%2Fcomments&post=2765"}],"version-history":[{"count":6,"href":"https:\/\/leselop.usn.no\/index.php?rest_route=\/wp\/v2\/pages\/2765\/revisions"}],"predecessor-version":[{"id":10152,"href":"https:\/\/leselop.usn.no\/index.php?rest_route=\/wp\/v2\/pages\/2765\/revisions\/10152"}],"wp:attachment":[{"href":"https:\/\/leselop.usn.no\/index.php?rest_route=%2Fwp%2Fv2%2Fmedia&parent=2765"}],"wp:term":[{"taxonomy":"trinn","embeddable":true,"href":"https:\/\/leselop.usn.no\/index.php?rest_route=%2Fwp%2Fv2%2Ftrinn&post=2765"},{"taxonomy":"fag","embeddable":true,"href":"https:\/\/leselop.usn.no\/index.php?rest_route=%2Fwp%2Fv2%2Ffag&post=2765"}],"curies":[{"name":"wp","href":"https:\/\/api.w.org\/{rel}","templated":true}]}}