{"id":2697,"date":"2024-05-10T11:28:40","date_gmt":"2024-05-10T11:28:40","guid":{"rendered":"https:\/\/leselop.usn.no\/?page_id=2697"},"modified":"2025-08-07T11:58:48","modified_gmt":"2025-08-07T09:58:48","slug":"leselop-3-hendelse-8","status":"publish","type":"page","link":"https:\/\/leselop.usn.no\/?page_id=2697","title":{"rendered":"3. Elevers lesehistorier &#8211; Aktivitet 8"},"content":{"rendered":"\n[et_pb_section fb_built=&#8221;1&#8243; _builder_version=&#8221;4.21.0&#8243; _module_preset=&#8221;default&#8221; background_color=&#8221;#f4f4f4&#8243; custom_css_main_element=&#8221;min-height: 100vh;&#8221; da_disable_devices=&#8221;off|off|off&#8221; global_colors_info=&#8221;{}&#8221; da_is_popup=&#8221;off&#8221; da_exit_intent=&#8221;off&#8221; da_has_close=&#8221;on&#8221; da_alt_close=&#8221;off&#8221; da_dark_close=&#8221;off&#8221; da_not_modal=&#8221;on&#8221; da_is_singular=&#8221;off&#8221; da_with_loader=&#8221;off&#8221; da_has_shadow=&#8221;on&#8221;][et_pb_row column_structure=&#8221;1_4,3_4&#8243; use_custom_gutter=&#8221;on&#8221; gutter_width=&#8221;1&#8243; make_equal=&#8221;on&#8221; _builder_version=&#8221;4.21.0&#8243; _module_preset=&#8221;default&#8221; max_width=&#8221;850px&#8221; custom_css_main_element=&#8221;width:75% !important;&#8221; global_colors_info=&#8221;{}&#8221;][et_pb_column type=&#8221;1_4&#8243; _builder_version=&#8221;4.21.0&#8243; _module_preset=&#8221;default&#8221; custom_css_main_element=&#8221;width:12% !important;&#8221; global_colors_info=&#8221;{}&#8221; custom_css_main_element_last_edited=&#8221;on|phone&#8221; custom_css_main_element_tablet=&#8221;width:18% !important;&#8221; custom_css_main_element_phone=&#8221;width:30% !important;&#8221;][et_pb_image src=&#8221;https:\/\/leselop.usn.no\/wp-content\/uploads\/2025\/06\/Leselop-clapboard-green.png&#8221; title_text=&#8221;Leselop-clapboard-green&#8221; _builder_version=&#8221;4.27.4&#8243; _module_preset=&#8221;default&#8221; hover_enabled=&#8221;0&#8243; global_colors_info=&#8221;{}&#8221; sticky_enabled=&#8221;0&#8243;][\/et_pb_image][\/et_pb_column][et_pb_column type=&#8221;3_4&#8243; _builder_version=&#8221;4.21.0&#8243; _module_preset=&#8221;default&#8221; custom_css_main_element=&#8221;width:88% !important;||margin: auto;||padding-left: 30px;&#8221; global_colors_info=&#8221;{}&#8221; custom_css_main_element_last_edited=&#8221;on|phone&#8221; custom_css_main_element_tablet=&#8221;width:82% !important;||padding-left: 25px;||padding-top:35px&#8221; custom_css_main_element_phone=&#8221;width:70% !important;||padding-left: 15px;||padding-top:15px&#8221;][et_pb_text content_tablet=&#8221;<h1>Min leserhistorie \u2013 oppgave<\/h1>&#8221; content_phone=&#8221;<h3>Min leserhistorie<\/h3>\n<h3>\u2013 oppgave<\/h3>&#8221; content_last_edited=&#8221;on|phone&#8221; _builder_version=&#8221;4.27.4&#8243; _module_preset=&#8221;default&#8221; hover_enabled=&#8221;0&#8243; global_colors_info=&#8221;{}&#8221; custom_css_main_element_last_edited=&#8221;on|phone&#8221; sticky_enabled=&#8221;0&#8243;]<h1>Min leserhistorie \u2013 oppgave<\/h1>[\/et_pb_text][\/et_pb_column][\/et_pb_row][et_pb_row custom_padding_last_edited=&#8221;on|phone&#8221; _builder_version=&#8221;4.21.0&#8243; _module_preset=&#8221;default&#8221; background_color=&#8221;#ffffff&#8221; max_width=&#8221;850px&#8221; max_width_tablet=&#8221;850px&#8221; max_width_phone=&#8221;850px&#8221; max_width_last_edited=&#8221;on|desktop&#8221; custom_padding=&#8221;60px|70px|60px|70px|false|false&#8221; custom_padding_tablet=&#8221;50px|55px|50px|55px|false|false&#8221; custom_padding_phone=&#8221;45px|45px|30px|45px|false|false&#8221; border_radii=&#8221;on|30px|30px|30px|30px&#8221; border_style_all=&#8221;dotted&#8221; global_colors_info=&#8221;{}&#8221;][et_pb_column type=&#8221;4_4&#8243; _builder_version=&#8221;4.21.0&#8243; _module_preset=&#8221;default&#8221; global_colors_info=&#8221;{}&#8221;][et_pb_text content_tablet=&#8221;<p>I denne oppgaven skal du skal levere et produkt hvor du f\u00e5r vist fram din egen leserhistorie. Du kan velge mellom oppgave A, B eller C under. Ta utgangspunkt i st\u00f8ttesp\u00f8rsm\u00e5lene nedenfor. Du trenger ikke \u00e5 svare p\u00e5 alle sp\u00f8rsm\u00e5lene, men du b\u00f8r bruke dem som hjelp til \u00e5 finne noe \u00e5 snakke om eller skrive om. Produktet du lager, skal du presentere for klassen og levere inn til l\u00e6reren.<\/p>\n<p><strong>St\u00f8ttesp\u00f8rsm\u00e5l <\/strong><\/p>\n<ol>\n<li>Hvem leste for deg da du var liten?<\/li>\n<li>Hvilke tekster leste de for deg?<\/li>\n<li>Er det noe du husker spesielt godt fra disse lesestundene?<\/li>\n<li>N\u00e5r du begynte \u00e5 lese selv, hvor gammel var du? Likte du det?<\/li>\n<li>Er det noen leseopplevelser fra barndommen du husker spesielt godt? Noen tekster?<\/li>\n<li>Hvilken sjanger liker du best \u00e5 lese?<\/li>\n<li>Hvilke andre typer tekster leser du?<\/li>\n<li>N\u00e5r du leser saktekster, hva leser du da?<\/li>\n<li>Hva vil du lese n\u00e5r du blir stor, tror du? Hvilke typer tekster?<\/li>\n<li>Har du noen lesetips?<\/li>\n<li>Kan du huske en forside fra en bok som gjorde inntrykk p\u00e5 deg?<\/li>\n<li>Hva leser du p\u00e5 skolen?<\/li>\n<li>Hva leser du n\u00e5?<\/li>\n<li>Hvor leser du?<\/li>\n<li>Snakker du om det du leser, med noen?<\/li>\n<\/ol>\n<p><strong>A Lag en podkast! <\/strong><\/p>\n<p>G\u00e5 sammen to og to. Dere skal lage en podkast p\u00e5 to til fire minutter. En skal v\u00e6re podkastvert, og den andre en som bes\u00f8ker studioet til verten. Navnet p\u00e5 podkasten kan for eksempel v\u00e6re \u00abV\u00e5re leserhistorier\u00bb eller noe lignende. Verten spiller en voksen som pleier \u00e5 invitere folk som forteller om sine leserhistorier. Denne gangen har hen invitert en ungdom til \u00e5 komme til studio for \u00e5 fortelle <em>sin leserhistorie<\/em>. Podkasten b\u00f8r ha passende lydeffekter.<\/p>\n<p><strong>B Presenter leserhistorien din ved \u00e5 lage en bildekollasj.<\/strong><\/p>\n<p>Bruk ett eller to lysark i PowerPoint til \u00e5 lage en bildekollasj. Finn bilder av tekster som har v\u00e6rt en viktig del av leserhistorien din. Du kan for eksempel lage et lysbilde med barndom og et med tekster fra ungdoms\u00e5rene dine. Spill inn en lydfil til hvert lysark. I lydfilen tar du utgangspunkt i st\u00f8ttesp\u00f8rsm\u00e5lene over og forteller om tekstene du har valgt ut. Husk \u00e5 bruke muntlige virkemidler n\u00e5r du spiller inn lydfilen. Inkluder gjerne et bilde av deg selv.<\/p>\n<p><strong>C Skriv en reflekterende og utforskende tekst om leserhistorien din.<\/strong><\/p>\n<p>For deg som liker \u00e5 skrive! Ta utgangspunkt i st\u00f8ttesp\u00f8rsm\u00e5lene innledningsvis og utforsk egen leserhistorie ved \u00e5 skrive en personlig tekst. Du b\u00f8r utforske mange ulike tekster og forfattere samt reflektere rundt din rolle som leser.<\/p>\n<ul><\/ul>&#8221; content_phone=&#8221;<p>I denne oppgaven skal du skal levere et produkt hvor du f\u00e5r vist fram din egen leserhistorie. Du kan velge mellom oppgave A, B eller C under. Ta utgangspunkt i st\u00f8ttesp\u00f8rsm\u00e5lene nedenfor. Du trenger ikke \u00e5 svare p\u00e5 alle sp\u00f8rsm\u00e5lene, men du b\u00f8r bruke dem som hjelp til \u00e5 finne noe \u00e5 snakke om eller skrive om. Produktet du lager, skal du presentere for klassen og levere inn til l\u00e6reren.<\/p>\n<p><strong>St\u00f8ttesp\u00f8rsm\u00e5l <\/strong><\/p>\n<ol>\n<li>Hvem leste for deg da du var liten?<\/li>\n<li>Hvilke tekster leste de for deg?<\/li>\n<li>Er det noe du husker spesielt godt fra disse lesestundene?<\/li>\n<li>N\u00e5r du begynte \u00e5 lese selv, hvor gammel var du? Likte du det?<\/li>\n<li>Er det noen leseopplevelser fra barndommen du husker spesielt godt? Noen tekster?<\/li>\n<li>Hvilken sjanger liker du best \u00e5 lese?<\/li>\n<li>Hvilke andre typer tekster leser du?<\/li>\n<li>N\u00e5r du leser saktekster, hva leser du da?<\/li>\n<li>Hva vil du lese n\u00e5r du blir stor, tror du? Hvilke typer tekster?<\/li>\n<li>Har du noen lesetips?<\/li>\n<li>Kan du huske en forside fra en bok som gjorde inntrykk p\u00e5 deg?<\/li>\n<li>Hva leser du p\u00e5 skolen?<\/li>\n<li>Hva leser du n\u00e5?<\/li>\n<li>Hvor leser du?<\/li>\n<li>Snakker du om det du leser, med noen?<\/li>\n<\/ol>\n<p><strong>A Lag en podkast! <\/strong><\/p>\n<p>G\u00e5 sammen to og to. Dere skal lage en podkast p\u00e5 to til fire minutter. En skal v\u00e6re podkastvert, og den andre en som bes\u00f8ker studioet til verten. Navnet p\u00e5 podkasten kan for eksempel v\u00e6re \u00abV\u00e5re leserhistorier\u00bb eller noe lignende. Verten spiller en voksen som pleier \u00e5 invitere folk som forteller om sine leserhistorier. Denne gangen har hen invitert en ungdom til \u00e5 komme til studio for \u00e5 fortelle <em>sin leserhistorie<\/em>. Podkasten b\u00f8r ha passende lydeffekter.<\/p>\n<p><strong>B Presenter leserhistorien din ved \u00e5 lage en bildekollasj.<\/strong><\/p>\n<p>Bruk ett eller to lysark i PowerPoint til \u00e5 lage en bildekollasj. Finn bilder av tekster som har v\u00e6rt en viktig del av leserhistorien din. Du kan for eksempel lage et lysbilde med barndom og et med tekster fra ungdoms\u00e5rene dine. Spill inn en lydfil til hvert lysark. I lydfilen tar du utgangspunkt i st\u00f8ttesp\u00f8rsm\u00e5lene over og forteller om tekstene du har valgt ut. Husk \u00e5 bruke muntlige virkemidler n\u00e5r du spiller inn lydfilen. Inkluder gjerne et bilde av deg selv.<\/p>\n<p><strong>C Skriv en reflekterende og utforskende tekst om leserhistorien din.<\/strong><\/p>\n<p>For deg som liker \u00e5 skrive! Ta utgangspunkt i st\u00f8ttesp\u00f8rsm\u00e5lene innledningsvis og utforsk egen leserhistorie ved \u00e5 skrive en personlig tekst. Du b\u00f8r utforske mange ulike tekster og forfattere samt reflektere rundt din rolle som leser.<\/p>\n<ul><\/ul>&#8221; content_last_edited=&#8221;on|phone&#8221; _builder_version=&#8221;4.21.0&#8243; _module_preset=&#8221;default&#8221; text_font_size=&#8221;17px&#8221; text_line_height=&#8221;1.8em&#8221; custom_margin=&#8221;||20px||false|false&#8221; custom_margin_tablet=&#8221;||0px||false|false&#8221; custom_margin_phone=&#8221;||0px||false|false&#8221; custom_margin_last_edited=&#8221;on|phone&#8221; text_line_height_tablet=&#8221;1.8em&#8221; text_line_height_phone=&#8221;1.5em&#8221; text_line_height_last_edited=&#8221;on|desktop&#8221; locked=&#8221;off&#8221; global_colors_info=&#8221;{}&#8221;]<p>I denne oppgaven skal du skal levere et produkt hvor du f\u00e5r vist fram din egen leserhistorie. Du kan velge mellom oppgave A, B eller C under. Ta utgangspunkt i st\u00f8ttesp\u00f8rsm\u00e5lene nedenfor. Du trenger ikke \u00e5 svare p\u00e5 alle sp\u00f8rsm\u00e5lene, men du b\u00f8r bruke dem som hjelp til \u00e5 finne noe \u00e5 snakke om eller skrive om. Produktet du lager, skal du presentere for klassen og levere inn til l\u00e6reren.<\/p>\n<p><strong>St\u00f8ttesp\u00f8rsm\u00e5l\u00a0<\/strong><\/p>\n<ol>\n<li>Hvem leste for deg da du var liten?<\/li>\n<li>Hvilke tekster leste de for deg?<\/li>\n<li>Er det noe du husker spesielt godt fra disse lesestundene?<\/li>\n<li>N\u00e5r du begynte \u00e5 lese selv, hvor gammel var du? Likte du det?<\/li>\n<li>Er det noen leseopplevelser fra barndommen du husker spesielt godt? Noen tekster?<\/li>\n<li>Hvilken sjanger liker du best \u00e5 lese?<\/li>\n<li>Hvilke andre typer tekster leser du?<\/li>\n<li>N\u00e5r du leser saktekster, hva leser du da?<\/li>\n<li>Hva vil du lese n\u00e5r du blir stor, tror du? Hvilke typer tekster?<\/li>\n<li>Har du noen lesetips?<\/li>\n<li>Kan du huske en forside fra en bok som gjorde inntrykk p\u00e5 deg?<\/li>\n<li>Hva leser du p\u00e5 skolen?<\/li>\n<li>Hva leser du n\u00e5?<\/li>\n<li>Hvor leser du?<\/li>\n<li>Snakker du om det du leser, med noen?<\/li>\n<\/ol>\n<p><strong>A Lag en podkast! <\/strong><\/p>\n<p>G\u00e5 sammen to og to. Dere skal lage en podkast p\u00e5 to til fire minutter. En skal v\u00e6re podkastvert, og den andre en som bes\u00f8ker studioet til verten. Navnet p\u00e5 podkasten kan for eksempel v\u00e6re \u00abV\u00e5re leserhistorier\u00bb eller noe lignende. Verten spiller en voksen som pleier \u00e5 invitere folk som forteller om sine leserhistorier. Denne gangen har hen invitert en ungdom til \u00e5 komme til studio for \u00e5 fortelle <em>sin leserhistorie<\/em>. Podkasten b\u00f8r ha passende lydeffekter.<\/p>\n<p><strong>B Presenter leserhistorien din ved \u00e5 lage en bildekollasj.<\/strong><\/p>\n<p>Bruk ett eller to lysark i PowerPoint til \u00e5 lage en bildekollasj. Finn bilder av tekster som har v\u00e6rt en viktig del av leserhistorien din. Du kan for eksempel lage et lysbilde med barndom og et med tekster fra ungdoms\u00e5rene dine. Spill inn en lydfil til hvert lysark. I lydfilen tar du utgangspunkt i st\u00f8ttesp\u00f8rsm\u00e5lene over og forteller om tekstene du har valgt ut. Husk \u00e5 bruke muntlige virkemidler n\u00e5r du spiller inn lydfilen. Inkluder gjerne et bilde av deg selv.<\/p>\n<p><strong>C Skriv en reflekterende og utforskende tekst om leserhistorien din.<\/strong><\/p>\n<p>For deg som liker \u00e5 skrive! Ta utgangspunkt i st\u00f8ttesp\u00f8rsm\u00e5lene innledningsvis og utforsk egen leserhistorie ved \u00e5 skrive en personlig tekst. Du b\u00f8r utforske mange ulike tekster og forfattere samt reflektere rundt din rolle som leser.<\/p>[\/et_pb_text][\/et_pb_column][\/et_pb_row][et_pb_row _builder_version=&#8221;4.21.0&#8243; _module_preset=&#8221;default&#8221; max_width=&#8221;850px&#8221; module_alignment=&#8221;center&#8221; custom_css_main_element=&#8221;display:flex;||justify-content: center;&#8221; global_colors_info=&#8221;{}&#8221;][et_pb_column type=&#8221;4_4&#8243; _builder_version=&#8221;4.21.0&#8243; _module_preset=&#8221;default&#8221; global_colors_info=&#8221;{}&#8221;][et_pb_code _builder_version=&#8221;4.21.0&#8243; _module_preset=&#8221;default&#8221; text_orientation=&#8221;center&#8221; text_orientation_tablet=&#8221;center&#8221; text_orientation_phone=&#8221;center&#8221; text_orientation_last_edited=&#8221;on|desktop&#8221; global_colors_info=&#8221;{}&#8221;]<button id=\"backButton\" style=\"<!-- [et_pb_line_break_holder] -->background: #8dcfb7; <!-- [et_pb_line_break_holder] -->border-radius: 10px; <!-- [et_pb_line_break_holder] -->width: 100px; <!-- [et_pb_line_break_holder] -->height: 40px; <!-- [et_pb_line_break_holder] -->border: none; <!-- [et_pb_line_break_holder] -->font-size: 18px;<!-- [et_pb_line_break_holder] -->color: #000000; <!-- [et_pb_line_break_holder] -->transform: uppercase;&#8221; <!-- [et_pb_line_break_holder] -->onmouseover=&#8221;this.style.backgroundColor=&#8217;#5a5e5e&#8217;; this.style.color=&#8217;#ffffff&#8217;;&#8221;<!-- [et_pb_line_break_holder] -->onmouseout=&#8221;this.style.backgroundColor=&#8217;#8dcfb7&#8242;; this.style.color=&#8217;#000000&#8242;;&#8221; <!-- [et_pb_line_break_holder] -->onclick=&#8221;myFunction()&#8221;>Tilbake<\/button><!-- [et_pb_line_break_holder] --><!-- [et_pb_line_break_holder] --><script><!-- [et_pb_line_break_holder] -->document.addEventListener('DOMContentLoaded', function() {<!-- [et_pb_line_break_holder] -->  var backButton = document.getElementById('backButton'); <!-- [et_pb_line_break_holder] -->  <!-- [et_pb_line_break_holder] -->  if (backButton) {<!-- [et_pb_line_break_holder] -->    backButton.addEventListener('click', function() {<!-- [et_pb_line_break_holder] -->      window.history.back();<!-- [et_pb_line_break_holder] -->    });<!-- [et_pb_line_break_holder] -->  }<!-- [et_pb_line_break_holder] -->});<!-- [et_pb_line_break_holder] --><\/script><!-- [et_pb_line_break_holder] -->[\/et_pb_code][\/et_pb_column][\/et_pb_row][\/et_pb_section]\n","protected":false},"excerpt":{"rendered":"<p>Min leserhistorie \u2013 oppgaveI denne oppgaven skal du skal levere et produkt hvor du f\u00e5r vist fram din egen leserhistorie. Du kan velge mellom oppgave A, B eller C under. Ta utgangspunkt i st\u00f8ttesp\u00f8rsm\u00e5lene nedenfor. Du trenger ikke \u00e5 svare p\u00e5 alle sp\u00f8rsm\u00e5lene, men du b\u00f8r bruke dem som hjelp til \u00e5 finne noe \u00e5 [&hellip;]<\/p>\n","protected":false},"author":10,"featured_media":0,"parent":0,"menu_order":0,"comment_status":"closed","ping_status":"closed","template":"","meta":{"_et_pb_use_builder":"on","_et_pb_old_content":"","_et_gb_content_width":"","footnotes":""},"trinn":[],"fag":[],"class_list":["post-2697","page","type-page","status-publish","hentry"],"_links":{"self":[{"href":"https:\/\/leselop.usn.no\/index.php?rest_route=\/wp\/v2\/pages\/2697","targetHints":{"allow":["GET"]}}],"collection":[{"href":"https:\/\/leselop.usn.no\/index.php?rest_route=\/wp\/v2\/pages"}],"about":[{"href":"https:\/\/leselop.usn.no\/index.php?rest_route=\/wp\/v2\/types\/page"}],"author":[{"embeddable":true,"href":"https:\/\/leselop.usn.no\/index.php?rest_route=\/wp\/v2\/users\/10"}],"replies":[{"embeddable":true,"href":"https:\/\/leselop.usn.no\/index.php?rest_route=%2Fwp%2Fv2%2Fcomments&post=2697"}],"version-history":[{"count":11,"href":"https:\/\/leselop.usn.no\/index.php?rest_route=\/wp\/v2\/pages\/2697\/revisions"}],"predecessor-version":[{"id":10146,"href":"https:\/\/leselop.usn.no\/index.php?rest_route=\/wp\/v2\/pages\/2697\/revisions\/10146"}],"wp:attachment":[{"href":"https:\/\/leselop.usn.no\/index.php?rest_route=%2Fwp%2Fv2%2Fmedia&parent=2697"}],"wp:term":[{"taxonomy":"trinn","embeddable":true,"href":"https:\/\/leselop.usn.no\/index.php?rest_route=%2Fwp%2Fv2%2Ftrinn&post=2697"},{"taxonomy":"fag","embeddable":true,"href":"https:\/\/leselop.usn.no\/index.php?rest_route=%2Fwp%2Fv2%2Ffag&post=2697"}],"curies":[{"name":"wp","href":"https:\/\/api.w.org\/{rel}","templated":true}]}}