{"id":2694,"date":"2024-05-10T11:24:20","date_gmt":"2024-05-10T11:24:20","guid":{"rendered":"https:\/\/leselop.usn.no\/?page_id=2694"},"modified":"2025-08-07T11:58:16","modified_gmt":"2025-08-07T09:58:16","slug":"leselop-3-hendelse-7","status":"publish","type":"page","link":"https:\/\/leselop.usn.no\/?page_id=2694","title":{"rendered":"3. Elevers lesehistorier &#8211; Aktivitet 7"},"content":{"rendered":"\n[et_pb_section fb_built=&#8221;1&#8243; _builder_version=&#8221;4.21.0&#8243; _module_preset=&#8221;default&#8221; background_color=&#8221;#f4f4f4&#8243; custom_css_main_element=&#8221;min-height: 100vh;&#8221; da_disable_devices=&#8221;off|off|off&#8221; global_colors_info=&#8221;{}&#8221; da_is_popup=&#8221;off&#8221; da_exit_intent=&#8221;off&#8221; da_has_close=&#8221;on&#8221; da_alt_close=&#8221;off&#8221; da_dark_close=&#8221;off&#8221; da_not_modal=&#8221;on&#8221; da_is_singular=&#8221;off&#8221; da_with_loader=&#8221;off&#8221; da_has_shadow=&#8221;on&#8221;][et_pb_row column_structure=&#8221;1_4,3_4&#8243; use_custom_gutter=&#8221;on&#8221; gutter_width=&#8221;1&#8243; make_equal=&#8221;on&#8221; _builder_version=&#8221;4.21.0&#8243; _module_preset=&#8221;default&#8221; max_width=&#8221;850px&#8221; custom_css_main_element=&#8221;width:75% !important;&#8221; global_colors_info=&#8221;{}&#8221;][et_pb_column type=&#8221;1_4&#8243; _builder_version=&#8221;4.21.0&#8243; _module_preset=&#8221;default&#8221; custom_css_main_element=&#8221;width:12% !important;&#8221; global_colors_info=&#8221;{}&#8221; custom_css_main_element_last_edited=&#8221;on|phone&#8221; custom_css_main_element_tablet=&#8221;width:18% !important;&#8221; custom_css_main_element_phone=&#8221;width:30% !important;&#8221;][et_pb_image src=&#8221;https:\/\/leselop.usn.no\/wp-content\/uploads\/2025\/06\/Leselop-skrive-green.png&#8221; title_text=&#8221;Leselop-skrive-green&#8221; _builder_version=&#8221;4.27.4&#8243; _module_preset=&#8221;default&#8221; hover_enabled=&#8221;0&#8243; global_colors_info=&#8221;{}&#8221; sticky_enabled=&#8221;0&#8243;][\/et_pb_image][\/et_pb_column][et_pb_column type=&#8221;3_4&#8243; _builder_version=&#8221;4.21.0&#8243; _module_preset=&#8221;default&#8221; custom_css_main_element=&#8221;width:88% !important;||margin: auto;||padding-left: 30px;&#8221; global_colors_info=&#8221;{}&#8221; custom_css_main_element_last_edited=&#8221;on|tablet&#8221; custom_css_main_element_tablet=&#8221;width:82% !important;||padding-left: 25px;||padding-top:5px&#8221; custom_css_main_element_phone=&#8221;width:70% !important;||padding-left: 15px;||padding-top:5px&#8221;][et_pb_text content_tablet=&#8221;<h1>Press-skriving eller<\/h1>\n<h1>tenkeskriving om egen<\/h1>\n<h1>leserhistorie<\/h1>&#8221; content_phone=&#8221;<h4>Press-skriving eller<\/h4>\n<h4>tenkeskriving om<\/h4>\n<h4>egen leserhistorie<\/h4>&#8221; content_last_edited=&#8221;on|phone&#8221; _builder_version=&#8221;4.27.4&#8243; _module_preset=&#8221;default&#8221; hover_enabled=&#8221;0&#8243; global_colors_info=&#8221;{}&#8221; custom_css_main_element_last_edited=&#8221;on|phone&#8221; sticky_enabled=&#8221;0&#8243; header_4_line_height_last_edited=&#8221;on|phone&#8221; header_4_line_height_phone=&#8221;0.9em&#8221;]<h1>Press-skriving eller tenkeskriving<\/h1>\n<h1>om egen leserhistorie<\/h1>[\/et_pb_text][\/et_pb_column][\/et_pb_row][et_pb_row custom_padding_last_edited=&#8221;on|phone&#8221; _builder_version=&#8221;4.21.0&#8243; _module_preset=&#8221;default&#8221; background_color=&#8221;#ffffff&#8221; max_width=&#8221;850px&#8221; max_width_tablet=&#8221;850px&#8221; max_width_phone=&#8221;850px&#8221; max_width_last_edited=&#8221;on|desktop&#8221; custom_padding=&#8221;60px|70px|30px|70px|false|false&#8221; custom_padding_tablet=&#8221;50px|55px|5px|55px|false|false&#8221; custom_padding_phone=&#8221;45px|45px|10px|45px|false|false&#8221; border_radii=&#8221;on|30px|30px|30px|30px&#8221; border_style_all=&#8221;dotted&#8221; global_colors_info=&#8221;{}&#8221;][et_pb_column type=&#8221;4_4&#8243; _builder_version=&#8221;4.21.0&#8243; _module_preset=&#8221;default&#8221; global_colors_info=&#8221;{}&#8221;][et_pb_text content_tablet=&#8221;<p>\u00c5 tenkeskrive, eller press-skrive, er en \u00f8velse der elevene skriver ned tankene sine raskt og uavbrutt i en gitt tidsperiode. I dette lesel\u00f8pet f\u00e5r elevene fire minutter til \u00e5 skrive ned tanker knyttet til egen leserhistorie. Elevene er allerede inspirert av l\u00e6reren sin historie og har kanskje allerede begynt \u00e5 knytte det l\u00e6reren sier, til egne erfaringer. Da kan det v\u00e6re viktig for elevene \u00e5 f\u00e5 skrevet ned disse tankene. De skriver da uten \u00e5 bekymre seg for grammatikk, rettskrivning, struktur og organisering. Elevene f\u00e5r mulighet til \u00e5 frigj\u00f8re tankene og hjelpe seg selv i gang med den kommende oppgaven. De f\u00e5r aktivert viktige tankeprosesser og f\u00e5r p\u00e5 den m\u00e5ten reflektert over forholdet sitt til lesing.<\/p>\n<p> <\/p>\n<p>Fortell elevene at de nettopp har lyttet til l\u00e6rerens egen leserhistorie. De skal n\u00e5 tenkeskrive om sin egen leserhistorie. Fortell elevene at de ikke skal tenke p\u00e5 grammatikk, rettskrivning eller struktur. De skal pr\u00f8ve \u00e5 holde pennen eller tastaturet g\u00e5ende i tre minutter. Det blir satt p\u00e5 stoppeklokke. Elevene kan for eksempel skrive om noen av disse punktene:<\/p>\n<p> <\/p>\n<ul>\n<li>Hvilke b\u00f8ker husker du fra barndommen din?<\/li>\n<li>Hvilke b\u00f8ker var du interessert i da du gikk p\u00e5 barneskolen?<\/li>\n<li>Hvilke typer tekster l\u00e5nte du p\u00e5 biblioteket da du gikk p\u00e5 barneskolen?<\/li>\n<li>Hvilke typer tekster har du likt eller liker du \u00e5 lese?<\/li>\n<li>Hvilke b\u00f8ker og sjangre liker du n\u00e5?<\/li>\n<\/ul>\n<ul><\/ul>\n<ul><\/ul>&#8221; content_phone=&#8221;<p>\u00c5 tenkeskrive, eller press-skrive, er en \u00f8velse der elevene skriver ned tankene sine raskt og uavbrutt i en gitt tidsperiode. I dette lesel\u00f8pet f\u00e5r elevene fire minutter til \u00e5 skrive ned tanker knyttet til egen leserhistorie. Elevene er allerede inspirert av l\u00e6reren sin historie og har kanskje allerede begynt \u00e5 knytte det l\u00e6reren sier, til egne erfaringer. Da kan det v\u00e6re viktig for elevene \u00e5 f\u00e5 skrevet ned disse tankene. De skriver da uten \u00e5 bekymre seg for grammatikk, rettskrivning, struktur og organisering. Elevene f\u00e5r mulighet til \u00e5 frigj\u00f8re tankene og hjelpe seg selv i gang med den kommende oppgaven. De f\u00e5r aktivert viktige tankeprosesser og f\u00e5r p\u00e5 den m\u00e5ten reflektert over forholdet sitt til lesing.<\/p>\n<p> <\/p>\n<p>Fortell elevene at de nettopp har lyttet til l\u00e6rerens egen leserhistorie. De skal n\u00e5 tenkeskrive om sin egen leserhistorie. Fortell elevene at de ikke skal tenke p\u00e5 grammatikk, rettskrivning eller struktur. De skal pr\u00f8ve \u00e5 holde pennen eller tastaturet g\u00e5ende i tre minutter. Det blir satt p\u00e5 stoppeklokke. Elevene kan for eksempel skrive om noen av disse punktene:<\/p>\n<p> <\/p>\n<ul>\n<li>Hvilke b\u00f8ker husker du fra barndommen din?<\/li>\n<li>Hvilke b\u00f8ker var du interessert i da du gikk p\u00e5 barneskolen?<\/li>\n<li>Hvilke typer tekster l\u00e5nte du p\u00e5 biblioteket da du gikk p\u00e5 barneskolen?<\/li>\n<li>Hvilke typer tekster har du likt eller liker du \u00e5 lese?<\/li>\n<li>Hvilke b\u00f8ker og sjangre liker du n\u00e5?<\/li>\n<\/ul>&#8221; content_last_edited=&#8221;on|phone&#8221; _builder_version=&#8221;4.21.0&#8243; _module_preset=&#8221;default&#8221; text_font_size=&#8221;17px&#8221; text_line_height=&#8221;1.8em&#8221; custom_margin=&#8221;||40px||false|false&#8221; text_line_height_tablet=&#8221;1.8em&#8221; text_line_height_phone=&#8221;1.5em&#8221; text_line_height_last_edited=&#8221;on|desktop&#8221; locked=&#8221;off&#8221; global_colors_info=&#8221;{}&#8221;]<p>\u00c5 tenkeskrive, eller press-skrive, er en \u00f8velse der elevene skriver ned tankene sine raskt og uavbrutt i en gitt tidsperiode. I dette lesel\u00f8pet f\u00e5r elevene fire minutter til \u00e5 skrive ned tanker knyttet til egen leserhistorie. Elevene er allerede inspirert av l\u00e6reren sin historie og har kanskje allerede begynt \u00e5 knytte det l\u00e6reren sier, til egne erfaringer. Da kan det v\u00e6re viktig for elevene \u00e5 f\u00e5 skrevet ned disse tankene. De skriver da uten \u00e5 bekymre seg for grammatikk, rettskrivning, struktur og organisering. Elevene f\u00e5r mulighet til \u00e5 frigj\u00f8re tankene og hjelpe seg selv i gang med den kommende oppgaven. De f\u00e5r aktivert viktige tankeprosesser og f\u00e5r p\u00e5 den m\u00e5ten reflektert over forholdet sitt til lesing.\u00a0<\/p>\n<p>Fortell elevene at de nettopp har lyttet til l\u00e6rerens egen leserhistorie. De skal n\u00e5 tenkeskrive om sin egen leserhistorie. Fortell elevene at de ikke skal tenke p\u00e5 grammatikk, rettskrivning eller struktur. De skal pr\u00f8ve \u00e5 holde pennen eller tastaturet g\u00e5ende i tre minutter. Det blir satt p\u00e5 stoppeklokke.<\/p>\n<p><strong> Elevene kan for eksempel skrive om noen av disse punktene:<br \/><\/strong>\u00a0<\/p>\n<ul>\n<li>Hvilke b\u00f8ker husker du fra barndommen din?<\/li>\n<li>Hvilke b\u00f8ker var du interessert i da du gikk p\u00e5 barneskolen?<\/li>\n<li>Hvilke typer tekster l\u00e5nte du p\u00e5 biblioteket da du gikk p\u00e5 barneskolen?<\/li>\n<li>Hvilke typer tekster har du likt eller liker du \u00e5 lese?<\/li>\n<li>Hvilke b\u00f8ker og sjangre liker du n\u00e5?<\/li>\n<\/ul>[\/et_pb_text][\/et_pb_column][\/et_pb_row][et_pb_row _builder_version=&#8221;4.21.0&#8243; _module_preset=&#8221;default&#8221; max_width=&#8221;850px&#8221; module_alignment=&#8221;center&#8221; custom_css_main_element=&#8221;display:flex;||justify-content: center;&#8221; global_colors_info=&#8221;{}&#8221;][et_pb_column type=&#8221;4_4&#8243; _builder_version=&#8221;4.21.0&#8243; _module_preset=&#8221;default&#8221; global_colors_info=&#8221;{}&#8221;][et_pb_code _builder_version=&#8221;4.21.0&#8243; _module_preset=&#8221;default&#8221; text_orientation=&#8221;center&#8221; text_orientation_tablet=&#8221;center&#8221; text_orientation_phone=&#8221;center&#8221; text_orientation_last_edited=&#8221;on|desktop&#8221; global_colors_info=&#8221;{}&#8221;]<button id=\"backButton\" style=\"<!-- [et_pb_line_break_holder] -->background: #8dcfb7; <!-- [et_pb_line_break_holder] -->border-radius: 10px; <!-- [et_pb_line_break_holder] -->width: 100px; <!-- [et_pb_line_break_holder] -->height: 40px; <!-- [et_pb_line_break_holder] -->border: none; <!-- [et_pb_line_break_holder] -->font-size: 18px;<!-- [et_pb_line_break_holder] -->color: #000000; <!-- [et_pb_line_break_holder] -->transform: uppercase;&#8221; <!-- [et_pb_line_break_holder] -->onmouseover=&#8221;this.style.backgroundColor=&#8217;#5a5e5e&#8217;; this.style.color=&#8217;#ffffff&#8217;;&#8221;<!-- [et_pb_line_break_holder] -->onmouseout=&#8221;this.style.backgroundColor=&#8217;#8dcfb7&#8242;; this.style.color=&#8217;#000000&#8242;;&#8221; <!-- [et_pb_line_break_holder] -->onclick=&#8221;myFunction()&#8221;>Tilbake<\/button><!-- [et_pb_line_break_holder] --><!-- [et_pb_line_break_holder] --><script><!-- [et_pb_line_break_holder] -->document.addEventListener('DOMContentLoaded', function() {<!-- [et_pb_line_break_holder] -->  var backButton = document.getElementById('backButton'); <!-- [et_pb_line_break_holder] -->  <!-- [et_pb_line_break_holder] -->  if (backButton) {<!-- [et_pb_line_break_holder] -->    backButton.addEventListener('click', function() {<!-- [et_pb_line_break_holder] -->      window.history.back();<!-- [et_pb_line_break_holder] -->    });<!-- [et_pb_line_break_holder] -->  }<!-- [et_pb_line_break_holder] -->});<!-- [et_pb_line_break_holder] --><\/script><!-- [et_pb_line_break_holder] -->[\/et_pb_code][\/et_pb_column][\/et_pb_row][\/et_pb_section]\n","protected":false},"excerpt":{"rendered":"<p>Press-skriving eller tenkeskriving om egen leserhistorie\u00c5 tenkeskrive, eller press-skrive, er en \u00f8velse der elevene skriver ned tankene sine raskt og uavbrutt i en gitt tidsperiode. I dette lesel\u00f8pet f\u00e5r elevene fire minutter til \u00e5 skrive ned tanker knyttet til egen leserhistorie. Elevene er allerede inspirert av l\u00e6reren sin historie og har kanskje allerede begynt \u00e5 [&hellip;]<\/p>\n","protected":false},"author":10,"featured_media":0,"parent":0,"menu_order":0,"comment_status":"closed","ping_status":"closed","template":"","meta":{"_et_pb_use_builder":"on","_et_pb_old_content":"","_et_gb_content_width":"","footnotes":""},"trinn":[],"fag":[],"class_list":["post-2694","page","type-page","status-publish","hentry"],"_links":{"self":[{"href":"https:\/\/leselop.usn.no\/index.php?rest_route=\/wp\/v2\/pages\/2694","targetHints":{"allow":["GET"]}}],"collection":[{"href":"https:\/\/leselop.usn.no\/index.php?rest_route=\/wp\/v2\/pages"}],"about":[{"href":"https:\/\/leselop.usn.no\/index.php?rest_route=\/wp\/v2\/types\/page"}],"author":[{"embeddable":true,"href":"https:\/\/leselop.usn.no\/index.php?rest_route=\/wp\/v2\/users\/10"}],"replies":[{"embeddable":true,"href":"https:\/\/leselop.usn.no\/index.php?rest_route=%2Fwp%2Fv2%2Fcomments&post=2694"}],"version-history":[{"count":6,"href":"https:\/\/leselop.usn.no\/index.php?rest_route=\/wp\/v2\/pages\/2694\/revisions"}],"predecessor-version":[{"id":10144,"href":"https:\/\/leselop.usn.no\/index.php?rest_route=\/wp\/v2\/pages\/2694\/revisions\/10144"}],"wp:attachment":[{"href":"https:\/\/leselop.usn.no\/index.php?rest_route=%2Fwp%2Fv2%2Fmedia&parent=2694"}],"wp:term":[{"taxonomy":"trinn","embeddable":true,"href":"https:\/\/leselop.usn.no\/index.php?rest_route=%2Fwp%2Fv2%2Ftrinn&post=2694"},{"taxonomy":"fag","embeddable":true,"href":"https:\/\/leselop.usn.no\/index.php?rest_route=%2Fwp%2Fv2%2Ffag&post=2694"}],"curies":[{"name":"wp","href":"https:\/\/api.w.org\/{rel}","templated":true}]}}