{"id":2682,"date":"2024-05-10T10:57:39","date_gmt":"2024-05-10T10:57:39","guid":{"rendered":"https:\/\/leselop.usn.no\/?page_id=2682"},"modified":"2025-08-07T11:57:48","modified_gmt":"2025-08-07T09:57:48","slug":"leselop-3-hendelse-6","status":"publish","type":"page","link":"https:\/\/leselop.usn.no\/?page_id=2682","title":{"rendered":"3. Elevers lesehistorier &#8211; Aktivitet 6 &#8211; L\u00e6reren leserhistorie"},"content":{"rendered":"\n[et_pb_section fb_built=&#8221;1&#8243; _builder_version=&#8221;4.21.0&#8243; _module_preset=&#8221;default&#8221; background_color=&#8221;#f4f4f4&#8243; custom_css_main_element=&#8221;min-height: 100vh;&#8221; da_disable_devices=&#8221;off|off|off&#8221; global_colors_info=&#8221;{}&#8221; da_is_popup=&#8221;off&#8221; da_exit_intent=&#8221;off&#8221; da_has_close=&#8221;on&#8221; da_alt_close=&#8221;off&#8221; da_dark_close=&#8221;off&#8221; da_not_modal=&#8221;on&#8221; da_is_singular=&#8221;off&#8221; da_with_loader=&#8221;off&#8221; da_has_shadow=&#8221;on&#8221;][et_pb_row column_structure=&#8221;1_4,3_4&#8243; use_custom_gutter=&#8221;on&#8221; gutter_width=&#8221;1&#8243; make_equal=&#8221;on&#8221; _builder_version=&#8221;4.27.0&#8243; _module_preset=&#8221;default&#8221; max_width=&#8221;850px&#8221; custom_css_main_element=&#8221;width:75% !important;&#8221; global_colors_info=&#8221;{}&#8221;][et_pb_column type=&#8221;1_4&#8243; _builder_version=&#8221;4.21.0&#8243; _module_preset=&#8221;default&#8221; custom_css_main_element=&#8221;width:12% !important;&#8221; global_colors_info=&#8221;{}&#8221; custom_css_main_element_last_edited=&#8221;on|phone&#8221; custom_css_main_element_tablet=&#8221;width:18% !important;&#8221; custom_css_main_element_phone=&#8221;width:30% !important;&#8221;][et_pb_image src=&#8221;https:\/\/leselop.usn.no\/wp-content\/uploads\/2025\/06\/Leselop-skrive-green.png&#8221; title_text=&#8221;Leselop-skrive-green&#8221; src_tablet=&#8221;https:\/\/leselop.usn.no\/wp-content\/uploads\/2025\/06\/Leselop-skrive-green.png&#8221; src_phone=&#8221;https:\/\/leselop.usn.no\/wp-content\/uploads\/2025\/06\/Leselop-skrive-green.png&#8221; src_last_edited=&#8221;on|phone&#8221; _builder_version=&#8221;4.27.4&#8243; _module_preset=&#8221;default&#8221; hover_enabled=&#8221;0&#8243; global_colors_info=&#8221;{}&#8221; sticky_enabled=&#8221;0&#8243;][\/et_pb_image][\/et_pb_column][et_pb_column type=&#8221;3_4&#8243; _builder_version=&#8221;4.27.0&#8243; _module_preset=&#8221;default&#8221; custom_css_main_element=&#8221;width:88% !important;||margin: auto;||padding-left: 30px;&#8221; global_colors_info=&#8221;{}&#8221; custom_css_main_element_last_edited=&#8221;on|phone&#8221; custom_css_main_element_tablet=&#8221;width:82% !important;||padding-left: 25px;||padding-top:15px&#8221; custom_css_main_element_phone=&#8221;width:70% !important;||padding-left: 15px;||padding-top:5px&#8221;][et_pb_text content_tablet=&#8221;<h1>Starten p\u00e5 l\u00e6rerens leserhistorie<\/h1>&#8221; content_phone=&#8221;<h4>Starten p\u00e5<\/h4>\n<h4>l\u00e6rerens<\/h4>\n<h4>leserhistorie<\/h4>&#8221; content_last_edited=&#8221;on|phone&#8221; _builder_version=&#8221;4.27.4&#8243; _module_preset=&#8221;default&#8221; hover_enabled=&#8221;0&#8243; global_colors_info=&#8221;{}&#8221; custom_css_main_element_last_edited=&#8221;on|phone&#8221; header_4_line_height_last_edited=&#8221;on|phone&#8221; header_4_line_height_phone=&#8221;0.8em&#8221; sticky_enabled=&#8221;0&#8243;]<h1>Starten p\u00e5 l\u00e6rerens leserhistorie<\/h1>[\/et_pb_text][\/et_pb_column][\/et_pb_row][et_pb_row custom_padding_last_edited=&#8221;on|phone&#8221; _builder_version=&#8221;4.21.0&#8243; _module_preset=&#8221;default&#8221; background_color=&#8221;#ffffff&#8221; max_width=&#8221;850px&#8221; max_width_tablet=&#8221;850px&#8221; max_width_phone=&#8221;850px&#8221; max_width_last_edited=&#8221;on|desktop&#8221; custom_padding=&#8221;60px|70px|60px|70px|true|false&#8221; custom_padding_tablet=&#8221;50px|55px|50px|55px|false|false&#8221; custom_padding_phone=&#8221;45px|45px|30px|45px|false|false&#8221; border_radii=&#8221;on|30px|30px|30px|30px&#8221; border_style_all=&#8221;dotted&#8221; global_colors_info=&#8221;{}&#8221;][et_pb_column type=&#8221;4_4&#8243; _builder_version=&#8221;4.21.0&#8243; _module_preset=&#8221;default&#8221; global_colors_info=&#8221;{}&#8221;][et_pb_text content_tablet=&#8221;<p>L\u00e6reren presenterer leserhistorien sin gjennom lysbildeframvisning og\/eller en podkast. Dette gir elevene en modelltekst \u00e5 st\u00f8tte seg p\u00e5, samtidig f\u00e5r de innsikt i l\u00e6rerens personlige leseerfaringer og metaperspektiv.<\/p>\n<ul><\/ul>\n<ul><\/ul>&#8221; content_phone=&#8221;<p>L\u00e6reren presenterer leserhistorien sin gjennom lysbildeframvisning og\/eller en podkast. Dette gir elevene en modelltekst \u00e5 st\u00f8tte seg p\u00e5, samtidig f\u00e5r de innsikt i l\u00e6rerens personlige leseerfaringer og metaperspektiv.<\/p>&#8221; content_last_edited=&#8221;on|phone&#8221; _builder_version=&#8221;4.21.0&#8243; _module_preset=&#8221;default&#8221; text_font_size=&#8221;17px&#8221; text_line_height=&#8221;1.8em&#8221; custom_margin=&#8221;||40px||false|false&#8221; text_line_height_tablet=&#8221;1.8em&#8221; text_line_height_phone=&#8221;1.5em&#8221; text_line_height_last_edited=&#8221;on|desktop&#8221; locked=&#8221;off&#8221; global_colors_info=&#8221;{}&#8221;]<p>L\u00e6reren presenterer leserhistorien sin gjennom lysbildeframvisning og\/eller en podkast. Dette gir elevene en modelltekst \u00e5 st\u00f8tte seg p\u00e5, samtidig f\u00e5r de innsikt i l\u00e6rerens personlige leseerfaringer og metaperspektiv.<\/p>[\/et_pb_text][et_pb_image src=&#8221;https:\/\/leselop.usn.no\/wp-content\/uploads\/2024\/05\/leselop3-hendelse6.png&#8221; title_text=&#8221;leselop3-hendelse6&#8243; _builder_version=&#8221;4.21.0&#8243; _module_preset=&#8221;default&#8221; custom_margin=&#8221;||40px||false|false&#8221; global_colors_info=&#8221;{}&#8221;][\/et_pb_image][et_pb_text content_tablet=&#8221;<p><strong>Eksempeltekst: Starten p\u00e5 l\u00e6rerens leserhistorie <\/strong><\/p>\n<p>Her ser dere mange ulike b\u00f8ker som er en del av min personlige leserhistorie. Som dere ser, er det en blanding av b\u00f8ker fra barndommen, ungdoms\u00e5rene og voksenlivet. Da jeg var liten, var det stort sett mamma som leste b\u00f8ker for meg n\u00e5r jeg skulle sove. Hun leste ofte ulike b\u00f8ker skrevet av Astrid Lindgren, men <em>Pippi<\/em> var nok begges favoritt. Allikevel er det stundene der pappa satte seg ned i skinnstolen sin og ba meg klatre opp p\u00e5 fanget, jeg husker best. Hver gang pappa spurte om han skulle lese for meg, visste jeg at det hadde kommet et nytt Donald Duck-blad i butikken som han hadde kj\u00f8pt for at han og jeg skulle lese sammen. Pappa introduserte meg ogs\u00e5 tidlig for andre typer tegneserier, men julehefter var det vi begge likte best. Knoll og Tott var nok favoritten fordi pappa mente at hovedpersonene minnet ham om broren min og meg. Hvert \u00e5r n\u00e5r julaften endelig kom, h\u00e5pet jeg at pappa skulle f\u00e5 julehefter i gave av mamma, for da visste jeg at han kom til \u00e5 lese sammen meg p\u00e5 f\u00f8rste juledag. Jeg var generelt tidlig opptatt av b\u00f8ker og fikk mange b\u00f8ker til jul og bursdag. De f\u00f8rste b\u00f8kene jeg leste helt alene, var bildeb\u00f8kene til Elsa Beskow. B\u00f8kene handlet om tante Gr\u00f8nn, tante Brun og tante Fiolett. Kanskje synes jeg denne bokserien var interessant fordi jeg selv ikke hadde noen tanter, men mens jeg leste, kunne jeg dagdr\u00f8mme om \u00e5 ha de rareste og morsomste tantene i hele gaten. Videre var jeg ogs\u00e5 veldig opptatt av gamle kl\u00e6r, og boka inspirerte meg til \u00e5 sitte og tegne morsomme damekjoler. Hver av tantene hadde sv\u00e6rt ulike personlighet, noe som appellerte til ulike sider av min fantasi. Venninnene mine og jeg kunne derfor ofte kle oss ut og leke at vi var tantene. Jeg kan huske at jeg alltid ville v\u00e6re tante fiolett fordi den fargen var finere enn brun.<\/p>\n<ul><\/ul>\n<ul><\/ul>&#8221; content_phone=&#8221;<p><strong>Eksempeltekst: Starten p\u00e5 l\u00e6rerens leserhistorie <\/strong><\/p>\n<p>Her ser dere mange ulike b\u00f8ker som er en del av min personlige leserhistorie. Som dere ser, er det en blanding av b\u00f8ker fra barndommen, ungdoms\u00e5rene og voksenlivet. Da jeg var liten, var det stort sett mamma som leste b\u00f8ker for meg n\u00e5r jeg skulle sove. Hun leste ofte ulike b\u00f8ker skrevet av Astrid Lindgren, men <em>Pippi<\/em> var nok begges favoritt. Allikevel er det stundene der pappa satte seg ned i skinnstolen sin og ba meg klatre opp p\u00e5 fanget, jeg husker best. Hver gang pappa spurte om han skulle lese for meg, visste jeg at det hadde kommet et nytt Donald Duck-blad i butikken som han hadde kj\u00f8pt for at han og jeg skulle lese sammen. Pappa introduserte meg ogs\u00e5 tidlig for andre typer tegneserier, men julehefter var det vi begge likte best. Knoll og Tott var nok favoritten fordi pappa mente at hovedpersonene minnet ham om broren min og meg. Hvert \u00e5r n\u00e5r julaften endelig kom, h\u00e5pet jeg at pappa skulle f\u00e5 julehefter i gave av mamma, for da visste jeg at han kom til \u00e5 lese sammen meg p\u00e5 f\u00f8rste juledag. Jeg var generelt tidlig opptatt av b\u00f8ker og fikk mange b\u00f8ker til jul og bursdag. De f\u00f8rste b\u00f8kene jeg leste helt alene, var bildeb\u00f8kene til Elsa Beskow. B\u00f8kene handlet om tante Gr\u00f8nn, tante Brun og tante Fiolett. Kanskje synes jeg denne bokserien var interessant fordi jeg selv ikke hadde noen tanter, men mens jeg leste, kunne jeg dagdr\u00f8mme om \u00e5 ha de rareste og morsomste tantene i hele gaten. Videre var jeg ogs\u00e5 veldig opptatt av gamle kl\u00e6r, og boka inspirerte meg til \u00e5 sitte og tegne morsomme damekjoler. Hver av tantene hadde sv\u00e6rt ulike personlighet, noe som appellerte til ulike sider av min fantasi. Venninnene mine og jeg kunne derfor ofte kle oss ut og leke at vi var tantene. Jeg kan huske at jeg alltid ville v\u00e6re tante fiolett fordi den fargen var finere enn brun.<\/p>&#8221; content_last_edited=&#8221;on|phone&#8221; _builder_version=&#8221;4.27.0&#8243; _module_preset=&#8221;default&#8221; text_font_size=&#8221;17px&#8221; text_line_height=&#8221;1.8em&#8221; custom_margin=&#8221;||40px||false|false&#8221; text_line_height_tablet=&#8221;1.8em&#8221; text_line_height_phone=&#8221;1.5em&#8221; text_line_height_last_edited=&#8221;on|desktop&#8221; locked=&#8221;off&#8221; global_colors_info=&#8221;{}&#8221;]<h3><strong>Eksempeltekst:\u00a0<\/strong><\/h3>\n<p>Her ser dere mange ulike b\u00f8ker som er en del av min personlige leserhistorie. Som dere ser, er det en blanding av b\u00f8ker fra barndommen, ungdoms\u00e5rene og voksenlivet. Da jeg var liten, var det stort sett mamma som leste b\u00f8ker for meg n\u00e5r jeg skulle sove. Hun leste ofte ulike b\u00f8ker skrevet av Astrid Lindgren, men <em>Pippi<\/em> var nok begges favoritt. Allikevel er det stundene der pappa satte seg ned i skinnstolen sin og ba meg klatre opp p\u00e5 fanget, jeg husker best. Hver gang pappa spurte om han skulle lese for meg, visste jeg at det hadde kommet et nytt Donald Duck-blad i butikken som han hadde kj\u00f8pt for at han og jeg skulle lese sammen. Pappa introduserte meg ogs\u00e5 tidlig for andre typer tegneserier, men julehefter var det vi begge likte best. Knoll og Tott var nok favoritten fordi pappa mente at hovedpersonene minnet ham om broren min og meg. Hvert \u00e5r n\u00e5r julaften endelig kom, h\u00e5pet jeg at pappa skulle f\u00e5 julehefter i gave av mamma, for da visste jeg at han kom til \u00e5 lese sammen meg p\u00e5 f\u00f8rste juledag. Jeg var generelt tidlig opptatt av b\u00f8ker og fikk mange b\u00f8ker til jul og bursdag. De f\u00f8rste b\u00f8kene jeg leste helt alene, var bildeb\u00f8kene til Elsa Beskow. B\u00f8kene handlet om tante Gr\u00f8nn, tante Brun og tante Fiolett. Kanskje synes jeg denne bokserien var interessant fordi jeg selv ikke hadde noen tanter, men mens jeg leste, kunne jeg dagdr\u00f8mme om \u00e5 ha de rareste og morsomste tantene i hele gaten. Videre var jeg ogs\u00e5 veldig opptatt av gamle kl\u00e6r, og boka inspirerte meg til \u00e5 sitte og tegne morsomme damekjoler. Hver av tantene hadde sv\u00e6rt ulike personlighet, noe som appellerte til ulike sider av min fantasi. Venninnene mine og jeg kunne derfor ofte kle oss ut og leke at vi var tantene. Jeg kan huske at jeg alltid ville v\u00e6re tante fiolett fordi den fargen var finere enn brun.<\/p>[\/et_pb_text][\/et_pb_column][\/et_pb_row][et_pb_row _builder_version=&#8221;4.21.0&#8243; _module_preset=&#8221;default&#8221; max_width=&#8221;850px&#8221; module_alignment=&#8221;center&#8221; custom_css_main_element=&#8221;display:flex;||justify-content: center;&#8221; global_colors_info=&#8221;{}&#8221;][et_pb_column type=&#8221;4_4&#8243; _builder_version=&#8221;4.21.0&#8243; _module_preset=&#8221;default&#8221; global_colors_info=&#8221;{}&#8221;][et_pb_code _builder_version=&#8221;4.21.0&#8243; _module_preset=&#8221;default&#8221; text_orientation=&#8221;center&#8221; text_orientation_tablet=&#8221;center&#8221; text_orientation_phone=&#8221;center&#8221; text_orientation_last_edited=&#8221;on|desktop&#8221; global_colors_info=&#8221;{}&#8221;]<button id=\"backButton\" style=\"<!-- [et_pb_line_break_holder] -->background: #8dcfb7; <!-- [et_pb_line_break_holder] -->border-radius: 10px; <!-- [et_pb_line_break_holder] -->width: 100px; <!-- [et_pb_line_break_holder] -->height: 40px; <!-- [et_pb_line_break_holder] -->border: none; <!-- [et_pb_line_break_holder] -->font-size: 18px;<!-- [et_pb_line_break_holder] -->color: #000000; <!-- [et_pb_line_break_holder] -->transform: uppercase;&#8221; <!-- [et_pb_line_break_holder] -->onmouseover=&#8221;this.style.backgroundColor=&#8217;#5a5e5e&#8217;; this.style.color=&#8217;#ffffff&#8217;;&#8221;<!-- [et_pb_line_break_holder] -->onmouseout=&#8221;this.style.backgroundColor=&#8217;#8dcfb7&#8242;; this.style.color=&#8217;#000000&#8242;;&#8221; <!-- [et_pb_line_break_holder] -->onclick=&#8221;myFunction()&#8221;>Tilbake<\/button><!-- [et_pb_line_break_holder] --><!-- [et_pb_line_break_holder] --><script><!-- [et_pb_line_break_holder] -->document.addEventListener('DOMContentLoaded', function() {<!-- [et_pb_line_break_holder] -->  var backButton = document.getElementById('backButton'); <!-- [et_pb_line_break_holder] -->  <!-- [et_pb_line_break_holder] -->  if (backButton) {<!-- [et_pb_line_break_holder] -->    backButton.addEventListener('click', function() {<!-- [et_pb_line_break_holder] -->      window.history.back();<!-- [et_pb_line_break_holder] -->    });<!-- [et_pb_line_break_holder] -->  }<!-- [et_pb_line_break_holder] -->});<!-- [et_pb_line_break_holder] --><\/script><!-- [et_pb_line_break_holder] -->[\/et_pb_code][\/et_pb_column][\/et_pb_row][\/et_pb_section]\n","protected":false},"excerpt":{"rendered":"<p>Starten p\u00e5 l\u00e6rerens leserhistorieL\u00e6reren presenterer leserhistorien sin gjennom lysbildeframvisning og\/eller en podkast. Dette gir elevene en modelltekst \u00e5 st\u00f8tte seg p\u00e5, samtidig f\u00e5r de innsikt i l\u00e6rerens personlige leseerfaringer og metaperspektiv.Eksempeltekst:\u00a0 Her ser dere mange ulike b\u00f8ker som er en del av min personlige leserhistorie. Som dere ser, er det en blanding av b\u00f8ker fra [&hellip;]<\/p>\n","protected":false},"author":10,"featured_media":0,"parent":0,"menu_order":0,"comment_status":"closed","ping_status":"closed","template":"","meta":{"_et_pb_use_builder":"on","_et_pb_old_content":"","_et_gb_content_width":"","footnotes":""},"trinn":[],"fag":[],"class_list":["post-2682","page","type-page","status-publish","hentry"],"_links":{"self":[{"href":"https:\/\/leselop.usn.no\/index.php?rest_route=\/wp\/v2\/pages\/2682","targetHints":{"allow":["GET"]}}],"collection":[{"href":"https:\/\/leselop.usn.no\/index.php?rest_route=\/wp\/v2\/pages"}],"about":[{"href":"https:\/\/leselop.usn.no\/index.php?rest_route=\/wp\/v2\/types\/page"}],"author":[{"embeddable":true,"href":"https:\/\/leselop.usn.no\/index.php?rest_route=\/wp\/v2\/users\/10"}],"replies":[{"embeddable":true,"href":"https:\/\/leselop.usn.no\/index.php?rest_route=%2Fwp%2Fv2%2Fcomments&post=2682"}],"version-history":[{"count":18,"href":"https:\/\/leselop.usn.no\/index.php?rest_route=\/wp\/v2\/pages\/2682\/revisions"}],"predecessor-version":[{"id":10142,"href":"https:\/\/leselop.usn.no\/index.php?rest_route=\/wp\/v2\/pages\/2682\/revisions\/10142"}],"wp:attachment":[{"href":"https:\/\/leselop.usn.no\/index.php?rest_route=%2Fwp%2Fv2%2Fmedia&parent=2682"}],"wp:term":[{"taxonomy":"trinn","embeddable":true,"href":"https:\/\/leselop.usn.no\/index.php?rest_route=%2Fwp%2Fv2%2Ftrinn&post=2682"},{"taxonomy":"fag","embeddable":true,"href":"https:\/\/leselop.usn.no\/index.php?rest_route=%2Fwp%2Fv2%2Ffag&post=2682"}],"curies":[{"name":"wp","href":"https:\/\/api.w.org\/{rel}","templated":true}]}}