{"id":2657,"date":"2024-05-10T06:33:43","date_gmt":"2024-05-10T06:33:43","guid":{"rendered":"https:\/\/leselop.usn.no\/?page_id=2657"},"modified":"2025-08-07T11:56:07","modified_gmt":"2025-08-07T09:56:07","slug":"leselop-3-hendelse-2","status":"publish","type":"page","link":"https:\/\/leselop.usn.no\/?page_id=2657","title":{"rendered":"3. Elevers lesehistorier &#8211; Aktivitet 2"},"content":{"rendered":"\n[et_pb_section fb_built=&#8221;1&#8243; _builder_version=&#8221;4.21.0&#8243; _module_preset=&#8221;default&#8221; background_color=&#8221;#f4f4f4&#8243; custom_css_main_element=&#8221;min-height: 100vh;&#8221; da_disable_devices=&#8221;off|off|off&#8221; global_colors_info=&#8221;{}&#8221; da_is_popup=&#8221;off&#8221; da_exit_intent=&#8221;off&#8221; da_has_close=&#8221;on&#8221; da_alt_close=&#8221;off&#8221; da_dark_close=&#8221;off&#8221; da_not_modal=&#8221;on&#8221; da_is_singular=&#8221;off&#8221; da_with_loader=&#8221;off&#8221; da_has_shadow=&#8221;on&#8221;][et_pb_row column_structure=&#8221;1_4,3_4&#8243; use_custom_gutter=&#8221;on&#8221; gutter_width=&#8221;1&#8243; make_equal=&#8221;on&#8221; _builder_version=&#8221;4.21.0&#8243; _module_preset=&#8221;default&#8221; max_width=&#8221;850px&#8221; custom_css_main_element=&#8221;width:75% !important;&#8221; global_colors_info=&#8221;{}&#8221;][et_pb_column type=&#8221;1_4&#8243; _builder_version=&#8221;4.21.0&#8243; _module_preset=&#8221;default&#8221; custom_css_main_element=&#8221;width:12% !important;&#8221; global_colors_info=&#8221;{}&#8221; custom_css_main_element_last_edited=&#8221;on|phone&#8221; custom_css_main_element_tablet=&#8221;width:18% !important;&#8221; custom_css_main_element_phone=&#8221;width:30% !important;&#8221;][et_pb_image src=&#8221;https:\/\/leselop.usn.no\/wp-content\/uploads\/2025\/06\/Leselop-clapboard-green.png&#8221; title_text=&#8221;Leselop-clapboard-green&#8221; _builder_version=&#8221;4.27.4&#8243; _module_preset=&#8221;default&#8221; hover_enabled=&#8221;0&#8243; global_colors_info=&#8221;{}&#8221; sticky_enabled=&#8221;0&#8243;][\/et_pb_image][\/et_pb_column][et_pb_column type=&#8221;3_4&#8243; _builder_version=&#8221;4.21.0&#8243; _module_preset=&#8221;default&#8221; custom_css_main_element=&#8221;width:88% !important;||margin: auto;||padding-left: 30px;&#8221; global_colors_info=&#8221;{}&#8221; custom_css_main_element_last_edited=&#8221;on|phone&#8221; custom_css_main_element_tablet=&#8221;width:82% !important;||padding-left: 25px;||padding-top:35px&#8221; custom_css_main_element_phone=&#8221;width:70% !important;||padding-left: 15px;||padding-top:15px&#8221;][et_pb_text content_tablet=&#8221;<h1>Anslag med \u00abi h\u00f8nseg\u00e5rden\u00bb<\/h1>&#8221; content_phone=&#8221;<h3>Anslag med<\/h3>\n<h3>\u00abi h\u00f8nseg\u00e5rden\u00bb<\/h3>&#8221; content_last_edited=&#8221;on|phone&#8221; _builder_version=&#8221;4.27.4&#8243; _module_preset=&#8221;default&#8221; hover_enabled=&#8221;0&#8243; global_colors_info=&#8221;{}&#8221; custom_css_main_element_last_edited=&#8221;on|phone&#8221; sticky_enabled=&#8221;0&#8243;]<h1>Anslag med \u00abi h\u00f8nseg\u00e5rden\u00bb<\/h1>[\/et_pb_text][\/et_pb_column][\/et_pb_row][et_pb_row custom_padding_last_edited=&#8221;on|phone&#8221; _builder_version=&#8221;4.21.0&#8243; _module_preset=&#8221;default&#8221; background_color=&#8221;#ffffff&#8221; max_width=&#8221;850px&#8221; max_width_tablet=&#8221;850px&#8221; max_width_phone=&#8221;850px&#8221; max_width_last_edited=&#8221;on|desktop&#8221; custom_padding=&#8221;60px|70px|60px|70px|false|false&#8221; custom_padding_tablet=&#8221;50px|55px|50px|55px|false|false&#8221; custom_padding_phone=&#8221;45px|45px|30px|45px|false|false&#8221; border_radii=&#8221;on|30px|30px|30px|30px&#8221; border_style_all=&#8221;dotted&#8221; global_colors_info=&#8221;{}&#8221;][et_pb_column type=&#8221;4_4&#8243; _builder_version=&#8221;4.21.0&#8243; _module_preset=&#8221;default&#8221; global_colors_info=&#8221;{}&#8221;][et_pb_text content_tablet=&#8221;<p>I et klasserom er det helt n\u00f8dvendig \u00e5 skape et godt muntlig klima: Vi \u00f8nsker at elevene skal v\u00e5ge \u00e5 ta ordet i sm\u00e5 grupper, men ogs\u00e5 i full klasse. Elevene b\u00f8r t\u00f8rre \u00e5 tenke h\u00f8yt, gjerne om saker de ikke har formulert ferdig. Elever som f\u00e5r v\u00e6re en stemme i rommet ved \u00e5 delta muntlig, har lettere for \u00e5 gj\u00f8re det igjen. Dersom l\u00e6reren \u00f8nsker at elevene skal delta i helklassesamtalen, kan derfor oppvarmings\u00f8velsen \u00abi h\u00f8nseg\u00e5rden\u00bb v\u00e6re en \u00f8velse hvor muntlighet ufarliggj\u00f8res. \u00d8velsen \u00abi h\u00f8nseg\u00e5rden\u00bb som er beskrevet i lesel\u00f8pet, er en videref\u00f8ring av \u00abkroppen tar stilling\u00bb-\u00f8velsen. I tillegg til \u00e5 plassere seg i rommet argumenterer elevene ogs\u00e5 muntlig. Elevene engasjeres i muntlig kommunikasjon ved \u00e5 bruke stemmen sin aktivt. De skal rope, hviske og prate i munnen p\u00e5 hverandre. Dette anslaget handler om \u00e5 bryte lydmuren og oppmuntre til aktiv deltakelse i timen, samtidig framhever det muntlig kommunikasjon som et kjerneelement.<\/p>\n<p><strong>Eksempler p\u00e5 mulige oppdrag elevene kan f\u00e5 i \u00f8velsen:<\/strong><\/p>\n<ul>\n<li>Rop ut det f\u00f8rste du tenker p\u00e5 n\u00e5r du h\u00f8rer ordet <em>lesing<\/em> (hele klassen roper samtidig).<\/li>\n<li>Sett deg p\u00e5 pulten og hvisk ut i luften hva du assosierer med <em>bok<\/em>.<\/li>\n<li>Mim ut din f\u00f8rste assosiasjon til <em>avis<\/em>.<\/li>\n<li>Hvisk til noen i n\u00e6rheten av deg hva du tenker p\u00e5 n\u00e5r du h\u00f8rer ordet <em>roman<\/em>.<\/li>\n<li>G\u00e5 bort til n\u00e6rmeste vegg og vis med ansiktet hva du mener om tegneserier.<\/li>\n<\/ul>\n<ul><\/ul>&#8221; content_phone=&#8221;<p>I et klasserom er det helt n\u00f8dvendig \u00e5 skape et godt muntlig klima: Vi \u00f8nsker at elevene skal v\u00e5ge \u00e5 ta ordet i sm\u00e5 grupper, men ogs\u00e5 i full klasse. Elevene b\u00f8r t\u00f8rre \u00e5 tenke h\u00f8yt, gjerne om saker de ikke har formulert ferdig. Elever som f\u00e5r v\u00e6re en stemme i rommet ved \u00e5 delta muntlig, har lettere for \u00e5 gj\u00f8re det igjen. Dersom l\u00e6reren \u00f8nsker at elevene skal delta i helklassesamtalen, kan derfor oppvarmings\u00f8velsen \u00abi h\u00f8nseg\u00e5rden\u00bb v\u00e6re en \u00f8velse hvor muntlighet ufarliggj\u00f8res. \u00d8velsen \u00abi h\u00f8nseg\u00e5rden\u00bb som er beskrevet i lesel\u00f8pet, er en videref\u00f8ring av \u00abkroppen tar stilling\u00bb-\u00f8velsen. I tillegg til \u00e5 plassere seg i rommet argumenterer elevene ogs\u00e5 muntlig. Elevene engasjeres i muntlig kommunikasjon ved \u00e5 bruke stemmen sin aktivt. De skal rope, hviske og prate i munnen p\u00e5 hverandre. Dette anslaget handler om \u00e5 bryte lydmuren og oppmuntre til aktiv deltakelse i timen, samtidig framhever det muntlig kommunikasjon som et kjerneelement.<\/p>\n<p><strong>Eksempler p\u00e5 mulige oppdrag elevene kan f\u00e5 i \u00f8velsen:<\/strong><\/p>\n<ul>\n<li>Rop ut det f\u00f8rste du tenker p\u00e5 n\u00e5r du h\u00f8rer ordet <em>lesing<\/em> (hele klassen roper samtidig).<\/li>\n<li>Sett deg p\u00e5 pulten og hvisk ut i luften hva du assosierer med <em>bok<\/em>.<\/li>\n<li>Mim ut din f\u00f8rste assosiasjon til <em>avis<\/em>.<\/li>\n<li>Hvisk til noen i n\u00e6rheten av deg hva du tenker p\u00e5 n\u00e5r du h\u00f8rer ordet <em>roman<\/em>.<\/li>\n<li>G\u00e5 bort til n\u00e6rmeste vegg og vis med ansiktet hva du mener om tegneserier.<\/li>\n<\/ul>\n<p> <\/p>&#8221; content_last_edited=&#8221;on|phone&#8221; _builder_version=&#8221;4.21.0&#8243; _module_preset=&#8221;default&#8221; text_font_size=&#8221;17px&#8221; text_line_height=&#8221;1.8em&#8221; text_line_height_tablet=&#8221;1.8em&#8221; text_line_height_phone=&#8221;1.5em&#8221; text_line_height_last_edited=&#8221;on|desktop&#8221; locked=&#8221;off&#8221; global_colors_info=&#8221;{}&#8221;]<p>I et klasserom er det helt n\u00f8dvendig \u00e5 skape et godt muntlig klima: Vi \u00f8nsker at elevene skal v\u00e5ge \u00e5 ta ordet i sm\u00e5 grupper, men ogs\u00e5 i full klasse. Elevene b\u00f8r t\u00f8rre \u00e5 tenke h\u00f8yt, gjerne om saker de ikke har formulert ferdig. Elever som f\u00e5r v\u00e6re en stemme i rommet ved \u00e5 delta muntlig, har lettere for \u00e5 gj\u00f8re det igjen. Dersom l\u00e6reren \u00f8nsker at elevene skal delta i helklassesamtalen, kan derfor oppvarmings\u00f8velsen \u00abi h\u00f8nseg\u00e5rden\u00bb v\u00e6re en \u00f8velse hvor muntlighet ufarliggj\u00f8res. \u00d8velsen \u00abi h\u00f8nseg\u00e5rden\u00bb som er beskrevet i lesel\u00f8pet, er en videref\u00f8ring av \u00abkroppen tar stilling\u00bb-\u00f8velsen. I tillegg til \u00e5 plassere seg i rommet argumenterer elevene ogs\u00e5 muntlig. Elevene engasjeres i muntlig kommunikasjon ved \u00e5 bruke stemmen sin aktivt. De skal rope, hviske og prate i munnen p\u00e5 hverandre. Dette anslaget handler om \u00e5 bryte lydmuren og oppmuntre til aktiv deltakelse i timen, samtidig framhever det muntlig kommunikasjon som et kjerneelement.<\/p>\n<p><strong>Eksempler p\u00e5 mulige oppdrag elevene kan f\u00e5 i \u00f8velsen:<\/strong><\/p>\n<ul>\n<li>Rop ut det f\u00f8rste du tenker p\u00e5 n\u00e5r du h\u00f8rer ordet <em>lesing<\/em> (hele klassen roper samtidig).<\/li>\n<li>Sett deg p\u00e5 pulten og hvisk ut i luften hva du assosierer med <em>bok<\/em>.<\/li>\n<li>Mim ut din f\u00f8rste assosiasjon til <em>avis<\/em>.<\/li>\n<li>Hvisk til noen i n\u00e6rheten av deg hva du tenker p\u00e5 n\u00e5r du h\u00f8rer ordet <em>roman<\/em>.<\/li>\n<li>G\u00e5 bort til n\u00e6rmeste vegg og vis med ansiktet hva du mener om tegneserier.<\/li>\n<\/ul>[\/et_pb_text][\/et_pb_column][\/et_pb_row][et_pb_row _builder_version=&#8221;4.21.0&#8243; _module_preset=&#8221;default&#8221; max_width=&#8221;850px&#8221; module_alignment=&#8221;center&#8221; custom_css_main_element=&#8221;display:flex;||justify-content: center;&#8221; global_colors_info=&#8221;{}&#8221;][et_pb_column type=&#8221;4_4&#8243; _builder_version=&#8221;4.21.0&#8243; _module_preset=&#8221;default&#8221; global_colors_info=&#8221;{}&#8221;][et_pb_code _builder_version=&#8221;4.21.0&#8243; _module_preset=&#8221;default&#8221; text_orientation=&#8221;center&#8221; text_orientation_tablet=&#8221;center&#8221; text_orientation_phone=&#8221;center&#8221; text_orientation_last_edited=&#8221;on|desktop&#8221; global_colors_info=&#8221;{}&#8221;]<button id=\"backButton\" style=\"<!-- [et_pb_line_break_holder] -->background: #8dcfb7; <!-- [et_pb_line_break_holder] -->border-radius: 10px; <!-- [et_pb_line_break_holder] -->width: 100px; <!-- [et_pb_line_break_holder] -->height: 40px; <!-- [et_pb_line_break_holder] -->border: none; <!-- [et_pb_line_break_holder] -->font-size: 18px;<!-- [et_pb_line_break_holder] -->color: #000000; <!-- [et_pb_line_break_holder] -->transform: uppercase;&#8221; <!-- [et_pb_line_break_holder] -->onmouseover=&#8221;this.style.backgroundColor=&#8217;#5a5e5e&#8217;; this.style.color=&#8217;#ffffff&#8217;;&#8221;<!-- [et_pb_line_break_holder] -->onmouseout=&#8221;this.style.backgroundColor=&#8217;#8dcfb7&#8242;; this.style.color=&#8217;#000000&#8242;;&#8221; <!-- [et_pb_line_break_holder] -->onclick=&#8221;myFunction()&#8221;>Tilbake<\/button><!-- [et_pb_line_break_holder] --><!-- [et_pb_line_break_holder] --><script><!-- [et_pb_line_break_holder] -->document.addEventListener('DOMContentLoaded', function() {<!-- [et_pb_line_break_holder] -->  var backButton = document.getElementById('backButton'); <!-- [et_pb_line_break_holder] -->  <!-- [et_pb_line_break_holder] -->  if (backButton) {<!-- [et_pb_line_break_holder] -->    backButton.addEventListener('click', function() {<!-- [et_pb_line_break_holder] -->      window.history.back();<!-- [et_pb_line_break_holder] -->    });<!-- [et_pb_line_break_holder] -->  }<!-- [et_pb_line_break_holder] -->});<!-- [et_pb_line_break_holder] --><\/script><!-- [et_pb_line_break_holder] -->[\/et_pb_code][\/et_pb_column][\/et_pb_row][\/et_pb_section]\n","protected":false},"excerpt":{"rendered":"<p>Anslag med \u00abi h\u00f8nseg\u00e5rden\u00bbI et klasserom er det helt n\u00f8dvendig \u00e5 skape et godt muntlig klima: Vi \u00f8nsker at elevene skal v\u00e5ge \u00e5 ta ordet i sm\u00e5 grupper, men ogs\u00e5 i full klasse. Elevene b\u00f8r t\u00f8rre \u00e5 tenke h\u00f8yt, gjerne om saker de ikke har formulert ferdig. Elever som f\u00e5r v\u00e6re en stemme i rommet [&hellip;]<\/p>\n","protected":false},"author":10,"featured_media":0,"parent":0,"menu_order":0,"comment_status":"closed","ping_status":"closed","template":"","meta":{"_et_pb_use_builder":"on","_et_pb_old_content":"","_et_gb_content_width":"","footnotes":""},"trinn":[],"fag":[],"class_list":["post-2657","page","type-page","status-publish","hentry"],"_links":{"self":[{"href":"https:\/\/leselop.usn.no\/index.php?rest_route=\/wp\/v2\/pages\/2657","targetHints":{"allow":["GET"]}}],"collection":[{"href":"https:\/\/leselop.usn.no\/index.php?rest_route=\/wp\/v2\/pages"}],"about":[{"href":"https:\/\/leselop.usn.no\/index.php?rest_route=\/wp\/v2\/types\/page"}],"author":[{"embeddable":true,"href":"https:\/\/leselop.usn.no\/index.php?rest_route=\/wp\/v2\/users\/10"}],"replies":[{"embeddable":true,"href":"https:\/\/leselop.usn.no\/index.php?rest_route=%2Fwp%2Fv2%2Fcomments&post=2657"}],"version-history":[{"count":6,"href":"https:\/\/leselop.usn.no\/index.php?rest_route=\/wp\/v2\/pages\/2657\/revisions"}],"predecessor-version":[{"id":10135,"href":"https:\/\/leselop.usn.no\/index.php?rest_route=\/wp\/v2\/pages\/2657\/revisions\/10135"}],"wp:attachment":[{"href":"https:\/\/leselop.usn.no\/index.php?rest_route=%2Fwp%2Fv2%2Fmedia&parent=2657"}],"wp:term":[{"taxonomy":"trinn","embeddable":true,"href":"https:\/\/leselop.usn.no\/index.php?rest_route=%2Fwp%2Fv2%2Ftrinn&post=2657"},{"taxonomy":"fag","embeddable":true,"href":"https:\/\/leselop.usn.no\/index.php?rest_route=%2Fwp%2Fv2%2Ffag&post=2657"}],"curies":[{"name":"wp","href":"https:\/\/api.w.org\/{rel}","templated":true}]}}