{"id":1871,"date":"2024-03-27T13:50:10","date_gmt":"2024-03-27T13:50:10","guid":{"rendered":"https:\/\/leselop.usn.no\/?page_id=1871"},"modified":"2025-08-07T08:29:14","modified_gmt":"2025-08-07T06:29:14","slug":"aktivitet-6-skriveoppgave-og-iscenesettelse","status":"publish","type":"page","link":"https:\/\/leselop.usn.no\/?page_id=1871","title":{"rendered":"1. Iscenesatt lesing &#8211; Aktivitet 6 &#8211; Skriveoppgave og iscenesettelse"},"content":{"rendered":"\n[et_pb_section fb_built=&#8221;1&#8243; _builder_version=&#8221;4.21.0&#8243; _module_preset=&#8221;default&#8221; background_color=&#8221;#f4f4f4&#8243; custom_css_main_element=&#8221;min-height: 100vh;&#8221; da_disable_devices=&#8221;off|off|off&#8221; global_colors_info=&#8221;{}&#8221; da_is_popup=&#8221;off&#8221; da_exit_intent=&#8221;off&#8221; da_has_close=&#8221;on&#8221; da_alt_close=&#8221;off&#8221; da_dark_close=&#8221;off&#8221; da_not_modal=&#8221;on&#8221; da_is_singular=&#8221;off&#8221; da_with_loader=&#8221;off&#8221; da_has_shadow=&#8221;on&#8221;][et_pb_row column_structure=&#8221;1_4,3_4&#8243; use_custom_gutter=&#8221;on&#8221; gutter_width=&#8221;1&#8243; make_equal=&#8221;on&#8221; _builder_version=&#8221;4.27.4&#8243; _module_preset=&#8221;default&#8221; max_width=&#8221;850px&#8221; hover_enabled=&#8221;0&#8243; custom_css_main_element=&#8221;width:75% !important;&#8221; global_colors_info=&#8221;{}&#8221; sticky_enabled=&#8221;0&#8243;][et_pb_column type=&#8221;1_4&#8243; _builder_version=&#8221;4.21.0&#8243; _module_preset=&#8221;default&#8221; custom_css_main_element=&#8221;width:12% !important;&#8221; global_colors_info=&#8221;{}&#8221; custom_css_main_element_last_edited=&#8221;on|phone&#8221; custom_css_main_element_tablet=&#8221;width:18% !important;&#8221; custom_css_main_element_phone=&#8221;width:30% !important;&#8221;][et_pb_image src=&#8221;https:\/\/leselop.usn.no\/wp-content\/uploads\/2023\/05\/Lesel\u251c\u00a9p_ikon_clapboard_groenn.png&#8221; title_text=&#8221;Lesel\u251c\u00a9p_ikon_clapboard_groenn&#8221; _builder_version=&#8221;4.21.0&#8243; _module_preset=&#8221;default&#8221; global_colors_info=&#8221;{}&#8221;][\/et_pb_image][\/et_pb_column][et_pb_column type=&#8221;3_4&#8243; _builder_version=&#8221;4.27.4&#8243; _module_preset=&#8221;default&#8221; hover_enabled=&#8221;0&#8243; custom_css_main_element=&#8221;width:88% !important;||margin: auto;||padding-left: 30px;&#8221; global_colors_info=&#8221;{}&#8221; custom_css_main_element_last_edited=&#8221;on|phone&#8221; custom_css_main_element_tablet=&#8221;width:82% !important;||padding-left: 25px;||padding-top:25px&#8221; custom_css_main_element_phone=&#8221;width:70% !important;||padding-left: 15px;||padding-top:15px&#8221; sticky_enabled=&#8221;0&#8243;][et_pb_text content_tablet=&#8221;<h1>Skriveoppgave og iscenesettelse<\/h1>&#8221; content_phone=&#8221;<h3>Skriveoppgave <br \/>og iscenesettelse<\/h3>&#8221; content_last_edited=&#8221;on|phone&#8221; _builder_version=&#8221;4.27.4&#8243; _module_preset=&#8221;default&#8221; hover_enabled=&#8221;0&#8243; text_line_height_tablet=&#8221;&#8221; text_line_height_phone=&#8221;1.7em&#8221; text_line_height_last_edited=&#8221;on|phone&#8221; global_colors_info=&#8221;{}&#8221; sticky_enabled=&#8221;0&#8243; header_3_line_height_last_edited=&#8221;on|phone&#8221; header_3_line_height_phone=&#8221;1.3em&#8221;]<h1>Skriveoppgave og iscenesettelse<\/h1>[\/et_pb_text][\/et_pb_column][\/et_pb_row][et_pb_row custom_padding_last_edited=&#8221;on|phone&#8221; _builder_version=&#8221;4.21.0&#8243; _module_preset=&#8221;default&#8221; background_color=&#8221;#ffffff&#8221; max_width=&#8221;850px&#8221; max_width_tablet=&#8221;850px&#8221; max_width_phone=&#8221;850px&#8221; max_width_last_edited=&#8221;on|desktop&#8221; custom_padding=&#8221;60px|70px|60px|70px|false|false&#8221; custom_padding_tablet=&#8221;50px|50px|50px|50px|false|false&#8221; custom_padding_phone=&#8221;40px|40px|40px|40px|false|false&#8221; border_radii=&#8221;on|30px|30px|30px|30px&#8221; border_style_all=&#8221;dotted&#8221; global_colors_info=&#8221;{}&#8221;][et_pb_column type=&#8221;4_4&#8243; _builder_version=&#8221;4.21.0&#8243; _module_preset=&#8221;default&#8221; global_colors_info=&#8221;{}&#8221;][et_pb_text content_tablet=&#8221;<p><strong>Tekstutdrag<\/strong>: \u00ab<span style=%22color: #000080;%22>Jeg ble s\u00e5 flink til \u00e5 si nei at jeg glemte hvordan man sier ja<\/span> (s. 9).\u00bb<\/p>\n<p><strong>Skriveoppgave<\/strong>: Skriv en kort appell med tittelen \u00ab\u00c5 si nei\u00bb. Skriv om noe du sier nei til, og hvorfor. Bruk gjerne dette m\u00f8nsteret: Jeg sier nei til &#8230; fordi &#8230;<\/p>\n<p><strong>Iscenesettelse av oppgaven<\/strong>: L\u00e6reren peker p\u00e5 \u00e9n og \u00e9n elev, som reiser seg opp fra stolen, leser sin tekst og setter seg ned. Elevene leser h\u00f8yt og tydelig og bruker kropp og stemme for \u00e5 trene p\u00e5 \u00e5 erobre rommet og uttrykke egne meninger.<\/p>&#8221; content_phone=&#8221;<p><strong>Tekstutdrag<\/strong>: \u00ab<span style=%22color: #000080;%22>Jeg ble s\u00e5 flink til \u00e5 si nei at jeg glemte hvordan man sier ja<\/span> (s. 9).\u00bb<\/p>\n<p><strong>Skriveoppgave<\/strong>: Skriv en kort appell med tittelen \u00ab\u00c5 si nei\u00bb. Skriv om noe du sier nei til, og hvorfor. Bruk gjerne dette m\u00f8nsteret: Jeg sier nei til &#8230; fordi &#8230;<\/p>\n<p><strong>Iscenesettelse av oppgaven<\/strong>: L\u00e6reren peker p\u00e5 \u00e9n og \u00e9n elev, som reiser seg opp fra stolen, leser sin tekst og setter seg ned. Elevene leser h\u00f8yt og tydelig og bruker kropp og stemme for \u00e5 trene p\u00e5 \u00e5 erobre rommet og uttrykke egne meninger.<\/p>&#8221; content_last_edited=&#8221;on|phone&#8221; _builder_version=&#8221;4.21.0&#8243; _module_preset=&#8221;default&#8221; text_font_size=&#8221;17px&#8221; text_line_height=&#8221;1.8em&#8221; text_line_height_tablet=&#8221;1.8em&#8221; text_line_height_phone=&#8221;1.5em&#8221; text_line_height_last_edited=&#8221;on|desktop&#8221; global_colors_info=&#8221;{}&#8221;]<p><strong>Tekstutdrag<\/strong>: \u00ab<span style=\"color: #000080;\">Jeg ble s\u00e5 flink til \u00e5 si nei at jeg glemte hvordan man sier ja<\/span> (s. 9).\u00bb<\/p>\n<p><strong>Skriveoppgave<\/strong>: Skriv en kort appell med tittelen \u00ab\u00c5 si nei\u00bb. Skriv om noe du sier nei til, og hvorfor. Bruk gjerne dette m\u00f8nsteret: Jeg sier nei til &#8230; fordi &#8230;<\/p>\n<p><strong>Iscenesettelse av oppgaven<\/strong>: L\u00e6reren peker p\u00e5 \u00e9n og \u00e9n elev, som reiser seg opp fra stolen, leser sin tekst og setter seg ned. Elevene leser h\u00f8yt og tydelig og bruker kropp og stemme for \u00e5 trene p\u00e5 \u00e5 erobre rommet og uttrykke egne meninger.<\/p>[\/et_pb_text][\/et_pb_column][\/et_pb_row][et_pb_row _builder_version=&#8221;4.21.0&#8243; _module_preset=&#8221;default&#8221; max_width=&#8221;850px&#8221; module_alignment=&#8221;center&#8221; global_colors_info=&#8221;{}&#8221;][et_pb_column type=&#8221;4_4&#8243; _builder_version=&#8221;4.21.0&#8243; _module_preset=&#8221;default&#8221; global_colors_info=&#8221;{}&#8221;][et_pb_code _builder_version=&#8221;4.21.0&#8243; _module_preset=&#8221;default&#8221; text_orientation=&#8221;center&#8221; global_colors_info=&#8221;{}&#8221;]<button id=\"backButton\" style=\"<!-- [et_pb_line_break_holder] -->background: #8dcfb7; <!-- [et_pb_line_break_holder] -->border-radius: 10px; <!-- [et_pb_line_break_holder] -->width: 100px; <!-- [et_pb_line_break_holder] -->height: 40px; <!-- [et_pb_line_break_holder] -->border: none; <!-- [et_pb_line_break_holder] -->font-size: 18px;<!-- [et_pb_line_break_holder] -->color: #000000; <!-- [et_pb_line_break_holder] -->transform: uppercase;&#8221; <!-- [et_pb_line_break_holder] -->onmouseover=&#8221;this.style.backgroundColor=&#8217;#5a5e5e&#8217;; this.style.color=&#8217;#ffffff&#8217;;&#8221;<!-- [et_pb_line_break_holder] -->onmouseout=&#8221;this.style.backgroundColor=&#8217;#8dcfb7&#8242;; this.style.color=&#8217;#000000&#8242;;&#8221; <!-- [et_pb_line_break_holder] -->onclick=&#8221;myFunction()&#8221;>Tilbake<\/button><!-- [et_pb_line_break_holder] --><!-- [et_pb_line_break_holder] --><script><!-- [et_pb_line_break_holder] -->document.addEventListener('DOMContentLoaded', function() {<!-- [et_pb_line_break_holder] -->  var backButton = document.getElementById('backButton'); <!-- [et_pb_line_break_holder] -->  <!-- [et_pb_line_break_holder] -->  if (backButton) {<!-- [et_pb_line_break_holder] -->    backButton.addEventListener('click', function() {<!-- [et_pb_line_break_holder] -->      window.history.back();<!-- [et_pb_line_break_holder] -->    });<!-- [et_pb_line_break_holder] -->  }<!-- [et_pb_line_break_holder] -->});<!-- [et_pb_line_break_holder] --><\/script><!-- [et_pb_line_break_holder] -->[\/et_pb_code][\/et_pb_column][\/et_pb_row][\/et_pb_section]\n","protected":false},"excerpt":{"rendered":"<p>Skriveoppgave og iscenesettelseTekstutdrag: \u00abJeg ble s\u00e5 flink til \u00e5 si nei at jeg glemte hvordan man sier ja (s. 9).\u00bb Skriveoppgave: Skriv en kort appell med tittelen \u00ab\u00c5 si nei\u00bb. Skriv om noe du sier nei til, og hvorfor. Bruk gjerne dette m\u00f8nsteret: Jeg sier nei til &#8230; fordi &#8230; Iscenesettelse av oppgaven: L\u00e6reren peker [&hellip;]<\/p>\n","protected":false},"author":10,"featured_media":0,"parent":0,"menu_order":0,"comment_status":"closed","ping_status":"closed","template":"","meta":{"_et_pb_use_builder":"on","_et_pb_old_content":"","_et_gb_content_width":"","footnotes":""},"trinn":[],"fag":[],"class_list":["post-1871","page","type-page","status-publish","hentry"],"_links":{"self":[{"href":"https:\/\/leselop.usn.no\/index.php?rest_route=\/wp\/v2\/pages\/1871","targetHints":{"allow":["GET"]}}],"collection":[{"href":"https:\/\/leselop.usn.no\/index.php?rest_route=\/wp\/v2\/pages"}],"about":[{"href":"https:\/\/leselop.usn.no\/index.php?rest_route=\/wp\/v2\/types\/page"}],"author":[{"embeddable":true,"href":"https:\/\/leselop.usn.no\/index.php?rest_route=\/wp\/v2\/users\/10"}],"replies":[{"embeddable":true,"href":"https:\/\/leselop.usn.no\/index.php?rest_route=%2Fwp%2Fv2%2Fcomments&post=1871"}],"version-history":[{"count":7,"href":"https:\/\/leselop.usn.no\/index.php?rest_route=\/wp\/v2\/pages\/1871\/revisions"}],"predecessor-version":[{"id":9899,"href":"https:\/\/leselop.usn.no\/index.php?rest_route=\/wp\/v2\/pages\/1871\/revisions\/9899"}],"wp:attachment":[{"href":"https:\/\/leselop.usn.no\/index.php?rest_route=%2Fwp%2Fv2%2Fmedia&parent=1871"}],"wp:term":[{"taxonomy":"trinn","embeddable":true,"href":"https:\/\/leselop.usn.no\/index.php?rest_route=%2Fwp%2Fv2%2Ftrinn&post=1871"},{"taxonomy":"fag","embeddable":true,"href":"https:\/\/leselop.usn.no\/index.php?rest_route=%2Fwp%2Fv2%2Ffag&post=1871"}],"curies":[{"name":"wp","href":"https:\/\/api.w.org\/{rel}","templated":true}]}}