{"id":11845,"date":"2025-09-05T08:19:25","date_gmt":"2025-09-05T06:19:25","guid":{"rendered":"https:\/\/leselop.usn.no\/?page_id=11845"},"modified":"2025-09-05T08:52:11","modified_gmt":"2025-09-05T06:52:11","slug":"13-multiple-tekster-i-flere-fag-aktivitet-3-tingens-fortelling","status":"publish","type":"page","link":"https:\/\/leselop.usn.no\/?page_id=11845","title":{"rendered":"13. Multiple tekster i flere fag &#8211; Aktivitet 3 &#8211; Tingens fortelling"},"content":{"rendered":"<p>[et_pb_section fb_built=&#8221;1&#8243; _builder_version=&#8221;4.21.0&#8243; _module_preset=&#8221;default&#8221; background_color=&#8221;#f4f4f4&#8243; custom_css_main_element=&#8221;min-height: 100vh;&#8221; da_disable_devices=&#8221;off|off|off&#8221; global_colors_info=&#8221;{}&#8221; da_is_popup=&#8221;off&#8221; da_exit_intent=&#8221;off&#8221; da_has_close=&#8221;on&#8221; da_alt_close=&#8221;off&#8221; da_dark_close=&#8221;off&#8221; da_not_modal=&#8221;on&#8221; da_is_singular=&#8221;off&#8221; da_with_loader=&#8221;off&#8221; da_has_shadow=&#8221;on&#8221;][et_pb_row column_structure=&#8221;1_4,3_4&#8243; use_custom_gutter=&#8221;on&#8221; gutter_width=&#8221;1&#8243; make_equal=&#8221;on&#8221; _builder_version=&#8221;4.27.4&#8243; _module_preset=&#8221;default&#8221; max_width=&#8221;850px&#8221; hover_enabled=&#8221;0&#8243; custom_css_main_element=&#8221;width:75% !important;&#8221; locked=&#8221;off&#8221; global_colors_info=&#8221;{}&#8221; sticky_enabled=&#8221;0&#8243;][et_pb_column type=&#8221;1_4&#8243; _builder_version=&#8221;4.21.0&#8243; _module_preset=&#8221;default&#8221; custom_css_main_element=&#8221;width:12% !important;&#8221; global_colors_info=&#8221;{}&#8221; custom_css_main_element_last_edited=&#8221;on|phone&#8221; custom_css_main_element_tablet=&#8221;width:18% !important;&#8221; custom_css_main_element_phone=&#8221;width:30% !important;&#8221;][et_pb_image src=&#8221;https:\/\/leselop.usn.no\/wp-content\/uploads\/2025\/06\/Leselop-clapboard-green.png&#8221; title_text=&#8221;Leselop-clapboard-green&#8221; src_tablet=&#8221;https:\/\/leselop.usn.no\/wp-content\/uploads\/2025\/06\/Leselop-clapboard-green.png&#8221; src_phone=&#8221;https:\/\/leselop.usn.no\/wp-content\/uploads\/2025\/06\/Leselop-clapboard-green.png&#8221; src_last_edited=&#8221;on|phone&#8221; _builder_version=&#8221;4.27.4&#8243; _module_preset=&#8221;default&#8221; global_colors_info=&#8221;{}&#8221;][\/et_pb_image][\/et_pb_column][et_pb_column type=&#8221;3_4&#8243; _builder_version=&#8221;4.27.4&#8243; _module_preset=&#8221;default&#8221; hover_enabled=&#8221;0&#8243; custom_css_main_element=&#8221;width:88% !important;||margin: auto;||padding-left: 30px;&#8221; global_colors_info=&#8221;{}&#8221; custom_css_main_element_last_edited=&#8221;on|phone&#8221; custom_css_main_element_tablet=&#8221;width:82% !important;||padding-left: 25px;||padding-top:29px&#8221; custom_css_main_element_phone=&#8221;width:70% !important;||padding-left: 15px;||padding-top:15px&#8221; sticky_enabled=&#8221;0&#8243;][et_pb_text content_tablet=&#8221;<\/p>\n<h1>Tingenes fortelling<\/h1>\n<p>&#8221; content_phone=&#8221;<\/p>\n<h3>Tingenes<\/h3>\n<h3>fortelling<\/h3>\n<p>&#8221; content_last_edited=&#8221;on|phone&#8221; _builder_version=&#8221;4.27.4&#8243; _module_preset=&#8221;default&#8221; hover_enabled=&#8221;0&#8243; global_colors_info=&#8221;{}&#8221; custom_css_main_element_last_edited=&#8221;on|phone&#8221; sticky_enabled=&#8221;0&#8243;]<\/p>\n<h1>Tingenes fortelling<\/h1>\n<p>[\/et_pb_text][\/et_pb_column][\/et_pb_row][et_pb_row custom_padding_last_edited=&#8221;on|phone&#8221; _builder_version=&#8221;4.27.4&#8243; _module_preset=&#8221;default&#8221; background_color=&#8221;#ffffff&#8221; max_width=&#8221;850px&#8221; max_width_tablet=&#8221;850px&#8221; max_width_phone=&#8221;850px&#8221; max_width_last_edited=&#8221;on|desktop&#8221; custom_margin=&#8221;||40px||false|false&#8221; custom_padding=&#8221;80px|70px|80px|70px|false|false&#8221; custom_padding_tablet=&#8221;50px|55px|50px|55px|false|false&#8221; custom_padding_phone=&#8221;55px|45px|55px|45px|false|false&#8221; border_radii=&#8221;on|30px|30px|30px|30px&#8221; border_style_all=&#8221;dotted&#8221; locked=&#8221;off&#8221; global_colors_info=&#8221;{}&#8221;][et_pb_column type=&#8221;4_4&#8243; _builder_version=&#8221;4.21.0&#8243; _module_preset=&#8221;default&#8221; global_colors_info=&#8221;{}&#8221;][et_pb_text content_tablet=&#8221;<\/p>\n<p>Velg et kunstmaleri av van Gogh. Forestill deg at de er tingen og fors\u00f8k \u00e5 se verden i rolle som tingen. Skriver en tekst ut ifra tingens perspektiv. Her er et eksempel med utgangpunkt i en stjerne i bildet \u00abTerrasse du caf\u00e9 le soir\u00bb (modelletekst):<\/p>\n<p>S\u00e5 henger jeg her igjen da. Det m\u00e5 vel v\u00e6re f\u00f8rtiende gangen denne m\u00e5neden jeg blir malt her. Alltid her oppe i toppen av lerretet. Alltid gul. Knall gul. Skarpe kanter. Og s\u00e5 maler han over meg igjen, hardt, med feit, kladdede maling. S\u00e5 ligger jeg der, under tykke lag med bl\u00e5farge en halv dag, en hel dag \u2013 kanskje til og med en hel uke. Iallfall om han er litt gr\u00e5 og gusten, denne penseleieren. Er det slike dager tar det lang tid f\u00f8r jeg f\u00e5r komme meg opp og puste igjen, henge der oppe i toppen og lyse opp ett ellers dunkelt lerret. Heldigvis regner det iallfall ikke. Jeg har aldri f\u00e5tt v\u00e6rt med de andre gulfargene n\u00e5r han leker seg med \u00e5krer eller solsikker. Jeg f\u00e5r bare holde meg blant bl\u00e5. Jeg skulle \u00f8nske noen ganger jeg kom meg ned til de andre gulfargene nede i bildet. Hilse p\u00e5 familien, liksom. Det burde han jo forst\u00e5, maleren, han som er s\u00e5 glad i broren sin. Men nei, det ser ut til at det blir stjerne p\u00e5 nattehimmelen som blir min skjebne. Gul, p\u00e5 bl\u00e5tt, skarpe kanter \u2013 et lyspunkt. Og det trenger han jo, den en\u00f8rede. Lyspunkt er kanskje ikke s\u00e5 ille det heller!<\/p>\n<p>&#8221; content_phone=&#8221;<\/p>\n<p>Velg et kunstmaleri av van Gogh. Forestill deg at de er tingen og fors\u00f8k \u00e5 se verden i rolle som tingen. Skriver en tekst ut ifra tingens perspektiv. Her er et eksempel med utgangpunkt i en stjerne i bildet \u00abTerrasse du caf\u00e9 le soir\u00bb (modelletekst):<\/p>\n<p>S\u00e5 henger jeg her igjen da. Det m\u00e5 vel v\u00e6re f\u00f8rtiende gangen denne m\u00e5neden jeg blir malt her. Alltid her oppe i toppen av lerretet. Alltid gul. Knall gul. Skarpe kanter. Og s\u00e5 maler han over meg igjen, hardt, med feit, kladdede maling. S\u00e5 ligger jeg der, under tykke lag med bl\u00e5farge en halv dag, en hel dag \u2013 kanskje til og med en hel uke. Iallfall om han er litt gr\u00e5 og gusten, denne penseleieren. Er det slike dager tar det lang tid f\u00f8r jeg f\u00e5r komme meg opp og puste igjen, henge der oppe i toppen og lyse opp ett ellers dunkelt lerret. Heldigvis regner det iallfall ikke. Jeg har aldri f\u00e5tt v\u00e6rt med de andre gulfargene n\u00e5r han leker seg med \u00e5krer eller solsikker. Jeg f\u00e5r bare holde meg blant bl\u00e5. Jeg skulle \u00f8nske noen ganger jeg kom meg ned til de andre gulfargene nede i bildet. Hilse p\u00e5 familien, liksom. Det burde han jo forst\u00e5, maleren, han som er s\u00e5 glad i broren sin. Men nei, det ser ut til at det blir stjerne p\u00e5 nattehimmelen som blir min skjebne. Gul, p\u00e5 bl\u00e5tt, skarpe kanter \u2013 et lyspunkt. Og det trenger han jo, den en\u00f8rede. Lyspunkt er kanskje ikke s\u00e5 ille det heller!<\/p>\n<p>&#8221; content_last_edited=&#8221;on|phone&#8221; _builder_version=&#8221;4.27.4&#8243; _module_preset=&#8221;default&#8221; text_font_size=&#8221;17px&#8221; text_line_height=&#8221;1.8em&#8221; custom_margin=&#8221;||||false|false&#8221; custom_margin_tablet=&#8221;||||false|false&#8221; custom_margin_phone=&#8221;||||false|false&#8221; custom_margin_last_edited=&#8221;on|tablet&#8221; text_font_size_tablet=&#8221;16px&#8221; text_font_size_phone=&#8221;15px&#8221; text_font_size_last_edited=&#8221;on|tablet&#8221; global_colors_info=&#8221;{}&#8221;]<\/p>\n<p>Velg et kunstmaleri av van Gogh. Forestill deg at de er tingen og fors\u00f8k \u00e5 se verden i rolle som tingen. Skriver en tekst ut ifra tingens perspektiv. Her er et eksempel med utgangpunkt i en stjerne i bildet \u00abTerrasse du caf\u00e9 le soir\u00bb (modelletekst):<\/p>\n<p>S\u00e5 henger jeg her igjen da. Det m\u00e5 vel v\u00e6re f\u00f8rtiende gangen denne m\u00e5neden jeg blir malt her. Alltid her oppe i toppen av lerretet. Alltid gul. Knall gul. Skarpe kanter. Og s\u00e5 maler han over meg igjen, hardt, med feit, kladdede maling. S\u00e5 ligger jeg der, under tykke lag med bl\u00e5farge en halv dag, en hel dag \u2013 kanskje til og med en hel uke. Iallfall om han er litt gr\u00e5 og gusten, denne penseleieren. Er det slike dager tar det lang tid f\u00f8r jeg f\u00e5r komme meg opp og puste igjen, henge der oppe i toppen og lyse opp ett ellers dunkelt lerret. Heldigvis regner det iallfall ikke. Jeg har aldri f\u00e5tt v\u00e6rt med de andre gulfargene n\u00e5r han leker seg med \u00e5krer eller solsikker. Jeg f\u00e5r bare holde meg blant bl\u00e5. Jeg skulle \u00f8nske noen ganger jeg kom meg ned til de andre gulfargene nede i bildet. Hilse p\u00e5 familien, liksom. Det burde han jo forst\u00e5, maleren, han som er s\u00e5 glad i broren sin. Men nei, det ser ut til at det blir stjerne p\u00e5 nattehimmelen som blir min skjebne. Gul, p\u00e5 bl\u00e5tt, skarpe kanter \u2013 et lyspunkt. Og det trenger han jo, den en\u00f8rede. Lyspunkt er kanskje ikke s\u00e5 ille det heller!<\/p>\n<p>[\/et_pb_text][\/et_pb_column][\/et_pb_row][et_pb_row _builder_version=&#8221;4.21.0&#8243; _module_preset=&#8221;default&#8221; max_width=&#8221;850px&#8221; module_alignment=&#8221;center&#8221; custom_css_main_element=&#8221;display:flex;||justify-content: center;&#8221; global_colors_info=&#8221;{}&#8221;][et_pb_column type=&#8221;4_4&#8243; _builder_version=&#8221;4.21.0&#8243; _module_preset=&#8221;default&#8221; global_colors_info=&#8221;{}&#8221;][et_pb_code _builder_version=&#8221;4.21.0&#8243; _module_preset=&#8221;default&#8221; text_orientation=&#8221;center&#8221; text_orientation_tablet=&#8221;center&#8221; text_orientation_phone=&#8221;center&#8221; text_orientation_last_edited=&#8221;on|desktop&#8221; global_colors_info=&#8221;{}&#8221;]<button id=\"backButton\" style=\"<!-- [et_pb_line_break_holder] -->background: #8dcfb7; <!-- [et_pb_line_break_holder] -->border-radius: 10px; <!-- [et_pb_line_break_holder] -->width: 100px; <!-- [et_pb_line_break_holder] -->height: 40px; <!-- [et_pb_line_break_holder] -->border: none; <!-- [et_pb_line_break_holder] -->font-size: 18px;<!-- [et_pb_line_break_holder] -->color: #000000; <!-- [et_pb_line_break_holder] -->transform: uppercase;&#8221; <!-- [et_pb_line_break_holder] -->onmouseover=&#8221;this.style.backgroundColor=&#8217;#5a5e5e&#8217;; this.style.color=&#8217;#ffffff&#8217;;&#8221;<!-- [et_pb_line_break_holder] -->onmouseout=&#8221;this.style.backgroundColor=&#8217;#8dcfb7&#8242;; this.style.color=&#8217;#000000&#8242;;&#8221; <!-- [et_pb_line_break_holder] -->onclick=&#8221;myFunction()&#8221;>Tilbake<\/button><!-- [et_pb_line_break_holder] --><!-- [et_pb_line_break_holder] --><script><!-- [et_pb_line_break_holder] -->document.addEventListener('DOMContentLoaded', function() {<!-- [et_pb_line_break_holder] -->  var backButton = document.getElementById('backButton'); <!-- [et_pb_line_break_holder] -->  <!-- [et_pb_line_break_holder] -->  if (backButton) {<!-- [et_pb_line_break_holder] -->    backButton.addEventListener('click', function() {<!-- [et_pb_line_break_holder] -->      window.history.back();<!-- [et_pb_line_break_holder] -->    });<!-- [et_pb_line_break_holder] -->  }<!-- [et_pb_line_break_holder] -->});<!-- [et_pb_line_break_holder] --><\/script><!-- [et_pb_line_break_holder] -->[\/et_pb_code][\/et_pb_column][\/et_pb_row][\/et_pb_section]<\/p>\n","protected":false},"excerpt":{"rendered":"<p>Tingenes fortellingVelg et kunstmaleri av van Gogh. Forestill deg at de er tingen og fors\u00f8k \u00e5 se verden i rolle som tingen. Skriver en tekst ut ifra tingens perspektiv. Her er et eksempel med utgangpunkt i en stjerne i bildet \u00abTerrasse du caf\u00e9 le soir\u00bb (modelletekst): S\u00e5 henger jeg her igjen da. Det m\u00e5 vel [&hellip;]<\/p>\n","protected":false},"author":10,"featured_media":0,"parent":0,"menu_order":0,"comment_status":"closed","ping_status":"closed","template":"","meta":{"_et_pb_use_builder":"on","_et_pb_old_content":"","_et_gb_content_width":"","footnotes":""},"trinn":[],"fag":[],"class_list":["post-11845","page","type-page","status-publish","hentry"],"_links":{"self":[{"href":"https:\/\/leselop.usn.no\/index.php?rest_route=\/wp\/v2\/pages\/11845","targetHints":{"allow":["GET"]}}],"collection":[{"href":"https:\/\/leselop.usn.no\/index.php?rest_route=\/wp\/v2\/pages"}],"about":[{"href":"https:\/\/leselop.usn.no\/index.php?rest_route=\/wp\/v2\/types\/page"}],"author":[{"embeddable":true,"href":"https:\/\/leselop.usn.no\/index.php?rest_route=\/wp\/v2\/users\/10"}],"replies":[{"embeddable":true,"href":"https:\/\/leselop.usn.no\/index.php?rest_route=%2Fwp%2Fv2%2Fcomments&post=11845"}],"version-history":[{"count":3,"href":"https:\/\/leselop.usn.no\/index.php?rest_route=\/wp\/v2\/pages\/11845\/revisions"}],"predecessor-version":[{"id":11870,"href":"https:\/\/leselop.usn.no\/index.php?rest_route=\/wp\/v2\/pages\/11845\/revisions\/11870"}],"wp:attachment":[{"href":"https:\/\/leselop.usn.no\/index.php?rest_route=%2Fwp%2Fv2%2Fmedia&parent=11845"}],"wp:term":[{"taxonomy":"trinn","embeddable":true,"href":"https:\/\/leselop.usn.no\/index.php?rest_route=%2Fwp%2Fv2%2Ftrinn&post=11845"},{"taxonomy":"fag","embeddable":true,"href":"https:\/\/leselop.usn.no\/index.php?rest_route=%2Fwp%2Fv2%2Ffag&post=11845"}],"curies":[{"name":"wp","href":"https:\/\/api.w.org\/{rel}","templated":true}]}}