{"id":11424,"date":"2025-09-02T11:59:05","date_gmt":"2025-09-02T09:59:05","guid":{"rendered":"https:\/\/leselop.usn.no\/?page_id=11424"},"modified":"2025-09-02T12:02:12","modified_gmt":"2025-09-02T10:02:12","slug":"samarbeidspartnere","status":"publish","type":"page","link":"https:\/\/leselop.usn.no\/?page_id=11424","title":{"rendered":"Samarbeidspartnere"},"content":{"rendered":"<p>[et_pb_section fb_built=&#8221;1&#8243; _builder_version=&#8221;4.27.4&#8243; _module_preset=&#8221;default&#8221; da_disable_devices=&#8221;off|off|off&#8221; global_colors_info=&#8221;{}&#8221; da_is_popup=&#8221;off&#8221; da_exit_intent=&#8221;off&#8221; da_has_close=&#8221;on&#8221; da_alt_close=&#8221;off&#8221; da_dark_close=&#8221;off&#8221; da_not_modal=&#8221;on&#8221; da_is_singular=&#8221;off&#8221; da_with_loader=&#8221;off&#8221; da_has_shadow=&#8221;on&#8221;][et_pb_row _builder_version=&#8221;4.27.4&#8243; _module_preset=&#8221;default&#8221; background_enable_color=&#8221;off&#8221; custom_margin=&#8221;||30px||false|false&#8221; custom_padding=&#8221;||40px||false|false&#8221; border_color_bottom=&#8221;#DDD96E&#8221; locked=&#8221;off&#8221; global_colors_info=&#8221;{}&#8221;][et_pb_column type=&#8221;4_4&#8243; _builder_version=&#8221;4.21.0&#8243; _module_preset=&#8221;default&#8221; global_colors_info=&#8221;{}&#8221;][et_pb_text content_tablet=&#8221;<\/p>\n<h2>Samarbeidspartnere<\/h2>\n<p>&#8221; content_phone=&#8221;<\/p>\n<h1>Samarbeidspartnere<\/h1>\n<p>&#8221; content_last_edited=&#8221;on|phone&#8221; _builder_version=&#8221;4.27.4&#8243; _module_preset=&#8221;default&#8221; header_2_line_height=&#8221;1.4em&#8221; hover_enabled=&#8221;0&#8243; header_font_size_tablet=&#8221;&#8221; header_font_size_phone=&#8221;25px&#8221; header_font_size_last_edited=&#8221;on|phone&#8221; locked=&#8221;off&#8221; global_colors_info=&#8221;{}&#8221; sticky_enabled=&#8221;0&#8243;]<\/p>\n<h1>Samarbeidspartnere<\/h1>\n<p>[\/et_pb_text][et_pb_text content_tablet=&#8221;<\/p>\n<ul>\n<li><span data-contrast=%22auto%22>Sandefjord kommune, kommunalomr\u00e5det Kunnskap, barn og unge<\/span><span data-ccp-props=%22{&quot;335559685&quot;:708}%22>\u00a0<\/span><\/li>\n<li><span data-contrast=%22none%22>Desentralisert kompetanseutvikling (DeKomp), USN<\/span><span data-ccp-props=%22{&quot;335559685&quot;:708}%22>\u00a0<\/span><\/li>\n<li><span data-contrast=%22none%22>Enhet for digitalisering og utdanningskvalitet (eDu), USN<\/span><span data-ccp-props=%22{&quot;335559685&quot;:708}%22>\u00a0<\/span><\/li>\n<\/ul>\n<p>&#8221; content_phone=&#8221;<\/p>\n<ul>\n<li><span data-contrast=%22auto%22>Sandefjord kommune, kommunalomr\u00e5det Kunnskap, barn og unge<\/span><span data-ccp-props=%22{&quot;335559685&quot;:708}%22>\u00a0<\/span><\/li>\n<li><span data-contrast=%22none%22>Desentralisert kompetanseutvikling (DeKomp), USN<\/span><span data-ccp-props=%22{&quot;335559685&quot;:708}%22>\u00a0<\/span><\/li>\n<li><span data-contrast=%22none%22>Enhet for digitalisering og utdanningskvalitet (eDu), USN<\/span><span data-ccp-props=%22{&quot;335559685&quot;:708}%22>\u00a0<\/span><\/li>\n<\/ul>\n<p>&#8221; content_last_edited=&#8221;on|phone&#8221; _builder_version=&#8221;4.27.4&#8243; _module_preset=&#8221;default&#8221; text_font_size=&#8221;17px&#8221; text_line_height=&#8221;1.9em&#8221; hover_enabled=&#8221;0&#8243; text_font_size_tablet=&#8221;16px&#8221; text_font_size_phone=&#8221;15px&#8221; text_font_size_last_edited=&#8221;on|tablet&#8221; global_colors_info=&#8221;{}&#8221; sticky_enabled=&#8221;0&#8243; ul_line_height=&#8221;1.7em&#8221; ul_font_size_last_edited=&#8221;on|desktop&#8221; ul_font_size_phone=&#8221;15px&#8221; ul_font_size_tablet=&#8221;16px&#8221; ul_font_size=&#8221;17px&#8221;]<\/p>\n<ul>\n<li><span data-contrast=\"auto\">Sandefjord kommune, kommunalomr\u00e5det Kunnskap, barn og unge<\/span><span data-ccp-props=\"{&quot;335559685&quot;:708}\">\u00a0<\/span><\/li>\n<li><span data-contrast=\"none\">Desentralisert kompetanseutvikling (DeKomp), USN<\/span><span data-ccp-props=\"{&quot;335559685&quot;:708}\">\u00a0<\/span><\/li>\n<li><span data-contrast=\"none\">Enhet for digitalisering og utdanningskvalitet (eDu), USN<\/span><span data-ccp-props=\"{&quot;335559685&quot;:708}\">\u00a0<\/span><\/li>\n<\/ul>\n<p>[\/et_pb_text][\/et_pb_column][\/et_pb_row][\/et_pb_section]<\/p>\n","protected":false},"excerpt":{"rendered":"<p>Lesel\u00f8p!-prosjektets utgangspunkt er \u00e5 skape forbindelseslinjer mellom l\u00e6rerstudenters oppl\u00e6ring i leseundervisning og den praksisen de m\u00f8ter i skolen. Et av m\u00e5lene med den digitale ressursen er dermed at de konkrete lesel\u00f8pene skal v\u00e6re grunnlag for didaktisk refleksjon om arbeidet med leseoppl\u00e6ring i l\u00e6rerutdanningen. Alle lesel\u00f8pene i den digitale ressursen har en egen fane som heter \u00abOppgaver til studentene\u00bb. Her finnes generelle sp\u00f8rsm\u00e5l som passer til alle lesel\u00f8pene, evt. ogs\u00e5 sp\u00f8rsm\u00e5l som er s\u00e6rlig tilpasset det spesifikke lesel\u00f8pet.<\/p>\n","protected":false},"author":10,"featured_media":0,"parent":0,"menu_order":0,"comment_status":"closed","ping_status":"closed","template":"","meta":{"_et_pb_use_builder":"on","_et_pb_old_content":"","_et_gb_content_width":"","footnotes":""},"trinn":[],"fag":[],"class_list":["post-11424","page","type-page","status-publish","hentry"],"_links":{"self":[{"href":"https:\/\/leselop.usn.no\/index.php?rest_route=\/wp\/v2\/pages\/11424","targetHints":{"allow":["GET"]}}],"collection":[{"href":"https:\/\/leselop.usn.no\/index.php?rest_route=\/wp\/v2\/pages"}],"about":[{"href":"https:\/\/leselop.usn.no\/index.php?rest_route=\/wp\/v2\/types\/page"}],"author":[{"embeddable":true,"href":"https:\/\/leselop.usn.no\/index.php?rest_route=\/wp\/v2\/users\/10"}],"replies":[{"embeddable":true,"href":"https:\/\/leselop.usn.no\/index.php?rest_route=%2Fwp%2Fv2%2Fcomments&post=11424"}],"version-history":[{"count":2,"href":"https:\/\/leselop.usn.no\/index.php?rest_route=\/wp\/v2\/pages\/11424\/revisions"}],"predecessor-version":[{"id":11426,"href":"https:\/\/leselop.usn.no\/index.php?rest_route=\/wp\/v2\/pages\/11424\/revisions\/11426"}],"wp:attachment":[{"href":"https:\/\/leselop.usn.no\/index.php?rest_route=%2Fwp%2Fv2%2Fmedia&parent=11424"}],"wp:term":[{"taxonomy":"trinn","embeddable":true,"href":"https:\/\/leselop.usn.no\/index.php?rest_route=%2Fwp%2Fv2%2Ftrinn&post=11424"},{"taxonomy":"fag","embeddable":true,"href":"https:\/\/leselop.usn.no\/index.php?rest_route=%2Fwp%2Fv2%2Ffag&post=11424"}],"curies":[{"name":"wp","href":"https:\/\/api.w.org\/{rel}","templated":true}]}}