{"id":11333,"date":"2025-09-02T06:16:49","date_gmt":"2025-09-02T04:16:49","guid":{"rendered":"https:\/\/leselop.usn.no\/?page_id=11333"},"modified":"2025-09-02T06:20:09","modified_gmt":"2025-09-02T04:20:09","slug":"studentlinje-rigel-aktivitet-7-elevers-evaluering","status":"publish","type":"page","link":"https:\/\/leselop.usn.no\/?page_id=11333","title":{"rendered":"Studentlinje &#8211; Rigel &#8211; Aktivitet 7 &#8211; Elevers evaluering"},"content":{"rendered":"<p>[et_pb_section fb_built=&#8221;1&#8243; _builder_version=&#8221;4.21.0&#8243; _module_preset=&#8221;default&#8221; background_color=&#8221;#f4f4f4&#8243; custom_css_main_element=&#8221;min-height: 100vh;&#8221; da_disable_devices=&#8221;off|off|off&#8221; global_colors_info=&#8221;{}&#8221; da_is_popup=&#8221;off&#8221; da_exit_intent=&#8221;off&#8221; da_has_close=&#8221;on&#8221; da_alt_close=&#8221;off&#8221; da_dark_close=&#8221;off&#8221; da_not_modal=&#8221;on&#8221; da_is_singular=&#8221;off&#8221; da_with_loader=&#8221;off&#8221; da_has_shadow=&#8221;on&#8221;][et_pb_row column_structure=&#8221;1_4,3_4&#8243; use_custom_gutter=&#8221;on&#8221; gutter_width=&#8221;1&#8243; make_equal=&#8221;on&#8221; _builder_version=&#8221;4.27.4&#8243; _module_preset=&#8221;default&#8221; max_width=&#8221;850px&#8221; hover_enabled=&#8221;0&#8243; custom_css_main_element=&#8221;width:75% !important;&#8221; global_colors_info=&#8221;{}&#8221; custom_css_main_element_last_edited=&#8221;on|phone&#8221; custom_css_main_element_tablet=&#8221;width:75% !important;&#8221; custom_css_main_element_phone=&#8221;width:75% !important;&#8221; sticky_enabled=&#8221;0&#8243;][et_pb_column type=&#8221;1_4&#8243; _builder_version=&#8221;4.21.0&#8243; _module_preset=&#8221;default&#8221; custom_css_main_element=&#8221;width:12% !important;&#8221; global_colors_info=&#8221;{}&#8221; custom_css_main_element_last_edited=&#8221;on|phone&#8221; custom_css_main_element_tablet=&#8221;width:18% !important;&#8221; custom_css_main_element_phone=&#8221;width:30% !important;&#8221;][et_pb_image src=&#8221;https:\/\/leselop.usn.no\/wp-content\/uploads\/2025\/06\/Leselop-skrive-green.png&#8221; title_text=&#8221;Leselop-skrive-green&#8221; src_tablet=&#8221;https:\/\/leselop.usn.no\/wp-content\/uploads\/2025\/06\/Leselop-skrive-green.png&#8221; src_phone=&#8221;https:\/\/leselop.usn.no\/wp-content\/uploads\/2025\/06\/Leselop-skrive-green.png&#8221; src_last_edited=&#8221;on|phone&#8221; _builder_version=&#8221;4.27.4&#8243; _module_preset=&#8221;default&#8221; global_colors_info=&#8221;{}&#8221;][\/et_pb_image][\/et_pb_column][et_pb_column type=&#8221;3_4&#8243; _builder_version=&#8221;4.27.4&#8243; _module_preset=&#8221;default&#8221; hover_enabled=&#8221;0&#8243; custom_css_main_element=&#8221;width:88% !important;||margin: auto;||padding-left: 30px;||&#8221; global_colors_info=&#8221;{}&#8221; custom_css_main_element_last_edited=&#8221;on|tablet&#8221; custom_css_main_element_tablet=&#8221;width:82% !important;||padding-left: 25px;||padding-top:15px&#8221; custom_css_main_element_phone=&#8221;width:70% !important;||padding-left: 15px;||padding-top:20px;&#8221; sticky_enabled=&#8221;0&#8243;][et_pb_text content_tablet=&#8221;<\/p>\n<h1>Elevers evaluering av<\/h1>\n<h1>undervisningen<\/h1>\n<p>&#8221; content_phone=&#8221;<\/p>\n<h4>Elevers evaluering<\/h4>\n<h4>av undervisningen<\/h4>\n<p>&#8221; content_last_edited=&#8221;on|tablet&#8221; _builder_version=&#8221;4.27.4&#8243; _module_preset=&#8221;default&#8221; header_3_line_height=&#8221;1.4em&#8221; hover_enabled=&#8221;0&#8243; text_line_height_tablet=&#8221;&#8221; text_line_height_phone=&#8221;1.7em&#8221; text_line_height_last_edited=&#8221;on|phone&#8221; global_colors_info=&#8221;{}&#8221; sticky_enabled=&#8221;0&#8243;]<\/p>\n<h1>Elevers evaluering av undervisningen<\/h1>\n<p>[\/et_pb_text][\/et_pb_column][\/et_pb_row][et_pb_row custom_padding_last_edited=&#8221;on|phone&#8221; _builder_version=&#8221;4.27.4&#8243; _module_preset=&#8221;default&#8221; background_color=&#8221;#ffffff&#8221; max_width=&#8221;850px&#8221; max_width_tablet=&#8221;850px&#8221; max_width_phone=&#8221;850px&#8221; max_width_last_edited=&#8221;on|desktop&#8221; custom_margin=&#8221;||40px||false|false&#8221; custom_padding=&#8221;90px|80px|90px|80px|false|false&#8221; custom_padding_tablet=&#8221;60px|60px|60px|60px|false|false&#8221; custom_padding_phone=&#8221;60px|40px|60px|40px|false|false&#8221; border_radii=&#8221;on|30px|30px|30px|30px&#8221; border_style_all=&#8221;dotted&#8221; global_colors_info=&#8221;{}&#8221;][et_pb_column type=&#8221;4_4&#8243; _builder_version=&#8221;4.21.0&#8243; _module_preset=&#8221;default&#8221; global_colors_info=&#8221;{}&#8221;][et_pb_text content_tablet=&#8221;<\/p>\n<p><em>\u00abJeg fikk tilbakemeldinger fra elevene om at de syntes det var g\u00f8y \u00e5 jobbe p\u00e5 denne m\u00e5ten, og at de gjerne ville jobbe mer med boka Rigel og disse arbeidsmetodene. Det var dessverre de siste norsktimene jeg hadde denne praksisperioden, s\u00e5 jeg fikk ikke fulgt opp det \u00f8nsket. Det virket som det var ganske ukjent for elevene \u00e5 diskutere tekst i mindre grupper, og \u00e5 reflektere over hvordan ulike semiotiske ressurser i en tekst p\u00e5virker meningsinnholdet.\u00bb<\/em><\/p>\n<p><em>\u00abElevane sin respons har vore overvegande positiv gjennom heile lesel\u00f8pet. Dei har s\u00e6rleg verdsett h\u00f8gtlesings\u00f8ktene, noko som stadfestar verdien av denne undervisningsforma. Dei visuelle ressursane har ogs\u00e5 fungert spesielt godt, og har bidrege til \u00e5 gjere komplekse tekstanalysar meir tilgjengelege for alle elevar. Etter f\u00f8rste veke fekk eg verdifulle tilbakemeldingar fr\u00e5 praksisl\u00e6rar, som hadde samla innspel fr\u00e5 elevar i begge klassar. Tilbakemeldingane var sv\u00e6rt positive, med ytringar som \u00abDette var en g\u00f8y m\u00e5te \u00e5 l\u00e6re p\u00e5\u00bb, \u00abSanna l\u00e6rer oss ting p\u00e5 andre m\u00e5ter enn andre l\u00e6rere\u00bb, \u00abDet var spennende med musikk og bilder\u00bb og \u00abJeg likte at hun leste h\u00f8yt\u00bb. At praksisl\u00e6rar tok seg tid til \u00e5 samle og formidle desse tilbakemeldingane, var eg s\u00e6rs takknemleg for, d\u00e5 det fungerte som ein viktig motivasjon for vidare arbeid dei neste to vekene\u00bb<\/em><\/p>\n<ul><\/ul>\n<ul><\/ul>\n<p>&#8221; content_phone=&#8221;<\/p>\n<p><em>\u00abJeg fikk tilbakemeldinger fra elevene om at de syntes det var g\u00f8y \u00e5 jobbe p\u00e5 denne m\u00e5ten, og at de gjerne ville jobbe mer med boka Rigel og disse arbeidsmetodene. Det var dessverre de siste norsktimene jeg hadde denne praksisperioden, s\u00e5 jeg fikk ikke fulgt opp det \u00f8nsket. Det virket som det var ganske ukjent for elevene \u00e5 diskutere tekst i mindre grupper, og \u00e5 reflektere over hvordan ulike semiotiske ressurser i en tekst p\u00e5virker meningsinnholdet.\u00bb<\/em><\/p>\n<p><em>\u00abElevane sin respons har vore overvegande positiv gjennom heile lesel\u00f8pet. Dei har s\u00e6rleg verdsett h\u00f8gtlesings\u00f8ktene, noko som stadfestar verdien av denne undervisningsforma. Dei visuelle ressursane har ogs\u00e5 fungert spesielt godt, og har bidrege til \u00e5 gjere komplekse tekstanalysar meir tilgjengelege for alle elevar. Etter f\u00f8rste veke fekk eg verdifulle tilbakemeldingar fr\u00e5 praksisl\u00e6rar, som hadde samla innspel fr\u00e5 elevar i begge klassar. Tilbakemeldingane var sv\u00e6rt positive, med ytringar som \u00abDette var en g\u00f8y m\u00e5te \u00e5 l\u00e6re p\u00e5\u00bb, \u00abSanna l\u00e6rer oss ting p\u00e5 andre m\u00e5ter enn andre l\u00e6rere\u00bb, \u00abDet var spennende med musikk og bilder\u00bb og \u00abJeg likte at hun leste h\u00f8yt\u00bb. At praksisl\u00e6rar tok seg tid til \u00e5 samle og formidle desse tilbakemeldingane, var eg s\u00e6rs takknemleg for, d\u00e5 det fungerte som ein viktig motivasjon for vidare arbeid dei neste to vekene\u00bb<\/em><\/p>\n<ul><\/ul>\n<ul><\/ul>\n<p>&#8221; content_last_edited=&#8221;on|phone&#8221; _builder_version=&#8221;4.27.4&#8243; _module_preset=&#8221;default&#8221; text_font_size=&#8221;17px&#8221; text_line_height=&#8221;1.8em&#8221; ul_line_height=&#8221;1.8em&#8221; custom_margin=&#8221;||50px||false|false&#8221; custom_margin_tablet=&#8221;||30px||false|false&#8221; custom_margin_phone=&#8221;||10px||false|false&#8221; custom_margin_last_edited=&#8221;on|phone&#8221; hover_enabled=&#8221;0&#8243; text_font_size_tablet=&#8221;16px&#8221; text_font_size_phone=&#8221;15px&#8221; text_font_size_last_edited=&#8221;on|phone&#8221; text_line_height_tablet=&#8221;1.8em&#8221; text_line_height_phone=&#8221;1.5em&#8221; text_line_height_last_edited=&#8221;on|desktop&#8221; global_colors_info=&#8221;{}&#8221; sticky_enabled=&#8221;0&#8243;]<\/p>\n<p><em>\u00abJeg fikk tilbakemeldinger fra elevene om at de syntes det var g\u00f8y \u00e5 jobbe p\u00e5 denne m\u00e5ten, og at de gjerne ville jobbe mer med boka Rigel og disse arbeidsmetodene. Det var dessverre de siste norsktimene jeg hadde denne praksisperioden, s\u00e5 jeg fikk ikke fulgt opp det \u00f8nsket. Det virket som det var ganske ukjent for elevene \u00e5 diskutere tekst i mindre grupper, og \u00e5 reflektere over hvordan ulike semiotiske ressurser i en tekst p\u00e5virker meningsinnholdet.\u00bb<\/em><\/p>\n<p><em>\u00abElevane sin respons har vore overvegande positiv gjennom heile lesel\u00f8pet. Dei har s\u00e6rleg verdsett h\u00f8gtlesings\u00f8ktene, noko som stadfestar verdien av denne undervisningsforma. Dei visuelle ressursane har ogs\u00e5 fungert spesielt godt, og har bidrege til \u00e5 gjere komplekse tekstanalysar meir tilgjengelege for alle elevar. Etter f\u00f8rste veke fekk eg verdifulle tilbakemeldingar fr\u00e5 praksisl\u00e6rar, som hadde samla innspel fr\u00e5 elevar i begge klassar. Tilbakemeldingane var sv\u00e6rt positive, med ytringar som \u00abDette var en g\u00f8y m\u00e5te \u00e5 l\u00e6re p\u00e5\u00bb, \u00abSanna l\u00e6rer oss ting p\u00e5 andre m\u00e5ter enn andre l\u00e6rere\u00bb, \u00abDet var spennende med musikk og bilder\u00bb og \u00abJeg likte at hun leste h\u00f8yt\u00bb. At praksisl\u00e6rar tok seg tid til \u00e5 samle og formidle desse tilbakemeldingane, var eg s\u00e6rs takknemleg for, d\u00e5 det fungerte som ein viktig motivasjon for vidare arbeid dei neste to vekene\u00bb<\/em><\/p>\n<p>[\/et_pb_text][\/et_pb_column][\/et_pb_row][et_pb_row _builder_version=&#8221;4.21.0&#8243; _module_preset=&#8221;default&#8221; max_width=&#8221;850px&#8221; module_alignment=&#8221;center&#8221; global_colors_info=&#8221;{}&#8221;][et_pb_column type=&#8221;4_4&#8243; _builder_version=&#8221;4.21.0&#8243; _module_preset=&#8221;default&#8221; global_colors_info=&#8221;{}&#8221;][et_pb_code _builder_version=&#8221;4.21.0&#8243; _module_preset=&#8221;default&#8221; text_orientation=&#8221;center&#8221; global_colors_info=&#8221;{}&#8221;]<button id=\"backButton\" style=\"<!-- [et_pb_line_break_holder] -->background: #8dcfb7; <!-- [et_pb_line_break_holder] -->border-radius: 10px; <!-- [et_pb_line_break_holder] -->width: 100px; <!-- [et_pb_line_break_holder] -->height: 40px; <!-- [et_pb_line_break_holder] -->border: none; <!-- [et_pb_line_break_holder] -->font-size: 18px;<!-- [et_pb_line_break_holder] -->color: #000000; <!-- [et_pb_line_break_holder] -->transform: uppercase;&#8221; <!-- [et_pb_line_break_holder] -->onmouseover=&#8221;this.style.backgroundColor=&#8217;#5a5e5e&#8217;; this.style.color=&#8217;#ffffff&#8217;;&#8221;<!-- [et_pb_line_break_holder] -->onmouseout=&#8221;this.style.backgroundColor=&#8217;#8dcfb7&#8242;; this.style.color=&#8217;#000000&#8242;;&#8221; <!-- [et_pb_line_break_holder] -->onclick=&#8221;myFunction()&#8221;>Tilbake<\/button><!-- [et_pb_line_break_holder] --><!-- [et_pb_line_break_holder] --><script><!-- [et_pb_line_break_holder] -->document.addEventListener('DOMContentLoaded', function() {<!-- [et_pb_line_break_holder] -->  var backButton = document.getElementById('backButton'); <!-- [et_pb_line_break_holder] -->  <!-- [et_pb_line_break_holder] -->  if (backButton) {<!-- [et_pb_line_break_holder] -->    backButton.addEventListener('click', function() {<!-- [et_pb_line_break_holder] -->      window.history.back();<!-- [et_pb_line_break_holder] -->    });<!-- [et_pb_line_break_holder] -->  }<!-- [et_pb_line_break_holder] -->});<!-- [et_pb_line_break_holder] --><\/script><!-- [et_pb_line_break_holder] -->[\/et_pb_code][\/et_pb_column][\/et_pb_row][\/et_pb_section]<\/p>\n","protected":false},"excerpt":{"rendered":"<p>Elevers evaluering av undervisningen\u00abJeg fikk tilbakemeldinger fra elevene om at de syntes det var g\u00f8y \u00e5 jobbe p\u00e5 denne m\u00e5ten, og at de gjerne ville jobbe mer med boka Rigel og disse arbeidsmetodene. Det var dessverre de siste norsktimene jeg hadde denne praksisperioden, s\u00e5 jeg fikk ikke fulgt opp det \u00f8nsket. Det virket som det [&hellip;]<\/p>\n","protected":false},"author":10,"featured_media":0,"parent":0,"menu_order":0,"comment_status":"closed","ping_status":"closed","template":"","meta":{"_et_pb_use_builder":"on","_et_pb_old_content":"","_et_gb_content_width":"","footnotes":""},"trinn":[],"fag":[],"class_list":["post-11333","page","type-page","status-publish","hentry"],"_links":{"self":[{"href":"https:\/\/leselop.usn.no\/index.php?rest_route=\/wp\/v2\/pages\/11333","targetHints":{"allow":["GET"]}}],"collection":[{"href":"https:\/\/leselop.usn.no\/index.php?rest_route=\/wp\/v2\/pages"}],"about":[{"href":"https:\/\/leselop.usn.no\/index.php?rest_route=\/wp\/v2\/types\/page"}],"author":[{"embeddable":true,"href":"https:\/\/leselop.usn.no\/index.php?rest_route=\/wp\/v2\/users\/10"}],"replies":[{"embeddable":true,"href":"https:\/\/leselop.usn.no\/index.php?rest_route=%2Fwp%2Fv2%2Fcomments&post=11333"}],"version-history":[{"count":2,"href":"https:\/\/leselop.usn.no\/index.php?rest_route=\/wp\/v2\/pages\/11333\/revisions"}],"predecessor-version":[{"id":11335,"href":"https:\/\/leselop.usn.no\/index.php?rest_route=\/wp\/v2\/pages\/11333\/revisions\/11335"}],"wp:attachment":[{"href":"https:\/\/leselop.usn.no\/index.php?rest_route=%2Fwp%2Fv2%2Fmedia&parent=11333"}],"wp:term":[{"taxonomy":"trinn","embeddable":true,"href":"https:\/\/leselop.usn.no\/index.php?rest_route=%2Fwp%2Fv2%2Ftrinn&post=11333"},{"taxonomy":"fag","embeddable":true,"href":"https:\/\/leselop.usn.no\/index.php?rest_route=%2Fwp%2Fv2%2Ffag&post=11333"}],"curies":[{"name":"wp","href":"https:\/\/api.w.org\/{rel}","templated":true}]}}