{"id":11322,"date":"2025-09-02T05:51:35","date_gmt":"2025-09-02T03:51:35","guid":{"rendered":"https:\/\/leselop.usn.no\/?page_id=11322"},"modified":"2025-09-02T06:03:24","modified_gmt":"2025-09-02T04:03:24","slug":"studentlinje-rigel-aktivitet-7-hendelser-fra-klasserommet","status":"publish","type":"page","link":"https:\/\/leselop.usn.no\/?page_id=11322","title":{"rendered":"Studentlinje &#8211; Rigel &#8211; Aktivitet 7 &#8211; Hendelser fra klasserommet"},"content":{"rendered":"<p>[et_pb_section fb_built=&#8221;1&#8243; _builder_version=&#8221;4.21.0&#8243; _module_preset=&#8221;default&#8221; background_color=&#8221;#f4f4f4&#8243; custom_css_main_element=&#8221;min-height: 100vh;&#8221; da_disable_devices=&#8221;off|off|off&#8221; global_colors_info=&#8221;{}&#8221; da_is_popup=&#8221;off&#8221; da_exit_intent=&#8221;off&#8221; da_has_close=&#8221;on&#8221; da_alt_close=&#8221;off&#8221; da_dark_close=&#8221;off&#8221; da_not_modal=&#8221;on&#8221; da_is_singular=&#8221;off&#8221; da_with_loader=&#8221;off&#8221; da_has_shadow=&#8221;on&#8221;][et_pb_row column_structure=&#8221;1_4,3_4&#8243; use_custom_gutter=&#8221;on&#8221; gutter_width=&#8221;1&#8243; make_equal=&#8221;on&#8221; _builder_version=&#8221;4.27.4&#8243; _module_preset=&#8221;default&#8221; max_width=&#8221;850px&#8221; hover_enabled=&#8221;0&#8243; custom_css_main_element=&#8221;width:75% !important;&#8221; global_colors_info=&#8221;{}&#8221; custom_css_main_element_last_edited=&#8221;on|phone&#8221; custom_css_main_element_tablet=&#8221;width:75% !important;&#8221; custom_css_main_element_phone=&#8221;width:75% !important;&#8221; sticky_enabled=&#8221;0&#8243;][et_pb_column type=&#8221;1_4&#8243; _builder_version=&#8221;4.21.0&#8243; _module_preset=&#8221;default&#8221; custom_css_main_element=&#8221;width:12% !important;&#8221; global_colors_info=&#8221;{}&#8221; custom_css_main_element_last_edited=&#8221;on|phone&#8221; custom_css_main_element_tablet=&#8221;width:18% !important;&#8221; custom_css_main_element_phone=&#8221;width:30% !important;&#8221;][et_pb_image src=&#8221;https:\/\/leselop.usn.no\/wp-content\/uploads\/2025\/06\/Leselop-skrive-green.png&#8221; title_text=&#8221;Leselop-skrive-green&#8221; src_tablet=&#8221;https:\/\/leselop.usn.no\/wp-content\/uploads\/2025\/06\/Leselop-skrive-green.png&#8221; src_phone=&#8221;https:\/\/leselop.usn.no\/wp-content\/uploads\/2025\/06\/Leselop-skrive-green.png&#8221; src_last_edited=&#8221;on|phone&#8221; _builder_version=&#8221;4.27.4&#8243; _module_preset=&#8221;default&#8221; global_colors_info=&#8221;{}&#8221;][\/et_pb_image][\/et_pb_column][et_pb_column type=&#8221;3_4&#8243; _builder_version=&#8221;4.27.4&#8243; _module_preset=&#8221;default&#8221; hover_enabled=&#8221;0&#8243; custom_css_main_element=&#8221;width:88% !important;||margin: auto;||padding-left: 30px;||&#8221; global_colors_info=&#8221;{}&#8221; custom_css_main_element_last_edited=&#8221;on|phone&#8221; custom_css_main_element_tablet=&#8221;width:82% !important;||padding-left: 25px;||padding-top:35px&#8221; custom_css_main_element_phone=&#8221;width:70% !important;||padding-left: 15px;||padding-top:20px;&#8221; sticky_enabled=&#8221;0&#8243;][et_pb_text content_tablet=&#8221;<\/p>\n<h1>Hendelser fra klasserommet<\/h1>\n<p>&#8221; content_phone=&#8221;<\/p>\n<h4>Hendelser fra<\/h4>\n<h4>klasserommet<\/h4>\n<p>&#8221; content_last_edited=&#8221;on|phone&#8221; _builder_version=&#8221;4.27.4&#8243; _module_preset=&#8221;default&#8221; header_3_line_height=&#8221;1.4em&#8221; hover_enabled=&#8221;0&#8243; text_line_height_tablet=&#8221;&#8221; text_line_height_phone=&#8221;1.7em&#8221; text_line_height_last_edited=&#8221;on|phone&#8221; global_colors_info=&#8221;{}&#8221; sticky_enabled=&#8221;0&#8243;]<\/p>\n<h1>Hendelser fra klasserommet<\/h1>\n<p>[\/et_pb_text][\/et_pb_column][\/et_pb_row][et_pb_row custom_padding_last_edited=&#8221;on|phone&#8221; _builder_version=&#8221;4.27.4&#8243; _module_preset=&#8221;default&#8221; background_color=&#8221;#ffffff&#8221; max_width=&#8221;850px&#8221; max_width_tablet=&#8221;850px&#8221; max_width_phone=&#8221;850px&#8221; max_width_last_edited=&#8221;on|desktop&#8221; custom_margin=&#8221;||40px||false|false&#8221; custom_padding=&#8221;90px|80px|90px|80px|false|false&#8221; custom_padding_tablet=&#8221;60px|60px|60px|60px|false|false&#8221; custom_padding_phone=&#8221;60px|40px|60px|40px|false|false&#8221; border_radii=&#8221;on|30px|30px|30px|30px&#8221; border_style_all=&#8221;dotted&#8221; global_colors_info=&#8221;{}&#8221;][et_pb_column type=&#8221;4_4&#8243; _builder_version=&#8221;4.21.0&#8243; _module_preset=&#8221;default&#8221; global_colors_info=&#8221;{}&#8221;][et_pb_text content_tablet=&#8221;<\/p>\n<h4>Hendelser fra klasserommet<\/h4>\n<p>Julians portrett<\/p>\n<p><em>\u00abJeg leste h\u00f8yt fra Rigel mens elevene fulgte med p\u00e5 smartboard. Jeg begynte p\u00e5 side 15, og f\u00f8rste lesestopp kom allerede her. I et utdelt arbeidshefte jeg lagde, skulle elevene skrive sitt eget portrett, basert p\u00e5 \u00abJulians portrett\u00bb. De som trengte det, fikk en modelltekst og stram skriveramme \u2013 basert p\u00e5 teksten i boka. Videre leste jeg til og med side 24 \u2013 en passasje hvor elevene ble kjent med Julian f\u00f8r han kom til Norge. Etter lesingen fikk elevene en skriveoppgave i arbeidsheftet sitt, hvor de skulle forestille seg at de er Julian, som er stuet inn p\u00e5 et skip, med to venner. Uten \u00e5 vite hvor de skal, skulle de beskrive f\u00f8lelser og tanker. Deretter skulle de se for seg hva som kunne skje videre. For \u00e5 iscenesette skrivingen, skulle de velge seg ut \u00e9n setning fra teksten. Deretter skulle de, da de ble pekt p\u00e5, reise seg opp, lese setningen og sette seg ned igjen\u00bb.<\/em><\/p>\n<ul><\/ul>\n<ul><\/ul>\n<p>&#8221; content_phone=&#8221;<\/p>\n<h4>Hendelser fra klasserommet<\/h4>\n<p>Julians portrett<\/p>\n<p><em>\u00abJeg leste h\u00f8yt fra Rigel mens elevene fulgte med p\u00e5 smartboard. Jeg begynte p\u00e5 side 15, og f\u00f8rste lesestopp kom allerede her. I et utdelt arbeidshefte jeg lagde, skulle elevene skrive sitt eget portrett, basert p\u00e5 \u00abJulians portrett\u00bb. De som trengte det, fikk en modelltekst og stram skriveramme \u2013 basert p\u00e5 teksten i boka. Videre leste jeg til og med side 24 \u2013 en passasje hvor elevene ble kjent med Julian f\u00f8r han kom til Norge. Etter lesingen fikk elevene en skriveoppgave i arbeidsheftet sitt, hvor de skulle forestille seg at de er Julian, som er stuet inn p\u00e5 et skip, med to venner. Uten \u00e5 vite hvor de skal, skulle de beskrive f\u00f8lelser og tanker. Deretter skulle de se for seg hva som kunne skje videre. For \u00e5 iscenesette skrivingen, skulle de velge seg ut \u00e9n setning fra teksten. Deretter skulle de, da de ble pekt p\u00e5, reise seg opp, lese setningen og sette seg ned igjen\u00bb.<\/em><\/p>\n<ul><\/ul>\n<ul><\/ul>\n<p>&#8221; content_last_edited=&#8221;on|phone&#8221; _builder_version=&#8221;4.27.4&#8243; _module_preset=&#8221;default&#8221; text_font_size=&#8221;17px&#8221; text_line_height=&#8221;1.8em&#8221; ul_line_height=&#8221;1.8em&#8221; hover_enabled=&#8221;0&#8243; text_font_size_tablet=&#8221;16px&#8221; text_font_size_phone=&#8221;15px&#8221; text_font_size_last_edited=&#8221;on|phone&#8221; text_line_height_tablet=&#8221;1.8em&#8221; text_line_height_phone=&#8221;1.5em&#8221; text_line_height_last_edited=&#8221;on|desktop&#8221; global_colors_info=&#8221;{}&#8221; sticky_enabled=&#8221;0&#8243; custom_margin=&#8221;||50px||false|false&#8221; custom_margin_last_edited=&#8221;on|phone&#8221; custom_margin_tablet=&#8221;||30px||false|false&#8221; custom_margin_phone=&#8221;||10px||false|false&#8221;]<\/p>\n<h4>Hendelser fra klasserommet<\/h4>\n<p>Julians portrett<\/p>\n<p><em>\u00abJeg leste h\u00f8yt fra Rigel mens elevene fulgte med p\u00e5 smartboard. Jeg begynte p\u00e5 side 15, og f\u00f8rste lesestopp kom allerede her. I et utdelt arbeidshefte jeg lagde, skulle elevene skrive sitt eget portrett, basert p\u00e5 \u00abJulians portrett\u00bb. De som trengte det, fikk en modelltekst og stram skriveramme \u2013 basert p\u00e5 teksten i boka. Videre leste jeg til og med side 24 \u2013 en passasje hvor elevene ble kjent med Julian f\u00f8r han kom til Norge. Etter lesingen fikk elevene en skriveoppgave i arbeidsheftet sitt, hvor de skulle forestille seg at de er Julian, som er stuet inn p\u00e5 et skip, med to venner. Uten \u00e5 vite hvor de skal, skulle de beskrive f\u00f8lelser og tanker. Deretter skulle de se for seg hva som kunne skje videre. For \u00e5 iscenesette skrivingen, skulle de velge seg ut \u00e9n setning fra teksten. Deretter skulle de, da de ble pekt p\u00e5, reise seg opp, lese setningen og sette seg ned igjen\u00bb.<\/em><\/p>\n<p>[\/et_pb_text][et_pb_image src=&#8221;https:\/\/leselop.usn.no\/wp-content\/uploads\/2025\/09\/Rigel-arbeidshefte-student.jpg&#8221; _builder_version=&#8221;4.27.4&#8243; _module_preset=&#8221;default&#8221; title_text=&#8221;Rigel-arbeidshefte-student&#8221; hover_enabled=&#8221;0&#8243; sticky_enabled=&#8221;0&#8243;][\/et_pb_image][\/et_pb_column][\/et_pb_row][et_pb_row _builder_version=&#8221;4.21.0&#8243; _module_preset=&#8221;default&#8221; max_width=&#8221;850px&#8221; module_alignment=&#8221;center&#8221; global_colors_info=&#8221;{}&#8221;][et_pb_column type=&#8221;4_4&#8243; _builder_version=&#8221;4.21.0&#8243; _module_preset=&#8221;default&#8221; global_colors_info=&#8221;{}&#8221;][et_pb_code _builder_version=&#8221;4.21.0&#8243; _module_preset=&#8221;default&#8221; text_orientation=&#8221;center&#8221; global_colors_info=&#8221;{}&#8221;]<button id=\"backButton\" style=\"<!-- [et_pb_line_break_holder] -->background: #8dcfb7; <!-- [et_pb_line_break_holder] -->border-radius: 10px; <!-- [et_pb_line_break_holder] -->width: 100px; <!-- [et_pb_line_break_holder] -->height: 40px; <!-- [et_pb_line_break_holder] -->border: none; <!-- [et_pb_line_break_holder] -->font-size: 18px;<!-- [et_pb_line_break_holder] -->color: #000000; <!-- [et_pb_line_break_holder] -->transform: uppercase;&#8221; <!-- [et_pb_line_break_holder] -->onmouseover=&#8221;this.style.backgroundColor=&#8217;#5a5e5e&#8217;; this.style.color=&#8217;#ffffff&#8217;;&#8221;<!-- [et_pb_line_break_holder] -->onmouseout=&#8221;this.style.backgroundColor=&#8217;#8dcfb7&#8242;; this.style.color=&#8217;#000000&#8242;;&#8221; <!-- [et_pb_line_break_holder] -->onclick=&#8221;myFunction()&#8221;>Tilbake<\/button><!-- [et_pb_line_break_holder] --><!-- [et_pb_line_break_holder] --><script><!-- [et_pb_line_break_holder] -->document.addEventListener('DOMContentLoaded', function() {<!-- [et_pb_line_break_holder] -->  var backButton = document.getElementById('backButton'); <!-- [et_pb_line_break_holder] -->  <!-- [et_pb_line_break_holder] -->  if (backButton) {<!-- [et_pb_line_break_holder] -->    backButton.addEventListener('click', function() {<!-- [et_pb_line_break_holder] -->      window.history.back();<!-- [et_pb_line_break_holder] -->    });<!-- [et_pb_line_break_holder] -->  }<!-- [et_pb_line_break_holder] -->});<!-- [et_pb_line_break_holder] --><\/script><!-- [et_pb_line_break_holder] -->[\/et_pb_code][\/et_pb_column][\/et_pb_row][\/et_pb_section]<\/p>\n","protected":false},"excerpt":{"rendered":"<p>Hendelser fra klasserommetHendelser fra klasserommet Julians portrett \u00abJeg leste h\u00f8yt fra Rigel mens elevene fulgte med p\u00e5 smartboard. Jeg begynte p\u00e5 side 15, og f\u00f8rste lesestopp kom allerede her. I et utdelt arbeidshefte jeg lagde, skulle elevene skrive sitt eget portrett, basert p\u00e5 \u00abJulians portrett\u00bb. De som trengte det, fikk en modelltekst og stram skriveramme [&hellip;]<\/p>\n","protected":false},"author":10,"featured_media":0,"parent":0,"menu_order":0,"comment_status":"closed","ping_status":"closed","template":"","meta":{"_et_pb_use_builder":"on","_et_pb_old_content":"","_et_gb_content_width":"","footnotes":""},"trinn":[],"fag":[],"class_list":["post-11322","page","type-page","status-publish","hentry"],"_links":{"self":[{"href":"https:\/\/leselop.usn.no\/index.php?rest_route=\/wp\/v2\/pages\/11322","targetHints":{"allow":["GET"]}}],"collection":[{"href":"https:\/\/leselop.usn.no\/index.php?rest_route=\/wp\/v2\/pages"}],"about":[{"href":"https:\/\/leselop.usn.no\/index.php?rest_route=\/wp\/v2\/types\/page"}],"author":[{"embeddable":true,"href":"https:\/\/leselop.usn.no\/index.php?rest_route=\/wp\/v2\/users\/10"}],"replies":[{"embeddable":true,"href":"https:\/\/leselop.usn.no\/index.php?rest_route=%2Fwp%2Fv2%2Fcomments&post=11322"}],"version-history":[{"count":4,"href":"https:\/\/leselop.usn.no\/index.php?rest_route=\/wp\/v2\/pages\/11322\/revisions"}],"predecessor-version":[{"id":11328,"href":"https:\/\/leselop.usn.no\/index.php?rest_route=\/wp\/v2\/pages\/11322\/revisions\/11328"}],"wp:attachment":[{"href":"https:\/\/leselop.usn.no\/index.php?rest_route=%2Fwp%2Fv2%2Fmedia&parent=11322"}],"wp:term":[{"taxonomy":"trinn","embeddable":true,"href":"https:\/\/leselop.usn.no\/index.php?rest_route=%2Fwp%2Fv2%2Ftrinn&post=11322"},{"taxonomy":"fag","embeddable":true,"href":"https:\/\/leselop.usn.no\/index.php?rest_route=%2Fwp%2Fv2%2Ffag&post=11322"}],"curies":[{"name":"wp","href":"https:\/\/api.w.org\/{rel}","templated":true}]}}