{"id":11315,"date":"2025-09-01T18:18:52","date_gmt":"2025-09-01T16:18:52","guid":{"rendered":"https:\/\/leselop.usn.no\/?page_id=11315"},"modified":"2025-09-02T06:04:36","modified_gmt":"2025-09-02T04:04:36","slug":"studentlinje-rigel-aktivitet-7-anslag","status":"publish","type":"page","link":"https:\/\/leselop.usn.no\/?page_id=11315","title":{"rendered":"Studentlinje &#8211; Rigel &#8211; Aktivitet 7 &#8211; Anslag"},"content":{"rendered":"<p>[et_pb_section fb_built=&#8221;1&#8243; _builder_version=&#8221;4.21.0&#8243; _module_preset=&#8221;default&#8221; background_color=&#8221;#f4f4f4&#8243; custom_css_main_element=&#8221;min-height: 100vh;&#8221; da_disable_devices=&#8221;off|off|off&#8221; global_colors_info=&#8221;{}&#8221; da_is_popup=&#8221;off&#8221; da_exit_intent=&#8221;off&#8221; da_has_close=&#8221;on&#8221; da_alt_close=&#8221;off&#8221; da_dark_close=&#8221;off&#8221; da_not_modal=&#8221;on&#8221; da_is_singular=&#8221;off&#8221; da_with_loader=&#8221;off&#8221; da_has_shadow=&#8221;on&#8221;][et_pb_row column_structure=&#8221;1_4,3_4&#8243; use_custom_gutter=&#8221;on&#8221; gutter_width=&#8221;1&#8243; make_equal=&#8221;on&#8221; _builder_version=&#8221;4.27.4&#8243; _module_preset=&#8221;default&#8221; max_width=&#8221;850px&#8221; custom_css_main_element=&#8221;width:75% !important;&#8221; global_colors_info=&#8221;{}&#8221; custom_css_main_element_last_edited=&#8221;on|phone&#8221; custom_css_main_element_tablet=&#8221;width:75% !important;&#8221; custom_css_main_element_phone=&#8221;width:75% !important;&#8221;][et_pb_column type=&#8221;1_4&#8243; _builder_version=&#8221;4.21.0&#8243; _module_preset=&#8221;default&#8221; custom_css_main_element=&#8221;width:12% !important;&#8221; global_colors_info=&#8221;{}&#8221; custom_css_main_element_last_edited=&#8221;on|phone&#8221; custom_css_main_element_tablet=&#8221;width:18% !important;&#8221; custom_css_main_element_phone=&#8221;width:30% !important;&#8221;][et_pb_image src=&#8221;https:\/\/leselop.usn.no\/wp-content\/uploads\/2025\/06\/Leselop-skrive-green.png&#8221; title_text=&#8221;Leselop-skrive-green&#8221; src_tablet=&#8221;https:\/\/leselop.usn.no\/wp-content\/uploads\/2025\/06\/Leselop-skrive-green.png&#8221; src_phone=&#8221;https:\/\/leselop.usn.no\/wp-content\/uploads\/2025\/06\/Leselop-skrive-green.png&#8221; src_last_edited=&#8221;on|phone&#8221; _builder_version=&#8221;4.27.4&#8243; _module_preset=&#8221;default&#8221; global_colors_info=&#8221;{}&#8221;][\/et_pb_image][\/et_pb_column][et_pb_column type=&#8221;3_4&#8243; _builder_version=&#8221;4.27.4&#8243; _module_preset=&#8221;default&#8221; custom_css_main_element=&#8221;width:88% !important;||margin: auto;||padding-left: 30px;||&#8221; global_colors_info=&#8221;{}&#8221; custom_css_main_element_last_edited=&#8221;on|phone&#8221; custom_css_main_element_tablet=&#8221;width:82% !important;||padding-left: 25px;||padding-top:35px&#8221; custom_css_main_element_phone=&#8221;width:70% !important;||padding-left: 15px;||padding-top:22px;&#8221;][et_pb_text content_tablet=&#8221;<\/p>\n<h1>Anslag<\/h1>\n<p>&#8221; content_phone=&#8221;<\/p>\n<h3>Anslag<\/h3>\n<p>&#8221; content_last_edited=&#8221;on|phone&#8221; _builder_version=&#8221;4.27.4&#8243; _module_preset=&#8221;default&#8221; header_3_line_height=&#8221;1.4em&#8221; text_line_height_tablet=&#8221;&#8221; text_line_height_phone=&#8221;1.7em&#8221; text_line_height_last_edited=&#8221;on|phone&#8221; global_colors_info=&#8221;{}&#8221;]<\/p>\n<h1>Anslag<\/h1>\n<p>[\/et_pb_text][\/et_pb_column][\/et_pb_row][et_pb_row custom_padding_last_edited=&#8221;on|phone&#8221; _builder_version=&#8221;4.27.4&#8243; _module_preset=&#8221;default&#8221; background_color=&#8221;#ffffff&#8221; max_width=&#8221;850px&#8221; max_width_tablet=&#8221;850px&#8221; max_width_phone=&#8221;850px&#8221; max_width_last_edited=&#8221;on|desktop&#8221; custom_margin=&#8221;||40px||false|false&#8221; custom_padding=&#8221;90px|80px|90px|80px|false|false&#8221; custom_padding_tablet=&#8221;60px|60px|60px|60px|false|false&#8221; custom_padding_phone=&#8221;60px|40px|60px|40px|false|false&#8221; border_radii=&#8221;on|30px|30px|30px|30px&#8221; border_style_all=&#8221;dotted&#8221; global_colors_info=&#8221;{}&#8221;][et_pb_column type=&#8221;4_4&#8243; _builder_version=&#8221;4.21.0&#8243; _module_preset=&#8221;default&#8221; global_colors_info=&#8221;{}&#8221;][et_pb_text content_tablet=&#8221;<\/p>\n<h4 data-start=%2274%22 data-end=%22379%22><span>Anslag<\/span><\/h4>\n<p><em>\u00abTil anslaget hadde jeg skrevet ut og laminert tolv oppslag uten tekst fra boka. Jeg valgte seks oppslag som hadde lyse farger, og seks med m\u00f8rkere farger. Jeg la oppslagene p\u00e5 gulvet i et m\u00f8rkt klasserom, og sendte elevene inn en etter en. De fikk ikke annen beskjed enn \u00e5 v\u00e6re stille, ikke sette seg ned, og \u00e5 se ekstra n\u00f8ye hvor de gikk. De fikk et par minutter til \u00e5 undre seg over oppslagene, f\u00f8r jeg sa at de kunne sette seg ned. Derfra gikk vi over til neste aktivitet. Det var \u00e5 skrive ett ord de assosierte med fargene r\u00f8d, gul, gr\u00f8nn og bl\u00e5 p\u00e5 en farget lapp \u2013 og deretter klistre lappene p\u00e5 tavla. Det kunne v\u00e6re f\u00f8lelser eller konkrete ting, og jeg illustrerte dette med eksempler p\u00e5 egne lapper. Alle elevene fikk beskjed om \u00e5 skrive minimum et ord til hver farge, men elevene ble engasjert og alle skrev langt flere. Vi tok vare p\u00e5 lappene til neste aktivitet. Jeg valgte nettopp fargene r\u00f8d, gul, gr\u00f8nn og bl\u00e5, fordi de var mest tydelige p\u00e5 oppslagene fra boka\u00bb.<\/em><\/p>\n<p><em>\u00abI l\u00f8pet av praksisperioden har eg gjennomf\u00f8rt eit lesel\u00f8p med fokus p\u00e5 heilskapleg litteraturundervisning p\u00e5 10. trinn. Arbeidet starta med grundig planlegging der eg knytte opplegget til konkrete kompetansem\u00e5l i l\u00e6replanen, for s\u00e5 \u00e5 bryte ned til delm\u00e5l eg s\u00e5g som relevante. Undervisninga vart strukturert gjennom PowerPoint-presentasjonar og eit tilpassa arbeidshefte. For \u00e5 skape engasjement og interesse hos elevane, opna eg lesel\u00f8pet med ei multimodal tiln\u00e6rming der musikk, bilete og h\u00f8gtlesing vart kombinert som eit f\u00f8rste anslag\u00bb.<\/em><\/p>\n<p><em>\u00abVi gjennomf\u00f8rte undervisningsopplegget i en norsktime p\u00e5 totalt 60 minutter. Anslaget til timen bestod av en sanseopplevelse som m\u00f8tte elevene n\u00e5r de kom inn i klasserommet. Klasserommet var m\u00f8rkt, det ble spilt lystig musikk og det ble vist fine bilder av hav, skip og skj\u00e6rg\u00e5rd. Plutselig endret stemningen seg, og dyster musikk ble spilt samtidig som notiset om skipsforliset til Rigel kom opp p\u00e5 skjermen. Etter avsluttet anslag hadde vi en kort helklassesamtale der vi snakket om elevenes inntrykk og tanker. Den p\u00e5f\u00f8lgende aktiviteten utgjorde hoveddelen av timen, og her skulle elevene arbeide med ulike kilder og hva disse fortalte om Rigels historie. Elevene fikk utdelt utvalgte oppslag fra boken, samt en artikkel fra NRK og SNL. Videre arbeidet elevene med oppgaver der de sammenlignet hva kildene fortalte om skipet. Som avslutning skulle elevene svare p\u00e5 en l\u00e6ringskvittering, der de ble bedt om \u00e5 reflektere over hva de hadde l\u00e6rt i timen. Arbeidet foregikk i grupper p\u00e5 to og to.\u00bb<\/em><\/p>\n<ul><\/ul>\n<ul><\/ul>\n<p>&#8221; content_phone=&#8221;<\/p>\n<h4 data-start=%2274%22 data-end=%22379%22><span>Anslag<\/span><\/h4>\n<p><em>\u00abTil anslaget hadde jeg skrevet ut og laminert tolv oppslag uten tekst fra boka. Jeg valgte seks oppslag som hadde lyse farger, og seks med m\u00f8rkere farger. Jeg la oppslagene p\u00e5 gulvet i et m\u00f8rkt klasserom, og sendte elevene inn en etter en. De fikk ikke annen beskjed enn \u00e5 v\u00e6re stille, ikke sette seg ned, og \u00e5 se ekstra n\u00f8ye hvor de gikk. De fikk et par minutter til \u00e5 undre seg over oppslagene, f\u00f8r jeg sa at de kunne sette seg ned. Derfra gikk vi over til neste aktivitet. Det var \u00e5 skrive ett ord de assosierte med fargene r\u00f8d, gul, gr\u00f8nn og bl\u00e5 p\u00e5 en farget lapp \u2013 og deretter klistre lappene p\u00e5 tavla. Det kunne v\u00e6re f\u00f8lelser eller konkrete ting, og jeg illustrerte dette med eksempler p\u00e5 egne lapper. Alle elevene fikk beskjed om \u00e5 skrive minimum et ord til hver farge, men elevene ble engasjert og alle skrev langt flere. Vi tok vare p\u00e5 lappene til neste aktivitet. Jeg valgte nettopp fargene r\u00f8d, gul, gr\u00f8nn og bl\u00e5, fordi de var mest tydelige p\u00e5 oppslagene fra boka\u00bb.<\/em><\/p>\n<p><em>\u00abI l\u00f8pet av praksisperioden har eg gjennomf\u00f8rt eit lesel\u00f8p med fokus p\u00e5 heilskapleg litteraturundervisning p\u00e5 10. trinn. Arbeidet starta med grundig planlegging der eg knytte opplegget til konkrete kompetansem\u00e5l i l\u00e6replanen, for s\u00e5 \u00e5 bryte ned til delm\u00e5l eg s\u00e5g som relevante. Undervisninga vart strukturert gjennom PowerPoint-presentasjonar og eit tilpassa arbeidshefte. For \u00e5 skape engasjement og interesse hos elevane, opna eg lesel\u00f8pet med ei multimodal tiln\u00e6rming der musikk, bilete og h\u00f8gtlesing vart kombinert som eit f\u00f8rste anslag\u00bb.<\/em><\/p>\n<p><em>\u00abVi gjennomf\u00f8rte undervisningsopplegget i en norsktime p\u00e5 totalt 60 minutter. Anslaget til timen bestod av en sanseopplevelse som m\u00f8tte elevene n\u00e5r de kom inn i klasserommet. Klasserommet var m\u00f8rkt, det ble spilt lystig musikk og det ble vist fine bilder av hav, skip og skj\u00e6rg\u00e5rd. Plutselig endret stemningen seg, og dyster musikk ble spilt samtidig som notiset om skipsforliset til Rigel kom opp p\u00e5 skjermen. Etter avsluttet anslag hadde vi en kort helklassesamtale der vi snakket om elevenes inntrykk og tanker. Den p\u00e5f\u00f8lgende aktiviteten utgjorde hoveddelen av timen, og her skulle elevene arbeide med ulike kilder og hva disse fortalte om Rigels historie. Elevene fikk utdelt utvalgte oppslag fra boken, samt en artikkel fra NRK og SNL. Videre arbeidet elevene med oppgaver der de sammenlignet hva kildene fortalte om skipet. Som avslutning skulle elevene svare p\u00e5 en l\u00e6ringskvittering, der de ble bedt om \u00e5 reflektere over hva de hadde l\u00e6rt i timen. Arbeidet foregikk i grupper p\u00e5 to og to.\u00bb<\/em><\/p>\n<ul><\/ul>\n<ul><\/ul>\n<p>&#8221; content_last_edited=&#8221;on|phone&#8221; _builder_version=&#8221;4.27.4&#8243; _module_preset=&#8221;default&#8221; text_font_size=&#8221;17px&#8221; text_line_height=&#8221;1.8em&#8221; ul_line_height=&#8221;1.8em&#8221; hover_enabled=&#8221;0&#8243; text_font_size_tablet=&#8221;16px&#8221; text_font_size_phone=&#8221;15px&#8221; text_font_size_last_edited=&#8221;on|tablet&#8221; text_line_height_tablet=&#8221;1.8em&#8221; text_line_height_phone=&#8221;1.5em&#8221; text_line_height_last_edited=&#8221;on|desktop&#8221; global_colors_info=&#8221;{}&#8221; sticky_enabled=&#8221;0&#8243;]<\/p>\n<h4 data-start=\"74\" data-end=\"379\"><span>Anslag<\/span><\/h4>\n<p><em>\u00abTil anslaget hadde jeg skrevet ut og laminert tolv oppslag uten tekst fra boka. Jeg valgte seks oppslag som hadde lyse farger, og seks med m\u00f8rkere farger. Jeg la oppslagene p\u00e5 gulvet i et m\u00f8rkt klasserom, og sendte elevene inn en etter en. De fikk ikke annen beskjed enn \u00e5 v\u00e6re stille, ikke sette seg ned, og \u00e5 se ekstra n\u00f8ye hvor de gikk. De fikk et par minutter til \u00e5 undre seg over oppslagene, f\u00f8r jeg sa at de kunne sette seg ned. Derfra gikk vi over til neste aktivitet. Det var \u00e5 skrive ett ord de assosierte med fargene r\u00f8d, gul, gr\u00f8nn og bl\u00e5 p\u00e5 en farget lapp \u2013 og deretter klistre lappene p\u00e5 tavla. Det kunne v\u00e6re f\u00f8lelser eller konkrete ting, og jeg illustrerte dette med eksempler p\u00e5 egne lapper. Alle elevene fikk beskjed om \u00e5 skrive minimum et ord til hver farge, men elevene ble engasjert og alle skrev langt flere. Vi tok vare p\u00e5 lappene til neste aktivitet. Jeg valgte nettopp fargene r\u00f8d, gul, gr\u00f8nn og bl\u00e5, fordi de var mest tydelige p\u00e5 oppslagene fra boka\u00bb.<\/em><\/p>\n<p><em>\u00abI l\u00f8pet av praksisperioden har eg gjennomf\u00f8rt eit lesel\u00f8p med fokus p\u00e5 heilskapleg litteraturundervisning p\u00e5 10. trinn. Arbeidet starta med grundig planlegging der eg knytte opplegget til konkrete kompetansem\u00e5l i l\u00e6replanen, for s\u00e5 \u00e5 bryte ned til delm\u00e5l eg s\u00e5g som relevante. Undervisninga vart strukturert gjennom PowerPoint-presentasjonar og eit tilpassa arbeidshefte. For \u00e5 skape engasjement og interesse hos elevane, opna eg lesel\u00f8pet med ei multimodal tiln\u00e6rming der musikk, bilete og h\u00f8gtlesing vart kombinert som eit f\u00f8rste anslag\u00bb.<\/em><\/p>\n<p><em>\u00abVi gjennomf\u00f8rte undervisningsopplegget i en norsktime p\u00e5 totalt 60 minutter. Anslaget til timen bestod av en sanseopplevelse som m\u00f8tte elevene n\u00e5r de kom inn i klasserommet. Klasserommet var m\u00f8rkt, det ble spilt lystig musikk og det ble vist fine bilder av hav, skip og skj\u00e6rg\u00e5rd. Plutselig endret stemningen seg, og dyster musikk ble spilt samtidig som notiset om skipsforliset til Rigel kom opp p\u00e5 skjermen. Etter avsluttet anslag hadde vi en kort helklassesamtale der vi snakket om elevenes inntrykk og tanker. Den p\u00e5f\u00f8lgende aktiviteten utgjorde hoveddelen av timen, og her skulle elevene arbeide med ulike kilder og hva disse fortalte om Rigels historie. Elevene fikk utdelt utvalgte oppslag fra boken, samt en artikkel fra NRK og SNL. Videre arbeidet elevene med oppgaver der de sammenlignet hva kildene fortalte om skipet. Som avslutning skulle elevene svare p\u00e5 en l\u00e6ringskvittering, der de ble bedt om \u00e5 reflektere over hva de hadde l\u00e6rt i timen. Arbeidet foregikk i grupper p\u00e5 to og to.\u00bb<\/em><\/p>\n<p>[\/et_pb_text][\/et_pb_column][\/et_pb_row][et_pb_row _builder_version=&#8221;4.21.0&#8243; _module_preset=&#8221;default&#8221; max_width=&#8221;850px&#8221; module_alignment=&#8221;center&#8221; global_colors_info=&#8221;{}&#8221;][et_pb_column type=&#8221;4_4&#8243; _builder_version=&#8221;4.21.0&#8243; _module_preset=&#8221;default&#8221; global_colors_info=&#8221;{}&#8221;][et_pb_code _builder_version=&#8221;4.21.0&#8243; _module_preset=&#8221;default&#8221; text_orientation=&#8221;center&#8221; global_colors_info=&#8221;{}&#8221;]<button id=\"backButton\" style=\"<!-- [et_pb_line_break_holder] -->background: #8dcfb7; <!-- [et_pb_line_break_holder] -->border-radius: 10px; <!-- [et_pb_line_break_holder] -->width: 100px; <!-- [et_pb_line_break_holder] -->height: 40px; <!-- [et_pb_line_break_holder] -->border: none; <!-- [et_pb_line_break_holder] -->font-size: 18px;<!-- [et_pb_line_break_holder] -->color: #000000; <!-- [et_pb_line_break_holder] -->transform: uppercase;&#8221; <!-- [et_pb_line_break_holder] -->onmouseover=&#8221;this.style.backgroundColor=&#8217;#5a5e5e&#8217;; this.style.color=&#8217;#ffffff&#8217;;&#8221;<!-- [et_pb_line_break_holder] -->onmouseout=&#8221;this.style.backgroundColor=&#8217;#8dcfb7&#8242;; this.style.color=&#8217;#000000&#8242;;&#8221; <!-- [et_pb_line_break_holder] -->onclick=&#8221;myFunction()&#8221;>Tilbake<\/button><!-- [et_pb_line_break_holder] --><!-- [et_pb_line_break_holder] --><script><!-- [et_pb_line_break_holder] -->document.addEventListener('DOMContentLoaded', function() {<!-- [et_pb_line_break_holder] -->  var backButton = document.getElementById('backButton'); <!-- [et_pb_line_break_holder] -->  <!-- [et_pb_line_break_holder] -->  if (backButton) {<!-- [et_pb_line_break_holder] -->    backButton.addEventListener('click', function() {<!-- [et_pb_line_break_holder] -->      window.history.back();<!-- [et_pb_line_break_holder] -->    });<!-- [et_pb_line_break_holder] -->  }<!-- [et_pb_line_break_holder] -->});<!-- [et_pb_line_break_holder] --><\/script><!-- [et_pb_line_break_holder] -->[\/et_pb_code][\/et_pb_column][\/et_pb_row][\/et_pb_section]<\/p>\n","protected":false},"excerpt":{"rendered":"<p>AnslagAnslag \u00abTil anslaget hadde jeg skrevet ut og laminert tolv oppslag uten tekst fra boka. Jeg valgte seks oppslag som hadde lyse farger, og seks med m\u00f8rkere farger. Jeg la oppslagene p\u00e5 gulvet i et m\u00f8rkt klasserom, og sendte elevene inn en etter en. De fikk ikke annen beskjed enn \u00e5 v\u00e6re stille, ikke sette [&hellip;]<\/p>\n","protected":false},"author":10,"featured_media":0,"parent":0,"menu_order":0,"comment_status":"closed","ping_status":"closed","template":"","meta":{"_et_pb_use_builder":"on","_et_pb_old_content":"","_et_gb_content_width":"","footnotes":""},"trinn":[],"fag":[],"class_list":["post-11315","page","type-page","status-publish","hentry"],"_links":{"self":[{"href":"https:\/\/leselop.usn.no\/index.php?rest_route=\/wp\/v2\/pages\/11315","targetHints":{"allow":["GET"]}}],"collection":[{"href":"https:\/\/leselop.usn.no\/index.php?rest_route=\/wp\/v2\/pages"}],"about":[{"href":"https:\/\/leselop.usn.no\/index.php?rest_route=\/wp\/v2\/types\/page"}],"author":[{"embeddable":true,"href":"https:\/\/leselop.usn.no\/index.php?rest_route=\/wp\/v2\/users\/10"}],"replies":[{"embeddable":true,"href":"https:\/\/leselop.usn.no\/index.php?rest_route=%2Fwp%2Fv2%2Fcomments&post=11315"}],"version-history":[{"count":3,"href":"https:\/\/leselop.usn.no\/index.php?rest_route=\/wp\/v2\/pages\/11315\/revisions"}],"predecessor-version":[{"id":11329,"href":"https:\/\/leselop.usn.no\/index.php?rest_route=\/wp\/v2\/pages\/11315\/revisions\/11329"}],"wp:attachment":[{"href":"https:\/\/leselop.usn.no\/index.php?rest_route=%2Fwp%2Fv2%2Fmedia&parent=11315"}],"wp:term":[{"taxonomy":"trinn","embeddable":true,"href":"https:\/\/leselop.usn.no\/index.php?rest_route=%2Fwp%2Fv2%2Ftrinn&post=11315"},{"taxonomy":"fag","embeddable":true,"href":"https:\/\/leselop.usn.no\/index.php?rest_route=%2Fwp%2Fv2%2Ffag&post=11315"}],"curies":[{"name":"wp","href":"https:\/\/api.w.org\/{rel}","templated":true}]}}