{"id":11312,"date":"2025-09-01T18:06:55","date_gmt":"2025-09-01T16:06:55","guid":{"rendered":"https:\/\/leselop.usn.no\/?page_id=11312"},"modified":"2025-09-02T10:48:44","modified_gmt":"2025-09-02T08:48:44","slug":"studentlinje-rigel-aktivitet-7-praksisoppgave","status":"publish","type":"page","link":"https:\/\/leselop.usn.no\/?page_id=11312","title":{"rendered":"Studentlinje &#8211; Rigel &#8211; Aktivitet 7 &#8211; Praksisoppgave"},"content":{"rendered":"<p>[et_pb_section fb_built=&#8221;1&#8243; _builder_version=&#8221;4.21.0&#8243; _module_preset=&#8221;default&#8221; background_color=&#8221;#f4f4f4&#8243; custom_css_main_element=&#8221;min-height: 100vh;&#8221; da_disable_devices=&#8221;off|off|off&#8221; global_colors_info=&#8221;{}&#8221; da_is_popup=&#8221;off&#8221; da_exit_intent=&#8221;off&#8221; da_has_close=&#8221;on&#8221; da_alt_close=&#8221;off&#8221; da_dark_close=&#8221;off&#8221; da_not_modal=&#8221;on&#8221; da_is_singular=&#8221;off&#8221; da_with_loader=&#8221;off&#8221; da_has_shadow=&#8221;on&#8221;][et_pb_row column_structure=&#8221;1_4,3_4&#8243; use_custom_gutter=&#8221;on&#8221; gutter_width=&#8221;1&#8243; make_equal=&#8221;on&#8221; _builder_version=&#8221;4.27.4&#8243; _module_preset=&#8221;default&#8221; max_width=&#8221;850px&#8221; custom_css_main_element=&#8221;width:75% !important;&#8221; global_colors_info=&#8221;{}&#8221; custom_css_main_element_last_edited=&#8221;on|phone&#8221; custom_css_main_element_tablet=&#8221;width:75% !important;&#8221; custom_css_main_element_phone=&#8221;width:75% !important;&#8221;][et_pb_column type=&#8221;1_4&#8243; _builder_version=&#8221;4.21.0&#8243; _module_preset=&#8221;default&#8221; custom_css_main_element=&#8221;width:12% !important;&#8221; global_colors_info=&#8221;{}&#8221; custom_css_main_element_last_edited=&#8221;on|phone&#8221; custom_css_main_element_tablet=&#8221;width:18% !important;&#8221; custom_css_main_element_phone=&#8221;width:30% !important;&#8221;][et_pb_image src=&#8221;https:\/\/leselop.usn.no\/wp-content\/uploads\/2025\/06\/Leselop-skrive-green.png&#8221; title_text=&#8221;Leselop-skrive-green&#8221; src_tablet=&#8221;https:\/\/leselop.usn.no\/wp-content\/uploads\/2025\/06\/Leselop-skrive-green.png&#8221; src_phone=&#8221;https:\/\/leselop.usn.no\/wp-content\/uploads\/2025\/06\/Leselop-skrive-green.png&#8221; src_last_edited=&#8221;on|phone&#8221; _builder_version=&#8221;4.27.4&#8243; _module_preset=&#8221;default&#8221; global_colors_info=&#8221;{}&#8221;][\/et_pb_image][\/et_pb_column][et_pb_column type=&#8221;3_4&#8243; _builder_version=&#8221;4.27.4&#8243; _module_preset=&#8221;default&#8221; custom_css_main_element=&#8221;width:88% !important;||margin: auto;||padding-left: 30px;||&#8221; global_colors_info=&#8221;{}&#8221; custom_css_main_element_last_edited=&#8221;on|phone&#8221; custom_css_main_element_tablet=&#8221;width:82% !important;||padding-left: 25px;||padding-top:35px&#8221; custom_css_main_element_phone=&#8221;width:70% !important;||padding-left: 15px;||padding-top:22px;&#8221;][et_pb_text content_tablet=&#8221;<\/p>\n<h1>Praksisoppgave<\/h1>\n<p>&#8221; content_phone=&#8221;<\/p>\n<h3>Praksisoppgave<\/h3>\n<p>&#8221; content_last_edited=&#8221;on|phone&#8221; _builder_version=&#8221;4.27.4&#8243; _module_preset=&#8221;default&#8221; header_3_line_height=&#8221;1.4em&#8221; text_line_height_tablet=&#8221;&#8221; text_line_height_phone=&#8221;1.7em&#8221; text_line_height_last_edited=&#8221;on|phone&#8221; global_colors_info=&#8221;{}&#8221;]<\/p>\n<h1>Praksisoppgave<\/h1>\n<p>[\/et_pb_text][\/et_pb_column][\/et_pb_row][et_pb_row custom_padding_last_edited=&#8221;on|phone&#8221; _builder_version=&#8221;4.27.4&#8243; _module_preset=&#8221;default&#8221; background_color=&#8221;#ffffff&#8221; max_width=&#8221;850px&#8221; max_width_tablet=&#8221;850px&#8221; max_width_phone=&#8221;850px&#8221; max_width_last_edited=&#8221;on|desktop&#8221; custom_margin=&#8221;||40px||false|false&#8221; custom_padding=&#8221;90px|80px|90px|80px|false|false&#8221; custom_padding_tablet=&#8221;60px|60px|60px|60px|false|false&#8221; custom_padding_phone=&#8221;60px|40px|60px|40px|false|false&#8221; border_radii=&#8221;on|30px|30px|30px|30px&#8221; border_style_all=&#8221;dotted&#8221; global_colors_info=&#8221;{}&#8221;][et_pb_column type=&#8221;4_4&#8243; _builder_version=&#8221;4.21.0&#8243; _module_preset=&#8221;default&#8221; global_colors_info=&#8221;{}&#8221;][et_pb_text content_tablet=&#8221;<\/p>\n<h4 data-start=%2274%22 data-end=%22379%22><span>3. En individuell refleksjonstekst, etter gjennomf\u00f8rt praksis.<\/span><\/h4>\n<p data-start=%22132%22 data-end=%22375%22>Teksten inneholder en kort (ett\u2013to avsnitt) forklaring av hvilke aktiviteter som ble gjennomf\u00f8rt og hvordan. Hoveddelen av teksten skal v\u00e6re en evaluering av gjennomf\u00f8ringen, der dere kan velge \u00e5 reflektere rundt (noen av) f\u00f8lgende sp\u00f8rsm\u00e5l:<\/p>\n<ul data-start=%22377%22 data-end=%22842%22>\n<li data-start=%22377%22 data-end=%22453%22>\n<p data-start=%22379%22 data-end=%22453%22>Hvordan opplevde du \u00e5 jobbe med undervisningsplanlegging som et lesel\u00f8p?<\/p>\n<\/li>\n<li data-start=%22454%22 data-end=%22614%22>\n<p data-start=%22456%22 data-end=%22614%22>Hvordan opplevde du \u00e5 gjennomf\u00f8re undervisningen? Var dette en kjent\/ukjent m\u00e5te \u00e5 arbeide p\u00e5 for elevene? Fikk dere evt. noen tilbakemeldinger fra elevene?<\/p>\n<\/li>\n<li data-start=%22615%22 data-end=%22702%22>\n<p data-start=%22617%22 data-end=%22702%22>Er dette en ny m\u00e5te for deg \u00e5 planlegge undervisning p\u00e5? Hva er nytt? Hva er kjent?<\/p>\n<\/li>\n<li data-start=%22703%22 data-end=%22768%22>\n<p data-start=%22705%22 data-end=%22768%22>Hva er merverdien av \u00e5 tenke leseundervisning p\u00e5 denne m\u00e5ten?<\/p>\n<\/li>\n<li data-start=%22769%22 data-end=%22842%22>\n<p data-start=%22771%22 data-end=%22842%22>Hva er utfordringene med \u00e5 jobbe med leseundervisning p\u00e5 denne m\u00e5ten?<\/p>\n<\/li>\n<\/ul>\n<p data-start=%22844%22 data-end=%22915%22>Dere f\u00e5r en skriftlig tilbakemelding p\u00e5 teksten. Omfang: Ca. 2 sider.<\/p>\n<ul><\/ul>\n<ul><\/ul>\n<p>&#8221; content_phone=&#8221;<\/p>\n<h4 data-start=%2274%22 data-end=%22379%22><span>3. En individuell refleksjonstekst, etter gjennomf\u00f8rt praksis.<\/span><\/h4>\n<p data-start=%22132%22 data-end=%22375%22>Teksten inneholder en kort (ett\u2013to avsnitt) forklaring av hvilke aktiviteter som ble gjennomf\u00f8rt og hvordan. Hoveddelen av teksten skal v\u00e6re en evaluering av gjennomf\u00f8ringen, der dere kan velge \u00e5 reflektere rundt (noen av) f\u00f8lgende sp\u00f8rsm\u00e5l:<\/p>\n<ul data-start=%22377%22 data-end=%22842%22>\n<li data-start=%22377%22 data-end=%22453%22>\n<p data-start=%22379%22 data-end=%22453%22>Hvordan opplevde du \u00e5 jobbe med undervisningsplanlegging som et lesel\u00f8p?<\/p>\n<\/li>\n<li data-start=%22454%22 data-end=%22614%22>\n<p data-start=%22456%22 data-end=%22614%22>Hvordan opplevde du \u00e5 gjennomf\u00f8re undervisningen? Var dette en kjent\/ukjent m\u00e5te \u00e5 arbeide p\u00e5 for elevene? Fikk dere evt. noen tilbakemeldinger fra elevene?<\/p>\n<\/li>\n<li data-start=%22615%22 data-end=%22702%22>\n<p data-start=%22617%22 data-end=%22702%22>Er dette en ny m\u00e5te for deg \u00e5 planlegge undervisning p\u00e5? Hva er nytt? Hva er kjent?<\/p>\n<\/li>\n<li data-start=%22703%22 data-end=%22768%22>\n<p data-start=%22705%22 data-end=%22768%22>Hva er merverdien av \u00e5 tenke leseundervisning p\u00e5 denne m\u00e5ten?<\/p>\n<\/li>\n<li data-start=%22769%22 data-end=%22842%22>\n<p data-start=%22771%22 data-end=%22842%22>Hva er utfordringene med \u00e5 jobbe med leseundervisning p\u00e5 denne m\u00e5ten?<\/p>\n<\/li>\n<\/ul>\n<p data-start=%22844%22 data-end=%22915%22>Dere f\u00e5r en skriftlig tilbakemelding p\u00e5 teksten. Omfang: Ca. 2 sider.<\/p>\n<ul><\/ul>\n<ul><\/ul>\n<p>&#8221; content_last_edited=&#8221;on|phone&#8221; _builder_version=&#8221;4.27.4&#8243; _module_preset=&#8221;default&#8221; text_font_size=&#8221;17px&#8221; text_line_height=&#8221;1.8em&#8221; ul_line_height=&#8221;1.8em&#8221; hover_enabled=&#8221;0&#8243; text_font_size_tablet=&#8221;17px&#8221; text_font_size_phone=&#8221;17px&#8221; text_font_size_last_edited=&#8221;on|desktop&#8221; text_line_height_tablet=&#8221;1.8em&#8221; text_line_height_phone=&#8221;1.5em&#8221; text_line_height_last_edited=&#8221;on|desktop&#8221; global_colors_info=&#8221;{}&#8221; sticky_enabled=&#8221;0&#8243; header_4_line_height=&#8221;1.6em&#8221;]<\/p>\n<h4 data-start=\"74\" data-end=\"379\"><span>3. En individuell refleksjonstekst, etter gjennomf\u00f8rt praksis.<\/span><\/h4>\n<p data-start=\"132\" data-end=\"375\">Teksten inneholder en kort (ett\u2013to avsnitt) forklaring av hvilke aktiviteter som ble gjennomf\u00f8rt og hvordan. Hoveddelen av teksten skal v\u00e6re en evaluering av gjennomf\u00f8ringen, der dere kan velge \u00e5 reflektere rundt (noen av) f\u00f8lgende sp\u00f8rsm\u00e5l:<\/p>\n<ul data-start=\"377\" data-end=\"842\">\n<li data-start=\"377\" data-end=\"453\">\n<p data-start=\"379\" data-end=\"453\">Hvordan opplevde du \u00e5 jobbe med undervisningsplanlegging som et lesel\u00f8p?<\/p>\n<\/li>\n<li data-start=\"454\" data-end=\"614\">\n<p data-start=\"456\" data-end=\"614\">Hvordan opplevde du \u00e5 gjennomf\u00f8re undervisningen? Var dette en kjent\/ukjent m\u00e5te \u00e5 arbeide p\u00e5 for elevene? Fikk dere evt. noen tilbakemeldinger fra elevene?<\/p>\n<\/li>\n<li data-start=\"615\" data-end=\"702\">\n<p data-start=\"617\" data-end=\"702\">Er dette en ny m\u00e5te for deg \u00e5 planlegge undervisning p\u00e5? Hva er nytt? Hva er kjent?<\/p>\n<\/li>\n<li data-start=\"703\" data-end=\"768\">\n<p data-start=\"705\" data-end=\"768\">Hva er merverdien av \u00e5 tenke leseundervisning p\u00e5 denne m\u00e5ten?<\/p>\n<\/li>\n<li data-start=\"769\" data-end=\"842\">\n<p data-start=\"771\" data-end=\"842\">Hva er utfordringene med \u00e5 jobbe med leseundervisning p\u00e5 denne m\u00e5ten?<\/p>\n<\/li>\n<\/ul>\n<p data-start=\"844\" data-end=\"915\">Dere f\u00e5r en skriftlig tilbakemelding p\u00e5 teksten. Omfang: Ca. 2 sider.<\/p>\n<p>[\/et_pb_text][\/et_pb_column][\/et_pb_row][et_pb_row _builder_version=&#8221;4.21.0&#8243; _module_preset=&#8221;default&#8221; max_width=&#8221;850px&#8221; module_alignment=&#8221;center&#8221; global_colors_info=&#8221;{}&#8221;][et_pb_column type=&#8221;4_4&#8243; _builder_version=&#8221;4.21.0&#8243; _module_preset=&#8221;default&#8221; global_colors_info=&#8221;{}&#8221;][et_pb_code _builder_version=&#8221;4.21.0&#8243; _module_preset=&#8221;default&#8221; text_orientation=&#8221;center&#8221; global_colors_info=&#8221;{}&#8221;]<button id=\"backButton\" style=\"<!-- [et_pb_line_break_holder] -->background: #8dcfb7; <!-- [et_pb_line_break_holder] -->border-radius: 10px; <!-- [et_pb_line_break_holder] -->width: 100px; <!-- [et_pb_line_break_holder] -->height: 40px; <!-- [et_pb_line_break_holder] -->border: none; <!-- [et_pb_line_break_holder] -->font-size: 18px;<!-- [et_pb_line_break_holder] -->color: #000000; <!-- [et_pb_line_break_holder] -->transform: uppercase;&#8221; <!-- [et_pb_line_break_holder] -->onmouseover=&#8221;this.style.backgroundColor=&#8217;#5a5e5e&#8217;; this.style.color=&#8217;#ffffff&#8217;;&#8221;<!-- [et_pb_line_break_holder] -->onmouseout=&#8221;this.style.backgroundColor=&#8217;#8dcfb7&#8242;; this.style.color=&#8217;#000000&#8242;;&#8221; <!-- [et_pb_line_break_holder] -->onclick=&#8221;myFunction()&#8221;>Tilbake<\/button><!-- [et_pb_line_break_holder] --><!-- [et_pb_line_break_holder] --><script><!-- [et_pb_line_break_holder] -->document.addEventListener('DOMContentLoaded', function() {<!-- [et_pb_line_break_holder] -->  var backButton = document.getElementById('backButton'); <!-- [et_pb_line_break_holder] -->  <!-- [et_pb_line_break_holder] -->  if (backButton) {<!-- [et_pb_line_break_holder] -->    backButton.addEventListener('click', function() {<!-- [et_pb_line_break_holder] -->      window.history.back();<!-- [et_pb_line_break_holder] -->    });<!-- [et_pb_line_break_holder] -->  }<!-- [et_pb_line_break_holder] -->});<!-- [et_pb_line_break_holder] --><\/script><!-- [et_pb_line_break_holder] -->[\/et_pb_code][\/et_pb_column][\/et_pb_row][\/et_pb_section]<\/p>\n","protected":false},"excerpt":{"rendered":"<p>Praksisoppgave3. En individuell refleksjonstekst, etter gjennomf\u00f8rt praksis. Teksten inneholder en kort (ett\u2013to avsnitt) forklaring av hvilke aktiviteter som ble gjennomf\u00f8rt og hvordan. Hoveddelen av teksten skal v\u00e6re en evaluering av gjennomf\u00f8ringen, der dere kan velge \u00e5 reflektere rundt (noen av) f\u00f8lgende sp\u00f8rsm\u00e5l: Hvordan opplevde du \u00e5 jobbe med undervisningsplanlegging som et lesel\u00f8p? Hvordan opplevde du [&hellip;]<\/p>\n","protected":false},"author":10,"featured_media":0,"parent":0,"menu_order":0,"comment_status":"closed","ping_status":"closed","template":"","meta":{"_et_pb_use_builder":"on","_et_pb_old_content":"","_et_gb_content_width":"","footnotes":""},"trinn":[],"fag":[],"class_list":["post-11312","page","type-page","status-publish","hentry"],"_links":{"self":[{"href":"https:\/\/leselop.usn.no\/index.php?rest_route=\/wp\/v2\/pages\/11312","targetHints":{"allow":["GET"]}}],"collection":[{"href":"https:\/\/leselop.usn.no\/index.php?rest_route=\/wp\/v2\/pages"}],"about":[{"href":"https:\/\/leselop.usn.no\/index.php?rest_route=\/wp\/v2\/types\/page"}],"author":[{"embeddable":true,"href":"https:\/\/leselop.usn.no\/index.php?rest_route=\/wp\/v2\/users\/10"}],"replies":[{"embeddable":true,"href":"https:\/\/leselop.usn.no\/index.php?rest_route=%2Fwp%2Fv2%2Fcomments&post=11312"}],"version-history":[{"count":3,"href":"https:\/\/leselop.usn.no\/index.php?rest_route=\/wp\/v2\/pages\/11312\/revisions"}],"predecessor-version":[{"id":11400,"href":"https:\/\/leselop.usn.no\/index.php?rest_route=\/wp\/v2\/pages\/11312\/revisions\/11400"}],"wp:attachment":[{"href":"https:\/\/leselop.usn.no\/index.php?rest_route=%2Fwp%2Fv2%2Fmedia&parent=11312"}],"wp:term":[{"taxonomy":"trinn","embeddable":true,"href":"https:\/\/leselop.usn.no\/index.php?rest_route=%2Fwp%2Fv2%2Ftrinn&post=11312"},{"taxonomy":"fag","embeddable":true,"href":"https:\/\/leselop.usn.no\/index.php?rest_route=%2Fwp%2Fv2%2Ffag&post=11312"}],"curies":[{"name":"wp","href":"https:\/\/api.w.org\/{rel}","templated":true}]}}