{"id":11278,"date":"2025-09-01T16:28:43","date_gmt":"2025-09-01T14:28:43","guid":{"rendered":"https:\/\/leselop.usn.no\/?page_id=11278"},"modified":"2025-09-02T10:50:44","modified_gmt":"2025-09-02T08:50:44","slug":"studentlinje-rigel-aktivitet-5-oppgave-sokratisk-sirkel","status":"publish","type":"page","link":"https:\/\/leselop.usn.no\/?page_id=11278","title":{"rendered":"Studentlinje &#8211; Rigel &#8211; Aktivitet 5 &#8211; Oppgave &#8211; sokratisk sirkel"},"content":{"rendered":"<p>[et_pb_section fb_built=&#8221;1&#8243; _builder_version=&#8221;4.21.0&#8243; _module_preset=&#8221;default&#8221; background_color=&#8221;#f4f4f4&#8243; custom_css_main_element=&#8221;min-height: 100vh;&#8221; da_disable_devices=&#8221;off|off|off&#8221; global_colors_info=&#8221;{}&#8221; da_is_popup=&#8221;off&#8221; da_exit_intent=&#8221;off&#8221; da_has_close=&#8221;on&#8221; da_alt_close=&#8221;off&#8221; da_dark_close=&#8221;off&#8221; da_not_modal=&#8221;on&#8221; da_is_singular=&#8221;off&#8221; da_with_loader=&#8221;off&#8221; da_has_shadow=&#8221;on&#8221;][et_pb_row column_structure=&#8221;1_4,3_4&#8243; use_custom_gutter=&#8221;on&#8221; gutter_width=&#8221;1&#8243; make_equal=&#8221;on&#8221; _builder_version=&#8221;4.27.4&#8243; _module_preset=&#8221;default&#8221; max_width=&#8221;850px&#8221; custom_css_main_element=&#8221;width:75% !important;&#8221; global_colors_info=&#8221;{}&#8221; custom_css_main_element_last_edited=&#8221;on|phone&#8221; custom_css_main_element_tablet=&#8221;width:75% !important;&#8221; custom_css_main_element_phone=&#8221;width:75% !important;&#8221;][et_pb_column type=&#8221;1_4&#8243; _builder_version=&#8221;4.21.0&#8243; _module_preset=&#8221;default&#8221; custom_css_main_element=&#8221;width:12% !important;&#8221; global_colors_info=&#8221;{}&#8221; custom_css_main_element_last_edited=&#8221;on|phone&#8221; custom_css_main_element_tablet=&#8221;width:18% !important;&#8221; custom_css_main_element_phone=&#8221;width:30% !important;&#8221;][et_pb_image src=&#8221;https:\/\/leselop.usn.no\/wp-content\/uploads\/2025\/06\/Leselop-skrive-green.png&#8221; title_text=&#8221;Leselop-skrive-green&#8221; src_tablet=&#8221;https:\/\/leselop.usn.no\/wp-content\/uploads\/2025\/06\/Leselop-skrive-green.png&#8221; src_phone=&#8221;https:\/\/leselop.usn.no\/wp-content\/uploads\/2025\/06\/Leselop-skrive-green.png&#8221; src_last_edited=&#8221;on|phone&#8221; _builder_version=&#8221;4.27.4&#8243; _module_preset=&#8221;default&#8221; global_colors_info=&#8221;{}&#8221;][\/et_pb_image][\/et_pb_column][et_pb_column type=&#8221;3_4&#8243; _builder_version=&#8221;4.27.4&#8243; _module_preset=&#8221;default&#8221; custom_css_main_element=&#8221;width:88% !important;||margin: auto;||padding-left: 30px;||&#8221; global_colors_info=&#8221;{}&#8221; custom_css_main_element_last_edited=&#8221;on|phone&#8221; custom_css_main_element_tablet=&#8221;width:82% !important;||padding-left: 25px;||padding-top:35px&#8221; custom_css_main_element_phone=&#8221;width:70% !important;||padding-left: 15px;||padding-top:12px;&#8221;][et_pb_text content_tablet=&#8221;<\/p>\n<h1>Oppgave Sokratisk sirkel<\/h1>\n<p>&#8221; content_phone=&#8221;<\/p>\n<h3>Oppgave <br \/>Sokratisk sirkel<\/h3>\n<p>&#8221; content_last_edited=&#8221;on|phone&#8221; _builder_version=&#8221;4.27.4&#8243; _module_preset=&#8221;default&#8221; header_3_line_height=&#8221;1.4em&#8221; text_line_height_tablet=&#8221;&#8221; text_line_height_phone=&#8221;1.7em&#8221; text_line_height_last_edited=&#8221;on|phone&#8221; global_colors_info=&#8221;{}&#8221;]<\/p>\n<h1>Oppgave Sokratisk sirkel<\/h1>\n<p>[\/et_pb_text][\/et_pb_column][\/et_pb_row][et_pb_row custom_padding_last_edited=&#8221;on|phone&#8221; _builder_version=&#8221;4.27.4&#8243; _module_preset=&#8221;default&#8221; background_color=&#8221;#ffffff&#8221; max_width=&#8221;850px&#8221; max_width_tablet=&#8221;850px&#8221; max_width_phone=&#8221;850px&#8221; max_width_last_edited=&#8221;on|desktop&#8221; custom_margin=&#8221;||30px||false|false&#8221; custom_padding=&#8221;90px|80px|90px|80px|false|false&#8221; custom_padding_tablet=&#8221;60px|60px|60px|60px|false|false&#8221; custom_padding_phone=&#8221;60px|40px|60px|40px|false|false&#8221; border_radii=&#8221;on|30px|30px|30px|30px&#8221; border_style_all=&#8221;dotted&#8221; global_colors_info=&#8221;{}&#8221;][et_pb_column type=&#8221;4_4&#8243; _builder_version=&#8221;4.21.0&#8243; _module_preset=&#8221;default&#8221; global_colors_info=&#8221;{}&#8221;][et_pb_text content_tablet=&#8221;<\/p>\n<p>Studentene deltok i gruppesamtaler, organisert som en sokratisk sirkel (se for eksempel Metzger, M. (1998). Teaching reading beyond the plot. <em>Phi Delta Kappan<\/em>, 240\u2013246).<\/p>\n<p>&#8221; content_phone=&#8221;<\/p>\n<p>Studentene deltok i gruppesamtaler, organisert som en sokratisk sirkel (se for eksempel Metzger, M. (1998). Teaching reading beyond the plot. <em>Phi Delta Kappan<\/em>, 240\u2013246).<\/p>\n<p>&#8221; content_last_edited=&#8221;on|phone&#8221; _builder_version=&#8221;4.27.4&#8243; _module_preset=&#8221;default&#8221; text_font_size=&#8221;17px&#8221; text_line_height=&#8221;1.8em&#8221; ul_line_height=&#8221;1.8em&#8221; custom_margin=&#8221;||50px||false|false&#8221; text_font_size_tablet=&#8221;17px&#8221; text_font_size_phone=&#8221;17px&#8221; text_font_size_last_edited=&#8221;on|desktop&#8221; text_line_height_tablet=&#8221;1.8em&#8221; text_line_height_phone=&#8221;1.5em&#8221; text_line_height_last_edited=&#8221;on|desktop&#8221; global_colors_info=&#8221;{}&#8221;]<\/p>\n<p>Studentene deltok i gruppesamtaler, organisert som en sokratisk sirkel (se for eksempel Metzger, M. (1998). Teaching reading beyond the plot. <em>Phi Delta Kappan<\/em>, 240\u2013246).<\/p>\n<p>[\/et_pb_text][et_pb_text content_tablet=&#8221;<\/p>\n<h4 data-start=%2274%22 data-end=%22379%22><span>Praktisk gjennomf\u00f8ring<\/span><\/h4>\n<ul>\n<li data-start=%2268%22 data-end=%22253%22>Lese gjennom \u00abditt\u00bb tekstutdrag og streke under steder i teksten som er sentrale\/spennende\/utfordrende\/avgj\u00f8rende \u2013 og tenke gjennom sp\u00f8rsm\u00e5let. Gj\u00f8r gjerne noen notater (10 minutter)<\/li>\n<li data-start=%22258%22 data-end=%22360%22>Indre ring samtaler om teksten i 8 minutter. Ytre ring lytter. N\u00e5r 8 minutter har g\u00e5tt, bytt roller.<\/li>\n<li data-start=%22365%22 data-end=%22520%22>N\u00e5r begge ringer har fullf\u00f8rt samtalen, ta runden og alle sier \u00e9n ting hver: Jeg observerte at \u2026 (og et poeng som er knyttet til samtalestilen\/innholdet)<\/li>\n<li data-start=%22525%22 data-end=%22735%22>Refleksjon: Hvordan synes dere dette gikk? Hva fungerte? Hva fungerte ikke? Kunne dere brukt denne metoden i klasserommet med (egne) elever? Bli enig om tre punkter som dere vil ta med tilbake til hele gruppa<\/li>\n<\/ul>\n<p data-start=%22737%22 data-end=%22761%22><em data-start=%22737%22 data-end=%22759%22>(3 + 4: 12 minutter)<\/em><\/p>\n<ul><\/ul>\n<p>&#8221; content_phone=&#8221;<\/p>\n<h4 data-start=%2274%22 data-end=%22379%22><span>Praktisk gjennomf\u00f8ring<\/span><\/h4>\n<ul>\n<li data-start=%2268%22 data-end=%22253%22>Lese gjennom \u00abditt\u00bb tekstutdrag og streke under steder i teksten som er sentrale\/spennende\/utfordrende\/avgj\u00f8rende \u2013 og tenke gjennom sp\u00f8rsm\u00e5let. Gj\u00f8r gjerne noen notater (10 minutter)<\/li>\n<li data-start=%22258%22 data-end=%22360%22>Indre ring samtaler om teksten i 8 minutter. Ytre ring lytter. N\u00e5r 8 minutter har g\u00e5tt, bytt roller.<\/li>\n<li data-start=%22365%22 data-end=%22520%22>N\u00e5r begge ringer har fullf\u00f8rt samtalen, ta runden og alle sier \u00e9n ting hver: Jeg observerte at \u2026 (og et poeng som er knyttet til samtalestilen\/innholdet)<\/li>\n<li data-start=%22525%22 data-end=%22735%22>Refleksjon: Hvordan synes dere dette gikk? Hva fungerte? Hva fungerte ikke? Kunne dere brukt denne metoden i klasserommet med (egne) elever? Bli enig om tre punkter som dere vil ta med tilbake til hele gruppa<\/li>\n<\/ul>\n<p data-start=%22737%22 data-end=%22761%22><em data-start=%22737%22 data-end=%22759%22>(3 + 4: 12 minutter)<\/em><\/p>\n<ul><\/ul>\n<p>&#8221; content_last_edited=&#8221;on|phone&#8221; _builder_version=&#8221;4.27.4&#8243; _module_preset=&#8221;default&#8221; text_font_size=&#8221;17px&#8221; text_line_height=&#8221;1.8em&#8221; ul_line_height=&#8221;1.8em&#8221; custom_margin=&#8221;||50px||false|false&#8221; text_font_size_tablet=&#8221;17px&#8221; text_font_size_phone=&#8221;17px&#8221; text_font_size_last_edited=&#8221;on|desktop&#8221; text_line_height_tablet=&#8221;1.8em&#8221; text_line_height_phone=&#8221;1.5em&#8221; text_line_height_last_edited=&#8221;on|desktop&#8221; global_colors_info=&#8221;{}&#8221;]<\/p>\n<h4 data-start=\"74\" data-end=\"379\"><span>Praktisk gjennomf\u00f8ring<\/span><\/h4>\n<ul>\n<li data-start=\"68\" data-end=\"253\">Lese gjennom \u00abditt\u00bb tekstutdrag og streke under steder i teksten som er sentrale\/spennende\/utfordrende\/avgj\u00f8rende \u2013 og tenke gjennom sp\u00f8rsm\u00e5let. Gj\u00f8r gjerne noen notater (10 minutter)<\/li>\n<li data-start=\"258\" data-end=\"360\">Indre ring samtaler om teksten i 8 minutter. Ytre ring lytter. N\u00e5r 8 minutter har g\u00e5tt, bytt roller.<\/li>\n<li data-start=\"365\" data-end=\"520\">N\u00e5r begge ringer har fullf\u00f8rt samtalen, ta runden og alle sier \u00e9n ting hver: Jeg observerte at \u2026 (og et poeng som er knyttet til samtalestilen\/innholdet)<\/li>\n<li data-start=\"525\" data-end=\"735\">Refleksjon: Hvordan synes dere dette gikk? Hva fungerte? Hva fungerte ikke? Kunne dere brukt denne metoden i klasserommet med (egne) elever? Bli enig om tre punkter som dere vil ta med tilbake til hele gruppa<\/li>\n<\/ul>\n<p data-start=\"737\" data-end=\"761\"><em data-start=\"737\" data-end=\"759\">(3 + 4: 12 minutter)<\/em><\/p>\n<p>[\/et_pb_text][et_pb_text content_tablet=&#8221;<\/p>\n<h4 data-start=%2274%22 data-end=%22379%22><span>Oppgaven til \u00abden indre ringen\u00bb<\/span><\/h4>\n<p data-start=%2274%22 data-end=%22353%22>Sp\u00f8rsm\u00e5l det skal samtales om:<\/p>\n<ul>\n<li><em data-start=%22113%22 data-end=%22140%22>Hva slags tekst er Rigel?<\/em><br data-start=%22140%22 data-end=%22143%22 \/><em><\/em><\/li>\n<li><em>Hvor \u00absann\u00bb er framstillingen i Rigel?<\/em><\/li>\n<li><em>Hva er fakta? Hva er diktet til?<\/em><\/li>\n<li><em><\/em><em>Hva brukes som belegg for Julians livsfortelling?<\/em><\/li>\n<li><em>Hvordan bruker forfatteren personer som kilder?<\/em><br data-start=%22319%22 data-end=%22322%22 \/><em><\/em><\/li>\n<li><em>Hvem er fortelleren i Rigel?<\/em><\/li>\n<\/ul>\n<p data-start=%22355%22 data-end=%22516%22><br data-start=%22371%22 data-end=%22374%22 \/>Underbygg synspunktene dine med utgangspunkt i utdraget dere har f\u00e5tt utdelt, men du kan gjerne trekke inn andre perspektiver fra boka ogs\u00e5.<\/p>\n<ul><\/ul>\n<p>&#8221; content_phone=&#8221;<\/p>\n<h4 data-start=%2274%22 data-end=%22379%22><span>Oppgaven til \u00abden indre ringen\u00bb<\/span><\/h4>\n<p data-start=%2274%22 data-end=%22353%22>Sp\u00f8rsm\u00e5l det skal samtales om:<\/p>\n<ul>\n<li><em data-start=%22113%22 data-end=%22140%22>Hva slags tekst er Rigel?<\/em><br data-start=%22140%22 data-end=%22143%22 \/><em><\/em><\/li>\n<li><em>Hvor \u00absann\u00bb er framstillingen i Rigel?<\/em><\/li>\n<li><em>Hva er fakta? Hva er diktet til?<\/em><\/li>\n<li><em><\/em><em>Hva brukes som belegg for Julians livsfortelling?<\/em><\/li>\n<li><em>Hvordan bruker forfatteren personer som kilder?<\/em><br data-start=%22319%22 data-end=%22322%22 \/><em><\/em><\/li>\n<li><em>Hvem er fortelleren i Rigel?<\/em><\/li>\n<\/ul>\n<p data-start=%22355%22 data-end=%22516%22><br data-start=%22371%22 data-end=%22374%22 \/>Underbygg synspunktene dine med utgangspunkt i utdraget dere har f\u00e5tt utdelt, men du kan gjerne trekke inn andre perspektiver fra boka ogs\u00e5.<\/p>\n<ul><\/ul>\n<p>&#8221; content_last_edited=&#8221;on|phone&#8221; _builder_version=&#8221;4.27.4&#8243; _module_preset=&#8221;default&#8221; text_font_size=&#8221;17px&#8221; text_line_height=&#8221;1.8em&#8221; ul_line_height=&#8221;1.8em&#8221; custom_margin=&#8221;||50px||false|false&#8221; hover_enabled=&#8221;0&#8243; text_font_size_tablet=&#8221;17px&#8221; text_font_size_phone=&#8221;17px&#8221; text_font_size_last_edited=&#8221;on|desktop&#8221; text_line_height_tablet=&#8221;1.8em&#8221; text_line_height_phone=&#8221;1.5em&#8221; text_line_height_last_edited=&#8221;on|desktop&#8221; global_colors_info=&#8221;{}&#8221; header_4_line_height=&#8221;1.4em&#8221; header_4_line_height_last_edited=&#8221;on|phone&#8221; sticky_enabled=&#8221;0&#8243; header_4_line_height_tablet=&#8221;1.4em&#8221; header_4_line_height_phone=&#8221;1.4em&#8221;]<\/p>\n<h4 data-start=\"74\" data-end=\"379\"><span>Oppgaven til \u00abden indre ringen\u00bb<\/span><\/h4>\n<p data-start=\"74\" data-end=\"353\">Sp\u00f8rsm\u00e5l det skal samtales om:<\/p>\n<ul>\n<li><em data-start=\"113\" data-end=\"140\">Hva slags tekst er Rigel?<\/em><br data-start=\"140\" data-end=\"143\" \/><em><\/em><\/li>\n<li><em>Hvor \u00absann\u00bb er framstillingen i Rigel?<\/em><\/li>\n<li><em>Hva er fakta? Hva er diktet til?<\/em><\/li>\n<li><em><\/em><em>Hva brukes som belegg for Julians livsfortelling?<\/em><\/li>\n<li><em>Hvordan bruker forfatteren personer som kilder?<\/em><br data-start=\"319\" data-end=\"322\" \/><em><\/em><\/li>\n<li><em>Hvem er fortelleren i Rigel?<\/em><\/li>\n<\/ul>\n<p data-start=\"355\" data-end=\"516\">Underbygg synspunktene dine med utgangspunkt i utdraget dere har f\u00e5tt utdelt, men du kan gjerne trekke inn andre perspektiver fra boka ogs\u00e5.<\/p>\n<p>[\/et_pb_text][et_pb_text content_tablet=&#8221;<\/p>\n<h4 data-start=%2274%22 data-end=%22379%22><span>Notere ned:<\/span><\/h4>\n<ul>\n<li data-start=%2291%22 data-end=%22139%22>\n<p data-start=%2293%22 data-end=%22139%22>Faglige poenger du synes var gode i samtalen<\/p>\n<\/li>\n<li data-start=%22140%22 data-end=%22274%22>\n<p data-start=%22142%22 data-end=%22274%22>Poenger om samtalen i indre ring: Fikk alle deltatt? Hadde noen en tendens til \u00e5 ta ordet for ofte? Hvordan bygde de p\u00e5 hverandre?<\/p>\n<\/li>\n<\/ul>\n<ul><\/ul>\n<p>&#8221; content_phone=&#8221;<\/p>\n<h4 data-start=%2274%22 data-end=%22379%22><span>Notere ned:<\/span><\/h4>\n<ul>\n<li data-start=%2291%22 data-end=%22139%22>\n<p data-start=%2293%22 data-end=%22139%22>Faglige poenger du synes var gode i samtalen<\/p>\n<\/li>\n<li data-start=%22140%22 data-end=%22274%22>\n<p data-start=%22142%22 data-end=%22274%22>Poenger om samtalen i indre ring: Fikk alle deltatt? Hadde noen en tendens til \u00e5 ta ordet for ofte? Hvordan bygde de p\u00e5 hverandre?<\/p>\n<\/li>\n<\/ul>\n<ul><\/ul>\n<p>&#8221; content_last_edited=&#8221;on|phone&#8221; _builder_version=&#8221;4.27.4&#8243; _module_preset=&#8221;default&#8221; text_font_size=&#8221;17px&#8221; text_line_height=&#8221;1.8em&#8221; ul_line_height=&#8221;1.8em&#8221; text_font_size_tablet=&#8221;17px&#8221; text_font_size_phone=&#8221;17px&#8221; text_font_size_last_edited=&#8221;on|desktop&#8221; text_line_height_tablet=&#8221;1.8em&#8221; text_line_height_phone=&#8221;1.5em&#8221; text_line_height_last_edited=&#8221;on|desktop&#8221; global_colors_info=&#8221;{}&#8221;]<\/p>\n<h4 data-start=\"74\" data-end=\"379\"><span>Notere ned:<\/span><\/h4>\n<ul>\n<li data-start=\"91\" data-end=\"139\">\n<p data-start=\"93\" data-end=\"139\">Faglige poenger du synes var gode i samtalen<\/p>\n<\/li>\n<li data-start=\"140\" data-end=\"274\">\n<p data-start=\"142\" data-end=\"274\">Poenger om samtalen i indre ring: Fikk alle deltatt? Hadde noen en tendens til \u00e5 ta ordet for ofte? Hvordan bygde de p\u00e5 hverandre?<\/p>\n<\/li>\n<\/ul>\n<p>[\/et_pb_text][\/et_pb_column][\/et_pb_row][et_pb_row _builder_version=&#8221;4.21.0&#8243; _module_preset=&#8221;default&#8221; max_width=&#8221;850px&#8221; module_alignment=&#8221;center&#8221; global_colors_info=&#8221;{}&#8221;][et_pb_column type=&#8221;4_4&#8243; _builder_version=&#8221;4.21.0&#8243; _module_preset=&#8221;default&#8221; global_colors_info=&#8221;{}&#8221;][et_pb_code _builder_version=&#8221;4.21.0&#8243; _module_preset=&#8221;default&#8221; text_orientation=&#8221;center&#8221; global_colors_info=&#8221;{}&#8221;]<button id=\"backButton\" style=\"<!-- [et_pb_line_break_holder] -->background: #8dcfb7; <!-- [et_pb_line_break_holder] -->border-radius: 10px; <!-- [et_pb_line_break_holder] -->width: 100px; <!-- [et_pb_line_break_holder] -->height: 40px; <!-- [et_pb_line_break_holder] -->border: none; <!-- [et_pb_line_break_holder] -->font-size: 18px;<!-- [et_pb_line_break_holder] -->color: #000000; <!-- [et_pb_line_break_holder] -->transform: uppercase;&#8221; <!-- [et_pb_line_break_holder] -->onmouseover=&#8221;this.style.backgroundColor=&#8217;#5a5e5e&#8217;; this.style.color=&#8217;#ffffff&#8217;;&#8221;<!-- [et_pb_line_break_holder] -->onmouseout=&#8221;this.style.backgroundColor=&#8217;#8dcfb7&#8242;; this.style.color=&#8217;#000000&#8242;;&#8221; <!-- [et_pb_line_break_holder] -->onclick=&#8221;myFunction()&#8221;>Tilbake<\/button><!-- [et_pb_line_break_holder] --><!-- [et_pb_line_break_holder] --><script><!-- [et_pb_line_break_holder] -->document.addEventListener('DOMContentLoaded', function() {<!-- [et_pb_line_break_holder] -->  var backButton = document.getElementById('backButton'); <!-- [et_pb_line_break_holder] -->  <!-- [et_pb_line_break_holder] -->  if (backButton) {<!-- [et_pb_line_break_holder] -->    backButton.addEventListener('click', function() {<!-- [et_pb_line_break_holder] -->      window.history.back();<!-- [et_pb_line_break_holder] -->    });<!-- [et_pb_line_break_holder] -->  }<!-- [et_pb_line_break_holder] -->});<!-- [et_pb_line_break_holder] --><\/script><!-- [et_pb_line_break_holder] -->[\/et_pb_code][\/et_pb_column][\/et_pb_row][\/et_pb_section]<\/p>\n","protected":false},"excerpt":{"rendered":"<p>Oppgave Sokratisk sirkelStudentene deltok i gruppesamtaler, organisert som en sokratisk sirkel (se for eksempel Metzger, M. (1998). Teaching reading beyond the plot. Phi Delta Kappan, 240\u2013246).Praktisk gjennomf\u00f8ring Lese gjennom \u00abditt\u00bb tekstutdrag og streke under steder i teksten som er sentrale\/spennende\/utfordrende\/avgj\u00f8rende \u2013 og tenke gjennom sp\u00f8rsm\u00e5let. Gj\u00f8r gjerne noen notater (10 minutter) Indre ring samtaler om [&hellip;]<\/p>\n","protected":false},"author":10,"featured_media":0,"parent":0,"menu_order":0,"comment_status":"closed","ping_status":"closed","template":"","meta":{"_et_pb_use_builder":"on","_et_pb_old_content":"","_et_gb_content_width":"","footnotes":""},"trinn":[],"fag":[],"class_list":["post-11278","page","type-page","status-publish","hentry"],"_links":{"self":[{"href":"https:\/\/leselop.usn.no\/index.php?rest_route=\/wp\/v2\/pages\/11278","targetHints":{"allow":["GET"]}}],"collection":[{"href":"https:\/\/leselop.usn.no\/index.php?rest_route=\/wp\/v2\/pages"}],"about":[{"href":"https:\/\/leselop.usn.no\/index.php?rest_route=\/wp\/v2\/types\/page"}],"author":[{"embeddable":true,"href":"https:\/\/leselop.usn.no\/index.php?rest_route=\/wp\/v2\/users\/10"}],"replies":[{"embeddable":true,"href":"https:\/\/leselop.usn.no\/index.php?rest_route=%2Fwp%2Fv2%2Fcomments&post=11278"}],"version-history":[{"count":7,"href":"https:\/\/leselop.usn.no\/index.php?rest_route=\/wp\/v2\/pages\/11278\/revisions"}],"predecessor-version":[{"id":11401,"href":"https:\/\/leselop.usn.no\/index.php?rest_route=\/wp\/v2\/pages\/11278\/revisions\/11401"}],"wp:attachment":[{"href":"https:\/\/leselop.usn.no\/index.php?rest_route=%2Fwp%2Fv2%2Fmedia&parent=11278"}],"wp:term":[{"taxonomy":"trinn","embeddable":true,"href":"https:\/\/leselop.usn.no\/index.php?rest_route=%2Fwp%2Fv2%2Ftrinn&post=11278"},{"taxonomy":"fag","embeddable":true,"href":"https:\/\/leselop.usn.no\/index.php?rest_route=%2Fwp%2Fv2%2Ffag&post=11278"}],"curies":[{"name":"wp","href":"https:\/\/api.w.org\/{rel}","templated":true}]}}