{"id":11264,"date":"2025-09-01T16:04:19","date_gmt":"2025-09-01T14:04:19","guid":{"rendered":"https:\/\/leselop.usn.no\/?page_id=11264"},"modified":"2025-09-02T08:45:04","modified_gmt":"2025-09-02T06:45:04","slug":"studentlinje-rigel-aktivitet-5-oppgave-ordforsker","status":"publish","type":"page","link":"https:\/\/leselop.usn.no\/?page_id=11264","title":{"rendered":"Studentlinje &#8211; Rigel &#8211; Aktivitet 5 &#8211; Oppgave &#8211; ordforsker"},"content":{"rendered":"<p>[et_pb_section fb_built=&#8221;1&#8243; _builder_version=&#8221;4.21.0&#8243; _module_preset=&#8221;default&#8221; background_color=&#8221;#f4f4f4&#8243; custom_css_main_element=&#8221;min-height: 100vh;&#8221; da_disable_devices=&#8221;off|off|off&#8221; global_colors_info=&#8221;{}&#8221; da_is_popup=&#8221;off&#8221; da_exit_intent=&#8221;off&#8221; da_has_close=&#8221;on&#8221; da_alt_close=&#8221;off&#8221; da_dark_close=&#8221;off&#8221; da_not_modal=&#8221;on&#8221; da_is_singular=&#8221;off&#8221; da_with_loader=&#8221;off&#8221; da_has_shadow=&#8221;on&#8221;][et_pb_row column_structure=&#8221;1_4,3_4&#8243; use_custom_gutter=&#8221;on&#8221; gutter_width=&#8221;1&#8243; make_equal=&#8221;on&#8221; _builder_version=&#8221;4.27.4&#8243; _module_preset=&#8221;default&#8221; max_width=&#8221;850px&#8221; custom_css_main_element=&#8221;width:75% !important;&#8221; global_colors_info=&#8221;{}&#8221; custom_css_main_element_last_edited=&#8221;on|phone&#8221; custom_css_main_element_tablet=&#8221;width:75% !important;&#8221; custom_css_main_element_phone=&#8221;width:75% !important;&#8221;][et_pb_column type=&#8221;1_4&#8243; _builder_version=&#8221;4.21.0&#8243; _module_preset=&#8221;default&#8221; custom_css_main_element=&#8221;width:12% !important;&#8221; global_colors_info=&#8221;{}&#8221; custom_css_main_element_last_edited=&#8221;on|phone&#8221; custom_css_main_element_tablet=&#8221;width:18% !important;&#8221; custom_css_main_element_phone=&#8221;width:30% !important;&#8221;][et_pb_image src=&#8221;https:\/\/leselop.usn.no\/wp-content\/uploads\/2025\/06\/Leselop-skrive-green.png&#8221; title_text=&#8221;Leselop-skrive-green&#8221; src_tablet=&#8221;https:\/\/leselop.usn.no\/wp-content\/uploads\/2025\/06\/Leselop-skrive-green.png&#8221; src_phone=&#8221;https:\/\/leselop.usn.no\/wp-content\/uploads\/2025\/06\/Leselop-skrive-green.png&#8221; src_last_edited=&#8221;on|phone&#8221; _builder_version=&#8221;4.27.4&#8243; _module_preset=&#8221;default&#8221; global_colors_info=&#8221;{}&#8221;][\/et_pb_image][\/et_pb_column][et_pb_column type=&#8221;3_4&#8243; _builder_version=&#8221;4.27.4&#8243; _module_preset=&#8221;default&#8221; custom_css_main_element=&#8221;width:88% !important;||margin: auto;||padding-left: 30px;||&#8221; global_colors_info=&#8221;{}&#8221; custom_css_main_element_last_edited=&#8221;on|phone&#8221; custom_css_main_element_tablet=&#8221;width:82% !important;||padding-left: 25px;||padding-top:35px&#8221; custom_css_main_element_phone=&#8221;width:70% !important;||padding-left: 15px;||padding-top:12px;&#8221;][et_pb_text content_tablet=&#8221;<\/p>\n<h1>Oppgave ordforsker<\/h1>\n<p>&#8221; content_phone=&#8221;<\/p>\n<h3>Oppgave ordforsker<\/h3>\n<p>&#8221; content_last_edited=&#8221;on|phone&#8221; _builder_version=&#8221;4.27.4&#8243; _module_preset=&#8221;default&#8221; header_3_line_height=&#8221;1.4em&#8221; text_line_height_tablet=&#8221;&#8221; text_line_height_phone=&#8221;1.7em&#8221; text_line_height_last_edited=&#8221;on|phone&#8221; global_colors_info=&#8221;{}&#8221;]<\/p>\n<h1>Oppgave ordforsker<\/h1>\n<p>[\/et_pb_text][\/et_pb_column][\/et_pb_row][et_pb_row custom_padding_last_edited=&#8221;on|phone&#8221; _builder_version=&#8221;4.27.4&#8243; _module_preset=&#8221;default&#8221; background_color=&#8221;#ffffff&#8221; max_width=&#8221;850px&#8221; max_width_tablet=&#8221;850px&#8221; max_width_phone=&#8221;850px&#8221; max_width_last_edited=&#8221;on|desktop&#8221; custom_margin=&#8221;||30px||false|false&#8221; custom_padding=&#8221;90px|80px|90px|80px|false|false&#8221; custom_padding_tablet=&#8221;60px|60px|60px|60px|false|false&#8221; custom_padding_phone=&#8221;60px|40px|60px|40px|false|false&#8221; border_radii=&#8221;on|30px|30px|30px|30px&#8221; border_style_all=&#8221;dotted&#8221; global_colors_info=&#8221;{}&#8221;][et_pb_column type=&#8221;4_4&#8243; _builder_version=&#8221;4.21.0&#8243; _module_preset=&#8221;default&#8221; global_colors_info=&#8221;{}&#8221;][et_pb_text content_tablet=&#8221;<\/p>\n<h4 data-start=%2274%22 data-end=%22379%22>Oppdrag 6<\/h4>\n<ul>\n<li data-start=%2254%22 data-end=%22150%22>V\u00e6r en ordforsker. Hva betyr ordet <em data-start=%2289%22 data-end=%2295%22>ekko<\/em>? Hvordan er det benyttet i boka? Finn direkte sitat.<\/li>\n<li data-start=%22153%22 data-end=%22180%22>Tidsramme: 4 minutter<\/li>\n<\/ul>\n<p>&#8221; content_phone=&#8221;<\/p>\n<h4 data-start=%2274%22 data-end=%22379%22>Oppdrag 6<\/h4>\n<ul>\n<li data-start=%2254%22 data-end=%22150%22>V\u00e6r en ordforsker. Hva betyr ordet <em data-start=%2289%22 data-end=%2295%22>ekko<\/em>? Hvordan er det benyttet i boka? Finn direkte sitat.<\/li>\n<li data-start=%22153%22 data-end=%22180%22>Tidsramme: 4 minutter<\/li>\n<\/ul>\n<p>&#8221; content_last_edited=&#8221;on|phone&#8221; _builder_version=&#8221;4.27.4&#8243; _module_preset=&#8221;default&#8221; text_font_size=&#8221;17px&#8221; text_line_height=&#8221;1.8em&#8221; ul_line_height=&#8221;1.8em&#8221; custom_margin=&#8221;||40px||false|false&#8221; hover_enabled=&#8221;0&#8243; text_font_size_tablet=&#8221;16px&#8221; text_font_size_phone=&#8221;15px&#8221; text_font_size_last_edited=&#8221;on|phone&#8221; text_line_height_tablet=&#8221;1.8em&#8221; text_line_height_phone=&#8221;1.5em&#8221; text_line_height_last_edited=&#8221;on|desktop&#8221; global_colors_info=&#8221;{}&#8221; sticky_enabled=&#8221;0&#8243;]<\/p>\n<h4 data-start=\"74\" data-end=\"379\">Oppdrag 6<\/h4>\n<ul>\n<li data-start=\"54\" data-end=\"150\">V\u00e6r en ordforsker. Hva betyr ordet <em data-start=\"89\" data-end=\"95\">ekko<\/em>? Hvordan er det benyttet i boka? Finn direkte sitat.<\/li>\n<li data-start=\"153\" data-end=\"180\">Tidsramme: 4 minutter<\/li>\n<\/ul>\n<p>[\/et_pb_text][et_pb_text content_tablet=&#8221;<\/p>\n<h4 data-start=%2274%22 data-end=%22379%22>Eksempler p\u00e5 studentsvar<\/h4>\n<p><em>\u00abOrdet ekko betyr noe som gir gjenklang. I litteratur kan et ekko v\u00e6re at et tema, en f\u00f8lelse eller en stemning g\u00e5r igjen flere steder i teksten. Boka \u00abRigel\u00bb har undertittelen urettens ekko\u00bb. Her er det alts\u00e5 noe urettmessig som repeteres, som for eksempel krigshandlinger.\u00bb<\/em><\/p>\n<p><em>\u00abSulten buldret og rev i magen \u2026 Mitt innvendige ekko var det eneste jeg kunne h\u00f8re \u2026\u00bb (s. 46). Dette er hentet fra boka, og sulten er med jevne mellomrom beskrevet p\u00e5 mange m\u00e5ter i boka. I sitatet brukes ekko billedlig. Det betyr ikke et virkelig lyd-ekko (som gjenklangen fra et rop i en tunnel), men heller som en indre gjenklang eller lydopplevelse som kommer fra kroppen selv. N\u00e5r buldringen fra magen overd\u00f8ver lyden av krig, sier det kanskje noe om hvilket fokus man m\u00e5 ha p\u00e5 seg selv for \u00e5 overleve\u2026\u00bb<\/em><\/p>\n<p><em>\u00abI litteratur eller kunst kan man snakke om et ekko fra tidligere vek. Det er noe som minner om noe annet eller har spor fra noe som har v\u00e6rt f\u00f8r. Dette er jo nesten ironisk at ordet ekko brukes som undertittel p\u00e5 denne boka -siden den handler om en del av krigshistorien som \u00abingen\u00bb har h\u00f8rt om.\u00bb<\/em><\/p>\n<p><em>\u00abI dagligtale kan vi si at noens ord fikk et ekko i oss \u2013 alts\u00e5 at de ber\u00f8rte oss og fortsatte \u00e5 klinge i tankene v\u00e5re. Boka \u00abRigel\u00bb, som er en beretning om norgeshistoriens st\u00f8rste skipskatastrofe g\u00e5r inn p\u00e5 meg.\u00bb<\/em><\/p>\n<ul><\/ul>\n<p>&#8221; content_phone=&#8221;<\/p>\n<h4 data-start=%2274%22 data-end=%22379%22>Eksempler p\u00e5 studentsvar<\/h4>\n<p><em>\u00abOrdet ekko betyr noe som gir gjenklang. I litteratur kan et ekko v\u00e6re at et tema, en f\u00f8lelse eller en stemning g\u00e5r igjen flere steder i teksten. Boka \u00abRigel\u00bb har undertittelen urettens ekko\u00bb. Her er det alts\u00e5 noe urettmessig som repeteres, som for eksempel krigshandlinger.\u00bb<\/em><\/p>\n<p><em>\u00abSulten buldret og rev i magen \u2026 Mitt innvendige ekko var det eneste jeg kunne h\u00f8re \u2026\u00bb (s. 46). Dette er hentet fra boka, og sulten er med jevne mellomrom beskrevet p\u00e5 mange m\u00e5ter i boka. I sitatet brukes ekko billedlig. Det betyr ikke et virkelig lyd-ekko (som gjenklangen fra et rop i en tunnel), men heller som en indre gjenklang eller lydopplevelse som kommer fra kroppen selv. N\u00e5r buldringen fra magen overd\u00f8ver lyden av krig, sier det kanskje noe om hvilket fokus man m\u00e5 ha p\u00e5 seg selv for \u00e5 overleve\u2026\u00bb<\/em><\/p>\n<p><em>\u00abI litteratur eller kunst kan man snakke om et ekko fra tidligere vek. Det er noe som minner om noe annet eller har spor fra noe som har v\u00e6rt f\u00f8r. Dette er jo nesten ironisk at ordet ekko brukes som undertittel p\u00e5 denne boka -siden den handler om en del av krigshistorien som \u00abingen\u00bb har h\u00f8rt om.\u00bb<\/em><\/p>\n<p><em>\u00abI dagligtale kan vi si at noens ord fikk et ekko i oss \u2013 alts\u00e5 at de ber\u00f8rte oss og fortsatte \u00e5 klinge i tankene v\u00e5re. Boka \u00abRigel\u00bb, som er en beretning om norgeshistoriens st\u00f8rste skipskatastrofe g\u00e5r inn p\u00e5 meg.\u00bb<\/em><\/p>\n<ul><\/ul>\n<p>&#8221; content_last_edited=&#8221;on|tablet&#8221; _builder_version=&#8221;4.27.4&#8243; _module_preset=&#8221;default&#8221; text_font_size=&#8221;17px&#8221; text_line_height=&#8221;1.8em&#8221; ul_line_height=&#8221;1.8em&#8221; hover_enabled=&#8221;0&#8243; text_font_size_tablet=&#8221;16px&#8221; text_font_size_phone=&#8221;15px&#8221; text_font_size_last_edited=&#8221;on|tablet&#8221; text_line_height_tablet=&#8221;1.8em&#8221; text_line_height_phone=&#8221;1.6em&#8221; text_line_height_last_edited=&#8221;on|desktop&#8221; global_colors_info=&#8221;{}&#8221; sticky_enabled=&#8221;0&#8243;]<\/p>\n<h4 data-start=\"74\" data-end=\"379\">Eksempler p\u00e5 studentsvar<\/h4>\n<p><em>\u00abOrdet ekko betyr noe som gir gjenklang. I litteratur kan et ekko v\u00e6re at et tema, en f\u00f8lelse eller en stemning g\u00e5r igjen flere steder i teksten. Boka \u00abRigel\u00bb har undertittelen urettens ekko\u00bb. Her er det alts\u00e5 noe urettmessig som repeteres, som for eksempel krigshandlinger.\u00bb<\/em><\/p>\n<p><em>\u00abSulten buldret og rev i magen \u2026 Mitt innvendige ekko var det eneste jeg kunne h\u00f8re \u2026\u00bb (s. 46). Dette er hentet fra boka, og sulten er med jevne mellomrom beskrevet p\u00e5 mange m\u00e5ter i boka. I sitatet brukes ekko billedlig. Det betyr ikke et virkelig lyd-ekko (som gjenklangen fra et rop i en tunnel), men heller som en indre gjenklang eller lydopplevelse som kommer fra kroppen selv. N\u00e5r buldringen fra magen overd\u00f8ver lyden av krig, sier det kanskje noe om hvilket fokus man m\u00e5 ha p\u00e5 seg selv for \u00e5 overleve\u2026\u00bb<\/em><\/p>\n<p><em>\u00abI litteratur eller kunst kan man snakke om et ekko fra tidligere vek. Det er noe som minner om noe annet eller har spor fra noe som har v\u00e6rt f\u00f8r. Dette er jo nesten ironisk at ordet ekko brukes som undertittel p\u00e5 denne boka -siden den handler om en del av krigshistorien som \u00abingen\u00bb har h\u00f8rt om.\u00bb<\/em><\/p>\n<p><em>\u00abI dagligtale kan vi si at noens ord fikk et ekko i oss \u2013 alts\u00e5 at de ber\u00f8rte oss og fortsatte \u00e5 klinge i tankene v\u00e5re. Boka \u00abRigel\u00bb, som er en beretning om norgeshistoriens st\u00f8rste skipskatastrofe g\u00e5r inn p\u00e5 meg.\u00bb<\/em><\/p>\n<p>[\/et_pb_text][\/et_pb_column][\/et_pb_row][et_pb_row _builder_version=&#8221;4.21.0&#8243; _module_preset=&#8221;default&#8221; max_width=&#8221;850px&#8221; module_alignment=&#8221;center&#8221; global_colors_info=&#8221;{}&#8221;][et_pb_column type=&#8221;4_4&#8243; _builder_version=&#8221;4.21.0&#8243; _module_preset=&#8221;default&#8221; global_colors_info=&#8221;{}&#8221;][et_pb_code _builder_version=&#8221;4.21.0&#8243; _module_preset=&#8221;default&#8221; text_orientation=&#8221;center&#8221; global_colors_info=&#8221;{}&#8221;]<button id=\"backButton\" style=\"<!-- [et_pb_line_break_holder] -->background: #8dcfb7; <!-- [et_pb_line_break_holder] -->border-radius: 10px; <!-- [et_pb_line_break_holder] -->width: 100px; <!-- [et_pb_line_break_holder] -->height: 40px; <!-- [et_pb_line_break_holder] -->border: none; <!-- [et_pb_line_break_holder] -->font-size: 18px;<!-- [et_pb_line_break_holder] -->color: #000000; <!-- [et_pb_line_break_holder] -->transform: uppercase;&#8221; <!-- [et_pb_line_break_holder] -->onmouseover=&#8221;this.style.backgroundColor=&#8217;#5a5e5e&#8217;; this.style.color=&#8217;#ffffff&#8217;;&#8221;<!-- [et_pb_line_break_holder] -->onmouseout=&#8221;this.style.backgroundColor=&#8217;#8dcfb7&#8242;; this.style.color=&#8217;#000000&#8242;;&#8221; <!-- [et_pb_line_break_holder] -->onclick=&#8221;myFunction()&#8221;>Tilbake<\/button><!-- [et_pb_line_break_holder] --><!-- [et_pb_line_break_holder] --><script><!-- [et_pb_line_break_holder] -->document.addEventListener('DOMContentLoaded', function() {<!-- [et_pb_line_break_holder] -->  var backButton = document.getElementById('backButton'); <!-- [et_pb_line_break_holder] -->  <!-- [et_pb_line_break_holder] -->  if (backButton) {<!-- [et_pb_line_break_holder] -->    backButton.addEventListener('click', function() {<!-- [et_pb_line_break_holder] -->      window.history.back();<!-- [et_pb_line_break_holder] -->    });<!-- [et_pb_line_break_holder] -->  }<!-- [et_pb_line_break_holder] -->});<!-- [et_pb_line_break_holder] --><\/script><!-- [et_pb_line_break_holder] -->[\/et_pb_code][\/et_pb_column][\/et_pb_row][\/et_pb_section]<\/p>\n","protected":false},"excerpt":{"rendered":"<p>Oppgave ordforskerOppdrag 6 V\u00e6r en ordforsker. Hva betyr ordet ekko? Hvordan er det benyttet i boka? Finn direkte sitat. Tidsramme: 4 minutter Eksempler p\u00e5 studentsvar \u00abOrdet ekko betyr noe som gir gjenklang. I litteratur kan et ekko v\u00e6re at et tema, en f\u00f8lelse eller en stemning g\u00e5r igjen flere steder i teksten. Boka \u00abRigel\u00bb har [&hellip;]<\/p>\n","protected":false},"author":10,"featured_media":0,"parent":0,"menu_order":0,"comment_status":"closed","ping_status":"closed","template":"","meta":{"_et_pb_use_builder":"on","_et_pb_old_content":"","_et_gb_content_width":"","footnotes":""},"trinn":[],"fag":[],"class_list":["post-11264","page","type-page","status-publish","hentry"],"_links":{"self":[{"href":"https:\/\/leselop.usn.no\/index.php?rest_route=\/wp\/v2\/pages\/11264","targetHints":{"allow":["GET"]}}],"collection":[{"href":"https:\/\/leselop.usn.no\/index.php?rest_route=\/wp\/v2\/pages"}],"about":[{"href":"https:\/\/leselop.usn.no\/index.php?rest_route=\/wp\/v2\/types\/page"}],"author":[{"embeddable":true,"href":"https:\/\/leselop.usn.no\/index.php?rest_route=\/wp\/v2\/users\/10"}],"replies":[{"embeddable":true,"href":"https:\/\/leselop.usn.no\/index.php?rest_route=%2Fwp%2Fv2%2Fcomments&post=11264"}],"version-history":[{"count":5,"href":"https:\/\/leselop.usn.no\/index.php?rest_route=\/wp\/v2\/pages\/11264\/revisions"}],"predecessor-version":[{"id":11369,"href":"https:\/\/leselop.usn.no\/index.php?rest_route=\/wp\/v2\/pages\/11264\/revisions\/11369"}],"wp:attachment":[{"href":"https:\/\/leselop.usn.no\/index.php?rest_route=%2Fwp%2Fv2%2Fmedia&parent=11264"}],"wp:term":[{"taxonomy":"trinn","embeddable":true,"href":"https:\/\/leselop.usn.no\/index.php?rest_route=%2Fwp%2Fv2%2Ftrinn&post=11264"},{"taxonomy":"fag","embeddable":true,"href":"https:\/\/leselop.usn.no\/index.php?rest_route=%2Fwp%2Fv2%2Ffag&post=11264"}],"curies":[{"name":"wp","href":"https:\/\/api.w.org\/{rel}","templated":true}]}}