{"id":11228,"date":"2025-09-01T14:39:55","date_gmt":"2025-09-01T12:39:55","guid":{"rendered":"https:\/\/leselop.usn.no\/?page_id=11228"},"modified":"2025-09-01T15:23:01","modified_gmt":"2025-09-01T13:23:01","slug":"studentlinje-rigel-aktivitet-5-oppgave-laeringsbilletter","status":"publish","type":"page","link":"https:\/\/leselop.usn.no\/?page_id=11228","title":{"rendered":"Studentlinje &#8211; Rigel &#8211; Aktivitet 5 &#8211; Oppgave &#8211; l\u00e6ringsbilletter"},"content":{"rendered":"<p>[et_pb_section fb_built=&#8221;1&#8243; _builder_version=&#8221;4.21.0&#8243; _module_preset=&#8221;default&#8221; background_color=&#8221;#f4f4f4&#8243; custom_css_main_element=&#8221;min-height: 100vh;&#8221; da_disable_devices=&#8221;off|off|off&#8221; global_colors_info=&#8221;{}&#8221; da_is_popup=&#8221;off&#8221; da_exit_intent=&#8221;off&#8221; da_has_close=&#8221;on&#8221; da_alt_close=&#8221;off&#8221; da_dark_close=&#8221;off&#8221; da_not_modal=&#8221;on&#8221; da_is_singular=&#8221;off&#8221; da_with_loader=&#8221;off&#8221; da_has_shadow=&#8221;on&#8221;][et_pb_row column_structure=&#8221;1_4,3_4&#8243; use_custom_gutter=&#8221;on&#8221; gutter_width=&#8221;1&#8243; make_equal=&#8221;on&#8221; _builder_version=&#8221;4.27.4&#8243; _module_preset=&#8221;default&#8221; max_width=&#8221;850px&#8221; custom_css_main_element=&#8221;width:75% !important;&#8221; global_colors_info=&#8221;{}&#8221; custom_css_main_element_last_edited=&#8221;on|phone&#8221; custom_css_main_element_tablet=&#8221;width:75% !important;&#8221; custom_css_main_element_phone=&#8221;width:75% !important;&#8221;][et_pb_column type=&#8221;1_4&#8243; _builder_version=&#8221;4.21.0&#8243; _module_preset=&#8221;default&#8221; custom_css_main_element=&#8221;width:12% !important;&#8221; global_colors_info=&#8221;{}&#8221; custom_css_main_element_last_edited=&#8221;on|phone&#8221; custom_css_main_element_tablet=&#8221;width:18% !important;&#8221; custom_css_main_element_phone=&#8221;width:30% !important;&#8221;][et_pb_image src=&#8221;https:\/\/leselop.usn.no\/wp-content\/uploads\/2025\/06\/Leselop-skrive-green.png&#8221; title_text=&#8221;Leselop-skrive-green&#8221; src_tablet=&#8221;https:\/\/leselop.usn.no\/wp-content\/uploads\/2025\/06\/Leselop-skrive-green.png&#8221; src_phone=&#8221;https:\/\/leselop.usn.no\/wp-content\/uploads\/2025\/06\/Leselop-skrive-green.png&#8221; src_last_edited=&#8221;on|phone&#8221; _builder_version=&#8221;4.27.4&#8243; _module_preset=&#8221;default&#8221; global_colors_info=&#8221;{}&#8221;][\/et_pb_image][\/et_pb_column][et_pb_column type=&#8221;3_4&#8243; _builder_version=&#8221;4.27.4&#8243; _module_preset=&#8221;default&#8221; custom_css_main_element=&#8221;width:88% !important;||margin: auto;||padding-left: 30px;||&#8221; global_colors_info=&#8221;{}&#8221; custom_css_main_element_last_edited=&#8221;on|phone&#8221; custom_css_main_element_tablet=&#8221;width:82% !important;||padding-left: 25px;||padding-top:35px&#8221; custom_css_main_element_phone=&#8221;width:70% !important;||padding-left: 15px;||padding-top:12px;&#8221;][et_pb_text content_tablet=&#8221;<\/p>\n<h1>Oppgave l\u00e6ringsbilletter<\/h1>\n<p>&#8221; content_phone=&#8221;<\/p>\n<h3>Oppgave l\u00e6ringsbilletter<\/h3>\n<p>&#8221; content_last_edited=&#8221;on|phone&#8221; _builder_version=&#8221;4.27.4&#8243; _module_preset=&#8221;default&#8221; header_3_line_height=&#8221;1.4em&#8221; text_line_height_tablet=&#8221;&#8221; text_line_height_phone=&#8221;1.7em&#8221; text_line_height_last_edited=&#8221;on|phone&#8221; global_colors_info=&#8221;{}&#8221;]<\/p>\n<h1>Oppgave l\u00e6ringsbilletter<\/h1>\n<p>[\/et_pb_text][\/et_pb_column][\/et_pb_row][et_pb_row custom_padding_last_edited=&#8221;on|phone&#8221; _builder_version=&#8221;4.27.4&#8243; _module_preset=&#8221;default&#8221; background_color=&#8221;#ffffff&#8221; max_width=&#8221;850px&#8221; max_width_tablet=&#8221;850px&#8221; max_width_phone=&#8221;850px&#8221; max_width_last_edited=&#8221;on|desktop&#8221; custom_padding=&#8221;90px|80px|90px|80px|false|false&#8221; custom_padding_tablet=&#8221;60px|60px|60px|60px|false|false&#8221; custom_padding_phone=&#8221;60px|40px|60px|40px|false|false&#8221; hover_enabled=&#8221;0&#8243; border_radii=&#8221;on|30px|30px|30px|30px&#8221; border_style_all=&#8221;dotted&#8221; global_colors_info=&#8221;{}&#8221; custom_margin=&#8221;||30px||false|false&#8221; sticky_enabled=&#8221;0&#8243;][et_pb_column type=&#8221;4_4&#8243; _builder_version=&#8221;4.21.0&#8243; _module_preset=&#8221;default&#8221; global_colors_info=&#8221;{}&#8221;][et_pb_text content_tablet=&#8221;<\/p>\n<h4 data-start=%2274%22 data-end=%22379%22>Oppdrag 3<\/h4>\n<ul>\n<li data-start=%2252%22 data-end=%22227%22>\n<p data-start=%2254%22 data-end=%22227%22>L\u00e6ringsbillett: Hva sitter dere igjen med etter \u00e5 ha lest <em data-start=%22116%22 data-end=%22123%22>Rigel<\/em>? Skriv en kort tekst. Hva gjorde mest inntrykk? Hvilken fortelling \u00f8nsker jeg \u00e5 fortelle klassen min?<\/p>\n<\/li>\n<li data-start=%22229%22 data-end=%22264%22>\n<p data-start=%22231%22 data-end=%22264%22>Tidsramme<strong data-start=%22231%22 data-end=%22245%22>:<\/strong> ca. 3\u20135 minutter<\/p>\n<\/li>\n<\/ul>\n<ul><\/ul>\n<p>&#8221; content_phone=&#8221;<\/p>\n<h4 data-start=%2274%22 data-end=%22379%22>Oppdrag 3<\/h4>\n<ul>\n<li data-start=%2252%22 data-end=%22227%22>\n<p data-start=%2254%22 data-end=%22227%22>L\u00e6ringsbillett: Hva sitter dere igjen med etter \u00e5 ha lest <em data-start=%22116%22 data-end=%22123%22>Rigel<\/em>? Skriv en kort tekst. Hva gjorde mest inntrykk? Hvilken fortelling \u00f8nsker jeg \u00e5 fortelle klassen min?<\/p>\n<\/li>\n<li data-start=%22229%22 data-end=%22264%22>\n<p data-start=%22231%22 data-end=%22264%22>Tidsramme<strong data-start=%22231%22 data-end=%22245%22>:<\/strong> ca. 3\u20135 minutter<\/p>\n<\/li>\n<\/ul>\n<ul><\/ul>\n<p>&#8221; content_last_edited=&#8221;on|phone&#8221; _builder_version=&#8221;4.27.4&#8243; _module_preset=&#8221;default&#8221; text_font_size=&#8221;17px&#8221; text_line_height=&#8221;1.8em&#8221; ul_line_height=&#8221;1.8em&#8221; hover_enabled=&#8221;0&#8243; text_font_size_tablet=&#8221;17px&#8221; text_font_size_phone=&#8221;17px&#8221; text_font_size_last_edited=&#8221;on|desktop&#8221; text_line_height_tablet=&#8221;1.8em&#8221; text_line_height_phone=&#8221;1.5em&#8221; text_line_height_last_edited=&#8221;on|desktop&#8221; global_colors_info=&#8221;{}&#8221; sticky_enabled=&#8221;0&#8243;]<\/p>\n<h4 data-start=\"74\" data-end=\"379\">Oppdrag 3<\/h4>\n<ul>\n<li data-start=\"52\" data-end=\"227\">\n<p data-start=\"54\" data-end=\"227\">L\u00e6ringsbillett: Hva sitter dere igjen med etter \u00e5 ha lest <em data-start=\"116\" data-end=\"123\">Rigel<\/em>? Skriv en kort tekst. Hva gjorde mest inntrykk? Hvilken fortelling \u00f8nsker jeg \u00e5 fortelle klassen min?<\/p>\n<\/li>\n<li data-start=\"229\" data-end=\"264\">\n<p data-start=\"231\" data-end=\"264\">Tidsramme<strong data-start=\"231\" data-end=\"245\">:<\/strong> ca. 3\u20135 minutter<\/p>\n<\/li>\n<\/ul>\n<p>[\/et_pb_text][\/et_pb_column][\/et_pb_row][et_pb_row custom_padding_last_edited=&#8221;on|phone&#8221; _builder_version=&#8221;4.27.4&#8243; _module_preset=&#8221;default&#8221; background_color=&#8221;#ffffff&#8221; max_width=&#8221;850px&#8221; max_width_tablet=&#8221;850px&#8221; max_width_phone=&#8221;850px&#8221; max_width_last_edited=&#8221;on|desktop&#8221; custom_padding=&#8221;40px|40px|40px|40px|false|false&#8221; custom_padding_tablet=&#8221;40px|30px|0px|40px|false|false&#8221; custom_padding_phone=&#8221;60px|40px|0px|40px|false|false&#8221; hover_enabled=&#8221;0&#8243; border_radii=&#8221;off|30px|30px||&#8221; border_style_all=&#8221;dotted&#8221; global_colors_info=&#8221;{}&#8221; column_structure=&#8221;1_3,1_3,1_3&#8243; use_custom_gutter=&#8221;on&#8221; gutter_width=&#8221;2&#8243; sticky_enabled=&#8221;0&#8243; custom_css_main_element_last_edited=&#8221;on|phone&#8221; custom_css_main_element_tablet=&#8221;display:flex;||gap: 10px;&#8221; custom_css_main_element_phone=&#8221;display:flex;||flex-direction:column;&#8221;][et_pb_column type=&#8221;1_3&#8243; _builder_version=&#8221;4.21.0&#8243; _module_preset=&#8221;default&#8221; global_colors_info=&#8221;{}&#8221;][et_pb_image src=&#8221;https:\/\/leselop.usn.no\/wp-content\/uploads\/2025\/09\/laeringsbillett-9.jpg&#8221; _builder_version=&#8221;4.27.4&#8243; _module_preset=&#8221;default&#8221; hover_enabled=&#8221;0&#8243; sticky_enabled=&#8221;0&#8243; title_text=&#8221;l\u00e6ringsbillett 9&#8243;][\/et_pb_image][\/et_pb_column][et_pb_column type=&#8221;1_3&#8243; _builder_version=&#8221;4.21.0&#8243; _module_preset=&#8221;default&#8221; global_colors_info=&#8221;{}&#8221;][et_pb_image src=&#8221;https:\/\/leselop.usn.no\/wp-content\/uploads\/2025\/09\/laeringsbillett-8.jpg&#8221; _builder_version=&#8221;4.27.4&#8243; _module_preset=&#8221;default&#8221; hover_enabled=&#8221;0&#8243; sticky_enabled=&#8221;0&#8243; title_text=&#8221;l\u00e6ringsbillett 8&#8243;][\/et_pb_image][\/et_pb_column][et_pb_column type=&#8221;1_3&#8243; _builder_version=&#8221;4.21.0&#8243; _module_preset=&#8221;default&#8221; global_colors_info=&#8221;{}&#8221;][et_pb_image src=&#8221;https:\/\/leselop.usn.no\/wp-content\/uploads\/2025\/09\/laeringsbillett-7.jpg&#8221; _builder_version=&#8221;4.27.4&#8243; _module_preset=&#8221;default&#8221; hover_enabled=&#8221;0&#8243; sticky_enabled=&#8221;0&#8243; title_text=&#8221;l\u00e6ringsbillett 7&#8243;][\/et_pb_image][\/et_pb_column][\/et_pb_row][et_pb_row custom_padding_last_edited=&#8221;on|phone&#8221; _builder_version=&#8221;4.27.4&#8243; _module_preset=&#8221;default&#8221; background_color=&#8221;#ffffff&#8221; max_width=&#8221;850px&#8221; max_width_tablet=&#8221;850px&#8221; max_width_phone=&#8221;850px&#8221; max_width_last_edited=&#8221;on|desktop&#8221; custom_padding=&#8221;0px|40px|40px|40px|false|false&#8221; custom_padding_tablet=&#8221;0px|30px|0px|40px|false|false&#8221; custom_padding_phone=&#8221;45px|40px|0px|40px|false|false&#8221; hover_enabled=&#8221;0&#8243; border_radii=&#8221;off||||&#8221; border_style_all=&#8221;dotted&#8221; global_colors_info=&#8221;{}&#8221; column_structure=&#8221;1_3,1_3,1_3&#8243; use_custom_gutter=&#8221;on&#8221; gutter_width=&#8221;2&#8243; sticky_enabled=&#8221;0&#8243; custom_margin=&#8221;-10px||||false|false&#8221; custom_css_main_element_last_edited=&#8221;on|phone&#8221; custom_css_main_element_tablet=&#8221;display:flex;||gap:10px;&#8221; custom_css_main_element_phone=&#8221;display:flex;||flex-direction:column;&#8221;][et_pb_column type=&#8221;1_3&#8243; _builder_version=&#8221;4.21.0&#8243; _module_preset=&#8221;default&#8221; global_colors_info=&#8221;{}&#8221;][et_pb_image src=&#8221;https:\/\/leselop.usn.no\/wp-content\/uploads\/2025\/09\/laeringsbillett-6.jpg&#8221; _builder_version=&#8221;4.27.4&#8243; _module_preset=&#8221;default&#8221; hover_enabled=&#8221;0&#8243; sticky_enabled=&#8221;0&#8243; title_text=&#8221;l\u00e6ringsbillett 6&#8243;][\/et_pb_image][\/et_pb_column][et_pb_column type=&#8221;1_3&#8243; _builder_version=&#8221;4.21.0&#8243; _module_preset=&#8221;default&#8221; global_colors_info=&#8221;{}&#8221;][et_pb_image src=&#8221;https:\/\/leselop.usn.no\/wp-content\/uploads\/2025\/09\/laeringsbillett-4.jpg&#8221; _builder_version=&#8221;4.27.4&#8243; _module_preset=&#8221;default&#8221; hover_enabled=&#8221;0&#8243; sticky_enabled=&#8221;0&#8243; title_text=&#8221;l\u00e6ringsbillett 4&#8243;][\/et_pb_image][\/et_pb_column][et_pb_column type=&#8221;1_3&#8243; _builder_version=&#8221;4.21.0&#8243; _module_preset=&#8221;default&#8221; global_colors_info=&#8221;{}&#8221;][et_pb_image src=&#8221;https:\/\/leselop.usn.no\/wp-content\/uploads\/2025\/09\/laeringsbillett-2.jpg&#8221; _builder_version=&#8221;4.27.4&#8243; _module_preset=&#8221;default&#8221; hover_enabled=&#8221;0&#8243; sticky_enabled=&#8221;0&#8243; title_text=&#8221;l\u00e6ringsbillett 2&#8243;][\/et_pb_image][\/et_pb_column][\/et_pb_row][et_pb_row custom_padding_last_edited=&#8221;on|phone&#8221; _builder_version=&#8221;4.27.4&#8243; _module_preset=&#8221;default&#8221; background_color=&#8221;#ffffff&#8221; max_width=&#8221;850px&#8221; max_width_tablet=&#8221;850px&#8221; max_width_phone=&#8221;850px&#8221; max_width_last_edited=&#8221;on|desktop&#8221; custom_padding=&#8221;0px|40px|40px|40px|false|false&#8221; custom_padding_tablet=&#8221;0px|30px|20px|40px|false|false&#8221; custom_padding_phone=&#8221;45px|40px|60px|40px|false|false&#8221; hover_enabled=&#8221;0&#8243; border_radii=&#8221;off|||30px|30px&#8221; border_style_all=&#8221;dotted&#8221; global_colors_info=&#8221;{}&#8221; column_structure=&#8221;1_3,1_3,1_3&#8243; use_custom_gutter=&#8221;on&#8221; gutter_width=&#8221;2&#8243; sticky_enabled=&#8221;0&#8243; custom_margin=&#8221;-10px||||false|false&#8221; custom_css_main_element_last_edited=&#8221;on|phone&#8221; custom_css_main_element_tablet=&#8221;display:flex;||gap:10px;&#8221; custom_css_main_element_phone=&#8221;display:flex;||flex-direction:column;&#8221;][et_pb_column type=&#8221;1_3&#8243; _builder_version=&#8221;4.21.0&#8243; _module_preset=&#8221;default&#8221; global_colors_info=&#8221;{}&#8221;][et_pb_image src=&#8221;https:\/\/leselop.usn.no\/wp-content\/uploads\/2025\/09\/laeringsbillett-3.jpg&#8221; _builder_version=&#8221;4.27.4&#8243; _module_preset=&#8221;default&#8221; hover_enabled=&#8221;0&#8243; sticky_enabled=&#8221;0&#8243; title_text=&#8221;l\u00e6ringsbillett 3&#8243;][\/et_pb_image][\/et_pb_column][et_pb_column type=&#8221;1_3&#8243; _builder_version=&#8221;4.21.0&#8243; _module_preset=&#8221;default&#8221; global_colors_info=&#8221;{}&#8221;][et_pb_image src=&#8221;https:\/\/leselop.usn.no\/wp-content\/uploads\/2025\/09\/laeringsbillett-5.jpg&#8221; _builder_version=&#8221;4.27.4&#8243; _module_preset=&#8221;default&#8221; hover_enabled=&#8221;0&#8243; sticky_enabled=&#8221;0&#8243; title_text=&#8221;l\u00e6ringsbillett 5&#8243;][\/et_pb_image][\/et_pb_column][et_pb_column type=&#8221;1_3&#8243; _builder_version=&#8221;4.21.0&#8243; _module_preset=&#8221;default&#8221; global_colors_info=&#8221;{}&#8221;][et_pb_image src=&#8221;https:\/\/leselop.usn.no\/wp-content\/uploads\/2025\/09\/laerigsbillett1.jpg&#8221; _builder_version=&#8221;4.27.4&#8243; _module_preset=&#8221;default&#8221; hover_enabled=&#8221;0&#8243; sticky_enabled=&#8221;0&#8243; title_text=&#8221;l\u00e6rigsbillett1&#8243;][\/et_pb_image][\/et_pb_column][\/et_pb_row][et_pb_row _builder_version=&#8221;4.21.0&#8243; _module_preset=&#8221;default&#8221; max_width=&#8221;850px&#8221; module_alignment=&#8221;center&#8221; global_colors_info=&#8221;{}&#8221;][et_pb_column type=&#8221;4_4&#8243; _builder_version=&#8221;4.21.0&#8243; _module_preset=&#8221;default&#8221; global_colors_info=&#8221;{}&#8221;][et_pb_code _builder_version=&#8221;4.21.0&#8243; _module_preset=&#8221;default&#8221; text_orientation=&#8221;center&#8221; global_colors_info=&#8221;{}&#8221;]<button id=\"backButton\" style=\"<!-- [et_pb_line_break_holder] -->background: #8dcfb7; <!-- [et_pb_line_break_holder] -->border-radius: 10px; <!-- [et_pb_line_break_holder] -->width: 100px; <!-- [et_pb_line_break_holder] -->height: 40px; <!-- [et_pb_line_break_holder] -->border: none; <!-- [et_pb_line_break_holder] -->font-size: 18px;<!-- [et_pb_line_break_holder] -->color: #000000; <!-- [et_pb_line_break_holder] -->transform: uppercase;&#8221; <!-- [et_pb_line_break_holder] -->onmouseover=&#8221;this.style.backgroundColor=&#8217;#5a5e5e&#8217;; this.style.color=&#8217;#ffffff&#8217;;&#8221;<!-- [et_pb_line_break_holder] -->onmouseout=&#8221;this.style.backgroundColor=&#8217;#8dcfb7&#8242;; this.style.color=&#8217;#000000&#8242;;&#8221; <!-- [et_pb_line_break_holder] -->onclick=&#8221;myFunction()&#8221;>Tilbake<\/button><!-- [et_pb_line_break_holder] --><!-- [et_pb_line_break_holder] --><script><!-- [et_pb_line_break_holder] -->document.addEventListener('DOMContentLoaded', function() {<!-- [et_pb_line_break_holder] -->  var backButton = document.getElementById('backButton'); <!-- [et_pb_line_break_holder] -->  <!-- [et_pb_line_break_holder] -->  if (backButton) {<!-- [et_pb_line_break_holder] -->    backButton.addEventListener('click', function() {<!-- [et_pb_line_break_holder] -->      window.history.back();<!-- [et_pb_line_break_holder] -->    });<!-- [et_pb_line_break_holder] -->  }<!-- [et_pb_line_break_holder] -->});<!-- [et_pb_line_break_holder] --><\/script><!-- [et_pb_line_break_holder] -->[\/et_pb_code][\/et_pb_column][\/et_pb_row][\/et_pb_section]<\/p>\n","protected":false},"excerpt":{"rendered":"<p>Oppgave l\u00e6ringsbilletterOppdrag 3 L\u00e6ringsbillett: Hva sitter dere igjen med etter \u00e5 ha lest Rigel? Skriv en kort tekst. Hva gjorde mest inntrykk? Hvilken fortelling \u00f8nsker jeg \u00e5 fortelle klassen min? Tidsramme: ca. 3\u20135 minutter<\/p>\n","protected":false},"author":10,"featured_media":0,"parent":0,"menu_order":0,"comment_status":"closed","ping_status":"closed","template":"","meta":{"_et_pb_use_builder":"on","_et_pb_old_content":"","_et_gb_content_width":"","footnotes":""},"trinn":[],"fag":[],"class_list":["post-11228","page","type-page","status-publish","hentry"],"_links":{"self":[{"href":"https:\/\/leselop.usn.no\/index.php?rest_route=\/wp\/v2\/pages\/11228","targetHints":{"allow":["GET"]}}],"collection":[{"href":"https:\/\/leselop.usn.no\/index.php?rest_route=\/wp\/v2\/pages"}],"about":[{"href":"https:\/\/leselop.usn.no\/index.php?rest_route=\/wp\/v2\/types\/page"}],"author":[{"embeddable":true,"href":"https:\/\/leselop.usn.no\/index.php?rest_route=\/wp\/v2\/users\/10"}],"replies":[{"embeddable":true,"href":"https:\/\/leselop.usn.no\/index.php?rest_route=%2Fwp%2Fv2%2Fcomments&post=11228"}],"version-history":[{"count":6,"href":"https:\/\/leselop.usn.no\/index.php?rest_route=\/wp\/v2\/pages\/11228\/revisions"}],"predecessor-version":[{"id":11263,"href":"https:\/\/leselop.usn.no\/index.php?rest_route=\/wp\/v2\/pages\/11228\/revisions\/11263"}],"wp:attachment":[{"href":"https:\/\/leselop.usn.no\/index.php?rest_route=%2Fwp%2Fv2%2Fmedia&parent=11228"}],"wp:term":[{"taxonomy":"trinn","embeddable":true,"href":"https:\/\/leselop.usn.no\/index.php?rest_route=%2Fwp%2Fv2%2Ftrinn&post=11228"},{"taxonomy":"fag","embeddable":true,"href":"https:\/\/leselop.usn.no\/index.php?rest_route=%2Fwp%2Fv2%2Ffag&post=11228"}],"curies":[{"name":"wp","href":"https:\/\/api.w.org\/{rel}","templated":true}]}}