{"id":11195,"date":"2025-09-01T12:47:58","date_gmt":"2025-09-01T10:47:58","guid":{"rendered":"https:\/\/leselop.usn.no\/?page_id=11195"},"modified":"2025-09-02T08:29:51","modified_gmt":"2025-09-02T06:29:51","slug":"studentlinje-rigel-aktivitet-1-oppgave","status":"publish","type":"page","link":"https:\/\/leselop.usn.no\/?page_id=11195","title":{"rendered":"Studentlinje &#8211; Rigel &#8211; Aktivitet 2 &#8211; Praksisoppgave"},"content":{"rendered":"<p>[et_pb_section fb_built=&#8221;1&#8243; _builder_version=&#8221;4.21.0&#8243; _module_preset=&#8221;default&#8221; background_color=&#8221;#f4f4f4&#8243; custom_css_main_element=&#8221;min-height: 100vh;&#8221; da_disable_devices=&#8221;off|off|off&#8221; global_colors_info=&#8221;{}&#8221; da_is_popup=&#8221;off&#8221; da_exit_intent=&#8221;off&#8221; da_has_close=&#8221;on&#8221; da_alt_close=&#8221;off&#8221; da_dark_close=&#8221;off&#8221; da_not_modal=&#8221;on&#8221; da_is_singular=&#8221;off&#8221; da_with_loader=&#8221;off&#8221; da_has_shadow=&#8221;on&#8221;][et_pb_row column_structure=&#8221;1_4,3_4&#8243; use_custom_gutter=&#8221;on&#8221; gutter_width=&#8221;1&#8243; make_equal=&#8221;on&#8221; _builder_version=&#8221;4.27.4&#8243; _module_preset=&#8221;default&#8221; max_width=&#8221;850px&#8221; custom_css_main_element=&#8221;width:75% !important;&#8221; global_colors_info=&#8221;{}&#8221; custom_css_main_element_last_edited=&#8221;on|phone&#8221; custom_css_main_element_tablet=&#8221;width:75% !important;&#8221; custom_css_main_element_phone=&#8221;width:75% !important;&#8221;][et_pb_column type=&#8221;1_4&#8243; _builder_version=&#8221;4.21.0&#8243; _module_preset=&#8221;default&#8221; custom_css_main_element=&#8221;width:12% !important;&#8221; global_colors_info=&#8221;{}&#8221; custom_css_main_element_last_edited=&#8221;on|phone&#8221; custom_css_main_element_tablet=&#8221;width:18% !important;&#8221; custom_css_main_element_phone=&#8221;width:30% !important;&#8221;][et_pb_image src=&#8221;https:\/\/leselop.usn.no\/wp-content\/uploads\/2025\/06\/Leselop-skrive-green.png&#8221; title_text=&#8221;Leselop-skrive-green&#8221; src_tablet=&#8221;https:\/\/leselop.usn.no\/wp-content\/uploads\/2025\/06\/Leselop-skrive-green.png&#8221; src_phone=&#8221;https:\/\/leselop.usn.no\/wp-content\/uploads\/2025\/06\/Leselop-skrive-green.png&#8221; src_last_edited=&#8221;on|phone&#8221; _builder_version=&#8221;4.27.4&#8243; _module_preset=&#8221;default&#8221; global_colors_info=&#8221;{}&#8221;][\/et_pb_image][\/et_pb_column][et_pb_column type=&#8221;3_4&#8243; _builder_version=&#8221;4.27.4&#8243; _module_preset=&#8221;default&#8221; custom_css_main_element=&#8221;width:88% !important;||margin: auto;||padding-left: 30px;||&#8221; global_colors_info=&#8221;{}&#8221; custom_css_main_element_last_edited=&#8221;on|phone&#8221; custom_css_main_element_tablet=&#8221;width:82% !important;||padding-left: 25px;||padding-top:35px&#8221; custom_css_main_element_phone=&#8221;width:70% !important;||padding-left: 15px;||padding-top:22px;&#8221;][et_pb_text content_tablet=&#8221;<\/p>\n<h1>Praksisoppgave<\/h1>\n<p>&#8221; content_phone=&#8221;<\/p>\n<h3>Praksisoppgave<\/h3>\n<p>&#8221; content_last_edited=&#8221;on|phone&#8221; _builder_version=&#8221;4.27.4&#8243; _module_preset=&#8221;default&#8221; header_3_line_height=&#8221;1.4em&#8221; text_line_height_tablet=&#8221;&#8221; text_line_height_phone=&#8221;1.7em&#8221; text_line_height_last_edited=&#8221;on|phone&#8221; global_colors_info=&#8221;{}&#8221;]<\/p>\n<h1>Praksisoppgave<\/h1>\n<p>[\/et_pb_text][\/et_pb_column][\/et_pb_row][et_pb_row custom_padding_last_edited=&#8221;on|phone&#8221; _builder_version=&#8221;4.27.4&#8243; _module_preset=&#8221;default&#8221; background_color=&#8221;#ffffff&#8221; max_width=&#8221;850px&#8221; max_width_tablet=&#8221;850px&#8221; max_width_phone=&#8221;850px&#8221; max_width_last_edited=&#8221;on|desktop&#8221; custom_padding=&#8221;90px|80px|90px|80px|false|false&#8221; custom_padding_tablet=&#8221;60px|60px|60px|60px|false|false&#8221; custom_padding_phone=&#8221;60px|40px|60px|40px|false|false&#8221; border_radii=&#8221;on|30px|30px|30px|30px&#8221; border_style_all=&#8221;dotted&#8221; global_colors_info=&#8221;{}&#8221;][et_pb_column type=&#8221;4_4&#8243; _builder_version=&#8221;4.21.0&#8243; _module_preset=&#8221;default&#8221; global_colors_info=&#8221;{}&#8221;][et_pb_text content_tablet=&#8221;<\/p>\n<h4 data-start=%2274%22 data-end=%22379%22>1. Forarbeid i gruppe: En skisse til et lesel\u00f8p til \u00abRigel\u00bb<\/h4>\n<p data-start=%2274%22 data-end=%22379%22>Lag en skisse til et fullstendig lesel\u00f8p (tegnes p\u00e5 A3-ark) med forslag til konkrete aktiviteter basert p\u00e5 boka. Planlegg i detalj anslaget (oppstarten) og minst \u00e9n hendelse til (valgfri). Anslaget skal ha en tidsramme p\u00e5 ca. 5 minutter.<\/p>\n<p data-start=%2274%22 data-end=%22379%22>\n<ul>\n<li data-start=%22381%22 data-end=%22613%22>Skissen skal ha et omfang p\u00e5 1 \u2013 2 sider (avhengig av formatet p\u00e5 teksten deres). Dere f\u00e5r veiledning p\u00e5 skissen i l\u00f8pet av undervisningen.<\/li>\n<li data-start=%22381%22 data-end=%22613%22>Dere kan levere et ferdig forslag til lesel\u00f8pet som praksisgruppe eller individuelt.<\/li>\n<\/ul>\n<p>&#8221; content_phone=&#8221;<\/p>\n<h4 data-start=%2274%22 data-end=%22379%22>1. Forarbeid i gruppe:<\/h4>\n<h4 data-start=%2274%22 data-end=%22379%22>En skisse til et lesel\u00f8p<\/h4>\n<h4 data-start=%2274%22 data-end=%22379%22>til \u00abRigel\u00bb<\/h4>\n<p data-start=%2274%22 data-end=%22379%22>Lag en skisse til et fullstendig lesel\u00f8p (tegnes p\u00e5 A3-ark) med forslag til konkrete aktiviteter basert p\u00e5 boka. Planlegg i detalj anslaget (oppstarten) og minst \u00e9n hendelse til (valgfri). Anslaget skal ha en tidsramme p\u00e5 ca. 5 minutter.<\/p>\n<p data-start=%2274%22 data-end=%22379%22>\n<ul>\n<li data-start=%22381%22 data-end=%22613%22>Skissen skal ha et omfang p\u00e5 1 \u2013 2 sider (avhengig av formatet p\u00e5 teksten deres). Dere f\u00e5r veiledning p\u00e5 skissen i l\u00f8pet av undervisningen.<\/li>\n<li data-start=%22381%22 data-end=%22613%22>Dere kan levere et ferdig forslag til lesel\u00f8pet som praksisgruppe eller individuelt.<\/li>\n<\/ul>\n<ul><\/ul>\n<p>&#8221; content_last_edited=&#8221;on|phone&#8221; _builder_version=&#8221;4.27.4&#8243; _module_preset=&#8221;default&#8221; text_font_size=&#8221;17px&#8221; text_line_height=&#8221;1.8em&#8221; ul_line_height=&#8221;1.8em&#8221; hover_enabled=&#8221;0&#8243; text_font_size_tablet=&#8221;17px&#8221; text_font_size_phone=&#8221;17px&#8221; text_font_size_last_edited=&#8221;on|desktop&#8221; text_line_height_tablet=&#8221;1.8em&#8221; text_line_height_phone=&#8221;1.5em&#8221; text_line_height_last_edited=&#8221;on|desktop&#8221; global_colors_info=&#8221;{}&#8221; sticky_enabled=&#8221;0&#8243;]<\/p>\n<h4 data-start=\"74\" data-end=\"379\">1. Forarbeid i gruppe: En skisse til et lesel\u00f8p til \u00abRigel\u00bb<\/h4>\n<p data-start=\"74\" data-end=\"379\">Lag en skisse til et fullstendig lesel\u00f8p (tegnes p\u00e5 A3-ark) med forslag til konkrete aktiviteter basert p\u00e5 boka. Planlegg i detalj anslaget (oppstarten) og minst \u00e9n hendelse til (valgfri). Anslaget skal ha en tidsramme p\u00e5 ca. 5 minutter.<\/p>\n<p data-start=\"74\" data-end=\"379\">\n<ul>\n<li data-start=\"381\" data-end=\"613\">Skissen skal ha et omfang p\u00e5 1 \u2013 2 sider (avhengig av formatet p\u00e5 teksten deres). Dere f\u00e5r veiledning p\u00e5 skissen i l\u00f8pet av undervisningen.<\/li>\n<li data-start=\"381\" data-end=\"613\">Dere kan levere et ferdig forslag til lesel\u00f8pet som praksisgruppe eller individuelt.<\/li>\n<\/ul>\n<p>[\/et_pb_text][et_pb_text content_tablet=&#8221;<\/p>\n<h4 data-start=%22615%22 data-end=%22768%22>2. I praksis: Skissen satt i spill i reell undervisning<\/h4>\n<p data-start=%22615%22 data-end=%22768%22>I praksis skal dere pr\u00f8ve ut anslaget og\/eller hendelsen dere har laget i undervisningen.<\/p>\n<p>&#8221; content_phone=&#8221;<\/p>\n<h4 data-start=%22615%22 data-end=%22768%22>2. I praksis: Skissen satt i<\/h4>\n<h4 data-start=%22615%22 data-end=%22768%22>spill i reell undervisning<\/h4>\n<p data-start=%22615%22 data-end=%22768%22>I praksis skal dere pr\u00f8ve ut anslaget og\/eller hendelsen dere har laget i undervisningen.<\/p>\n<p data-start=%22615%22 data-end=%22768%22>&#8221; content_last_edited=&#8221;on|tablet&#8221; _builder_version=&#8221;4.27.4&#8243; _module_preset=&#8221;default&#8221; text_font_size=&#8221;17px&#8221; text_line_height=&#8221;1.8em&#8221; custom_margin=&#8221;40px||||false|false&#8221; custom_margin_tablet=&#8221;40px||||false|false&#8221; custom_margin_phone=&#8221;0px||||false|false&#8221; custom_margin_last_edited=&#8221;on|phone&#8221; text_font_size_tablet=&#8221;17px&#8221; text_font_size_phone=&#8221;17px&#8221; text_font_size_last_edited=&#8221;on|desktop&#8221; text_line_height_tablet=&#8221;1.8em&#8221; text_line_height_phone=&#8221;1.5em&#8221; text_line_height_last_edited=&#8221;on|desktop&#8221; global_colors_info=&#8221;{}&#8221;]<\/p>\n<h4 data-start=\"615\" data-end=\"768\">2. I praksis: Skissen satt i spill i reell undervisning<\/h4>\n<p data-start=\"615\" data-end=\"768\">I praksis skal dere pr\u00f8ve ut anslaget og\/eller hendelsen dere har laget i undervisningen.<\/p>\n<p data-start=\"615\" data-end=\"768\">[\/et_pb_text][et_pb_text content_tablet=&#8221;<\/p>\n<h4 data-start=%2274%22 data-end=%22142%22>3. En individuell refleksjonstekst, etter gjennomf\u00f8rt praksis.<\/h4>\n<p data-start=%22144%22 data-end=%22387%22>Teksten inneholder en kort (ett-to avsnitt) forklaring av hvilke aktiviteter som ble gjennomf\u00f8rt og hvordan. Hoveddelen av teksten skal v\u00e6re en evaluering av gjennomf\u00f8ringen, der dere kan velge \u00e5 reflektere rundt (noen av) f\u00f8lgende sp\u00f8rsm\u00e5l:<\/p>\n<ul data-start=%22389%22 data-end=%22854%22>\n<li data-start=%22389%22 data-end=%22465%22>\n<p data-start=%22391%22 data-end=%22465%22>Hvordan opplevde du \u00e5 jobbe med undervisningsplanlegging som et lesel\u00f8p?<\/p>\n<\/li>\n<li data-start=%22466%22 data-end=%22626%22>\n<p data-start=%22468%22 data-end=%22626%22>Hvordan opplevde du \u00e5 gjennomf\u00f8re undervisningen? Var dette en kjent\/ukjent m\u00e5te \u00e5 arbeide p\u00e5 for elevene? Fikk dere evt. noen tilbakemeldinger fra elevene?<\/p>\n<\/li>\n<li data-start=%22627%22 data-end=%22714%22>\n<p data-start=%22629%22 data-end=%22714%22>Er dette en ny m\u00e5te for deg \u00e5 planlegge undervisning p\u00e5? Hva er nytt? Hva er kjent?<\/p>\n<\/li>\n<li data-start=%22715%22 data-end=%22780%22>\n<p data-start=%22717%22 data-end=%22780%22>Hva er merverdien av \u00e5 tenke leseundervisning p\u00e5 denne m\u00e5ten?<\/p>\n<\/li>\n<li data-start=%22781%22 data-end=%22854%22>\n<p data-start=%22783%22 data-end=%22854%22>Hva er utfordringene med \u00e5 jobbe med leseundervisning p\u00e5 denne m\u00e5ten?<\/p>\n<\/li>\n<\/ul>\n<p data-start=%22856%22 data-end=%22927%22>Dere f\u00e5r en skriftlig tilbakemelding p\u00e5 teksten. Omfang: Ca. 2 sider.<\/p>\n<p>&#8221; content_phone=&#8221;<\/p>\n<h4 data-start=%2274%22 data-end=%22142%22>3. En individuell refleksjonstekst, etter gjennomf\u00f8rt praksis.<\/h4>\n<p data-start=%22144%22 data-end=%22387%22>Teksten inneholder en kort (ett-to avsnitt) forklaring av hvilke aktiviteter som ble gjennomf\u00f8rt og hvordan. Hoveddelen av teksten skal v\u00e6re en evaluering av gjennomf\u00f8ringen, der dere kan velge \u00e5 reflektere rundt (noen av) f\u00f8lgende sp\u00f8rsm\u00e5l:<\/p>\n<ul data-start=%22389%22 data-end=%22854%22>\n<li data-start=%22389%22 data-end=%22465%22>\n<p data-start=%22391%22 data-end=%22465%22>Hvordan opplevde du \u00e5 jobbe med undervisningsplanlegging som et lesel\u00f8p?<\/p>\n<\/li>\n<li data-start=%22466%22 data-end=%22626%22>\n<p data-start=%22468%22 data-end=%22626%22>Hvordan opplevde du \u00e5 gjennomf\u00f8re undervisningen? Var dette en kjent\/ukjent m\u00e5te \u00e5 arbeide p\u00e5 for elevene? Fikk dere evt. noen tilbakemeldinger fra elevene?<\/p>\n<\/li>\n<li data-start=%22627%22 data-end=%22714%22>\n<p data-start=%22629%22 data-end=%22714%22>Er dette en ny m\u00e5te for deg \u00e5 planlegge undervisning p\u00e5? Hva er nytt? Hva er kjent?<\/p>\n<\/li>\n<li data-start=%22715%22 data-end=%22780%22>\n<p data-start=%22717%22 data-end=%22780%22>Hva er merverdien av \u00e5 tenke leseundervisning p\u00e5 denne m\u00e5ten?<\/p>\n<\/li>\n<li data-start=%22781%22 data-end=%22854%22>\n<p data-start=%22783%22 data-end=%22854%22>Hva er utfordringene med \u00e5 jobbe med leseundervisning p\u00e5 denne m\u00e5ten?<\/p>\n<\/li>\n<\/ul>\n<p data-start=%22856%22 data-end=%22927%22>Dere f\u00e5r en skriftlig tilbakemelding p\u00e5 teksten. Omfang: Ca. 2 sider.<\/p>\n<p>&#8221; content_last_edited=&#8221;on|desktop&#8221; _builder_version=&#8221;4.27.4&#8243; _module_preset=&#8221;default&#8221; text_font_size=&#8221;17px&#8221; text_line_height=&#8221;1.8em&#8221; ul_line_height=&#8221;1.8em&#8221; header_4_line_height=&#8221;1.7em&#8221; custom_margin=&#8221;40px||||false|false&#8221; custom_margin_tablet=&#8221;40px||||false|false&#8221; custom_margin_phone=&#8221;0px||||false|false&#8221; custom_margin_last_edited=&#8221;on|phone&#8221; text_font_size_tablet=&#8221;17px&#8221; text_font_size_phone=&#8221;17px&#8221; text_font_size_last_edited=&#8221;on|desktop&#8221; text_line_height_tablet=&#8221;1.8em&#8221; text_line_height_phone=&#8221;1.5em&#8221; text_line_height_last_edited=&#8221;on|desktop&#8221; header_4_line_height_tablet=&#8221;1.7em&#8221; header_4_line_height_phone=&#8221;1.6em&#8221; header_4_line_height_last_edited=&#8221;on|tablet&#8221; global_colors_info=&#8221;{}&#8221;]<\/p>\n<h4 data-start=\"74\" data-end=\"142\">3. En individuell refleksjonstekst, etter gjennomf\u00f8rt praksis.<\/h4>\n<p data-start=\"144\" data-end=\"387\">Teksten inneholder en kort (ett-to avsnitt) forklaring av hvilke aktiviteter som ble gjennomf\u00f8rt og hvordan. Hoveddelen av teksten skal v\u00e6re en evaluering av gjennomf\u00f8ringen, der dere kan velge \u00e5 reflektere rundt (noen av) f\u00f8lgende sp\u00f8rsm\u00e5l:<\/p>\n<ul data-start=\"389\" data-end=\"854\">\n<li data-start=\"389\" data-end=\"465\">\n<p data-start=\"391\" data-end=\"465\">Hvordan opplevde du \u00e5 jobbe med undervisningsplanlegging som et lesel\u00f8p?<\/p>\n<\/li>\n<li data-start=\"466\" data-end=\"626\">\n<p data-start=\"468\" data-end=\"626\">Hvordan opplevde du \u00e5 gjennomf\u00f8re undervisningen? Var dette en kjent\/ukjent m\u00e5te \u00e5 arbeide p\u00e5 for elevene? Fikk dere evt. noen tilbakemeldinger fra elevene?<\/p>\n<\/li>\n<li data-start=\"627\" data-end=\"714\">\n<p data-start=\"629\" data-end=\"714\">Er dette en ny m\u00e5te for deg \u00e5 planlegge undervisning p\u00e5? Hva er nytt? Hva er kjent?<\/p>\n<\/li>\n<li data-start=\"715\" data-end=\"780\">\n<p data-start=\"717\" data-end=\"780\">Hva er merverdien av \u00e5 tenke leseundervisning p\u00e5 denne m\u00e5ten?<\/p>\n<\/li>\n<li data-start=\"781\" data-end=\"854\">\n<p data-start=\"783\" data-end=\"854\">Hva er utfordringene med \u00e5 jobbe med leseundervisning p\u00e5 denne m\u00e5ten?<\/p>\n<\/li>\n<\/ul>\n<p data-start=\"856\" data-end=\"927\">Dere f\u00e5r en skriftlig tilbakemelding p\u00e5 teksten. Omfang: Ca. 2 sider.<\/p>\n<p>[\/et_pb_text][\/et_pb_column][\/et_pb_row][et_pb_row _builder_version=&#8221;4.21.0&#8243; _module_preset=&#8221;default&#8221; max_width=&#8221;850px&#8221; module_alignment=&#8221;center&#8221; global_colors_info=&#8221;{}&#8221;][et_pb_column type=&#8221;4_4&#8243; _builder_version=&#8221;4.21.0&#8243; _module_preset=&#8221;default&#8221; global_colors_info=&#8221;{}&#8221;][et_pb_code _builder_version=&#8221;4.21.0&#8243; _module_preset=&#8221;default&#8221; text_orientation=&#8221;center&#8221; global_colors_info=&#8221;{}&#8221;]<button id=\"backButton\" style=\"<!-- [et_pb_line_break_holder] -->background: #8dcfb7; <!-- [et_pb_line_break_holder] -->border-radius: 10px; <!-- [et_pb_line_break_holder] -->width: 100px; <!-- [et_pb_line_break_holder] -->height: 40px; <!-- [et_pb_line_break_holder] -->border: none; <!-- [et_pb_line_break_holder] -->font-size: 18px;<!-- [et_pb_line_break_holder] -->color: #000000; <!-- [et_pb_line_break_holder] -->transform: uppercase;&#8221; <!-- [et_pb_line_break_holder] -->onmouseover=&#8221;this.style.backgroundColor=&#8217;#5a5e5e&#8217;; this.style.color=&#8217;#ffffff&#8217;;&#8221;<!-- [et_pb_line_break_holder] -->onmouseout=&#8221;this.style.backgroundColor=&#8217;#8dcfb7&#8242;; this.style.color=&#8217;#000000&#8242;;&#8221; <!-- [et_pb_line_break_holder] -->onclick=&#8221;myFunction()&#8221;>Tilbake<\/button><!-- [et_pb_line_break_holder] --><!-- [et_pb_line_break_holder] --><script><!-- [et_pb_line_break_holder] -->document.addEventListener('DOMContentLoaded', function() {<!-- [et_pb_line_break_holder] -->  var backButton = document.getElementById('backButton'); <!-- [et_pb_line_break_holder] -->  <!-- [et_pb_line_break_holder] -->  if (backButton) {<!-- [et_pb_line_break_holder] -->    backButton.addEventListener('click', function() {<!-- [et_pb_line_break_holder] -->      window.history.back();<!-- [et_pb_line_break_holder] -->    });<!-- [et_pb_line_break_holder] -->  }<!-- [et_pb_line_break_holder] -->});<!-- [et_pb_line_break_holder] --><\/script><!-- [et_pb_line_break_holder] -->[\/et_pb_code][\/et_pb_column][\/et_pb_row][\/et_pb_section]<\/p>\n","protected":false},"excerpt":{"rendered":"<p>Praksisoppgave1. Forarbeid i gruppe: En skisse til et lesel\u00f8p til \u00abRigel\u00bb Lag en skisse til et fullstendig lesel\u00f8p (tegnes p\u00e5 A3-ark) med forslag til konkrete aktiviteter basert p\u00e5 boka. Planlegg i detalj anslaget (oppstarten) og minst \u00e9n hendelse til (valgfri). Anslaget skal ha en tidsramme p\u00e5 ca. 5 minutter. Skissen skal ha et omfang p\u00e5 [&hellip;]<\/p>\n","protected":false},"author":10,"featured_media":0,"parent":0,"menu_order":0,"comment_status":"closed","ping_status":"closed","template":"","meta":{"_et_pb_use_builder":"on","_et_pb_old_content":"","_et_gb_content_width":"","footnotes":""},"trinn":[],"fag":[],"class_list":["post-11195","page","type-page","status-publish","hentry"],"_links":{"self":[{"href":"https:\/\/leselop.usn.no\/index.php?rest_route=\/wp\/v2\/pages\/11195","targetHints":{"allow":["GET"]}}],"collection":[{"href":"https:\/\/leselop.usn.no\/index.php?rest_route=\/wp\/v2\/pages"}],"about":[{"href":"https:\/\/leselop.usn.no\/index.php?rest_route=\/wp\/v2\/types\/page"}],"author":[{"embeddable":true,"href":"https:\/\/leselop.usn.no\/index.php?rest_route=\/wp\/v2\/users\/10"}],"replies":[{"embeddable":true,"href":"https:\/\/leselop.usn.no\/index.php?rest_route=%2Fwp%2Fv2%2Fcomments&post=11195"}],"version-history":[{"count":5,"href":"https:\/\/leselop.usn.no\/index.php?rest_route=\/wp\/v2\/pages\/11195\/revisions"}],"predecessor-version":[{"id":11364,"href":"https:\/\/leselop.usn.no\/index.php?rest_route=\/wp\/v2\/pages\/11195\/revisions\/11364"}],"wp:attachment":[{"href":"https:\/\/leselop.usn.no\/index.php?rest_route=%2Fwp%2Fv2%2Fmedia&parent=11195"}],"wp:term":[{"taxonomy":"trinn","embeddable":true,"href":"https:\/\/leselop.usn.no\/index.php?rest_route=%2Fwp%2Fv2%2Ftrinn&post=11195"},{"taxonomy":"fag","embeddable":true,"href":"https:\/\/leselop.usn.no\/index.php?rest_route=%2Fwp%2Fv2%2Ffag&post=11195"}],"curies":[{"name":"wp","href":"https:\/\/api.w.org\/{rel}","templated":true}]}}